{"id":1,"date":"2006-10-01T00:48:44","date_gmt":"2006-09-30T22:48:44","guid":{"rendered":"http:\/\/wordpress.callac.online\/index.php\/pourquoi-latex\/"},"modified":"2023-10-14T20:12:05","modified_gmt":"2023-10-14T18:12:05","slug":"pourquoi-latex","status":"publish","type":"page","link":"https:\/\/wordpress.callac.online\/index.php\/edition-mathematique\/latex\/pourquoi-latex\/","title":{"rendered":"Pourquoi LateX ?"},"content":{"rendered":"<p>Et oui, pourquoi ?<\/p>\n<p>Si on regarde bien, \u00e7a n&rsquo;est pas tr\u00e8s attirant :<br \/>\n&#8211; ce n&rsquo;est pas WYSIWYG ;<br \/>\n&#8211; \u00e7a commence avec des lignes horribles ;<br \/>\n&#8211; il faut passer par des moulinettes pour avoir un aper\u00e7u.<\/p>\n<p>Tout \u00e7a est vrai.<\/p>\n<p>Mais heureusement, les avantages sont \u00e9normes :<br \/>\n&#8211; une fois configur\u00e9, plus besoin de penser \u00e0 la pr\u00e9sentation ;<br \/>\n&#8211; avec un bon \u00e9diteur, on tape un texte math\u00e9matique en un rin de temps ;<br \/>\n&#8211; les documents sont petits, facilement r\u00e9utilisables .<\/p>\n<p>Mais, pour \u00eatre converti, il sufit de l&rsquo;essayer.<\/p>\n","protected":false},"excerpt":{"rendered":"<p>Et oui, pourquoi ? Si on regarde bien, \u00e7a n&rsquo;est pas tr\u00e8s attirant : &#8211; ce n&rsquo;est pas WYSIWYG ; &#8211; \u00e7a commence avec des lignes horribles ; &#8211; il&hellip;<\/p>\n","protected":false},"author":1,"featured_media":0,"parent":1002,"menu_order":0,"comment_status":"closed","ping_status":"closed","template":"","meta":{"footnotes":""},"class_list":["post-1","page","type-page","status-publish","hentry"],"yoast_head":"<!-- This site is optimized with the Yoast SEO plugin v27.1.1 - https:\/\/yoast.com\/product\/yoast-seo-wordpress\/ -->\n<title>Pourquoi LateX ? - Maths &amp; Num\u00e9rique<\/title>\n<meta name=\"robots\" content=\"index, follow, max-snippet:-1, max-image-preview:large, max-video-preview:-1\" \/>\n<link rel=\"canonical\" href=\"https:\/\/wordpress.callac.online\/index.php\/edition-mathematique\/latex\/pourquoi-latex\/\" \/>\n<meta property=\"og:locale\" content=\"fr_FR\" \/>\n<meta property=\"og:type\" content=\"article\" \/>\n<meta property=\"og:title\" content=\"Pourquoi LateX ? - Maths &amp; Num\u00e9rique\" \/>\n<meta property=\"og:description\" content=\"Et oui, pourquoi ? Si on regarde bien, \u00e7a n&rsquo;est pas tr\u00e8s attirant : &#8211; ce n&rsquo;est pas WYSIWYG ; &#8211; \u00e7a commence avec des lignes horribles ; &#8211; il&hellip;\" \/>\n<meta property=\"og:url\" content=\"https:\/\/wordpress.callac.online\/index.php\/edition-mathematique\/latex\/pourquoi-latex\/\" \/>\n<meta property=\"og:site_name\" content=\"Maths &amp; Num\u00e9rique\" \/>\n<meta property=\"article:modified_time\" content=\"2023-10-14T18:12:05+00:00\" \/>\n<meta name=\"twitter:card\" content=\"summary_large_image\" \/>\n<script type=\"application\/ld+json\" class=\"yoast-schema-graph\">{\"@context\":\"https:\/\/schema.org\",\"@graph\":[{\"@type\":\"WebPage\",\"@id\":\"https:\/\/wordpress.callac.online\/index.php\/edition-mathematique\/latex\/pourquoi-latex\/\",\"url\":\"https:\/\/wordpress.callac.online\/index.php\/edition-mathematique\/latex\/pourquoi-latex\/\",\"name\":\"Pourquoi LateX ? - Maths &amp; Num\u00e9rique\",\"isPartOf\":{\"@id\":\"https:\/\/wordpress.callac.online\/#website\"},\"datePublished\":\"2006-09-30T22:48:44+00:00\",\"dateModified\":\"2023-10-14T18:12:05+00:00\",\"breadcrumb\":{\"@id\":\"https:\/\/wordpress.callac.online\/index.php\/edition-mathematique\/latex\/pourquoi-latex\/#breadcrumb\"},\"inLanguage\":\"fr-FR\",\"potentialAction\":[{\"@type\":\"ReadAction\",\"target\":[\"https:\/\/wordpress.callac.online\/index.php\/edition-mathematique\/latex\/pourquoi-latex\/\"]}]},{\"@type\":\"BreadcrumbList\",\"@id\":\"https:\/\/wordpress.callac.online\/index.php\/edition-mathematique\/latex\/pourquoi-latex\/#breadcrumb\",\"itemListElement\":[{\"@type\":\"ListItem\",\"position\":1,\"name\":\"Accueil\",\"item\":\"https:\/\/wordpress.callac.online\/\"},{\"@type\":\"ListItem\",\"position\":2,\"name\":\"\u00c9dition math\u00e9matique\",\"item\":\"https:\/\/wordpress.callac.online\/index.php\/edition-mathematique\/\"},{\"@type\":\"ListItem\",\"position\":3,\"name\":\"LaTeX\",\"item\":\"https:\/\/wordpress.callac.online\/index.php\/edition-mathematique\/latex\/\"},{\"@type\":\"ListItem\",\"position\":4,\"name\":\"Pourquoi LateX ?\"}]},{\"@type\":\"WebSite\",\"@id\":\"https:\/\/wordpress.callac.online\/#website\",\"url\":\"https:\/\/wordpress.callac.online\/\",\"name\":\"Maths & Num\u00e9rique\",\"description\":\"Des outils pour les enseignants de math\u00e9matiques et de num\u00e9rique\",\"publisher\":{\"@id\":\"https:\/\/wordpress.callac.online\/#\/schema\/person\/04061f1ca2c2c42039142a704be95940\"},\"potentialAction\":[{\"@type\":\"SearchAction\",\"target\":{\"@type\":\"EntryPoint\",\"urlTemplate\":\"https:\/\/wordpress.callac.online\/?s={search_term_string}\"},\"query-input\":{\"@type\":\"PropertyValueSpecification\",\"valueRequired\":true,\"valueName\":\"search_term_string\"}}],\"inLanguage\":\"fr-FR\"},{\"@type\":[\"Person\",\"Organization\"],\"@id\":\"https:\/\/wordpress.callac.online\/#\/schema\/person\/04061f1ca2c2c42039142a704be95940\",\"name\":\"dlefur\",\"image\":{\"@type\":\"ImageObject\",\"inLanguage\":\"fr-FR\",\"@id\":\"https:\/\/wordpress.callac.online\/#\/schema\/person\/image\/\",\"url\":\"https:\/\/secure.gravatar.com\/avatar\/4a9e17be136808c6597f28aa2b6c13126dab066fdc2198ff60090972c9b7fafc?s=96&d=mm&r=g\",\"contentUrl\":\"https:\/\/secure.gravatar.com\/avatar\/4a9e17be136808c6597f28aa2b6c13126dab066fdc2198ff60090972c9b7fafc?s=96&d=mm&r=g\",\"caption\":\"dlefur\"},\"logo\":{\"@id\":\"https:\/\/wordpress.callac.online\/#\/schema\/person\/image\/\"},\"description\":\"Enseignant de math\u00e9matiques Lyc\u00e9e Pasteur S\u00e3o Paulo\",\"sameAs\":[\"http:\/\/wordpress.callac.online\"]}]}<\/script>\n<!-- \/ Yoast SEO plugin. -->","yoast_head_json":{"title":"Pourquoi LateX ? - Maths &amp; Num\u00e9rique","robots":{"index":"index","follow":"follow","max-snippet":"max-snippet:-1","max-image-preview":"max-image-preview:large","max-video-preview":"max-video-preview:-1"},"canonical":"https:\/\/wordpress.callac.online\/index.php\/edition-mathematique\/latex\/pourquoi-latex\/","og_locale":"fr_FR","og_type":"article","og_title":"Pourquoi LateX ? - Maths &amp; Num\u00e9rique","og_description":"Et oui, pourquoi ? Si on regarde bien, \u00e7a n&rsquo;est pas tr\u00e8s attirant : &#8211; ce n&rsquo;est pas WYSIWYG ; &#8211; \u00e7a commence avec des lignes horribles ; &#8211; il&hellip;","og_url":"https:\/\/wordpress.callac.online\/index.php\/edition-mathematique\/latex\/pourquoi-latex\/","og_site_name":"Maths &amp; Num\u00e9rique","article_modified_time":"2023-10-14T18:12:05+00:00","twitter_card":"summary_large_image","schema":{"@context":"https:\/\/schema.org","@graph":[{"@type":"WebPage","@id":"https:\/\/wordpress.callac.online\/index.php\/edition-mathematique\/latex\/pourquoi-latex\/","url":"https:\/\/wordpress.callac.online\/index.php\/edition-mathematique\/latex\/pourquoi-latex\/","name":"Pourquoi LateX ? - Maths &amp; Num\u00e9rique","isPartOf":{"@id":"https:\/\/wordpress.callac.online\/#website"},"datePublished":"2006-09-30T22:48:44+00:00","dateModified":"2023-10-14T18:12:05+00:00","breadcrumb":{"@id":"https:\/\/wordpress.callac.online\/index.php\/edition-mathematique\/latex\/pourquoi-latex\/#breadcrumb"},"inLanguage":"fr-FR","potentialAction":[{"@type":"ReadAction","target":["https:\/\/wordpress.callac.online\/index.php\/edition-mathematique\/latex\/pourquoi-latex\/"]}]},{"@type":"BreadcrumbList","@id":"https:\/\/wordpress.callac.online\/index.php\/edition-mathematique\/latex\/pourquoi-latex\/#breadcrumb","itemListElement":[{"@type":"ListItem","position":1,"name":"Accueil","item":"https:\/\/wordpress.callac.online\/"},{"@type":"ListItem","position":2,"name":"\u00c9dition math\u00e9matique","item":"https:\/\/wordpress.callac.online\/index.php\/edition-mathematique\/"},{"@type":"ListItem","position":3,"name":"LaTeX","item":"https:\/\/wordpress.callac.online\/index.php\/edition-mathematique\/latex\/"},{"@type":"ListItem","position":4,"name":"Pourquoi LateX ?"}]},{"@type":"WebSite","@id":"https:\/\/wordpress.callac.online\/#website","url":"https:\/\/wordpress.callac.online\/","name":"Maths & Num\u00e9rique","description":"Des outils pour les enseignants de math\u00e9matiques et de num\u00e9rique","publisher":{"@id":"https:\/\/wordpress.callac.online\/#\/schema\/person\/04061f1ca2c2c42039142a704be95940"},"potentialAction":[{"@type":"SearchAction","target":{"@type":"EntryPoint","urlTemplate":"https:\/\/wordpress.callac.online\/?s={search_term_string}"},"query-input":{"@type":"PropertyValueSpecification","valueRequired":true,"valueName":"search_term_string"}}],"inLanguage":"fr-FR"},{"@type":["Person","Organization"],"@id":"https:\/\/wordpress.callac.online\/#\/schema\/person\/04061f1ca2c2c42039142a704be95940","name":"dlefur","image":{"@type":"ImageObject","inLanguage":"fr-FR","@id":"https:\/\/wordpress.callac.online\/#\/schema\/person\/image\/","url":"https:\/\/secure.gravatar.com\/avatar\/4a9e17be136808c6597f28aa2b6c13126dab066fdc2198ff60090972c9b7fafc?s=96&d=mm&r=g","contentUrl":"https:\/\/secure.gravatar.com\/avatar\/4a9e17be136808c6597f28aa2b6c13126dab066fdc2198ff60090972c9b7fafc?s=96&d=mm&r=g","caption":"dlefur"},"logo":{"@id":"https:\/\/wordpress.callac.online\/#\/schema\/person\/image\/"},"description":"Enseignant de math\u00e9matiques Lyc\u00e9e Pasteur S\u00e3o Paulo","sameAs":["http:\/\/wordpress.callac.online"]}]}},"_links":{"self":[{"href":"https:\/\/wordpress.callac.online\/index.php\/wp-json\/wp\/v2\/pages\/1","targetHints":{"allow":["GET"]}}],"collection":[{"href":"https:\/\/wordpress.callac.online\/index.php\/wp-json\/wp\/v2\/pages"}],"about":[{"href":"https:\/\/wordpress.callac.online\/index.php\/wp-json\/wp\/v2\/types\/page"}],"author":[{"embeddable":true,"href":"https:\/\/wordpress.callac.online\/index.php\/wp-json\/wp\/v2\/users\/1"}],"replies":[{"embeddable":true,"href":"https:\/\/wordpress.callac.online\/index.php\/wp-json\/wp\/v2\/comments?post=1"}],"version-history":[{"count":1,"href":"https:\/\/wordpress.callac.online\/index.php\/wp-json\/wp\/v2\/pages\/1\/revisions"}],"predecessor-version":[{"id":1021,"href":"https:\/\/wordpress.callac.online\/index.php\/wp-json\/wp\/v2\/pages\/1\/revisions\/1021"}],"up":[{"embeddable":true,"href":"https:\/\/wordpress.callac.online\/index.php\/wp-json\/wp\/v2\/pages\/1002"}],"wp:attachment":[{"href":"https:\/\/wordpress.callac.online\/index.php\/wp-json\/wp\/v2\/media?parent=1"}],"curies":[{"name":"wp","href":"https:\/\/api.w.org\/{rel}","templated":true}]}}