{"id":1004,"date":"2020-07-22T14:18:00","date_gmt":"2020-07-22T12:18:40","guid":{"rendered":"http:\/\/wordpress.callac.online\/?page_id=1004"},"modified":"2023-10-14T20:13:05","modified_gmt":"2023-10-14T18:13:05","slug":"moodle","status":"publish","type":"page","link":"https:\/\/wordpress.callac.online\/index.php\/edition-mathematique\/moodle\/","title":{"rendered":"Moodle"},"content":{"rendered":"\n<div class=\"wp-block-image\"><figure class=\"alignright size-large is-resized\"><img loading=\"lazy\" decoding=\"async\" src=\"http:\/\/wordpress.callac.online\/wp-content\/uploads\/2020\/07\/rubon0.png\" alt=\"\" class=\"wp-image-1703\" width=\"55\" height=\"55\" srcset=\"https:\/\/wordpress.callac.online\/wp-content\/uploads\/2020\/07\/rubon0.png 300w, https:\/\/wordpress.callac.online\/wp-content\/uploads\/2020\/07\/rubon0-150x150.png 150w\" sizes=\"auto, (max-width: 55px) 100vw, 55px\" \/><\/figure><\/div>\n\n\n\n<p>Des explications g\u00e9n\u00e9rales sur Moodle, mais surtout des bases de quiz facilement importables.<\/p>\n\n\n\n<div id=\"ccchildpages-1\" class=\"ccchildpages ccflex  simple ccclearfix\"><ul class=\"ccchildpages_list ccclearfix\"><li class=\"page_item page-item-348\"><a href=\"https:\/\/wordpress.callac.online\/index.php\/edition-mathematique\/moodle\/pourquoi-utiliser-moodle-au-lycee\/\">Pourquoi utiliser Moodle au lyc\u00e9e<\/a><\/li>\n<li class=\"page_item page-item-349\"><a href=\"https:\/\/wordpress.callac.online\/index.php\/edition-mathematique\/moodle\/comment-disposer-de-moodle\/\">Comment disposer de Moodle ?<\/a><\/li>\n<li class=\"page_item page-item-2890\"><a href=\"https:\/\/wordpress.callac.online\/index.php\/edition-mathematique\/moodle\/le-plugin-coderunner-pour-moodle\/\">Le plugin CodeRunner pour Moodle<\/a><\/li><\/ul><\/div>\n\n\n\n<ul>\n<li><a href=\"https:\/\/wordpress.callac.online\/index.php\/mes-partages\/pour-le-college\/des-jeux-de-quiz-de-maths-pour-moodle-college\/\">Des quiz Moodle pour le coll\u00e8ge<\/a><\/li>\n<li><a href=\"https:\/\/wordpress.callac.online\/index.php\/mes-partages\/pour-le-lycee\/des-jeux-de-quiz-de-maths-pour-moodle-lycee\/\">Des quiz Moodle pour le lyc\u00e9e<\/a><\/li>\n<li><a href=\"https:\/\/wordpress.callac.online\/index.php\/logiciels-mathematiques\/le-logiciel-r\/r-et-moodle-sarp-moodle\/\" target=\"_blank\" rel=\"noopener\">Cr\u00e9er des s\u00e9ries de Quiz avec SARP.Moodle<\/a><\/li>\n<\/ul>\n","protected":false},"excerpt":{"rendered":"<p>Des explications g\u00e9n\u00e9rales sur Moodle, mais surtout des bases de quiz facilement importables. Des quiz Moodle pour le coll\u00e8ge Des quiz Moodle pour le lyc\u00e9e Cr\u00e9er des s\u00e9ries de Quiz&hellip;<\/p>\n","protected":false},"author":1,"featured_media":0,"parent":972,"menu_order":0,"comment_status":"closed","ping_status":"closed","template":"","meta":{"footnotes":""},"class_list":["post-1004","page","type-page","status-publish","hentry"],"yoast_head":"<!-- This site is optimized with the Yoast SEO plugin v27.1.1 - https:\/\/yoast.com\/product\/yoast-seo-wordpress\/ -->\n<title>Moodle - Maths &amp; Num\u00e9rique<\/title>\n<meta name=\"robots\" content=\"index, follow, max-snippet:-1, max-image-preview:large, max-video-preview:-1\" \/>\n<link rel=\"canonical\" href=\"https:\/\/wordpress.callac.online\/index.php\/edition-mathematique\/moodle\/\" \/>\n<meta property=\"og:locale\" content=\"fr_FR\" \/>\n<meta property=\"og:type\" content=\"article\" \/>\n<meta property=\"og:title\" content=\"Moodle - Maths &amp; Num\u00e9rique\" \/>\n<meta property=\"og:description\" content=\"Des explications g\u00e9n\u00e9rales sur Moodle, mais surtout des bases de quiz facilement importables. Des quiz Moodle pour le coll\u00e8ge Des quiz Moodle pour le lyc\u00e9e Cr\u00e9er des s\u00e9ries de Quiz&hellip;\" \/>\n<meta property=\"og:url\" content=\"https:\/\/wordpress.callac.online\/index.php\/edition-mathematique\/moodle\/\" \/>\n<meta property=\"og:site_name\" content=\"Maths &amp; Num\u00e9rique\" \/>\n<meta property=\"article:modified_time\" content=\"2023-10-14T18:13:05+00:00\" \/>\n<meta property=\"og:image\" content=\"http:\/\/wordpress.callac.online\/wp-content\/uploads\/2020\/07\/rubon0.png\" \/>\n<meta name=\"twitter:card\" content=\"summary_large_image\" \/>\n<meta name=\"twitter:label1\" content=\"Dur\u00e9e de lecture estim\u00e9e\" \/>\n\t<meta name=\"twitter:data1\" content=\"1 minute\" \/>\n<script type=\"application\/ld+json\" class=\"yoast-schema-graph\">{\"@context\":\"https:\/\/schema.org\",\"@graph\":[{\"@type\":\"WebPage\",\"@id\":\"https:\/\/wordpress.callac.online\/index.php\/edition-mathematique\/moodle\/\",\"url\":\"https:\/\/wordpress.callac.online\/index.php\/edition-mathematique\/moodle\/\",\"name\":\"Moodle - Maths &amp; Num\u00e9rique\",\"isPartOf\":{\"@id\":\"https:\/\/wordpress.callac.online\/#website\"},\"primaryImageOfPage\":{\"@id\":\"https:\/\/wordpress.callac.online\/index.php\/edition-mathematique\/moodle\/#primaryimage\"},\"image\":{\"@id\":\"https:\/\/wordpress.callac.online\/index.php\/edition-mathematique\/moodle\/#primaryimage\"},\"thumbnailUrl\":\"http:\/\/wordpress.callac.online\/wp-content\/uploads\/2020\/07\/rubon0.png\",\"datePublished\":\"2020-07-22T12:18:40+00:00\",\"dateModified\":\"2023-10-14T18:13:05+00:00\",\"breadcrumb\":{\"@id\":\"https:\/\/wordpress.callac.online\/index.php\/edition-mathematique\/moodle\/#breadcrumb\"},\"inLanguage\":\"fr-FR\",\"potentialAction\":[{\"@type\":\"ReadAction\",\"target\":[\"https:\/\/wordpress.callac.online\/index.php\/edition-mathematique\/moodle\/\"]}]},{\"@type\":\"ImageObject\",\"inLanguage\":\"fr-FR\",\"@id\":\"https:\/\/wordpress.callac.online\/index.php\/edition-mathematique\/moodle\/#primaryimage\",\"url\":\"http:\/\/wordpress.callac.online\/wp-content\/uploads\/2020\/07\/rubon0.png\",\"contentUrl\":\"http:\/\/wordpress.callac.online\/wp-content\/uploads\/2020\/07\/rubon0.png\"},{\"@type\":\"BreadcrumbList\",\"@id\":\"https:\/\/wordpress.callac.online\/index.php\/edition-mathematique\/moodle\/#breadcrumb\",\"itemListElement\":[{\"@type\":\"ListItem\",\"position\":1,\"name\":\"Accueil\",\"item\":\"https:\/\/wordpress.callac.online\/\"},{\"@type\":\"ListItem\",\"position\":2,\"name\":\"\u00c9dition math\u00e9matique\",\"item\":\"https:\/\/wordpress.callac.online\/index.php\/edition-mathematique\/\"},{\"@type\":\"ListItem\",\"position\":3,\"name\":\"Moodle\"}]},{\"@type\":\"WebSite\",\"@id\":\"https:\/\/wordpress.callac.online\/#website\",\"url\":\"https:\/\/wordpress.callac.online\/\",\"name\":\"Maths & Num\u00e9rique\",\"description\":\"Des outils pour les enseignants de math\u00e9matiques et de num\u00e9rique\",\"publisher\":{\"@id\":\"https:\/\/wordpress.callac.online\/#\/schema\/person\/04061f1ca2c2c42039142a704be95940\"},\"potentialAction\":[{\"@type\":\"SearchAction\",\"target\":{\"@type\":\"EntryPoint\",\"urlTemplate\":\"https:\/\/wordpress.callac.online\/?s={search_term_string}\"},\"query-input\":{\"@type\":\"PropertyValueSpecification\",\"valueRequired\":true,\"valueName\":\"search_term_string\"}}],\"inLanguage\":\"fr-FR\"},{\"@type\":[\"Person\",\"Organization\"],\"@id\":\"https:\/\/wordpress.callac.online\/#\/schema\/person\/04061f1ca2c2c42039142a704be95940\",\"name\":\"dlefur\",\"image\":{\"@type\":\"ImageObject\",\"inLanguage\":\"fr-FR\",\"@id\":\"https:\/\/wordpress.callac.online\/#\/schema\/person\/image\/\",\"url\":\"https:\/\/secure.gravatar.com\/avatar\/4a9e17be136808c6597f28aa2b6c13126dab066fdc2198ff60090972c9b7fafc?s=96&d=mm&r=g\",\"contentUrl\":\"https:\/\/secure.gravatar.com\/avatar\/4a9e17be136808c6597f28aa2b6c13126dab066fdc2198ff60090972c9b7fafc?s=96&d=mm&r=g\",\"caption\":\"dlefur\"},\"logo\":{\"@id\":\"https:\/\/wordpress.callac.online\/#\/schema\/person\/image\/\"},\"description\":\"Enseignant de math\u00e9matiques Lyc\u00e9e Pasteur S\u00e3o Paulo\",\"sameAs\":[\"http:\/\/wordpress.callac.online\"]}]}<\/script>\n<!-- \/ Yoast SEO plugin. -->","yoast_head_json":{"title":"Moodle - Maths &amp; Num\u00e9rique","robots":{"index":"index","follow":"follow","max-snippet":"max-snippet:-1","max-image-preview":"max-image-preview:large","max-video-preview":"max-video-preview:-1"},"canonical":"https:\/\/wordpress.callac.online\/index.php\/edition-mathematique\/moodle\/","og_locale":"fr_FR","og_type":"article","og_title":"Moodle - Maths &amp; Num\u00e9rique","og_description":"Des explications g\u00e9n\u00e9rales sur Moodle, mais surtout des bases de quiz facilement importables. Des quiz Moodle pour le coll\u00e8ge Des quiz Moodle pour le lyc\u00e9e Cr\u00e9er des s\u00e9ries de Quiz&hellip;","og_url":"https:\/\/wordpress.callac.online\/index.php\/edition-mathematique\/moodle\/","og_site_name":"Maths &amp; Num\u00e9rique","article_modified_time":"2023-10-14T18:13:05+00:00","og_image":[{"url":"http:\/\/wordpress.callac.online\/wp-content\/uploads\/2020\/07\/rubon0.png","type":"","width":"","height":""}],"twitter_card":"summary_large_image","twitter_misc":{"Dur\u00e9e de lecture estim\u00e9e":"1 minute"},"schema":{"@context":"https:\/\/schema.org","@graph":[{"@type":"WebPage","@id":"https:\/\/wordpress.callac.online\/index.php\/edition-mathematique\/moodle\/","url":"https:\/\/wordpress.callac.online\/index.php\/edition-mathematique\/moodle\/","name":"Moodle - Maths &amp; Num\u00e9rique","isPartOf":{"@id":"https:\/\/wordpress.callac.online\/#website"},"primaryImageOfPage":{"@id":"https:\/\/wordpress.callac.online\/index.php\/edition-mathematique\/moodle\/#primaryimage"},"image":{"@id":"https:\/\/wordpress.callac.online\/index.php\/edition-mathematique\/moodle\/#primaryimage"},"thumbnailUrl":"http:\/\/wordpress.callac.online\/wp-content\/uploads\/2020\/07\/rubon0.png","datePublished":"2020-07-22T12:18:40+00:00","dateModified":"2023-10-14T18:13:05+00:00","breadcrumb":{"@id":"https:\/\/wordpress.callac.online\/index.php\/edition-mathematique\/moodle\/#breadcrumb"},"inLanguage":"fr-FR","potentialAction":[{"@type":"ReadAction","target":["https:\/\/wordpress.callac.online\/index.php\/edition-mathematique\/moodle\/"]}]},{"@type":"ImageObject","inLanguage":"fr-FR","@id":"https:\/\/wordpress.callac.online\/index.php\/edition-mathematique\/moodle\/#primaryimage","url":"http:\/\/wordpress.callac.online\/wp-content\/uploads\/2020\/07\/rubon0.png","contentUrl":"http:\/\/wordpress.callac.online\/wp-content\/uploads\/2020\/07\/rubon0.png"},{"@type":"BreadcrumbList","@id":"https:\/\/wordpress.callac.online\/index.php\/edition-mathematique\/moodle\/#breadcrumb","itemListElement":[{"@type":"ListItem","position":1,"name":"Accueil","item":"https:\/\/wordpress.callac.online\/"},{"@type":"ListItem","position":2,"name":"\u00c9dition math\u00e9matique","item":"https:\/\/wordpress.callac.online\/index.php\/edition-mathematique\/"},{"@type":"ListItem","position":3,"name":"Moodle"}]},{"@type":"WebSite","@id":"https:\/\/wordpress.callac.online\/#website","url":"https:\/\/wordpress.callac.online\/","name":"Maths & Num\u00e9rique","description":"Des outils pour les enseignants de math\u00e9matiques et de num\u00e9rique","publisher":{"@id":"https:\/\/wordpress.callac.online\/#\/schema\/person\/04061f1ca2c2c42039142a704be95940"},"potentialAction":[{"@type":"SearchAction","target":{"@type":"EntryPoint","urlTemplate":"https:\/\/wordpress.callac.online\/?s={search_term_string}"},"query-input":{"@type":"PropertyValueSpecification","valueRequired":true,"valueName":"search_term_string"}}],"inLanguage":"fr-FR"},{"@type":["Person","Organization"],"@id":"https:\/\/wordpress.callac.online\/#\/schema\/person\/04061f1ca2c2c42039142a704be95940","name":"dlefur","image":{"@type":"ImageObject","inLanguage":"fr-FR","@id":"https:\/\/wordpress.callac.online\/#\/schema\/person\/image\/","url":"https:\/\/secure.gravatar.com\/avatar\/4a9e17be136808c6597f28aa2b6c13126dab066fdc2198ff60090972c9b7fafc?s=96&d=mm&r=g","contentUrl":"https:\/\/secure.gravatar.com\/avatar\/4a9e17be136808c6597f28aa2b6c13126dab066fdc2198ff60090972c9b7fafc?s=96&d=mm&r=g","caption":"dlefur"},"logo":{"@id":"https:\/\/wordpress.callac.online\/#\/schema\/person\/image\/"},"description":"Enseignant de math\u00e9matiques Lyc\u00e9e Pasteur S\u00e3o Paulo","sameAs":["http:\/\/wordpress.callac.online"]}]}},"_links":{"self":[{"href":"https:\/\/wordpress.callac.online\/index.php\/wp-json\/wp\/v2\/pages\/1004","targetHints":{"allow":["GET"]}}],"collection":[{"href":"https:\/\/wordpress.callac.online\/index.php\/wp-json\/wp\/v2\/pages"}],"about":[{"href":"https:\/\/wordpress.callac.online\/index.php\/wp-json\/wp\/v2\/types\/page"}],"author":[{"embeddable":true,"href":"https:\/\/wordpress.callac.online\/index.php\/wp-json\/wp\/v2\/users\/1"}],"replies":[{"embeddable":true,"href":"https:\/\/wordpress.callac.online\/index.php\/wp-json\/wp\/v2\/comments?post=1004"}],"version-history":[{"count":7,"href":"https:\/\/wordpress.callac.online\/index.php\/wp-json\/wp\/v2\/pages\/1004\/revisions"}],"predecessor-version":[{"id":3027,"href":"https:\/\/wordpress.callac.online\/index.php\/wp-json\/wp\/v2\/pages\/1004\/revisions\/3027"}],"up":[{"embeddable":true,"href":"https:\/\/wordpress.callac.online\/index.php\/wp-json\/wp\/v2\/pages\/972"}],"wp:attachment":[{"href":"https:\/\/wordpress.callac.online\/index.php\/wp-json\/wp\/v2\/media?parent=1004"}],"curies":[{"name":"wp","href":"https:\/\/api.w.org\/{rel}","templated":true}]}}