{"id":1038,"date":"2020-07-22T14:32:07","date_gmt":"2020-07-22T12:32:07","guid":{"rendered":"http:\/\/wordpress.callac.online\/?page_id=1038"},"modified":"2023-10-14T20:14:14","modified_gmt":"2023-10-14T18:14:14","slug":"le-logiciel-r","status":"publish","type":"page","link":"https:\/\/wordpress.callac.online\/index.php\/logiciels-mathematiques\/le-logiciel-r\/","title":{"rendered":"Le logiciel R"},"content":{"rendered":"\n<div class=\"wp-block-image\"><figure class=\"alignright size-large is-resized\"><img loading=\"lazy\" decoding=\"async\" src=\"http:\/\/wordpress.callac.online\/wp-content\/uploads\/2020\/07\/rubon86.gif\" alt=\"\" class=\"wp-image-1680\" width=\"59\" height=\"59\"\/><\/figure><\/div>\n\n\n\n<p>Comment d\u00e9buter avec le logiciel R pour exploiter des s\u00e9ries statistiques import\u00e9es depuis un fichier csv.<\/p>\n\n\n\n<div id=\"ccchildpages-1\" class=\"ccchildpages ccflex  simple ccclearfix\"><ul class=\"ccchildpages_list ccclearfix\"><li class=\"page_item page-item-2966\"><a href=\"https:\/\/wordpress.callac.online\/index.php\/logiciels-mathematiques\/le-logiciel-r\/r-et-moodle-sarp-moodle\/\">R et Moodle : SARP.Moodle<\/a><\/li>\n<li class=\"page_item page-item-2074 page_item_has_children\"><a href=\"https:\/\/wordpress.callac.online\/index.php\/logiciels-mathematiques\/le-logiciel-r\/generalites-sur-r\/\">G\u00e9n\u00e9ralit\u00e9s sur R<\/a>\n<ul class='children'>\n\t<li class=\"page_item page-item-284\"><a href=\"https:\/\/wordpress.callac.online\/index.php\/logiciels-mathematiques\/le-logiciel-r\/generalites-sur-r\/debuter-avec-rstudio\/\">D\u00e9buter avec RStudio<\/a><\/li>\n\t<li class=\"page_item page-item-285\"><a href=\"https:\/\/wordpress.callac.online\/index.php\/logiciels-mathematiques\/le-logiciel-r\/generalites-sur-r\/selection-de-donnees-avec-r\/\">S\u00e9lection de donn\u00e9es avec R<\/a><\/li>\n\t<li class=\"page_item page-item-286\"><a href=\"https:\/\/wordpress.callac.online\/index.php\/logiciels-mathematiques\/le-logiciel-r\/generalites-sur-r\/modification-de-donnees-avec-r\/\">Modification de donn\u00e9es avec R<\/a><\/li>\n\t<li class=\"page_item page-item-287\"><a href=\"https:\/\/wordpress.callac.online\/index.php\/logiciels-mathematiques\/le-logiciel-r\/generalites-sur-r\/etude-dune-variable-quantitative-avec-r\/\">Etude d&rsquo;une variable quantitative avec R<\/a><\/li>\n<\/ul>\n<\/li>\n<li class=\"page_item page-item-2078 page_item_has_children\"><a href=\"https:\/\/wordpress.callac.online\/index.php\/logiciels-mathematiques\/le-logiciel-r\/les-graphiques-avec-r\/\">Les graphiques avec R<\/a>\n<ul class='children'>\n\t<li class=\"page_item page-item-288\"><a href=\"https:\/\/wordpress.callac.online\/index.php\/logiciels-mathematiques\/le-logiciel-r\/les-graphiques-avec-r\/les-diagrammes-en-batons-avec-r\/\">Les diagrammes en b\u00e2tons avec R<\/a><\/li>\n\t<li class=\"page_item page-item-291\"><a href=\"https:\/\/wordpress.callac.online\/index.php\/logiciels-mathematiques\/le-logiciel-r\/les-graphiques-avec-r\/les-diagrammes-circulaires-avec-r\/\">Les diagrammes circulaires avec R<\/a><\/li>\n\t<li class=\"page_item page-item-290\"><a href=\"https:\/\/wordpress.callac.online\/index.php\/logiciels-mathematiques\/le-logiciel-r\/les-graphiques-avec-r\/les-boites-a-moustaches-avec-r\/\">Les bo\u00eetes \u00e0 moustaches avec R<\/a><\/li>\n\t<li class=\"page_item page-item-289\"><a href=\"https:\/\/wordpress.callac.online\/index.php\/logiciels-mathematiques\/le-logiciel-r\/les-graphiques-avec-r\/les-histogrammes-avec-r\/\">Les histogrammes avec R<\/a><\/li>\n\t<li class=\"page_item page-item-3000\"><a href=\"https:\/\/wordpress.callac.online\/index.php\/logiciels-mathematiques\/le-logiciel-r\/les-graphiques-avec-r\/courbe-dune-fonction-avec-r\/\">Courbe d&rsquo;une fonction avec R<\/a><\/li>\n\t<li class=\"page_item page-item-3004\"><a href=\"https:\/\/wordpress.callac.online\/index.php\/logiciels-mathematiques\/le-logiciel-r\/les-graphiques-avec-r\/geometrie-analytique-avec-r\/\">G\u00e9om\u00e9trie analytique avec R<\/a><\/li>\n<\/ul>\n<\/li>\n<li class=\"page_item page-item-2085 page_item_has_children\"><a href=\"https:\/\/wordpress.callac.online\/index.php\/logiciels-mathematiques\/le-logiciel-r\/les-tirages-avec-r\/\">Les tirages avec R<\/a>\n<ul class='children'>\n\t<li class=\"page_item page-item-300\"><a href=\"https:\/\/wordpress.callac.online\/index.php\/logiciels-mathematiques\/le-logiciel-r\/les-tirages-avec-r\/presentation-de-la-fonction-sample-de-r\/\">Pr\u00e9sentation de la fonction sample de R<\/a><\/li>\n\t<li class=\"page_item page-item-301\"><a href=\"https:\/\/wordpress.callac.online\/index.php\/logiciels-mathematiques\/le-logiciel-r\/les-tirages-avec-r\/le-lancer-dun-de-equilibre-avec-r\/\">Le lancer d&rsquo;un d\u00e9 \u00e9quilibr\u00e9 avec R<\/a><\/li>\n\t<li class=\"page_item page-item-302\"><a href=\"https:\/\/wordpress.callac.online\/index.php\/logiciels-mathematiques\/le-logiciel-r\/les-tirages-avec-r\/le-lancer-dun-de-truque-avec-r\/\">Le lancer d&rsquo;un d\u00e9 truqu\u00e9 avec R<\/a><\/li>\n\t<li class=\"page_item page-item-303\"><a href=\"https:\/\/wordpress.callac.online\/index.php\/logiciels-mathematiques\/le-logiciel-r\/les-tirages-avec-r\/le-tableau-a-double-entree-avec-r\/\">Le tableau \u00e0 double entr\u00e9e avec R<\/a><\/li>\n<\/ul>\n<\/li>\n<li class=\"page_item page-item-2083 page_item_has_children\"><a href=\"https:\/\/wordpress.callac.online\/index.php\/logiciels-mathematiques\/le-logiciel-r\/la-loi-binomiale-avec-r\/\">La loi binomiale avec R<\/a>\n<ul class='children'>\n\t<li class=\"page_item page-item-283\"><a href=\"https:\/\/wordpress.callac.online\/index.php\/logiciels-mathematiques\/le-logiciel-r\/la-loi-binomiale-avec-r\/calculs-autour-de-la-loi-binomiale-avec-r\/\">Calculs autour de la loi bin\u00f4miale avec R<\/a><\/li>\n\t<li class=\"page_item page-item-306\"><a href=\"https:\/\/wordpress.callac.online\/index.php\/logiciels-mathematiques\/le-logiciel-r\/la-loi-binomiale-avec-r\/intervalle-de-fluctuation-dune-loi-binomiale-avec-r\/\">Intervalle de fluctuation d&rsquo;une loi binomiale avec R<\/a><\/li>\n\t<li class=\"page_item page-item-304\"><a href=\"https:\/\/wordpress.callac.online\/index.php\/logiciels-mathematiques\/le-logiciel-r\/la-loi-binomiale-avec-r\/representation-graphique-dune-loi-binomiale\/\">Repr\u00e9sentation graphique d&rsquo;une loi bin\u00f4miale<\/a><\/li>\n\t<li class=\"page_item page-item-305\"><a href=\"https:\/\/wordpress.callac.online\/index.php\/logiciels-mathematiques\/le-logiciel-r\/la-loi-binomiale-avec-r\/graphiques-dun-echantillon-dune-loi-binomiale-avec-r\/\">Graphiques d&rsquo;un \u00e9chantillon d&rsquo;une loi binomiale avec R<\/a><\/li>\n<\/ul>\n<\/li>\n<li class=\"page_item page-item-2076 page_item_has_children\"><a href=\"https:\/\/wordpress.callac.online\/index.php\/logiciels-mathematiques\/le-logiciel-r\/les-regressions-avec-r\/\">Les r\u00e9gressions avec R<\/a>\n<ul class='children'>\n\t<li class=\"page_item page-item-297\"><a href=\"https:\/\/wordpress.callac.online\/index.php\/logiciels-mathematiques\/le-logiciel-r\/les-regressions-avec-r\/la-regression-lineaire-simple\/\">La r\u00e9gression lin\u00e9aire simple<\/a><\/li>\n\t<li class=\"page_item page-item-298\"><a href=\"https:\/\/wordpress.callac.online\/index.php\/logiciels-mathematiques\/le-logiciel-r\/les-regressions-avec-r\/la-regression-lineaire-multiple\/\">La r\u00e9gression lin\u00e9aire multiple<\/a><\/li>\n\t<li class=\"page_item page-item-299\"><a href=\"https:\/\/wordpress.callac.online\/index.php\/logiciels-mathematiques\/le-logiciel-r\/les-regressions-avec-r\/la-regression-logistique\/\">La r\u00e9gression logistique<\/a><\/li>\n<\/ul>\n<\/li>\n<li class=\"page_item page-item-2089 page_item_has_children\"><a href=\"https:\/\/wordpress.callac.online\/index.php\/logiciels-mathematiques\/le-logiciel-r\/les-tests-avec-r\/\">Les tests avec R<\/a>\n<ul class='children'>\n\t<li class=\"page_item page-item-293\"><a href=\"https:\/\/wordpress.callac.online\/index.php\/logiciels-mathematiques\/le-logiciel-r\/les-tests-avec-r\/coefficient-de-correlation-avec-r\/\">Coefficient de corr\u00e9lation avec R<\/a><\/li>\n\t<li class=\"page_item page-item-292\"><a href=\"https:\/\/wordpress.callac.online\/index.php\/logiciels-mathematiques\/le-logiciel-r\/les-tests-avec-r\/intervalle-de-confiance-avec-r\/\">Intervalle de confiance avec R<\/a><\/li>\n\t<li class=\"page_item page-item-295\"><a href=\"https:\/\/wordpress.callac.online\/index.php\/logiciels-mathematiques\/le-logiciel-r\/les-tests-avec-r\/test-du-chi2-et-test-de-fisher\/\">Test du Chi2 et test de Fisher<\/a><\/li>\n\t<li class=\"page_item page-item-296\"><a href=\"https:\/\/wordpress.callac.online\/index.php\/logiciels-mathematiques\/le-logiciel-r\/les-tests-avec-r\/test-de-student-et-test-de-wilcoxon\/\">Test de Student et test de Wilcoxon<\/a><\/li>\n\t<li class=\"page_item page-item-294\"><a href=\"https:\/\/wordpress.callac.online\/index.php\/logiciels-mathematiques\/le-logiciel-r\/les-tests-avec-r\/risque-relatif-et-odds-ratio-avec-r\/\">Risque relatif et odds-ratio avec R<\/a><\/li>\n<\/ul>\n<\/li><\/ul><\/div>\n","protected":false},"excerpt":{"rendered":"<p>Comment d\u00e9buter avec le logiciel R pour exploiter des s\u00e9ries statistiques import\u00e9es depuis un fichier csv.<\/p>\n","protected":false},"author":1,"featured_media":0,"parent":974,"menu_order":3,"comment_status":"closed","ping_status":"closed","template":"","meta":{"footnotes":""},"class_list":["post-1038","page","type-page","status-publish","hentry"],"yoast_head":"<!-- This site is optimized with the Yoast SEO plugin v27.1.1 - https:\/\/yoast.com\/product\/yoast-seo-wordpress\/ -->\n<title>Le logiciel R - Maths &amp; Num\u00e9rique<\/title>\n<meta name=\"robots\" content=\"index, follow, max-snippet:-1, max-image-preview:large, max-video-preview:-1\" \/>\n<link rel=\"canonical\" href=\"https:\/\/wordpress.callac.online\/index.php\/logiciels-mathematiques\/le-logiciel-r\/\" \/>\n<meta property=\"og:locale\" content=\"fr_FR\" \/>\n<meta property=\"og:type\" content=\"article\" \/>\n<meta property=\"og:title\" content=\"Le logiciel R - Maths &amp; Num\u00e9rique\" \/>\n<meta property=\"og:description\" content=\"Comment d\u00e9buter avec le logiciel R pour exploiter des s\u00e9ries statistiques import\u00e9es depuis un fichier csv.\" \/>\n<meta property=\"og:url\" content=\"https:\/\/wordpress.callac.online\/index.php\/logiciels-mathematiques\/le-logiciel-r\/\" \/>\n<meta property=\"og:site_name\" content=\"Maths &amp; Num\u00e9rique\" \/>\n<meta property=\"article:modified_time\" content=\"2023-10-14T18:14:14+00:00\" \/>\n<meta property=\"og:image\" content=\"http:\/\/wordpress.callac.online\/wp-content\/uploads\/2020\/07\/rubon86.gif\" \/>\n<meta name=\"twitter:card\" content=\"summary_large_image\" \/>\n<script type=\"application\/ld+json\" class=\"yoast-schema-graph\">{\"@context\":\"https:\/\/schema.org\",\"@graph\":[{\"@type\":\"WebPage\",\"@id\":\"https:\/\/wordpress.callac.online\/index.php\/logiciels-mathematiques\/le-logiciel-r\/\",\"url\":\"https:\/\/wordpress.callac.online\/index.php\/logiciels-mathematiques\/le-logiciel-r\/\",\"name\":\"Le logiciel R - Maths &amp; Num\u00e9rique\",\"isPartOf\":{\"@id\":\"https:\/\/wordpress.callac.online\/#website\"},\"primaryImageOfPage\":{\"@id\":\"https:\/\/wordpress.callac.online\/index.php\/logiciels-mathematiques\/le-logiciel-r\/#primaryimage\"},\"image\":{\"@id\":\"https:\/\/wordpress.callac.online\/index.php\/logiciels-mathematiques\/le-logiciel-r\/#primaryimage\"},\"thumbnailUrl\":\"http:\/\/wordpress.callac.online\/wp-content\/uploads\/2020\/07\/rubon86.gif\",\"datePublished\":\"2020-07-22T12:32:07+00:00\",\"dateModified\":\"2023-10-14T18:14:14+00:00\",\"breadcrumb\":{\"@id\":\"https:\/\/wordpress.callac.online\/index.php\/logiciels-mathematiques\/le-logiciel-r\/#breadcrumb\"},\"inLanguage\":\"fr-FR\",\"potentialAction\":[{\"@type\":\"ReadAction\",\"target\":[\"https:\/\/wordpress.callac.online\/index.php\/logiciels-mathematiques\/le-logiciel-r\/\"]}]},{\"@type\":\"ImageObject\",\"inLanguage\":\"fr-FR\",\"@id\":\"https:\/\/wordpress.callac.online\/index.php\/logiciels-mathematiques\/le-logiciel-r\/#primaryimage\",\"url\":\"https:\/\/wordpress.callac.online\/wp-content\/uploads\/2020\/07\/rubon86.gif\",\"contentUrl\":\"https:\/\/wordpress.callac.online\/wp-content\/uploads\/2020\/07\/rubon86.gif\",\"width\":150,\"height\":150},{\"@type\":\"BreadcrumbList\",\"@id\":\"https:\/\/wordpress.callac.online\/index.php\/logiciels-mathematiques\/le-logiciel-r\/#breadcrumb\",\"itemListElement\":[{\"@type\":\"ListItem\",\"position\":1,\"name\":\"Accueil\",\"item\":\"https:\/\/wordpress.callac.online\/\"},{\"@type\":\"ListItem\",\"position\":2,\"name\":\"Logiciels math\u00e9matiques\",\"item\":\"https:\/\/wordpress.callac.online\/index.php\/logiciels-mathematiques\/\"},{\"@type\":\"ListItem\",\"position\":3,\"name\":\"Le logiciel R\"}]},{\"@type\":\"WebSite\",\"@id\":\"https:\/\/wordpress.callac.online\/#website\",\"url\":\"https:\/\/wordpress.callac.online\/\",\"name\":\"Maths & Num\u00e9rique\",\"description\":\"Des outils pour les enseignants de math\u00e9matiques et de num\u00e9rique\",\"publisher\":{\"@id\":\"https:\/\/wordpress.callac.online\/#\/schema\/person\/04061f1ca2c2c42039142a704be95940\"},\"potentialAction\":[{\"@type\":\"SearchAction\",\"target\":{\"@type\":\"EntryPoint\",\"urlTemplate\":\"https:\/\/wordpress.callac.online\/?s={search_term_string}\"},\"query-input\":{\"@type\":\"PropertyValueSpecification\",\"valueRequired\":true,\"valueName\":\"search_term_string\"}}],\"inLanguage\":\"fr-FR\"},{\"@type\":[\"Person\",\"Organization\"],\"@id\":\"https:\/\/wordpress.callac.online\/#\/schema\/person\/04061f1ca2c2c42039142a704be95940\",\"name\":\"dlefur\",\"image\":{\"@type\":\"ImageObject\",\"inLanguage\":\"fr-FR\",\"@id\":\"https:\/\/wordpress.callac.online\/#\/schema\/person\/image\/\",\"url\":\"https:\/\/secure.gravatar.com\/avatar\/4a9e17be136808c6597f28aa2b6c13126dab066fdc2198ff60090972c9b7fafc?s=96&d=mm&r=g\",\"contentUrl\":\"https:\/\/secure.gravatar.com\/avatar\/4a9e17be136808c6597f28aa2b6c13126dab066fdc2198ff60090972c9b7fafc?s=96&d=mm&r=g\",\"caption\":\"dlefur\"},\"logo\":{\"@id\":\"https:\/\/wordpress.callac.online\/#\/schema\/person\/image\/\"},\"description\":\"Enseignant de math\u00e9matiques Lyc\u00e9e Pasteur S\u00e3o Paulo\",\"sameAs\":[\"http:\/\/wordpress.callac.online\"]}]}<\/script>\n<!-- \/ Yoast SEO plugin. -->","yoast_head_json":{"title":"Le logiciel R - Maths &amp; Num\u00e9rique","robots":{"index":"index","follow":"follow","max-snippet":"max-snippet:-1","max-image-preview":"max-image-preview:large","max-video-preview":"max-video-preview:-1"},"canonical":"https:\/\/wordpress.callac.online\/index.php\/logiciels-mathematiques\/le-logiciel-r\/","og_locale":"fr_FR","og_type":"article","og_title":"Le logiciel R - Maths &amp; Num\u00e9rique","og_description":"Comment d\u00e9buter avec le logiciel R pour exploiter des s\u00e9ries statistiques import\u00e9es depuis un fichier csv.","og_url":"https:\/\/wordpress.callac.online\/index.php\/logiciels-mathematiques\/le-logiciel-r\/","og_site_name":"Maths &amp; Num\u00e9rique","article_modified_time":"2023-10-14T18:14:14+00:00","og_image":[{"url":"http:\/\/wordpress.callac.online\/wp-content\/uploads\/2020\/07\/rubon86.gif","type":"","width":"","height":""}],"twitter_card":"summary_large_image","schema":{"@context":"https:\/\/schema.org","@graph":[{"@type":"WebPage","@id":"https:\/\/wordpress.callac.online\/index.php\/logiciels-mathematiques\/le-logiciel-r\/","url":"https:\/\/wordpress.callac.online\/index.php\/logiciels-mathematiques\/le-logiciel-r\/","name":"Le logiciel R - Maths &amp; Num\u00e9rique","isPartOf":{"@id":"https:\/\/wordpress.callac.online\/#website"},"primaryImageOfPage":{"@id":"https:\/\/wordpress.callac.online\/index.php\/logiciels-mathematiques\/le-logiciel-r\/#primaryimage"},"image":{"@id":"https:\/\/wordpress.callac.online\/index.php\/logiciels-mathematiques\/le-logiciel-r\/#primaryimage"},"thumbnailUrl":"http:\/\/wordpress.callac.online\/wp-content\/uploads\/2020\/07\/rubon86.gif","datePublished":"2020-07-22T12:32:07+00:00","dateModified":"2023-10-14T18:14:14+00:00","breadcrumb":{"@id":"https:\/\/wordpress.callac.online\/index.php\/logiciels-mathematiques\/le-logiciel-r\/#breadcrumb"},"inLanguage":"fr-FR","potentialAction":[{"@type":"ReadAction","target":["https:\/\/wordpress.callac.online\/index.php\/logiciels-mathematiques\/le-logiciel-r\/"]}]},{"@type":"ImageObject","inLanguage":"fr-FR","@id":"https:\/\/wordpress.callac.online\/index.php\/logiciels-mathematiques\/le-logiciel-r\/#primaryimage","url":"https:\/\/wordpress.callac.online\/wp-content\/uploads\/2020\/07\/rubon86.gif","contentUrl":"https:\/\/wordpress.callac.online\/wp-content\/uploads\/2020\/07\/rubon86.gif","width":150,"height":150},{"@type":"BreadcrumbList","@id":"https:\/\/wordpress.callac.online\/index.php\/logiciels-mathematiques\/le-logiciel-r\/#breadcrumb","itemListElement":[{"@type":"ListItem","position":1,"name":"Accueil","item":"https:\/\/wordpress.callac.online\/"},{"@type":"ListItem","position":2,"name":"Logiciels math\u00e9matiques","item":"https:\/\/wordpress.callac.online\/index.php\/logiciels-mathematiques\/"},{"@type":"ListItem","position":3,"name":"Le logiciel R"}]},{"@type":"WebSite","@id":"https:\/\/wordpress.callac.online\/#website","url":"https:\/\/wordpress.callac.online\/","name":"Maths & Num\u00e9rique","description":"Des outils pour les enseignants de math\u00e9matiques et de num\u00e9rique","publisher":{"@id":"https:\/\/wordpress.callac.online\/#\/schema\/person\/04061f1ca2c2c42039142a704be95940"},"potentialAction":[{"@type":"SearchAction","target":{"@type":"EntryPoint","urlTemplate":"https:\/\/wordpress.callac.online\/?s={search_term_string}"},"query-input":{"@type":"PropertyValueSpecification","valueRequired":true,"valueName":"search_term_string"}}],"inLanguage":"fr-FR"},{"@type":["Person","Organization"],"@id":"https:\/\/wordpress.callac.online\/#\/schema\/person\/04061f1ca2c2c42039142a704be95940","name":"dlefur","image":{"@type":"ImageObject","inLanguage":"fr-FR","@id":"https:\/\/wordpress.callac.online\/#\/schema\/person\/image\/","url":"https:\/\/secure.gravatar.com\/avatar\/4a9e17be136808c6597f28aa2b6c13126dab066fdc2198ff60090972c9b7fafc?s=96&d=mm&r=g","contentUrl":"https:\/\/secure.gravatar.com\/avatar\/4a9e17be136808c6597f28aa2b6c13126dab066fdc2198ff60090972c9b7fafc?s=96&d=mm&r=g","caption":"dlefur"},"logo":{"@id":"https:\/\/wordpress.callac.online\/#\/schema\/person\/image\/"},"description":"Enseignant de math\u00e9matiques Lyc\u00e9e Pasteur S\u00e3o Paulo","sameAs":["http:\/\/wordpress.callac.online"]}]}},"_links":{"self":[{"href":"https:\/\/wordpress.callac.online\/index.php\/wp-json\/wp\/v2\/pages\/1038","targetHints":{"allow":["GET"]}}],"collection":[{"href":"https:\/\/wordpress.callac.online\/index.php\/wp-json\/wp\/v2\/pages"}],"about":[{"href":"https:\/\/wordpress.callac.online\/index.php\/wp-json\/wp\/v2\/types\/page"}],"author":[{"embeddable":true,"href":"https:\/\/wordpress.callac.online\/index.php\/wp-json\/wp\/v2\/users\/1"}],"replies":[{"embeddable":true,"href":"https:\/\/wordpress.callac.online\/index.php\/wp-json\/wp\/v2\/comments?post=1038"}],"version-history":[{"count":5,"href":"https:\/\/wordpress.callac.online\/index.php\/wp-json\/wp\/v2\/pages\/1038\/revisions"}],"predecessor-version":[{"id":2811,"href":"https:\/\/wordpress.callac.online\/index.php\/wp-json\/wp\/v2\/pages\/1038\/revisions\/2811"}],"up":[{"embeddable":true,"href":"https:\/\/wordpress.callac.online\/index.php\/wp-json\/wp\/v2\/pages\/974"}],"wp:attachment":[{"href":"https:\/\/wordpress.callac.online\/index.php\/wp-json\/wp\/v2\/media?parent=1038"}],"curies":[{"name":"wp","href":"https:\/\/api.w.org\/{rel}","templated":true}]}}