{"id":1087,"date":"2020-07-22T15:27:20","date_gmt":"2020-07-22T13:27:20","guid":{"rendered":"http:\/\/wordpress.callac.online\/?page_id=1087"},"modified":"2022-01-05T22:41:53","modified_gmt":"2022-01-05T21:41:53","slug":"python","status":"publish","type":"page","link":"https:\/\/wordpress.callac.online\/index.php\/python\/","title":{"rendered":"Python"},"content":{"rendered":"\n<div class=\"wp-block-image\"><figure class=\"alignright size-large is-resized\"><img loading=\"lazy\" decoding=\"async\" src=\"http:\/\/wordpress.callac.online\/wp-content\/uploads\/2020\/07\/rubon57.png\" alt=\"\" class=\"wp-image-1685\" width=\"60\" height=\"60\"\/><\/figure><\/div>\n\n\n\n<p>Un ensemble de ressources pour utiliser Python au lyc\u00e9e.<\/p>\n\n\n\n<div id=\"ccchildpages-1\" class=\"ccchildpages ccflex  simple ccclearfix\"><ul class=\"ccchildpages_list ccclearfix\"><li class=\"page_item page-item-3246 page_item_has_children\"><a href=\"https:\/\/wordpress.callac.online\/index.php\/python\/pygame\/\">Pygame<\/a>\n<ul class='children'>\n\t<li class=\"page_item page-item-3249\"><a href=\"https:\/\/wordpress.callac.online\/index.php\/python\/pygame\/un-programme-minimal\/\">Un programme minimal avec Pygame<\/a><\/li>\n\t<li class=\"page_item page-item-3252\"><a href=\"https:\/\/wordpress.callac.online\/index.php\/python\/pygame\/les-evenements-avec-pygame\/\">Les \u00e9v\u00e9nements avec Pygame<\/a><\/li>\n<\/ul>\n<\/li>\n<li class=\"page_item page-item-3598 page_item_has_children\"><a href=\"https:\/\/wordpress.callac.online\/index.php\/python\/esp32-et-micropython\/\">ESP32 et Micropython<\/a>\n<ul class='children'>\n\t<li class=\"page_item page-item-3610\"><a href=\"https:\/\/wordpress.callac.online\/index.php\/python\/esp32-et-micropython\/esp32-installer-micropython\/\">ESP32 : installer Micropython<\/a><\/li>\n\t<li class=\"page_item page-item-3634\"><a href=\"https:\/\/wordpress.callac.online\/index.php\/python\/esp32-et-micropython\/esp32-wifi-ou-access-point\/\">ESP32 : Wifi ou Access Point<\/a><\/li>\n\t<li class=\"page_item page-item-3620\"><a href=\"https:\/\/wordpress.callac.online\/index.php\/python\/esp32-et-micropython\/esp32-et-bluetooth\/\">ESP32 et Bluetooth<\/a><\/li>\n\t<li class=\"page_item page-item-3616\"><a href=\"https:\/\/wordpress.callac.online\/index.php\/python\/esp32-et-micropython\/esp32-et-un-site-flask-externe\/\">ESP32 et un site Flask externe<\/a><\/li>\n\t<li class=\"page_item page-item-3618\"><a href=\"https:\/\/wordpress.callac.online\/index.php\/python\/esp32-et-micropython\/esp32-et-un-site-microdot-interne\/\">ESP32 et un site Microdot interne<\/a><\/li>\n<\/ul>\n<\/li>\n<li class=\"page_item page-item-3260 page_item_has_children\"><a href=\"https:\/\/wordpress.callac.online\/index.php\/python\/raspberry-pi-pico-et-micropython\/\">Raspberry Pi Pico et MicroPython<\/a>\n<ul class='children'>\n\t<li class=\"page_item page-item-3272\"><a href=\"https:\/\/wordpress.callac.online\/index.php\/python\/raspberry-pi-pico-et-micropython\/presentation\/\">Pr\u00e9sentation<\/a><\/li>\n\t<li class=\"page_item page-item-3304\"><a href=\"https:\/\/wordpress.callac.online\/index.php\/python\/raspberry-pi-pico-et-micropython\/wokwi-un-site-de-simulation\/\">Wokwi : un site de simulation<\/a><\/li>\n\t<li class=\"page_item page-item-3263\"><a href=\"https:\/\/wordpress.callac.online\/index.php\/python\/raspberry-pi-pico-et-micropython\/configuration-initiale\/\">Configuration initiale<\/a><\/li>\n\t<li class=\"page_item page-item-3266\"><a href=\"https:\/\/wordpress.callac.online\/index.php\/python\/raspberry-pi-pico-et-micropython\/programmer-une-led\/\">Programmer une LED<\/a><\/li>\n\t<li class=\"page_item page-item-3269\"><a href=\"https:\/\/wordpress.callac.online\/index.php\/python\/raspberry-pi-pico-et-micropython\/programmer-une-led-rgb\/\">Programmer une LED RGB<\/a><\/li>\n\t<li class=\"page_item page-item-3325\"><a href=\"https:\/\/wordpress.callac.online\/index.php\/python\/raspberry-pi-pico-et-micropython\/lectures-analogiques\/\">Lectures analogiques<\/a><\/li>\n\t<li class=\"page_item page-item-3322\"><a href=\"https:\/\/wordpress.callac.online\/index.php\/python\/raspberry-pi-pico-et-micropython\/utiliser-un-timer\/\">Utiliser un timer<\/a><\/li>\n\t<li class=\"page_item page-item-3307\"><a href=\"https:\/\/wordpress.callac.online\/index.php\/python\/raspberry-pi-pico-et-micropython\/programmer-un-bouton-par-interruptions\/\">Programmer un bouton par interruptions<\/a><\/li>\n<\/ul>\n<\/li>\n<li class=\"page_item page-item-2642 page_item_has_children\"><a href=\"https:\/\/wordpress.callac.online\/index.php\/python\/des-ressources-python-pour-les-classes\/\">Des ressources Python pour les classes<\/a>\n<ul class='children'>\n\t<li class=\"page_item page-item-2636\"><a href=\"https:\/\/wordpress.callac.online\/index.php\/python\/des-ressources-python-pour-les-classes\/des-videos-sur-les-programmes-python-en-seconde\/\">Des vid\u00e9os sur les programmes Python en seconde<\/a><\/li>\n\t<li class=\"page_item page-item-2639\"><a href=\"https:\/\/wordpress.callac.online\/index.php\/python\/des-ressources-python-pour-les-classes\/des-vides-sur-les-programme-python-en-premiere-specialite-maths\/\">Des vid\u00e9os sur les programme Python en premi\u00e8re Sp\u00e9cialit\u00e9 maths<\/a><\/li>\n<\/ul>\n<\/li>\n<li class=\"page_item page-item-1649 page_item_has_children\"><a href=\"https:\/\/wordpress.callac.online\/index.php\/python\/generalites-sur-python\/\">G\u00e9n\u00e9ralit\u00e9s sur Python<\/a>\n<ul class='children'>\n\t<li class=\"page_item page-item-233\"><a href=\"https:\/\/wordpress.callac.online\/index.php\/python\/generalites-sur-python\/les-affectations-en-python\/\">Les affectations (en Python)<\/a><\/li>\n\t<li class=\"page_item page-item-232\"><a href=\"https:\/\/wordpress.callac.online\/index.php\/python\/generalites-sur-python\/les-entrees-sorties-en-python\/\">Les entr\u00e9es\/sorties (en Python)<\/a><\/li>\n\t<li class=\"page_item page-item-230\"><a href=\"https:\/\/wordpress.callac.online\/index.php\/python\/generalites-sur-python\/les-instructions-conditionnelles-en-python\/\">Les instructions conditionnelles (en Python)<\/a><\/li>\n\t<li class=\"page_item page-item-228\"><a href=\"https:\/\/wordpress.callac.online\/index.php\/python\/generalites-sur-python\/la-boucle-while-en-python\/\">La boucle while (en Python)<\/a><\/li>\n\t<li class=\"page_item page-item-229\"><a href=\"https:\/\/wordpress.callac.online\/index.php\/python\/generalites-sur-python\/la-boucle-for-en-python\/\">La boucle for (en Python)<\/a><\/li>\n\t<li class=\"page_item page-item-314\"><a href=\"https:\/\/wordpress.callac.online\/index.php\/python\/generalites-sur-python\/creation-de-listes-en-python\/\">Cr\u00e9ation de listes en Python<\/a><\/li>\n\t<li class=\"page_item page-item-316\"><a href=\"https:\/\/wordpress.callac.online\/index.php\/python\/generalites-sur-python\/manipulation-de-listes-avec-python\/\">Manipulation de listes avec Python<\/a><\/li>\n\t<li class=\"page_item page-item-334\"><a href=\"https:\/\/wordpress.callac.online\/index.php\/python\/generalites-sur-python\/caracteres-et-chaines-de-caracteres-en-python\/\">Caract\u00e8res et cha\u00eenes de caract\u00e8res en Python<\/a><\/li>\n\t<li class=\"page_item page-item-239\"><a href=\"https:\/\/wordpress.callac.online\/index.php\/python\/generalites-sur-python\/un-exemple-pour-debuter-en-python\/\">Un exemple pour d\u00e9buter en Python<\/a><\/li>\n\t<li class=\"page_item page-item-237\"><a href=\"https:\/\/wordpress.callac.online\/index.php\/python\/generalites-sur-python\/lecture-et-ecriture-dans-un-fichier-en-python\/\">Lecture et \u00e9criture dans un fichier (en Python)<\/a><\/li>\n<\/ul>\n<\/li>\n<li class=\"page_item page-item-1651 page_item_has_children\"><a href=\"https:\/\/wordpress.callac.online\/index.php\/python\/des-exemples-en-python\/\">Des exemples en Python<\/a>\n<ul class='children'>\n\t<li class=\"page_item page-item-253\"><a href=\"https:\/\/wordpress.callac.online\/index.php\/python\/des-exemples-en-python\/premier-multiple-au-dessus-dun-seuil-avec-python\/\">Premier multiple au dessus d&rsquo;un seuil avec Python<\/a><\/li>\n\t<li class=\"page_item page-item-315\"><a href=\"https:\/\/wordpress.callac.online\/index.php\/python\/des-exemples-en-python\/une-operation-avec-8-cartes-avec-python\/\">Une op\u00e9ration avec 8 cartes avec Python<\/a><\/li>\n\t<li class=\"page_item page-item-231\"><a href=\"https:\/\/wordpress.callac.online\/index.php\/python\/des-exemples-en-python\/comptage-des-voyelles-dans-un-mot-avec-python\/\">Comptage des voyelles dans un mot avec Python<\/a><\/li>\n\t<li class=\"page_item page-item-234\"><a href=\"https:\/\/wordpress.callac.online\/index.php\/python\/des-exemples-en-python\/le-code-de-cesar\/\">Le code de C\u00e9sar<\/a><\/li>\n\t<li class=\"page_item page-item-235\"><a href=\"https:\/\/wordpress.callac.online\/index.php\/python\/des-exemples-en-python\/le-code-de-vigenere\/\">Le code de Vigen\u00e8re<\/a><\/li>\n\t<li class=\"page_item page-item-236\"><a href=\"https:\/\/wordpress.callac.online\/index.php\/python\/des-exemples-en-python\/le-code-rsa\/\">Le code RSA<\/a><\/li>\n<\/ul>\n<\/li>\n<li class=\"page_item page-item-3165\"><a href=\"https:\/\/wordpress.callac.online\/index.php\/python\/creer-une-interface-graphique-avec-glade-et-pygtk3-2\/\">Cr\u00e9er une interface graphique avec Glade et Pygtk3<\/a><\/li>\n<li class=\"page_item page-item-1653 page_item_has_children\"><a href=\"https:\/\/wordpress.callac.online\/index.php\/python\/le-module-turtle\/\">Le module Turtle<\/a>\n<ul class='children'>\n\t<li class=\"page_item page-item-247\"><a href=\"https:\/\/wordpress.callac.online\/index.php\/python\/le-module-turtle\/pour-debuter-avec-le-module-turtle\/\">Pour d\u00e9buter avec le module Turtle<\/a><\/li>\n\t<li class=\"page_item page-item-248\"><a href=\"https:\/\/wordpress.callac.online\/index.php\/python\/le-module-turtle\/dessin-dun-polygone-regulier-avec-le-module-turtle\/\">Dessin d&rsquo;un polygone r\u00e9gulier avec le module Turtle<\/a><\/li>\n\t<li class=\"page_item page-item-250\"><a href=\"https:\/\/wordpress.callac.online\/index.php\/python\/le-module-turtle\/dessins-de-labyrinthes-avec-le-module-turtle\/\">Dessins de labyrinthes avec le module Turtle<\/a><\/li>\n\t<li class=\"page_item page-item-251\"><a href=\"https:\/\/wordpress.callac.online\/index.php\/python\/le-module-turtle\/dessins-detoiles-avec-le-module-turtle\/\">Dessins d&rsquo;\u00e9toiles avec le module Turtle<\/a><\/li>\n\t<li class=\"page_item page-item-252\"><a href=\"https:\/\/wordpress.callac.online\/index.php\/python\/le-module-turtle\/des-dessins-aleatoires-avec-le-module-turtle\/\">Des dessins al\u00e9atoires avec le module Turtle<\/a><\/li>\n\t<li class=\"page_item page-item-335\"><a href=\"https:\/\/wordpress.callac.online\/index.php\/python\/le-module-turtle\/enseigner-le-module-turtle-de-python-avec-trinket\/\">Enseigner le module Turtle de Python avec Trinket<\/a><\/li>\n<\/ul>\n<\/li>\n<li class=\"page_item page-item-1647 page_item_has_children\"><a href=\"https:\/\/wordpress.callac.online\/index.php\/python\/cherrypy\/\">Cherrypy<\/a>\n<ul class='children'>\n\t<li class=\"page_item page-item-339\"><a href=\"https:\/\/wordpress.callac.online\/index.php\/python\/cherrypy\/cherrypy-pour-qui-pour-quoi\/\">Cherrypy, pour qui, pour quoi ?<\/a><\/li>\n\t<li class=\"page_item page-item-337\"><a href=\"https:\/\/wordpress.callac.online\/index.php\/python\/cherrypy\/installation-de-cherrypy\/\">Installation de Cherrypy<\/a><\/li>\n\t<li class=\"page_item page-item-341\"><a href=\"https:\/\/wordpress.callac.online\/index.php\/python\/cherrypy\/cherrypy-uploader-un-fichier\/\">Cherrypy : uploader un fichier<\/a><\/li>\n\t<li class=\"page_item page-item-338\"><a href=\"https:\/\/wordpress.callac.online\/index.php\/python\/cherrypy\/un-debut-de-configuration-pour-cherrypy\/\">Un d\u00e9but de configuration pour Cherrypy<\/a><\/li>\n\t<li class=\"page_item page-item-340\"><a href=\"https:\/\/wordpress.callac.online\/index.php\/python\/cherrypy\/cherrypy-somme-de-deux-entiers\/\">Cherrypy : somme de deux entiers !!!<\/a><\/li>\n<\/ul>\n<\/li>\n<li class=\"page_item page-item-3046 page_item_has_children\"><a href=\"https:\/\/wordpress.callac.online\/index.php\/python\/arduino-en-python-le-module-pymata4\/\">Arduino en Python : le module Pymata4<\/a>\n<ul class='children'>\n\t<li class=\"page_item page-item-3049\"><a href=\"https:\/\/wordpress.callac.online\/index.php\/python\/arduino-en-python-le-module-pymata4\/presentation\/\">Pr\u00e9sentation<\/a><\/li>\n\t<li class=\"page_item page-item-3052\"><a href=\"https:\/\/wordpress.callac.online\/index.php\/python\/arduino-en-python-le-module-pymata4\/installation\/\">Installation<\/a><\/li>\n\t<li class=\"page_item page-item-3076\"><a href=\"https:\/\/wordpress.callac.online\/index.php\/python\/arduino-en-python-le-module-pymata4\/structure-dun-programme\/\">Structure d&rsquo;un programme<\/a><\/li>\n\t<li class=\"page_item page-item-3064\"><a href=\"https:\/\/wordpress.callac.online\/index.php\/python\/arduino-en-python-le-module-pymata4\/ecriture-sur-un-port\/\">\u00c9criture sur un port<\/a><\/li>\n\t<li class=\"page_item page-item-3067\"><a href=\"https:\/\/wordpress.callac.online\/index.php\/python\/arduino-en-python-le-module-pymata4\/lecture-sur-un-port\/\">Lecture sur un port<\/a><\/li>\n\t<li class=\"page_item page-item-3070\"><a href=\"https:\/\/wordpress.callac.online\/index.php\/python\/arduino-en-python-le-module-pymata4\/utilisation-dun-buzzer\/\">Utilisation d&rsquo;un buzzer<\/a><\/li>\n\t<li class=\"page_item page-item-3073\"><a href=\"https:\/\/wordpress.callac.online\/index.php\/python\/arduino-en-python-le-module-pymata4\/utilisation-dun-capteur-dht11-ou-dht22\/\">Utilisation d&rsquo;un capteur DHT11 ou DHT22<\/a><\/li>\n\t<li class=\"page_item page-item-3115\"><a href=\"https:\/\/wordpress.callac.online\/index.php\/python\/arduino-en-python-le-module-pymata4\/utilisation-du-capteur-hc-sr04\/\">Utilisation du capteur HC-SR04<\/a><\/li>\n\t<li class=\"page_item page-item-3118\"><a href=\"https:\/\/wordpress.callac.online\/index.php\/python\/arduino-en-python-le-module-pymata4\/utilisation-dun-servomoteur\/\">Utilisation d&rsquo;un servomoteur<\/a><\/li>\n\t<li class=\"page_item page-item-3147\"><a href=\"https:\/\/wordpress.callac.online\/index.php\/python\/arduino-en-python-le-module-pymata4\/commander-arduino-depuis-discord\/\">Commander Arduino depuis Discord<\/a><\/li>\n<\/ul>\n<\/li>\n<li class=\"page_item page-item-3135\"><a href=\"https:\/\/wordpress.callac.online\/index.php\/python\/programmer-un-bot-discord-en-python\/\">Programmer un bot Discord en Python<\/a><\/li>\n<li class=\"page_item page-item-3188 page_item_has_children\"><a href=\"https:\/\/wordpress.callac.online\/index.php\/python\/des-interfaces-graphiques-avec-kivy\/\">Des interfaces graphiques avec Kivy<\/a>\n<ul class='children'>\n\t<li class=\"page_item page-item-3191\"><a href=\"https:\/\/wordpress.callac.online\/index.php\/python\/des-interfaces-graphiques-avec-kivy\/structurer-son-projet-kivy\/\">Structurer son projet Kivy<\/a><\/li>\n\t<li class=\"page_item page-item-3194\"><a href=\"https:\/\/wordpress.callac.online\/index.php\/python\/des-interfaces-graphiques-avec-kivy\/positionner-et-dimensionner-ses-composants-kivy\/\">Positionner et dimensionner ses composants Kivy<\/a><\/li>\n\t<li class=\"page_item page-item-3206\"><a href=\"https:\/\/wordpress.callac.online\/index.php\/python\/des-interfaces-graphiques-avec-kivy\/kivy-et-le-screenmanager\/\">Kivy et le ScreenManager<\/a><\/li>\n\t<li class=\"page_item page-item-3224\"><a href=\"https:\/\/wordpress.callac.online\/index.php\/python\/des-interfaces-graphiques-avec-kivy\/kivy-et-la-progressbar\/\">Kivy et la ProgressBar<\/a><\/li>\n\t<li class=\"page_item page-item-3234\"><a href=\"https:\/\/wordpress.callac.online\/index.php\/python\/des-interfaces-graphiques-avec-kivy\/des-ressources-pour-kivy-et-kivymd\/\">Des ressources pour Kivy et KivyMD<\/a><\/li>\n<\/ul>\n<\/li><\/ul><\/div>\n","protected":false},"excerpt":{"rendered":"<p>Un ensemble de ressources pour utiliser Python au lyc\u00e9e.<\/p>\n","protected":false},"author":1,"featured_media":0,"parent":0,"menu_order":4,"comment_status":"closed","ping_status":"closed","template":"","meta":{"footnotes":""},"class_list":["post-1087","page","type-page","status-publish","hentry"],"yoast_head":"<!-- This site is optimized with the Yoast SEO plugin v27.1.1 - https:\/\/yoast.com\/product\/yoast-seo-wordpress\/ -->\n<title>Python - Maths &amp; Num\u00e9rique<\/title>\n<meta name=\"description\" content=\"Une pr\u00e9sentation de Python faite pour les lyc\u00e9ens ou les enseignants permettant de regrouper les bases sous forme de texte ou de vid\u00e9os.\" \/>\n<meta name=\"robots\" content=\"index, follow, max-snippet:-1, max-image-preview:large, max-video-preview:-1\" \/>\n<link rel=\"canonical\" href=\"https:\/\/wordpress.callac.online\/index.php\/python\/\" \/>\n<meta property=\"og:locale\" content=\"fr_FR\" \/>\n<meta property=\"og:type\" content=\"article\" \/>\n<meta property=\"og:title\" content=\"Python - Maths &amp; Num\u00e9rique\" \/>\n<meta property=\"og:description\" content=\"Une pr\u00e9sentation de Python faite pour les lyc\u00e9ens ou les enseignants permettant de regrouper les bases sous forme de texte ou de vid\u00e9os.\" \/>\n<meta property=\"og:url\" content=\"https:\/\/wordpress.callac.online\/index.php\/python\/\" \/>\n<meta property=\"og:site_name\" content=\"Maths &amp; Num\u00e9rique\" \/>\n<meta property=\"article:modified_time\" content=\"2022-01-05T21:41:53+00:00\" \/>\n<meta property=\"og:image\" content=\"http:\/\/wordpress.callac.online\/wp-content\/uploads\/2020\/07\/rubon57.png\" \/>\n<meta name=\"twitter:card\" content=\"summary_large_image\" \/>\n<meta name=\"twitter:label1\" content=\"Dur\u00e9e de lecture estim\u00e9e\" \/>\n\t<meta name=\"twitter:data1\" content=\"1 minute\" \/>\n<script type=\"application\/ld+json\" class=\"yoast-schema-graph\">{\"@context\":\"https:\/\/schema.org\",\"@graph\":[{\"@type\":\"WebPage\",\"@id\":\"https:\/\/wordpress.callac.online\/index.php\/python\/\",\"url\":\"https:\/\/wordpress.callac.online\/index.php\/python\/\",\"name\":\"Python - Maths &amp; Num\u00e9rique\",\"isPartOf\":{\"@id\":\"https:\/\/wordpress.callac.online\/#website\"},\"primaryImageOfPage\":{\"@id\":\"https:\/\/wordpress.callac.online\/index.php\/python\/#primaryimage\"},\"image\":{\"@id\":\"https:\/\/wordpress.callac.online\/index.php\/python\/#primaryimage\"},\"thumbnailUrl\":\"http:\/\/wordpress.callac.online\/wp-content\/uploads\/2020\/07\/rubon57.png\",\"datePublished\":\"2020-07-22T13:27:20+00:00\",\"dateModified\":\"2022-01-05T21:41:53+00:00\",\"description\":\"Une pr\u00e9sentation de Python faite pour les lyc\u00e9ens ou les enseignants permettant de regrouper les bases sous forme de texte ou de vid\u00e9os.\",\"breadcrumb\":{\"@id\":\"https:\/\/wordpress.callac.online\/index.php\/python\/#breadcrumb\"},\"inLanguage\":\"fr-FR\",\"potentialAction\":[{\"@type\":\"ReadAction\",\"target\":[\"https:\/\/wordpress.callac.online\/index.php\/python\/\"]}]},{\"@type\":\"ImageObject\",\"inLanguage\":\"fr-FR\",\"@id\":\"https:\/\/wordpress.callac.online\/index.php\/python\/#primaryimage\",\"url\":\"https:\/\/wordpress.callac.online\/wp-content\/uploads\/2020\/07\/rubon57.png\",\"contentUrl\":\"https:\/\/wordpress.callac.online\/wp-content\/uploads\/2020\/07\/rubon57.png\",\"width\":120,\"height\":120},{\"@type\":\"BreadcrumbList\",\"@id\":\"https:\/\/wordpress.callac.online\/index.php\/python\/#breadcrumb\",\"itemListElement\":[{\"@type\":\"ListItem\",\"position\":1,\"name\":\"Accueil\",\"item\":\"https:\/\/wordpress.callac.online\/\"},{\"@type\":\"ListItem\",\"position\":2,\"name\":\"Python\"}]},{\"@type\":\"WebSite\",\"@id\":\"https:\/\/wordpress.callac.online\/#website\",\"url\":\"https:\/\/wordpress.callac.online\/\",\"name\":\"Maths & Num\u00e9rique\",\"description\":\"Des outils pour les enseignants de math\u00e9matiques et de num\u00e9rique\",\"publisher\":{\"@id\":\"https:\/\/wordpress.callac.online\/#\/schema\/person\/04061f1ca2c2c42039142a704be95940\"},\"potentialAction\":[{\"@type\":\"SearchAction\",\"target\":{\"@type\":\"EntryPoint\",\"urlTemplate\":\"https:\/\/wordpress.callac.online\/?s={search_term_string}\"},\"query-input\":{\"@type\":\"PropertyValueSpecification\",\"valueRequired\":true,\"valueName\":\"search_term_string\"}}],\"inLanguage\":\"fr-FR\"},{\"@type\":[\"Person\",\"Organization\"],\"@id\":\"https:\/\/wordpress.callac.online\/#\/schema\/person\/04061f1ca2c2c42039142a704be95940\",\"name\":\"dlefur\",\"image\":{\"@type\":\"ImageObject\",\"inLanguage\":\"fr-FR\",\"@id\":\"https:\/\/wordpress.callac.online\/#\/schema\/person\/image\/\",\"url\":\"https:\/\/secure.gravatar.com\/avatar\/4a9e17be136808c6597f28aa2b6c13126dab066fdc2198ff60090972c9b7fafc?s=96&d=mm&r=g\",\"contentUrl\":\"https:\/\/secure.gravatar.com\/avatar\/4a9e17be136808c6597f28aa2b6c13126dab066fdc2198ff60090972c9b7fafc?s=96&d=mm&r=g\",\"caption\":\"dlefur\"},\"logo\":{\"@id\":\"https:\/\/wordpress.callac.online\/#\/schema\/person\/image\/\"},\"description\":\"Enseignant de math\u00e9matiques Lyc\u00e9e Pasteur S\u00e3o Paulo\",\"sameAs\":[\"http:\/\/wordpress.callac.online\"]}]}<\/script>\n<!-- \/ Yoast SEO plugin. -->","yoast_head_json":{"title":"Python - Maths &amp; Num\u00e9rique","description":"Une pr\u00e9sentation de Python faite pour les lyc\u00e9ens ou les enseignants permettant de regrouper les bases sous forme de texte ou de vid\u00e9os.","robots":{"index":"index","follow":"follow","max-snippet":"max-snippet:-1","max-image-preview":"max-image-preview:large","max-video-preview":"max-video-preview:-1"},"canonical":"https:\/\/wordpress.callac.online\/index.php\/python\/","og_locale":"fr_FR","og_type":"article","og_title":"Python - Maths &amp; Num\u00e9rique","og_description":"Une pr\u00e9sentation de Python faite pour les lyc\u00e9ens ou les enseignants permettant de regrouper les bases sous forme de texte ou de vid\u00e9os.","og_url":"https:\/\/wordpress.callac.online\/index.php\/python\/","og_site_name":"Maths &amp; Num\u00e9rique","article_modified_time":"2022-01-05T21:41:53+00:00","og_image":[{"url":"http:\/\/wordpress.callac.online\/wp-content\/uploads\/2020\/07\/rubon57.png","type":"","width":"","height":""}],"twitter_card":"summary_large_image","twitter_misc":{"Dur\u00e9e de lecture estim\u00e9e":"1 minute"},"schema":{"@context":"https:\/\/schema.org","@graph":[{"@type":"WebPage","@id":"https:\/\/wordpress.callac.online\/index.php\/python\/","url":"https:\/\/wordpress.callac.online\/index.php\/python\/","name":"Python - Maths &amp; Num\u00e9rique","isPartOf":{"@id":"https:\/\/wordpress.callac.online\/#website"},"primaryImageOfPage":{"@id":"https:\/\/wordpress.callac.online\/index.php\/python\/#primaryimage"},"image":{"@id":"https:\/\/wordpress.callac.online\/index.php\/python\/#primaryimage"},"thumbnailUrl":"http:\/\/wordpress.callac.online\/wp-content\/uploads\/2020\/07\/rubon57.png","datePublished":"2020-07-22T13:27:20+00:00","dateModified":"2022-01-05T21:41:53+00:00","description":"Une pr\u00e9sentation de Python faite pour les lyc\u00e9ens ou les enseignants permettant de regrouper les bases sous forme de texte ou de vid\u00e9os.","breadcrumb":{"@id":"https:\/\/wordpress.callac.online\/index.php\/python\/#breadcrumb"},"inLanguage":"fr-FR","potentialAction":[{"@type":"ReadAction","target":["https:\/\/wordpress.callac.online\/index.php\/python\/"]}]},{"@type":"ImageObject","inLanguage":"fr-FR","@id":"https:\/\/wordpress.callac.online\/index.php\/python\/#primaryimage","url":"https:\/\/wordpress.callac.online\/wp-content\/uploads\/2020\/07\/rubon57.png","contentUrl":"https:\/\/wordpress.callac.online\/wp-content\/uploads\/2020\/07\/rubon57.png","width":120,"height":120},{"@type":"BreadcrumbList","@id":"https:\/\/wordpress.callac.online\/index.php\/python\/#breadcrumb","itemListElement":[{"@type":"ListItem","position":1,"name":"Accueil","item":"https:\/\/wordpress.callac.online\/"},{"@type":"ListItem","position":2,"name":"Python"}]},{"@type":"WebSite","@id":"https:\/\/wordpress.callac.online\/#website","url":"https:\/\/wordpress.callac.online\/","name":"Maths & Num\u00e9rique","description":"Des outils pour les enseignants de math\u00e9matiques et de num\u00e9rique","publisher":{"@id":"https:\/\/wordpress.callac.online\/#\/schema\/person\/04061f1ca2c2c42039142a704be95940"},"potentialAction":[{"@type":"SearchAction","target":{"@type":"EntryPoint","urlTemplate":"https:\/\/wordpress.callac.online\/?s={search_term_string}"},"query-input":{"@type":"PropertyValueSpecification","valueRequired":true,"valueName":"search_term_string"}}],"inLanguage":"fr-FR"},{"@type":["Person","Organization"],"@id":"https:\/\/wordpress.callac.online\/#\/schema\/person\/04061f1ca2c2c42039142a704be95940","name":"dlefur","image":{"@type":"ImageObject","inLanguage":"fr-FR","@id":"https:\/\/wordpress.callac.online\/#\/schema\/person\/image\/","url":"https:\/\/secure.gravatar.com\/avatar\/4a9e17be136808c6597f28aa2b6c13126dab066fdc2198ff60090972c9b7fafc?s=96&d=mm&r=g","contentUrl":"https:\/\/secure.gravatar.com\/avatar\/4a9e17be136808c6597f28aa2b6c13126dab066fdc2198ff60090972c9b7fafc?s=96&d=mm&r=g","caption":"dlefur"},"logo":{"@id":"https:\/\/wordpress.callac.online\/#\/schema\/person\/image\/"},"description":"Enseignant de math\u00e9matiques Lyc\u00e9e Pasteur S\u00e3o Paulo","sameAs":["http:\/\/wordpress.callac.online"]}]}},"_links":{"self":[{"href":"https:\/\/wordpress.callac.online\/index.php\/wp-json\/wp\/v2\/pages\/1087","targetHints":{"allow":["GET"]}}],"collection":[{"href":"https:\/\/wordpress.callac.online\/index.php\/wp-json\/wp\/v2\/pages"}],"about":[{"href":"https:\/\/wordpress.callac.online\/index.php\/wp-json\/wp\/v2\/types\/page"}],"author":[{"embeddable":true,"href":"https:\/\/wordpress.callac.online\/index.php\/wp-json\/wp\/v2\/users\/1"}],"replies":[{"embeddable":true,"href":"https:\/\/wordpress.callac.online\/index.php\/wp-json\/wp\/v2\/comments?post=1087"}],"version-history":[{"count":5,"href":"https:\/\/wordpress.callac.online\/index.php\/wp-json\/wp\/v2\/pages\/1087\/revisions"}],"predecessor-version":[{"id":2812,"href":"https:\/\/wordpress.callac.online\/index.php\/wp-json\/wp\/v2\/pages\/1087\/revisions\/2812"}],"wp:attachment":[{"href":"https:\/\/wordpress.callac.online\/index.php\/wp-json\/wp\/v2\/media?parent=1087"}],"curies":[{"name":"wp","href":"https:\/\/api.w.org\/{rel}","templated":true}]}}