{"id":1089,"date":"2020-07-22T15:27:56","date_gmt":"2020-07-22T13:27:56","guid":{"rendered":"http:\/\/wordpress.callac.online\/?page_id=1089"},"modified":"2023-10-14T20:12:35","modified_gmt":"2023-10-14T18:12:35","slug":"metapost","status":"publish","type":"page","link":"https:\/\/wordpress.callac.online\/index.php\/edition-mathematique\/metapost\/","title":{"rendered":"Metapost"},"content":{"rendered":"\n<div class=\"wp-block-image\"><figure class=\"alignright size-large is-resized\"><img loading=\"lazy\" decoding=\"async\" src=\"http:\/\/wordpress.callac.online\/wp-content\/uploads\/2020\/07\/rubon4.png\" alt=\"\" class=\"wp-image-1700\" width=\"58\" height=\"58\"\/><\/figure><\/div>\n\n\n\n<p>Informations pratiques sur Metapost : utilisation avec Gedit, sous Ubuntu, explications, galeries d&rsquo;exemples (figures g\u00e9om\u00e9triques, arbres, graphes, courbes, &#8230;)<\/p>\n\n\n\n<div id=\"ccchildpages-1\" class=\"ccchildpages ccflex  simple ccclearfix\"><ul class=\"ccchildpages_list ccclearfix\"><li class=\"page_item page-item-2416 page_item_has_children\"><a href=\"https:\/\/wordpress.callac.online\/index.php\/edition-mathematique\/metapost\/gedit-mon-editeur-metapost\/\">Gedit : mon \u00e9diteur Metapost<\/a>\n<ul class='children'>\n\t<li class=\"page_item page-item-216\"><a href=\"https:\/\/wordpress.callac.online\/index.php\/edition-mathematique\/metapost\/gedit-mon-editeur-metapost\/linstallation-de-mes-outils-pour-metapost-et-latex-avec-gedit\/\">Configuration de Gedit pour Metapost et LaTeX<\/a><\/li>\n\t<li class=\"page_item page-item-120\"><a href=\"https:\/\/wordpress.callac.online\/index.php\/edition-mathematique\/metapost\/gedit-mon-editeur-metapost\/mes-fichiers-personnels-metapost\/\">Mes fichiers personnels Metapost<\/a><\/li>\n\t<li class=\"page_item page-item-215\"><a href=\"https:\/\/wordpress.callac.online\/index.php\/edition-mathematique\/metapost\/gedit-mon-editeur-metapost\/editer-un-fichier-metapost-sous-gedit\/\">Editer un fichier Metapost sous Gedit<\/a><\/li>\n<\/ul>\n<\/li>\n<li class=\"page_item page-item-2412 page_item_has_children\"><a href=\"https:\/\/wordpress.callac.online\/index.php\/edition-mathematique\/metapost\/figures-geometriques\/\">Figures g\u00e9om\u00e9triques<\/a>\n<ul class='children'>\n\t<li class=\"page_item page-item-53\"><a href=\"https:\/\/wordpress.callac.online\/index.php\/edition-mathematique\/metapost\/figures-geometriques\/comment-creer-une-figure\/\">Comment cr\u00e9er une figure ?<\/a><\/li>\n\t<li class=\"page_item page-item-54\"><a href=\"https:\/\/wordpress.callac.online\/index.php\/edition-mathematique\/metapost\/figures-geometriques\/figure-classique-ou-figure-a-main-levee\/\">Figure classique ou figure \u00e0  main lev\u00e9e ?<\/a><\/li>\n\t<li class=\"page_item page-item-55\"><a href=\"https:\/\/wordpress.callac.online\/index.php\/edition-mathematique\/metapost\/figures-geometriques\/dessiner-et-nommer-un-point\/\">Dessiner et nommer un point<\/a><\/li>\n\t<li class=\"page_item page-item-59\"><a href=\"https:\/\/wordpress.callac.online\/index.php\/edition-mathematique\/metapost\/figures-geometriques\/les-transformations\/\">Les transformations<\/a><\/li>\n\t<li class=\"page_item page-item-65\"><a href=\"https:\/\/wordpress.callac.online\/index.php\/edition-mathematique\/metapost\/figures-geometriques\/des-exemples-de-figures-a-main-levee\/\">Des exemples de figures \u00e0 main lev\u00e9e<\/a><\/li>\n\t<li class=\"page_item page-item-56\"><a href=\"https:\/\/wordpress.callac.online\/index.php\/edition-mathematique\/metapost\/figures-geometriques\/des-exemples-de-triangles\/\">Des exemples de triangles<\/a><\/li>\n\t<li class=\"page_item page-item-57\"><a href=\"https:\/\/wordpress.callac.online\/index.php\/edition-mathematique\/metapost\/figures-geometriques\/des-exemples-de-quadrilateres-particuliers\/\">Des exemples de quadrilat\u00e8res particuliers<\/a><\/li>\n\t<li class=\"page_item page-item-60\"><a href=\"https:\/\/wordpress.callac.online\/index.php\/edition-mathematique\/metapost\/figures-geometriques\/les-droites-remarquables\/\">Les droites remarquables<\/a><\/li>\n\t<li class=\"page_item page-item-58\"><a href=\"https:\/\/wordpress.callac.online\/index.php\/edition-mathematique\/metapost\/figures-geometriques\/des-exemples-de-solides\/\">Des exemples de solides<\/a><\/li>\n<\/ul>\n<\/li>\n<li class=\"page_item page-item-2414 page_item_has_children\"><a href=\"https:\/\/wordpress.callac.online\/index.php\/edition-mathematique\/metapost\/divers\/\">Divers<\/a>\n<ul class='children'>\n\t<li class=\"page_item page-item-96\"><a href=\"https:\/\/wordpress.callac.online\/index.php\/edition-mathematique\/metapost\/divers\/comment-tracer-une-courbe-de-fonction\/\">Comment tracer une courbe de fonction ?<\/a><\/li>\n\t<li class=\"page_item page-item-121\"><a href=\"https:\/\/wordpress.callac.online\/index.php\/edition-mathematique\/metapost\/divers\/les-instruments-de-geometrie\/\">Les instruments de g\u00e9om\u00e9trie<\/a><\/li>\n\t<li class=\"page_item page-item-74\"><a href=\"https:\/\/wordpress.callac.online\/index.php\/edition-mathematique\/metapost\/divers\/une-galerie-dintervalles\/\">Une galerie d&rsquo;intervalles<\/a><\/li>\n<\/ul>\n<\/li>\n<li class=\"page_item page-item-2420 page_item_has_children\"><a href=\"https:\/\/wordpress.callac.online\/index.php\/edition-mathematique\/metapost\/les-graphes\/\">Les graphes<\/a>\n<ul class='children'>\n\t<li class=\"page_item page-item-123\"><a href=\"https:\/\/wordpress.callac.online\/index.php\/edition-mathematique\/metapost\/les-graphes\/les-graphes-probabilistes-avec-metapost\/\">Les graphes probabilistes avec Metapost<\/a><\/li>\n\t<li class=\"page_item page-item-124\"><a href=\"https:\/\/wordpress.callac.online\/index.php\/edition-mathematique\/metapost\/les-graphes\/exemples-de-graphes-avec-metapost\/\">Exemples de graphes avec Metapost<\/a><\/li>\n<\/ul>\n<\/li>\n<li class=\"page_item page-item-2410 page_item_has_children\"><a href=\"https:\/\/wordpress.callac.online\/index.php\/edition-mathematique\/metapost\/arbres-de-probabilite\/\">Arbres de probabilit\u00e9<\/a>\n<ul class='children'>\n\t<li class=\"page_item page-item-93\"><a href=\"https:\/\/wordpress.callac.online\/index.php\/edition-mathematique\/metapost\/arbres-de-probabilite\/un-arbre-de-probabilite-2x2-2\/\">Un arbre de probabilit\u00e9 2&#215;2<\/a><\/li>\n\t<li class=\"page_item page-item-92\"><a href=\"https:\/\/wordpress.callac.online\/index.php\/edition-mathematique\/metapost\/arbres-de-probabilite\/un-arbre-de-probabilite-2x3-2\/\">Un arbre de probabilit\u00e9 2&#215;3<\/a><\/li>\n\t<li class=\"page_item page-item-91\"><a href=\"https:\/\/wordpress.callac.online\/index.php\/edition-mathematique\/metapost\/arbres-de-probabilite\/un-arbre-de-probabilite-3x2-2\/\">Un arbre de probabilit\u00e9 3&#215;2<\/a><\/li>\n\t<li class=\"page_item page-item-238\"><a href=\"https:\/\/wordpress.callac.online\/index.php\/edition-mathematique\/metapost\/arbres-de-probabilite\/un-arbre-de-probabilite-3x3\/\">Un arbre de probabilit\u00e9 3&#215;3<\/a><\/li>\n\t<li class=\"page_item page-item-90\"><a href=\"https:\/\/wordpress.callac.online\/index.php\/edition-mathematique\/metapost\/arbres-de-probabilite\/un-arbre-de-bernoulli-a-2-niveaux\/\">Un arbre de Bernoulli \u00e0 2 niveaux<\/a><\/li>\n\t<li class=\"page_item page-item-89\"><a href=\"https:\/\/wordpress.callac.online\/index.php\/edition-mathematique\/metapost\/arbres-de-probabilite\/un-arbre-de-bernoulli-a-3-niveaux\/\">Un arbre de Bernoulli \u00e0 3 niveaux<\/a><\/li>\n\t<li class=\"page_item page-item-88\"><a href=\"https:\/\/wordpress.callac.online\/index.php\/edition-mathematique\/metapost\/arbres-de-probabilite\/un-arbre-de-bernoulli-a-4-niveaux\/\">Un arbre de Bernoulli \u00e0 4 niveaux<\/a><\/li>\n<\/ul>\n<\/li>\n<li class=\"page_item page-item-2408 page_item_has_children\"><a href=\"https:\/\/wordpress.callac.online\/index.php\/edition-mathematique\/metapost\/animations-avec-metapost\/\">Animations avec Metapost<\/a>\n<ul class='children'>\n\t<li class=\"page_item page-item-79\"><a href=\"https:\/\/wordpress.callac.online\/index.php\/edition-mathematique\/metapost\/animations-avec-metapost\/section-dune-boule-animation\/\">Section d&rsquo;une boule<\/a><\/li>\n\t<li class=\"page_item page-item-122\"><a href=\"https:\/\/wordpress.callac.online\/index.php\/edition-mathematique\/metapost\/animations-avec-metapost\/exemples-de-pavages-par-symetrie-centrale\/\">Exemples de pavages par sym\u00e9trie centrale<\/a><\/li>\n\t<li class=\"page_item page-item-2500 page_item_has_children\"><a href=\"https:\/\/wordpress.callac.online\/index.php\/edition-mathematique\/metapost\/animations-avec-metapost\/animations-sur-pythagore\/\">Animations sur Pythagore<\/a><\/li>\n\t<li class=\"page_item page-item-81\"><a href=\"https:\/\/wordpress.callac.online\/index.php\/edition-mathematique\/metapost\/animations-avec-metapost\/section-dun-cube-parallelement-a-sa-base-animation\/\">Section d&rsquo;un cube parall\u00e8lement \u00e0 sa base<\/a><\/li>\n\t<li class=\"page_item page-item-75\"><a href=\"https:\/\/wordpress.callac.online\/index.php\/edition-mathematique\/metapost\/animations-avec-metapost\/sections-dun-cube-par-des-plans-paralleles-animation\/\">Sections d&rsquo;un cube par des plans parall\u00e8les<\/a><\/li>\n\t<li class=\"page_item page-item-87\"><a href=\"https:\/\/wordpress.callac.online\/index.php\/edition-mathematique\/metapost\/animations-avec-metapost\/sections-dun-pave-droit-par-des-plans-paralleles-a-une-arete\/\">Sections d&rsquo;un pav\u00e9 droit par des plans parall\u00e8les \u00e0 une ar\u00eate<\/a><\/li>\n\t<li class=\"page_item page-item-82\"><a href=\"https:\/\/wordpress.callac.online\/index.php\/edition-mathematique\/metapost\/animations-avec-metapost\/section-dun-cylindre-parallelement-a-sa-base-animation\/\">Section d&rsquo;un cylindre parall\u00e8lement \u00e0 sa base<\/a><\/li>\n\t<li class=\"page_item page-item-84\"><a href=\"https:\/\/wordpress.callac.online\/index.php\/edition-mathematique\/metapost\/animations-avec-metapost\/section-dun-cylindre-couche\/\">Section d&rsquo;un cylindre couch\u00e9<\/a><\/li>\n\t<li class=\"page_item page-item-78\"><a href=\"https:\/\/wordpress.callac.online\/index.php\/edition-mathematique\/metapost\/animations-avec-metapost\/section-dune-pyramide-reguliere-a-base-carree-animation\/\">Section d&rsquo;une pyramide r\u00e9guli\u00e8re \u00e0 base carr\u00e9e<\/a><\/li>\n\t<li class=\"page_item page-item-80\"><a href=\"https:\/\/wordpress.callac.online\/index.php\/edition-mathematique\/metapost\/animations-avec-metapost\/section-dun-cone-de-revolution-animation\/\">Section d&rsquo;un c\u00f4ne de r\u00e9volution<\/a><\/li>\n<\/ul>\n<\/li><\/ul><\/div>\n","protected":false},"excerpt":{"rendered":"<p>Informations pratiques sur Metapost : utilisation avec Gedit, sous Ubuntu, explications, galeries d&rsquo;exemples (figures g\u00e9om\u00e9triques, arbres, graphes, courbes, &#8230;)<\/p>\n","protected":false},"author":1,"featured_media":0,"parent":972,"menu_order":4,"comment_status":"closed","ping_status":"closed","template":"","meta":{"footnotes":""},"class_list":["post-1089","page","type-page","status-publish","hentry"],"yoast_head":"<!-- This site is optimized with the Yoast SEO plugin v27.1.1 - https:\/\/yoast.com\/product\/yoast-seo-wordpress\/ -->\n<title>Metapost - Maths &amp; Num\u00e9rique<\/title>\n<meta name=\"robots\" content=\"index, follow, max-snippet:-1, max-image-preview:large, max-video-preview:-1\" \/>\n<link rel=\"canonical\" href=\"https:\/\/wordpress.callac.online\/index.php\/edition-mathematique\/metapost\/\" \/>\n<meta property=\"og:locale\" content=\"fr_FR\" \/>\n<meta property=\"og:type\" content=\"article\" \/>\n<meta property=\"og:title\" content=\"Metapost - Maths &amp; Num\u00e9rique\" \/>\n<meta property=\"og:description\" content=\"Informations pratiques sur Metapost : utilisation avec Gedit, sous Ubuntu, explications, galeries d&rsquo;exemples (figures g\u00e9om\u00e9triques, arbres, graphes, courbes, &#8230;)\" \/>\n<meta property=\"og:url\" content=\"https:\/\/wordpress.callac.online\/index.php\/edition-mathematique\/metapost\/\" \/>\n<meta property=\"og:site_name\" content=\"Maths &amp; Num\u00e9rique\" \/>\n<meta property=\"article:modified_time\" content=\"2023-10-14T18:12:35+00:00\" \/>\n<meta property=\"og:image\" content=\"http:\/\/wordpress.callac.online\/wp-content\/uploads\/2020\/07\/rubon4.png\" \/>\n<meta name=\"twitter:card\" content=\"summary_large_image\" \/>\n<script type=\"application\/ld+json\" class=\"yoast-schema-graph\">{\"@context\":\"https:\/\/schema.org\",\"@graph\":[{\"@type\":\"WebPage\",\"@id\":\"https:\/\/wordpress.callac.online\/index.php\/edition-mathematique\/metapost\/\",\"url\":\"https:\/\/wordpress.callac.online\/index.php\/edition-mathematique\/metapost\/\",\"name\":\"Metapost - Maths &amp; Num\u00e9rique\",\"isPartOf\":{\"@id\":\"https:\/\/wordpress.callac.online\/#website\"},\"primaryImageOfPage\":{\"@id\":\"https:\/\/wordpress.callac.online\/index.php\/edition-mathematique\/metapost\/#primaryimage\"},\"image\":{\"@id\":\"https:\/\/wordpress.callac.online\/index.php\/edition-mathematique\/metapost\/#primaryimage\"},\"thumbnailUrl\":\"http:\/\/wordpress.callac.online\/wp-content\/uploads\/2020\/07\/rubon4.png\",\"datePublished\":\"2020-07-22T13:27:56+00:00\",\"dateModified\":\"2023-10-14T18:12:35+00:00\",\"breadcrumb\":{\"@id\":\"https:\/\/wordpress.callac.online\/index.php\/edition-mathematique\/metapost\/#breadcrumb\"},\"inLanguage\":\"fr-FR\",\"potentialAction\":[{\"@type\":\"ReadAction\",\"target\":[\"https:\/\/wordpress.callac.online\/index.php\/edition-mathematique\/metapost\/\"]}]},{\"@type\":\"ImageObject\",\"inLanguage\":\"fr-FR\",\"@id\":\"https:\/\/wordpress.callac.online\/index.php\/edition-mathematique\/metapost\/#primaryimage\",\"url\":\"https:\/\/wordpress.callac.online\/wp-content\/uploads\/2020\/07\/rubon4.png\",\"contentUrl\":\"https:\/\/wordpress.callac.online\/wp-content\/uploads\/2020\/07\/rubon4.png\",\"width\":60,\"height\":60},{\"@type\":\"BreadcrumbList\",\"@id\":\"https:\/\/wordpress.callac.online\/index.php\/edition-mathematique\/metapost\/#breadcrumb\",\"itemListElement\":[{\"@type\":\"ListItem\",\"position\":1,\"name\":\"Accueil\",\"item\":\"https:\/\/wordpress.callac.online\/\"},{\"@type\":\"ListItem\",\"position\":2,\"name\":\"\u00c9dition math\u00e9matique\",\"item\":\"https:\/\/wordpress.callac.online\/index.php\/edition-mathematique\/\"},{\"@type\":\"ListItem\",\"position\":3,\"name\":\"Metapost\"}]},{\"@type\":\"WebSite\",\"@id\":\"https:\/\/wordpress.callac.online\/#website\",\"url\":\"https:\/\/wordpress.callac.online\/\",\"name\":\"Maths & Num\u00e9rique\",\"description\":\"Des outils pour les enseignants de math\u00e9matiques et de num\u00e9rique\",\"publisher\":{\"@id\":\"https:\/\/wordpress.callac.online\/#\/schema\/person\/04061f1ca2c2c42039142a704be95940\"},\"potentialAction\":[{\"@type\":\"SearchAction\",\"target\":{\"@type\":\"EntryPoint\",\"urlTemplate\":\"https:\/\/wordpress.callac.online\/?s={search_term_string}\"},\"query-input\":{\"@type\":\"PropertyValueSpecification\",\"valueRequired\":true,\"valueName\":\"search_term_string\"}}],\"inLanguage\":\"fr-FR\"},{\"@type\":[\"Person\",\"Organization\"],\"@id\":\"https:\/\/wordpress.callac.online\/#\/schema\/person\/04061f1ca2c2c42039142a704be95940\",\"name\":\"dlefur\",\"image\":{\"@type\":\"ImageObject\",\"inLanguage\":\"fr-FR\",\"@id\":\"https:\/\/wordpress.callac.online\/#\/schema\/person\/image\/\",\"url\":\"https:\/\/secure.gravatar.com\/avatar\/4a9e17be136808c6597f28aa2b6c13126dab066fdc2198ff60090972c9b7fafc?s=96&d=mm&r=g\",\"contentUrl\":\"https:\/\/secure.gravatar.com\/avatar\/4a9e17be136808c6597f28aa2b6c13126dab066fdc2198ff60090972c9b7fafc?s=96&d=mm&r=g\",\"caption\":\"dlefur\"},\"logo\":{\"@id\":\"https:\/\/wordpress.callac.online\/#\/schema\/person\/image\/\"},\"description\":\"Enseignant de math\u00e9matiques Lyc\u00e9e Pasteur S\u00e3o Paulo\",\"sameAs\":[\"http:\/\/wordpress.callac.online\"]}]}<\/script>\n<!-- \/ Yoast SEO plugin. -->","yoast_head_json":{"title":"Metapost - Maths &amp; Num\u00e9rique","robots":{"index":"index","follow":"follow","max-snippet":"max-snippet:-1","max-image-preview":"max-image-preview:large","max-video-preview":"max-video-preview:-1"},"canonical":"https:\/\/wordpress.callac.online\/index.php\/edition-mathematique\/metapost\/","og_locale":"fr_FR","og_type":"article","og_title":"Metapost - Maths &amp; Num\u00e9rique","og_description":"Informations pratiques sur Metapost : utilisation avec Gedit, sous Ubuntu, explications, galeries d&rsquo;exemples (figures g\u00e9om\u00e9triques, arbres, graphes, courbes, &#8230;)","og_url":"https:\/\/wordpress.callac.online\/index.php\/edition-mathematique\/metapost\/","og_site_name":"Maths &amp; Num\u00e9rique","article_modified_time":"2023-10-14T18:12:35+00:00","og_image":[{"url":"http:\/\/wordpress.callac.online\/wp-content\/uploads\/2020\/07\/rubon4.png","type":"","width":"","height":""}],"twitter_card":"summary_large_image","schema":{"@context":"https:\/\/schema.org","@graph":[{"@type":"WebPage","@id":"https:\/\/wordpress.callac.online\/index.php\/edition-mathematique\/metapost\/","url":"https:\/\/wordpress.callac.online\/index.php\/edition-mathematique\/metapost\/","name":"Metapost - Maths &amp; Num\u00e9rique","isPartOf":{"@id":"https:\/\/wordpress.callac.online\/#website"},"primaryImageOfPage":{"@id":"https:\/\/wordpress.callac.online\/index.php\/edition-mathematique\/metapost\/#primaryimage"},"image":{"@id":"https:\/\/wordpress.callac.online\/index.php\/edition-mathematique\/metapost\/#primaryimage"},"thumbnailUrl":"http:\/\/wordpress.callac.online\/wp-content\/uploads\/2020\/07\/rubon4.png","datePublished":"2020-07-22T13:27:56+00:00","dateModified":"2023-10-14T18:12:35+00:00","breadcrumb":{"@id":"https:\/\/wordpress.callac.online\/index.php\/edition-mathematique\/metapost\/#breadcrumb"},"inLanguage":"fr-FR","potentialAction":[{"@type":"ReadAction","target":["https:\/\/wordpress.callac.online\/index.php\/edition-mathematique\/metapost\/"]}]},{"@type":"ImageObject","inLanguage":"fr-FR","@id":"https:\/\/wordpress.callac.online\/index.php\/edition-mathematique\/metapost\/#primaryimage","url":"https:\/\/wordpress.callac.online\/wp-content\/uploads\/2020\/07\/rubon4.png","contentUrl":"https:\/\/wordpress.callac.online\/wp-content\/uploads\/2020\/07\/rubon4.png","width":60,"height":60},{"@type":"BreadcrumbList","@id":"https:\/\/wordpress.callac.online\/index.php\/edition-mathematique\/metapost\/#breadcrumb","itemListElement":[{"@type":"ListItem","position":1,"name":"Accueil","item":"https:\/\/wordpress.callac.online\/"},{"@type":"ListItem","position":2,"name":"\u00c9dition math\u00e9matique","item":"https:\/\/wordpress.callac.online\/index.php\/edition-mathematique\/"},{"@type":"ListItem","position":3,"name":"Metapost"}]},{"@type":"WebSite","@id":"https:\/\/wordpress.callac.online\/#website","url":"https:\/\/wordpress.callac.online\/","name":"Maths & Num\u00e9rique","description":"Des outils pour les enseignants de math\u00e9matiques et de num\u00e9rique","publisher":{"@id":"https:\/\/wordpress.callac.online\/#\/schema\/person\/04061f1ca2c2c42039142a704be95940"},"potentialAction":[{"@type":"SearchAction","target":{"@type":"EntryPoint","urlTemplate":"https:\/\/wordpress.callac.online\/?s={search_term_string}"},"query-input":{"@type":"PropertyValueSpecification","valueRequired":true,"valueName":"search_term_string"}}],"inLanguage":"fr-FR"},{"@type":["Person","Organization"],"@id":"https:\/\/wordpress.callac.online\/#\/schema\/person\/04061f1ca2c2c42039142a704be95940","name":"dlefur","image":{"@type":"ImageObject","inLanguage":"fr-FR","@id":"https:\/\/wordpress.callac.online\/#\/schema\/person\/image\/","url":"https:\/\/secure.gravatar.com\/avatar\/4a9e17be136808c6597f28aa2b6c13126dab066fdc2198ff60090972c9b7fafc?s=96&d=mm&r=g","contentUrl":"https:\/\/secure.gravatar.com\/avatar\/4a9e17be136808c6597f28aa2b6c13126dab066fdc2198ff60090972c9b7fafc?s=96&d=mm&r=g","caption":"dlefur"},"logo":{"@id":"https:\/\/wordpress.callac.online\/#\/schema\/person\/image\/"},"description":"Enseignant de math\u00e9matiques Lyc\u00e9e Pasteur S\u00e3o Paulo","sameAs":["http:\/\/wordpress.callac.online"]}]}},"_links":{"self":[{"href":"https:\/\/wordpress.callac.online\/index.php\/wp-json\/wp\/v2\/pages\/1089","targetHints":{"allow":["GET"]}}],"collection":[{"href":"https:\/\/wordpress.callac.online\/index.php\/wp-json\/wp\/v2\/pages"}],"about":[{"href":"https:\/\/wordpress.callac.online\/index.php\/wp-json\/wp\/v2\/types\/page"}],"author":[{"embeddable":true,"href":"https:\/\/wordpress.callac.online\/index.php\/wp-json\/wp\/v2\/users\/1"}],"replies":[{"embeddable":true,"href":"https:\/\/wordpress.callac.online\/index.php\/wp-json\/wp\/v2\/comments?post=1089"}],"version-history":[{"count":6,"href":"https:\/\/wordpress.callac.online\/index.php\/wp-json\/wp\/v2\/pages\/1089\/revisions"}],"predecessor-version":[{"id":2821,"href":"https:\/\/wordpress.callac.online\/index.php\/wp-json\/wp\/v2\/pages\/1089\/revisions\/2821"}],"up":[{"embeddable":true,"href":"https:\/\/wordpress.callac.online\/index.php\/wp-json\/wp\/v2\/pages\/972"}],"wp:attachment":[{"href":"https:\/\/wordpress.callac.online\/index.php\/wp-json\/wp\/v2\/media?parent=1089"}],"curies":[{"name":"wp","href":"https:\/\/api.w.org\/{rel}","templated":true}]}}