{"id":109,"date":"2007-09-07T20:23:28","date_gmt":"2007-09-07T18:23:28","guid":{"rendered":"http:\/\/wordpress.callac.online\/index.php\/fiche-sur-le-theoreme-de-thales\/"},"modified":"2023-10-14T20:11:55","modified_gmt":"2023-10-14T18:11:55","slug":"fiche-sur-le-theoreme-de-thales","status":"publish","type":"page","link":"https:\/\/wordpress.callac.online\/index.php\/mes-partages\/pour-le-college\/archives-pour-le-college\/des-fiches-pour-le-college\/fiche-sur-le-theoreme-de-thales\/","title":{"rendered":"Fiche sur le th\u00e9or\u00e8me de Thal\u00e8s"},"content":{"rendered":"<p><a href=\"IMG\/swf\/th-thales-2.swf\">th-thales-2.swf<\/a><\/p>\n","protected":false},"excerpt":{"rendered":"<p>th-thales-2.swf<\/p>\n","protected":false},"author":1,"featured_media":0,"parent":2525,"menu_order":2,"comment_status":"closed","ping_status":"closed","template":"","meta":{"footnotes":""},"class_list":["post-109","page","type-page","status-publish","hentry"],"yoast_head":"<!-- This site is optimized with the Yoast SEO plugin v27.1.1 - https:\/\/yoast.com\/product\/yoast-seo-wordpress\/ -->\n<title>Fiche sur le th\u00e9or\u00e8me de Thal\u00e8s - Maths &amp; Num\u00e9rique<\/title>\n<meta name=\"robots\" content=\"index, follow, max-snippet:-1, max-image-preview:large, max-video-preview:-1\" \/>\n<link rel=\"canonical\" href=\"https:\/\/wordpress.callac.online\/index.php\/mes-partages\/pour-le-college\/archives-pour-le-college\/des-fiches-pour-le-college\/fiche-sur-le-theoreme-de-thales\/\" \/>\n<meta property=\"og:locale\" content=\"fr_FR\" \/>\n<meta property=\"og:type\" content=\"article\" \/>\n<meta property=\"og:title\" content=\"Fiche sur le th\u00e9or\u00e8me de Thal\u00e8s - Maths &amp; Num\u00e9rique\" \/>\n<meta property=\"og:description\" content=\"th-thales-2.swf\" \/>\n<meta property=\"og:url\" content=\"https:\/\/wordpress.callac.online\/index.php\/mes-partages\/pour-le-college\/archives-pour-le-college\/des-fiches-pour-le-college\/fiche-sur-le-theoreme-de-thales\/\" \/>\n<meta property=\"og:site_name\" content=\"Maths &amp; Num\u00e9rique\" \/>\n<meta property=\"article:modified_time\" content=\"2023-10-14T18:11:55+00:00\" \/>\n<meta name=\"twitter:card\" content=\"summary_large_image\" \/>\n<script type=\"application\/ld+json\" class=\"yoast-schema-graph\">{\"@context\":\"https:\/\/schema.org\",\"@graph\":[{\"@type\":\"WebPage\",\"@id\":\"https:\/\/wordpress.callac.online\/index.php\/mes-partages\/pour-le-college\/archives-pour-le-college\/des-fiches-pour-le-college\/fiche-sur-le-theoreme-de-thales\/\",\"url\":\"https:\/\/wordpress.callac.online\/index.php\/mes-partages\/pour-le-college\/archives-pour-le-college\/des-fiches-pour-le-college\/fiche-sur-le-theoreme-de-thales\/\",\"name\":\"Fiche sur le th\u00e9or\u00e8me de Thal\u00e8s - Maths &amp; Num\u00e9rique\",\"isPartOf\":{\"@id\":\"https:\/\/wordpress.callac.online\/#website\"},\"datePublished\":\"2007-09-07T18:23:28+00:00\",\"dateModified\":\"2023-10-14T18:11:55+00:00\",\"breadcrumb\":{\"@id\":\"https:\/\/wordpress.callac.online\/index.php\/mes-partages\/pour-le-college\/archives-pour-le-college\/des-fiches-pour-le-college\/fiche-sur-le-theoreme-de-thales\/#breadcrumb\"},\"inLanguage\":\"fr-FR\",\"potentialAction\":[{\"@type\":\"ReadAction\",\"target\":[\"https:\/\/wordpress.callac.online\/index.php\/mes-partages\/pour-le-college\/archives-pour-le-college\/des-fiches-pour-le-college\/fiche-sur-le-theoreme-de-thales\/\"]}]},{\"@type\":\"BreadcrumbList\",\"@id\":\"https:\/\/wordpress.callac.online\/index.php\/mes-partages\/pour-le-college\/archives-pour-le-college\/des-fiches-pour-le-college\/fiche-sur-le-theoreme-de-thales\/#breadcrumb\",\"itemListElement\":[{\"@type\":\"ListItem\",\"position\":1,\"name\":\"Accueil\",\"item\":\"https:\/\/wordpress.callac.online\/\"},{\"@type\":\"ListItem\",\"position\":2,\"name\":\"Mes partages\",\"item\":\"https:\/\/wordpress.callac.online\/index.php\/mes-partages\/\"},{\"@type\":\"ListItem\",\"position\":3,\"name\":\"Pour le coll\u00e8ge\",\"item\":\"https:\/\/wordpress.callac.online\/index.php\/mes-partages\/pour-le-college\/\"},{\"@type\":\"ListItem\",\"position\":4,\"name\":\"Archives pour le coll\u00e8ge\",\"item\":\"https:\/\/wordpress.callac.online\/index.php\/mes-partages\/pour-le-college\/archives-pour-le-college\/\"},{\"@type\":\"ListItem\",\"position\":5,\"name\":\"Des fiches pour le coll\u00e8ge\",\"item\":\"https:\/\/wordpress.callac.online\/index.php\/mes-partages\/pour-le-college\/archives-pour-le-college\/des-fiches-pour-le-college\/\"},{\"@type\":\"ListItem\",\"position\":6,\"name\":\"Fiche sur le th\u00e9or\u00e8me de Thal\u00e8s\"}]},{\"@type\":\"WebSite\",\"@id\":\"https:\/\/wordpress.callac.online\/#website\",\"url\":\"https:\/\/wordpress.callac.online\/\",\"name\":\"Maths & Num\u00e9rique\",\"description\":\"Des outils pour les enseignants de math\u00e9matiques et de num\u00e9rique\",\"publisher\":{\"@id\":\"https:\/\/wordpress.callac.online\/#\/schema\/person\/04061f1ca2c2c42039142a704be95940\"},\"potentialAction\":[{\"@type\":\"SearchAction\",\"target\":{\"@type\":\"EntryPoint\",\"urlTemplate\":\"https:\/\/wordpress.callac.online\/?s={search_term_string}\"},\"query-input\":{\"@type\":\"PropertyValueSpecification\",\"valueRequired\":true,\"valueName\":\"search_term_string\"}}],\"inLanguage\":\"fr-FR\"},{\"@type\":[\"Person\",\"Organization\"],\"@id\":\"https:\/\/wordpress.callac.online\/#\/schema\/person\/04061f1ca2c2c42039142a704be95940\",\"name\":\"dlefur\",\"image\":{\"@type\":\"ImageObject\",\"inLanguage\":\"fr-FR\",\"@id\":\"https:\/\/wordpress.callac.online\/#\/schema\/person\/image\/\",\"url\":\"https:\/\/secure.gravatar.com\/avatar\/4a9e17be136808c6597f28aa2b6c13126dab066fdc2198ff60090972c9b7fafc?s=96&d=mm&r=g\",\"contentUrl\":\"https:\/\/secure.gravatar.com\/avatar\/4a9e17be136808c6597f28aa2b6c13126dab066fdc2198ff60090972c9b7fafc?s=96&d=mm&r=g\",\"caption\":\"dlefur\"},\"logo\":{\"@id\":\"https:\/\/wordpress.callac.online\/#\/schema\/person\/image\/\"},\"description\":\"Enseignant de math\u00e9matiques Lyc\u00e9e Pasteur S\u00e3o Paulo\",\"sameAs\":[\"http:\/\/wordpress.callac.online\"]}]}<\/script>\n<!-- \/ Yoast SEO plugin. -->","yoast_head_json":{"title":"Fiche sur le th\u00e9or\u00e8me de Thal\u00e8s - Maths &amp; Num\u00e9rique","robots":{"index":"index","follow":"follow","max-snippet":"max-snippet:-1","max-image-preview":"max-image-preview:large","max-video-preview":"max-video-preview:-1"},"canonical":"https:\/\/wordpress.callac.online\/index.php\/mes-partages\/pour-le-college\/archives-pour-le-college\/des-fiches-pour-le-college\/fiche-sur-le-theoreme-de-thales\/","og_locale":"fr_FR","og_type":"article","og_title":"Fiche sur le th\u00e9or\u00e8me de Thal\u00e8s - Maths &amp; Num\u00e9rique","og_description":"th-thales-2.swf","og_url":"https:\/\/wordpress.callac.online\/index.php\/mes-partages\/pour-le-college\/archives-pour-le-college\/des-fiches-pour-le-college\/fiche-sur-le-theoreme-de-thales\/","og_site_name":"Maths &amp; Num\u00e9rique","article_modified_time":"2023-10-14T18:11:55+00:00","twitter_card":"summary_large_image","schema":{"@context":"https:\/\/schema.org","@graph":[{"@type":"WebPage","@id":"https:\/\/wordpress.callac.online\/index.php\/mes-partages\/pour-le-college\/archives-pour-le-college\/des-fiches-pour-le-college\/fiche-sur-le-theoreme-de-thales\/","url":"https:\/\/wordpress.callac.online\/index.php\/mes-partages\/pour-le-college\/archives-pour-le-college\/des-fiches-pour-le-college\/fiche-sur-le-theoreme-de-thales\/","name":"Fiche sur le th\u00e9or\u00e8me de Thal\u00e8s - Maths &amp; Num\u00e9rique","isPartOf":{"@id":"https:\/\/wordpress.callac.online\/#website"},"datePublished":"2007-09-07T18:23:28+00:00","dateModified":"2023-10-14T18:11:55+00:00","breadcrumb":{"@id":"https:\/\/wordpress.callac.online\/index.php\/mes-partages\/pour-le-college\/archives-pour-le-college\/des-fiches-pour-le-college\/fiche-sur-le-theoreme-de-thales\/#breadcrumb"},"inLanguage":"fr-FR","potentialAction":[{"@type":"ReadAction","target":["https:\/\/wordpress.callac.online\/index.php\/mes-partages\/pour-le-college\/archives-pour-le-college\/des-fiches-pour-le-college\/fiche-sur-le-theoreme-de-thales\/"]}]},{"@type":"BreadcrumbList","@id":"https:\/\/wordpress.callac.online\/index.php\/mes-partages\/pour-le-college\/archives-pour-le-college\/des-fiches-pour-le-college\/fiche-sur-le-theoreme-de-thales\/#breadcrumb","itemListElement":[{"@type":"ListItem","position":1,"name":"Accueil","item":"https:\/\/wordpress.callac.online\/"},{"@type":"ListItem","position":2,"name":"Mes partages","item":"https:\/\/wordpress.callac.online\/index.php\/mes-partages\/"},{"@type":"ListItem","position":3,"name":"Pour le coll\u00e8ge","item":"https:\/\/wordpress.callac.online\/index.php\/mes-partages\/pour-le-college\/"},{"@type":"ListItem","position":4,"name":"Archives pour le coll\u00e8ge","item":"https:\/\/wordpress.callac.online\/index.php\/mes-partages\/pour-le-college\/archives-pour-le-college\/"},{"@type":"ListItem","position":5,"name":"Des fiches pour le coll\u00e8ge","item":"https:\/\/wordpress.callac.online\/index.php\/mes-partages\/pour-le-college\/archives-pour-le-college\/des-fiches-pour-le-college\/"},{"@type":"ListItem","position":6,"name":"Fiche sur le th\u00e9or\u00e8me de Thal\u00e8s"}]},{"@type":"WebSite","@id":"https:\/\/wordpress.callac.online\/#website","url":"https:\/\/wordpress.callac.online\/","name":"Maths & Num\u00e9rique","description":"Des outils pour les enseignants de math\u00e9matiques et de num\u00e9rique","publisher":{"@id":"https:\/\/wordpress.callac.online\/#\/schema\/person\/04061f1ca2c2c42039142a704be95940"},"potentialAction":[{"@type":"SearchAction","target":{"@type":"EntryPoint","urlTemplate":"https:\/\/wordpress.callac.online\/?s={search_term_string}"},"query-input":{"@type":"PropertyValueSpecification","valueRequired":true,"valueName":"search_term_string"}}],"inLanguage":"fr-FR"},{"@type":["Person","Organization"],"@id":"https:\/\/wordpress.callac.online\/#\/schema\/person\/04061f1ca2c2c42039142a704be95940","name":"dlefur","image":{"@type":"ImageObject","inLanguage":"fr-FR","@id":"https:\/\/wordpress.callac.online\/#\/schema\/person\/image\/","url":"https:\/\/secure.gravatar.com\/avatar\/4a9e17be136808c6597f28aa2b6c13126dab066fdc2198ff60090972c9b7fafc?s=96&d=mm&r=g","contentUrl":"https:\/\/secure.gravatar.com\/avatar\/4a9e17be136808c6597f28aa2b6c13126dab066fdc2198ff60090972c9b7fafc?s=96&d=mm&r=g","caption":"dlefur"},"logo":{"@id":"https:\/\/wordpress.callac.online\/#\/schema\/person\/image\/"},"description":"Enseignant de math\u00e9matiques Lyc\u00e9e Pasteur S\u00e3o Paulo","sameAs":["http:\/\/wordpress.callac.online"]}]}},"_links":{"self":[{"href":"https:\/\/wordpress.callac.online\/index.php\/wp-json\/wp\/v2\/pages\/109","targetHints":{"allow":["GET"]}}],"collection":[{"href":"https:\/\/wordpress.callac.online\/index.php\/wp-json\/wp\/v2\/pages"}],"about":[{"href":"https:\/\/wordpress.callac.online\/index.php\/wp-json\/wp\/v2\/types\/page"}],"author":[{"embeddable":true,"href":"https:\/\/wordpress.callac.online\/index.php\/wp-json\/wp\/v2\/users\/1"}],"replies":[{"embeddable":true,"href":"https:\/\/wordpress.callac.online\/index.php\/wp-json\/wp\/v2\/comments?post=109"}],"version-history":[{"count":1,"href":"https:\/\/wordpress.callac.online\/index.php\/wp-json\/wp\/v2\/pages\/109\/revisions"}],"predecessor-version":[{"id":1196,"href":"https:\/\/wordpress.callac.online\/index.php\/wp-json\/wp\/v2\/pages\/109\/revisions\/1196"}],"up":[{"embeddable":true,"href":"https:\/\/wordpress.callac.online\/index.php\/wp-json\/wp\/v2\/pages\/2525"}],"wp:attachment":[{"href":"https:\/\/wordpress.callac.online\/index.php\/wp-json\/wp\/v2\/media?parent=109"}],"curies":[{"name":"wp","href":"https:\/\/api.w.org\/{rel}","templated":true}]}}