{"id":159,"date":"2008-04-29T19:38:10","date_gmt":"2008-04-29T17:38:10","guid":{"rendered":"http:\/\/wordpress.callac.online\/index.php\/les-suites-recurrentes-avec-xcas\/"},"modified":"2023-10-14T20:13:59","modified_gmt":"2023-10-14T18:13:59","slug":"les-suites-recurrentes-avec-xcas","status":"publish","type":"page","link":"https:\/\/wordpress.callac.online\/index.php\/logiciels-mathematiques\/xcas\/les-suites-recurrentes-avec-xcas\/","title":{"rendered":"Les suites r\u00e9currentes avec Xcas"},"content":{"rendered":"<p><math>\nVoici comment on peut r\u00e9soudre un exercice classique  sur les suites.<\/p>\n<h2>Enonc\u00e9<\/h2>\n<hr \/>\n<p>Soit la suite $\\left(U_n \\right)_<em>(n \\in \\N)<\/em>$ d\u00e9finie par :<\/p>\n<p>$$U_0=-1 \\qquad  \\textrm<em>et<\/em> \\qquad U_<em>n+1<\/em>=\\dfrac<em>1<\/em><em>4<\/em> U_n+3.$$<\/p>\n<p>1) Calculer $U_1$, $U_2$ et $U_3$.<\/p>\n<p>2) On consid\u00e8re un rep\u00e8re orthonormal. Tracer dans ce rep\u00e8re la droite (D) d&rsquo;\u00e9quation $y = 0,25x + 3$ et la droite ($\\Delta$) d&rsquo;\u00e9quation $y = x$, pour les abscisses comprises entre 0 et 5.<\/p>\n<p>Placer $U_<em>0<\/em>$ sur l&rsquo;axe des abscisses. Utiliser les droites pr\u00e9c\u00e9dentes pour placer sur l&rsquo;axe des abscisses les valeurs $U_<em>1<\/em>,~ U_<em>2<\/em>$, $U_<em>3<\/em>$, $U_4$ et $U_5$.<\/p>\n<p>3) Calculer $S=U_0+U_1+ \\cdots + U_<em>10<\/em>$.<\/p>\n<h2>R\u00e9solution \u00e0 l&rsquo;aide de Xcas<\/h2>\n<hr \/>\n<p><font color = red>\n<code>\nu(n):=<em>\nsi n==0 alors uo;\nsinon a*u(n-1)+b;\nfsi\n<\/em>\n:;\n<\/code>\n<\/font color><\/p>\n<p>\/\/ Parsing u\n\/\/ Warning: a b u uo  declared as global variable(s) compiling u\nu: recursive definition<\/p>\n<p><font color = red>\n<code>\na:=0.25\n<\/code>\n<\/font color><\/p>\n<p>$$0.25$$<\/p>\n<p><font color = red>\n<code>\nb:=3\n<\/code>\n<\/font color><\/p>\n<p>$$3$$<\/p>\n<p><font color = red>\n<code>\nuo:=-1\n<\/code>\n<\/font color><\/p>\n<p>$$-1$$<\/p>\n<p>1) Calculer $U_1$, $U_2$ et $U_3$.<\/p>\n<p><font color = red>\n<code>\nu(1)\n<\/code>\n<\/font color><\/p>\n<p>$$2.75$$<\/p>\n<p><font color = red>\n<code>\nu(2)\n<\/code>\n<\/font color><\/p>\n<p>$$3.6875$$<\/p>\n<p><font color = red>\n<code>\nu(3)\n<\/code>\n<\/font color><\/p>\n<p>$$3.921875$$<\/p>\n<p>2) On consid\u00e8re un rep\u00e8re orthonormal. Tracer dans ce rep\u00e8re la droite (D) d&rsquo;\u00e9quation $y = 0,25x + 3$ et la droite ($\\Delta$) d&rsquo;\u00e9quation $y = x$, pour les abscisses comprises entre 0 et 5.<\/p>\n<p>Placer $U_<em>0<\/em>$ sur l&rsquo;axe des abscisses. Utiliser les droites pr\u00e9c\u00e9dentes pour placer sur l&rsquo;axe des abscisses les valeurs $U_<em>1<\/em>,~ U_<em>2<\/em>$, $U_<em>3<\/em>$, $U_4$ et $U_5$.<\/p>\n<p><font color = red>\n<code>\ngraphe_suite(a*x+b,uo,5)\n<\/code>\n<\/font color><\/p>\n<p><img loading=\"lazy\" decoding=\"async\" class=\" aligncenter size-full wp-image-662\" src=\"http:\/\/wordpress.callac.online\/wp-content\/uploads\/2008\/04\/jpg_session.jpg\" alt=\"session.jpg\" align=\"center\" width=\"599\" height=\"239\" srcset=\"https:\/\/wordpress.callac.online\/wp-content\/uploads\/2008\/04\/jpg_session.jpg 599w, https:\/\/wordpress.callac.online\/wp-content\/uploads\/2008\/04\/jpg_session-300x120.jpg 300w\" sizes=\"auto, (max-width: 599px) 100vw, 599px\" \/><\/p>\n<p>3) Calculer $S=U_0+U_1+ \\cdots + U_<em>10<\/em>$.<\/p>\n<p><font color = red>\n<code>\ns(n):=<em>\nlocal S,j;\nS:=uo;\nsi n==0 alors S;\nsinon \npour j de 1 jusque n pas 1 faire\nS:=S+u(j);\nfpour\nfsi\n<\/em>\n:;\n<\/code>\n<\/font color><\/p>\n<p>\/\/ Parsing s\n\/\/ Warning: uo u  declared as global variable(s) compiling s<\/p>\n<p><font color = red>\n<code>\ns(10)\n<\/code>\n<\/font color><\/p>\n<p>$$37.3333349228$$<\/p>\n<p><\/math><\/p>\n","protected":false},"excerpt":{"rendered":"<p>Voici comment on peut r\u00e9soudre un exercice classique sur les suites. Enonc\u00e9 Soit la suite $\\left(U_n \\right)_(n \\in \\N)$ d\u00e9finie par : $$U_0=-1 \\qquad \\textrmet \\qquad U_n+1=\\dfrac14 U_n+3.$$ 1) Calculer&hellip;<\/p>\n","protected":false},"author":1,"featured_media":662,"parent":1637,"menu_order":4,"comment_status":"closed","ping_status":"closed","template":"","meta":{"footnotes":""},"class_list":["post-159","page","type-page","status-publish","has-post-thumbnail","hentry"],"yoast_head":"<!-- This site is optimized with the Yoast SEO plugin v27.1.1 - https:\/\/yoast.com\/product\/yoast-seo-wordpress\/ -->\n<title>Les suites r\u00e9currentes avec Xcas - Maths &amp; Num\u00e9rique<\/title>\n<meta name=\"robots\" content=\"index, follow, max-snippet:-1, max-image-preview:large, max-video-preview:-1\" \/>\n<link rel=\"canonical\" href=\"https:\/\/wordpress.callac.online\/index.php\/logiciels-mathematiques\/xcas\/les-suites-recurrentes-avec-xcas\/\" \/>\n<meta property=\"og:locale\" content=\"fr_FR\" \/>\n<meta property=\"og:type\" content=\"article\" \/>\n<meta property=\"og:title\" content=\"Les suites r\u00e9currentes avec Xcas - Maths &amp; Num\u00e9rique\" \/>\n<meta property=\"og:description\" content=\"Voici comment on peut r\u00e9soudre un exercice classique sur les suites. Enonc\u00e9 Soit la suite $left(U_n right)_(n in N)$ d\u00e9finie par : $$U_0=-1 qquad textrmet qquad U_n+1=dfrac14 U_n+3.$$ 1) Calculer&hellip;\" \/>\n<meta property=\"og:url\" content=\"https:\/\/wordpress.callac.online\/index.php\/logiciels-mathematiques\/xcas\/les-suites-recurrentes-avec-xcas\/\" \/>\n<meta property=\"og:site_name\" content=\"Maths &amp; Num\u00e9rique\" \/>\n<meta property=\"article:modified_time\" content=\"2023-10-14T18:13:59+00:00\" \/>\n<meta property=\"og:image\" content=\"http:\/\/wordpress.callac.online\/wp-content\/uploads\/2008\/04\/jpg_session.jpg\" \/>\n\t<meta property=\"og:image:width\" content=\"599\" \/>\n\t<meta property=\"og:image:height\" content=\"239\" \/>\n\t<meta property=\"og:image:type\" content=\"image\/jpeg\" \/>\n<meta name=\"twitter:card\" content=\"summary_large_image\" \/>\n<meta name=\"twitter:label1\" content=\"Dur\u00e9e de lecture estim\u00e9e\" \/>\n\t<meta name=\"twitter:data1\" content=\"1 minute\" \/>\n<script type=\"application\/ld+json\" class=\"yoast-schema-graph\">{\"@context\":\"https:\/\/schema.org\",\"@graph\":[{\"@type\":\"WebPage\",\"@id\":\"https:\/\/wordpress.callac.online\/index.php\/logiciels-mathematiques\/xcas\/les-suites-recurrentes-avec-xcas\/\",\"url\":\"https:\/\/wordpress.callac.online\/index.php\/logiciels-mathematiques\/xcas\/les-suites-recurrentes-avec-xcas\/\",\"name\":\"Les suites r\u00e9currentes avec Xcas - Maths &amp; Num\u00e9rique\",\"isPartOf\":{\"@id\":\"https:\/\/wordpress.callac.online\/#website\"},\"primaryImageOfPage\":{\"@id\":\"https:\/\/wordpress.callac.online\/index.php\/logiciels-mathematiques\/xcas\/les-suites-recurrentes-avec-xcas\/#primaryimage\"},\"image\":{\"@id\":\"https:\/\/wordpress.callac.online\/index.php\/logiciels-mathematiques\/xcas\/les-suites-recurrentes-avec-xcas\/#primaryimage\"},\"thumbnailUrl\":\"https:\/\/wordpress.callac.online\/wp-content\/uploads\/2008\/04\/jpg_session.jpg\",\"datePublished\":\"2008-04-29T17:38:10+00:00\",\"dateModified\":\"2023-10-14T18:13:59+00:00\",\"breadcrumb\":{\"@id\":\"https:\/\/wordpress.callac.online\/index.php\/logiciels-mathematiques\/xcas\/les-suites-recurrentes-avec-xcas\/#breadcrumb\"},\"inLanguage\":\"fr-FR\",\"potentialAction\":[{\"@type\":\"ReadAction\",\"target\":[\"https:\/\/wordpress.callac.online\/index.php\/logiciels-mathematiques\/xcas\/les-suites-recurrentes-avec-xcas\/\"]}]},{\"@type\":\"ImageObject\",\"inLanguage\":\"fr-FR\",\"@id\":\"https:\/\/wordpress.callac.online\/index.php\/logiciels-mathematiques\/xcas\/les-suites-recurrentes-avec-xcas\/#primaryimage\",\"url\":\"https:\/\/wordpress.callac.online\/wp-content\/uploads\/2008\/04\/jpg_session.jpg\",\"contentUrl\":\"https:\/\/wordpress.callac.online\/wp-content\/uploads\/2008\/04\/jpg_session.jpg\",\"width\":599,\"height\":239,\"caption\":\"session.jpg\"},{\"@type\":\"BreadcrumbList\",\"@id\":\"https:\/\/wordpress.callac.online\/index.php\/logiciels-mathematiques\/xcas\/les-suites-recurrentes-avec-xcas\/#breadcrumb\",\"itemListElement\":[{\"@type\":\"ListItem\",\"position\":1,\"name\":\"Accueil\",\"item\":\"https:\/\/wordpress.callac.online\/\"},{\"@type\":\"ListItem\",\"position\":2,\"name\":\"Logiciels math\u00e9matiques\",\"item\":\"https:\/\/wordpress.callac.online\/index.php\/logiciels-mathematiques\/\"},{\"@type\":\"ListItem\",\"position\":3,\"name\":\"Xcas\",\"item\":\"https:\/\/wordpress.callac.online\/index.php\/logiciels-mathematiques\/xcas\/\"},{\"@type\":\"ListItem\",\"position\":4,\"name\":\"Les suites r\u00e9currentes avec Xcas\"}]},{\"@type\":\"WebSite\",\"@id\":\"https:\/\/wordpress.callac.online\/#website\",\"url\":\"https:\/\/wordpress.callac.online\/\",\"name\":\"Maths & Num\u00e9rique\",\"description\":\"Des outils pour les enseignants de math\u00e9matiques et de num\u00e9rique\",\"publisher\":{\"@id\":\"https:\/\/wordpress.callac.online\/#\/schema\/person\/04061f1ca2c2c42039142a704be95940\"},\"potentialAction\":[{\"@type\":\"SearchAction\",\"target\":{\"@type\":\"EntryPoint\",\"urlTemplate\":\"https:\/\/wordpress.callac.online\/?s={search_term_string}\"},\"query-input\":{\"@type\":\"PropertyValueSpecification\",\"valueRequired\":true,\"valueName\":\"search_term_string\"}}],\"inLanguage\":\"fr-FR\"},{\"@type\":[\"Person\",\"Organization\"],\"@id\":\"https:\/\/wordpress.callac.online\/#\/schema\/person\/04061f1ca2c2c42039142a704be95940\",\"name\":\"dlefur\",\"image\":{\"@type\":\"ImageObject\",\"inLanguage\":\"fr-FR\",\"@id\":\"https:\/\/wordpress.callac.online\/#\/schema\/person\/image\/\",\"url\":\"https:\/\/secure.gravatar.com\/avatar\/4a9e17be136808c6597f28aa2b6c13126dab066fdc2198ff60090972c9b7fafc?s=96&d=mm&r=g\",\"contentUrl\":\"https:\/\/secure.gravatar.com\/avatar\/4a9e17be136808c6597f28aa2b6c13126dab066fdc2198ff60090972c9b7fafc?s=96&d=mm&r=g\",\"caption\":\"dlefur\"},\"logo\":{\"@id\":\"https:\/\/wordpress.callac.online\/#\/schema\/person\/image\/\"},\"description\":\"Enseignant de math\u00e9matiques Lyc\u00e9e Pasteur S\u00e3o Paulo\",\"sameAs\":[\"http:\/\/wordpress.callac.online\"]}]}<\/script>\n<!-- \/ Yoast SEO plugin. -->","yoast_head_json":{"title":"Les suites r\u00e9currentes avec Xcas - Maths &amp; Num\u00e9rique","robots":{"index":"index","follow":"follow","max-snippet":"max-snippet:-1","max-image-preview":"max-image-preview:large","max-video-preview":"max-video-preview:-1"},"canonical":"https:\/\/wordpress.callac.online\/index.php\/logiciels-mathematiques\/xcas\/les-suites-recurrentes-avec-xcas\/","og_locale":"fr_FR","og_type":"article","og_title":"Les suites r\u00e9currentes avec Xcas - Maths &amp; Num\u00e9rique","og_description":"Voici comment on peut r\u00e9soudre un exercice classique sur les suites. Enonc\u00e9 Soit la suite $left(U_n right)_(n in N)$ d\u00e9finie par : $$U_0=-1 qquad textrmet qquad U_n+1=dfrac14 U_n+3.$$ 1) Calculer&hellip;","og_url":"https:\/\/wordpress.callac.online\/index.php\/logiciels-mathematiques\/xcas\/les-suites-recurrentes-avec-xcas\/","og_site_name":"Maths &amp; Num\u00e9rique","article_modified_time":"2023-10-14T18:13:59+00:00","og_image":[{"width":599,"height":239,"url":"http:\/\/wordpress.callac.online\/wp-content\/uploads\/2008\/04\/jpg_session.jpg","type":"image\/jpeg"}],"twitter_card":"summary_large_image","twitter_misc":{"Dur\u00e9e de lecture estim\u00e9e":"1 minute"},"schema":{"@context":"https:\/\/schema.org","@graph":[{"@type":"WebPage","@id":"https:\/\/wordpress.callac.online\/index.php\/logiciels-mathematiques\/xcas\/les-suites-recurrentes-avec-xcas\/","url":"https:\/\/wordpress.callac.online\/index.php\/logiciels-mathematiques\/xcas\/les-suites-recurrentes-avec-xcas\/","name":"Les suites r\u00e9currentes avec Xcas - Maths &amp; Num\u00e9rique","isPartOf":{"@id":"https:\/\/wordpress.callac.online\/#website"},"primaryImageOfPage":{"@id":"https:\/\/wordpress.callac.online\/index.php\/logiciels-mathematiques\/xcas\/les-suites-recurrentes-avec-xcas\/#primaryimage"},"image":{"@id":"https:\/\/wordpress.callac.online\/index.php\/logiciels-mathematiques\/xcas\/les-suites-recurrentes-avec-xcas\/#primaryimage"},"thumbnailUrl":"https:\/\/wordpress.callac.online\/wp-content\/uploads\/2008\/04\/jpg_session.jpg","datePublished":"2008-04-29T17:38:10+00:00","dateModified":"2023-10-14T18:13:59+00:00","breadcrumb":{"@id":"https:\/\/wordpress.callac.online\/index.php\/logiciels-mathematiques\/xcas\/les-suites-recurrentes-avec-xcas\/#breadcrumb"},"inLanguage":"fr-FR","potentialAction":[{"@type":"ReadAction","target":["https:\/\/wordpress.callac.online\/index.php\/logiciels-mathematiques\/xcas\/les-suites-recurrentes-avec-xcas\/"]}]},{"@type":"ImageObject","inLanguage":"fr-FR","@id":"https:\/\/wordpress.callac.online\/index.php\/logiciels-mathematiques\/xcas\/les-suites-recurrentes-avec-xcas\/#primaryimage","url":"https:\/\/wordpress.callac.online\/wp-content\/uploads\/2008\/04\/jpg_session.jpg","contentUrl":"https:\/\/wordpress.callac.online\/wp-content\/uploads\/2008\/04\/jpg_session.jpg","width":599,"height":239,"caption":"session.jpg"},{"@type":"BreadcrumbList","@id":"https:\/\/wordpress.callac.online\/index.php\/logiciels-mathematiques\/xcas\/les-suites-recurrentes-avec-xcas\/#breadcrumb","itemListElement":[{"@type":"ListItem","position":1,"name":"Accueil","item":"https:\/\/wordpress.callac.online\/"},{"@type":"ListItem","position":2,"name":"Logiciels math\u00e9matiques","item":"https:\/\/wordpress.callac.online\/index.php\/logiciels-mathematiques\/"},{"@type":"ListItem","position":3,"name":"Xcas","item":"https:\/\/wordpress.callac.online\/index.php\/logiciels-mathematiques\/xcas\/"},{"@type":"ListItem","position":4,"name":"Les suites r\u00e9currentes avec Xcas"}]},{"@type":"WebSite","@id":"https:\/\/wordpress.callac.online\/#website","url":"https:\/\/wordpress.callac.online\/","name":"Maths & Num\u00e9rique","description":"Des outils pour les enseignants de math\u00e9matiques et de num\u00e9rique","publisher":{"@id":"https:\/\/wordpress.callac.online\/#\/schema\/person\/04061f1ca2c2c42039142a704be95940"},"potentialAction":[{"@type":"SearchAction","target":{"@type":"EntryPoint","urlTemplate":"https:\/\/wordpress.callac.online\/?s={search_term_string}"},"query-input":{"@type":"PropertyValueSpecification","valueRequired":true,"valueName":"search_term_string"}}],"inLanguage":"fr-FR"},{"@type":["Person","Organization"],"@id":"https:\/\/wordpress.callac.online\/#\/schema\/person\/04061f1ca2c2c42039142a704be95940","name":"dlefur","image":{"@type":"ImageObject","inLanguage":"fr-FR","@id":"https:\/\/wordpress.callac.online\/#\/schema\/person\/image\/","url":"https:\/\/secure.gravatar.com\/avatar\/4a9e17be136808c6597f28aa2b6c13126dab066fdc2198ff60090972c9b7fafc?s=96&d=mm&r=g","contentUrl":"https:\/\/secure.gravatar.com\/avatar\/4a9e17be136808c6597f28aa2b6c13126dab066fdc2198ff60090972c9b7fafc?s=96&d=mm&r=g","caption":"dlefur"},"logo":{"@id":"https:\/\/wordpress.callac.online\/#\/schema\/person\/image\/"},"description":"Enseignant de math\u00e9matiques Lyc\u00e9e Pasteur S\u00e3o Paulo","sameAs":["http:\/\/wordpress.callac.online"]}]}},"_links":{"self":[{"href":"https:\/\/wordpress.callac.online\/index.php\/wp-json\/wp\/v2\/pages\/159","targetHints":{"allow":["GET"]}}],"collection":[{"href":"https:\/\/wordpress.callac.online\/index.php\/wp-json\/wp\/v2\/pages"}],"about":[{"href":"https:\/\/wordpress.callac.online\/index.php\/wp-json\/wp\/v2\/types\/page"}],"author":[{"embeddable":true,"href":"https:\/\/wordpress.callac.online\/index.php\/wp-json\/wp\/v2\/users\/1"}],"replies":[{"embeddable":true,"href":"https:\/\/wordpress.callac.online\/index.php\/wp-json\/wp\/v2\/comments?post=159"}],"version-history":[{"count":1,"href":"https:\/\/wordpress.callac.online\/index.php\/wp-json\/wp\/v2\/pages\/159\/revisions"}],"predecessor-version":[{"id":1567,"href":"https:\/\/wordpress.callac.online\/index.php\/wp-json\/wp\/v2\/pages\/159\/revisions\/1567"}],"up":[{"embeddable":true,"href":"https:\/\/wordpress.callac.online\/index.php\/wp-json\/wp\/v2\/pages\/1637"}],"wp:featuredmedia":[{"embeddable":true,"href":"https:\/\/wordpress.callac.online\/index.php\/wp-json\/wp\/v2\/media\/662"}],"wp:attachment":[{"href":"https:\/\/wordpress.callac.online\/index.php\/wp-json\/wp\/v2\/media?parent=159"}],"curies":[{"name":"wp","href":"https:\/\/api.w.org\/{rel}","templated":true}]}}