{"id":1637,"date":"2020-07-22T18:43:39","date_gmt":"2020-07-22T16:43:39","guid":{"rendered":"http:\/\/wordpress.callac.online\/?page_id=1637"},"modified":"2023-10-14T20:13:43","modified_gmt":"2023-10-14T18:13:43","slug":"xcas","status":"publish","type":"page","link":"https:\/\/wordpress.callac.online\/index.php\/logiciels-mathematiques\/xcas\/","title":{"rendered":"Xcas"},"content":{"rendered":"\n<div class=\"wp-block-image\"><figure class=\"alignright size-large is-resized\"><img loading=\"lazy\" decoding=\"async\" src=\"http:\/\/wordpress.callac.online\/wp-content\/uploads\/2020\/07\/rubon45.png\" alt=\"\" class=\"wp-image-1688\" width=\"60\" height=\"49\"\/><\/figure><\/div>\n\n\n\n<p>Des exemples d&rsquo;utilisation de Xcas, logiciel de calcul formel, au coll\u00e8ge comme au lyc\u00e9e.<\/p>\n\n\n\n<div id=\"ccchildpages-1\" class=\"ccchildpages ccflex  simple ccclearfix\"><ul class=\"ccchildpages_list ccclearfix\"><li class=\"page_item page-item-2222 page_item_has_children\"><a href=\"https:\/\/wordpress.callac.online\/index.php\/logiciels-mathematiques\/xcas\/arithmetique-avec-xcas\/\">Arithm\u00e9tique avec Xcas<\/a>\n<ul class='children'>\n\t<li class=\"page_item page-item-149\"><a href=\"https:\/\/wordpress.callac.online\/index.php\/logiciels-mathematiques\/xcas\/arithmetique-avec-xcas\/larithmetique-au-college-avec-xcas\/\">L&rsquo;arithm\u00e9tique au coll\u00e8ge avec Xcas<\/a><\/li>\n\t<li class=\"page_item page-item-151\"><a href=\"https:\/\/wordpress.callac.online\/index.php\/logiciels-mathematiques\/xcas\/arithmetique-avec-xcas\/larithmetique-en-seconde-avec-xcas\/\">L&rsquo;arithm\u00e9tique en seconde avec Xcas<\/a><\/li>\n<\/ul>\n<\/li>\n<li class=\"page_item page-item-2226 page_item_has_children\"><a href=\"https:\/\/wordpress.callac.online\/index.php\/logiciels-mathematiques\/xcas\/fonctions-avec-xcas\/\">Fonctions avec Xcas<\/a>\n<ul class='children'>\n\t<li class=\"page_item page-item-148\"><a href=\"https:\/\/wordpress.callac.online\/index.php\/logiciels-mathematiques\/xcas\/fonctions-avec-xcas\/le-calcul-litteral-au-college-avec-xcas\/\">Le calcul litt\u00e9ral au coll\u00e8ge avec Xcas<\/a><\/li>\n\t<li class=\"page_item page-item-170\"><a href=\"https:\/\/wordpress.callac.online\/index.php\/logiciels-mathematiques\/xcas\/fonctions-avec-xcas\/expression-ou-fonction-avec-xcas\/\">Expression ou fonction avec Xcas ?<\/a><\/li>\n\t<li class=\"page_item page-item-173\"><a href=\"https:\/\/wordpress.callac.online\/index.php\/logiciels-mathematiques\/xcas\/fonctions-avec-xcas\/des-tableaux-de-valeurs-avec-xcas\/\">Des tableaux de valeurs avec Xcas<\/a><\/li>\n\t<li class=\"page_item page-item-155\"><a href=\"https:\/\/wordpress.callac.online\/index.php\/logiciels-mathematiques\/xcas\/fonctions-avec-xcas\/derivees-et-tangentes-avec-xcas\/\">D\u00e9riv\u00e9es et tangentes avec Xcas<\/a><\/li>\n\t<li class=\"page_item page-item-156\"><a href=\"https:\/\/wordpress.callac.online\/index.php\/logiciels-mathematiques\/xcas\/fonctions-avec-xcas\/fonctions-rationnelles-avec-xcas\/\">Fonctions rationnelles avec Xcas<\/a><\/li>\n\t<li class=\"page_item page-item-175\"><a href=\"https:\/\/wordpress.callac.online\/index.php\/logiciels-mathematiques\/xcas\/fonctions-avec-xcas\/les-fonctions-par-morceaux-avec-xcas\/\">Les fonctions par morceaux avec Xcas<\/a><\/li>\n\t<li class=\"page_item page-item-158\"><a href=\"https:\/\/wordpress.callac.online\/index.php\/logiciels-mathematiques\/xcas\/fonctions-avec-xcas\/primitives-et-integrales-avec-xcas\/\">Primitives et int\u00e9grales avec Xcas<\/a><\/li>\n<\/ul>\n<\/li>\n<li class=\"page_item page-item-2224 page_item_has_children\"><a href=\"https:\/\/wordpress.callac.online\/index.php\/logiciels-mathematiques\/xcas\/systemes-matrices-avec-xcas\/\">Syst\u00e8mes, matrices avec Xcas<\/a>\n<ul class='children'>\n\t<li class=\"page_item page-item-150\"><a href=\"https:\/\/wordpress.callac.online\/index.php\/logiciels-mathematiques\/xcas\/systemes-matrices-avec-xcas\/resolution-de-systemes-lineaires-avec-xcas\/\">R\u00e9solution de syst\u00e8mes lin\u00e9aires avec Xcas<\/a><\/li>\n\t<li class=\"page_item page-item-154\"><a href=\"https:\/\/wordpress.callac.online\/index.php\/logiciels-mathematiques\/xcas\/systemes-matrices-avec-xcas\/resolution-de-systemes-lineaires-avec-xcas-2\/\">R\u00e9solution de syst\u00e8mes lin\u00e9aires avec Xcas<\/a><\/li>\n\t<li class=\"page_item page-item-153\"><a href=\"https:\/\/wordpress.callac.online\/index.php\/logiciels-mathematiques\/xcas\/systemes-matrices-avec-xcas\/equation-matricielle-avec-xcas\/\">Equation matricielle avec Xcas<\/a><\/li>\n\t<li class=\"page_item page-item-152\"><a href=\"https:\/\/wordpress.callac.online\/index.php\/logiciels-mathematiques\/xcas\/systemes-matrices-avec-xcas\/matrice-associee-a-un-graphe-avec-xcas\/\">Matrice associ\u00e9e \u00e0 un graphe avec Xcas<\/a><\/li>\n<\/ul>\n<\/li>\n<li class=\"page_item page-item-157\"><a href=\"https:\/\/wordpress.callac.online\/index.php\/logiciels-mathematiques\/xcas\/nombres-complexes-avec-xcas\/\">Nombres complexes avec Xcas<\/a><\/li>\n<li class=\"page_item page-item-159\"><a href=\"https:\/\/wordpress.callac.online\/index.php\/logiciels-mathematiques\/xcas\/les-suites-recurrentes-avec-xcas\/\">Les suites r\u00e9currentes avec Xcas<\/a><\/li>\n<li class=\"page_item page-item-2228 page_item_has_children\"><a href=\"https:\/\/wordpress.callac.online\/index.php\/logiciels-mathematiques\/xcas\/statistiques-avec-xcas\/\">Statistiques avec Xcas<\/a>\n<ul class='children'>\n\t<li class=\"page_item page-item-163\"><a href=\"https:\/\/wordpress.callac.online\/index.php\/logiciels-mathematiques\/xcas\/statistiques-avec-xcas\/statistiques-a-une-variable-avec-effectifs-avec-xcas\/\">Statistiques \u00e0 une variable avec effectifs avec Xcas<\/a><\/li>\n\t<li class=\"page_item page-item-161\"><a href=\"https:\/\/wordpress.callac.online\/index.php\/logiciels-mathematiques\/xcas\/statistiques-avec-xcas\/statistiques-a-une-variable-sans-effectifs-avec-xcas\/\">Statistiques \u00e0 une variable sans effectifs avec Xcas<\/a><\/li>\n\t<li class=\"page_item page-item-162\"><a href=\"https:\/\/wordpress.callac.online\/index.php\/logiciels-mathematiques\/xcas\/statistiques-avec-xcas\/statistiques-a-deux-variables-avec-xcas\/\">Statistiques \u00e0 deux variables avec Xcas<\/a><\/li>\n\t<li class=\"page_item page-item-160\"><a href=\"https:\/\/wordpress.callac.online\/index.php\/logiciels-mathematiques\/xcas\/statistiques-avec-xcas\/regression-lineaire-avec-xcas\/\">R\u00e9gression lin\u00e9aire avec Xcas<\/a><\/li>\n\t<li class=\"page_item page-item-165\"><a href=\"https:\/\/wordpress.callac.online\/index.php\/logiciels-mathematiques\/xcas\/statistiques-avec-xcas\/diagrammes-en-batons-et-camembert-avec-xcas\/\">Diagrammes en b\u00e2tons et camembert avec Xcas<\/a><\/li>\n\t<li class=\"page_item page-item-164\"><a href=\"https:\/\/wordpress.callac.online\/index.php\/logiciels-mathematiques\/xcas\/statistiques-avec-xcas\/les-histogrammes-avec-xcas\/\">Les histogrammes avec Xcas<\/a><\/li>\n\t<li class=\"page_item page-item-166\"><a href=\"https:\/\/wordpress.callac.online\/index.php\/logiciels-mathematiques\/xcas\/statistiques-avec-xcas\/comptage-des-caracteres-dun-texte-avec-xcas\/\">Comptage des caract\u00e8res d&rsquo;un texte avec Xcas<\/a><\/li>\n<\/ul>\n<\/li>\n<li class=\"page_item page-item-168\"><a href=\"https:\/\/wordpress.callac.online\/index.php\/logiciels-mathematiques\/xcas\/equations-differentielles-avec-xcas\/\">Equations diff\u00e9rentielles avec Xcas<\/a><\/li>\n<li class=\"page_item page-item-169\"><a href=\"https:\/\/wordpress.callac.online\/index.php\/logiciels-mathematiques\/xcas\/surface-et-lignes-de-niveaux-avec-xcas\/\">Surface et lignes de niveaux avec Xcas<\/a><\/li>\n<li class=\"page_item page-item-2230 page_item_has_children\"><a href=\"https:\/\/wordpress.callac.online\/index.php\/logiciels-mathematiques\/xcas\/geometrie-avec-xcas\/\">G\u00e9om\u00e9trie avec Xcas<\/a>\n<ul class='children'>\n\t<li class=\"page_item page-item-177\"><a href=\"https:\/\/wordpress.callac.online\/index.php\/logiciels-mathematiques\/xcas\/geometrie-avec-xcas\/definir-un-parametre-avec-xcas-element-ou-assume\/\">D\u00e9finir un param\u00e8tre avec Xcas : element() ou assume() ?<\/a><\/li>\n\t<li class=\"page_item page-item-171\"><a href=\"https:\/\/wordpress.callac.online\/index.php\/logiciels-mathematiques\/xcas\/geometrie-avec-xcas\/geometrie-analytique-au-college-avec-xcas\/\">G\u00e9om\u00e9trie analytique au coll\u00e8ge avec Xcas<\/a><\/li>\n\t<li class=\"page_item page-item-174\"><a href=\"https:\/\/wordpress.callac.online\/index.php\/logiciels-mathematiques\/xcas\/geometrie-avec-xcas\/sections-de-solides-avec-xcas\/\">Sections de solides avec Xcas<\/a><\/li>\n\t<li class=\"page_item page-item-176\"><a href=\"https:\/\/wordpress.callac.online\/index.php\/logiciels-mathematiques\/xcas\/geometrie-avec-xcas\/patrons-depliables-de-solides-avec-xcas\/\">Patrons d\u00e9pliables de solides avec Xcas<\/a><\/li>\n\t<li class=\"page_item page-item-172\"><a href=\"https:\/\/wordpress.callac.online\/index.php\/logiciels-mathematiques\/xcas\/geometrie-avec-xcas\/barycentres-avec-xcas\/\">Barycentres avec Xcas<\/a><\/li>\n<\/ul>\n<\/li><\/ul><\/div>\n","protected":false},"excerpt":{"rendered":"<p>Des exemples d&rsquo;utilisation de Xcas, logiciel de calcul formel, au coll\u00e8ge comme au lyc\u00e9e.<\/p>\n","protected":false},"author":1,"featured_media":0,"parent":974,"menu_order":2,"comment_status":"closed","ping_status":"closed","template":"","meta":{"footnotes":""},"class_list":["post-1637","page","type-page","status-publish","hentry"],"yoast_head":"<!-- This site is optimized with the Yoast SEO plugin v27.1.1 - https:\/\/yoast.com\/product\/yoast-seo-wordpress\/ -->\n<title>Xcas - Maths &amp; Num\u00e9rique<\/title>\n<meta name=\"robots\" content=\"index, follow, max-snippet:-1, max-image-preview:large, max-video-preview:-1\" \/>\n<link rel=\"canonical\" href=\"https:\/\/wordpress.callac.online\/index.php\/logiciels-mathematiques\/xcas\/\" \/>\n<meta property=\"og:locale\" content=\"fr_FR\" \/>\n<meta property=\"og:type\" content=\"article\" \/>\n<meta property=\"og:title\" content=\"Xcas - Maths &amp; Num\u00e9rique\" \/>\n<meta property=\"og:description\" content=\"Des exemples d&rsquo;utilisation de Xcas, logiciel de calcul formel, au coll\u00e8ge comme au lyc\u00e9e.\" \/>\n<meta property=\"og:url\" content=\"https:\/\/wordpress.callac.online\/index.php\/logiciels-mathematiques\/xcas\/\" \/>\n<meta property=\"og:site_name\" content=\"Maths &amp; Num\u00e9rique\" \/>\n<meta property=\"article:modified_time\" content=\"2023-10-14T18:13:43+00:00\" \/>\n<meta property=\"og:image\" content=\"http:\/\/wordpress.callac.online\/wp-content\/uploads\/2020\/07\/rubon45.png\" \/>\n<meta name=\"twitter:card\" content=\"summary_large_image\" \/>\n<script type=\"application\/ld+json\" class=\"yoast-schema-graph\">{\"@context\":\"https:\/\/schema.org\",\"@graph\":[{\"@type\":\"WebPage\",\"@id\":\"https:\/\/wordpress.callac.online\/index.php\/logiciels-mathematiques\/xcas\/\",\"url\":\"https:\/\/wordpress.callac.online\/index.php\/logiciels-mathematiques\/xcas\/\",\"name\":\"Xcas - Maths &amp; Num\u00e9rique\",\"isPartOf\":{\"@id\":\"https:\/\/wordpress.callac.online\/#website\"},\"primaryImageOfPage\":{\"@id\":\"https:\/\/wordpress.callac.online\/index.php\/logiciels-mathematiques\/xcas\/#primaryimage\"},\"image\":{\"@id\":\"https:\/\/wordpress.callac.online\/index.php\/logiciels-mathematiques\/xcas\/#primaryimage\"},\"thumbnailUrl\":\"http:\/\/wordpress.callac.online\/wp-content\/uploads\/2020\/07\/rubon45.png\",\"datePublished\":\"2020-07-22T16:43:39+00:00\",\"dateModified\":\"2023-10-14T18:13:43+00:00\",\"breadcrumb\":{\"@id\":\"https:\/\/wordpress.callac.online\/index.php\/logiciels-mathematiques\/xcas\/#breadcrumb\"},\"inLanguage\":\"fr-FR\",\"potentialAction\":[{\"@type\":\"ReadAction\",\"target\":[\"https:\/\/wordpress.callac.online\/index.php\/logiciels-mathematiques\/xcas\/\"]}]},{\"@type\":\"ImageObject\",\"inLanguage\":\"fr-FR\",\"@id\":\"https:\/\/wordpress.callac.online\/index.php\/logiciels-mathematiques\/xcas\/#primaryimage\",\"url\":\"https:\/\/wordpress.callac.online\/wp-content\/uploads\/2020\/07\/rubon45.png\",\"contentUrl\":\"https:\/\/wordpress.callac.online\/wp-content\/uploads\/2020\/07\/rubon45.png\",\"width\":60,\"height\":49},{\"@type\":\"BreadcrumbList\",\"@id\":\"https:\/\/wordpress.callac.online\/index.php\/logiciels-mathematiques\/xcas\/#breadcrumb\",\"itemListElement\":[{\"@type\":\"ListItem\",\"position\":1,\"name\":\"Accueil\",\"item\":\"https:\/\/wordpress.callac.online\/\"},{\"@type\":\"ListItem\",\"position\":2,\"name\":\"Logiciels math\u00e9matiques\",\"item\":\"https:\/\/wordpress.callac.online\/index.php\/logiciels-mathematiques\/\"},{\"@type\":\"ListItem\",\"position\":3,\"name\":\"Xcas\"}]},{\"@type\":\"WebSite\",\"@id\":\"https:\/\/wordpress.callac.online\/#website\",\"url\":\"https:\/\/wordpress.callac.online\/\",\"name\":\"Maths & Num\u00e9rique\",\"description\":\"Des outils pour les enseignants de math\u00e9matiques et de num\u00e9rique\",\"publisher\":{\"@id\":\"https:\/\/wordpress.callac.online\/#\/schema\/person\/04061f1ca2c2c42039142a704be95940\"},\"potentialAction\":[{\"@type\":\"SearchAction\",\"target\":{\"@type\":\"EntryPoint\",\"urlTemplate\":\"https:\/\/wordpress.callac.online\/?s={search_term_string}\"},\"query-input\":{\"@type\":\"PropertyValueSpecification\",\"valueRequired\":true,\"valueName\":\"search_term_string\"}}],\"inLanguage\":\"fr-FR\"},{\"@type\":[\"Person\",\"Organization\"],\"@id\":\"https:\/\/wordpress.callac.online\/#\/schema\/person\/04061f1ca2c2c42039142a704be95940\",\"name\":\"dlefur\",\"image\":{\"@type\":\"ImageObject\",\"inLanguage\":\"fr-FR\",\"@id\":\"https:\/\/wordpress.callac.online\/#\/schema\/person\/image\/\",\"url\":\"https:\/\/secure.gravatar.com\/avatar\/4a9e17be136808c6597f28aa2b6c13126dab066fdc2198ff60090972c9b7fafc?s=96&d=mm&r=g\",\"contentUrl\":\"https:\/\/secure.gravatar.com\/avatar\/4a9e17be136808c6597f28aa2b6c13126dab066fdc2198ff60090972c9b7fafc?s=96&d=mm&r=g\",\"caption\":\"dlefur\"},\"logo\":{\"@id\":\"https:\/\/wordpress.callac.online\/#\/schema\/person\/image\/\"},\"description\":\"Enseignant de math\u00e9matiques Lyc\u00e9e Pasteur S\u00e3o Paulo\",\"sameAs\":[\"http:\/\/wordpress.callac.online\"]}]}<\/script>\n<!-- \/ Yoast SEO plugin. -->","yoast_head_json":{"title":"Xcas - Maths &amp; Num\u00e9rique","robots":{"index":"index","follow":"follow","max-snippet":"max-snippet:-1","max-image-preview":"max-image-preview:large","max-video-preview":"max-video-preview:-1"},"canonical":"https:\/\/wordpress.callac.online\/index.php\/logiciels-mathematiques\/xcas\/","og_locale":"fr_FR","og_type":"article","og_title":"Xcas - Maths &amp; Num\u00e9rique","og_description":"Des exemples d&rsquo;utilisation de Xcas, logiciel de calcul formel, au coll\u00e8ge comme au lyc\u00e9e.","og_url":"https:\/\/wordpress.callac.online\/index.php\/logiciels-mathematiques\/xcas\/","og_site_name":"Maths &amp; Num\u00e9rique","article_modified_time":"2023-10-14T18:13:43+00:00","og_image":[{"url":"http:\/\/wordpress.callac.online\/wp-content\/uploads\/2020\/07\/rubon45.png","type":"","width":"","height":""}],"twitter_card":"summary_large_image","schema":{"@context":"https:\/\/schema.org","@graph":[{"@type":"WebPage","@id":"https:\/\/wordpress.callac.online\/index.php\/logiciels-mathematiques\/xcas\/","url":"https:\/\/wordpress.callac.online\/index.php\/logiciels-mathematiques\/xcas\/","name":"Xcas - Maths &amp; Num\u00e9rique","isPartOf":{"@id":"https:\/\/wordpress.callac.online\/#website"},"primaryImageOfPage":{"@id":"https:\/\/wordpress.callac.online\/index.php\/logiciels-mathematiques\/xcas\/#primaryimage"},"image":{"@id":"https:\/\/wordpress.callac.online\/index.php\/logiciels-mathematiques\/xcas\/#primaryimage"},"thumbnailUrl":"http:\/\/wordpress.callac.online\/wp-content\/uploads\/2020\/07\/rubon45.png","datePublished":"2020-07-22T16:43:39+00:00","dateModified":"2023-10-14T18:13:43+00:00","breadcrumb":{"@id":"https:\/\/wordpress.callac.online\/index.php\/logiciels-mathematiques\/xcas\/#breadcrumb"},"inLanguage":"fr-FR","potentialAction":[{"@type":"ReadAction","target":["https:\/\/wordpress.callac.online\/index.php\/logiciels-mathematiques\/xcas\/"]}]},{"@type":"ImageObject","inLanguage":"fr-FR","@id":"https:\/\/wordpress.callac.online\/index.php\/logiciels-mathematiques\/xcas\/#primaryimage","url":"https:\/\/wordpress.callac.online\/wp-content\/uploads\/2020\/07\/rubon45.png","contentUrl":"https:\/\/wordpress.callac.online\/wp-content\/uploads\/2020\/07\/rubon45.png","width":60,"height":49},{"@type":"BreadcrumbList","@id":"https:\/\/wordpress.callac.online\/index.php\/logiciels-mathematiques\/xcas\/#breadcrumb","itemListElement":[{"@type":"ListItem","position":1,"name":"Accueil","item":"https:\/\/wordpress.callac.online\/"},{"@type":"ListItem","position":2,"name":"Logiciels math\u00e9matiques","item":"https:\/\/wordpress.callac.online\/index.php\/logiciels-mathematiques\/"},{"@type":"ListItem","position":3,"name":"Xcas"}]},{"@type":"WebSite","@id":"https:\/\/wordpress.callac.online\/#website","url":"https:\/\/wordpress.callac.online\/","name":"Maths & Num\u00e9rique","description":"Des outils pour les enseignants de math\u00e9matiques et de num\u00e9rique","publisher":{"@id":"https:\/\/wordpress.callac.online\/#\/schema\/person\/04061f1ca2c2c42039142a704be95940"},"potentialAction":[{"@type":"SearchAction","target":{"@type":"EntryPoint","urlTemplate":"https:\/\/wordpress.callac.online\/?s={search_term_string}"},"query-input":{"@type":"PropertyValueSpecification","valueRequired":true,"valueName":"search_term_string"}}],"inLanguage":"fr-FR"},{"@type":["Person","Organization"],"@id":"https:\/\/wordpress.callac.online\/#\/schema\/person\/04061f1ca2c2c42039142a704be95940","name":"dlefur","image":{"@type":"ImageObject","inLanguage":"fr-FR","@id":"https:\/\/wordpress.callac.online\/#\/schema\/person\/image\/","url":"https:\/\/secure.gravatar.com\/avatar\/4a9e17be136808c6597f28aa2b6c13126dab066fdc2198ff60090972c9b7fafc?s=96&d=mm&r=g","contentUrl":"https:\/\/secure.gravatar.com\/avatar\/4a9e17be136808c6597f28aa2b6c13126dab066fdc2198ff60090972c9b7fafc?s=96&d=mm&r=g","caption":"dlefur"},"logo":{"@id":"https:\/\/wordpress.callac.online\/#\/schema\/person\/image\/"},"description":"Enseignant de math\u00e9matiques Lyc\u00e9e Pasteur S\u00e3o Paulo","sameAs":["http:\/\/wordpress.callac.online"]}]}},"_links":{"self":[{"href":"https:\/\/wordpress.callac.online\/index.php\/wp-json\/wp\/v2\/pages\/1637","targetHints":{"allow":["GET"]}}],"collection":[{"href":"https:\/\/wordpress.callac.online\/index.php\/wp-json\/wp\/v2\/pages"}],"about":[{"href":"https:\/\/wordpress.callac.online\/index.php\/wp-json\/wp\/v2\/types\/page"}],"author":[{"embeddable":true,"href":"https:\/\/wordpress.callac.online\/index.php\/wp-json\/wp\/v2\/users\/1"}],"replies":[{"embeddable":true,"href":"https:\/\/wordpress.callac.online\/index.php\/wp-json\/wp\/v2\/comments?post=1637"}],"version-history":[{"count":5,"href":"https:\/\/wordpress.callac.online\/index.php\/wp-json\/wp\/v2\/pages\/1637\/revisions"}],"predecessor-version":[{"id":2818,"href":"https:\/\/wordpress.callac.online\/index.php\/wp-json\/wp\/v2\/pages\/1637\/revisions\/2818"}],"up":[{"embeddable":true,"href":"https:\/\/wordpress.callac.online\/index.php\/wp-json\/wp\/v2\/pages\/974"}],"wp:attachment":[{"href":"https:\/\/wordpress.callac.online\/index.php\/wp-json\/wp\/v2\/media?parent=1637"}],"curies":[{"name":"wp","href":"https:\/\/api.w.org\/{rel}","templated":true}]}}