{"id":164,"date":"2008-04-30T21:12:37","date_gmt":"2008-04-30T19:12:37","guid":{"rendered":"http:\/\/wordpress.callac.online\/index.php\/les-histogrammes-avec-xcas\/"},"modified":"2023-10-14T20:14:05","modified_gmt":"2023-10-14T18:14:05","slug":"les-histogrammes-avec-xcas","status":"publish","type":"page","link":"https:\/\/wordpress.callac.online\/index.php\/logiciels-mathematiques\/xcas\/statistiques-avec-xcas\/les-histogrammes-avec-xcas\/","title":{"rendered":"Les histogrammes avec Xcas"},"content":{"rendered":"<p><math>\nVoici comment on peut r\u00e9soudre un exercice classique  sur les histogrammes).<\/p>\n<h2>Enonc\u00e9<\/h2>\n<hr \/>\n<p>Soit la s\u00e9rie suivante :<\/p>\n<p>$$5,1,4,6,7,9,4,5,8,6,7,4,2,5,9,7,1,4,5,0,5,1,4,5,6,1,7,8,9,4,3,7,1$$<\/p>\n<p>1) Regrouper les effectifs dans les classes suivantes :<\/p>\n<p>$[0~;~2[$, $[2~;~4[$, $[4~;~6[$,$[6~;~8[$,$[8~;~10]$.<\/p>\n<p>2) Construire l&rsquo;histogramme correspondant.<\/p>\n<p>3) Regrouper les effectifs dans les classes suivantes :<\/p>\n<p>$[0~;~2[$, $[2~;~4[$, $[4~;~5[$,$[5~;~6[$,$[6~;~7[$,$[7~;~10]$.<\/p>\n<p>4) Construire l&rsquo;histogramme correspondant. On donnera les amplitudes et les densit\u00e9s utilis\u00e9es.<\/p>\n<h2>R\u00e9solution \u00e0 l&rsquo;aide de Xcas<\/h2>\n<hr \/>\n<p><font color = red>\n<code>\nX:=[5,1,4,6,7,9,4,5,8,6,7,4,2,5,9,7,1,4,5,0,5,1,4,5,6,1,7,8,9,4,3,7,1]\n<\/code>\n<\/font color><\/p>\n<p>1) Regrouper les effectifs dans les classes suivantes :<\/p>\n<p>$[0~;~2[$, $[2~;~4[$, $[4~;~6[$,$[6~;~8[$,$[8~;~10]$,<\/p>\n<p><font color = red>\n<code>\nC:=classes(X,0,2)\n<\/code>\n<\/font color><\/p>\n<p>$$\\left(\\begin<em>array<\/em><em>cc<\/em>\n     0.0 ..      2.0 &#038; 6 \\\\\n     2.0 ..      4.0 &#038; 2 \\\\\n     4.0 ..      6.0 &#038; 12 \\\\\n     6.0 ..      8.0 &#038; 8 \\\\\n     8.0 ..     10.0 &#038; 5\n\\end<em>array<\/em>\\right) $$<\/p>\n<p>2) Construire l&rsquo;histogramme correspondant.<\/p>\n<p><font color = red>\n<code>\nhistogram(C,affichage=vert+rempli+line_width_3)\n<\/code>\n<\/font color><\/p>\n<p><img loading=\"lazy\" decoding=\"async\" class=\" aligncenter size-full wp-image-667\" src=\"http:\/\/wordpress.callac.online\/wp-content\/uploads\/2008\/04\/jpg_session-8.jpg\" alt=\"session-8.jpg\" align=\"center\" width=\"599\" height=\"239\" srcset=\"https:\/\/wordpress.callac.online\/wp-content\/uploads\/2008\/04\/jpg_session-8.jpg 599w, https:\/\/wordpress.callac.online\/wp-content\/uploads\/2008\/04\/jpg_session-8-300x120.jpg 300w\" sizes=\"auto, (max-width: 599px) 100vw, 599px\" \/><\/p>\n<p>3) Regrouper les effectifs dans les classes suivantes :<\/p>\n<p>$[0~;~2[$, $[2~;~4[$, $[4~;~5[$,$[5~;~6[$,$[6~;~7[$,$[7~;~10]$.<\/p>\n<p><font color = red>\n<code>\nC:=classes(X,[0..2,2..4,4..5,5..6,6..7,7..10])\n<\/code>\n<\/font color><\/p>\n<p>$$\\left(\\begin<em>array<\/em><em>cc<\/em>\n0 .. 2 &#038; 6 \\\\\n2 .. 4 &#038; 2 \\\\\n4 .. 5 &#038; 6 \\\\\n5 .. 6 &#038; 6 \\\\\n6 .. 7 &#038; 3 \\\\\n7 .. 10 &#038; 10\n\\end<em>array<\/em>\\right) $$<\/p>\n<p>4) Construire l&rsquo;histogramme correspondant. On donnera les amplitudes et les densit\u00e9s utilis\u00e9es.<\/p>\n<p><font color = red>\n<code>\nhistogram(C,affichage=vert+rempli+line_width_3)\n<\/code>\n<\/font color><\/p>\n<p><img loading=\"lazy\" decoding=\"async\" class=\" aligncenter size-full wp-image-668\" src=\"http:\/\/wordpress.callac.online\/wp-content\/uploads\/2008\/04\/jpg_session-7.jpg\" alt=\"session-7.jpg\" align=\"center\" width=\"599\" height=\"239\" srcset=\"https:\/\/wordpress.callac.online\/wp-content\/uploads\/2008\/04\/jpg_session-7.jpg 599w, https:\/\/wordpress.callac.online\/wp-content\/uploads\/2008\/04\/jpg_session-7-300x120.jpg 300w\" sizes=\"auto, (max-width: 599px) 100vw, 599px\" \/><\/p>\n<p><font color = red>\n<code>\namplitudes_densites(C):=<em>\nlocal n,M,j;\nn:=size(C);\nM:=matrix(4,n+1);\nM[0,0]:=\"Intervalles\";\nM[1,0]:=\"Effectifs\";\nM[2,0]:=\"Amplitudes\";\nM[3,0]:=\"Densit\u00e9s\";<\/p>\n<p>for (j:=1;j<=n;j:=j+1)\n <em>\n  M[0,j]:=C[j-1,0];\n  M[1,j]:=C[j-1,1];\n  M[2,j]:=right(M[0,j])-left(M[0,j]);\n  M[3,j]:=evalf(M[1,j]\/M[2,j]);\n <\/em>\nreturn M;\n<\/em>\n:;\n<\/code>\n<\/font color><\/p>\n<p>\/\/ Parsing amplitudes_densites<\/p>\n<p>\/\/ Success compiling amplitudes_densites<\/p>\n<p><font color = red>\n<code>\namplitudes_densites(C)\n<\/code>\n<\/font color><\/p>\n<p>$$\\left[\\begin<em>array<\/em><em>ccccccc<\/em>\n\\mbox<em>Intervalles<\/em> &#038; 0 .. 2 &#038; 2 .. 4 &#038; 4 .. 5 &#038; 5 .. 6 &#038; 6 .. 7 &#038; 7 .. 10 \\\\\n\\mbox<em>Effectifs<\/em> &#038; 6 &#038; 2 &#038; 6 &#038; 6 &#038; 3 &#038; 10 \\\\\n\\mbox<em>Amplitudes<\/em> &#038; 2 &#038; 2 &#038; 1 &#038; 1 &#038; 1 &#038; 3 \\\\\n\\mbox<em>Densites<\/em> &#038;      3.0 &#038;      1.0 &#038;      6.0 &#038;      6.0 &#038;      3.0 &#038;      3.333333\n\\end<em>array<\/em>\\right] $$<\/p>\n<p><\/math><\/p>\n","protected":false},"excerpt":{"rendered":"<p>Voici comment on peut r\u00e9soudre un exercice classique sur les histogrammes). Enonc\u00e9 Soit la s\u00e9rie suivante : $$5,1,4,6,7,9,4,5,8,6,7,4,2,5,9,7,1,4,5,0,5,1,4,5,6,1,7,8,9,4,3,7,1$$ 1) Regrouper les effectifs dans les classes suivantes : $[0~;~2[$, $[2~;~4[$, $[4~;~6[$,$[6~;~8[$,$[8~;~10]$.&hellip;<\/p>\n","protected":false},"author":1,"featured_media":667,"parent":2228,"menu_order":5,"comment_status":"closed","ping_status":"closed","template":"","meta":{"footnotes":""},"class_list":["post-164","page","type-page","status-publish","has-post-thumbnail","hentry"],"yoast_head":"<!-- This site is optimized with the Yoast SEO plugin v27.1.1 - https:\/\/yoast.com\/product\/yoast-seo-wordpress\/ -->\n<title>Les histogrammes avec Xcas - Maths &amp; Num\u00e9rique<\/title>\n<meta name=\"robots\" content=\"index, follow, max-snippet:-1, max-image-preview:large, max-video-preview:-1\" \/>\n<link rel=\"canonical\" href=\"https:\/\/wordpress.callac.online\/index.php\/logiciels-mathematiques\/xcas\/statistiques-avec-xcas\/les-histogrammes-avec-xcas\/\" \/>\n<meta property=\"og:locale\" content=\"fr_FR\" \/>\n<meta property=\"og:type\" content=\"article\" \/>\n<meta property=\"og:title\" content=\"Les histogrammes avec Xcas - Maths &amp; Num\u00e9rique\" \/>\n<meta property=\"og:description\" content=\"Voici comment on peut r\u00e9soudre un exercice classique sur les histogrammes). Enonc\u00e9 Soit la s\u00e9rie suivante : $$5,1,4,6,7,9,4,5,8,6,7,4,2,5,9,7,1,4,5,0,5,1,4,5,6,1,7,8,9,4,3,7,1$$ 1) Regrouper les effectifs dans les classes suivantes : $[0~;~2[$, $[2~;~4[$, $[4~;~6[$,$[6~;~8[$,$[8~;~10]$.&hellip;\" \/>\n<meta property=\"og:url\" content=\"https:\/\/wordpress.callac.online\/index.php\/logiciels-mathematiques\/xcas\/statistiques-avec-xcas\/les-histogrammes-avec-xcas\/\" \/>\n<meta property=\"og:site_name\" content=\"Maths &amp; Num\u00e9rique\" \/>\n<meta property=\"article:modified_time\" content=\"2023-10-14T18:14:05+00:00\" \/>\n<meta property=\"og:image\" content=\"http:\/\/wordpress.callac.online\/wp-content\/uploads\/2008\/04\/jpg_session-8.jpg\" \/>\n\t<meta property=\"og:image:width\" content=\"599\" \/>\n\t<meta property=\"og:image:height\" content=\"239\" \/>\n\t<meta property=\"og:image:type\" content=\"image\/jpeg\" \/>\n<meta name=\"twitter:card\" content=\"summary_large_image\" \/>\n<meta name=\"twitter:label1\" content=\"Dur\u00e9e de lecture estim\u00e9e\" \/>\n\t<meta name=\"twitter:data1\" content=\"1 minute\" \/>\n<script type=\"application\/ld+json\" class=\"yoast-schema-graph\">{\"@context\":\"https:\/\/schema.org\",\"@graph\":[{\"@type\":\"WebPage\",\"@id\":\"https:\/\/wordpress.callac.online\/index.php\/logiciels-mathematiques\/xcas\/statistiques-avec-xcas\/les-histogrammes-avec-xcas\/\",\"url\":\"https:\/\/wordpress.callac.online\/index.php\/logiciels-mathematiques\/xcas\/statistiques-avec-xcas\/les-histogrammes-avec-xcas\/\",\"name\":\"Les histogrammes avec Xcas - Maths &amp; Num\u00e9rique\",\"isPartOf\":{\"@id\":\"https:\/\/wordpress.callac.online\/#website\"},\"primaryImageOfPage\":{\"@id\":\"https:\/\/wordpress.callac.online\/index.php\/logiciels-mathematiques\/xcas\/statistiques-avec-xcas\/les-histogrammes-avec-xcas\/#primaryimage\"},\"image\":{\"@id\":\"https:\/\/wordpress.callac.online\/index.php\/logiciels-mathematiques\/xcas\/statistiques-avec-xcas\/les-histogrammes-avec-xcas\/#primaryimage\"},\"thumbnailUrl\":\"https:\/\/wordpress.callac.online\/wp-content\/uploads\/2008\/04\/jpg_session-8.jpg\",\"datePublished\":\"2008-04-30T19:12:37+00:00\",\"dateModified\":\"2023-10-14T18:14:05+00:00\",\"breadcrumb\":{\"@id\":\"https:\/\/wordpress.callac.online\/index.php\/logiciels-mathematiques\/xcas\/statistiques-avec-xcas\/les-histogrammes-avec-xcas\/#breadcrumb\"},\"inLanguage\":\"fr-FR\",\"potentialAction\":[{\"@type\":\"ReadAction\",\"target\":[\"https:\/\/wordpress.callac.online\/index.php\/logiciels-mathematiques\/xcas\/statistiques-avec-xcas\/les-histogrammes-avec-xcas\/\"]}]},{\"@type\":\"ImageObject\",\"inLanguage\":\"fr-FR\",\"@id\":\"https:\/\/wordpress.callac.online\/index.php\/logiciels-mathematiques\/xcas\/statistiques-avec-xcas\/les-histogrammes-avec-xcas\/#primaryimage\",\"url\":\"https:\/\/wordpress.callac.online\/wp-content\/uploads\/2008\/04\/jpg_session-8.jpg\",\"contentUrl\":\"https:\/\/wordpress.callac.online\/wp-content\/uploads\/2008\/04\/jpg_session-8.jpg\",\"width\":599,\"height\":239,\"caption\":\"session-8.jpg\"},{\"@type\":\"BreadcrumbList\",\"@id\":\"https:\/\/wordpress.callac.online\/index.php\/logiciels-mathematiques\/xcas\/statistiques-avec-xcas\/les-histogrammes-avec-xcas\/#breadcrumb\",\"itemListElement\":[{\"@type\":\"ListItem\",\"position\":1,\"name\":\"Accueil\",\"item\":\"https:\/\/wordpress.callac.online\/\"},{\"@type\":\"ListItem\",\"position\":2,\"name\":\"Logiciels math\u00e9matiques\",\"item\":\"https:\/\/wordpress.callac.online\/index.php\/logiciels-mathematiques\/\"},{\"@type\":\"ListItem\",\"position\":3,\"name\":\"Xcas\",\"item\":\"https:\/\/wordpress.callac.online\/index.php\/logiciels-mathematiques\/xcas\/\"},{\"@type\":\"ListItem\",\"position\":4,\"name\":\"Statistiques avec Xcas\",\"item\":\"https:\/\/wordpress.callac.online\/index.php\/logiciels-mathematiques\/xcas\/statistiques-avec-xcas\/\"},{\"@type\":\"ListItem\",\"position\":5,\"name\":\"Les histogrammes avec Xcas\"}]},{\"@type\":\"WebSite\",\"@id\":\"https:\/\/wordpress.callac.online\/#website\",\"url\":\"https:\/\/wordpress.callac.online\/\",\"name\":\"Maths & Num\u00e9rique\",\"description\":\"Des outils pour les enseignants de math\u00e9matiques et de num\u00e9rique\",\"publisher\":{\"@id\":\"https:\/\/wordpress.callac.online\/#\/schema\/person\/04061f1ca2c2c42039142a704be95940\"},\"potentialAction\":[{\"@type\":\"SearchAction\",\"target\":{\"@type\":\"EntryPoint\",\"urlTemplate\":\"https:\/\/wordpress.callac.online\/?s={search_term_string}\"},\"query-input\":{\"@type\":\"PropertyValueSpecification\",\"valueRequired\":true,\"valueName\":\"search_term_string\"}}],\"inLanguage\":\"fr-FR\"},{\"@type\":[\"Person\",\"Organization\"],\"@id\":\"https:\/\/wordpress.callac.online\/#\/schema\/person\/04061f1ca2c2c42039142a704be95940\",\"name\":\"dlefur\",\"image\":{\"@type\":\"ImageObject\",\"inLanguage\":\"fr-FR\",\"@id\":\"https:\/\/wordpress.callac.online\/#\/schema\/person\/image\/\",\"url\":\"https:\/\/secure.gravatar.com\/avatar\/4a9e17be136808c6597f28aa2b6c13126dab066fdc2198ff60090972c9b7fafc?s=96&d=mm&r=g\",\"contentUrl\":\"https:\/\/secure.gravatar.com\/avatar\/4a9e17be136808c6597f28aa2b6c13126dab066fdc2198ff60090972c9b7fafc?s=96&d=mm&r=g\",\"caption\":\"dlefur\"},\"logo\":{\"@id\":\"https:\/\/wordpress.callac.online\/#\/schema\/person\/image\/\"},\"description\":\"Enseignant de math\u00e9matiques Lyc\u00e9e Pasteur S\u00e3o Paulo\",\"sameAs\":[\"http:\/\/wordpress.callac.online\"]}]}<\/script>\n<!-- \/ Yoast SEO plugin. -->","yoast_head_json":{"title":"Les histogrammes avec Xcas - Maths &amp; Num\u00e9rique","robots":{"index":"index","follow":"follow","max-snippet":"max-snippet:-1","max-image-preview":"max-image-preview:large","max-video-preview":"max-video-preview:-1"},"canonical":"https:\/\/wordpress.callac.online\/index.php\/logiciels-mathematiques\/xcas\/statistiques-avec-xcas\/les-histogrammes-avec-xcas\/","og_locale":"fr_FR","og_type":"article","og_title":"Les histogrammes avec Xcas - Maths &amp; Num\u00e9rique","og_description":"Voici comment on peut r\u00e9soudre un exercice classique sur les histogrammes). Enonc\u00e9 Soit la s\u00e9rie suivante : $$5,1,4,6,7,9,4,5,8,6,7,4,2,5,9,7,1,4,5,0,5,1,4,5,6,1,7,8,9,4,3,7,1$$ 1) Regrouper les effectifs dans les classes suivantes : $[0~;~2[$, $[2~;~4[$, $[4~;~6[$,$[6~;~8[$,$[8~;~10]$.&hellip;","og_url":"https:\/\/wordpress.callac.online\/index.php\/logiciels-mathematiques\/xcas\/statistiques-avec-xcas\/les-histogrammes-avec-xcas\/","og_site_name":"Maths &amp; Num\u00e9rique","article_modified_time":"2023-10-14T18:14:05+00:00","og_image":[{"width":599,"height":239,"url":"http:\/\/wordpress.callac.online\/wp-content\/uploads\/2008\/04\/jpg_session-8.jpg","type":"image\/jpeg"}],"twitter_card":"summary_large_image","twitter_misc":{"Dur\u00e9e de lecture estim\u00e9e":"1 minute"},"schema":{"@context":"https:\/\/schema.org","@graph":[{"@type":"WebPage","@id":"https:\/\/wordpress.callac.online\/index.php\/logiciels-mathematiques\/xcas\/statistiques-avec-xcas\/les-histogrammes-avec-xcas\/","url":"https:\/\/wordpress.callac.online\/index.php\/logiciels-mathematiques\/xcas\/statistiques-avec-xcas\/les-histogrammes-avec-xcas\/","name":"Les histogrammes avec Xcas - Maths &amp; Num\u00e9rique","isPartOf":{"@id":"https:\/\/wordpress.callac.online\/#website"},"primaryImageOfPage":{"@id":"https:\/\/wordpress.callac.online\/index.php\/logiciels-mathematiques\/xcas\/statistiques-avec-xcas\/les-histogrammes-avec-xcas\/#primaryimage"},"image":{"@id":"https:\/\/wordpress.callac.online\/index.php\/logiciels-mathematiques\/xcas\/statistiques-avec-xcas\/les-histogrammes-avec-xcas\/#primaryimage"},"thumbnailUrl":"https:\/\/wordpress.callac.online\/wp-content\/uploads\/2008\/04\/jpg_session-8.jpg","datePublished":"2008-04-30T19:12:37+00:00","dateModified":"2023-10-14T18:14:05+00:00","breadcrumb":{"@id":"https:\/\/wordpress.callac.online\/index.php\/logiciels-mathematiques\/xcas\/statistiques-avec-xcas\/les-histogrammes-avec-xcas\/#breadcrumb"},"inLanguage":"fr-FR","potentialAction":[{"@type":"ReadAction","target":["https:\/\/wordpress.callac.online\/index.php\/logiciels-mathematiques\/xcas\/statistiques-avec-xcas\/les-histogrammes-avec-xcas\/"]}]},{"@type":"ImageObject","inLanguage":"fr-FR","@id":"https:\/\/wordpress.callac.online\/index.php\/logiciels-mathematiques\/xcas\/statistiques-avec-xcas\/les-histogrammes-avec-xcas\/#primaryimage","url":"https:\/\/wordpress.callac.online\/wp-content\/uploads\/2008\/04\/jpg_session-8.jpg","contentUrl":"https:\/\/wordpress.callac.online\/wp-content\/uploads\/2008\/04\/jpg_session-8.jpg","width":599,"height":239,"caption":"session-8.jpg"},{"@type":"BreadcrumbList","@id":"https:\/\/wordpress.callac.online\/index.php\/logiciels-mathematiques\/xcas\/statistiques-avec-xcas\/les-histogrammes-avec-xcas\/#breadcrumb","itemListElement":[{"@type":"ListItem","position":1,"name":"Accueil","item":"https:\/\/wordpress.callac.online\/"},{"@type":"ListItem","position":2,"name":"Logiciels math\u00e9matiques","item":"https:\/\/wordpress.callac.online\/index.php\/logiciels-mathematiques\/"},{"@type":"ListItem","position":3,"name":"Xcas","item":"https:\/\/wordpress.callac.online\/index.php\/logiciels-mathematiques\/xcas\/"},{"@type":"ListItem","position":4,"name":"Statistiques avec Xcas","item":"https:\/\/wordpress.callac.online\/index.php\/logiciels-mathematiques\/xcas\/statistiques-avec-xcas\/"},{"@type":"ListItem","position":5,"name":"Les histogrammes avec Xcas"}]},{"@type":"WebSite","@id":"https:\/\/wordpress.callac.online\/#website","url":"https:\/\/wordpress.callac.online\/","name":"Maths & Num\u00e9rique","description":"Des outils pour les enseignants de math\u00e9matiques et de num\u00e9rique","publisher":{"@id":"https:\/\/wordpress.callac.online\/#\/schema\/person\/04061f1ca2c2c42039142a704be95940"},"potentialAction":[{"@type":"SearchAction","target":{"@type":"EntryPoint","urlTemplate":"https:\/\/wordpress.callac.online\/?s={search_term_string}"},"query-input":{"@type":"PropertyValueSpecification","valueRequired":true,"valueName":"search_term_string"}}],"inLanguage":"fr-FR"},{"@type":["Person","Organization"],"@id":"https:\/\/wordpress.callac.online\/#\/schema\/person\/04061f1ca2c2c42039142a704be95940","name":"dlefur","image":{"@type":"ImageObject","inLanguage":"fr-FR","@id":"https:\/\/wordpress.callac.online\/#\/schema\/person\/image\/","url":"https:\/\/secure.gravatar.com\/avatar\/4a9e17be136808c6597f28aa2b6c13126dab066fdc2198ff60090972c9b7fafc?s=96&d=mm&r=g","contentUrl":"https:\/\/secure.gravatar.com\/avatar\/4a9e17be136808c6597f28aa2b6c13126dab066fdc2198ff60090972c9b7fafc?s=96&d=mm&r=g","caption":"dlefur"},"logo":{"@id":"https:\/\/wordpress.callac.online\/#\/schema\/person\/image\/"},"description":"Enseignant de math\u00e9matiques Lyc\u00e9e Pasteur S\u00e3o Paulo","sameAs":["http:\/\/wordpress.callac.online"]}]}},"_links":{"self":[{"href":"https:\/\/wordpress.callac.online\/index.php\/wp-json\/wp\/v2\/pages\/164","targetHints":{"allow":["GET"]}}],"collection":[{"href":"https:\/\/wordpress.callac.online\/index.php\/wp-json\/wp\/v2\/pages"}],"about":[{"href":"https:\/\/wordpress.callac.online\/index.php\/wp-json\/wp\/v2\/types\/page"}],"author":[{"embeddable":true,"href":"https:\/\/wordpress.callac.online\/index.php\/wp-json\/wp\/v2\/users\/1"}],"replies":[{"embeddable":true,"href":"https:\/\/wordpress.callac.online\/index.php\/wp-json\/wp\/v2\/comments?post=164"}],"version-history":[{"count":1,"href":"https:\/\/wordpress.callac.online\/index.php\/wp-json\/wp\/v2\/pages\/164\/revisions"}],"predecessor-version":[{"id":1572,"href":"https:\/\/wordpress.callac.online\/index.php\/wp-json\/wp\/v2\/pages\/164\/revisions\/1572"}],"up":[{"embeddable":true,"href":"https:\/\/wordpress.callac.online\/index.php\/wp-json\/wp\/v2\/pages\/2228"}],"wp:featuredmedia":[{"embeddable":true,"href":"https:\/\/wordpress.callac.online\/index.php\/wp-json\/wp\/v2\/media\/667"}],"wp:attachment":[{"href":"https:\/\/wordpress.callac.online\/index.php\/wp-json\/wp\/v2\/media?parent=164"}],"curies":[{"name":"wp","href":"https:\/\/api.w.org\/{rel}","templated":true}]}}