{"id":165,"date":"2008-05-04T14:42:19","date_gmt":"2008-05-04T12:42:19","guid":{"rendered":"http:\/\/wordpress.callac.online\/index.php\/diagrammes-en-batons-et-camembert-avec-xcas\/"},"modified":"2023-10-14T20:14:04","modified_gmt":"2023-10-14T18:14:04","slug":"diagrammes-en-batons-et-camembert-avec-xcas","status":"publish","type":"page","link":"https:\/\/wordpress.callac.online\/index.php\/logiciels-mathematiques\/xcas\/statistiques-avec-xcas\/diagrammes-en-batons-et-camembert-avec-xcas\/","title":{"rendered":"Diagrammes en b\u00e2tons et camembert avec Xcas"},"content":{"rendered":"<p><math>\nVoici comment on peut r\u00e9soudre un exercice classique  sur les diagrammes eb b\u00e2tons et les camemberts.<\/p>\n<h2>Enonc\u00e9<\/h2>\n<hr \/>\n<p>Voici le r\u00e9partition des supporters  parmi un groupe de 50 personnes de S\u00e3o Paulo : <\/p>\n<table>\n<tbody>\n<tr class='row_even'>\n<td> Clubs <\/td>\n<td> Santos <\/td>\n<td> S\u00e3o Paulo FC <\/td>\n<td> Palmeiras <\/td>\n<td> Corinthians <\/td>\n<\/tr>\n<tr class='row_odd'>\n<td> Nombre de supporters <\/td>\n<td>5 <\/td>\n<td> 15 <\/td>\n<td> 20 <\/td>\n<td> 10 <\/td>\n<\/tr>\n<\/tbody>\n<\/table>\n<p>1) Calculer les fr\u00e9quences correspondantes.<\/p>\n<p>2) Tracer le diagramme en b\u00e2tons correspondant.<\/p>\n<p>3) Tracer le camembert correspondant. On donnera les valeurs des diff\u00e9rents angles.<\/p>\n<h2>R\u00e9solution \u00e0 l&rsquo;aide de Xcas<\/h2>\n<hr \/>\n<p><font color = red>\n<code>\nX:=[\"Santos\",\"S\u00e3o Paulo FC\",\"Palmeiras\",\"Corinthians\"]\n<\/code>\n<\/font color><\/p>\n<p>$$[\\mbox<em>Santos<\/em>,\\mbox<em>S\u00e3o Paulo FC<\/em>,\\mbox<em>Palmeiras<\/em>,\\mbox<em>Corinthians<\/em>]$$<\/p>\n<p><font color = red>\n<code>\nEffectifs:=[5,15,20,10]\n<\/code>\n<\/font color><\/p>\n<p>[5,15,20,10]<\/p>\n<p>1) Calculer les fr\u00e9quences correspondantes.<\/p>\n<p><font color = red>\n<code>\nfrequences(X,E):=<em>\nlocal n,N,M,j;\nn:=size(E);\nN:=sum(E);\nM:=matrix(3,n+2);\nM[0,0]:=\"----------\";\nM[1,0]:=\"Effectifs\";\nM[2,0]:=\"Fr\u00e9quences (en %)\";\nM[0,n+1]:=\"Total\";\nM[1,n+1]:=N;\nM[2,n+1]:=100.0;\nfor (j:=1;j<=n;j:=j+1) \n  <em>M[0,j]:=X[j-1];\n   M[1,j]:=E[j-1];\n   M[2,j]:=evalf(E[j-1]\/N*100);\n  <\/em> \nreturn M;\n<\/em>\n:;\n<\/code>\n<\/font color><\/p>\n<p>\/\/ Parsing frequences<\/p>\n<p>\/\/ Success compiling frequences<\/p>\n<p><font color = red>\n<code>\nfrequences(X,Effectifs)\n<\/code>\n<\/font color><\/p>\n<p>$$\\left[\\begin<em>array<\/em><em>cccccc<\/em>\n\\mbox<em>&#8212;&#8212;&#8212;-<\/em> &#038; \\mbox<em>Santos<\/em> &#038; \\mbox<em>Sao Paulo FC<\/em> &#038; \\mbox<em>Palmeiras<\/em> &#038; \\mbox<em>Corinthians<\/em> &#038; \\mbox<em>Total<\/em> \\\\\n\\mbox<em>Effectifs<\/em> &#038; 5 &#038; 15 &#038; 20 &#038; 10 &#038; 50 \\\\\n\\mbox<em>Frequences (en \\%)<\/em> &#038;     10.0 &#038;     30.0 &#038;     40.0 &#038;     20.0 &#038;    100.0\n\\end<em>array<\/em>\\right] $$<\/p>\n<p>2) Tracer le diagramme en b\u00e2tons correspondant.<\/p>\n<p><font color = red>\n<code>\ndiagramme_batons(X,Effectifs)\n<\/code>\n<\/font color><\/p>\n<p><img loading=\"lazy\" decoding=\"async\" class=\" aligncenter size-full wp-image-669\" src=\"http:\/\/wordpress.callac.online\/wp-content\/uploads\/2008\/05\/jpg_diagramme.jpg\" alt=\"diagramme.jpg\" align=\"center\" width=\"599\" height=\"236\" srcset=\"https:\/\/wordpress.callac.online\/wp-content\/uploads\/2008\/05\/jpg_diagramme.jpg 599w, https:\/\/wordpress.callac.online\/wp-content\/uploads\/2008\/05\/jpg_diagramme-300x118.jpg 300w\" sizes=\"auto, (max-width: 599px) 100vw, 599px\" \/><\/p>\n<p>3) Tracer le camembert correspondant. On donnera les valeurs des diff\u00e9rents angles.<\/p>\n<p><font color = red>\n<code>\nangles(X,E):=<em>\nlocal n,N,M,j;\nn:=size(E);\nN:=sum(E);\nM:=matrix(3,n+2);\nM[0,0]:=\"----------\";\nM[1,0]:=\"Effectifs\";\nM[2,0]:=\"Angles (en degr\u00e9s)\";\nM[0,n+1]:=\"Total\";\nM[1,n+1]:=N;\nM[2,n+1]:=360.0;\nfor (j:=1;j<=n;j:=j+1) \n  <em>M[0,j]:=X[j-1];\n   M[1,j]:=E[j-1];\n   M[2,j]:=evalf(E[j-1]\/N*360);\n  <\/em> \nreturn M;\n<\/em>\n:;\n<\/code>\n<\/font color><\/p>\n<p>\/\/ Parsing angles<\/p>\n<p>\/\/ Success compiling angles<\/p>\n<p><font color = red>\n<code>\nangles(X,Effectifs)\n<\/code>\n<\/font color><\/p>\n<p>$$\\left[\\begin<em>array<\/em><em>cccccc<\/em>\n\\mbox<em>&#8212;&#8212;&#8212;-<\/em> &#038; \\mbox<em>Santos<\/em> &#038; \\mbox<em>Sao Paulo FC<\/em> &#038; \\mbox<em>Palmeiras<\/em> &#038; \\mbox<em>Corinthians<\/em> &#038; \\mbox<em>Total<\/em> \\\\\n\\mbox<em>Effectifs<\/em> &#038; 5 &#038; 15 &#038; 20 &#038; 10 &#038; 50 \\\\\n\\mbox<em>Angles (en degres)<\/em> &#038;     36.0 &#038;    108.0 &#038;    144.0 &#038;     72.0 &#038;    360.0\n\\end<em>array<\/em>\\right] $$<\/p>\n<p><font color = red>\n<code>\ncamembert(X,Effectifs)\n<\/code>\n<\/font color><\/p>\n<p><img loading=\"lazy\" decoding=\"async\" class=\" aligncenter size-full wp-image-670\" src=\"http:\/\/wordpress.callac.online\/wp-content\/uploads\/2008\/05\/jpg_camembert.jpg\" alt=\"camembert.jpg\" align=\"center\" width=\"599\" height=\"239\" srcset=\"https:\/\/wordpress.callac.online\/wp-content\/uploads\/2008\/05\/jpg_camembert.jpg 599w, https:\/\/wordpress.callac.online\/wp-content\/uploads\/2008\/05\/jpg_camembert-300x120.jpg 300w\" sizes=\"auto, (max-width: 599px) 100vw, 599px\" \/><\/p>\n<p><\/math><\/p>\n","protected":false},"excerpt":{"rendered":"<p>Voici comment on peut r\u00e9soudre un exercice classique sur les diagrammes eb b\u00e2tons et les camemberts. Enonc\u00e9 Voici le r\u00e9partition des supporters parmi un groupe de 50 personnes de S\u00e3o&hellip;<\/p>\n","protected":false},"author":1,"featured_media":669,"parent":2228,"menu_order":4,"comment_status":"closed","ping_status":"closed","template":"","meta":{"footnotes":""},"class_list":["post-165","page","type-page","status-publish","has-post-thumbnail","hentry"],"yoast_head":"<!-- This site is optimized with the Yoast SEO plugin v27.1.1 - https:\/\/yoast.com\/product\/yoast-seo-wordpress\/ -->\n<title>Diagrammes en b\u00e2tons et camembert avec Xcas - Maths &amp; Num\u00e9rique<\/title>\n<meta name=\"robots\" content=\"index, follow, max-snippet:-1, max-image-preview:large, max-video-preview:-1\" \/>\n<link rel=\"canonical\" href=\"https:\/\/wordpress.callac.online\/index.php\/logiciels-mathematiques\/xcas\/statistiques-avec-xcas\/diagrammes-en-batons-et-camembert-avec-xcas\/\" \/>\n<meta property=\"og:locale\" content=\"fr_FR\" \/>\n<meta property=\"og:type\" content=\"article\" \/>\n<meta property=\"og:title\" content=\"Diagrammes en b\u00e2tons et camembert avec Xcas - Maths &amp; Num\u00e9rique\" \/>\n<meta property=\"og:description\" content=\"Voici comment on peut r\u00e9soudre un exercice classique sur les diagrammes eb b\u00e2tons et les camemberts. Enonc\u00e9 Voici le r\u00e9partition des supporters parmi un groupe de 50 personnes de S\u00e3o&hellip;\" \/>\n<meta property=\"og:url\" content=\"https:\/\/wordpress.callac.online\/index.php\/logiciels-mathematiques\/xcas\/statistiques-avec-xcas\/diagrammes-en-batons-et-camembert-avec-xcas\/\" \/>\n<meta property=\"og:site_name\" content=\"Maths &amp; Num\u00e9rique\" \/>\n<meta property=\"article:modified_time\" content=\"2023-10-14T18:14:04+00:00\" \/>\n<meta property=\"og:image\" content=\"http:\/\/wordpress.callac.online\/wp-content\/uploads\/2008\/05\/jpg_diagramme.jpg\" \/>\n\t<meta property=\"og:image:width\" content=\"599\" \/>\n\t<meta property=\"og:image:height\" content=\"236\" \/>\n\t<meta property=\"og:image:type\" content=\"image\/jpeg\" \/>\n<meta name=\"twitter:card\" content=\"summary_large_image\" \/>\n<meta name=\"twitter:label1\" content=\"Dur\u00e9e de lecture estim\u00e9e\" \/>\n\t<meta name=\"twitter:data1\" content=\"1 minute\" \/>\n<script type=\"application\/ld+json\" class=\"yoast-schema-graph\">{\"@context\":\"https:\/\/schema.org\",\"@graph\":[{\"@type\":\"WebPage\",\"@id\":\"https:\/\/wordpress.callac.online\/index.php\/logiciels-mathematiques\/xcas\/statistiques-avec-xcas\/diagrammes-en-batons-et-camembert-avec-xcas\/\",\"url\":\"https:\/\/wordpress.callac.online\/index.php\/logiciels-mathematiques\/xcas\/statistiques-avec-xcas\/diagrammes-en-batons-et-camembert-avec-xcas\/\",\"name\":\"Diagrammes en b\u00e2tons et camembert avec Xcas - Maths &amp; Num\u00e9rique\",\"isPartOf\":{\"@id\":\"https:\/\/wordpress.callac.online\/#website\"},\"primaryImageOfPage\":{\"@id\":\"https:\/\/wordpress.callac.online\/index.php\/logiciels-mathematiques\/xcas\/statistiques-avec-xcas\/diagrammes-en-batons-et-camembert-avec-xcas\/#primaryimage\"},\"image\":{\"@id\":\"https:\/\/wordpress.callac.online\/index.php\/logiciels-mathematiques\/xcas\/statistiques-avec-xcas\/diagrammes-en-batons-et-camembert-avec-xcas\/#primaryimage\"},\"thumbnailUrl\":\"https:\/\/wordpress.callac.online\/wp-content\/uploads\/2008\/05\/jpg_diagramme.jpg\",\"datePublished\":\"2008-05-04T12:42:19+00:00\",\"dateModified\":\"2023-10-14T18:14:04+00:00\",\"breadcrumb\":{\"@id\":\"https:\/\/wordpress.callac.online\/index.php\/logiciels-mathematiques\/xcas\/statistiques-avec-xcas\/diagrammes-en-batons-et-camembert-avec-xcas\/#breadcrumb\"},\"inLanguage\":\"fr-FR\",\"potentialAction\":[{\"@type\":\"ReadAction\",\"target\":[\"https:\/\/wordpress.callac.online\/index.php\/logiciels-mathematiques\/xcas\/statistiques-avec-xcas\/diagrammes-en-batons-et-camembert-avec-xcas\/\"]}]},{\"@type\":\"ImageObject\",\"inLanguage\":\"fr-FR\",\"@id\":\"https:\/\/wordpress.callac.online\/index.php\/logiciels-mathematiques\/xcas\/statistiques-avec-xcas\/diagrammes-en-batons-et-camembert-avec-xcas\/#primaryimage\",\"url\":\"https:\/\/wordpress.callac.online\/wp-content\/uploads\/2008\/05\/jpg_diagramme.jpg\",\"contentUrl\":\"https:\/\/wordpress.callac.online\/wp-content\/uploads\/2008\/05\/jpg_diagramme.jpg\",\"width\":599,\"height\":236,\"caption\":\"diagramme.jpg\"},{\"@type\":\"BreadcrumbList\",\"@id\":\"https:\/\/wordpress.callac.online\/index.php\/logiciels-mathematiques\/xcas\/statistiques-avec-xcas\/diagrammes-en-batons-et-camembert-avec-xcas\/#breadcrumb\",\"itemListElement\":[{\"@type\":\"ListItem\",\"position\":1,\"name\":\"Accueil\",\"item\":\"https:\/\/wordpress.callac.online\/\"},{\"@type\":\"ListItem\",\"position\":2,\"name\":\"Logiciels math\u00e9matiques\",\"item\":\"https:\/\/wordpress.callac.online\/index.php\/logiciels-mathematiques\/\"},{\"@type\":\"ListItem\",\"position\":3,\"name\":\"Xcas\",\"item\":\"https:\/\/wordpress.callac.online\/index.php\/logiciels-mathematiques\/xcas\/\"},{\"@type\":\"ListItem\",\"position\":4,\"name\":\"Statistiques avec Xcas\",\"item\":\"https:\/\/wordpress.callac.online\/index.php\/logiciels-mathematiques\/xcas\/statistiques-avec-xcas\/\"},{\"@type\":\"ListItem\",\"position\":5,\"name\":\"Diagrammes en b\u00e2tons et camembert avec Xcas\"}]},{\"@type\":\"WebSite\",\"@id\":\"https:\/\/wordpress.callac.online\/#website\",\"url\":\"https:\/\/wordpress.callac.online\/\",\"name\":\"Maths & Num\u00e9rique\",\"description\":\"Des outils pour les enseignants de math\u00e9matiques et de num\u00e9rique\",\"publisher\":{\"@id\":\"https:\/\/wordpress.callac.online\/#\/schema\/person\/04061f1ca2c2c42039142a704be95940\"},\"potentialAction\":[{\"@type\":\"SearchAction\",\"target\":{\"@type\":\"EntryPoint\",\"urlTemplate\":\"https:\/\/wordpress.callac.online\/?s={search_term_string}\"},\"query-input\":{\"@type\":\"PropertyValueSpecification\",\"valueRequired\":true,\"valueName\":\"search_term_string\"}}],\"inLanguage\":\"fr-FR\"},{\"@type\":[\"Person\",\"Organization\"],\"@id\":\"https:\/\/wordpress.callac.online\/#\/schema\/person\/04061f1ca2c2c42039142a704be95940\",\"name\":\"dlefur\",\"image\":{\"@type\":\"ImageObject\",\"inLanguage\":\"fr-FR\",\"@id\":\"https:\/\/wordpress.callac.online\/#\/schema\/person\/image\/\",\"url\":\"https:\/\/secure.gravatar.com\/avatar\/4a9e17be136808c6597f28aa2b6c13126dab066fdc2198ff60090972c9b7fafc?s=96&d=mm&r=g\",\"contentUrl\":\"https:\/\/secure.gravatar.com\/avatar\/4a9e17be136808c6597f28aa2b6c13126dab066fdc2198ff60090972c9b7fafc?s=96&d=mm&r=g\",\"caption\":\"dlefur\"},\"logo\":{\"@id\":\"https:\/\/wordpress.callac.online\/#\/schema\/person\/image\/\"},\"description\":\"Enseignant de math\u00e9matiques Lyc\u00e9e Pasteur S\u00e3o Paulo\",\"sameAs\":[\"http:\/\/wordpress.callac.online\"]}]}<\/script>\n<!-- \/ Yoast SEO plugin. -->","yoast_head_json":{"title":"Diagrammes en b\u00e2tons et camembert avec Xcas - Maths &amp; Num\u00e9rique","robots":{"index":"index","follow":"follow","max-snippet":"max-snippet:-1","max-image-preview":"max-image-preview:large","max-video-preview":"max-video-preview:-1"},"canonical":"https:\/\/wordpress.callac.online\/index.php\/logiciels-mathematiques\/xcas\/statistiques-avec-xcas\/diagrammes-en-batons-et-camembert-avec-xcas\/","og_locale":"fr_FR","og_type":"article","og_title":"Diagrammes en b\u00e2tons et camembert avec Xcas - Maths &amp; Num\u00e9rique","og_description":"Voici comment on peut r\u00e9soudre un exercice classique sur les diagrammes eb b\u00e2tons et les camemberts. Enonc\u00e9 Voici le r\u00e9partition des supporters parmi un groupe de 50 personnes de S\u00e3o&hellip;","og_url":"https:\/\/wordpress.callac.online\/index.php\/logiciels-mathematiques\/xcas\/statistiques-avec-xcas\/diagrammes-en-batons-et-camembert-avec-xcas\/","og_site_name":"Maths &amp; Num\u00e9rique","article_modified_time":"2023-10-14T18:14:04+00:00","og_image":[{"width":599,"height":236,"url":"http:\/\/wordpress.callac.online\/wp-content\/uploads\/2008\/05\/jpg_diagramme.jpg","type":"image\/jpeg"}],"twitter_card":"summary_large_image","twitter_misc":{"Dur\u00e9e de lecture estim\u00e9e":"1 minute"},"schema":{"@context":"https:\/\/schema.org","@graph":[{"@type":"WebPage","@id":"https:\/\/wordpress.callac.online\/index.php\/logiciels-mathematiques\/xcas\/statistiques-avec-xcas\/diagrammes-en-batons-et-camembert-avec-xcas\/","url":"https:\/\/wordpress.callac.online\/index.php\/logiciels-mathematiques\/xcas\/statistiques-avec-xcas\/diagrammes-en-batons-et-camembert-avec-xcas\/","name":"Diagrammes en b\u00e2tons et camembert avec Xcas - Maths &amp; Num\u00e9rique","isPartOf":{"@id":"https:\/\/wordpress.callac.online\/#website"},"primaryImageOfPage":{"@id":"https:\/\/wordpress.callac.online\/index.php\/logiciels-mathematiques\/xcas\/statistiques-avec-xcas\/diagrammes-en-batons-et-camembert-avec-xcas\/#primaryimage"},"image":{"@id":"https:\/\/wordpress.callac.online\/index.php\/logiciels-mathematiques\/xcas\/statistiques-avec-xcas\/diagrammes-en-batons-et-camembert-avec-xcas\/#primaryimage"},"thumbnailUrl":"https:\/\/wordpress.callac.online\/wp-content\/uploads\/2008\/05\/jpg_diagramme.jpg","datePublished":"2008-05-04T12:42:19+00:00","dateModified":"2023-10-14T18:14:04+00:00","breadcrumb":{"@id":"https:\/\/wordpress.callac.online\/index.php\/logiciels-mathematiques\/xcas\/statistiques-avec-xcas\/diagrammes-en-batons-et-camembert-avec-xcas\/#breadcrumb"},"inLanguage":"fr-FR","potentialAction":[{"@type":"ReadAction","target":["https:\/\/wordpress.callac.online\/index.php\/logiciels-mathematiques\/xcas\/statistiques-avec-xcas\/diagrammes-en-batons-et-camembert-avec-xcas\/"]}]},{"@type":"ImageObject","inLanguage":"fr-FR","@id":"https:\/\/wordpress.callac.online\/index.php\/logiciels-mathematiques\/xcas\/statistiques-avec-xcas\/diagrammes-en-batons-et-camembert-avec-xcas\/#primaryimage","url":"https:\/\/wordpress.callac.online\/wp-content\/uploads\/2008\/05\/jpg_diagramme.jpg","contentUrl":"https:\/\/wordpress.callac.online\/wp-content\/uploads\/2008\/05\/jpg_diagramme.jpg","width":599,"height":236,"caption":"diagramme.jpg"},{"@type":"BreadcrumbList","@id":"https:\/\/wordpress.callac.online\/index.php\/logiciels-mathematiques\/xcas\/statistiques-avec-xcas\/diagrammes-en-batons-et-camembert-avec-xcas\/#breadcrumb","itemListElement":[{"@type":"ListItem","position":1,"name":"Accueil","item":"https:\/\/wordpress.callac.online\/"},{"@type":"ListItem","position":2,"name":"Logiciels math\u00e9matiques","item":"https:\/\/wordpress.callac.online\/index.php\/logiciels-mathematiques\/"},{"@type":"ListItem","position":3,"name":"Xcas","item":"https:\/\/wordpress.callac.online\/index.php\/logiciels-mathematiques\/xcas\/"},{"@type":"ListItem","position":4,"name":"Statistiques avec Xcas","item":"https:\/\/wordpress.callac.online\/index.php\/logiciels-mathematiques\/xcas\/statistiques-avec-xcas\/"},{"@type":"ListItem","position":5,"name":"Diagrammes en b\u00e2tons et camembert avec Xcas"}]},{"@type":"WebSite","@id":"https:\/\/wordpress.callac.online\/#website","url":"https:\/\/wordpress.callac.online\/","name":"Maths & Num\u00e9rique","description":"Des outils pour les enseignants de math\u00e9matiques et de num\u00e9rique","publisher":{"@id":"https:\/\/wordpress.callac.online\/#\/schema\/person\/04061f1ca2c2c42039142a704be95940"},"potentialAction":[{"@type":"SearchAction","target":{"@type":"EntryPoint","urlTemplate":"https:\/\/wordpress.callac.online\/?s={search_term_string}"},"query-input":{"@type":"PropertyValueSpecification","valueRequired":true,"valueName":"search_term_string"}}],"inLanguage":"fr-FR"},{"@type":["Person","Organization"],"@id":"https:\/\/wordpress.callac.online\/#\/schema\/person\/04061f1ca2c2c42039142a704be95940","name":"dlefur","image":{"@type":"ImageObject","inLanguage":"fr-FR","@id":"https:\/\/wordpress.callac.online\/#\/schema\/person\/image\/","url":"https:\/\/secure.gravatar.com\/avatar\/4a9e17be136808c6597f28aa2b6c13126dab066fdc2198ff60090972c9b7fafc?s=96&d=mm&r=g","contentUrl":"https:\/\/secure.gravatar.com\/avatar\/4a9e17be136808c6597f28aa2b6c13126dab066fdc2198ff60090972c9b7fafc?s=96&d=mm&r=g","caption":"dlefur"},"logo":{"@id":"https:\/\/wordpress.callac.online\/#\/schema\/person\/image\/"},"description":"Enseignant de math\u00e9matiques Lyc\u00e9e Pasteur S\u00e3o Paulo","sameAs":["http:\/\/wordpress.callac.online"]}]}},"_links":{"self":[{"href":"https:\/\/wordpress.callac.online\/index.php\/wp-json\/wp\/v2\/pages\/165","targetHints":{"allow":["GET"]}}],"collection":[{"href":"https:\/\/wordpress.callac.online\/index.php\/wp-json\/wp\/v2\/pages"}],"about":[{"href":"https:\/\/wordpress.callac.online\/index.php\/wp-json\/wp\/v2\/types\/page"}],"author":[{"embeddable":true,"href":"https:\/\/wordpress.callac.online\/index.php\/wp-json\/wp\/v2\/users\/1"}],"replies":[{"embeddable":true,"href":"https:\/\/wordpress.callac.online\/index.php\/wp-json\/wp\/v2\/comments?post=165"}],"version-history":[{"count":1,"href":"https:\/\/wordpress.callac.online\/index.php\/wp-json\/wp\/v2\/pages\/165\/revisions"}],"predecessor-version":[{"id":1573,"href":"https:\/\/wordpress.callac.online\/index.php\/wp-json\/wp\/v2\/pages\/165\/revisions\/1573"}],"up":[{"embeddable":true,"href":"https:\/\/wordpress.callac.online\/index.php\/wp-json\/wp\/v2\/pages\/2228"}],"wp:featuredmedia":[{"embeddable":true,"href":"https:\/\/wordpress.callac.online\/index.php\/wp-json\/wp\/v2\/media\/669"}],"wp:attachment":[{"href":"https:\/\/wordpress.callac.online\/index.php\/wp-json\/wp\/v2\/media?parent=165"}],"curies":[{"name":"wp","href":"https:\/\/api.w.org\/{rel}","templated":true}]}}