{"id":170,"date":"2008-05-31T18:17:52","date_gmt":"2008-05-31T16:17:52","guid":{"rendered":"http:\/\/wordpress.callac.online\/index.php\/expression-ou-fonction-avec-xcas\/"},"modified":"2023-10-14T20:13:48","modified_gmt":"2023-10-14T18:13:48","slug":"expression-ou-fonction-avec-xcas","status":"publish","type":"page","link":"https:\/\/wordpress.callac.online\/index.php\/logiciels-mathematiques\/xcas\/fonctions-avec-xcas\/expression-ou-fonction-avec-xcas\/","title":{"rendered":"Expression ou fonction avec Xcas ?"},"content":{"rendered":"<p><math>\nDans Xcas, pour faire du calcul formel, on a la possibilit\u00e9 d&rsquo;utiliser des expressions ou des fonctions.<\/p>\n<p>Je vais essayer de pr\u00e9senter ici les diff\u00e9rences entre elles.<\/p>\n<h2>Les expressions<\/h2>\n<hr \/>\n<p>C&rsquo;est la mati\u00e8re premi\u00e8re pour faire du calcul formel avec Xcas, m\u00eame lorsqu&rsquo;on veut d\u00e9crire une fonction math\u00e9matique.<\/p>\n<p>Ainsi, pour rentrer la fonction $f$ d\u00e9finie par $f(x)=\\left(x-3\\right)^<em>2<\/em>-(x+3)(2x-1)$, on tape :<\/p>\n<p><font color = red>\n<code>\nf:=(x-3)^2-(x+3)*(2x-1)\n<\/code>\n<\/font color><\/p>\n<p>$$\\left(x-3\\right)^<em>2<\/em>-(x+3)(2x-1)$$<\/p>\n<p>On obtient alors <strong>l&rsquo;expression f<\/strong>, tr\u00e8s adapt\u00e9e au calcul formel.<\/p>\n<p>Voici quelques utilisations possibles.<\/p>\n<p><font color = red>\n<code>\nsimplifier(f)\n<\/code>\n<\/font color><\/p>\n<p>$$-x^<em>2<\/em>-11x+12$$<\/p>\n<p><font color = red>\n<code>\nfactoriser(f)\n<\/code>\n<\/font color><\/p>\n<p>$$-(x+12)(x-1)$$<\/p>\n<p><font color = red>\n<code>\nresoudre(f=0,x)\n<\/code>\n<\/font color><\/p>\n<p>$$[-12,1]$$<\/p>\n<p><font color = red>\n<code>\nsimplifier(deriver(f,x))\n<\/code>\n<\/font color><\/p>\n<p>$$-2x-11$$<\/p>\n<p>A noter que ce r\u00e9sultat est lui aussi une expression, non une fonction.<\/p>\n<p><font color = red>\n<code>\nplotfunc(f,x=-15..5)\n<\/code>\n<\/font color><\/p>\n<p><img loading=\"lazy\" decoding=\"async\" class=\" aligncenter size-full wp-image-676\" src=\"http:\/\/wordpress.callac.online\/wp-content\/uploads\/2008\/05\/jpg_courbe.jpg\" alt=\"courbe.jpg\" align=\"center\" width=\"592\" height=\"236\" srcset=\"https:\/\/wordpress.callac.online\/wp-content\/uploads\/2008\/05\/jpg_courbe.jpg 592w, https:\/\/wordpress.callac.online\/wp-content\/uploads\/2008\/05\/jpg_courbe-300x120.jpg 300w\" sizes=\"auto, (max-width: 592px) 100vw, 592px\" \/><\/p>\n<p>Cependant, \u00e0 ce stade, on ne peut pas calculer $f(2)$ par exemple, car <strong>f<\/strong> est une expression et non une fonction!<\/p>\n<h2>De l&rsquo;expression \u00e0 la fonction<\/h2>\n<hr \/>\n<p><font color = red>\n<code>\nff:=unapply(f,x)\n<\/code>\n<\/font color><\/p>\n<p>$$x-> \\left(x-3\\right)^<em>2<\/em>-(x+3)(2x-1)$$<\/p>\n<p><font color = red>\n<code>\nff(2)\n<\/code>\n<\/font color><\/p>\n<p>$$-14$$<\/p>\n<p><\/math><\/p>\n","protected":false},"excerpt":{"rendered":"<p>Dans Xcas, pour faire du calcul formel, on a la possibilit\u00e9 d&rsquo;utiliser des expressions ou des fonctions. Je vais essayer de pr\u00e9senter ici les diff\u00e9rences entre elles. Les expressions C&rsquo;est&hellip;<\/p>\n","protected":false},"author":1,"featured_media":676,"parent":2226,"menu_order":1,"comment_status":"closed","ping_status":"closed","template":"","meta":{"footnotes":""},"class_list":["post-170","page","type-page","status-publish","has-post-thumbnail","hentry"],"yoast_head":"<!-- This site is optimized with the Yoast SEO plugin v27.1.1 - https:\/\/yoast.com\/product\/yoast-seo-wordpress\/ -->\n<title>Expression ou fonction avec Xcas ? - Maths &amp; Num\u00e9rique<\/title>\n<meta name=\"robots\" content=\"index, follow, max-snippet:-1, max-image-preview:large, max-video-preview:-1\" \/>\n<link rel=\"canonical\" href=\"https:\/\/wordpress.callac.online\/index.php\/logiciels-mathematiques\/xcas\/fonctions-avec-xcas\/expression-ou-fonction-avec-xcas\/\" \/>\n<meta property=\"og:locale\" content=\"fr_FR\" \/>\n<meta property=\"og:type\" content=\"article\" \/>\n<meta property=\"og:title\" content=\"Expression ou fonction avec Xcas ? - Maths &amp; Num\u00e9rique\" \/>\n<meta property=\"og:description\" content=\"Dans Xcas, pour faire du calcul formel, on a la possibilit\u00e9 d&rsquo;utiliser des expressions ou des fonctions. Je vais essayer de pr\u00e9senter ici les diff\u00e9rences entre elles. Les expressions C&rsquo;est&hellip;\" \/>\n<meta property=\"og:url\" content=\"https:\/\/wordpress.callac.online\/index.php\/logiciels-mathematiques\/xcas\/fonctions-avec-xcas\/expression-ou-fonction-avec-xcas\/\" \/>\n<meta property=\"og:site_name\" content=\"Maths &amp; Num\u00e9rique\" \/>\n<meta property=\"article:modified_time\" content=\"2023-10-14T18:13:48+00:00\" \/>\n<meta property=\"og:image\" content=\"http:\/\/wordpress.callac.online\/wp-content\/uploads\/2008\/05\/jpg_courbe.jpg\" \/>\n\t<meta property=\"og:image:width\" content=\"592\" \/>\n\t<meta property=\"og:image:height\" content=\"236\" \/>\n\t<meta property=\"og:image:type\" content=\"image\/jpeg\" \/>\n<meta name=\"twitter:card\" content=\"summary_large_image\" \/>\n<meta name=\"twitter:label1\" content=\"Dur\u00e9e de lecture estim\u00e9e\" \/>\n\t<meta name=\"twitter:data1\" content=\"1 minute\" \/>\n<script type=\"application\/ld+json\" class=\"yoast-schema-graph\">{\"@context\":\"https:\/\/schema.org\",\"@graph\":[{\"@type\":\"WebPage\",\"@id\":\"https:\/\/wordpress.callac.online\/index.php\/logiciels-mathematiques\/xcas\/fonctions-avec-xcas\/expression-ou-fonction-avec-xcas\/\",\"url\":\"https:\/\/wordpress.callac.online\/index.php\/logiciels-mathematiques\/xcas\/fonctions-avec-xcas\/expression-ou-fonction-avec-xcas\/\",\"name\":\"Expression ou fonction avec Xcas ? - Maths &amp; Num\u00e9rique\",\"isPartOf\":{\"@id\":\"https:\/\/wordpress.callac.online\/#website\"},\"primaryImageOfPage\":{\"@id\":\"https:\/\/wordpress.callac.online\/index.php\/logiciels-mathematiques\/xcas\/fonctions-avec-xcas\/expression-ou-fonction-avec-xcas\/#primaryimage\"},\"image\":{\"@id\":\"https:\/\/wordpress.callac.online\/index.php\/logiciels-mathematiques\/xcas\/fonctions-avec-xcas\/expression-ou-fonction-avec-xcas\/#primaryimage\"},\"thumbnailUrl\":\"https:\/\/wordpress.callac.online\/wp-content\/uploads\/2008\/05\/jpg_courbe.jpg\",\"datePublished\":\"2008-05-31T16:17:52+00:00\",\"dateModified\":\"2023-10-14T18:13:48+00:00\",\"breadcrumb\":{\"@id\":\"https:\/\/wordpress.callac.online\/index.php\/logiciels-mathematiques\/xcas\/fonctions-avec-xcas\/expression-ou-fonction-avec-xcas\/#breadcrumb\"},\"inLanguage\":\"fr-FR\",\"potentialAction\":[{\"@type\":\"ReadAction\",\"target\":[\"https:\/\/wordpress.callac.online\/index.php\/logiciels-mathematiques\/xcas\/fonctions-avec-xcas\/expression-ou-fonction-avec-xcas\/\"]}]},{\"@type\":\"ImageObject\",\"inLanguage\":\"fr-FR\",\"@id\":\"https:\/\/wordpress.callac.online\/index.php\/logiciels-mathematiques\/xcas\/fonctions-avec-xcas\/expression-ou-fonction-avec-xcas\/#primaryimage\",\"url\":\"https:\/\/wordpress.callac.online\/wp-content\/uploads\/2008\/05\/jpg_courbe.jpg\",\"contentUrl\":\"https:\/\/wordpress.callac.online\/wp-content\/uploads\/2008\/05\/jpg_courbe.jpg\",\"width\":592,\"height\":236,\"caption\":\"courbe.jpg\"},{\"@type\":\"BreadcrumbList\",\"@id\":\"https:\/\/wordpress.callac.online\/index.php\/logiciels-mathematiques\/xcas\/fonctions-avec-xcas\/expression-ou-fonction-avec-xcas\/#breadcrumb\",\"itemListElement\":[{\"@type\":\"ListItem\",\"position\":1,\"name\":\"Accueil\",\"item\":\"https:\/\/wordpress.callac.online\/\"},{\"@type\":\"ListItem\",\"position\":2,\"name\":\"Logiciels math\u00e9matiques\",\"item\":\"https:\/\/wordpress.callac.online\/index.php\/logiciels-mathematiques\/\"},{\"@type\":\"ListItem\",\"position\":3,\"name\":\"Xcas\",\"item\":\"https:\/\/wordpress.callac.online\/index.php\/logiciels-mathematiques\/xcas\/\"},{\"@type\":\"ListItem\",\"position\":4,\"name\":\"Fonctions avec Xcas\",\"item\":\"https:\/\/wordpress.callac.online\/index.php\/logiciels-mathematiques\/xcas\/fonctions-avec-xcas\/\"},{\"@type\":\"ListItem\",\"position\":5,\"name\":\"Expression ou fonction avec Xcas ?\"}]},{\"@type\":\"WebSite\",\"@id\":\"https:\/\/wordpress.callac.online\/#website\",\"url\":\"https:\/\/wordpress.callac.online\/\",\"name\":\"Maths & Num\u00e9rique\",\"description\":\"Des outils pour les enseignants de math\u00e9matiques et de num\u00e9rique\",\"publisher\":{\"@id\":\"https:\/\/wordpress.callac.online\/#\/schema\/person\/04061f1ca2c2c42039142a704be95940\"},\"potentialAction\":[{\"@type\":\"SearchAction\",\"target\":{\"@type\":\"EntryPoint\",\"urlTemplate\":\"https:\/\/wordpress.callac.online\/?s={search_term_string}\"},\"query-input\":{\"@type\":\"PropertyValueSpecification\",\"valueRequired\":true,\"valueName\":\"search_term_string\"}}],\"inLanguage\":\"fr-FR\"},{\"@type\":[\"Person\",\"Organization\"],\"@id\":\"https:\/\/wordpress.callac.online\/#\/schema\/person\/04061f1ca2c2c42039142a704be95940\",\"name\":\"dlefur\",\"image\":{\"@type\":\"ImageObject\",\"inLanguage\":\"fr-FR\",\"@id\":\"https:\/\/wordpress.callac.online\/#\/schema\/person\/image\/\",\"url\":\"https:\/\/secure.gravatar.com\/avatar\/4a9e17be136808c6597f28aa2b6c13126dab066fdc2198ff60090972c9b7fafc?s=96&d=mm&r=g\",\"contentUrl\":\"https:\/\/secure.gravatar.com\/avatar\/4a9e17be136808c6597f28aa2b6c13126dab066fdc2198ff60090972c9b7fafc?s=96&d=mm&r=g\",\"caption\":\"dlefur\"},\"logo\":{\"@id\":\"https:\/\/wordpress.callac.online\/#\/schema\/person\/image\/\"},\"description\":\"Enseignant de math\u00e9matiques Lyc\u00e9e Pasteur S\u00e3o Paulo\",\"sameAs\":[\"http:\/\/wordpress.callac.online\"]}]}<\/script>\n<!-- \/ Yoast SEO plugin. -->","yoast_head_json":{"title":"Expression ou fonction avec Xcas ? - Maths &amp; Num\u00e9rique","robots":{"index":"index","follow":"follow","max-snippet":"max-snippet:-1","max-image-preview":"max-image-preview:large","max-video-preview":"max-video-preview:-1"},"canonical":"https:\/\/wordpress.callac.online\/index.php\/logiciels-mathematiques\/xcas\/fonctions-avec-xcas\/expression-ou-fonction-avec-xcas\/","og_locale":"fr_FR","og_type":"article","og_title":"Expression ou fonction avec Xcas ? - Maths &amp; Num\u00e9rique","og_description":"Dans Xcas, pour faire du calcul formel, on a la possibilit\u00e9 d&rsquo;utiliser des expressions ou des fonctions. Je vais essayer de pr\u00e9senter ici les diff\u00e9rences entre elles. Les expressions C&rsquo;est&hellip;","og_url":"https:\/\/wordpress.callac.online\/index.php\/logiciels-mathematiques\/xcas\/fonctions-avec-xcas\/expression-ou-fonction-avec-xcas\/","og_site_name":"Maths &amp; Num\u00e9rique","article_modified_time":"2023-10-14T18:13:48+00:00","og_image":[{"width":592,"height":236,"url":"http:\/\/wordpress.callac.online\/wp-content\/uploads\/2008\/05\/jpg_courbe.jpg","type":"image\/jpeg"}],"twitter_card":"summary_large_image","twitter_misc":{"Dur\u00e9e de lecture estim\u00e9e":"1 minute"},"schema":{"@context":"https:\/\/schema.org","@graph":[{"@type":"WebPage","@id":"https:\/\/wordpress.callac.online\/index.php\/logiciels-mathematiques\/xcas\/fonctions-avec-xcas\/expression-ou-fonction-avec-xcas\/","url":"https:\/\/wordpress.callac.online\/index.php\/logiciels-mathematiques\/xcas\/fonctions-avec-xcas\/expression-ou-fonction-avec-xcas\/","name":"Expression ou fonction avec Xcas ? - Maths &amp; Num\u00e9rique","isPartOf":{"@id":"https:\/\/wordpress.callac.online\/#website"},"primaryImageOfPage":{"@id":"https:\/\/wordpress.callac.online\/index.php\/logiciels-mathematiques\/xcas\/fonctions-avec-xcas\/expression-ou-fonction-avec-xcas\/#primaryimage"},"image":{"@id":"https:\/\/wordpress.callac.online\/index.php\/logiciels-mathematiques\/xcas\/fonctions-avec-xcas\/expression-ou-fonction-avec-xcas\/#primaryimage"},"thumbnailUrl":"https:\/\/wordpress.callac.online\/wp-content\/uploads\/2008\/05\/jpg_courbe.jpg","datePublished":"2008-05-31T16:17:52+00:00","dateModified":"2023-10-14T18:13:48+00:00","breadcrumb":{"@id":"https:\/\/wordpress.callac.online\/index.php\/logiciels-mathematiques\/xcas\/fonctions-avec-xcas\/expression-ou-fonction-avec-xcas\/#breadcrumb"},"inLanguage":"fr-FR","potentialAction":[{"@type":"ReadAction","target":["https:\/\/wordpress.callac.online\/index.php\/logiciels-mathematiques\/xcas\/fonctions-avec-xcas\/expression-ou-fonction-avec-xcas\/"]}]},{"@type":"ImageObject","inLanguage":"fr-FR","@id":"https:\/\/wordpress.callac.online\/index.php\/logiciels-mathematiques\/xcas\/fonctions-avec-xcas\/expression-ou-fonction-avec-xcas\/#primaryimage","url":"https:\/\/wordpress.callac.online\/wp-content\/uploads\/2008\/05\/jpg_courbe.jpg","contentUrl":"https:\/\/wordpress.callac.online\/wp-content\/uploads\/2008\/05\/jpg_courbe.jpg","width":592,"height":236,"caption":"courbe.jpg"},{"@type":"BreadcrumbList","@id":"https:\/\/wordpress.callac.online\/index.php\/logiciels-mathematiques\/xcas\/fonctions-avec-xcas\/expression-ou-fonction-avec-xcas\/#breadcrumb","itemListElement":[{"@type":"ListItem","position":1,"name":"Accueil","item":"https:\/\/wordpress.callac.online\/"},{"@type":"ListItem","position":2,"name":"Logiciels math\u00e9matiques","item":"https:\/\/wordpress.callac.online\/index.php\/logiciels-mathematiques\/"},{"@type":"ListItem","position":3,"name":"Xcas","item":"https:\/\/wordpress.callac.online\/index.php\/logiciels-mathematiques\/xcas\/"},{"@type":"ListItem","position":4,"name":"Fonctions avec Xcas","item":"https:\/\/wordpress.callac.online\/index.php\/logiciels-mathematiques\/xcas\/fonctions-avec-xcas\/"},{"@type":"ListItem","position":5,"name":"Expression ou fonction avec Xcas ?"}]},{"@type":"WebSite","@id":"https:\/\/wordpress.callac.online\/#website","url":"https:\/\/wordpress.callac.online\/","name":"Maths & Num\u00e9rique","description":"Des outils pour les enseignants de math\u00e9matiques et de num\u00e9rique","publisher":{"@id":"https:\/\/wordpress.callac.online\/#\/schema\/person\/04061f1ca2c2c42039142a704be95940"},"potentialAction":[{"@type":"SearchAction","target":{"@type":"EntryPoint","urlTemplate":"https:\/\/wordpress.callac.online\/?s={search_term_string}"},"query-input":{"@type":"PropertyValueSpecification","valueRequired":true,"valueName":"search_term_string"}}],"inLanguage":"fr-FR"},{"@type":["Person","Organization"],"@id":"https:\/\/wordpress.callac.online\/#\/schema\/person\/04061f1ca2c2c42039142a704be95940","name":"dlefur","image":{"@type":"ImageObject","inLanguage":"fr-FR","@id":"https:\/\/wordpress.callac.online\/#\/schema\/person\/image\/","url":"https:\/\/secure.gravatar.com\/avatar\/4a9e17be136808c6597f28aa2b6c13126dab066fdc2198ff60090972c9b7fafc?s=96&d=mm&r=g","contentUrl":"https:\/\/secure.gravatar.com\/avatar\/4a9e17be136808c6597f28aa2b6c13126dab066fdc2198ff60090972c9b7fafc?s=96&d=mm&r=g","caption":"dlefur"},"logo":{"@id":"https:\/\/wordpress.callac.online\/#\/schema\/person\/image\/"},"description":"Enseignant de math\u00e9matiques Lyc\u00e9e Pasteur S\u00e3o Paulo","sameAs":["http:\/\/wordpress.callac.online"]}]}},"_links":{"self":[{"href":"https:\/\/wordpress.callac.online\/index.php\/wp-json\/wp\/v2\/pages\/170","targetHints":{"allow":["GET"]}}],"collection":[{"href":"https:\/\/wordpress.callac.online\/index.php\/wp-json\/wp\/v2\/pages"}],"about":[{"href":"https:\/\/wordpress.callac.online\/index.php\/wp-json\/wp\/v2\/types\/page"}],"author":[{"embeddable":true,"href":"https:\/\/wordpress.callac.online\/index.php\/wp-json\/wp\/v2\/users\/1"}],"replies":[{"embeddable":true,"href":"https:\/\/wordpress.callac.online\/index.php\/wp-json\/wp\/v2\/comments?post=170"}],"version-history":[{"count":1,"href":"https:\/\/wordpress.callac.online\/index.php\/wp-json\/wp\/v2\/pages\/170\/revisions"}],"predecessor-version":[{"id":1578,"href":"https:\/\/wordpress.callac.online\/index.php\/wp-json\/wp\/v2\/pages\/170\/revisions\/1578"}],"up":[{"embeddable":true,"href":"https:\/\/wordpress.callac.online\/index.php\/wp-json\/wp\/v2\/pages\/2226"}],"wp:featuredmedia":[{"embeddable":true,"href":"https:\/\/wordpress.callac.online\/index.php\/wp-json\/wp\/v2\/media\/676"}],"wp:attachment":[{"href":"https:\/\/wordpress.callac.online\/index.php\/wp-json\/wp\/v2\/media?parent=170"}],"curies":[{"name":"wp","href":"https:\/\/api.w.org\/{rel}","templated":true}]}}