{"id":173,"date":"2008-06-07T15:57:10","date_gmt":"2008-06-07T13:57:10","guid":{"rendered":"http:\/\/wordpress.callac.online\/index.php\/des-tableaux-de-valeurs-avec-xcas\/"},"modified":"2023-10-14T20:13:49","modified_gmt":"2023-10-14T18:13:49","slug":"des-tableaux-de-valeurs-avec-xcas","status":"publish","type":"page","link":"https:\/\/wordpress.callac.online\/index.php\/logiciels-mathematiques\/xcas\/fonctions-avec-xcas\/des-tableaux-de-valeurs-avec-xcas\/","title":{"rendered":"Des tableaux de valeurs avec Xcas"},"content":{"rendered":"<p><math>\nNous allons \u00e9voquer diff\u00e9rentes fa\u00e7ons de cr\u00e9er un tableau de valeurs.<\/p>\n<h2>Un exemple<\/h2>\n<hr \/>\n<p>Je cherche \u00e0 cr\u00e9er le tableau de valeurs de la fonctions $f(x)=\\dfrac<em>x<\/em><em>x+3<\/em>$ pour $x$ compris entre $-2$ et $3$ avec un pas de 0.5.<\/p>\n<h2>Avec le tableur<\/h2>\n<hr \/>\n<p>On commence par cr\u00e9er <strong>l&rsquo;expression<\/strong> :<\/p>\n<p><font color = red>\n<code>\nf:=x\/(x+3)\n<\/code>\n<\/font color><\/p>\n<p>$$ \\dfrac<em>x<\/em><em>x+3<\/em>$$<\/p>\n<p>On ouvre un tableur :<\/p>\n<p><strong>Menu Editer &#8211;> Ajouter > Tableur<\/strong><\/p>\n<p>On configure le tableur en compl\u00e9tant le formulaire qui appara\u00eet. <\/p>\n<p>On peut notamment cocher l&rsquo;option \u00ab\u00a0graphique\u00a0\u00bb si on veut que le graphe de la fonction apparaisse.<\/p>\n<p>Dans la case A0, on tape :<\/p>\n<p><font color = red>\n<code>\ntablefunc(f,x,-2,0.5)\n<\/code>\n<\/font color><\/p>\n<p>Xcas calcule alors un tableau similaire \u00e0 ceux cr\u00e9\u00e9s par les calculatrices TI.<\/p>\n<p><img loading=\"lazy\" decoding=\"async\" class=\" aligncenter size-full wp-image-679\" src=\"http:\/\/wordpress.callac.online\/wp-content\/uploads\/2008\/06\/jpg_table-valeurs.jpg\" alt=\"table-valeurs.jpg\" align=\"center\" width=\"826\" height=\"1170\" srcset=\"https:\/\/wordpress.callac.online\/wp-content\/uploads\/2008\/06\/jpg_table-valeurs.jpg 826w, https:\/\/wordpress.callac.online\/wp-content\/uploads\/2008\/06\/jpg_table-valeurs-212x300.jpg 212w, https:\/\/wordpress.callac.online\/wp-content\/uploads\/2008\/06\/jpg_table-valeurs-723x1024.jpg 723w, https:\/\/wordpress.callac.online\/wp-content\/uploads\/2008\/06\/jpg_table-valeurs-768x1088.jpg 768w\" sizes=\"auto, (max-width: 826px) 100vw, 826px\" \/><\/p>\n<p>Pour changer le format des valeurs, il faut adaper les formules de la colonne B \u00e0 partir de la case $B3$. On remplace :<\/p>\n<p><font color = red>\n<code>\n=evalf(subst(B$0,A$0,A2))\n<\/code>\n<\/font color><\/p>\n<p>par<\/p>\n<p><font color = red>\n<code>\n=format(subst(B$0,A$0,A2),\"f3\")\n<\/code>\n<\/font color><\/p>\n<p>puis on \u00ab\u00a0tire\u00a0\u00bb cette formule vers le bas pour la recopier.<\/p>\n<h2>Sans utiliser le tableur<\/h2>\n<hr \/>\n<p>On commence par cr\u00e9er la <strong>fonction<\/strong> :<\/p>\n<p><font color = red>\n<code>\nf(x):=x\/(x+3)\n<\/code>\n<\/font color><\/p>\n<p>$$x -> \\dfrac<em>x<\/em><em>x+3<\/em>$$<\/p>\n<p>Pour avoir les valeurs approch\u00e9es avec 3 chiffre apr\u00e8s la virgule, on utlise le format \u00ab\u00a0f3\u00a0\u00bb :<\/p>\n<p><font color = red>\n<code>\nprepend(seq([x,format(f(x),\"f3\")],x,-2,3,0.5),[x,\"f(x)\"])\n<\/code>\n<\/font color><\/p>\n<p>$$\\left[\\begin<em>array<\/em><em>cc<\/em>\nx &#038; \\mbox<em>f(x)<\/em> \\\\\n-2 &#038; \\mbox<em>-2<\/em> \\\\\n    -1.5 &#038; \\mbox<em>-1<\/em> \\\\\n    -1.0 &#038; \\mbox<em>-0.5<\/em> \\\\\n    -0.5 &#038; \\mbox<em>-0.2<\/em> \\\\\n     0.0 &#038; 0 \\\\\n     0.5 &#038; \\mbox<em>0.143<\/em> \\\\\n     1.0 &#038; \\mbox<em>0.25<\/em> \\\\\n     1.5 &#038; \\mbox<em>0.333<\/em> \\\\\n     2.0 &#038; \\mbox<em>0.4<\/em> \\\\\n     2.5 &#038; \\mbox<em>0.455<\/em> \\\\\n     3.0 &#038; \\mbox<em>0.5<\/em>\n\\end<em>array<\/em>\\right] \n$$<\/p>\n<p>Si on veut le tableau horizontalement :<\/p>\n<p><font color = red>\n<code>\ntran(prepend(seq([x,format(f(x),\"f3\")],x,-2,3,0.5),[x,\"f(x)\"]))\n<\/code>\n<\/font color><\/p>\n<p>$$\n\\left[\\begin<em>array<\/em><em>cccccccccccc<\/em>\nx &#038; -2 &#038;     -1.5 &#038;     -1.0 &#038;     -0.5 &#038;      0.0 &#038;      0.5 &#038;      1.0 &#038;      1.5 &#038;      2.0 &#038;      2.5 &#038;      3.0 \\\\\n\\mbox<em>f(x)<\/em> &#038; \\mbox<em>-2<\/em> &#038; \\mbox<em>-1<\/em> &#038; \\mbox<em>-0.5<\/em> &#038; \\mbox<em>-0.2<\/em> &#038; 0 &#038; \\mbox<em>0.143<\/em> &#038; \\mbox<em>0.25<\/em> &#038; \\mbox<em>0.333<\/em> &#038; \\mbox<em>0.4<\/em> &#038; \\mbox<em>0.455<\/em> &#038; \\mbox<em>0.5<\/em>\n\\end<em>array<\/em>\\right]\n$$<\/p>\n<p>Si on veut les valeurs exactes, il est important de <strong>ne pas rentrer de nombres d\u00e9cimaux dans les param\u00e8tres<\/strong> : On remplacera ainsi le $0.5$ par $\\dfrac<em>1<\/em><em>2<\/em>$ :<\/p>\n<p><font color = red>\n<code>\ntran(prepend(seq([x,f(x))],x,-2,3,1\/2),[x,\"f(x)\"]))\n<\/code>\n<\/font color><\/p>\n<p>$$\n\\left[\\begin<em>array<\/em><em>cccccccccccc<\/em>\nx &#038; -2 &#038; \\dfrac<em>-3<\/em><em>2<\/em> &#038; -1 &#038; \\dfrac<em>-1<\/em><em>2<\/em> &#038; 0 &#038; \\dfrac<em>1<\/em><em>2<\/em> &#038; 1 &#038; \\dfrac<em>3<\/em><em>2<\/em> &#038; 2 &#038; \\dfrac<em>5<\/em><em>2<\/em> &#038; 3 \\\\\n&#038;&#038;&#038;&#038;&#038;&#038;&#038;&#038;&#038;&#038;&#038;\\\\\n\\mbox<em>f(x)<\/em> &#038; -2 &#038; -1 &#038; \\dfrac<em>-1<\/em><em>2<\/em> &#038; \\dfrac<em>-1<\/em><em>5<\/em> &#038; 0 &#038; \\dfrac<em>1<\/em><em>7<\/em> &#038; \\dfrac<em>1<\/em><em>4<\/em> &#038; \\dfrac<em>1<\/em><em>3<\/em> &#038; \\dfrac<em>2<\/em><em>5<\/em> &#038; \\dfrac<em>5<\/em><em>11<\/em> &#038; \\dfrac<em>1<\/em><em>2<\/em>\n\\end<em>array<\/em>\\right]\n$$<\/p>\n<p><\/math><\/p>\n","protected":false},"excerpt":{"rendered":"<p>Nous allons \u00e9voquer diff\u00e9rentes fa\u00e7ons de cr\u00e9er un tableau de valeurs. Un exemple Je cherche \u00e0 cr\u00e9er le tableau de valeurs de la fonctions $f(x)=\\dfracxx+3$ pour $x$ compris entre $-2$&hellip;<\/p>\n","protected":false},"author":1,"featured_media":679,"parent":2226,"menu_order":2,"comment_status":"closed","ping_status":"closed","template":"","meta":{"footnotes":""},"class_list":["post-173","page","type-page","status-publish","has-post-thumbnail","hentry"],"yoast_head":"<!-- This site is optimized with the Yoast SEO plugin v27.1.1 - https:\/\/yoast.com\/product\/yoast-seo-wordpress\/ -->\n<title>Des tableaux de valeurs avec Xcas - Maths &amp; Num\u00e9rique<\/title>\n<meta name=\"robots\" content=\"index, follow, max-snippet:-1, max-image-preview:large, max-video-preview:-1\" \/>\n<link rel=\"canonical\" href=\"https:\/\/wordpress.callac.online\/index.php\/logiciels-mathematiques\/xcas\/fonctions-avec-xcas\/des-tableaux-de-valeurs-avec-xcas\/\" \/>\n<meta property=\"og:locale\" content=\"fr_FR\" \/>\n<meta property=\"og:type\" content=\"article\" \/>\n<meta property=\"og:title\" content=\"Des tableaux de valeurs avec Xcas - Maths &amp; Num\u00e9rique\" \/>\n<meta property=\"og:description\" content=\"Nous allons \u00e9voquer diff\u00e9rentes fa\u00e7ons de cr\u00e9er un tableau de valeurs. Un exemple Je cherche \u00e0 cr\u00e9er le tableau de valeurs de la fonctions $f(x)=dfracxx+3$ pour $x$ compris entre $-2$&hellip;\" \/>\n<meta property=\"og:url\" content=\"https:\/\/wordpress.callac.online\/index.php\/logiciels-mathematiques\/xcas\/fonctions-avec-xcas\/des-tableaux-de-valeurs-avec-xcas\/\" \/>\n<meta property=\"og:site_name\" content=\"Maths &amp; Num\u00e9rique\" \/>\n<meta property=\"article:modified_time\" content=\"2023-10-14T18:13:49+00:00\" \/>\n<meta property=\"og:image\" content=\"http:\/\/wordpress.callac.online\/wp-content\/uploads\/2008\/06\/jpg_table-valeurs.jpg\" \/>\n\t<meta property=\"og:image:width\" content=\"826\" \/>\n\t<meta property=\"og:image:height\" content=\"1170\" \/>\n\t<meta property=\"og:image:type\" content=\"image\/jpeg\" \/>\n<meta name=\"twitter:card\" content=\"summary_large_image\" \/>\n<meta name=\"twitter:label1\" content=\"Dur\u00e9e de lecture estim\u00e9e\" \/>\n\t<meta name=\"twitter:data1\" content=\"2 minutes\" \/>\n<script type=\"application\/ld+json\" class=\"yoast-schema-graph\">{\"@context\":\"https:\/\/schema.org\",\"@graph\":[{\"@type\":\"WebPage\",\"@id\":\"https:\/\/wordpress.callac.online\/index.php\/logiciels-mathematiques\/xcas\/fonctions-avec-xcas\/des-tableaux-de-valeurs-avec-xcas\/\",\"url\":\"https:\/\/wordpress.callac.online\/index.php\/logiciels-mathematiques\/xcas\/fonctions-avec-xcas\/des-tableaux-de-valeurs-avec-xcas\/\",\"name\":\"Des tableaux de valeurs avec Xcas - Maths &amp; Num\u00e9rique\",\"isPartOf\":{\"@id\":\"https:\/\/wordpress.callac.online\/#website\"},\"primaryImageOfPage\":{\"@id\":\"https:\/\/wordpress.callac.online\/index.php\/logiciels-mathematiques\/xcas\/fonctions-avec-xcas\/des-tableaux-de-valeurs-avec-xcas\/#primaryimage\"},\"image\":{\"@id\":\"https:\/\/wordpress.callac.online\/index.php\/logiciels-mathematiques\/xcas\/fonctions-avec-xcas\/des-tableaux-de-valeurs-avec-xcas\/#primaryimage\"},\"thumbnailUrl\":\"https:\/\/wordpress.callac.online\/wp-content\/uploads\/2008\/06\/jpg_table-valeurs.jpg\",\"datePublished\":\"2008-06-07T13:57:10+00:00\",\"dateModified\":\"2023-10-14T18:13:49+00:00\",\"breadcrumb\":{\"@id\":\"https:\/\/wordpress.callac.online\/index.php\/logiciels-mathematiques\/xcas\/fonctions-avec-xcas\/des-tableaux-de-valeurs-avec-xcas\/#breadcrumb\"},\"inLanguage\":\"fr-FR\",\"potentialAction\":[{\"@type\":\"ReadAction\",\"target\":[\"https:\/\/wordpress.callac.online\/index.php\/logiciels-mathematiques\/xcas\/fonctions-avec-xcas\/des-tableaux-de-valeurs-avec-xcas\/\"]}]},{\"@type\":\"ImageObject\",\"inLanguage\":\"fr-FR\",\"@id\":\"https:\/\/wordpress.callac.online\/index.php\/logiciels-mathematiques\/xcas\/fonctions-avec-xcas\/des-tableaux-de-valeurs-avec-xcas\/#primaryimage\",\"url\":\"https:\/\/wordpress.callac.online\/wp-content\/uploads\/2008\/06\/jpg_table-valeurs.jpg\",\"contentUrl\":\"https:\/\/wordpress.callac.online\/wp-content\/uploads\/2008\/06\/jpg_table-valeurs.jpg\",\"width\":826,\"height\":1170,\"caption\":\"table-valeurs.jpg\"},{\"@type\":\"BreadcrumbList\",\"@id\":\"https:\/\/wordpress.callac.online\/index.php\/logiciels-mathematiques\/xcas\/fonctions-avec-xcas\/des-tableaux-de-valeurs-avec-xcas\/#breadcrumb\",\"itemListElement\":[{\"@type\":\"ListItem\",\"position\":1,\"name\":\"Accueil\",\"item\":\"https:\/\/wordpress.callac.online\/\"},{\"@type\":\"ListItem\",\"position\":2,\"name\":\"Logiciels math\u00e9matiques\",\"item\":\"https:\/\/wordpress.callac.online\/index.php\/logiciels-mathematiques\/\"},{\"@type\":\"ListItem\",\"position\":3,\"name\":\"Xcas\",\"item\":\"https:\/\/wordpress.callac.online\/index.php\/logiciels-mathematiques\/xcas\/\"},{\"@type\":\"ListItem\",\"position\":4,\"name\":\"Fonctions avec Xcas\",\"item\":\"https:\/\/wordpress.callac.online\/index.php\/logiciels-mathematiques\/xcas\/fonctions-avec-xcas\/\"},{\"@type\":\"ListItem\",\"position\":5,\"name\":\"Des tableaux de valeurs avec Xcas\"}]},{\"@type\":\"WebSite\",\"@id\":\"https:\/\/wordpress.callac.online\/#website\",\"url\":\"https:\/\/wordpress.callac.online\/\",\"name\":\"Maths & Num\u00e9rique\",\"description\":\"Des outils pour les enseignants de math\u00e9matiques et de num\u00e9rique\",\"publisher\":{\"@id\":\"https:\/\/wordpress.callac.online\/#\/schema\/person\/04061f1ca2c2c42039142a704be95940\"},\"potentialAction\":[{\"@type\":\"SearchAction\",\"target\":{\"@type\":\"EntryPoint\",\"urlTemplate\":\"https:\/\/wordpress.callac.online\/?s={search_term_string}\"},\"query-input\":{\"@type\":\"PropertyValueSpecification\",\"valueRequired\":true,\"valueName\":\"search_term_string\"}}],\"inLanguage\":\"fr-FR\"},{\"@type\":[\"Person\",\"Organization\"],\"@id\":\"https:\/\/wordpress.callac.online\/#\/schema\/person\/04061f1ca2c2c42039142a704be95940\",\"name\":\"dlefur\",\"image\":{\"@type\":\"ImageObject\",\"inLanguage\":\"fr-FR\",\"@id\":\"https:\/\/wordpress.callac.online\/#\/schema\/person\/image\/\",\"url\":\"https:\/\/secure.gravatar.com\/avatar\/4a9e17be136808c6597f28aa2b6c13126dab066fdc2198ff60090972c9b7fafc?s=96&d=mm&r=g\",\"contentUrl\":\"https:\/\/secure.gravatar.com\/avatar\/4a9e17be136808c6597f28aa2b6c13126dab066fdc2198ff60090972c9b7fafc?s=96&d=mm&r=g\",\"caption\":\"dlefur\"},\"logo\":{\"@id\":\"https:\/\/wordpress.callac.online\/#\/schema\/person\/image\/\"},\"description\":\"Enseignant de math\u00e9matiques Lyc\u00e9e Pasteur S\u00e3o Paulo\",\"sameAs\":[\"http:\/\/wordpress.callac.online\"]}]}<\/script>\n<!-- \/ Yoast SEO plugin. -->","yoast_head_json":{"title":"Des tableaux de valeurs avec Xcas - Maths &amp; Num\u00e9rique","robots":{"index":"index","follow":"follow","max-snippet":"max-snippet:-1","max-image-preview":"max-image-preview:large","max-video-preview":"max-video-preview:-1"},"canonical":"https:\/\/wordpress.callac.online\/index.php\/logiciels-mathematiques\/xcas\/fonctions-avec-xcas\/des-tableaux-de-valeurs-avec-xcas\/","og_locale":"fr_FR","og_type":"article","og_title":"Des tableaux de valeurs avec Xcas - Maths &amp; Num\u00e9rique","og_description":"Nous allons \u00e9voquer diff\u00e9rentes fa\u00e7ons de cr\u00e9er un tableau de valeurs. Un exemple Je cherche \u00e0 cr\u00e9er le tableau de valeurs de la fonctions $f(x)=dfracxx+3$ pour $x$ compris entre $-2$&hellip;","og_url":"https:\/\/wordpress.callac.online\/index.php\/logiciels-mathematiques\/xcas\/fonctions-avec-xcas\/des-tableaux-de-valeurs-avec-xcas\/","og_site_name":"Maths &amp; Num\u00e9rique","article_modified_time":"2023-10-14T18:13:49+00:00","og_image":[{"width":826,"height":1170,"url":"http:\/\/wordpress.callac.online\/wp-content\/uploads\/2008\/06\/jpg_table-valeurs.jpg","type":"image\/jpeg"}],"twitter_card":"summary_large_image","twitter_misc":{"Dur\u00e9e de lecture estim\u00e9e":"2 minutes"},"schema":{"@context":"https:\/\/schema.org","@graph":[{"@type":"WebPage","@id":"https:\/\/wordpress.callac.online\/index.php\/logiciels-mathematiques\/xcas\/fonctions-avec-xcas\/des-tableaux-de-valeurs-avec-xcas\/","url":"https:\/\/wordpress.callac.online\/index.php\/logiciels-mathematiques\/xcas\/fonctions-avec-xcas\/des-tableaux-de-valeurs-avec-xcas\/","name":"Des tableaux de valeurs avec Xcas - Maths &amp; Num\u00e9rique","isPartOf":{"@id":"https:\/\/wordpress.callac.online\/#website"},"primaryImageOfPage":{"@id":"https:\/\/wordpress.callac.online\/index.php\/logiciels-mathematiques\/xcas\/fonctions-avec-xcas\/des-tableaux-de-valeurs-avec-xcas\/#primaryimage"},"image":{"@id":"https:\/\/wordpress.callac.online\/index.php\/logiciels-mathematiques\/xcas\/fonctions-avec-xcas\/des-tableaux-de-valeurs-avec-xcas\/#primaryimage"},"thumbnailUrl":"https:\/\/wordpress.callac.online\/wp-content\/uploads\/2008\/06\/jpg_table-valeurs.jpg","datePublished":"2008-06-07T13:57:10+00:00","dateModified":"2023-10-14T18:13:49+00:00","breadcrumb":{"@id":"https:\/\/wordpress.callac.online\/index.php\/logiciels-mathematiques\/xcas\/fonctions-avec-xcas\/des-tableaux-de-valeurs-avec-xcas\/#breadcrumb"},"inLanguage":"fr-FR","potentialAction":[{"@type":"ReadAction","target":["https:\/\/wordpress.callac.online\/index.php\/logiciels-mathematiques\/xcas\/fonctions-avec-xcas\/des-tableaux-de-valeurs-avec-xcas\/"]}]},{"@type":"ImageObject","inLanguage":"fr-FR","@id":"https:\/\/wordpress.callac.online\/index.php\/logiciels-mathematiques\/xcas\/fonctions-avec-xcas\/des-tableaux-de-valeurs-avec-xcas\/#primaryimage","url":"https:\/\/wordpress.callac.online\/wp-content\/uploads\/2008\/06\/jpg_table-valeurs.jpg","contentUrl":"https:\/\/wordpress.callac.online\/wp-content\/uploads\/2008\/06\/jpg_table-valeurs.jpg","width":826,"height":1170,"caption":"table-valeurs.jpg"},{"@type":"BreadcrumbList","@id":"https:\/\/wordpress.callac.online\/index.php\/logiciels-mathematiques\/xcas\/fonctions-avec-xcas\/des-tableaux-de-valeurs-avec-xcas\/#breadcrumb","itemListElement":[{"@type":"ListItem","position":1,"name":"Accueil","item":"https:\/\/wordpress.callac.online\/"},{"@type":"ListItem","position":2,"name":"Logiciels math\u00e9matiques","item":"https:\/\/wordpress.callac.online\/index.php\/logiciels-mathematiques\/"},{"@type":"ListItem","position":3,"name":"Xcas","item":"https:\/\/wordpress.callac.online\/index.php\/logiciels-mathematiques\/xcas\/"},{"@type":"ListItem","position":4,"name":"Fonctions avec Xcas","item":"https:\/\/wordpress.callac.online\/index.php\/logiciels-mathematiques\/xcas\/fonctions-avec-xcas\/"},{"@type":"ListItem","position":5,"name":"Des tableaux de valeurs avec Xcas"}]},{"@type":"WebSite","@id":"https:\/\/wordpress.callac.online\/#website","url":"https:\/\/wordpress.callac.online\/","name":"Maths & Num\u00e9rique","description":"Des outils pour les enseignants de math\u00e9matiques et de num\u00e9rique","publisher":{"@id":"https:\/\/wordpress.callac.online\/#\/schema\/person\/04061f1ca2c2c42039142a704be95940"},"potentialAction":[{"@type":"SearchAction","target":{"@type":"EntryPoint","urlTemplate":"https:\/\/wordpress.callac.online\/?s={search_term_string}"},"query-input":{"@type":"PropertyValueSpecification","valueRequired":true,"valueName":"search_term_string"}}],"inLanguage":"fr-FR"},{"@type":["Person","Organization"],"@id":"https:\/\/wordpress.callac.online\/#\/schema\/person\/04061f1ca2c2c42039142a704be95940","name":"dlefur","image":{"@type":"ImageObject","inLanguage":"fr-FR","@id":"https:\/\/wordpress.callac.online\/#\/schema\/person\/image\/","url":"https:\/\/secure.gravatar.com\/avatar\/4a9e17be136808c6597f28aa2b6c13126dab066fdc2198ff60090972c9b7fafc?s=96&d=mm&r=g","contentUrl":"https:\/\/secure.gravatar.com\/avatar\/4a9e17be136808c6597f28aa2b6c13126dab066fdc2198ff60090972c9b7fafc?s=96&d=mm&r=g","caption":"dlefur"},"logo":{"@id":"https:\/\/wordpress.callac.online\/#\/schema\/person\/image\/"},"description":"Enseignant de math\u00e9matiques Lyc\u00e9e Pasteur S\u00e3o Paulo","sameAs":["http:\/\/wordpress.callac.online"]}]}},"_links":{"self":[{"href":"https:\/\/wordpress.callac.online\/index.php\/wp-json\/wp\/v2\/pages\/173","targetHints":{"allow":["GET"]}}],"collection":[{"href":"https:\/\/wordpress.callac.online\/index.php\/wp-json\/wp\/v2\/pages"}],"about":[{"href":"https:\/\/wordpress.callac.online\/index.php\/wp-json\/wp\/v2\/types\/page"}],"author":[{"embeddable":true,"href":"https:\/\/wordpress.callac.online\/index.php\/wp-json\/wp\/v2\/users\/1"}],"replies":[{"embeddable":true,"href":"https:\/\/wordpress.callac.online\/index.php\/wp-json\/wp\/v2\/comments?post=173"}],"version-history":[{"count":1,"href":"https:\/\/wordpress.callac.online\/index.php\/wp-json\/wp\/v2\/pages\/173\/revisions"}],"predecessor-version":[{"id":1581,"href":"https:\/\/wordpress.callac.online\/index.php\/wp-json\/wp\/v2\/pages\/173\/revisions\/1581"}],"up":[{"embeddable":true,"href":"https:\/\/wordpress.callac.online\/index.php\/wp-json\/wp\/v2\/pages\/2226"}],"wp:featuredmedia":[{"embeddable":true,"href":"https:\/\/wordpress.callac.online\/index.php\/wp-json\/wp\/v2\/media\/679"}],"wp:attachment":[{"href":"https:\/\/wordpress.callac.online\/index.php\/wp-json\/wp\/v2\/media?parent=173"}],"curies":[{"name":"wp","href":"https:\/\/api.w.org\/{rel}","templated":true}]}}