{"id":174,"date":"2008-06-19T00:57:19","date_gmt":"2008-06-18T22:57:19","guid":{"rendered":"http:\/\/wordpress.callac.online\/index.php\/sections-de-solides-avec-xcas\/"},"modified":"2023-10-14T20:14:11","modified_gmt":"2023-10-14T18:14:11","slug":"sections-de-solides-avec-xcas","status":"publish","type":"page","link":"https:\/\/wordpress.callac.online\/index.php\/logiciels-mathematiques\/xcas\/geometrie-avec-xcas\/sections-de-solides-avec-xcas\/","title":{"rendered":"Sections de solides avec Xcas"},"content":{"rendered":"<p><math>\nVoici quelques exemples de sections de solides faites avec Xcas.<\/p>\n<p>Dans chacun des cas, ouvrir une session geo3d et ins\u00e9rer les comandes correspondes.<\/p>\n<h2>Le cube<\/h2>\n<hr \/>\n<plain>\naffichage(width_point_4) ;\nc:=3 ;\n(A:=point(0,0,0)),(B:=point(c,0,0)),(C:=point(c,c,0)),(D:=point(0,c,0)),(E:=point(0,0,c)),(F:=point(c,0,c)),(G:=point(c,c,c)),(H:=point(0,c,c)) ;\naffichage(polyedre(A,B,C,D,H,G,F,E),rouge+rempli) ;\nplan(x+y+z=7) ;\naffichage(inter(plan(x+y+z=7),polyedre(A,B,C,D,H,G,F,E)),bleu+line_width_4) ;\n<\/plain>\n<p><img loading=\"lazy\" decoding=\"async\" class=\" aligncenter size-full wp-image-680\" src=\"http:\/\/wordpress.callac.online\/wp-content\/uploads\/2008\/06\/jpg_cube.jpg\" alt=\"cube.jpg\" align=\"center\" width=\"482\" height=\"574\" srcset=\"https:\/\/wordpress.callac.online\/wp-content\/uploads\/2008\/06\/jpg_cube.jpg 482w, https:\/\/wordpress.callac.online\/wp-content\/uploads\/2008\/06\/jpg_cube-252x300.jpg 252w\" sizes=\"auto, (max-width: 482px) 100vw, 482px\" \/><\/p>\n<h2>Le parall\u00e9l\u00e9pip\u00e8de<\/h2>\n<hr \/>\n<plain>\naffichage(width_point_4) ;\n(L:=3),(l:=2),(h:=3) ;\n(A:=point(0,0,0)),(B:=point(L,0,0)),(C:=point(L,l,0)),(D:=point(0,l,0)),(E:=point(0,0,h)),(F:=point(L,0,h)),(G:=point(L,l,h)),(H:=point(0,l,h)) ;\naffichage(polyedre(A,B,C,D,H,G,F,E),rouge+rempli) ;\naffichage(plan(z=1),noir+line_width_2) ;\naffichage(inter(plan(z=1),polyedre(A,B,C,D,H,G,F,E)),bleu+line_width_4) ;\n<\/plain>\n<p><img loading=\"lazy\" decoding=\"async\" class=\" aligncenter size-full wp-image-681\" src=\"http:\/\/wordpress.callac.online\/wp-content\/uploads\/2008\/06\/jpg_parallelepipede.jpg\" alt=\"parallelepipede.jpg\" align=\"center\" width=\"410\" height=\"574\" srcset=\"https:\/\/wordpress.callac.online\/wp-content\/uploads\/2008\/06\/jpg_parallelepipede.jpg 410w, https:\/\/wordpress.callac.online\/wp-content\/uploads\/2008\/06\/jpg_parallelepipede-214x300.jpg 214w\" sizes=\"auto, (max-width: 410px) 100vw, 410px\" \/><\/p>\n<h2>Le prisme droit<\/h2>\n<hr \/>\n<plain>\naffichage(width_point_4) ;\nh:=5 ;\n(A:=point(0,0,0)),(B:=point(4,0,0)),(C:=point(4,1,0)),(D:=point(2,1,0)),(E:=point(2,5,0)),(F:=point(0,5,0)) ;\naffichage(prisme([A,B,C,D,E,F],[0,0,h]),rouge+rempli) ;\n(A_1:=translation([0,0,h],A)),(B_1:=translation([0,0,h],B)),(C_1:=translation([0,0,h],C)),(D_1:=translation([0,0,h],D)),(E_1:=translation([0,0,h],E)),(F_1:=translation([0,0,h],F)) ;\naffichage(plan(z=4),noir+line_width_2) ;\naffichage(inter(plan(z=4),prisme([A,B,C,D,E,F],[0,0,h])),bleu+line_width_4) ;\n<\/plain>\n<p><img loading=\"lazy\" decoding=\"async\" class=\" aligncenter size-full wp-image-682\" src=\"http:\/\/wordpress.callac.online\/wp-content\/uploads\/2008\/06\/jpg_prisme.jpg\" alt=\"prisme.jpg\" align=\"center\" width=\"410\" height=\"574\" srcset=\"https:\/\/wordpress.callac.online\/wp-content\/uploads\/2008\/06\/jpg_prisme.jpg 410w, https:\/\/wordpress.callac.online\/wp-content\/uploads\/2008\/06\/jpg_prisme-214x300.jpg 214w\" sizes=\"auto, (max-width: 410px) 100vw, 410px\" \/><\/p>\n<h2>La sph\u00e8re<\/h2>\n<hr \/>\n<plain>\naffichage(width_point_4) ;\nr:=4 ;\nO:=point(0,0,0) ;\naffichage(sphere(O,r),rouge+rempli) ;\naffichage(plan(z=2),noir+line_width_2) ;\naffichage(inter(plan(z=2),sphere(O,r)),bleu+line_width_4) ;\n<\/plain>\n<p><img loading=\"lazy\" decoding=\"async\" class=\" aligncenter size-full wp-image-683\" src=\"http:\/\/wordpress.callac.online\/wp-content\/uploads\/2008\/06\/jpg_sphere.jpg\" alt=\"sphere.jpg\" align=\"center\" width=\"410\" height=\"574\" srcset=\"https:\/\/wordpress.callac.online\/wp-content\/uploads\/2008\/06\/jpg_sphere.jpg 410w, https:\/\/wordpress.callac.online\/wp-content\/uploads\/2008\/06\/jpg_sphere-214x300.jpg 214w\" sizes=\"auto, (max-width: 410px) 100vw, 410px\" \/><\/p>\n<h2>Le cylindre<\/h2>\n<hr \/>\n<plain>\naffichage(width_point_4) ;\n(r:=4),(h:=5) ;\nO:=point(0,0,0) ;\naffichage(cylindre(O,[0,0,1],r,h),rouge+rempli) ;\naffichage(plan(z=2),noir+line_width_2) ;\naffichage(inter(plan(z=2),[cylindre(O,[0,0,1],4,5)]),bleu+line_width_4) ;\n<\/plain>\n<p><img loading=\"lazy\" decoding=\"async\" class=\" aligncenter size-full wp-image-684\" src=\"http:\/\/wordpress.callac.online\/wp-content\/uploads\/2008\/06\/jpg_cylindre.jpg\" alt=\"cylindre.jpg\" align=\"center\" width=\"410\" height=\"574\" srcset=\"https:\/\/wordpress.callac.online\/wp-content\/uploads\/2008\/06\/jpg_cylindre.jpg 410w, https:\/\/wordpress.callac.online\/wp-content\/uploads\/2008\/06\/jpg_cylindre-214x300.jpg 214w\" sizes=\"auto, (max-width: 410px) 100vw, 410px\" \/><\/p>\n<h2>Le c\u00f4ne<\/h2>\n<hr \/>\n<plain>\naffichage(width_point_4) ;\n(a:=pi\/4),(h:=5) ;\nS:(point(0,0,h)) ;\naffichage(demi_cone(S,[0,0,-1],a,h),rouge+rempli) ;\naffichage(plan(z=2),noir+line_width_2) ;\naffichage(inter(plan(z=2),[demi_cone(S,[0,0,-1],a,h)]),bleu+line_width_4) ;\n<\/plain>\n<p><img loading=\"lazy\" decoding=\"async\" class=\" aligncenter size-full wp-image-685\" src=\"http:\/\/wordpress.callac.online\/wp-content\/uploads\/2008\/06\/jpg_cone-2.jpg\" alt=\"cone-2.jpg\" align=\"center\" width=\"410\" height=\"574\" srcset=\"https:\/\/wordpress.callac.online\/wp-content\/uploads\/2008\/06\/jpg_cone-2.jpg 410w, https:\/\/wordpress.callac.online\/wp-content\/uploads\/2008\/06\/jpg_cone-2-214x300.jpg 214w\" sizes=\"auto, (max-width: 410px) 100vw, 410px\" \/><\/p>\n<h2>La pyramide<\/h2>\n<hr \/>\n<plain>\naffichage(width_point_4) ;\n(c:=4),(h:=5) ;\n(A:=point(0,0,0)),(B:=point(c,0,0)),(C:=point(c,c,0)),(D:=point(0,c,0)),(S:=point(c\/2,c\/2,h)) ;\naffichage(polyedre(A,B,C,D,S),rouge+rempli) ;\naffichage(plan(z=3),noir+line_width_2) ;\naffichage(inter(plan(z=3),polyedre(A,B,C,D,S)),bleu+line_width_4) ;\n<\/plain>\n<p><img loading=\"lazy\" decoding=\"async\" class=\" aligncenter size-full wp-image-686\" src=\"http:\/\/wordpress.callac.online\/wp-content\/uploads\/2008\/06\/jpg_pyramide-2.jpg\" alt=\"pyramide-2.jpg\" align=\"center\" width=\"410\" height=\"574\" srcset=\"https:\/\/wordpress.callac.online\/wp-content\/uploads\/2008\/06\/jpg_pyramide-2.jpg 410w, https:\/\/wordpress.callac.online\/wp-content\/uploads\/2008\/06\/jpg_pyramide-2-214x300.jpg 214w\" sizes=\"auto, (max-width: 410px) 100vw, 410px\" \/><\/p>\n<p><\/math><\/p>\n","protected":false},"excerpt":{"rendered":"<p>Voici quelques exemples de sections de solides faites avec Xcas. Dans chacun des cas, ouvrir une session geo3d et ins\u00e9rer les comandes correspondes. Le cube affichage(width_point_4) ; c:=3 ; (A:=point(0,0,0)),(B:=point(c,0,0)),(C:=point(c,c,0)),(D:=point(0,c,0)),(E:=point(0,0,c)),(F:=point(c,0,c)),(G:=point(c,c,c)),(H:=point(0,c,c))&hellip;<\/p>\n","protected":false},"author":1,"featured_media":680,"parent":2230,"menu_order":2,"comment_status":"closed","ping_status":"closed","template":"","meta":{"footnotes":""},"class_list":["post-174","page","type-page","status-publish","has-post-thumbnail","hentry"],"yoast_head":"<!-- This site is optimized with the Yoast SEO plugin v27.1.1 - https:\/\/yoast.com\/product\/yoast-seo-wordpress\/ -->\n<title>Sections de solides avec Xcas - Maths &amp; Num\u00e9rique<\/title>\n<meta name=\"robots\" content=\"index, follow, max-snippet:-1, max-image-preview:large, max-video-preview:-1\" \/>\n<link rel=\"canonical\" href=\"https:\/\/wordpress.callac.online\/index.php\/logiciels-mathematiques\/xcas\/geometrie-avec-xcas\/sections-de-solides-avec-xcas\/\" \/>\n<meta property=\"og:locale\" content=\"fr_FR\" \/>\n<meta property=\"og:type\" content=\"article\" \/>\n<meta property=\"og:title\" content=\"Sections de solides avec Xcas - Maths &amp; Num\u00e9rique\" \/>\n<meta property=\"og:description\" content=\"Voici quelques exemples de sections de solides faites avec Xcas. Dans chacun des cas, ouvrir une session geo3d et ins\u00e9rer les comandes correspondes. Le cube affichage(width_point_4) ; c:=3 ; (A:=point(0,0,0)),(B:=point(c,0,0)),(C:=point(c,c,0)),(D:=point(0,c,0)),(E:=point(0,0,c)),(F:=point(c,0,c)),(G:=point(c,c,c)),(H:=point(0,c,c))&hellip;\" \/>\n<meta property=\"og:url\" content=\"https:\/\/wordpress.callac.online\/index.php\/logiciels-mathematiques\/xcas\/geometrie-avec-xcas\/sections-de-solides-avec-xcas\/\" \/>\n<meta property=\"og:site_name\" content=\"Maths &amp; Num\u00e9rique\" \/>\n<meta property=\"article:modified_time\" content=\"2023-10-14T18:14:11+00:00\" \/>\n<meta property=\"og:image\" content=\"http:\/\/wordpress.callac.online\/wp-content\/uploads\/2008\/06\/jpg_cube.jpg\" \/>\n\t<meta property=\"og:image:width\" content=\"482\" \/>\n\t<meta property=\"og:image:height\" content=\"574\" \/>\n\t<meta property=\"og:image:type\" content=\"image\/jpeg\" \/>\n<meta name=\"twitter:card\" content=\"summary_large_image\" \/>\n<meta name=\"twitter:label1\" content=\"Dur\u00e9e de lecture estim\u00e9e\" \/>\n\t<meta name=\"twitter:data1\" content=\"2 minutes\" \/>\n<script type=\"application\/ld+json\" class=\"yoast-schema-graph\">{\"@context\":\"https:\/\/schema.org\",\"@graph\":[{\"@type\":\"WebPage\",\"@id\":\"https:\/\/wordpress.callac.online\/index.php\/logiciels-mathematiques\/xcas\/geometrie-avec-xcas\/sections-de-solides-avec-xcas\/\",\"url\":\"https:\/\/wordpress.callac.online\/index.php\/logiciels-mathematiques\/xcas\/geometrie-avec-xcas\/sections-de-solides-avec-xcas\/\",\"name\":\"Sections de solides avec Xcas - Maths &amp; Num\u00e9rique\",\"isPartOf\":{\"@id\":\"https:\/\/wordpress.callac.online\/#website\"},\"primaryImageOfPage\":{\"@id\":\"https:\/\/wordpress.callac.online\/index.php\/logiciels-mathematiques\/xcas\/geometrie-avec-xcas\/sections-de-solides-avec-xcas\/#primaryimage\"},\"image\":{\"@id\":\"https:\/\/wordpress.callac.online\/index.php\/logiciels-mathematiques\/xcas\/geometrie-avec-xcas\/sections-de-solides-avec-xcas\/#primaryimage\"},\"thumbnailUrl\":\"https:\/\/wordpress.callac.online\/wp-content\/uploads\/2008\/06\/jpg_cube.jpg\",\"datePublished\":\"2008-06-18T22:57:19+00:00\",\"dateModified\":\"2023-10-14T18:14:11+00:00\",\"breadcrumb\":{\"@id\":\"https:\/\/wordpress.callac.online\/index.php\/logiciels-mathematiques\/xcas\/geometrie-avec-xcas\/sections-de-solides-avec-xcas\/#breadcrumb\"},\"inLanguage\":\"fr-FR\",\"potentialAction\":[{\"@type\":\"ReadAction\",\"target\":[\"https:\/\/wordpress.callac.online\/index.php\/logiciels-mathematiques\/xcas\/geometrie-avec-xcas\/sections-de-solides-avec-xcas\/\"]}]},{\"@type\":\"ImageObject\",\"inLanguage\":\"fr-FR\",\"@id\":\"https:\/\/wordpress.callac.online\/index.php\/logiciels-mathematiques\/xcas\/geometrie-avec-xcas\/sections-de-solides-avec-xcas\/#primaryimage\",\"url\":\"https:\/\/wordpress.callac.online\/wp-content\/uploads\/2008\/06\/jpg_cube.jpg\",\"contentUrl\":\"https:\/\/wordpress.callac.online\/wp-content\/uploads\/2008\/06\/jpg_cube.jpg\",\"width\":482,\"height\":574,\"caption\":\"cube.jpg\"},{\"@type\":\"BreadcrumbList\",\"@id\":\"https:\/\/wordpress.callac.online\/index.php\/logiciels-mathematiques\/xcas\/geometrie-avec-xcas\/sections-de-solides-avec-xcas\/#breadcrumb\",\"itemListElement\":[{\"@type\":\"ListItem\",\"position\":1,\"name\":\"Accueil\",\"item\":\"https:\/\/wordpress.callac.online\/\"},{\"@type\":\"ListItem\",\"position\":2,\"name\":\"Logiciels math\u00e9matiques\",\"item\":\"https:\/\/wordpress.callac.online\/index.php\/logiciels-mathematiques\/\"},{\"@type\":\"ListItem\",\"position\":3,\"name\":\"Xcas\",\"item\":\"https:\/\/wordpress.callac.online\/index.php\/logiciels-mathematiques\/xcas\/\"},{\"@type\":\"ListItem\",\"position\":4,\"name\":\"G\u00e9om\u00e9trie avec Xcas\",\"item\":\"https:\/\/wordpress.callac.online\/index.php\/logiciels-mathematiques\/xcas\/geometrie-avec-xcas\/\"},{\"@type\":\"ListItem\",\"position\":5,\"name\":\"Sections de solides avec Xcas\"}]},{\"@type\":\"WebSite\",\"@id\":\"https:\/\/wordpress.callac.online\/#website\",\"url\":\"https:\/\/wordpress.callac.online\/\",\"name\":\"Maths & Num\u00e9rique\",\"description\":\"Des outils pour les enseignants de math\u00e9matiques et de num\u00e9rique\",\"publisher\":{\"@id\":\"https:\/\/wordpress.callac.online\/#\/schema\/person\/04061f1ca2c2c42039142a704be95940\"},\"potentialAction\":[{\"@type\":\"SearchAction\",\"target\":{\"@type\":\"EntryPoint\",\"urlTemplate\":\"https:\/\/wordpress.callac.online\/?s={search_term_string}\"},\"query-input\":{\"@type\":\"PropertyValueSpecification\",\"valueRequired\":true,\"valueName\":\"search_term_string\"}}],\"inLanguage\":\"fr-FR\"},{\"@type\":[\"Person\",\"Organization\"],\"@id\":\"https:\/\/wordpress.callac.online\/#\/schema\/person\/04061f1ca2c2c42039142a704be95940\",\"name\":\"dlefur\",\"image\":{\"@type\":\"ImageObject\",\"inLanguage\":\"fr-FR\",\"@id\":\"https:\/\/wordpress.callac.online\/#\/schema\/person\/image\/\",\"url\":\"https:\/\/secure.gravatar.com\/avatar\/4a9e17be136808c6597f28aa2b6c13126dab066fdc2198ff60090972c9b7fafc?s=96&d=mm&r=g\",\"contentUrl\":\"https:\/\/secure.gravatar.com\/avatar\/4a9e17be136808c6597f28aa2b6c13126dab066fdc2198ff60090972c9b7fafc?s=96&d=mm&r=g\",\"caption\":\"dlefur\"},\"logo\":{\"@id\":\"https:\/\/wordpress.callac.online\/#\/schema\/person\/image\/\"},\"description\":\"Enseignant de math\u00e9matiques Lyc\u00e9e Pasteur S\u00e3o Paulo\",\"sameAs\":[\"http:\/\/wordpress.callac.online\"]}]}<\/script>\n<!-- \/ Yoast SEO plugin. -->","yoast_head_json":{"title":"Sections de solides avec Xcas - Maths &amp; Num\u00e9rique","robots":{"index":"index","follow":"follow","max-snippet":"max-snippet:-1","max-image-preview":"max-image-preview:large","max-video-preview":"max-video-preview:-1"},"canonical":"https:\/\/wordpress.callac.online\/index.php\/logiciels-mathematiques\/xcas\/geometrie-avec-xcas\/sections-de-solides-avec-xcas\/","og_locale":"fr_FR","og_type":"article","og_title":"Sections de solides avec Xcas - Maths &amp; Num\u00e9rique","og_description":"Voici quelques exemples de sections de solides faites avec Xcas. Dans chacun des cas, ouvrir une session geo3d et ins\u00e9rer les comandes correspondes. Le cube affichage(width_point_4) ; c:=3 ; (A:=point(0,0,0)),(B:=point(c,0,0)),(C:=point(c,c,0)),(D:=point(0,c,0)),(E:=point(0,0,c)),(F:=point(c,0,c)),(G:=point(c,c,c)),(H:=point(0,c,c))&hellip;","og_url":"https:\/\/wordpress.callac.online\/index.php\/logiciels-mathematiques\/xcas\/geometrie-avec-xcas\/sections-de-solides-avec-xcas\/","og_site_name":"Maths &amp; Num\u00e9rique","article_modified_time":"2023-10-14T18:14:11+00:00","og_image":[{"width":482,"height":574,"url":"http:\/\/wordpress.callac.online\/wp-content\/uploads\/2008\/06\/jpg_cube.jpg","type":"image\/jpeg"}],"twitter_card":"summary_large_image","twitter_misc":{"Dur\u00e9e de lecture estim\u00e9e":"2 minutes"},"schema":{"@context":"https:\/\/schema.org","@graph":[{"@type":"WebPage","@id":"https:\/\/wordpress.callac.online\/index.php\/logiciels-mathematiques\/xcas\/geometrie-avec-xcas\/sections-de-solides-avec-xcas\/","url":"https:\/\/wordpress.callac.online\/index.php\/logiciels-mathematiques\/xcas\/geometrie-avec-xcas\/sections-de-solides-avec-xcas\/","name":"Sections de solides avec Xcas - Maths &amp; Num\u00e9rique","isPartOf":{"@id":"https:\/\/wordpress.callac.online\/#website"},"primaryImageOfPage":{"@id":"https:\/\/wordpress.callac.online\/index.php\/logiciels-mathematiques\/xcas\/geometrie-avec-xcas\/sections-de-solides-avec-xcas\/#primaryimage"},"image":{"@id":"https:\/\/wordpress.callac.online\/index.php\/logiciels-mathematiques\/xcas\/geometrie-avec-xcas\/sections-de-solides-avec-xcas\/#primaryimage"},"thumbnailUrl":"https:\/\/wordpress.callac.online\/wp-content\/uploads\/2008\/06\/jpg_cube.jpg","datePublished":"2008-06-18T22:57:19+00:00","dateModified":"2023-10-14T18:14:11+00:00","breadcrumb":{"@id":"https:\/\/wordpress.callac.online\/index.php\/logiciels-mathematiques\/xcas\/geometrie-avec-xcas\/sections-de-solides-avec-xcas\/#breadcrumb"},"inLanguage":"fr-FR","potentialAction":[{"@type":"ReadAction","target":["https:\/\/wordpress.callac.online\/index.php\/logiciels-mathematiques\/xcas\/geometrie-avec-xcas\/sections-de-solides-avec-xcas\/"]}]},{"@type":"ImageObject","inLanguage":"fr-FR","@id":"https:\/\/wordpress.callac.online\/index.php\/logiciels-mathematiques\/xcas\/geometrie-avec-xcas\/sections-de-solides-avec-xcas\/#primaryimage","url":"https:\/\/wordpress.callac.online\/wp-content\/uploads\/2008\/06\/jpg_cube.jpg","contentUrl":"https:\/\/wordpress.callac.online\/wp-content\/uploads\/2008\/06\/jpg_cube.jpg","width":482,"height":574,"caption":"cube.jpg"},{"@type":"BreadcrumbList","@id":"https:\/\/wordpress.callac.online\/index.php\/logiciels-mathematiques\/xcas\/geometrie-avec-xcas\/sections-de-solides-avec-xcas\/#breadcrumb","itemListElement":[{"@type":"ListItem","position":1,"name":"Accueil","item":"https:\/\/wordpress.callac.online\/"},{"@type":"ListItem","position":2,"name":"Logiciels math\u00e9matiques","item":"https:\/\/wordpress.callac.online\/index.php\/logiciels-mathematiques\/"},{"@type":"ListItem","position":3,"name":"Xcas","item":"https:\/\/wordpress.callac.online\/index.php\/logiciels-mathematiques\/xcas\/"},{"@type":"ListItem","position":4,"name":"G\u00e9om\u00e9trie avec Xcas","item":"https:\/\/wordpress.callac.online\/index.php\/logiciels-mathematiques\/xcas\/geometrie-avec-xcas\/"},{"@type":"ListItem","position":5,"name":"Sections de solides avec Xcas"}]},{"@type":"WebSite","@id":"https:\/\/wordpress.callac.online\/#website","url":"https:\/\/wordpress.callac.online\/","name":"Maths & Num\u00e9rique","description":"Des outils pour les enseignants de math\u00e9matiques et de num\u00e9rique","publisher":{"@id":"https:\/\/wordpress.callac.online\/#\/schema\/person\/04061f1ca2c2c42039142a704be95940"},"potentialAction":[{"@type":"SearchAction","target":{"@type":"EntryPoint","urlTemplate":"https:\/\/wordpress.callac.online\/?s={search_term_string}"},"query-input":{"@type":"PropertyValueSpecification","valueRequired":true,"valueName":"search_term_string"}}],"inLanguage":"fr-FR"},{"@type":["Person","Organization"],"@id":"https:\/\/wordpress.callac.online\/#\/schema\/person\/04061f1ca2c2c42039142a704be95940","name":"dlefur","image":{"@type":"ImageObject","inLanguage":"fr-FR","@id":"https:\/\/wordpress.callac.online\/#\/schema\/person\/image\/","url":"https:\/\/secure.gravatar.com\/avatar\/4a9e17be136808c6597f28aa2b6c13126dab066fdc2198ff60090972c9b7fafc?s=96&d=mm&r=g","contentUrl":"https:\/\/secure.gravatar.com\/avatar\/4a9e17be136808c6597f28aa2b6c13126dab066fdc2198ff60090972c9b7fafc?s=96&d=mm&r=g","caption":"dlefur"},"logo":{"@id":"https:\/\/wordpress.callac.online\/#\/schema\/person\/image\/"},"description":"Enseignant de math\u00e9matiques Lyc\u00e9e Pasteur S\u00e3o Paulo","sameAs":["http:\/\/wordpress.callac.online"]}]}},"_links":{"self":[{"href":"https:\/\/wordpress.callac.online\/index.php\/wp-json\/wp\/v2\/pages\/174","targetHints":{"allow":["GET"]}}],"collection":[{"href":"https:\/\/wordpress.callac.online\/index.php\/wp-json\/wp\/v2\/pages"}],"about":[{"href":"https:\/\/wordpress.callac.online\/index.php\/wp-json\/wp\/v2\/types\/page"}],"author":[{"embeddable":true,"href":"https:\/\/wordpress.callac.online\/index.php\/wp-json\/wp\/v2\/users\/1"}],"replies":[{"embeddable":true,"href":"https:\/\/wordpress.callac.online\/index.php\/wp-json\/wp\/v2\/comments?post=174"}],"version-history":[{"count":1,"href":"https:\/\/wordpress.callac.online\/index.php\/wp-json\/wp\/v2\/pages\/174\/revisions"}],"predecessor-version":[{"id":1582,"href":"https:\/\/wordpress.callac.online\/index.php\/wp-json\/wp\/v2\/pages\/174\/revisions\/1582"}],"up":[{"embeddable":true,"href":"https:\/\/wordpress.callac.online\/index.php\/wp-json\/wp\/v2\/pages\/2230"}],"wp:featuredmedia":[{"embeddable":true,"href":"https:\/\/wordpress.callac.online\/index.php\/wp-json\/wp\/v2\/media\/680"}],"wp:attachment":[{"href":"https:\/\/wordpress.callac.online\/index.php\/wp-json\/wp\/v2\/media?parent=174"}],"curies":[{"name":"wp","href":"https:\/\/api.w.org\/{rel}","templated":true}]}}