{"id":176,"date":"2008-06-19T13:50:20","date_gmt":"2008-06-19T11:50:20","guid":{"rendered":"http:\/\/wordpress.callac.online\/index.php\/patrons-depliables-de-solides-avec-xcas\/"},"modified":"2023-10-14T20:14:12","modified_gmt":"2023-10-14T18:14:12","slug":"patrons-depliables-de-solides-avec-xcas","status":"publish","type":"page","link":"https:\/\/wordpress.callac.online\/index.php\/logiciels-mathematiques\/xcas\/geometrie-avec-xcas\/patrons-depliables-de-solides-avec-xcas\/","title":{"rendered":"Patrons d\u00e9pliables de solides avec Xcas"},"content":{"rendered":"<p><math>\nVoici quelques exemples de sections de solides faites avec Xcas.<\/p>\n<p>Dans chacun des cas, ouvrir une session geo3d et ins\u00e9rer les commandes correspondes.<\/p>\n<h2>Le cube<\/h2>\n<hr \/>\n<plain>\n(A:=point(0,0,0)),(B:=point(1,0,0)),(C:=point(1,1,0)),(D:=point(0,1,0)),affichage(polygone(A,B,C,D),rouge+rempli),affichage(polygone(A,B,C,D),noir) ;\nassume(a:=[1.57079632679,pi\/2,pi,pi\/100.0]) ;\n(E:=rotation(droite(D,A),a,B)),(F:=rotation(droite(D,A),a,C)),affichage(polygone(A,D,F,E),bleu+rempli),affichage(polygone(A,D,F,E),noir),(K:=rotation(droite(B,C),a,A)),(L:=rotation(droite(B,C),a,D)),affichage(polygone(B,C,L,K),bleu+rempli),affichage(polygone(B,C,L,K),noir) ;\nassume(b:=[1.57079632679,pi\/2,pi,pi\/100.0]) ;\n(G:=rotation(droite(A,B),b,D)),(H:=rotation(droite(A,B),b,C)),affichage(polygone(B,A,G,H),jaune+rempli),affichage(polygone(B,A,G,H),noir),(I:=rotation(droite(C,D),b,A)),(J:=rotation(droite(C,D),b,B)),affichage(polygone(C,D,I,J),jaune+rempli),affichage(polygone(C,D,I,J),noir) ;\nassume(c:=[1.88495562,pi\/2,pi,pi\/100.0]) ;\n(M:=rotation(droite(F,E),c,A)),(N:=rotation(droite(F,E),c,D)),affichage(polygone(E,F,N,M),rouge+rempli),affichage(polygone(E,F,N,M),noir) ;\n<\/plain>\n<p><img loading=\"lazy\" decoding=\"async\" class=\" aligncenter size-full wp-image-687\" src=\"http:\/\/wordpress.callac.online\/wp-content\/uploads\/2008\/06\/jpg_patron-cube.jpg\" alt=\"patron-cube.jpg\" align=\"center\" width=\"574\" height=\"574\" srcset=\"https:\/\/wordpress.callac.online\/wp-content\/uploads\/2008\/06\/jpg_patron-cube.jpg 574w, https:\/\/wordpress.callac.online\/wp-content\/uploads\/2008\/06\/jpg_patron-cube-300x300.jpg 300w, https:\/\/wordpress.callac.online\/wp-content\/uploads\/2008\/06\/jpg_patron-cube-150x150.jpg 150w, https:\/\/wordpress.callac.online\/wp-content\/uploads\/2008\/06\/jpg_patron-cube-100x100.jpg 100w\" sizes=\"auto, (max-width: 574px) 100vw, 574px\" \/><\/p>\n<h2>Le parall\u00e9l\u00e9pip\u00e8de<\/h2>\n<hr \/>\n<p><code>\n(d:=5),(l:=3),(h:=1) ;\n(A:=point(0,0,0)),(B:=point(d,0,0)),(C:=point(d,l,0)),(D:=point(0,l,0)),affichage(polygone(A,B,C,D),rouge+rempli),affichage(polygone(A,B,C,D),noir) ;\nassume(a:=[1.57079632679,pi\/2,pi,pi\/100.0]) ;\n(E:=rotation(droite(D,A),a,point(h,0,0))),(F:=rotation(droite(D,A),a,point(h,l,0))),affichage(polygone(A,D,F,E),bleu+rempli),affichage(polygone(A,D,F,E),noir),(K:=rotation(droite(B,C),a,point(d-h,0,0))),(L:=rotation(droite(B,C),a,point(d-h,l,0))),affichage(polygone(B,C,L,K),bleu+rempli),affichage(polygone(B,C,L,K),noir) ;\nassume(b:=[1.57079632679,pi\/2,pi,pi\/100.0]) ;\n(G:=rotation(droite(A,B),b,point(0,h,0))),(H:=rotation(droite(A,B),b,point(d,h,0))),affichage(polygone(B,A,G,H),jaune+rempli),affichage(polygone(B,A,G,H),noir),(I:=rotation(droite(C,D),b,point(0,l-h,0))),(J:=rotation(droite(C,D),b,point(d,l-h,0))),affichage(polygone(C,D,I,J),jaune+rempli),affichage(polygone(C,D,I,J),noir) ;\nassume(c:=[1.88495562,pi\/2,pi,pi\/100.0]) ;\n(M:=rotation(droite(F,E),c,A)),(N:=rotation(droite(F,E),c,D)),(O:=translation((d-h)\/h*vecteur(E,M),M)),(P:=translation((d-h)\/h*vecteur(F,N),N)),affichage(polygone(E,F,P,O),rouge+rempli),affichage(polygone(E,F,P,O),noir) ;\n<\/plain>\n<p><img loading=\"lazy\" decoding=\"async\" class=\" aligncenter size-full wp-image-688\" src=\"http:\/\/wordpress.callac.online\/wp-content\/uploads\/2008\/06\/jpg_patron-boite.jpg\" alt=\"patron-boite.jpg\" align=\"center\" width=\"574\" height=\"574\" srcset=\"https:\/\/wordpress.callac.online\/wp-content\/uploads\/2008\/06\/jpg_patron-boite.jpg 574w, https:\/\/wordpress.callac.online\/wp-content\/uploads\/2008\/06\/jpg_patron-boite-300x300.jpg 300w, https:\/\/wordpress.callac.online\/wp-content\/uploads\/2008\/06\/jpg_patron-boite-150x150.jpg 150w, https:\/\/wordpress.callac.online\/wp-content\/uploads\/2008\/06\/jpg_patron-boite-100x100.jpg 100w\" sizes=\"auto, (max-width: 574px) 100vw, 574px\" \/><\/p>\n<h2>La pyramide<\/h2>\n<hr \/>\n<plain>\n(A:=point(0,0,0)),(B:=point(2,0,0)),(C:=point(2,2,0)),(D:=point(0,2,0)),(S:=point(3,1,4)),(R:=isobarycentre(A,B,C,D)) ;\naffichage(polygone(A,B,C,D),bleu+rempli),affichage(polygone(A,B,C,D),noir) ;\n(O:=projection(plan(A,B,C),S)),(I:=projection(droite(A,B),O)),(J:=projection(droite(B,C),O)),(K:=projection(droite(C,D),O)),(L:=projection(droite(D,A),O)) ;\nassume(t:=[0.1,0,1,0.1]) ;\n(EE:=inter_unique(plan(I,S,O),parallele(R,droite(A,B)))),(FF:=inter_unique(plan(J,S,O),parallele(R,droite(B,C)))),(GG:=inter_unique(plan(K,S,O),parallele(R,droite(C,D)))),(HH:=inter_unique(plan(L,S,O),parallele(R,droite(D,A)))) ;\n(E:=rotation(droite(A,B),t*(pi-angle(I,EE,S)),S)),affichage(polygone(A,B,E),rouge+rempli),affichage(polygone(A,B,E),noir),(F:=rotation(droite(B,C),t*(pi-angle(J,FF,S)),S)),affichage(polygone(B,C,F),rouge+rempli),affichage(polygone(B,C,F),noir),(G:=rotation(droite(C,D),t*(pi-angle(K,GG,S)),S)),affichage(polygone(C,D,G),rouge+rempli),affichage(polygone(C,D,G),noir),(H:=rotation(droite(D,A),t*(pi-angle(L,HH,S)),S)),affichage(polygone(D,A,H),rouge+rempli),affichage(polygone(D,A,H),noir) ;\n<\/plain>\n<p><img loading=\"lazy\" decoding=\"async\" class=\" aligncenter size-full wp-image-689\" src=\"http:\/\/wordpress.callac.online\/wp-content\/uploads\/2008\/06\/jpg_patron-pyramide.jpg\" alt=\"patron-pyramide.jpg\" align=\"center\" width=\"444\" height=\"571\" srcset=\"https:\/\/wordpress.callac.online\/wp-content\/uploads\/2008\/06\/jpg_patron-pyramide.jpg 444w, https:\/\/wordpress.callac.online\/wp-content\/uploads\/2008\/06\/jpg_patron-pyramide-233x300.jpg 233w\" sizes=\"auto, (max-width: 444px) 100vw, 444px\" \/><\/p>\n<h2>Le t\u00e9tra\u00e8dre<\/h2>\n<hr \/>\n<plain>\n(A:=point(0,0,0)),(B:=point(2,0,0)),(C:=point(1,3,0)),(S:=point(-2,1,4)),(R:=isobarycentre(A,B,C)) ;\naffichage(polygone(A,B,C),bleu+rempli),affichage(polygone(A,B,C),noir) ;\n(O:=projection(plan(A,B,C),S)),(I:=projection(droite(A,B),O)),(J:=projection(droite(B,C),O)),(K:=projection(droite(C,A),O)) ;\nassume(t:=[0.0,0,1,0.1]) ;\n(EE:=inter_unique(plan(I,S,O),parallele(R,droite(A,B)))),(FF:=inter_unique(plan(J,S,O),parallele(R,droite(B,C)))),(GG:=inter_unique(plan(K,S,O),parallele(R,droite(A,C)))) ;\n(E:=rotation(droite(A,B),t*(pi-angle(I,EE,S)),S)),affichage(polygone(A,B,E),rouge+rempli),affichage(polygone(A,B,E),noir),(F:=rotation(droite(B,C),t*(pi-angle(J,FF,S)),S)),affichage(polygone(B,C,F),rouge+rempli),affichage(polygone(B,C,F),noir),(G:=rotation(droite(C,A),t*(pi-angle(K,GG,S)),S)),affichage(polygone(A,C,G),rouge+rempli),affichage(polygone(A,C,G),noir) ;\n<\/plain>\n<p><img loading=\"lazy\" decoding=\"async\" class=\" aligncenter size-full wp-image-690\" src=\"http:\/\/wordpress.callac.online\/wp-content\/uploads\/2008\/06\/jpg_patron-tetraedre.jpg\" alt=\"patron-tetraedre.jpg\" align=\"center\" width=\"444\" height=\"571\" srcset=\"https:\/\/wordpress.callac.online\/wp-content\/uploads\/2008\/06\/jpg_patron-tetraedre.jpg 444w, https:\/\/wordpress.callac.online\/wp-content\/uploads\/2008\/06\/jpg_patron-tetraedre-233x300.jpg 233w\" sizes=\"auto, (max-width: 444px) 100vw, 444px\" \/><\/p>\n<p><\/math><\/p>\n","protected":false},"excerpt":{"rendered":"<p>Voici quelques exemples de sections de solides faites avec Xcas. Dans chacun des cas, ouvrir une session geo3d et ins\u00e9rer les commandes correspondes. Le cube (A:=point(0,0,0)),(B:=point(1,0,0)),(C:=point(1,1,0)),(D:=point(0,1,0)),affichage(polygone(A,B,C,D),rouge+rempli),affichage(polygone(A,B,C,D),noir) ; assume(a:=[1.57079632679,pi\/2,pi,pi\/100.0]) ; (E:=rotation(droite(D,A),a,B)),(F:=rotation(droite(D,A),a,C)),affichage(polygone(A,D,F,E),bleu+rempli),affichage(polygone(A,D,F,E),noir),(K:=rotation(droite(B,C),a,A)),(L:=rotation(droite(B,C),a,D)),affichage(polygone(B,C,L,K),bleu+rempli),affichage(polygone(B,C,L,K),noir)&hellip;<\/p>\n","protected":false},"author":1,"featured_media":687,"parent":2230,"menu_order":3,"comment_status":"closed","ping_status":"closed","template":"","meta":{"footnotes":""},"class_list":["post-176","page","type-page","status-publish","has-post-thumbnail","hentry"],"yoast_head":"<!-- This site is optimized with the Yoast SEO plugin v27.1.1 - https:\/\/yoast.com\/product\/yoast-seo-wordpress\/ -->\n<title>Patrons d\u00e9pliables de solides avec Xcas - Maths &amp; Num\u00e9rique<\/title>\n<meta name=\"robots\" content=\"index, follow, max-snippet:-1, max-image-preview:large, max-video-preview:-1\" \/>\n<link rel=\"canonical\" href=\"https:\/\/wordpress.callac.online\/index.php\/logiciels-mathematiques\/xcas\/geometrie-avec-xcas\/patrons-depliables-de-solides-avec-xcas\/\" \/>\n<meta property=\"og:locale\" content=\"fr_FR\" \/>\n<meta property=\"og:type\" content=\"article\" \/>\n<meta property=\"og:title\" content=\"Patrons d\u00e9pliables de solides avec Xcas - Maths &amp; Num\u00e9rique\" \/>\n<meta property=\"og:description\" content=\"Voici quelques exemples de sections de solides faites avec Xcas. Dans chacun des cas, ouvrir une session geo3d et ins\u00e9rer les commandes correspondes. Le cube (A:=point(0,0,0)),(B:=point(1,0,0)),(C:=point(1,1,0)),(D:=point(0,1,0)),affichage(polygone(A,B,C,D),rouge+rempli),affichage(polygone(A,B,C,D),noir) ; assume(a:=[1.57079632679,pi\/2,pi,pi\/100.0]) ; (E:=rotation(droite(D,A),a,B)),(F:=rotation(droite(D,A),a,C)),affichage(polygone(A,D,F,E),bleu+rempli),affichage(polygone(A,D,F,E),noir),(K:=rotation(droite(B,C),a,A)),(L:=rotation(droite(B,C),a,D)),affichage(polygone(B,C,L,K),bleu+rempli),affichage(polygone(B,C,L,K),noir)&hellip;\" \/>\n<meta property=\"og:url\" content=\"https:\/\/wordpress.callac.online\/index.php\/logiciels-mathematiques\/xcas\/geometrie-avec-xcas\/patrons-depliables-de-solides-avec-xcas\/\" \/>\n<meta property=\"og:site_name\" content=\"Maths &amp; Num\u00e9rique\" \/>\n<meta property=\"article:modified_time\" content=\"2023-10-14T18:14:12+00:00\" \/>\n<meta property=\"og:image\" content=\"http:\/\/wordpress.callac.online\/wp-content\/uploads\/2008\/06\/jpg_patron-cube.jpg\" \/>\n\t<meta property=\"og:image:width\" content=\"574\" \/>\n\t<meta property=\"og:image:height\" content=\"574\" \/>\n\t<meta property=\"og:image:type\" content=\"image\/jpeg\" \/>\n<meta name=\"twitter:card\" content=\"summary_large_image\" \/>\n<meta name=\"twitter:label1\" content=\"Dur\u00e9e de lecture estim\u00e9e\" \/>\n\t<meta name=\"twitter:data1\" content=\"4 minutes\" \/>\n<script type=\"application\/ld+json\" class=\"yoast-schema-graph\">{\"@context\":\"https:\/\/schema.org\",\"@graph\":[{\"@type\":\"WebPage\",\"@id\":\"https:\/\/wordpress.callac.online\/index.php\/logiciels-mathematiques\/xcas\/geometrie-avec-xcas\/patrons-depliables-de-solides-avec-xcas\/\",\"url\":\"https:\/\/wordpress.callac.online\/index.php\/logiciels-mathematiques\/xcas\/geometrie-avec-xcas\/patrons-depliables-de-solides-avec-xcas\/\",\"name\":\"Patrons d\u00e9pliables de solides avec Xcas - Maths &amp; Num\u00e9rique\",\"isPartOf\":{\"@id\":\"https:\/\/wordpress.callac.online\/#website\"},\"primaryImageOfPage\":{\"@id\":\"https:\/\/wordpress.callac.online\/index.php\/logiciels-mathematiques\/xcas\/geometrie-avec-xcas\/patrons-depliables-de-solides-avec-xcas\/#primaryimage\"},\"image\":{\"@id\":\"https:\/\/wordpress.callac.online\/index.php\/logiciels-mathematiques\/xcas\/geometrie-avec-xcas\/patrons-depliables-de-solides-avec-xcas\/#primaryimage\"},\"thumbnailUrl\":\"https:\/\/wordpress.callac.online\/wp-content\/uploads\/2008\/06\/jpg_patron-cube.jpg\",\"datePublished\":\"2008-06-19T11:50:20+00:00\",\"dateModified\":\"2023-10-14T18:14:12+00:00\",\"breadcrumb\":{\"@id\":\"https:\/\/wordpress.callac.online\/index.php\/logiciels-mathematiques\/xcas\/geometrie-avec-xcas\/patrons-depliables-de-solides-avec-xcas\/#breadcrumb\"},\"inLanguage\":\"fr-FR\",\"potentialAction\":[{\"@type\":\"ReadAction\",\"target\":[\"https:\/\/wordpress.callac.online\/index.php\/logiciels-mathematiques\/xcas\/geometrie-avec-xcas\/patrons-depliables-de-solides-avec-xcas\/\"]}]},{\"@type\":\"ImageObject\",\"inLanguage\":\"fr-FR\",\"@id\":\"https:\/\/wordpress.callac.online\/index.php\/logiciels-mathematiques\/xcas\/geometrie-avec-xcas\/patrons-depliables-de-solides-avec-xcas\/#primaryimage\",\"url\":\"https:\/\/wordpress.callac.online\/wp-content\/uploads\/2008\/06\/jpg_patron-cube.jpg\",\"contentUrl\":\"https:\/\/wordpress.callac.online\/wp-content\/uploads\/2008\/06\/jpg_patron-cube.jpg\",\"width\":574,\"height\":574,\"caption\":\"patron-cube.jpg\"},{\"@type\":\"BreadcrumbList\",\"@id\":\"https:\/\/wordpress.callac.online\/index.php\/logiciels-mathematiques\/xcas\/geometrie-avec-xcas\/patrons-depliables-de-solides-avec-xcas\/#breadcrumb\",\"itemListElement\":[{\"@type\":\"ListItem\",\"position\":1,\"name\":\"Accueil\",\"item\":\"https:\/\/wordpress.callac.online\/\"},{\"@type\":\"ListItem\",\"position\":2,\"name\":\"Logiciels math\u00e9matiques\",\"item\":\"https:\/\/wordpress.callac.online\/index.php\/logiciels-mathematiques\/\"},{\"@type\":\"ListItem\",\"position\":3,\"name\":\"Xcas\",\"item\":\"https:\/\/wordpress.callac.online\/index.php\/logiciels-mathematiques\/xcas\/\"},{\"@type\":\"ListItem\",\"position\":4,\"name\":\"G\u00e9om\u00e9trie avec Xcas\",\"item\":\"https:\/\/wordpress.callac.online\/index.php\/logiciels-mathematiques\/xcas\/geometrie-avec-xcas\/\"},{\"@type\":\"ListItem\",\"position\":5,\"name\":\"Patrons d\u00e9pliables de solides avec Xcas\"}]},{\"@type\":\"WebSite\",\"@id\":\"https:\/\/wordpress.callac.online\/#website\",\"url\":\"https:\/\/wordpress.callac.online\/\",\"name\":\"Maths & Num\u00e9rique\",\"description\":\"Des outils pour les enseignants de math\u00e9matiques et de num\u00e9rique\",\"publisher\":{\"@id\":\"https:\/\/wordpress.callac.online\/#\/schema\/person\/04061f1ca2c2c42039142a704be95940\"},\"potentialAction\":[{\"@type\":\"SearchAction\",\"target\":{\"@type\":\"EntryPoint\",\"urlTemplate\":\"https:\/\/wordpress.callac.online\/?s={search_term_string}\"},\"query-input\":{\"@type\":\"PropertyValueSpecification\",\"valueRequired\":true,\"valueName\":\"search_term_string\"}}],\"inLanguage\":\"fr-FR\"},{\"@type\":[\"Person\",\"Organization\"],\"@id\":\"https:\/\/wordpress.callac.online\/#\/schema\/person\/04061f1ca2c2c42039142a704be95940\",\"name\":\"dlefur\",\"image\":{\"@type\":\"ImageObject\",\"inLanguage\":\"fr-FR\",\"@id\":\"https:\/\/wordpress.callac.online\/#\/schema\/person\/image\/\",\"url\":\"https:\/\/secure.gravatar.com\/avatar\/4a9e17be136808c6597f28aa2b6c13126dab066fdc2198ff60090972c9b7fafc?s=96&d=mm&r=g\",\"contentUrl\":\"https:\/\/secure.gravatar.com\/avatar\/4a9e17be136808c6597f28aa2b6c13126dab066fdc2198ff60090972c9b7fafc?s=96&d=mm&r=g\",\"caption\":\"dlefur\"},\"logo\":{\"@id\":\"https:\/\/wordpress.callac.online\/#\/schema\/person\/image\/\"},\"description\":\"Enseignant de math\u00e9matiques Lyc\u00e9e Pasteur S\u00e3o Paulo\",\"sameAs\":[\"http:\/\/wordpress.callac.online\"]}]}<\/script>\n<!-- \/ Yoast SEO plugin. -->","yoast_head_json":{"title":"Patrons d\u00e9pliables de solides avec Xcas - Maths &amp; Num\u00e9rique","robots":{"index":"index","follow":"follow","max-snippet":"max-snippet:-1","max-image-preview":"max-image-preview:large","max-video-preview":"max-video-preview:-1"},"canonical":"https:\/\/wordpress.callac.online\/index.php\/logiciels-mathematiques\/xcas\/geometrie-avec-xcas\/patrons-depliables-de-solides-avec-xcas\/","og_locale":"fr_FR","og_type":"article","og_title":"Patrons d\u00e9pliables de solides avec Xcas - Maths &amp; Num\u00e9rique","og_description":"Voici quelques exemples de sections de solides faites avec Xcas. Dans chacun des cas, ouvrir une session geo3d et ins\u00e9rer les commandes correspondes. Le cube (A:=point(0,0,0)),(B:=point(1,0,0)),(C:=point(1,1,0)),(D:=point(0,1,0)),affichage(polygone(A,B,C,D),rouge+rempli),affichage(polygone(A,B,C,D),noir) ; assume(a:=[1.57079632679,pi\/2,pi,pi\/100.0]) ; (E:=rotation(droite(D,A),a,B)),(F:=rotation(droite(D,A),a,C)),affichage(polygone(A,D,F,E),bleu+rempli),affichage(polygone(A,D,F,E),noir),(K:=rotation(droite(B,C),a,A)),(L:=rotation(droite(B,C),a,D)),affichage(polygone(B,C,L,K),bleu+rempli),affichage(polygone(B,C,L,K),noir)&hellip;","og_url":"https:\/\/wordpress.callac.online\/index.php\/logiciels-mathematiques\/xcas\/geometrie-avec-xcas\/patrons-depliables-de-solides-avec-xcas\/","og_site_name":"Maths &amp; Num\u00e9rique","article_modified_time":"2023-10-14T18:14:12+00:00","og_image":[{"width":574,"height":574,"url":"http:\/\/wordpress.callac.online\/wp-content\/uploads\/2008\/06\/jpg_patron-cube.jpg","type":"image\/jpeg"}],"twitter_card":"summary_large_image","twitter_misc":{"Dur\u00e9e de lecture estim\u00e9e":"4 minutes"},"schema":{"@context":"https:\/\/schema.org","@graph":[{"@type":"WebPage","@id":"https:\/\/wordpress.callac.online\/index.php\/logiciels-mathematiques\/xcas\/geometrie-avec-xcas\/patrons-depliables-de-solides-avec-xcas\/","url":"https:\/\/wordpress.callac.online\/index.php\/logiciels-mathematiques\/xcas\/geometrie-avec-xcas\/patrons-depliables-de-solides-avec-xcas\/","name":"Patrons d\u00e9pliables de solides avec Xcas - Maths &amp; Num\u00e9rique","isPartOf":{"@id":"https:\/\/wordpress.callac.online\/#website"},"primaryImageOfPage":{"@id":"https:\/\/wordpress.callac.online\/index.php\/logiciels-mathematiques\/xcas\/geometrie-avec-xcas\/patrons-depliables-de-solides-avec-xcas\/#primaryimage"},"image":{"@id":"https:\/\/wordpress.callac.online\/index.php\/logiciels-mathematiques\/xcas\/geometrie-avec-xcas\/patrons-depliables-de-solides-avec-xcas\/#primaryimage"},"thumbnailUrl":"https:\/\/wordpress.callac.online\/wp-content\/uploads\/2008\/06\/jpg_patron-cube.jpg","datePublished":"2008-06-19T11:50:20+00:00","dateModified":"2023-10-14T18:14:12+00:00","breadcrumb":{"@id":"https:\/\/wordpress.callac.online\/index.php\/logiciels-mathematiques\/xcas\/geometrie-avec-xcas\/patrons-depliables-de-solides-avec-xcas\/#breadcrumb"},"inLanguage":"fr-FR","potentialAction":[{"@type":"ReadAction","target":["https:\/\/wordpress.callac.online\/index.php\/logiciels-mathematiques\/xcas\/geometrie-avec-xcas\/patrons-depliables-de-solides-avec-xcas\/"]}]},{"@type":"ImageObject","inLanguage":"fr-FR","@id":"https:\/\/wordpress.callac.online\/index.php\/logiciels-mathematiques\/xcas\/geometrie-avec-xcas\/patrons-depliables-de-solides-avec-xcas\/#primaryimage","url":"https:\/\/wordpress.callac.online\/wp-content\/uploads\/2008\/06\/jpg_patron-cube.jpg","contentUrl":"https:\/\/wordpress.callac.online\/wp-content\/uploads\/2008\/06\/jpg_patron-cube.jpg","width":574,"height":574,"caption":"patron-cube.jpg"},{"@type":"BreadcrumbList","@id":"https:\/\/wordpress.callac.online\/index.php\/logiciels-mathematiques\/xcas\/geometrie-avec-xcas\/patrons-depliables-de-solides-avec-xcas\/#breadcrumb","itemListElement":[{"@type":"ListItem","position":1,"name":"Accueil","item":"https:\/\/wordpress.callac.online\/"},{"@type":"ListItem","position":2,"name":"Logiciels math\u00e9matiques","item":"https:\/\/wordpress.callac.online\/index.php\/logiciels-mathematiques\/"},{"@type":"ListItem","position":3,"name":"Xcas","item":"https:\/\/wordpress.callac.online\/index.php\/logiciels-mathematiques\/xcas\/"},{"@type":"ListItem","position":4,"name":"G\u00e9om\u00e9trie avec Xcas","item":"https:\/\/wordpress.callac.online\/index.php\/logiciels-mathematiques\/xcas\/geometrie-avec-xcas\/"},{"@type":"ListItem","position":5,"name":"Patrons d\u00e9pliables de solides avec Xcas"}]},{"@type":"WebSite","@id":"https:\/\/wordpress.callac.online\/#website","url":"https:\/\/wordpress.callac.online\/","name":"Maths & Num\u00e9rique","description":"Des outils pour les enseignants de math\u00e9matiques et de num\u00e9rique","publisher":{"@id":"https:\/\/wordpress.callac.online\/#\/schema\/person\/04061f1ca2c2c42039142a704be95940"},"potentialAction":[{"@type":"SearchAction","target":{"@type":"EntryPoint","urlTemplate":"https:\/\/wordpress.callac.online\/?s={search_term_string}"},"query-input":{"@type":"PropertyValueSpecification","valueRequired":true,"valueName":"search_term_string"}}],"inLanguage":"fr-FR"},{"@type":["Person","Organization"],"@id":"https:\/\/wordpress.callac.online\/#\/schema\/person\/04061f1ca2c2c42039142a704be95940","name":"dlefur","image":{"@type":"ImageObject","inLanguage":"fr-FR","@id":"https:\/\/wordpress.callac.online\/#\/schema\/person\/image\/","url":"https:\/\/secure.gravatar.com\/avatar\/4a9e17be136808c6597f28aa2b6c13126dab066fdc2198ff60090972c9b7fafc?s=96&d=mm&r=g","contentUrl":"https:\/\/secure.gravatar.com\/avatar\/4a9e17be136808c6597f28aa2b6c13126dab066fdc2198ff60090972c9b7fafc?s=96&d=mm&r=g","caption":"dlefur"},"logo":{"@id":"https:\/\/wordpress.callac.online\/#\/schema\/person\/image\/"},"description":"Enseignant de math\u00e9matiques Lyc\u00e9e Pasteur S\u00e3o Paulo","sameAs":["http:\/\/wordpress.callac.online"]}]}},"_links":{"self":[{"href":"https:\/\/wordpress.callac.online\/index.php\/wp-json\/wp\/v2\/pages\/176","targetHints":{"allow":["GET"]}}],"collection":[{"href":"https:\/\/wordpress.callac.online\/index.php\/wp-json\/wp\/v2\/pages"}],"about":[{"href":"https:\/\/wordpress.callac.online\/index.php\/wp-json\/wp\/v2\/types\/page"}],"author":[{"embeddable":true,"href":"https:\/\/wordpress.callac.online\/index.php\/wp-json\/wp\/v2\/users\/1"}],"replies":[{"embeddable":true,"href":"https:\/\/wordpress.callac.online\/index.php\/wp-json\/wp\/v2\/comments?post=176"}],"version-history":[{"count":1,"href":"https:\/\/wordpress.callac.online\/index.php\/wp-json\/wp\/v2\/pages\/176\/revisions"}],"predecessor-version":[{"id":1584,"href":"https:\/\/wordpress.callac.online\/index.php\/wp-json\/wp\/v2\/pages\/176\/revisions\/1584"}],"up":[{"embeddable":true,"href":"https:\/\/wordpress.callac.online\/index.php\/wp-json\/wp\/v2\/pages\/2230"}],"wp:featuredmedia":[{"embeddable":true,"href":"https:\/\/wordpress.callac.online\/index.php\/wp-json\/wp\/v2\/media\/687"}],"wp:attachment":[{"href":"https:\/\/wordpress.callac.online\/index.php\/wp-json\/wp\/v2\/media?parent=176"}],"curies":[{"name":"wp","href":"https:\/\/api.w.org\/{rel}","templated":true}]}}