{"id":179,"date":"2008-06-30T00:27:26","date_gmt":"2008-06-29T22:27:26","guid":{"rendered":"http:\/\/wordpress.callac.online\/index.php\/le-paquet-pro-2varstat\/"},"modified":"2023-10-14T20:12:23","modified_gmt":"2023-10-14T18:12:23","slug":"le-paquet-pro-2varstat","status":"publish","type":"page","link":"https:\/\/wordpress.callac.online\/index.php\/edition-mathematique\/professor\/les-paquets-de-professor-sty-2\/le-paquet-pro-2varstat\/","title":{"rendered":"Le paquet pro-2varstat"},"content":{"rendered":"<p>Cet outil a pour but de faciliter la r\u00e9daction de documents sur les statistiques \u00e0 deux variables.<\/p>\n<h2>Dans le pr\u00e9ambule<\/h2>\n<hr \/>\n<p>On rajoute ceci :<\/p>\n<p><code>\\usepackage[xcas]{pro-2vartstat}<\/code><\/p>\n<hr \/>\n<h2>pro-tabled<\/h2>\n<hr \/>\n<p>Cet environnement sert \u00e0 obtenir le tableau latex correspondant :<\/p>\n<pre class=\"EnlighterJSRAW\" data-enlighter-language=\"latex\">\\begin{pro-tabled}{1}\n[0,5,10,15,20,25,30],    \/\/ liste X\n[17,21,25,30,36,42,40] \/\/ liste Y\n\\end{pro-tabled}<\/pre>\n<p>On obtient :<\/p>\n<p><img loading=\"lazy\" decoding=\"async\" class=\" aligncenter size-full wp-image-712\" src=\"http:\/\/wordpress.callac.online\/wp-content\/uploads\/2008\/06\/jpg_tabled.jpg\" alt=\"tabled.jpg\" width=\"294\" height=\"57\" align=\"center\" \/><\/p>\n<p><span style=\"color: red;\"><br \/>\n<em>NB : le code source correspondant est enregistr\u00e9 dans le fichier : <\/em><\/span><\/p>\n<p><span style=\"color: red;\"><em>nomfichier_tabled i.tex, la valeur i \u00e9tant donn\u00e9e en argument.<\/em><br \/>\n<\/span><\/p>\n<h2>pro-2varstat<\/h2>\n<hr \/>\n<p>Cet environnement sert \u00e0 obtenir les param\u00e8tres d&rsquo;une s\u00e9rie statistiques \u00e0 deux variables :<\/p>\n<pre class=\"EnlighterJSRAW\" data-enlighter-language=\"latex\">\\begin{pro-2varstat}{1}\n[0,5,10,15,20,25,30],     \/\/ liste X\n[17,21,25,30,36,42,40]   \/\/ liste Y\n\\end{pro-2varstat}<\/pre>\n<p>On obtient :<\/p>\n<p><img loading=\"lazy\" decoding=\"async\" class=\" aligncenter size-full wp-image-713\" src=\"http:\/\/wordpress.callac.online\/wp-content\/uploads\/2008\/06\/jpg_2varstat.jpg\" alt=\"2varstat.jpg\" width=\"492\" height=\"221\" align=\"center\" srcset=\"https:\/\/wordpress.callac.online\/wp-content\/uploads\/2008\/06\/jpg_2varstat.jpg 492w, https:\/\/wordpress.callac.online\/wp-content\/uploads\/2008\/06\/jpg_2varstat-300x135.jpg 300w\" sizes=\"auto, (max-width: 492px) 100vw, 492px\" \/><\/p>\n<p><span style=\"color: red;\"><br \/>\n<em>NB : le code source correspondant est enregistr\u00e9 dans le fichier :<\/em><\/span><\/p>\n<p><span style=\"color: red;\"><em> nomfichier_2varstat i.tex, la valeur i \u00e9tant donn\u00e9e en argument.<\/em><br \/>\n<\/span><\/p>\n<h2>pro-linreg<\/h2>\n<hr \/>\n<p>Cet environnement sert \u00e0 obtenir les param\u00e8tres de la r\u00e9gression lin\u00e9aire par la m\u00e9thode des moindres carr\u00e9s :<\/p>\n<pre class=\"EnlighterJSRAW\" data-enlighter-language=\"latex\">\\begin{pro-linreg}{1}\n[0,5,10,15,20,25,30],    \/\/ liste X\n[17,21,25,30,36,42,40]  \/\/ liste Y\n\\end{pro-linreg}<\/pre>\n<p>On obtient :<\/p>\n<p><img loading=\"lazy\" decoding=\"async\" class=\" aligncenter size-full wp-image-714\" src=\"http:\/\/wordpress.callac.online\/wp-content\/uploads\/2008\/06\/jpg_linreg.jpg\" alt=\"linreg.jpg\" width=\"241\" height=\"87\" align=\"center\" \/><\/p>\n<p><span style=\"color: red;\"><br \/>\n<em>NB : le code source correspondant est enregistr\u00e9 dans le fichier :<\/em><\/span><\/p>\n<p><span style=\"color: red;\"><em> nomfichier_linreg i.tex.<\/em><br \/>\n<\/span><\/p>\n<p>A noter qu&rsquo;il est possible par exemple de prendre le logarithme n\u00e9p\u00e9rien de la deuxi\u00e8me liste.<\/p>\n<h2>pro-nuage<\/h2>\n<hr \/>\n<p>Cet environnement sert \u00e0 tracer le nuage de points et la droite de r\u00e9gression par la m\u00e9thode des moindres carr\u00e9s.<\/p>\n<p>Dans ce premier exemple, seul le nuage est trac\u00e9 :<\/p>\n<pre class=\"EnlighterJSRAW\" data-enlighter-language=\"latex\">\\begin{pro-nuage}{1}\n[0,5,10,15,20,25,30],    \/\/ liste X\n [15,19,23,28,34,40,39],  \/\/ liste Y\n 0,36,0,50,               \/\/ xmin, xmax,ymin,ymax\n 3,5,                     \/\/ 1cm=ux,1cm=uy,\n 6,10,                    \/\/ ecart_legende_x,ecart_legende_y\n 1,2,                     \/\/ ecart_grille_x,ecart_grille_y\n \/\/ ----------------- debut des options\n [\n [\"titre-gauche\",\"Nuage de points\"]\n ]\n \/\/ ----------------- fin des options\n\\end{pro-nuage}<\/pre>\n<p>On obtient :<\/p>\n<p><img loading=\"lazy\" decoding=\"async\" class=\" aligncenter size-full wp-image-715\" src=\"http:\/\/wordpress.callac.online\/wp-content\/uploads\/2008\/06\/jpg_nuage1.jpg\" alt=\"nuage1.jpg\" width=\"505\" height=\"469\" align=\"center\" srcset=\"https:\/\/wordpress.callac.online\/wp-content\/uploads\/2008\/06\/jpg_nuage1.jpg 505w, https:\/\/wordpress.callac.online\/wp-content\/uploads\/2008\/06\/jpg_nuage1-300x279.jpg 300w\" sizes=\"auto, (max-width: 505px) 100vw, 505px\" \/><\/p>\n<p><span style=\"color: red;\"><br \/>\n<em>NB : le code source correspondant est enregistr\u00e9 dans le fichier : <\/em><\/span><\/p>\n<p><span style=\"color: red;\"><em>nomfichier_nuage i.tex, la valeur i \u00e9tant donn\u00e9e en argument.<\/em><br \/>\n<\/span><\/p>\n<hr \/>\n<p>Dans ce deuxi\u00e8me exemple, on a rajout\u00e9 le point moyen et la droite de r\u00e9gression :<\/p>\n<pre class=\"EnlighterJSRAW\" data-enlighter-language=\"latex\">\\begin{pro-nuage}{2}\n[0,5,10,15,20,25,30],    \/\/ liste X\n[15,19,23,28,34,40,39],  \/\/ liste Y\n0,45,0,55,               \/\/ xmin, xmax,ymin,ymax\n3,5,                     \/\/ 1cm=ux,1cm=uy,\n6,10,                    \/\/ ecart_legende_x,ecart_legende_y\n1,2,                     \/\/ ecart_grille_x,ecart_grille_y\n\/\/ ----------------- debut des options\n[\n[\"titre-gauche\",\"Nuage de points\"],\n[\"point-moyen\",\"$G$\",\"ulft\",\"rouge\",[\"xy\",\"$@overline{x}$\",\"$@overline{y}$\"]],\n[\"droite-regression\",\"rouge\"],\n[\"texte-courbe\",35,\"$({@cal D})$\",\"ulft\",\"rouge\"],\n[\"point-courbe\",40,\"$B$\",\"lrt\",\"noir\",[\"x\"]]\n]\n\/\/ ----------------- fin des options\n\\end{pro-nuage}<\/pre>\n<p>On obtient :<\/p>\n<p><img loading=\"lazy\" decoding=\"async\" class=\" aligncenter size-full wp-image-716\" src=\"http:\/\/wordpress.callac.online\/wp-content\/uploads\/2008\/06\/jpg_nuage4.jpg\" alt=\"nuage4.jpg\" width=\"753\" height=\"624\" align=\"center\" srcset=\"https:\/\/wordpress.callac.online\/wp-content\/uploads\/2008\/06\/jpg_nuage4.jpg 753w, https:\/\/wordpress.callac.online\/wp-content\/uploads\/2008\/06\/jpg_nuage4-300x249.jpg 300w\" sizes=\"auto, (max-width: 753px) 100vw, 753px\" \/><\/p>\n<hr \/>\n<p>Dans ce dernier exemple, on a trac\u00e9 le nuage de points et les \u00e9carts utilis\u00e9s pour une droite (AB) donn\u00e9e :<\/p>\n<pre class=\"EnlighterJSRAW\" data-enlighter-language=\"latex\">\\begin{pro-nuage}{3}\n[0,5,10,15,20,25,30],    \/\/ liste X\n[15,19,23,28,34,40,39],  \/\/ liste Y\n0,36,0,50,               \/\/ xmin, xmax,ymin,ymax\n3,5,                     \/\/ 1cm=ux,1cm=uy,\n6,10,                    \/\/ ecart_legende_x,ecart_legende_y\n1,2,                     \/\/ ecart_grille_x,ecart_grille_y\n\/\/ ----------------- debut des options\n[\n[\"titre-gauche\",\"Carr\u00e9s des \u00e9carts\"],\n[\"carres-ecarts\",[0,17],[30,40],\"vert\"]\n]\n\/\/ ----------------- fin des options\n\\end{pro-nuage}<\/pre>\n<p>On obtient :<\/p>\n<p><img loading=\"lazy\" decoding=\"async\" class=\" aligncenter size-full wp-image-717\" src=\"http:\/\/wordpress.callac.online\/wp-content\/uploads\/2008\/06\/jpg_nuage3.jpg\" alt=\"nuage3.jpg\" width=\"509\" height=\"470\" align=\"center\" srcset=\"https:\/\/wordpress.callac.online\/wp-content\/uploads\/2008\/06\/jpg_nuage3.jpg 509w, https:\/\/wordpress.callac.online\/wp-content\/uploads\/2008\/06\/jpg_nuage3-300x277.jpg 300w\" sizes=\"auto, (max-width: 509px) 100vw, 509px\" \/><\/p>\n","protected":false},"excerpt":{"rendered":"<p>Cet outil a pour but de faciliter la r\u00e9daction de documents sur les statistiques \u00e0 deux variables. Dans le pr\u00e9ambule On rajoute ceci : \\usepackage[xcas]{pro-2vartstat} pro-tabled Cet environnement sert \u00e0&hellip;<\/p>\n","protected":false},"author":1,"featured_media":0,"parent":2247,"menu_order":6,"comment_status":"closed","ping_status":"closed","template":"","meta":{"footnotes":""},"class_list":["post-179","page","type-page","status-publish","hentry"],"yoast_head":"<!-- This site is optimized with the Yoast SEO plugin v27.4 - https:\/\/yoast.com\/product\/yoast-seo-wordpress\/ -->\n<title>Le paquet pro-2varstat - Maths &amp; Num\u00e9rique<\/title>\n<meta name=\"robots\" content=\"index, follow, max-snippet:-1, max-image-preview:large, max-video-preview:-1\" \/>\n<link rel=\"canonical\" href=\"https:\/\/wordpress.callac.online\/index.php\/edition-mathematique\/professor\/les-paquets-de-professor-sty-2\/le-paquet-pro-2varstat\/\" \/>\n<meta property=\"og:locale\" content=\"fr_FR\" \/>\n<meta property=\"og:type\" content=\"article\" \/>\n<meta property=\"og:title\" content=\"Le paquet pro-2varstat - Maths &amp; Num\u00e9rique\" \/>\n<meta property=\"og:description\" content=\"Cet outil a pour but de faciliter la r\u00e9daction de documents sur les statistiques \u00e0 deux variables. Dans le pr\u00e9ambule On rajoute ceci : usepackage[xcas]{pro-2vartstat} pro-tabled Cet environnement sert \u00e0&hellip;\" \/>\n<meta property=\"og:url\" content=\"https:\/\/wordpress.callac.online\/index.php\/edition-mathematique\/professor\/les-paquets-de-professor-sty-2\/le-paquet-pro-2varstat\/\" \/>\n<meta property=\"og:site_name\" content=\"Maths &amp; Num\u00e9rique\" \/>\n<meta property=\"article:modified_time\" content=\"2023-10-14T18:12:23+00:00\" \/>\n<meta property=\"og:image\" content=\"http:\/\/wordpress.callac.online\/wp-content\/uploads\/2008\/06\/jpg_tabled.jpg\" \/>\n<meta name=\"twitter:card\" content=\"summary_large_image\" \/>\n<meta name=\"twitter:label1\" content=\"Dur\u00e9e de lecture estim\u00e9e\" \/>\n\t<meta name=\"twitter:data1\" content=\"2 minutes\" \/>\n<script type=\"application\/ld+json\" class=\"yoast-schema-graph\">{\"@context\":\"https:\\\/\\\/schema.org\",\"@graph\":[{\"@type\":\"WebPage\",\"@id\":\"https:\\\/\\\/wordpress.callac.online\\\/index.php\\\/edition-mathematique\\\/professor\\\/les-paquets-de-professor-sty-2\\\/le-paquet-pro-2varstat\\\/\",\"url\":\"https:\\\/\\\/wordpress.callac.online\\\/index.php\\\/edition-mathematique\\\/professor\\\/les-paquets-de-professor-sty-2\\\/le-paquet-pro-2varstat\\\/\",\"name\":\"Le paquet pro-2varstat - Maths &amp; Num\u00e9rique\",\"isPartOf\":{\"@id\":\"https:\\\/\\\/wordpress.callac.online\\\/#website\"},\"primaryImageOfPage\":{\"@id\":\"https:\\\/\\\/wordpress.callac.online\\\/index.php\\\/edition-mathematique\\\/professor\\\/les-paquets-de-professor-sty-2\\\/le-paquet-pro-2varstat\\\/#primaryimage\"},\"image\":{\"@id\":\"https:\\\/\\\/wordpress.callac.online\\\/index.php\\\/edition-mathematique\\\/professor\\\/les-paquets-de-professor-sty-2\\\/le-paquet-pro-2varstat\\\/#primaryimage\"},\"thumbnailUrl\":\"http:\\\/\\\/wordpress.callac.online\\\/wp-content\\\/uploads\\\/2008\\\/06\\\/jpg_tabled.jpg\",\"datePublished\":\"2008-06-29T22:27:26+00:00\",\"dateModified\":\"2023-10-14T18:12:23+00:00\",\"breadcrumb\":{\"@id\":\"https:\\\/\\\/wordpress.callac.online\\\/index.php\\\/edition-mathematique\\\/professor\\\/les-paquets-de-professor-sty-2\\\/le-paquet-pro-2varstat\\\/#breadcrumb\"},\"inLanguage\":\"fr-FR\",\"potentialAction\":[{\"@type\":\"ReadAction\",\"target\":[\"https:\\\/\\\/wordpress.callac.online\\\/index.php\\\/edition-mathematique\\\/professor\\\/les-paquets-de-professor-sty-2\\\/le-paquet-pro-2varstat\\\/\"]}]},{\"@type\":\"ImageObject\",\"inLanguage\":\"fr-FR\",\"@id\":\"https:\\\/\\\/wordpress.callac.online\\\/index.php\\\/edition-mathematique\\\/professor\\\/les-paquets-de-professor-sty-2\\\/le-paquet-pro-2varstat\\\/#primaryimage\",\"url\":\"https:\\\/\\\/wordpress.callac.online\\\/wp-content\\\/uploads\\\/2008\\\/06\\\/jpg_tabled.jpg\",\"contentUrl\":\"https:\\\/\\\/wordpress.callac.online\\\/wp-content\\\/uploads\\\/2008\\\/06\\\/jpg_tabled.jpg\",\"width\":294,\"height\":57,\"caption\":\"tabled.jpg\"},{\"@type\":\"BreadcrumbList\",\"@id\":\"https:\\\/\\\/wordpress.callac.online\\\/index.php\\\/edition-mathematique\\\/professor\\\/les-paquets-de-professor-sty-2\\\/le-paquet-pro-2varstat\\\/#breadcrumb\",\"itemListElement\":[{\"@type\":\"ListItem\",\"position\":1,\"name\":\"Accueil\",\"item\":\"https:\\\/\\\/wordpress.callac.online\\\/\"},{\"@type\":\"ListItem\",\"position\":2,\"name\":\"\u00c9dition math\u00e9matique\",\"item\":\"https:\\\/\\\/wordpress.callac.online\\\/index.php\\\/edition-mathematique\\\/\"},{\"@type\":\"ListItem\",\"position\":3,\"name\":\"Professor\",\"item\":\"https:\\\/\\\/wordpress.callac.online\\\/index.php\\\/edition-mathematique\\\/professor\\\/\"},{\"@type\":\"ListItem\",\"position\":4,\"name\":\"Les paquets de Professor.sty\",\"item\":\"https:\\\/\\\/wordpress.callac.online\\\/index.php\\\/edition-mathematique\\\/professor\\\/les-paquets-de-professor-sty-2\\\/\"},{\"@type\":\"ListItem\",\"position\":5,\"name\":\"Le paquet pro-2varstat\"}]},{\"@type\":\"WebSite\",\"@id\":\"https:\\\/\\\/wordpress.callac.online\\\/#website\",\"url\":\"https:\\\/\\\/wordpress.callac.online\\\/\",\"name\":\"Maths & Num\u00e9rique\",\"description\":\"Des outils pour les enseignants de math\u00e9matiques et de num\u00e9rique\",\"publisher\":{\"@id\":\"https:\\\/\\\/wordpress.callac.online\\\/#\\\/schema\\\/person\\\/04061f1ca2c2c42039142a704be95940\"},\"potentialAction\":[{\"@type\":\"SearchAction\",\"target\":{\"@type\":\"EntryPoint\",\"urlTemplate\":\"https:\\\/\\\/wordpress.callac.online\\\/?s={search_term_string}\"},\"query-input\":{\"@type\":\"PropertyValueSpecification\",\"valueRequired\":true,\"valueName\":\"search_term_string\"}}],\"inLanguage\":\"fr-FR\"},{\"@type\":[\"Person\",\"Organization\"],\"@id\":\"https:\\\/\\\/wordpress.callac.online\\\/#\\\/schema\\\/person\\\/04061f1ca2c2c42039142a704be95940\",\"name\":\"dlefur\",\"image\":{\"@type\":\"ImageObject\",\"inLanguage\":\"fr-FR\",\"@id\":\"https:\\\/\\\/secure.gravatar.com\\\/avatar\\\/4a9e17be136808c6597f28aa2b6c13126dab066fdc2198ff60090972c9b7fafc?s=96&d=mm&r=g\",\"url\":\"https:\\\/\\\/secure.gravatar.com\\\/avatar\\\/4a9e17be136808c6597f28aa2b6c13126dab066fdc2198ff60090972c9b7fafc?s=96&d=mm&r=g\",\"contentUrl\":\"https:\\\/\\\/secure.gravatar.com\\\/avatar\\\/4a9e17be136808c6597f28aa2b6c13126dab066fdc2198ff60090972c9b7fafc?s=96&d=mm&r=g\",\"caption\":\"dlefur\"},\"logo\":{\"@id\":\"https:\\\/\\\/secure.gravatar.com\\\/avatar\\\/4a9e17be136808c6597f28aa2b6c13126dab066fdc2198ff60090972c9b7fafc?s=96&d=mm&r=g\"},\"description\":\"Enseignant de math\u00e9matiques Lyc\u00e9e Pasteur S\u00e3o Paulo\",\"sameAs\":[\"http:\\\/\\\/wordpress.callac.online\"]}]}<\/script>\n<!-- \/ Yoast SEO plugin. -->","yoast_head_json":{"title":"Le paquet pro-2varstat - Maths &amp; Num\u00e9rique","robots":{"index":"index","follow":"follow","max-snippet":"max-snippet:-1","max-image-preview":"max-image-preview:large","max-video-preview":"max-video-preview:-1"},"canonical":"https:\/\/wordpress.callac.online\/index.php\/edition-mathematique\/professor\/les-paquets-de-professor-sty-2\/le-paquet-pro-2varstat\/","og_locale":"fr_FR","og_type":"article","og_title":"Le paquet pro-2varstat - Maths &amp; Num\u00e9rique","og_description":"Cet outil a pour but de faciliter la r\u00e9daction de documents sur les statistiques \u00e0 deux variables. Dans le pr\u00e9ambule On rajoute ceci : usepackage[xcas]{pro-2vartstat} pro-tabled Cet environnement sert \u00e0&hellip;","og_url":"https:\/\/wordpress.callac.online\/index.php\/edition-mathematique\/professor\/les-paquets-de-professor-sty-2\/le-paquet-pro-2varstat\/","og_site_name":"Maths &amp; Num\u00e9rique","article_modified_time":"2023-10-14T18:12:23+00:00","og_image":[{"url":"http:\/\/wordpress.callac.online\/wp-content\/uploads\/2008\/06\/jpg_tabled.jpg","type":"","width":"","height":""}],"twitter_card":"summary_large_image","twitter_misc":{"Dur\u00e9e de lecture estim\u00e9e":"2 minutes"},"schema":{"@context":"https:\/\/schema.org","@graph":[{"@type":"WebPage","@id":"https:\/\/wordpress.callac.online\/index.php\/edition-mathematique\/professor\/les-paquets-de-professor-sty-2\/le-paquet-pro-2varstat\/","url":"https:\/\/wordpress.callac.online\/index.php\/edition-mathematique\/professor\/les-paquets-de-professor-sty-2\/le-paquet-pro-2varstat\/","name":"Le paquet pro-2varstat - Maths &amp; Num\u00e9rique","isPartOf":{"@id":"https:\/\/wordpress.callac.online\/#website"},"primaryImageOfPage":{"@id":"https:\/\/wordpress.callac.online\/index.php\/edition-mathematique\/professor\/les-paquets-de-professor-sty-2\/le-paquet-pro-2varstat\/#primaryimage"},"image":{"@id":"https:\/\/wordpress.callac.online\/index.php\/edition-mathematique\/professor\/les-paquets-de-professor-sty-2\/le-paquet-pro-2varstat\/#primaryimage"},"thumbnailUrl":"http:\/\/wordpress.callac.online\/wp-content\/uploads\/2008\/06\/jpg_tabled.jpg","datePublished":"2008-06-29T22:27:26+00:00","dateModified":"2023-10-14T18:12:23+00:00","breadcrumb":{"@id":"https:\/\/wordpress.callac.online\/index.php\/edition-mathematique\/professor\/les-paquets-de-professor-sty-2\/le-paquet-pro-2varstat\/#breadcrumb"},"inLanguage":"fr-FR","potentialAction":[{"@type":"ReadAction","target":["https:\/\/wordpress.callac.online\/index.php\/edition-mathematique\/professor\/les-paquets-de-professor-sty-2\/le-paquet-pro-2varstat\/"]}]},{"@type":"ImageObject","inLanguage":"fr-FR","@id":"https:\/\/wordpress.callac.online\/index.php\/edition-mathematique\/professor\/les-paquets-de-professor-sty-2\/le-paquet-pro-2varstat\/#primaryimage","url":"https:\/\/wordpress.callac.online\/wp-content\/uploads\/2008\/06\/jpg_tabled.jpg","contentUrl":"https:\/\/wordpress.callac.online\/wp-content\/uploads\/2008\/06\/jpg_tabled.jpg","width":294,"height":57,"caption":"tabled.jpg"},{"@type":"BreadcrumbList","@id":"https:\/\/wordpress.callac.online\/index.php\/edition-mathematique\/professor\/les-paquets-de-professor-sty-2\/le-paquet-pro-2varstat\/#breadcrumb","itemListElement":[{"@type":"ListItem","position":1,"name":"Accueil","item":"https:\/\/wordpress.callac.online\/"},{"@type":"ListItem","position":2,"name":"\u00c9dition math\u00e9matique","item":"https:\/\/wordpress.callac.online\/index.php\/edition-mathematique\/"},{"@type":"ListItem","position":3,"name":"Professor","item":"https:\/\/wordpress.callac.online\/index.php\/edition-mathematique\/professor\/"},{"@type":"ListItem","position":4,"name":"Les paquets de Professor.sty","item":"https:\/\/wordpress.callac.online\/index.php\/edition-mathematique\/professor\/les-paquets-de-professor-sty-2\/"},{"@type":"ListItem","position":5,"name":"Le paquet pro-2varstat"}]},{"@type":"WebSite","@id":"https:\/\/wordpress.callac.online\/#website","url":"https:\/\/wordpress.callac.online\/","name":"Maths & Num\u00e9rique","description":"Des outils pour les enseignants de math\u00e9matiques et de num\u00e9rique","publisher":{"@id":"https:\/\/wordpress.callac.online\/#\/schema\/person\/04061f1ca2c2c42039142a704be95940"},"potentialAction":[{"@type":"SearchAction","target":{"@type":"EntryPoint","urlTemplate":"https:\/\/wordpress.callac.online\/?s={search_term_string}"},"query-input":{"@type":"PropertyValueSpecification","valueRequired":true,"valueName":"search_term_string"}}],"inLanguage":"fr-FR"},{"@type":["Person","Organization"],"@id":"https:\/\/wordpress.callac.online\/#\/schema\/person\/04061f1ca2c2c42039142a704be95940","name":"dlefur","image":{"@type":"ImageObject","inLanguage":"fr-FR","@id":"https:\/\/secure.gravatar.com\/avatar\/4a9e17be136808c6597f28aa2b6c13126dab066fdc2198ff60090972c9b7fafc?s=96&d=mm&r=g","url":"https:\/\/secure.gravatar.com\/avatar\/4a9e17be136808c6597f28aa2b6c13126dab066fdc2198ff60090972c9b7fafc?s=96&d=mm&r=g","contentUrl":"https:\/\/secure.gravatar.com\/avatar\/4a9e17be136808c6597f28aa2b6c13126dab066fdc2198ff60090972c9b7fafc?s=96&d=mm&r=g","caption":"dlefur"},"logo":{"@id":"https:\/\/secure.gravatar.com\/avatar\/4a9e17be136808c6597f28aa2b6c13126dab066fdc2198ff60090972c9b7fafc?s=96&d=mm&r=g"},"description":"Enseignant de math\u00e9matiques Lyc\u00e9e Pasteur S\u00e3o Paulo","sameAs":["http:\/\/wordpress.callac.online"]}]}},"_links":{"self":[{"href":"https:\/\/wordpress.callac.online\/index.php\/wp-json\/wp\/v2\/pages\/179","targetHints":{"allow":["GET"]}}],"collection":[{"href":"https:\/\/wordpress.callac.online\/index.php\/wp-json\/wp\/v2\/pages"}],"about":[{"href":"https:\/\/wordpress.callac.online\/index.php\/wp-json\/wp\/v2\/types\/page"}],"author":[{"embeddable":true,"href":"https:\/\/wordpress.callac.online\/index.php\/wp-json\/wp\/v2\/users\/1"}],"replies":[{"embeddable":true,"href":"https:\/\/wordpress.callac.online\/index.php\/wp-json\/wp\/v2\/comments?post=179"}],"version-history":[{"count":7,"href":"https:\/\/wordpress.callac.online\/index.php\/wp-json\/wp\/v2\/pages\/179\/revisions"}],"predecessor-version":[{"id":2327,"href":"https:\/\/wordpress.callac.online\/index.php\/wp-json\/wp\/v2\/pages\/179\/revisions\/2327"}],"up":[{"embeddable":true,"href":"https:\/\/wordpress.callac.online\/index.php\/wp-json\/wp\/v2\/pages\/2247"}],"wp:attachment":[{"href":"https:\/\/wordpress.callac.online\/index.php\/wp-json\/wp\/v2\/media?parent=179"}],"curies":[{"name":"wp","href":"https:\/\/api.w.org\/{rel}","templated":true}]}}