{"id":180,"date":"2008-06-30T22:03:09","date_gmt":"2008-06-30T20:03:09","guid":{"rendered":"http:\/\/wordpress.callac.online\/index.php\/le-paquet-pro-1varstat\/"},"modified":"2023-10-14T20:12:22","modified_gmt":"2023-10-14T18:12:22","slug":"le-paquet-pro-1varstat","status":"publish","type":"page","link":"https:\/\/wordpress.callac.online\/index.php\/edition-mathematique\/professor\/les-paquets-de-professor-sty-2\/le-paquet-pro-1varstat\/","title":{"rendered":"Le paquet pro-1varstat"},"content":{"rendered":"<p>Cet outil a pour but de faciliter la r\u00e9daction de documents sur <strong>les statistiques \u00e0 une variable avec effectifs<\/strong>.<\/p>\n<h2>Dans le pr\u00e9ambule<\/h2>\n<hr \/>\n<p>On rajoute ceci :<\/p>\n<p><code>\\usepackage[xcas]{pro-1varstat}<\/code><\/p>\n<h2>pro-tableu<\/h2>\n<hr \/>\n<p>Cet environnement sert \u00e0 produire le tableau latex correspondant.<\/p>\n<pre class=\"EnlighterJSRAW\" data-enlighter-language=\"latex\">\\begin{pro-tableu}{1}\n[0,5,10,15,20,25,30],    \/\/ liste X\n[17,21,25,30,36,42,40]  \/\/ Effectifs E\n\\end{pro-tableu}<\/pre>\n<p>On obtient :<\/p>\n<p><img loading=\"lazy\" decoding=\"async\" class=\" aligncenter size-full wp-image-718\" src=\"http:\/\/wordpress.callac.online\/wp-content\/uploads\/2008\/06\/jpg_tableu.jpg\" alt=\"tableu.jpg\" width=\"339\" height=\"54\" align=\"center\" srcset=\"https:\/\/wordpress.callac.online\/wp-content\/uploads\/2008\/06\/jpg_tableu.jpg 339w, https:\/\/wordpress.callac.online\/wp-content\/uploads\/2008\/06\/jpg_tableu-300x48.jpg 300w\" sizes=\"auto, (max-width: 339px) 100vw, 339px\" \/><\/p>\n<p><span style=\"color: red;\"><br \/>\n<em>NB : le code source correspondant est enregistr\u00e9 dans le fichier : <\/em><\/span><\/p>\n<p><span style=\"color: red;\"><em>nomfichier_tableu i.tex, la valeur i \u00e9tant donn\u00e9e en argument.<\/em><br \/>\n<\/span><\/p>\n<h2>pro-1varstat<\/h2>\n<hr \/>\n<p>Cet environnement permet de calculer l&rsquo;ensemble des param\u00e8tres de la s\u00e9rie.<\/p>\n<pre class=\"EnlighterJSRAW\" data-enlighter-language=\"latex\">\\begin{pro-1varstat}{1}\n[0,5,10,15,20,25,30],     \/\/ liste X\n[17,21,25,30,36,42,40]  \/\/ Effectifs E\n\\end{pro-1varstat}<\/pre>\n<p>On obtient :<\/p>\n<p><img loading=\"lazy\" decoding=\"async\" class=\" aligncenter size-full wp-image-719\" src=\"http:\/\/wordpress.callac.online\/wp-content\/uploads\/2008\/06\/jpg_1var.jpg\" alt=\"1var.jpg\" width=\"316\" height=\"293\" align=\"center\" srcset=\"https:\/\/wordpress.callac.online\/wp-content\/uploads\/2008\/06\/jpg_1var.jpg 316w, https:\/\/wordpress.callac.online\/wp-content\/uploads\/2008\/06\/jpg_1var-300x278.jpg 300w\" sizes=\"auto, (max-width: 316px) 100vw, 316px\" \/><\/p>\n<p><span style=\"color: red;\"><br \/>\n<em>NB : le code source correspondant est enregistr\u00e9 dans le fichier : <\/em><\/span><\/p>\n<p><span style=\"color: red;\"><em>nomfichier_1varstat i.tex, la valeur i \u00e9tant donn\u00e9e en argument.<\/em><br \/>\n<\/span><\/p>\n<h2>pro-moustache<\/h2>\n<hr \/>\n<p>Cet environnement permet de construire le diagramme en bo\u00eetes de la s\u00e9rie.<\/p>\n<pre class=\"EnlighterJSRAW\" data-enlighter-language=\"latex\">\\begin{pro-moustache}{1}\n[0,5,10,15,20,25,30],    \/\/ liste X\n[17,21,25,30,36,42,40],  \/\/ Effectifs E \n0,30,                    \/\/ xmin, xmax\n2,                       \/\/ 1cm=ux\n5,                       \/\/ ecart_legende_x\n1,                       \/\/ ecart_grille_x\n\/\/ ----------------- debut des options\n[\n[\"titre-gauche\",\"Diagramme en boite\"]\n]\n\/\/ ----------------- fin des options\n\\end{pro-moustache}<\/pre>\n<p>On obtient :<\/p>\n<p><img loading=\"lazy\" decoding=\"async\" class=\" aligncenter size-full wp-image-720\" src=\"http:\/\/wordpress.callac.online\/wp-content\/uploads\/2008\/06\/jpg_moustache.jpg\" alt=\"moustache.jpg\" width=\"903\" height=\"370\" align=\"center\" srcset=\"https:\/\/wordpress.callac.online\/wp-content\/uploads\/2008\/06\/jpg_moustache.jpg 903w, https:\/\/wordpress.callac.online\/wp-content\/uploads\/2008\/06\/jpg_moustache-300x123.jpg 300w, https:\/\/wordpress.callac.online\/wp-content\/uploads\/2008\/06\/jpg_moustache-768x315.jpg 768w\" sizes=\"auto, (max-width: 903px) 100vw, 903px\" \/><\/p>\n<p><span style=\"color: red;\"><br \/>\n<em>NB : le code source correspondant est enregistr\u00e9 dans le fichier : <\/em><\/span><\/p>\n<p><span style=\"color: red;\"><em>nomfichier_moustache i.tex, la valeur i \u00e9tant donn\u00e9e en argument.<\/em><br \/>\n<\/span><\/p>\n<p>Pour dessiner en vert (par exemple) le rectangle, on rajoutera l&rsquo;option suivante :<\/p>\n<p><code>[\"couleur-dessin\",\"vert\"]<\/code><\/p>\n<h2>pro-batons<\/h2>\n<hr \/>\n<p>Cet environnement permet de construire le diagramme en b\u00e2tons de la s\u00e9rie.<\/p>\n<pre class=\"EnlighterJSRAW\" data-enlighter-language=\"latex\">\\begin{pro-batons}{1}\n[0,5,10,15,20,25,30,35,40],    \/\/ liste X\n[17,21,25,30,36,42,40,34,25],  \/\/ liste Y\n-10,50,10,50,              \/\/ xmin, xmax,ymin,ymax\n4,5,                     \/\/ 1cm=ux,1cm=uy,\n10,                      \/\/ ecart_legende_y\n2,                       \/\/ ecart_grille_y\n\/\/ ----------------- debut des options\n[\n[\"titre-gauche\",\"Diagramme en batons\"]\n]\n\/\/ ----------------- fin des options\n\\end{pro-batons}<\/pre>\n<p>On obtient :<\/p>\n<p><img loading=\"lazy\" decoding=\"async\" class=\" aligncenter size-full wp-image-721\" src=\"http:\/\/wordpress.callac.online\/wp-content\/uploads\/2008\/06\/jpg_batons.jpg\" alt=\"batons.jpg\" width=\"905\" height=\"573\" align=\"center\" srcset=\"https:\/\/wordpress.callac.online\/wp-content\/uploads\/2008\/06\/jpg_batons.jpg 905w, https:\/\/wordpress.callac.online\/wp-content\/uploads\/2008\/06\/jpg_batons-300x190.jpg 300w, https:\/\/wordpress.callac.online\/wp-content\/uploads\/2008\/06\/jpg_batons-768x486.jpg 768w\" sizes=\"auto, (max-width: 905px) 100vw, 905px\" \/><\/p>\n<p><span style=\"color: red;\"><br \/>\n<em>NB : le code source correspondant est enregistr\u00e9 dans le fichier : <\/em><\/span><\/p>\n<p><span style=\"color: red;\"><em>nomfichier_batons i.tex, la valeur i \u00e9tant donn\u00e9e en argument.<\/em><br \/>\n<\/span><\/p>\n<p>Pour dessiner en vert (par exemple) les rectangles, on rajoutera l&rsquo;option suivante :<\/p>\n<p><code>[\"couleur-dessin\",\"vert\"]<\/code><\/p>\n<h2>Diagramme en b\u00e2tons et \u00e9carts-types<\/h2>\n<hr \/>\n<p>Sur ce diagramme en b\u00e2tons de la s\u00e9rie, on visualise les valeurs situ\u00e9es \u00e0 moins de deux \u00e9carts-types de la moyenne.<\/p>\n<pre class=\"EnlighterJSRAW\" data-enlighter-language=\"latex\">\\begin{pro-batons}{2}\n[0,5,10,15,20,25,30,35,40],    \/\/ liste X\n[17,21,25,30,36,42,40,34,25],  \/\/ liste Y\n-10,50,10,50,              \/\/ xmin, xmax,ymin,ymax\n4,5,                     \/\/ 1cm=ux,1cm=uy,\n10,                      \/\/ ecart_legende_y\n2,                       \/\/ ecart_grille_y\n\/\/ ----------------- debut des options\n[\n[\"ecart-type\",2],\n[\"titre-gauche\",\"Diagramme en batons avec ecarts-types\"]\n]\n\/\/ ----------------- fin des options\n\\end{pro-batons}<\/pre>\n<p>On obtient :<\/p>\n<p><img loading=\"lazy\" decoding=\"async\" class=\" aligncenter size-full wp-image-722\" src=\"http:\/\/wordpress.callac.online\/wp-content\/uploads\/2008\/06\/jpg_batonse.jpg\" alt=\"batonse.jpg\" width=\"910\" height=\"609\" align=\"center\" srcset=\"https:\/\/wordpress.callac.online\/wp-content\/uploads\/2008\/06\/jpg_batonse.jpg 910w, https:\/\/wordpress.callac.online\/wp-content\/uploads\/2008\/06\/jpg_batonse-300x201.jpg 300w, https:\/\/wordpress.callac.online\/wp-content\/uploads\/2008\/06\/jpg_batonse-768x514.jpg 768w\" sizes=\"auto, (max-width: 910px) 100vw, 910px\" \/><\/p>\n<h2>pro-lissage<\/h2>\n<hr \/>\n<p>Cet environnement sert \u00e0 tracer le nuage de points et \u00e0 effectuer des lissages par moyennes mobiles.<\/p>\n<pre class=\"EnlighterJSRAW\" data-enlighter-language=\"latex\">\\begin{pro-lissage}{1}\n[1,2,3,4,5,6,7,8,9,10,11,12,13,14,15,16,17,18,\n19,20,21,22,23,24,25,26,27,28,29,30,31,32,33,34,35,36], \/\/liste X\n[18.8,18.91,18.9,19.4,19.22,19.06,19.33,19.03,19.41,19.67,19.69,19.57,19.2,19.49,19.7,19.8,20.37,20.33,\n20.32,20.46,20.33,20.34,20.4,20.0,20.4,20.4,20.5,20.2,20.21,20.61,20.61,21.25,21.63,21.42,21,20.9], \/\/ liste Y\n0,36,18,22, \/\/ xmin, xmax,ymin,ymax\n3,0.5, \/\/ 1cm=ux,1cm=uy,\n3,1, \/\/ ecart_legende_x,ecart_legende_y\n3,1, \/\/ ecart_grille_x,ecart_grille_y\n\/\/ ----------------- debut des options\n[\n[\"titre-gauche\",\"Lissage par moyennes mobiles centr@'ees\"],\n[\"mmc\",7,\"rouge\"],\n[\"texte-libre\",[0,21.5],\"ordre 7\",\"rt\",\"rouge\"],\n[\"mmc\",10,\"orange\"],\n[\"texte-libre\",[0,21],\"ordre 10\",\"rt\",\"orange\"]\n]\n\/\/ ----------------- fin des options\n\\end{pro-lissage}<\/pre>\n<p>On obtient :<\/p>\n<p><img loading=\"lazy\" decoding=\"async\" class=\" aligncenter size-full wp-image-723\" src=\"http:\/\/wordpress.callac.online\/wp-content\/uploads\/2008\/06\/jpg_lissage.jpg\" alt=\"lissage.jpg\" width=\"784\" height=\"588\" align=\"center\" srcset=\"https:\/\/wordpress.callac.online\/wp-content\/uploads\/2008\/06\/jpg_lissage.jpg 784w, https:\/\/wordpress.callac.online\/wp-content\/uploads\/2008\/06\/jpg_lissage-300x225.jpg 300w, https:\/\/wordpress.callac.online\/wp-content\/uploads\/2008\/06\/jpg_lissage-768x576.jpg 768w\" sizes=\"auto, (max-width: 784px) 100vw, 784px\" \/><\/p>\n<p><span style=\"color: red;\"><br \/>\n<em>NB : le code source correspondant est enregistr\u00e9 dans le fichier : <\/em><\/span><\/p>\n<p><span style=\"color: red;\"><em>nomfichier_lissage i.tex, la valeur i \u00e9tant donn\u00e9e en argument.<\/em><br \/>\n<\/span><\/p>\n<h2>Remarque sur pro-lissage<\/h2>\n<hr \/>\n<p>Cet environnement sert aussi \u00e0 tracer le polygone correspondant \u00e0 une s\u00e9rie chronologique en fixant la variable mmc \u00e0 1<\/p>\n<pre class=\"EnlighterJSRAW\" data-enlighter-language=\"latex\">\\begin{pro-lissage}{2}\n[1955,1963,1970,1979,1988,1993,1995,1997,2000], \/\/ liste X\n[2308,1918,1587,1264,1017,801,735,680,664], \/\/ liste Y\n1950,2000,600,2400, \/\/ xmin, xmax,ymin,ymax\n4,200, \/\/ 1cm=ux,1cm=uy,\n5,100, \/\/ ecart_legende_x,ecart_legende_y\n1,100, \/\/ ecart_grille_x,ecart_grille_y\n\/\/ ----------------- debut des options\n[\n[\"mmc\",1,\"rouge\"]\n]\n\/\/ ----------------- fin des options\n\\end{pro-lissage}<\/pre>\n<p>On obtient :<\/p>\n<p><img loading=\"lazy\" decoding=\"async\" class=\" aligncenter size-full wp-image-724\" src=\"http:\/\/wordpress.callac.online\/wp-content\/uploads\/2008\/06\/jpg_lissage2-2.jpg\" alt=\"lissage2-2.jpg\" width=\"639\" height=\"464\" align=\"center\" srcset=\"https:\/\/wordpress.callac.online\/wp-content\/uploads\/2008\/06\/jpg_lissage2-2.jpg 639w, https:\/\/wordpress.callac.online\/wp-content\/uploads\/2008\/06\/jpg_lissage2-2-300x218.jpg 300w\" sizes=\"auto, (max-width: 639px) 100vw, 639px\" \/><\/p>\n<h2>pro-cumul<\/h2>\n<hr \/>\n<p>Cet environnement sert \u00e0 tracer le polygone des fr\u00e9quences cumul\u00e9es croissantes et de mani\u00e8re optionnelle \u00e0 faire figurer les quartiles et la m\u00e9diane.<\/p>\n<pre class=\"EnlighterJSRAW\" data-enlighter-language=\"latex\">\\begin{pro-cumul}{1}\n[150,160,170,175,180,200], \/\/ liste des bornes des classes\n[100,400,250,300,200], \/\/ liste effectifs des classes\n13,9, \/\/ largeur et hauteur de la figure en cm\n150,205,  \/\/ xmin,xmax\n5,10, \/\/ ecart_legende_x,ecart_legende_y\n5,10,  \/\/ ecart_grille_x,ecart_grille_y\n2,  \/\/ nb de chiffres apr\u00e8s la virgule dans l'affichage des quartiles\n[[\"quartiles\",1,1,1]] \/\/ on rentre 1 ou 0 pour voir Q1,Me,Q3\n\\end{pro-cumul}<\/pre>\n<p>On obtient :<\/p>\n<p><img loading=\"lazy\" decoding=\"async\" class=\" aligncenter size-full wp-image-725\" src=\"http:\/\/wordpress.callac.online\/wp-content\/uploads\/2008\/06\/jpg_cumul.jpg\" alt=\"cumul.jpg\" width=\"837\" height=\"642\" align=\"center\" srcset=\"https:\/\/wordpress.callac.online\/wp-content\/uploads\/2008\/06\/jpg_cumul.jpg 837w, https:\/\/wordpress.callac.online\/wp-content\/uploads\/2008\/06\/jpg_cumul-300x230.jpg 300w, https:\/\/wordpress.callac.online\/wp-content\/uploads\/2008\/06\/jpg_cumul-768x589.jpg 768w\" sizes=\"auto, (max-width: 837px) 100vw, 837px\" \/><\/p>\n<p><span style=\"color: red;\"><br \/>\n<em>NB : le code source correspondant est enregistr\u00e9 dans le fichier : <\/em><\/span><\/p>\n<p><span style=\"color: red;\"><em>nomfichier_cumul i.tex, la valeur i \u00e9tant donn\u00e9e en argument.<\/em><br \/>\n<\/span><\/p>\n","protected":false},"excerpt":{"rendered":"<p>Cet outil a pour but de faciliter la r\u00e9daction de documents sur les statistiques \u00e0 une variable avec effectifs. Dans le pr\u00e9ambule On rajoute ceci : \\usepackage[xcas]{pro-1varstat} pro-tableu Cet environnement&hellip;<\/p>\n","protected":false},"author":1,"featured_media":0,"parent":2247,"menu_order":5,"comment_status":"closed","ping_status":"closed","template":"","meta":{"footnotes":""},"class_list":["post-180","page","type-page","status-publish","hentry"],"yoast_head":"<!-- This site is optimized with the Yoast SEO plugin v27.1.1 - https:\/\/yoast.com\/product\/yoast-seo-wordpress\/ -->\n<title>Le paquet pro-1varstat - Maths &amp; Num\u00e9rique<\/title>\n<meta name=\"robots\" content=\"index, follow, max-snippet:-1, max-image-preview:large, max-video-preview:-1\" \/>\n<link rel=\"canonical\" href=\"https:\/\/wordpress.callac.online\/index.php\/edition-mathematique\/professor\/les-paquets-de-professor-sty-2\/le-paquet-pro-1varstat\/\" \/>\n<meta property=\"og:locale\" content=\"fr_FR\" \/>\n<meta property=\"og:type\" content=\"article\" \/>\n<meta property=\"og:title\" content=\"Le paquet pro-1varstat - Maths &amp; Num\u00e9rique\" \/>\n<meta property=\"og:description\" content=\"Cet outil a pour but de faciliter la r\u00e9daction de documents sur les statistiques \u00e0 une variable avec effectifs. Dans le pr\u00e9ambule On rajoute ceci : usepackage[xcas]{pro-1varstat} pro-tableu Cet environnement&hellip;\" \/>\n<meta property=\"og:url\" content=\"https:\/\/wordpress.callac.online\/index.php\/edition-mathematique\/professor\/les-paquets-de-professor-sty-2\/le-paquet-pro-1varstat\/\" \/>\n<meta property=\"og:site_name\" content=\"Maths &amp; Num\u00e9rique\" \/>\n<meta property=\"article:modified_time\" content=\"2023-10-14T18:12:22+00:00\" \/>\n<meta property=\"og:image\" content=\"http:\/\/wordpress.callac.online\/wp-content\/uploads\/2008\/06\/jpg_tableu.jpg\" \/>\n<meta name=\"twitter:card\" content=\"summary_large_image\" \/>\n<meta name=\"twitter:label1\" content=\"Dur\u00e9e de lecture estim\u00e9e\" \/>\n\t<meta name=\"twitter:data1\" content=\"3 minutes\" \/>\n<script type=\"application\/ld+json\" class=\"yoast-schema-graph\">{\"@context\":\"https:\/\/schema.org\",\"@graph\":[{\"@type\":\"WebPage\",\"@id\":\"https:\/\/wordpress.callac.online\/index.php\/edition-mathematique\/professor\/les-paquets-de-professor-sty-2\/le-paquet-pro-1varstat\/\",\"url\":\"https:\/\/wordpress.callac.online\/index.php\/edition-mathematique\/professor\/les-paquets-de-professor-sty-2\/le-paquet-pro-1varstat\/\",\"name\":\"Le paquet pro-1varstat - Maths &amp; Num\u00e9rique\",\"isPartOf\":{\"@id\":\"https:\/\/wordpress.callac.online\/#website\"},\"primaryImageOfPage\":{\"@id\":\"https:\/\/wordpress.callac.online\/index.php\/edition-mathematique\/professor\/les-paquets-de-professor-sty-2\/le-paquet-pro-1varstat\/#primaryimage\"},\"image\":{\"@id\":\"https:\/\/wordpress.callac.online\/index.php\/edition-mathematique\/professor\/les-paquets-de-professor-sty-2\/le-paquet-pro-1varstat\/#primaryimage\"},\"thumbnailUrl\":\"http:\/\/wordpress.callac.online\/wp-content\/uploads\/2008\/06\/jpg_tableu.jpg\",\"datePublished\":\"2008-06-30T20:03:09+00:00\",\"dateModified\":\"2023-10-14T18:12:22+00:00\",\"breadcrumb\":{\"@id\":\"https:\/\/wordpress.callac.online\/index.php\/edition-mathematique\/professor\/les-paquets-de-professor-sty-2\/le-paquet-pro-1varstat\/#breadcrumb\"},\"inLanguage\":\"fr-FR\",\"potentialAction\":[{\"@type\":\"ReadAction\",\"target\":[\"https:\/\/wordpress.callac.online\/index.php\/edition-mathematique\/professor\/les-paquets-de-professor-sty-2\/le-paquet-pro-1varstat\/\"]}]},{\"@type\":\"ImageObject\",\"inLanguage\":\"fr-FR\",\"@id\":\"https:\/\/wordpress.callac.online\/index.php\/edition-mathematique\/professor\/les-paquets-de-professor-sty-2\/le-paquet-pro-1varstat\/#primaryimage\",\"url\":\"https:\/\/wordpress.callac.online\/wp-content\/uploads\/2008\/06\/jpg_tableu.jpg\",\"contentUrl\":\"https:\/\/wordpress.callac.online\/wp-content\/uploads\/2008\/06\/jpg_tableu.jpg\",\"width\":339,\"height\":54,\"caption\":\"tableu.jpg\"},{\"@type\":\"BreadcrumbList\",\"@id\":\"https:\/\/wordpress.callac.online\/index.php\/edition-mathematique\/professor\/les-paquets-de-professor-sty-2\/le-paquet-pro-1varstat\/#breadcrumb\",\"itemListElement\":[{\"@type\":\"ListItem\",\"position\":1,\"name\":\"Accueil\",\"item\":\"https:\/\/wordpress.callac.online\/\"},{\"@type\":\"ListItem\",\"position\":2,\"name\":\"\u00c9dition math\u00e9matique\",\"item\":\"https:\/\/wordpress.callac.online\/index.php\/edition-mathematique\/\"},{\"@type\":\"ListItem\",\"position\":3,\"name\":\"Professor\",\"item\":\"https:\/\/wordpress.callac.online\/index.php\/edition-mathematique\/professor\/\"},{\"@type\":\"ListItem\",\"position\":4,\"name\":\"Les paquets de Professor.sty\",\"item\":\"https:\/\/wordpress.callac.online\/index.php\/edition-mathematique\/professor\/les-paquets-de-professor-sty-2\/\"},{\"@type\":\"ListItem\",\"position\":5,\"name\":\"Le paquet pro-1varstat\"}]},{\"@type\":\"WebSite\",\"@id\":\"https:\/\/wordpress.callac.online\/#website\",\"url\":\"https:\/\/wordpress.callac.online\/\",\"name\":\"Maths & Num\u00e9rique\",\"description\":\"Des outils pour les enseignants de math\u00e9matiques et de num\u00e9rique\",\"publisher\":{\"@id\":\"https:\/\/wordpress.callac.online\/#\/schema\/person\/04061f1ca2c2c42039142a704be95940\"},\"potentialAction\":[{\"@type\":\"SearchAction\",\"target\":{\"@type\":\"EntryPoint\",\"urlTemplate\":\"https:\/\/wordpress.callac.online\/?s={search_term_string}\"},\"query-input\":{\"@type\":\"PropertyValueSpecification\",\"valueRequired\":true,\"valueName\":\"search_term_string\"}}],\"inLanguage\":\"fr-FR\"},{\"@type\":[\"Person\",\"Organization\"],\"@id\":\"https:\/\/wordpress.callac.online\/#\/schema\/person\/04061f1ca2c2c42039142a704be95940\",\"name\":\"dlefur\",\"image\":{\"@type\":\"ImageObject\",\"inLanguage\":\"fr-FR\",\"@id\":\"https:\/\/wordpress.callac.online\/#\/schema\/person\/image\/\",\"url\":\"https:\/\/secure.gravatar.com\/avatar\/4a9e17be136808c6597f28aa2b6c13126dab066fdc2198ff60090972c9b7fafc?s=96&d=mm&r=g\",\"contentUrl\":\"https:\/\/secure.gravatar.com\/avatar\/4a9e17be136808c6597f28aa2b6c13126dab066fdc2198ff60090972c9b7fafc?s=96&d=mm&r=g\",\"caption\":\"dlefur\"},\"logo\":{\"@id\":\"https:\/\/wordpress.callac.online\/#\/schema\/person\/image\/\"},\"description\":\"Enseignant de math\u00e9matiques Lyc\u00e9e Pasteur S\u00e3o Paulo\",\"sameAs\":[\"http:\/\/wordpress.callac.online\"]}]}<\/script>\n<!-- \/ Yoast SEO plugin. -->","yoast_head_json":{"title":"Le paquet pro-1varstat - Maths &amp; Num\u00e9rique","robots":{"index":"index","follow":"follow","max-snippet":"max-snippet:-1","max-image-preview":"max-image-preview:large","max-video-preview":"max-video-preview:-1"},"canonical":"https:\/\/wordpress.callac.online\/index.php\/edition-mathematique\/professor\/les-paquets-de-professor-sty-2\/le-paquet-pro-1varstat\/","og_locale":"fr_FR","og_type":"article","og_title":"Le paquet pro-1varstat - Maths &amp; Num\u00e9rique","og_description":"Cet outil a pour but de faciliter la r\u00e9daction de documents sur les statistiques \u00e0 une variable avec effectifs. Dans le pr\u00e9ambule On rajoute ceci : usepackage[xcas]{pro-1varstat} pro-tableu Cet environnement&hellip;","og_url":"https:\/\/wordpress.callac.online\/index.php\/edition-mathematique\/professor\/les-paquets-de-professor-sty-2\/le-paquet-pro-1varstat\/","og_site_name":"Maths &amp; Num\u00e9rique","article_modified_time":"2023-10-14T18:12:22+00:00","og_image":[{"url":"http:\/\/wordpress.callac.online\/wp-content\/uploads\/2008\/06\/jpg_tableu.jpg","type":"","width":"","height":""}],"twitter_card":"summary_large_image","twitter_misc":{"Dur\u00e9e de lecture estim\u00e9e":"3 minutes"},"schema":{"@context":"https:\/\/schema.org","@graph":[{"@type":"WebPage","@id":"https:\/\/wordpress.callac.online\/index.php\/edition-mathematique\/professor\/les-paquets-de-professor-sty-2\/le-paquet-pro-1varstat\/","url":"https:\/\/wordpress.callac.online\/index.php\/edition-mathematique\/professor\/les-paquets-de-professor-sty-2\/le-paquet-pro-1varstat\/","name":"Le paquet pro-1varstat - Maths &amp; Num\u00e9rique","isPartOf":{"@id":"https:\/\/wordpress.callac.online\/#website"},"primaryImageOfPage":{"@id":"https:\/\/wordpress.callac.online\/index.php\/edition-mathematique\/professor\/les-paquets-de-professor-sty-2\/le-paquet-pro-1varstat\/#primaryimage"},"image":{"@id":"https:\/\/wordpress.callac.online\/index.php\/edition-mathematique\/professor\/les-paquets-de-professor-sty-2\/le-paquet-pro-1varstat\/#primaryimage"},"thumbnailUrl":"http:\/\/wordpress.callac.online\/wp-content\/uploads\/2008\/06\/jpg_tableu.jpg","datePublished":"2008-06-30T20:03:09+00:00","dateModified":"2023-10-14T18:12:22+00:00","breadcrumb":{"@id":"https:\/\/wordpress.callac.online\/index.php\/edition-mathematique\/professor\/les-paquets-de-professor-sty-2\/le-paquet-pro-1varstat\/#breadcrumb"},"inLanguage":"fr-FR","potentialAction":[{"@type":"ReadAction","target":["https:\/\/wordpress.callac.online\/index.php\/edition-mathematique\/professor\/les-paquets-de-professor-sty-2\/le-paquet-pro-1varstat\/"]}]},{"@type":"ImageObject","inLanguage":"fr-FR","@id":"https:\/\/wordpress.callac.online\/index.php\/edition-mathematique\/professor\/les-paquets-de-professor-sty-2\/le-paquet-pro-1varstat\/#primaryimage","url":"https:\/\/wordpress.callac.online\/wp-content\/uploads\/2008\/06\/jpg_tableu.jpg","contentUrl":"https:\/\/wordpress.callac.online\/wp-content\/uploads\/2008\/06\/jpg_tableu.jpg","width":339,"height":54,"caption":"tableu.jpg"},{"@type":"BreadcrumbList","@id":"https:\/\/wordpress.callac.online\/index.php\/edition-mathematique\/professor\/les-paquets-de-professor-sty-2\/le-paquet-pro-1varstat\/#breadcrumb","itemListElement":[{"@type":"ListItem","position":1,"name":"Accueil","item":"https:\/\/wordpress.callac.online\/"},{"@type":"ListItem","position":2,"name":"\u00c9dition math\u00e9matique","item":"https:\/\/wordpress.callac.online\/index.php\/edition-mathematique\/"},{"@type":"ListItem","position":3,"name":"Professor","item":"https:\/\/wordpress.callac.online\/index.php\/edition-mathematique\/professor\/"},{"@type":"ListItem","position":4,"name":"Les paquets de Professor.sty","item":"https:\/\/wordpress.callac.online\/index.php\/edition-mathematique\/professor\/les-paquets-de-professor-sty-2\/"},{"@type":"ListItem","position":5,"name":"Le paquet pro-1varstat"}]},{"@type":"WebSite","@id":"https:\/\/wordpress.callac.online\/#website","url":"https:\/\/wordpress.callac.online\/","name":"Maths & Num\u00e9rique","description":"Des outils pour les enseignants de math\u00e9matiques et de num\u00e9rique","publisher":{"@id":"https:\/\/wordpress.callac.online\/#\/schema\/person\/04061f1ca2c2c42039142a704be95940"},"potentialAction":[{"@type":"SearchAction","target":{"@type":"EntryPoint","urlTemplate":"https:\/\/wordpress.callac.online\/?s={search_term_string}"},"query-input":{"@type":"PropertyValueSpecification","valueRequired":true,"valueName":"search_term_string"}}],"inLanguage":"fr-FR"},{"@type":["Person","Organization"],"@id":"https:\/\/wordpress.callac.online\/#\/schema\/person\/04061f1ca2c2c42039142a704be95940","name":"dlefur","image":{"@type":"ImageObject","inLanguage":"fr-FR","@id":"https:\/\/wordpress.callac.online\/#\/schema\/person\/image\/","url":"https:\/\/secure.gravatar.com\/avatar\/4a9e17be136808c6597f28aa2b6c13126dab066fdc2198ff60090972c9b7fafc?s=96&d=mm&r=g","contentUrl":"https:\/\/secure.gravatar.com\/avatar\/4a9e17be136808c6597f28aa2b6c13126dab066fdc2198ff60090972c9b7fafc?s=96&d=mm&r=g","caption":"dlefur"},"logo":{"@id":"https:\/\/wordpress.callac.online\/#\/schema\/person\/image\/"},"description":"Enseignant de math\u00e9matiques Lyc\u00e9e Pasteur S\u00e3o Paulo","sameAs":["http:\/\/wordpress.callac.online"]}]}},"_links":{"self":[{"href":"https:\/\/wordpress.callac.online\/index.php\/wp-json\/wp\/v2\/pages\/180","targetHints":{"allow":["GET"]}}],"collection":[{"href":"https:\/\/wordpress.callac.online\/index.php\/wp-json\/wp\/v2\/pages"}],"about":[{"href":"https:\/\/wordpress.callac.online\/index.php\/wp-json\/wp\/v2\/types\/page"}],"author":[{"embeddable":true,"href":"https:\/\/wordpress.callac.online\/index.php\/wp-json\/wp\/v2\/users\/1"}],"replies":[{"embeddable":true,"href":"https:\/\/wordpress.callac.online\/index.php\/wp-json\/wp\/v2\/comments?post=180"}],"version-history":[{"count":6,"href":"https:\/\/wordpress.callac.online\/index.php\/wp-json\/wp\/v2\/pages\/180\/revisions"}],"predecessor-version":[{"id":2321,"href":"https:\/\/wordpress.callac.online\/index.php\/wp-json\/wp\/v2\/pages\/180\/revisions\/2321"}],"up":[{"embeddable":true,"href":"https:\/\/wordpress.callac.online\/index.php\/wp-json\/wp\/v2\/pages\/2247"}],"wp:attachment":[{"href":"https:\/\/wordpress.callac.online\/index.php\/wp-json\/wp\/v2\/media?parent=180"}],"curies":[{"name":"wp","href":"https:\/\/api.w.org\/{rel}","templated":true}]}}