{"id":181,"date":"2008-07-05T11:06:44","date_gmt":"2008-07-05T09:06:44","guid":{"rendered":"http:\/\/wordpress.callac.online\/index.php\/linstallation\/"},"modified":"2023-10-14T20:12:15","modified_gmt":"2023-10-14T18:12:15","slug":"linstallation","status":"publish","type":"page","link":"https:\/\/wordpress.callac.online\/index.php\/edition-mathematique\/professor\/generalites-sur-professor-sty\/linstallation\/","title":{"rendered":"L&rsquo;installation"},"content":{"rendered":"<p>N&rsquo;h\u00e9sitez pas \u00e0 <a href=\"http:\/\/wordpress.callac.online\/index.php\/contact\/\">me contacter<\/a>\u00a0 pour tout probl\u00e8me si vous travaillez sous Ubuntu. N&rsquo;oubliez pas d&rsquo;installer une version r\u00e9cente de Xcas et de Professor.<\/p>\n<p>Le m\u00e9canisme principal ayant \u00e9t\u00e9 mis au point par Guillaume CONNAN lors de l&rsquo;\u00e9laboration de <a href=\"http:\/\/tehessin.tuxfamily.org\/?page=53\">tablor.sty<\/a>, la plupart des informations ci-dessous sont tir\u00e9es de <a href=\"http:\/\/download.tuxfamily.org\/tehessinmath\/les%20pdf\/tablor.pdf\">cette documentation<\/a>.<\/p>\n<h2>Premier pr\u00e9-requis : <em>latex<\/em> et <em>Xcas<\/em><\/h2>\n<hr \/>\n<p>&#8211; Il faut disposer sur son ordinateur d&rsquo;une distribution <em>latex<\/em> permettant notamment de compiler des fichiers <em>metapost<\/em>. Les utilisateurs de la texlive devront disposer des paquets texlive-metapost et context.<br \/>\n&#8211; Une version actualis\u00e9e du logiciel de calcul formel <a href=\"http:\/\/www-fourier.ujf-grenoble.fr\/~parisse\/giac_fr.html\"><em>Xcas<\/em><\/a> de Bernard PARISSE est n\u00e9cessaire car tous les environnements font appel \u00e0 ce programme.<\/p>\n<h2>Deuxi\u00e8me pr\u00e9-requis : <em>shell-escape<\/em><\/h2>\n<hr \/>\n<p><strong><span style=\"color: red;\">il faut \u00eatre en mode <em>shell-escape<\/em> pour autoriser les sorties de la compilation <em>tex<\/em>.<\/span><\/strong><\/p>\n<p>Il faut modifier la commande de compilation.<\/p>\n<hr \/>\n<p>Sur <em> TeXmaker <\/em>, on utilisera :<\/p>\n<p><span style=\"color: #ff0000;\"><strong>latex -shell-escape -interaction=nonstopmode %.tex<\/strong><\/span><br \/>\n<span style=\"color: #ff0000;\"><strong>pdflatex -shell-escape -src -interaction=nonstopmode %.tex<\/strong><\/span><\/p>\n<hr \/>\n<p>Sur <em>TeXnicCenter<\/em>, on utilise la fen\u00eatre suivante pour valider le mode <em>shell-escape<\/em> :<\/p>\n<p><img loading=\"lazy\" decoding=\"async\" class=\" aligncenter size-full wp-image-726\" src=\"http:\/\/wordpress.callac.online\/wp-content\/uploads\/2008\/07\/jpg_config.jpg\" alt=\"config.jpg\" width=\"607\" height=\"540\" align=\"center\" srcset=\"https:\/\/wordpress.callac.online\/wp-content\/uploads\/2008\/07\/jpg_config.jpg 607w, https:\/\/wordpress.callac.online\/wp-content\/uploads\/2008\/07\/jpg_config-300x267.jpg 300w\" sizes=\"auto, (max-width: 607px) 100vw, 607px\" \/><\/p>\n<hr \/>\n<p>Pour <em>emacs<\/em>, on rajoute en fin de fichier les lignes :<\/p>\n<pre class=\"EnlighterJSRAW\" data-enlighter-language=\"generic\">%%% Local variables:\n%%% mode: LaTeX\n%%% LaTeX-command: \"latex -shell-escape\"\n%%% TeX-master: t\n%%% End:<\/pre>\n<hr \/>\n<h2>O\u00f9 se procurer les fichiers<\/h2>\n<hr \/>\n<p>L&rsquo;installation de l&rsquo;ensemble des paquets existants est centralis\u00e9e dans l&rsquo;archive <a href=\"https:\/\/filedn.com\/lpKG7uY9hIHVel5exA5Ik80\/Wordpress\/%C3%89dition%20math%C3%A9matiques\/Professor\/professor.zip\">professor.zip<\/a>.<\/p>\n<p>Par ailleurs, il est n\u00e9cessaire d&rsquo;installer des fichiers <em>metapost<\/em> :<br \/>\n&#8211; <a href=\"http:\/\/download.tuxfamily.org\/tehessinmath\/les_sources\/tableauVariation.mp\">tableauVariation.mp<\/a> de Fr\u00e9d\u00e9ric Mazoit pour la construction des tableaux de variations (<a href=\"178\">pro-tablor<\/a>).<br \/>\n&#8211; le r\u00e9pertoire <a href=\"https:\/\/filedn.com\/lpKG7uY9hIHVel5exA5Ik80\/Wordpress\/%C3%89dition%20math%C3%A9matiques\/Professor\/dlf_mp.zip\">dlf_mp<\/a> .<\/p>\n<h2>Comment les installer<\/h2>\n<hr \/>\n<p>&#8211; On d\u00e9compresser l&rsquo;archive <strong>professor.zip<\/strong>.<br \/>\n&#8211; On obtient un r\u00e9pertoire <strong>professor\/<\/strong> \u00e0 placer dans son <strong>texmf\/tex\/latex\/<\/strong>.<br \/>\n&#8211; On place les fichiers mp dans son <strong>texmf\/metapost\/<\/strong>.<br \/>\n&#8211; On lance <em>texhash<\/em> ou <em>mktexlsr<\/em>.<\/p>\n<h2>Professor et Asymptote<\/h2>\n<hr \/>\n<p>Si vous comptez utiliser les sorties Asymptote, veuillez lire <a href=\"https:\/\/wordpress.callac.online\/index.php\/edition-mathematique\/professor\/generalites-sur-professor-sty\/professor-et-asymptote\/\">cet article<\/a>.<\/p>\n<h2>Configuration \u00e9ventuelle<\/h2>\n<hr \/>\n<p>Dans le r\u00e9pertoire <strong>professor\/<\/strong>, on trouvera le fichier de configuration <strong>professor.cfg<\/strong>.<\/p>\n<p>On pourra :<br \/>\n&#8211; choisir son \u00e9diteur pr\u00e9f\u00e9r\u00e9 (pas indispensable);<br \/>\n&#8211; modifier les ent\u00eates des tableaux de <a href=\"178\">pro-tablor<\/a> et ceux utilis\u00e9s pour les textes trait\u00e9s par metapost dans les autres paquets.<\/p>\n","protected":false},"excerpt":{"rendered":"<p>N&rsquo;h\u00e9sitez pas \u00e0 me contacter\u00a0 pour tout probl\u00e8me si vous travaillez sous Ubuntu. N&rsquo;oubliez pas d&rsquo;installer une version r\u00e9cente de Xcas et de Professor. Le m\u00e9canisme principal ayant \u00e9t\u00e9 mis&hellip;<\/p>\n","protected":false},"author":1,"featured_media":0,"parent":2251,"menu_order":0,"comment_status":"closed","ping_status":"closed","template":"","meta":{"footnotes":""},"class_list":["post-181","page","type-page","status-publish","hentry"],"yoast_head":"<!-- This site is optimized with the Yoast SEO plugin v27.1.1 - https:\/\/yoast.com\/product\/yoast-seo-wordpress\/ -->\n<title>L&#039;installation - Maths &amp; Num\u00e9rique<\/title>\n<meta name=\"robots\" content=\"index, follow, max-snippet:-1, max-image-preview:large, max-video-preview:-1\" \/>\n<link rel=\"canonical\" href=\"https:\/\/wordpress.callac.online\/index.php\/edition-mathematique\/professor\/generalites-sur-professor-sty\/linstallation\/\" \/>\n<meta property=\"og:locale\" content=\"fr_FR\" \/>\n<meta property=\"og:type\" content=\"article\" \/>\n<meta property=\"og:title\" content=\"L&#039;installation - Maths &amp; Num\u00e9rique\" \/>\n<meta property=\"og:description\" content=\"N&rsquo;h\u00e9sitez pas \u00e0 me contacter\u00a0 pour tout probl\u00e8me si vous travaillez sous Ubuntu. N&rsquo;oubliez pas d&rsquo;installer une version r\u00e9cente de Xcas et de Professor. Le m\u00e9canisme principal ayant \u00e9t\u00e9 mis&hellip;\" \/>\n<meta property=\"og:url\" content=\"https:\/\/wordpress.callac.online\/index.php\/edition-mathematique\/professor\/generalites-sur-professor-sty\/linstallation\/\" \/>\n<meta property=\"og:site_name\" content=\"Maths &amp; Num\u00e9rique\" \/>\n<meta property=\"article:modified_time\" content=\"2023-10-14T18:12:15+00:00\" \/>\n<meta property=\"og:image\" content=\"http:\/\/wordpress.callac.online\/wp-content\/uploads\/2008\/07\/jpg_config.jpg\" \/>\n<meta name=\"twitter:card\" content=\"summary_large_image\" \/>\n<meta name=\"twitter:label1\" content=\"Dur\u00e9e de lecture estim\u00e9e\" \/>\n\t<meta name=\"twitter:data1\" content=\"2 minutes\" \/>\n<script type=\"application\/ld+json\" class=\"yoast-schema-graph\">{\"@context\":\"https:\/\/schema.org\",\"@graph\":[{\"@type\":\"WebPage\",\"@id\":\"https:\/\/wordpress.callac.online\/index.php\/edition-mathematique\/professor\/generalites-sur-professor-sty\/linstallation\/\",\"url\":\"https:\/\/wordpress.callac.online\/index.php\/edition-mathematique\/professor\/generalites-sur-professor-sty\/linstallation\/\",\"name\":\"L'installation - Maths &amp; Num\u00e9rique\",\"isPartOf\":{\"@id\":\"https:\/\/wordpress.callac.online\/#website\"},\"primaryImageOfPage\":{\"@id\":\"https:\/\/wordpress.callac.online\/index.php\/edition-mathematique\/professor\/generalites-sur-professor-sty\/linstallation\/#primaryimage\"},\"image\":{\"@id\":\"https:\/\/wordpress.callac.online\/index.php\/edition-mathematique\/professor\/generalites-sur-professor-sty\/linstallation\/#primaryimage\"},\"thumbnailUrl\":\"http:\/\/wordpress.callac.online\/wp-content\/uploads\/2008\/07\/jpg_config.jpg\",\"datePublished\":\"2008-07-05T09:06:44+00:00\",\"dateModified\":\"2023-10-14T18:12:15+00:00\",\"breadcrumb\":{\"@id\":\"https:\/\/wordpress.callac.online\/index.php\/edition-mathematique\/professor\/generalites-sur-professor-sty\/linstallation\/#breadcrumb\"},\"inLanguage\":\"fr-FR\",\"potentialAction\":[{\"@type\":\"ReadAction\",\"target\":[\"https:\/\/wordpress.callac.online\/index.php\/edition-mathematique\/professor\/generalites-sur-professor-sty\/linstallation\/\"]}]},{\"@type\":\"ImageObject\",\"inLanguage\":\"fr-FR\",\"@id\":\"https:\/\/wordpress.callac.online\/index.php\/edition-mathematique\/professor\/generalites-sur-professor-sty\/linstallation\/#primaryimage\",\"url\":\"http:\/\/wordpress.callac.online\/wp-content\/uploads\/2008\/07\/jpg_config.jpg\",\"contentUrl\":\"http:\/\/wordpress.callac.online\/wp-content\/uploads\/2008\/07\/jpg_config.jpg\"},{\"@type\":\"BreadcrumbList\",\"@id\":\"https:\/\/wordpress.callac.online\/index.php\/edition-mathematique\/professor\/generalites-sur-professor-sty\/linstallation\/#breadcrumb\",\"itemListElement\":[{\"@type\":\"ListItem\",\"position\":1,\"name\":\"Accueil\",\"item\":\"https:\/\/wordpress.callac.online\/\"},{\"@type\":\"ListItem\",\"position\":2,\"name\":\"\u00c9dition math\u00e9matique\",\"item\":\"https:\/\/wordpress.callac.online\/index.php\/edition-mathematique\/\"},{\"@type\":\"ListItem\",\"position\":3,\"name\":\"Professor\",\"item\":\"https:\/\/wordpress.callac.online\/index.php\/edition-mathematique\/professor\/\"},{\"@type\":\"ListItem\",\"position\":4,\"name\":\"G\u00e9n\u00e9ralit\u00e9s sur Professor.sty\",\"item\":\"https:\/\/wordpress.callac.online\/index.php\/edition-mathematique\/professor\/generalites-sur-professor-sty\/\"},{\"@type\":\"ListItem\",\"position\":5,\"name\":\"L&#8217;installation\"}]},{\"@type\":\"WebSite\",\"@id\":\"https:\/\/wordpress.callac.online\/#website\",\"url\":\"https:\/\/wordpress.callac.online\/\",\"name\":\"Maths & Num\u00e9rique\",\"description\":\"Des outils pour les enseignants de math\u00e9matiques et de num\u00e9rique\",\"publisher\":{\"@id\":\"https:\/\/wordpress.callac.online\/#\/schema\/person\/04061f1ca2c2c42039142a704be95940\"},\"potentialAction\":[{\"@type\":\"SearchAction\",\"target\":{\"@type\":\"EntryPoint\",\"urlTemplate\":\"https:\/\/wordpress.callac.online\/?s={search_term_string}\"},\"query-input\":{\"@type\":\"PropertyValueSpecification\",\"valueRequired\":true,\"valueName\":\"search_term_string\"}}],\"inLanguage\":\"fr-FR\"},{\"@type\":[\"Person\",\"Organization\"],\"@id\":\"https:\/\/wordpress.callac.online\/#\/schema\/person\/04061f1ca2c2c42039142a704be95940\",\"name\":\"dlefur\",\"image\":{\"@type\":\"ImageObject\",\"inLanguage\":\"fr-FR\",\"@id\":\"https:\/\/wordpress.callac.online\/#\/schema\/person\/image\/\",\"url\":\"https:\/\/secure.gravatar.com\/avatar\/4a9e17be136808c6597f28aa2b6c13126dab066fdc2198ff60090972c9b7fafc?s=96&d=mm&r=g\",\"contentUrl\":\"https:\/\/secure.gravatar.com\/avatar\/4a9e17be136808c6597f28aa2b6c13126dab066fdc2198ff60090972c9b7fafc?s=96&d=mm&r=g\",\"caption\":\"dlefur\"},\"logo\":{\"@id\":\"https:\/\/wordpress.callac.online\/#\/schema\/person\/image\/\"},\"description\":\"Enseignant de math\u00e9matiques Lyc\u00e9e Pasteur S\u00e3o Paulo\",\"sameAs\":[\"http:\/\/wordpress.callac.online\"]}]}<\/script>\n<!-- \/ Yoast SEO plugin. -->","yoast_head_json":{"title":"L'installation - Maths &amp; Num\u00e9rique","robots":{"index":"index","follow":"follow","max-snippet":"max-snippet:-1","max-image-preview":"max-image-preview:large","max-video-preview":"max-video-preview:-1"},"canonical":"https:\/\/wordpress.callac.online\/index.php\/edition-mathematique\/professor\/generalites-sur-professor-sty\/linstallation\/","og_locale":"fr_FR","og_type":"article","og_title":"L'installation - Maths &amp; Num\u00e9rique","og_description":"N&rsquo;h\u00e9sitez pas \u00e0 me contacter\u00a0 pour tout probl\u00e8me si vous travaillez sous Ubuntu. N&rsquo;oubliez pas d&rsquo;installer une version r\u00e9cente de Xcas et de Professor. Le m\u00e9canisme principal ayant \u00e9t\u00e9 mis&hellip;","og_url":"https:\/\/wordpress.callac.online\/index.php\/edition-mathematique\/professor\/generalites-sur-professor-sty\/linstallation\/","og_site_name":"Maths &amp; Num\u00e9rique","article_modified_time":"2023-10-14T18:12:15+00:00","og_image":[{"url":"http:\/\/wordpress.callac.online\/wp-content\/uploads\/2008\/07\/jpg_config.jpg","type":"","width":"","height":""}],"twitter_card":"summary_large_image","twitter_misc":{"Dur\u00e9e de lecture estim\u00e9e":"2 minutes"},"schema":{"@context":"https:\/\/schema.org","@graph":[{"@type":"WebPage","@id":"https:\/\/wordpress.callac.online\/index.php\/edition-mathematique\/professor\/generalites-sur-professor-sty\/linstallation\/","url":"https:\/\/wordpress.callac.online\/index.php\/edition-mathematique\/professor\/generalites-sur-professor-sty\/linstallation\/","name":"L'installation - Maths &amp; Num\u00e9rique","isPartOf":{"@id":"https:\/\/wordpress.callac.online\/#website"},"primaryImageOfPage":{"@id":"https:\/\/wordpress.callac.online\/index.php\/edition-mathematique\/professor\/generalites-sur-professor-sty\/linstallation\/#primaryimage"},"image":{"@id":"https:\/\/wordpress.callac.online\/index.php\/edition-mathematique\/professor\/generalites-sur-professor-sty\/linstallation\/#primaryimage"},"thumbnailUrl":"http:\/\/wordpress.callac.online\/wp-content\/uploads\/2008\/07\/jpg_config.jpg","datePublished":"2008-07-05T09:06:44+00:00","dateModified":"2023-10-14T18:12:15+00:00","breadcrumb":{"@id":"https:\/\/wordpress.callac.online\/index.php\/edition-mathematique\/professor\/generalites-sur-professor-sty\/linstallation\/#breadcrumb"},"inLanguage":"fr-FR","potentialAction":[{"@type":"ReadAction","target":["https:\/\/wordpress.callac.online\/index.php\/edition-mathematique\/professor\/generalites-sur-professor-sty\/linstallation\/"]}]},{"@type":"ImageObject","inLanguage":"fr-FR","@id":"https:\/\/wordpress.callac.online\/index.php\/edition-mathematique\/professor\/generalites-sur-professor-sty\/linstallation\/#primaryimage","url":"http:\/\/wordpress.callac.online\/wp-content\/uploads\/2008\/07\/jpg_config.jpg","contentUrl":"http:\/\/wordpress.callac.online\/wp-content\/uploads\/2008\/07\/jpg_config.jpg"},{"@type":"BreadcrumbList","@id":"https:\/\/wordpress.callac.online\/index.php\/edition-mathematique\/professor\/generalites-sur-professor-sty\/linstallation\/#breadcrumb","itemListElement":[{"@type":"ListItem","position":1,"name":"Accueil","item":"https:\/\/wordpress.callac.online\/"},{"@type":"ListItem","position":2,"name":"\u00c9dition math\u00e9matique","item":"https:\/\/wordpress.callac.online\/index.php\/edition-mathematique\/"},{"@type":"ListItem","position":3,"name":"Professor","item":"https:\/\/wordpress.callac.online\/index.php\/edition-mathematique\/professor\/"},{"@type":"ListItem","position":4,"name":"G\u00e9n\u00e9ralit\u00e9s sur Professor.sty","item":"https:\/\/wordpress.callac.online\/index.php\/edition-mathematique\/professor\/generalites-sur-professor-sty\/"},{"@type":"ListItem","position":5,"name":"L&#8217;installation"}]},{"@type":"WebSite","@id":"https:\/\/wordpress.callac.online\/#website","url":"https:\/\/wordpress.callac.online\/","name":"Maths & Num\u00e9rique","description":"Des outils pour les enseignants de math\u00e9matiques et de num\u00e9rique","publisher":{"@id":"https:\/\/wordpress.callac.online\/#\/schema\/person\/04061f1ca2c2c42039142a704be95940"},"potentialAction":[{"@type":"SearchAction","target":{"@type":"EntryPoint","urlTemplate":"https:\/\/wordpress.callac.online\/?s={search_term_string}"},"query-input":{"@type":"PropertyValueSpecification","valueRequired":true,"valueName":"search_term_string"}}],"inLanguage":"fr-FR"},{"@type":["Person","Organization"],"@id":"https:\/\/wordpress.callac.online\/#\/schema\/person\/04061f1ca2c2c42039142a704be95940","name":"dlefur","image":{"@type":"ImageObject","inLanguage":"fr-FR","@id":"https:\/\/wordpress.callac.online\/#\/schema\/person\/image\/","url":"https:\/\/secure.gravatar.com\/avatar\/4a9e17be136808c6597f28aa2b6c13126dab066fdc2198ff60090972c9b7fafc?s=96&d=mm&r=g","contentUrl":"https:\/\/secure.gravatar.com\/avatar\/4a9e17be136808c6597f28aa2b6c13126dab066fdc2198ff60090972c9b7fafc?s=96&d=mm&r=g","caption":"dlefur"},"logo":{"@id":"https:\/\/wordpress.callac.online\/#\/schema\/person\/image\/"},"description":"Enseignant de math\u00e9matiques Lyc\u00e9e Pasteur S\u00e3o Paulo","sameAs":["http:\/\/wordpress.callac.online"]}]}},"_links":{"self":[{"href":"https:\/\/wordpress.callac.online\/index.php\/wp-json\/wp\/v2\/pages\/181","targetHints":{"allow":["GET"]}}],"collection":[{"href":"https:\/\/wordpress.callac.online\/index.php\/wp-json\/wp\/v2\/pages"}],"about":[{"href":"https:\/\/wordpress.callac.online\/index.php\/wp-json\/wp\/v2\/types\/page"}],"author":[{"embeddable":true,"href":"https:\/\/wordpress.callac.online\/index.php\/wp-json\/wp\/v2\/users\/1"}],"replies":[{"embeddable":true,"href":"https:\/\/wordpress.callac.online\/index.php\/wp-json\/wp\/v2\/comments?post=181"}],"version-history":[{"count":7,"href":"https:\/\/wordpress.callac.online\/index.php\/wp-json\/wp\/v2\/pages\/181\/revisions"}],"predecessor-version":[{"id":2918,"href":"https:\/\/wordpress.callac.online\/index.php\/wp-json\/wp\/v2\/pages\/181\/revisions\/2918"}],"up":[{"embeddable":true,"href":"https:\/\/wordpress.callac.online\/index.php\/wp-json\/wp\/v2\/pages\/2251"}],"wp:attachment":[{"href":"https:\/\/wordpress.callac.online\/index.php\/wp-json\/wp\/v2\/media?parent=181"}],"curies":[{"name":"wp","href":"https:\/\/api.w.org\/{rel}","templated":true}]}}