{"id":182,"date":"2008-07-05T11:07:21","date_gmt":"2008-07-05T09:07:21","guid":{"rendered":"http:\/\/wordpress.callac.online\/index.php\/des-problemes\/"},"modified":"2023-10-14T20:12:18","modified_gmt":"2023-10-14T18:12:18","slug":"des-problemes","status":"publish","type":"page","link":"https:\/\/wordpress.callac.online\/index.php\/edition-mathematique\/professor\/generalites-sur-professor-sty\/des-problemes\/","title":{"rendered":"Des probl\u00e8mes ?"},"content":{"rendered":"<p>Si vous lisez cette page, c&rsquo;est que les choses vont mal &#8230;<\/p>\n<p>Essayons de proc\u00e9der par ordre en se posant quelques questions.<\/p>\n<p><strong>1) Ai-je bien suivi toute <a href=\"https:\/\/wordpress.callac.online\/index.php\/edition-mathematique\/professor\/generalites-sur-professor-sty\/linstallation\/\">l&rsquo;installation<\/a> ?<\/strong><\/p>\n<p>Par m\u00e9garde, on a peut-\u00eatre oubli\u00e9 d&rsquo;installer les fichiers mp ou de lancer mktexlsr &#8230;<\/p>\n<p><strong>2) On regarde le fameux log !<\/strong><\/p>\n<p>Et oui, c&rsquo;est gr\u00e2ce \u00e0 cet horrible fichier de plusieurs centaines de lignes que l&rsquo;on va y voir plus clair.<\/p>\n<p>Tout d&rsquo;abord, on regarde les lignes du style :<\/p>\n<p><code>system(rm XCAStabled.tex)...executed.<\/code><\/p>\n<p>S&rsquo;il y a bien \u00ab\u00a0executed\u00a0\u00bb, il n&rsquo;y a pas de probl\u00e8me avec le shell-escape. Mais si vous obtenez \u00e0 la place :<\/p>\n<p><code>system(rm XCAStabled.tex)...disabled.<\/code><\/p>\n<p>Vous savez que c&rsquo;est <strong>shell-escape<\/strong> le coupable.<\/p>\n<p><strong>3) Le shell-escape fonctionne mais \u00e7a bloque encore. Que faire ?<\/strong><\/p>\n<p>Il est temps de regarder maintenant le fichier source correspondant \u00e0 l&rsquo;environnement pour tenter d&rsquo;y voir un peu plus clair.<\/p>\n<p><strong>4) \u00c7a ne marche toujours pas ?<\/strong><\/p>\n<p>Hum &#8230; Je suis d\u00e9sol\u00e9 ! Il est temps de <a href=\"http:\/\/wordpress.callac.online\/index.php\/contact\/\">me contacter<\/a>.<\/p>\n","protected":false},"excerpt":{"rendered":"<p>Si vous lisez cette page, c&rsquo;est que les choses vont mal &#8230; Essayons de proc\u00e9der par ordre en se posant quelques questions. 1) Ai-je bien suivi toute l&rsquo;installation ? Par&hellip;<\/p>\n","protected":false},"author":1,"featured_media":0,"parent":2251,"menu_order":4,"comment_status":"closed","ping_status":"closed","template":"","meta":{"footnotes":""},"class_list":["post-182","page","type-page","status-publish","hentry"],"yoast_head":"<!-- This site is optimized with the Yoast SEO plugin v27.1.1 - https:\/\/yoast.com\/product\/yoast-seo-wordpress\/ -->\n<title>Des probl\u00e8mes ? - Maths &amp; Num\u00e9rique<\/title>\n<meta name=\"robots\" content=\"index, follow, max-snippet:-1, max-image-preview:large, max-video-preview:-1\" \/>\n<link rel=\"canonical\" href=\"https:\/\/wordpress.callac.online\/index.php\/edition-mathematique\/professor\/generalites-sur-professor-sty\/des-problemes\/\" \/>\n<meta property=\"og:locale\" content=\"fr_FR\" \/>\n<meta property=\"og:type\" content=\"article\" \/>\n<meta property=\"og:title\" content=\"Des probl\u00e8mes ? - Maths &amp; Num\u00e9rique\" \/>\n<meta property=\"og:description\" content=\"Si vous lisez cette page, c&rsquo;est que les choses vont mal &#8230; Essayons de proc\u00e9der par ordre en se posant quelques questions. 1) Ai-je bien suivi toute l&rsquo;installation ? Par&hellip;\" \/>\n<meta property=\"og:url\" content=\"https:\/\/wordpress.callac.online\/index.php\/edition-mathematique\/professor\/generalites-sur-professor-sty\/des-problemes\/\" \/>\n<meta property=\"og:site_name\" content=\"Maths &amp; Num\u00e9rique\" \/>\n<meta property=\"article:modified_time\" content=\"2023-10-14T18:12:18+00:00\" \/>\n<meta name=\"twitter:card\" content=\"summary_large_image\" \/>\n<meta name=\"twitter:label1\" content=\"Dur\u00e9e de lecture estim\u00e9e\" \/>\n\t<meta name=\"twitter:data1\" content=\"1 minute\" \/>\n<script type=\"application\/ld+json\" class=\"yoast-schema-graph\">{\"@context\":\"https:\/\/schema.org\",\"@graph\":[{\"@type\":\"WebPage\",\"@id\":\"https:\/\/wordpress.callac.online\/index.php\/edition-mathematique\/professor\/generalites-sur-professor-sty\/des-problemes\/\",\"url\":\"https:\/\/wordpress.callac.online\/index.php\/edition-mathematique\/professor\/generalites-sur-professor-sty\/des-problemes\/\",\"name\":\"Des probl\u00e8mes ? - Maths &amp; Num\u00e9rique\",\"isPartOf\":{\"@id\":\"https:\/\/wordpress.callac.online\/#website\"},\"datePublished\":\"2008-07-05T09:07:21+00:00\",\"dateModified\":\"2023-10-14T18:12:18+00:00\",\"breadcrumb\":{\"@id\":\"https:\/\/wordpress.callac.online\/index.php\/edition-mathematique\/professor\/generalites-sur-professor-sty\/des-problemes\/#breadcrumb\"},\"inLanguage\":\"fr-FR\",\"potentialAction\":[{\"@type\":\"ReadAction\",\"target\":[\"https:\/\/wordpress.callac.online\/index.php\/edition-mathematique\/professor\/generalites-sur-professor-sty\/des-problemes\/\"]}]},{\"@type\":\"BreadcrumbList\",\"@id\":\"https:\/\/wordpress.callac.online\/index.php\/edition-mathematique\/professor\/generalites-sur-professor-sty\/des-problemes\/#breadcrumb\",\"itemListElement\":[{\"@type\":\"ListItem\",\"position\":1,\"name\":\"Accueil\",\"item\":\"https:\/\/wordpress.callac.online\/\"},{\"@type\":\"ListItem\",\"position\":2,\"name\":\"\u00c9dition math\u00e9matique\",\"item\":\"https:\/\/wordpress.callac.online\/index.php\/edition-mathematique\/\"},{\"@type\":\"ListItem\",\"position\":3,\"name\":\"Professor\",\"item\":\"https:\/\/wordpress.callac.online\/index.php\/edition-mathematique\/professor\/\"},{\"@type\":\"ListItem\",\"position\":4,\"name\":\"G\u00e9n\u00e9ralit\u00e9s sur Professor.sty\",\"item\":\"https:\/\/wordpress.callac.online\/index.php\/edition-mathematique\/professor\/generalites-sur-professor-sty\/\"},{\"@type\":\"ListItem\",\"position\":5,\"name\":\"Des probl\u00e8mes ?\"}]},{\"@type\":\"WebSite\",\"@id\":\"https:\/\/wordpress.callac.online\/#website\",\"url\":\"https:\/\/wordpress.callac.online\/\",\"name\":\"Maths & Num\u00e9rique\",\"description\":\"Des outils pour les enseignants de math\u00e9matiques et de num\u00e9rique\",\"publisher\":{\"@id\":\"https:\/\/wordpress.callac.online\/#\/schema\/person\/04061f1ca2c2c42039142a704be95940\"},\"potentialAction\":[{\"@type\":\"SearchAction\",\"target\":{\"@type\":\"EntryPoint\",\"urlTemplate\":\"https:\/\/wordpress.callac.online\/?s={search_term_string}\"},\"query-input\":{\"@type\":\"PropertyValueSpecification\",\"valueRequired\":true,\"valueName\":\"search_term_string\"}}],\"inLanguage\":\"fr-FR\"},{\"@type\":[\"Person\",\"Organization\"],\"@id\":\"https:\/\/wordpress.callac.online\/#\/schema\/person\/04061f1ca2c2c42039142a704be95940\",\"name\":\"dlefur\",\"image\":{\"@type\":\"ImageObject\",\"inLanguage\":\"fr-FR\",\"@id\":\"https:\/\/wordpress.callac.online\/#\/schema\/person\/image\/\",\"url\":\"https:\/\/secure.gravatar.com\/avatar\/4a9e17be136808c6597f28aa2b6c13126dab066fdc2198ff60090972c9b7fafc?s=96&d=mm&r=g\",\"contentUrl\":\"https:\/\/secure.gravatar.com\/avatar\/4a9e17be136808c6597f28aa2b6c13126dab066fdc2198ff60090972c9b7fafc?s=96&d=mm&r=g\",\"caption\":\"dlefur\"},\"logo\":{\"@id\":\"https:\/\/wordpress.callac.online\/#\/schema\/person\/image\/\"},\"description\":\"Enseignant de math\u00e9matiques Lyc\u00e9e Pasteur S\u00e3o Paulo\",\"sameAs\":[\"http:\/\/wordpress.callac.online\"]}]}<\/script>\n<!-- \/ Yoast SEO plugin. -->","yoast_head_json":{"title":"Des probl\u00e8mes ? - Maths &amp; Num\u00e9rique","robots":{"index":"index","follow":"follow","max-snippet":"max-snippet:-1","max-image-preview":"max-image-preview:large","max-video-preview":"max-video-preview:-1"},"canonical":"https:\/\/wordpress.callac.online\/index.php\/edition-mathematique\/professor\/generalites-sur-professor-sty\/des-problemes\/","og_locale":"fr_FR","og_type":"article","og_title":"Des probl\u00e8mes ? - Maths &amp; Num\u00e9rique","og_description":"Si vous lisez cette page, c&rsquo;est que les choses vont mal &#8230; Essayons de proc\u00e9der par ordre en se posant quelques questions. 1) Ai-je bien suivi toute l&rsquo;installation ? Par&hellip;","og_url":"https:\/\/wordpress.callac.online\/index.php\/edition-mathematique\/professor\/generalites-sur-professor-sty\/des-problemes\/","og_site_name":"Maths &amp; Num\u00e9rique","article_modified_time":"2023-10-14T18:12:18+00:00","twitter_card":"summary_large_image","twitter_misc":{"Dur\u00e9e de lecture estim\u00e9e":"1 minute"},"schema":{"@context":"https:\/\/schema.org","@graph":[{"@type":"WebPage","@id":"https:\/\/wordpress.callac.online\/index.php\/edition-mathematique\/professor\/generalites-sur-professor-sty\/des-problemes\/","url":"https:\/\/wordpress.callac.online\/index.php\/edition-mathematique\/professor\/generalites-sur-professor-sty\/des-problemes\/","name":"Des probl\u00e8mes ? - Maths &amp; Num\u00e9rique","isPartOf":{"@id":"https:\/\/wordpress.callac.online\/#website"},"datePublished":"2008-07-05T09:07:21+00:00","dateModified":"2023-10-14T18:12:18+00:00","breadcrumb":{"@id":"https:\/\/wordpress.callac.online\/index.php\/edition-mathematique\/professor\/generalites-sur-professor-sty\/des-problemes\/#breadcrumb"},"inLanguage":"fr-FR","potentialAction":[{"@type":"ReadAction","target":["https:\/\/wordpress.callac.online\/index.php\/edition-mathematique\/professor\/generalites-sur-professor-sty\/des-problemes\/"]}]},{"@type":"BreadcrumbList","@id":"https:\/\/wordpress.callac.online\/index.php\/edition-mathematique\/professor\/generalites-sur-professor-sty\/des-problemes\/#breadcrumb","itemListElement":[{"@type":"ListItem","position":1,"name":"Accueil","item":"https:\/\/wordpress.callac.online\/"},{"@type":"ListItem","position":2,"name":"\u00c9dition math\u00e9matique","item":"https:\/\/wordpress.callac.online\/index.php\/edition-mathematique\/"},{"@type":"ListItem","position":3,"name":"Professor","item":"https:\/\/wordpress.callac.online\/index.php\/edition-mathematique\/professor\/"},{"@type":"ListItem","position":4,"name":"G\u00e9n\u00e9ralit\u00e9s sur Professor.sty","item":"https:\/\/wordpress.callac.online\/index.php\/edition-mathematique\/professor\/generalites-sur-professor-sty\/"},{"@type":"ListItem","position":5,"name":"Des probl\u00e8mes ?"}]},{"@type":"WebSite","@id":"https:\/\/wordpress.callac.online\/#website","url":"https:\/\/wordpress.callac.online\/","name":"Maths & Num\u00e9rique","description":"Des outils pour les enseignants de math\u00e9matiques et de num\u00e9rique","publisher":{"@id":"https:\/\/wordpress.callac.online\/#\/schema\/person\/04061f1ca2c2c42039142a704be95940"},"potentialAction":[{"@type":"SearchAction","target":{"@type":"EntryPoint","urlTemplate":"https:\/\/wordpress.callac.online\/?s={search_term_string}"},"query-input":{"@type":"PropertyValueSpecification","valueRequired":true,"valueName":"search_term_string"}}],"inLanguage":"fr-FR"},{"@type":["Person","Organization"],"@id":"https:\/\/wordpress.callac.online\/#\/schema\/person\/04061f1ca2c2c42039142a704be95940","name":"dlefur","image":{"@type":"ImageObject","inLanguage":"fr-FR","@id":"https:\/\/wordpress.callac.online\/#\/schema\/person\/image\/","url":"https:\/\/secure.gravatar.com\/avatar\/4a9e17be136808c6597f28aa2b6c13126dab066fdc2198ff60090972c9b7fafc?s=96&d=mm&r=g","contentUrl":"https:\/\/secure.gravatar.com\/avatar\/4a9e17be136808c6597f28aa2b6c13126dab066fdc2198ff60090972c9b7fafc?s=96&d=mm&r=g","caption":"dlefur"},"logo":{"@id":"https:\/\/wordpress.callac.online\/#\/schema\/person\/image\/"},"description":"Enseignant de math\u00e9matiques Lyc\u00e9e Pasteur S\u00e3o Paulo","sameAs":["http:\/\/wordpress.callac.online"]}]}},"_links":{"self":[{"href":"https:\/\/wordpress.callac.online\/index.php\/wp-json\/wp\/v2\/pages\/182","targetHints":{"allow":["GET"]}}],"collection":[{"href":"https:\/\/wordpress.callac.online\/index.php\/wp-json\/wp\/v2\/pages"}],"about":[{"href":"https:\/\/wordpress.callac.online\/index.php\/wp-json\/wp\/v2\/types\/page"}],"author":[{"embeddable":true,"href":"https:\/\/wordpress.callac.online\/index.php\/wp-json\/wp\/v2\/users\/1"}],"replies":[{"embeddable":true,"href":"https:\/\/wordpress.callac.online\/index.php\/wp-json\/wp\/v2\/comments?post=182"}],"version-history":[{"count":3,"href":"https:\/\/wordpress.callac.online\/index.php\/wp-json\/wp\/v2\/pages\/182\/revisions"}],"predecessor-version":[{"id":2633,"href":"https:\/\/wordpress.callac.online\/index.php\/wp-json\/wp\/v2\/pages\/182\/revisions\/2633"}],"up":[{"embeddable":true,"href":"https:\/\/wordpress.callac.online\/index.php\/wp-json\/wp\/v2\/pages\/2251"}],"wp:attachment":[{"href":"https:\/\/wordpress.callac.online\/index.php\/wp-json\/wp\/v2\/media?parent=182"}],"curies":[{"name":"wp","href":"https:\/\/api.w.org\/{rel}","templated":true}]}}