{"id":183,"date":"2008-07-05T11:08:01","date_gmt":"2008-07-05T09:08:01","guid":{"rendered":"http:\/\/wordpress.callac.online\/index.php\/des-conseils-dutilisation\/"},"modified":"2023-10-14T20:12:17","modified_gmt":"2023-10-14T18:12:17","slug":"des-conseils-dutilisation","status":"publish","type":"page","link":"https:\/\/wordpress.callac.online\/index.php\/edition-mathematique\/professor\/generalites-sur-professor-sty\/des-conseils-dutilisation\/","title":{"rendered":"Des conseils d&rsquo;utilisation"},"content":{"rendered":"<h2>Comment d\u00e9buter<\/h2>\n<hr \/>\n<p>Une solution consiste \u00e0 utiliser l&rsquo;interface graphique\u00a0 <a href=\"http:\/\/wordpress.callac.online\/index.php\/edition-mathematique\/professor\/professorgui\/\">ProfessorGUI<\/a>. Vous aurez une bonne vue d&rsquo;ensemble de tous les environnements existants mais aussi une grande facilit\u00e9 pour comprendre et tester les param\u00e8tres.<\/p>\n<p>Une fois la figure cr\u00e9er, on peut :<\/p>\n<ul>\n<li>soit utiliser le code de l&rsquo;environnement dans son fichier latex ;<\/li>\n<li>soit inclure la figure png cr\u00e9\u00e9e ;<\/li>\n<li>soit travailler sur le fichier source de la figure pour le modifier.<\/li>\n<\/ul>\n<h2>\u00ab\u00a0Etoiler\u00a0\u00bb un environnement<\/h2>\n<hr \/>\n<p>Si le r\u00e9sultat d&rsquo;un environnement vous satisfait ou si vous comptez modifier manuellement le contenu du fichier source, il est temps d&rsquo;\u00e9toiler l&rsquo;environnement.<\/p>\n<p>Il s&rsquo;agit tout simplement d&rsquo;ajouter une \u00e9toile au nom de l&rsquo;environnement. Ceci aura pour cons\u00e9quence de bloquer l&rsquo;ex\u00e9cution des calculs et de faire appels aux fichiers d\u00e9j\u00e0 cr\u00e9\u00e9s.<\/p>\n<p>Voici un exemple d&rsquo;environnement \u00e9toil\u00e9 :<\/p>\n<pre class=\"EnlighterJSRAW\" data-enlighter-language=\"latex\">\\begin{nuage*}{1}\n  [0,5,10,15,20,25,30],    \/\/ liste X\n  [17,21,25,30,36,42,40],  \/\/ liste Y\n  0,30,0,50,               \/\/ xmin, xmax,ymin,ymax\n  2,5,                     \/\/ 1cm=ux,1cm=uy,\n  5,10,                    \/\/ ecart\\_legende\\_x,ecart\\_legende\\_y\n  1,2,                     \/\/ ecart\\_grille\\_x,ecart\\_grille\\_y\n[\n]\n\\end{nuage*}<\/pre>\n<h2>Une limite de Metapost : les grands nombres<\/h2>\n<hr \/>\n<p>Voici un extrait d&rsquo;une documentation consultable <a href=\"http:\/\/www.gutenberg.eu.org\/pub\/GUTenberg\/publicationsPDF\/41-hobby1-corr.pdf\">ici<\/a> :<\/p>\n<p>\u00abLes quantit\u00e9s num\u00e9riques dans METAPOST sont repr\u00e9sent\u00e9es en arithm\u00e9tique \u00e0 virgule fixe comme des entiers multiples de 1\/65536 . Ces entiers doivent normalement avoir des valeurs absolues inf\u00e9rieures \u00e0 4096 mais les r\u00e9sultats interm\u00e9diaires peuvent \u00eatre huit fois plus grands. Cela ne devrait pas poser de probl\u00e8mes pour les valeurs de distances ou de coordonn\u00e9es puisque 4096 points POSTSCRIPT repr\u00e9sentent plus de 1,4m. S\u2019il est n\u00e9cessaire de travailler avec des nombres de valeur absolue sup\u00e9rieure ou \u00e9gale \u00e0 4096, il faut mettre la variable interne <em>warningcheck<\/em> \u00e0 z\u00e9ro pour supprimer les messages d\u2019erreurs concernant les quantit\u00e9s num\u00e9riques importantes.\u00bb<\/p>\n<p><strong>Alors, un conseil : choisir la sortie Asymptote.<\/strong><\/p>\n","protected":false},"excerpt":{"rendered":"<p>Comment d\u00e9buter Une solution consiste \u00e0 utiliser l&rsquo;interface graphique\u00a0 ProfessorGUI. Vous aurez une bonne vue d&rsquo;ensemble de tous les environnements existants mais aussi une grande facilit\u00e9 pour comprendre et tester&hellip;<\/p>\n","protected":false},"author":1,"featured_media":0,"parent":2251,"menu_order":3,"comment_status":"closed","ping_status":"closed","template":"","meta":{"footnotes":""},"class_list":["post-183","page","type-page","status-publish","hentry"],"yoast_head":"<!-- This site is optimized with the Yoast SEO plugin v27.1.1 - https:\/\/yoast.com\/product\/yoast-seo-wordpress\/ -->\n<title>Des conseils d&#039;utilisation - Maths &amp; Num\u00e9rique<\/title>\n<meta name=\"robots\" content=\"index, follow, max-snippet:-1, max-image-preview:large, max-video-preview:-1\" \/>\n<link rel=\"canonical\" href=\"https:\/\/wordpress.callac.online\/index.php\/edition-mathematique\/professor\/generalites-sur-professor-sty\/des-conseils-dutilisation\/\" \/>\n<meta property=\"og:locale\" content=\"fr_FR\" \/>\n<meta property=\"og:type\" content=\"article\" \/>\n<meta property=\"og:title\" content=\"Des conseils d&#039;utilisation - Maths &amp; Num\u00e9rique\" \/>\n<meta property=\"og:description\" content=\"Comment d\u00e9buter Une solution consiste \u00e0 utiliser l&rsquo;interface graphique\u00a0 ProfessorGUI. Vous aurez une bonne vue d&rsquo;ensemble de tous les environnements existants mais aussi une grande facilit\u00e9 pour comprendre et tester&hellip;\" \/>\n<meta property=\"og:url\" content=\"https:\/\/wordpress.callac.online\/index.php\/edition-mathematique\/professor\/generalites-sur-professor-sty\/des-conseils-dutilisation\/\" \/>\n<meta property=\"og:site_name\" content=\"Maths &amp; Num\u00e9rique\" \/>\n<meta property=\"article:modified_time\" content=\"2023-10-14T18:12:17+00:00\" \/>\n<meta name=\"twitter:card\" content=\"summary_large_image\" \/>\n<meta name=\"twitter:label1\" content=\"Dur\u00e9e de lecture estim\u00e9e\" \/>\n\t<meta name=\"twitter:data1\" content=\"1 minute\" \/>\n<script type=\"application\/ld+json\" class=\"yoast-schema-graph\">{\"@context\":\"https:\/\/schema.org\",\"@graph\":[{\"@type\":\"WebPage\",\"@id\":\"https:\/\/wordpress.callac.online\/index.php\/edition-mathematique\/professor\/generalites-sur-professor-sty\/des-conseils-dutilisation\/\",\"url\":\"https:\/\/wordpress.callac.online\/index.php\/edition-mathematique\/professor\/generalites-sur-professor-sty\/des-conseils-dutilisation\/\",\"name\":\"Des conseils d'utilisation - Maths &amp; Num\u00e9rique\",\"isPartOf\":{\"@id\":\"https:\/\/wordpress.callac.online\/#website\"},\"datePublished\":\"2008-07-05T09:08:01+00:00\",\"dateModified\":\"2023-10-14T18:12:17+00:00\",\"breadcrumb\":{\"@id\":\"https:\/\/wordpress.callac.online\/index.php\/edition-mathematique\/professor\/generalites-sur-professor-sty\/des-conseils-dutilisation\/#breadcrumb\"},\"inLanguage\":\"fr-FR\",\"potentialAction\":[{\"@type\":\"ReadAction\",\"target\":[\"https:\/\/wordpress.callac.online\/index.php\/edition-mathematique\/professor\/generalites-sur-professor-sty\/des-conseils-dutilisation\/\"]}]},{\"@type\":\"BreadcrumbList\",\"@id\":\"https:\/\/wordpress.callac.online\/index.php\/edition-mathematique\/professor\/generalites-sur-professor-sty\/des-conseils-dutilisation\/#breadcrumb\",\"itemListElement\":[{\"@type\":\"ListItem\",\"position\":1,\"name\":\"Accueil\",\"item\":\"https:\/\/wordpress.callac.online\/\"},{\"@type\":\"ListItem\",\"position\":2,\"name\":\"\u00c9dition math\u00e9matique\",\"item\":\"https:\/\/wordpress.callac.online\/index.php\/edition-mathematique\/\"},{\"@type\":\"ListItem\",\"position\":3,\"name\":\"Professor\",\"item\":\"https:\/\/wordpress.callac.online\/index.php\/edition-mathematique\/professor\/\"},{\"@type\":\"ListItem\",\"position\":4,\"name\":\"G\u00e9n\u00e9ralit\u00e9s sur Professor.sty\",\"item\":\"https:\/\/wordpress.callac.online\/index.php\/edition-mathematique\/professor\/generalites-sur-professor-sty\/\"},{\"@type\":\"ListItem\",\"position\":5,\"name\":\"Des conseils d&#8217;utilisation\"}]},{\"@type\":\"WebSite\",\"@id\":\"https:\/\/wordpress.callac.online\/#website\",\"url\":\"https:\/\/wordpress.callac.online\/\",\"name\":\"Maths & Num\u00e9rique\",\"description\":\"Des outils pour les enseignants de math\u00e9matiques et de num\u00e9rique\",\"publisher\":{\"@id\":\"https:\/\/wordpress.callac.online\/#\/schema\/person\/04061f1ca2c2c42039142a704be95940\"},\"potentialAction\":[{\"@type\":\"SearchAction\",\"target\":{\"@type\":\"EntryPoint\",\"urlTemplate\":\"https:\/\/wordpress.callac.online\/?s={search_term_string}\"},\"query-input\":{\"@type\":\"PropertyValueSpecification\",\"valueRequired\":true,\"valueName\":\"search_term_string\"}}],\"inLanguage\":\"fr-FR\"},{\"@type\":[\"Person\",\"Organization\"],\"@id\":\"https:\/\/wordpress.callac.online\/#\/schema\/person\/04061f1ca2c2c42039142a704be95940\",\"name\":\"dlefur\",\"image\":{\"@type\":\"ImageObject\",\"inLanguage\":\"fr-FR\",\"@id\":\"https:\/\/wordpress.callac.online\/#\/schema\/person\/image\/\",\"url\":\"https:\/\/secure.gravatar.com\/avatar\/4a9e17be136808c6597f28aa2b6c13126dab066fdc2198ff60090972c9b7fafc?s=96&d=mm&r=g\",\"contentUrl\":\"https:\/\/secure.gravatar.com\/avatar\/4a9e17be136808c6597f28aa2b6c13126dab066fdc2198ff60090972c9b7fafc?s=96&d=mm&r=g\",\"caption\":\"dlefur\"},\"logo\":{\"@id\":\"https:\/\/wordpress.callac.online\/#\/schema\/person\/image\/\"},\"description\":\"Enseignant de math\u00e9matiques Lyc\u00e9e Pasteur S\u00e3o Paulo\",\"sameAs\":[\"http:\/\/wordpress.callac.online\"]}]}<\/script>\n<!-- \/ Yoast SEO plugin. -->","yoast_head_json":{"title":"Des conseils d'utilisation - Maths &amp; Num\u00e9rique","robots":{"index":"index","follow":"follow","max-snippet":"max-snippet:-1","max-image-preview":"max-image-preview:large","max-video-preview":"max-video-preview:-1"},"canonical":"https:\/\/wordpress.callac.online\/index.php\/edition-mathematique\/professor\/generalites-sur-professor-sty\/des-conseils-dutilisation\/","og_locale":"fr_FR","og_type":"article","og_title":"Des conseils d'utilisation - Maths &amp; Num\u00e9rique","og_description":"Comment d\u00e9buter Une solution consiste \u00e0 utiliser l&rsquo;interface graphique\u00a0 ProfessorGUI. Vous aurez une bonne vue d&rsquo;ensemble de tous les environnements existants mais aussi une grande facilit\u00e9 pour comprendre et tester&hellip;","og_url":"https:\/\/wordpress.callac.online\/index.php\/edition-mathematique\/professor\/generalites-sur-professor-sty\/des-conseils-dutilisation\/","og_site_name":"Maths &amp; Num\u00e9rique","article_modified_time":"2023-10-14T18:12:17+00:00","twitter_card":"summary_large_image","twitter_misc":{"Dur\u00e9e de lecture estim\u00e9e":"1 minute"},"schema":{"@context":"https:\/\/schema.org","@graph":[{"@type":"WebPage","@id":"https:\/\/wordpress.callac.online\/index.php\/edition-mathematique\/professor\/generalites-sur-professor-sty\/des-conseils-dutilisation\/","url":"https:\/\/wordpress.callac.online\/index.php\/edition-mathematique\/professor\/generalites-sur-professor-sty\/des-conseils-dutilisation\/","name":"Des conseils d'utilisation - Maths &amp; Num\u00e9rique","isPartOf":{"@id":"https:\/\/wordpress.callac.online\/#website"},"datePublished":"2008-07-05T09:08:01+00:00","dateModified":"2023-10-14T18:12:17+00:00","breadcrumb":{"@id":"https:\/\/wordpress.callac.online\/index.php\/edition-mathematique\/professor\/generalites-sur-professor-sty\/des-conseils-dutilisation\/#breadcrumb"},"inLanguage":"fr-FR","potentialAction":[{"@type":"ReadAction","target":["https:\/\/wordpress.callac.online\/index.php\/edition-mathematique\/professor\/generalites-sur-professor-sty\/des-conseils-dutilisation\/"]}]},{"@type":"BreadcrumbList","@id":"https:\/\/wordpress.callac.online\/index.php\/edition-mathematique\/professor\/generalites-sur-professor-sty\/des-conseils-dutilisation\/#breadcrumb","itemListElement":[{"@type":"ListItem","position":1,"name":"Accueil","item":"https:\/\/wordpress.callac.online\/"},{"@type":"ListItem","position":2,"name":"\u00c9dition math\u00e9matique","item":"https:\/\/wordpress.callac.online\/index.php\/edition-mathematique\/"},{"@type":"ListItem","position":3,"name":"Professor","item":"https:\/\/wordpress.callac.online\/index.php\/edition-mathematique\/professor\/"},{"@type":"ListItem","position":4,"name":"G\u00e9n\u00e9ralit\u00e9s sur Professor.sty","item":"https:\/\/wordpress.callac.online\/index.php\/edition-mathematique\/professor\/generalites-sur-professor-sty\/"},{"@type":"ListItem","position":5,"name":"Des conseils d&#8217;utilisation"}]},{"@type":"WebSite","@id":"https:\/\/wordpress.callac.online\/#website","url":"https:\/\/wordpress.callac.online\/","name":"Maths & Num\u00e9rique","description":"Des outils pour les enseignants de math\u00e9matiques et de num\u00e9rique","publisher":{"@id":"https:\/\/wordpress.callac.online\/#\/schema\/person\/04061f1ca2c2c42039142a704be95940"},"potentialAction":[{"@type":"SearchAction","target":{"@type":"EntryPoint","urlTemplate":"https:\/\/wordpress.callac.online\/?s={search_term_string}"},"query-input":{"@type":"PropertyValueSpecification","valueRequired":true,"valueName":"search_term_string"}}],"inLanguage":"fr-FR"},{"@type":["Person","Organization"],"@id":"https:\/\/wordpress.callac.online\/#\/schema\/person\/04061f1ca2c2c42039142a704be95940","name":"dlefur","image":{"@type":"ImageObject","inLanguage":"fr-FR","@id":"https:\/\/wordpress.callac.online\/#\/schema\/person\/image\/","url":"https:\/\/secure.gravatar.com\/avatar\/4a9e17be136808c6597f28aa2b6c13126dab066fdc2198ff60090972c9b7fafc?s=96&d=mm&r=g","contentUrl":"https:\/\/secure.gravatar.com\/avatar\/4a9e17be136808c6597f28aa2b6c13126dab066fdc2198ff60090972c9b7fafc?s=96&d=mm&r=g","caption":"dlefur"},"logo":{"@id":"https:\/\/wordpress.callac.online\/#\/schema\/person\/image\/"},"description":"Enseignant de math\u00e9matiques Lyc\u00e9e Pasteur S\u00e3o Paulo","sameAs":["http:\/\/wordpress.callac.online"]}]}},"_links":{"self":[{"href":"https:\/\/wordpress.callac.online\/index.php\/wp-json\/wp\/v2\/pages\/183","targetHints":{"allow":["GET"]}}],"collection":[{"href":"https:\/\/wordpress.callac.online\/index.php\/wp-json\/wp\/v2\/pages"}],"about":[{"href":"https:\/\/wordpress.callac.online\/index.php\/wp-json\/wp\/v2\/types\/page"}],"author":[{"embeddable":true,"href":"https:\/\/wordpress.callac.online\/index.php\/wp-json\/wp\/v2\/users\/1"}],"replies":[{"embeddable":true,"href":"https:\/\/wordpress.callac.online\/index.php\/wp-json\/wp\/v2\/comments?post=183"}],"version-history":[{"count":2,"href":"https:\/\/wordpress.callac.online\/index.php\/wp-json\/wp\/v2\/pages\/183\/revisions"}],"predecessor-version":[{"id":2627,"href":"https:\/\/wordpress.callac.online\/index.php\/wp-json\/wp\/v2\/pages\/183\/revisions\/2627"}],"up":[{"embeddable":true,"href":"https:\/\/wordpress.callac.online\/index.php\/wp-json\/wp\/v2\/pages\/2251"}],"wp:attachment":[{"href":"https:\/\/wordpress.callac.online\/index.php\/wp-json\/wp\/v2\/media?parent=183"}],"curies":[{"name":"wp","href":"https:\/\/api.w.org\/{rel}","templated":true}]}}