{"id":185,"date":"2008-07-05T10:47:49","date_gmt":"2008-07-05T08:47:49","guid":{"rendered":"http:\/\/wordpress.callac.online\/index.php\/le-paquet-pro-glineor\/"},"modified":"2023-10-14T20:12:25","modified_gmt":"2023-10-14T18:12:25","slug":"le-paquet-pro-glineor","status":"publish","type":"page","link":"https:\/\/wordpress.callac.online\/index.php\/edition-mathematique\/professor\/les-paquets-de-professor-sty-2\/paquets-obsoletes\/le-paquet-pro-glineor\/","title":{"rendered":"Le paquet pro-glineor"},"content":{"rendered":"<p>Cet outil a pour but de faciliter la r\u00e9daction de documents sur <strong>la programmation lin\u00e9aire<\/strong>.<\/p>\n<h2>Dans le pr\u00e9ambule<\/h2>\n<hr \/>\n<p>On rajoute ceci :<\/p>\n<p><code>\\usepackage[xcas]{pro-glineor}<\/code><\/p>\n<hr \/>\n<h2>proglin<\/h2>\n<hr \/>\n<p>Cet environnement sert \u00e0 trouver le polygone solution.<\/p>\n<pre class=\"EnlighterJSRAW\" data-enlighter-language=\"latex\">\\begin{proglin}\n  proglin([y,30*x+80*y-60000,y-500,0.05*x+0.1*y-90],[p,m,m,m],[0],[p])\n\\end{proglin}<\/pre>\n<p>On obtient :<\/p>\n<p><img loading=\"lazy\" decoding=\"async\" class=\" aligncenter size-full wp-image-737\" src=\"http:\/\/wordpress.callac.online\/wp-content\/uploads\/2008\/07\/jpg_proglin.jpg\" alt=\"proglin.jpg\" width=\"600\" height=\"363\" align=\"center\" srcset=\"https:\/\/wordpress.callac.online\/wp-content\/uploads\/2008\/07\/jpg_proglin.jpg 600w, https:\/\/wordpress.callac.online\/wp-content\/uploads\/2008\/07\/jpg_proglin-300x182.jpg 300w\" sizes=\"auto, (max-width: 600px) 100vw, 600px\" \/><\/p>\n<h2>proglinb<\/h2>\n<hr \/>\n<p>Cet environnement sert \u00e0 trouver le polygone solution ainsi que le b\u00e9n\u00e9fice maximum.<\/p>\n<pre class=\"EnlighterJSRAW\" data-enlighter-language=\"latex\">\\begin{proglinb}\n  proglinb([y,30*x+80*y-60000,y-500,0.05*x+0.1*y-90],[p,m,m,m],[0],[p],8*x+20*y,1,3)\n\\end{proglinb}<\/pre>\n<p>On obtient :<\/p>\n<p><img loading=\"lazy\" decoding=\"async\" class=\" aligncenter size-full wp-image-738\" src=\"http:\/\/wordpress.callac.online\/wp-content\/uploads\/2008\/07\/jpg_proglinb.jpg\" alt=\"proglinb.jpg\" width=\"604\" height=\"361\" align=\"center\" srcset=\"https:\/\/wordpress.callac.online\/wp-content\/uploads\/2008\/07\/jpg_proglinb.jpg 604w, https:\/\/wordpress.callac.online\/wp-content\/uploads\/2008\/07\/jpg_proglinb-300x179.jpg 300w\" sizes=\"auto, (max-width: 604px) 100vw, 604px\" \/><\/p>\n","protected":false},"excerpt":{"rendered":"<p>Cet outil a pour but de faciliter la r\u00e9daction de documents sur la programmation lin\u00e9aire. Dans le pr\u00e9ambule On rajoute ceci : \\usepackage[xcas]{pro-glineor} proglin Cet environnement sert \u00e0 trouver le&hellip;<\/p>\n","protected":false},"author":1,"featured_media":0,"parent":2249,"menu_order":0,"comment_status":"closed","ping_status":"closed","template":"","meta":{"footnotes":""},"class_list":["post-185","page","type-page","status-publish","hentry"],"yoast_head":"<!-- This site is optimized with the Yoast SEO plugin v27.1.1 - https:\/\/yoast.com\/product\/yoast-seo-wordpress\/ -->\n<title>Le paquet pro-glineor - Maths &amp; Num\u00e9rique<\/title>\n<meta name=\"robots\" content=\"index, follow, max-snippet:-1, max-image-preview:large, max-video-preview:-1\" \/>\n<link rel=\"canonical\" href=\"https:\/\/wordpress.callac.online\/index.php\/edition-mathematique\/professor\/les-paquets-de-professor-sty-2\/paquets-obsoletes\/le-paquet-pro-glineor\/\" \/>\n<meta property=\"og:locale\" content=\"fr_FR\" \/>\n<meta property=\"og:type\" content=\"article\" \/>\n<meta property=\"og:title\" content=\"Le paquet pro-glineor - Maths &amp; Num\u00e9rique\" \/>\n<meta property=\"og:description\" content=\"Cet outil a pour but de faciliter la r\u00e9daction de documents sur la programmation lin\u00e9aire. Dans le pr\u00e9ambule On rajoute ceci : usepackage[xcas]{pro-glineor} proglin Cet environnement sert \u00e0 trouver le&hellip;\" \/>\n<meta property=\"og:url\" content=\"https:\/\/wordpress.callac.online\/index.php\/edition-mathematique\/professor\/les-paquets-de-professor-sty-2\/paquets-obsoletes\/le-paquet-pro-glineor\/\" \/>\n<meta property=\"og:site_name\" content=\"Maths &amp; Num\u00e9rique\" \/>\n<meta property=\"article:modified_time\" content=\"2023-10-14T18:12:25+00:00\" \/>\n<meta property=\"og:image\" content=\"http:\/\/wordpress.callac.online\/wp-content\/uploads\/2008\/07\/jpg_proglin.jpg\" \/>\n<meta name=\"twitter:card\" content=\"summary_large_image\" \/>\n<script type=\"application\/ld+json\" class=\"yoast-schema-graph\">{\"@context\":\"https:\/\/schema.org\",\"@graph\":[{\"@type\":\"WebPage\",\"@id\":\"https:\/\/wordpress.callac.online\/index.php\/edition-mathematique\/professor\/les-paquets-de-professor-sty-2\/paquets-obsoletes\/le-paquet-pro-glineor\/\",\"url\":\"https:\/\/wordpress.callac.online\/index.php\/edition-mathematique\/professor\/les-paquets-de-professor-sty-2\/paquets-obsoletes\/le-paquet-pro-glineor\/\",\"name\":\"Le paquet pro-glineor - Maths &amp; Num\u00e9rique\",\"isPartOf\":{\"@id\":\"https:\/\/wordpress.callac.online\/#website\"},\"primaryImageOfPage\":{\"@id\":\"https:\/\/wordpress.callac.online\/index.php\/edition-mathematique\/professor\/les-paquets-de-professor-sty-2\/paquets-obsoletes\/le-paquet-pro-glineor\/#primaryimage\"},\"image\":{\"@id\":\"https:\/\/wordpress.callac.online\/index.php\/edition-mathematique\/professor\/les-paquets-de-professor-sty-2\/paquets-obsoletes\/le-paquet-pro-glineor\/#primaryimage\"},\"thumbnailUrl\":\"http:\/\/wordpress.callac.online\/wp-content\/uploads\/2008\/07\/jpg_proglin.jpg\",\"datePublished\":\"2008-07-05T08:47:49+00:00\",\"dateModified\":\"2023-10-14T18:12:25+00:00\",\"breadcrumb\":{\"@id\":\"https:\/\/wordpress.callac.online\/index.php\/edition-mathematique\/professor\/les-paquets-de-professor-sty-2\/paquets-obsoletes\/le-paquet-pro-glineor\/#breadcrumb\"},\"inLanguage\":\"fr-FR\",\"potentialAction\":[{\"@type\":\"ReadAction\",\"target\":[\"https:\/\/wordpress.callac.online\/index.php\/edition-mathematique\/professor\/les-paquets-de-professor-sty-2\/paquets-obsoletes\/le-paquet-pro-glineor\/\"]}]},{\"@type\":\"ImageObject\",\"inLanguage\":\"fr-FR\",\"@id\":\"https:\/\/wordpress.callac.online\/index.php\/edition-mathematique\/professor\/les-paquets-de-professor-sty-2\/paquets-obsoletes\/le-paquet-pro-glineor\/#primaryimage\",\"url\":\"https:\/\/wordpress.callac.online\/wp-content\/uploads\/2008\/07\/jpg_proglin.jpg\",\"contentUrl\":\"https:\/\/wordpress.callac.online\/wp-content\/uploads\/2008\/07\/jpg_proglin.jpg\",\"width\":600,\"height\":363,\"caption\":\"proglin.jpg\"},{\"@type\":\"BreadcrumbList\",\"@id\":\"https:\/\/wordpress.callac.online\/index.php\/edition-mathematique\/professor\/les-paquets-de-professor-sty-2\/paquets-obsoletes\/le-paquet-pro-glineor\/#breadcrumb\",\"itemListElement\":[{\"@type\":\"ListItem\",\"position\":1,\"name\":\"Accueil\",\"item\":\"https:\/\/wordpress.callac.online\/\"},{\"@type\":\"ListItem\",\"position\":2,\"name\":\"\u00c9dition math\u00e9matique\",\"item\":\"https:\/\/wordpress.callac.online\/index.php\/edition-mathematique\/\"},{\"@type\":\"ListItem\",\"position\":3,\"name\":\"Professor\",\"item\":\"https:\/\/wordpress.callac.online\/index.php\/edition-mathematique\/professor\/\"},{\"@type\":\"ListItem\",\"position\":4,\"name\":\"Les paquets de Professor.sty\",\"item\":\"https:\/\/wordpress.callac.online\/index.php\/edition-mathematique\/professor\/les-paquets-de-professor-sty-2\/\"},{\"@type\":\"ListItem\",\"position\":5,\"name\":\"Paquets obsol\u00e8tes ou moins importants\",\"item\":\"https:\/\/wordpress.callac.online\/index.php\/edition-mathematique\/professor\/les-paquets-de-professor-sty-2\/paquets-obsoletes\/\"},{\"@type\":\"ListItem\",\"position\":6,\"name\":\"Le paquet pro-glineor\"}]},{\"@type\":\"WebSite\",\"@id\":\"https:\/\/wordpress.callac.online\/#website\",\"url\":\"https:\/\/wordpress.callac.online\/\",\"name\":\"Maths & Num\u00e9rique\",\"description\":\"Des outils pour les enseignants de math\u00e9matiques et de num\u00e9rique\",\"publisher\":{\"@id\":\"https:\/\/wordpress.callac.online\/#\/schema\/person\/04061f1ca2c2c42039142a704be95940\"},\"potentialAction\":[{\"@type\":\"SearchAction\",\"target\":{\"@type\":\"EntryPoint\",\"urlTemplate\":\"https:\/\/wordpress.callac.online\/?s={search_term_string}\"},\"query-input\":{\"@type\":\"PropertyValueSpecification\",\"valueRequired\":true,\"valueName\":\"search_term_string\"}}],\"inLanguage\":\"fr-FR\"},{\"@type\":[\"Person\",\"Organization\"],\"@id\":\"https:\/\/wordpress.callac.online\/#\/schema\/person\/04061f1ca2c2c42039142a704be95940\",\"name\":\"dlefur\",\"image\":{\"@type\":\"ImageObject\",\"inLanguage\":\"fr-FR\",\"@id\":\"https:\/\/wordpress.callac.online\/#\/schema\/person\/image\/\",\"url\":\"https:\/\/secure.gravatar.com\/avatar\/4a9e17be136808c6597f28aa2b6c13126dab066fdc2198ff60090972c9b7fafc?s=96&d=mm&r=g\",\"contentUrl\":\"https:\/\/secure.gravatar.com\/avatar\/4a9e17be136808c6597f28aa2b6c13126dab066fdc2198ff60090972c9b7fafc?s=96&d=mm&r=g\",\"caption\":\"dlefur\"},\"logo\":{\"@id\":\"https:\/\/wordpress.callac.online\/#\/schema\/person\/image\/\"},\"description\":\"Enseignant de math\u00e9matiques Lyc\u00e9e Pasteur S\u00e3o Paulo\",\"sameAs\":[\"http:\/\/wordpress.callac.online\"]}]}<\/script>\n<!-- \/ Yoast SEO plugin. -->","yoast_head_json":{"title":"Le paquet pro-glineor - Maths &amp; Num\u00e9rique","robots":{"index":"index","follow":"follow","max-snippet":"max-snippet:-1","max-image-preview":"max-image-preview:large","max-video-preview":"max-video-preview:-1"},"canonical":"https:\/\/wordpress.callac.online\/index.php\/edition-mathematique\/professor\/les-paquets-de-professor-sty-2\/paquets-obsoletes\/le-paquet-pro-glineor\/","og_locale":"fr_FR","og_type":"article","og_title":"Le paquet pro-glineor - Maths &amp; Num\u00e9rique","og_description":"Cet outil a pour but de faciliter la r\u00e9daction de documents sur la programmation lin\u00e9aire. Dans le pr\u00e9ambule On rajoute ceci : usepackage[xcas]{pro-glineor} proglin Cet environnement sert \u00e0 trouver le&hellip;","og_url":"https:\/\/wordpress.callac.online\/index.php\/edition-mathematique\/professor\/les-paquets-de-professor-sty-2\/paquets-obsoletes\/le-paquet-pro-glineor\/","og_site_name":"Maths &amp; Num\u00e9rique","article_modified_time":"2023-10-14T18:12:25+00:00","og_image":[{"url":"http:\/\/wordpress.callac.online\/wp-content\/uploads\/2008\/07\/jpg_proglin.jpg","type":"","width":"","height":""}],"twitter_card":"summary_large_image","schema":{"@context":"https:\/\/schema.org","@graph":[{"@type":"WebPage","@id":"https:\/\/wordpress.callac.online\/index.php\/edition-mathematique\/professor\/les-paquets-de-professor-sty-2\/paquets-obsoletes\/le-paquet-pro-glineor\/","url":"https:\/\/wordpress.callac.online\/index.php\/edition-mathematique\/professor\/les-paquets-de-professor-sty-2\/paquets-obsoletes\/le-paquet-pro-glineor\/","name":"Le paquet pro-glineor - Maths &amp; Num\u00e9rique","isPartOf":{"@id":"https:\/\/wordpress.callac.online\/#website"},"primaryImageOfPage":{"@id":"https:\/\/wordpress.callac.online\/index.php\/edition-mathematique\/professor\/les-paquets-de-professor-sty-2\/paquets-obsoletes\/le-paquet-pro-glineor\/#primaryimage"},"image":{"@id":"https:\/\/wordpress.callac.online\/index.php\/edition-mathematique\/professor\/les-paquets-de-professor-sty-2\/paquets-obsoletes\/le-paquet-pro-glineor\/#primaryimage"},"thumbnailUrl":"http:\/\/wordpress.callac.online\/wp-content\/uploads\/2008\/07\/jpg_proglin.jpg","datePublished":"2008-07-05T08:47:49+00:00","dateModified":"2023-10-14T18:12:25+00:00","breadcrumb":{"@id":"https:\/\/wordpress.callac.online\/index.php\/edition-mathematique\/professor\/les-paquets-de-professor-sty-2\/paquets-obsoletes\/le-paquet-pro-glineor\/#breadcrumb"},"inLanguage":"fr-FR","potentialAction":[{"@type":"ReadAction","target":["https:\/\/wordpress.callac.online\/index.php\/edition-mathematique\/professor\/les-paquets-de-professor-sty-2\/paquets-obsoletes\/le-paquet-pro-glineor\/"]}]},{"@type":"ImageObject","inLanguage":"fr-FR","@id":"https:\/\/wordpress.callac.online\/index.php\/edition-mathematique\/professor\/les-paquets-de-professor-sty-2\/paquets-obsoletes\/le-paquet-pro-glineor\/#primaryimage","url":"https:\/\/wordpress.callac.online\/wp-content\/uploads\/2008\/07\/jpg_proglin.jpg","contentUrl":"https:\/\/wordpress.callac.online\/wp-content\/uploads\/2008\/07\/jpg_proglin.jpg","width":600,"height":363,"caption":"proglin.jpg"},{"@type":"BreadcrumbList","@id":"https:\/\/wordpress.callac.online\/index.php\/edition-mathematique\/professor\/les-paquets-de-professor-sty-2\/paquets-obsoletes\/le-paquet-pro-glineor\/#breadcrumb","itemListElement":[{"@type":"ListItem","position":1,"name":"Accueil","item":"https:\/\/wordpress.callac.online\/"},{"@type":"ListItem","position":2,"name":"\u00c9dition math\u00e9matique","item":"https:\/\/wordpress.callac.online\/index.php\/edition-mathematique\/"},{"@type":"ListItem","position":3,"name":"Professor","item":"https:\/\/wordpress.callac.online\/index.php\/edition-mathematique\/professor\/"},{"@type":"ListItem","position":4,"name":"Les paquets de Professor.sty","item":"https:\/\/wordpress.callac.online\/index.php\/edition-mathematique\/professor\/les-paquets-de-professor-sty-2\/"},{"@type":"ListItem","position":5,"name":"Paquets obsol\u00e8tes ou moins importants","item":"https:\/\/wordpress.callac.online\/index.php\/edition-mathematique\/professor\/les-paquets-de-professor-sty-2\/paquets-obsoletes\/"},{"@type":"ListItem","position":6,"name":"Le paquet pro-glineor"}]},{"@type":"WebSite","@id":"https:\/\/wordpress.callac.online\/#website","url":"https:\/\/wordpress.callac.online\/","name":"Maths & Num\u00e9rique","description":"Des outils pour les enseignants de math\u00e9matiques et de num\u00e9rique","publisher":{"@id":"https:\/\/wordpress.callac.online\/#\/schema\/person\/04061f1ca2c2c42039142a704be95940"},"potentialAction":[{"@type":"SearchAction","target":{"@type":"EntryPoint","urlTemplate":"https:\/\/wordpress.callac.online\/?s={search_term_string}"},"query-input":{"@type":"PropertyValueSpecification","valueRequired":true,"valueName":"search_term_string"}}],"inLanguage":"fr-FR"},{"@type":["Person","Organization"],"@id":"https:\/\/wordpress.callac.online\/#\/schema\/person\/04061f1ca2c2c42039142a704be95940","name":"dlefur","image":{"@type":"ImageObject","inLanguage":"fr-FR","@id":"https:\/\/wordpress.callac.online\/#\/schema\/person\/image\/","url":"https:\/\/secure.gravatar.com\/avatar\/4a9e17be136808c6597f28aa2b6c13126dab066fdc2198ff60090972c9b7fafc?s=96&d=mm&r=g","contentUrl":"https:\/\/secure.gravatar.com\/avatar\/4a9e17be136808c6597f28aa2b6c13126dab066fdc2198ff60090972c9b7fafc?s=96&d=mm&r=g","caption":"dlefur"},"logo":{"@id":"https:\/\/wordpress.callac.online\/#\/schema\/person\/image\/"},"description":"Enseignant de math\u00e9matiques Lyc\u00e9e Pasteur S\u00e3o Paulo","sameAs":["http:\/\/wordpress.callac.online"]}]}},"_links":{"self":[{"href":"https:\/\/wordpress.callac.online\/index.php\/wp-json\/wp\/v2\/pages\/185","targetHints":{"allow":["GET"]}}],"collection":[{"href":"https:\/\/wordpress.callac.online\/index.php\/wp-json\/wp\/v2\/pages"}],"about":[{"href":"https:\/\/wordpress.callac.online\/index.php\/wp-json\/wp\/v2\/types\/page"}],"author":[{"embeddable":true,"href":"https:\/\/wordpress.callac.online\/index.php\/wp-json\/wp\/v2\/users\/1"}],"replies":[{"embeddable":true,"href":"https:\/\/wordpress.callac.online\/index.php\/wp-json\/wp\/v2\/comments?post=185"}],"version-history":[{"count":3,"href":"https:\/\/wordpress.callac.online\/index.php\/wp-json\/wp\/v2\/pages\/185\/revisions"}],"predecessor-version":[{"id":2338,"href":"https:\/\/wordpress.callac.online\/index.php\/wp-json\/wp\/v2\/pages\/185\/revisions\/2338"}],"up":[{"embeddable":true,"href":"https:\/\/wordpress.callac.online\/index.php\/wp-json\/wp\/v2\/pages\/2249"}],"wp:attachment":[{"href":"https:\/\/wordpress.callac.online\/index.php\/wp-json\/wp\/v2\/media?parent=185"}],"curies":[{"name":"wp","href":"https:\/\/api.w.org\/{rel}","templated":true}]}}