{"id":187,"date":"2008-07-23T20:47:08","date_gmt":"2008-07-23T18:47:08","guid":{"rendered":"http:\/\/wordpress.callac.online\/index.php\/le-paquet-pro-graphes\/"},"modified":"2023-10-14T20:12:22","modified_gmt":"2023-10-14T18:12:22","slug":"le-paquet-pro-graphes","status":"publish","type":"page","link":"https:\/\/wordpress.callac.online\/index.php\/edition-mathematique\/professor\/les-paquets-de-professor-sty-2\/le-paquet-pro-graphes\/","title":{"rendered":"Le paquet pro-graphes"},"content":{"rendered":"<p>Cet outil a pour but de faciliter la r\u00e9daction de documents sur <strong>les graphes<\/strong>.<\/p>\n<p>Il permettra de cr\u00e9er :<br \/>\n&#8211; des graphes probabilistes ;<br \/>\n&#8211; des graphes orient\u00e9s ou non, pond\u00e9r\u00e9s ou non ;<br \/>\n&#8211; des graphes color\u00e9s ;<br \/>\n&#8211; le code latex de la matrice associ\u00e9 ou de celle-ci \u00e0 la puissance n ;<br \/>\n&#8211; un tableau des degr\u00e9s des sommets avec l&rsquo;application des th\u00e9or\u00e8mes d&rsquo;Euler ;<br \/>\n&#8211; le tableau correspondant \u00e0 l&rsquo;algorithme de Dijkstra.<\/p>\n<p>Lors de la cr\u00e9ation des graphes, on pourra si besoin repositionner les sommets pour am\u00e9liorer sa lisibilit\u00e9.<\/p>\n<h2>Dans le pr\u00e9ambule<\/h2>\n<hr \/>\n<p>On rajoute ceci :<\/p>\n<p><code>\\usepackage[xcas]{pro-graphes}<\/code><\/p>\n<h2>pro-grapheproba<\/h2>\n<hr \/>\n<p>Cet environnement sert \u00e0 construire un graphe probabiliste.<\/p>\n<pre class=\"EnlighterJSRAW\" data-enlighter-language=\"latex\">\\begin{pro-grapheproba}{1}\n[\"A\",\"B\"],\n[\n[\"$@dfrac{1}{4}$\",\"$@dfrac{3}{4}$\"],\n[\"$@dfrac{7}{9}$\",\"$@dfrac{2}{9}$\"]\n],\n[\n[\"titre-gauche\",\"Graphe probabiliste\"]\n]\n\\end{pro-grapheproba}<\/pre>\n<p>On obtient :<\/p>\n<p><img loading=\"lazy\" decoding=\"async\" class=\" aligncenter size-full wp-image-744\" src=\"http:\/\/wordpress.callac.online\/wp-content\/uploads\/2008\/07\/jpg_graphe1-2.jpg\" alt=\"graphe1-2.jpg\" width=\"513\" height=\"344\" align=\"center\" srcset=\"https:\/\/wordpress.callac.online\/wp-content\/uploads\/2008\/07\/jpg_graphe1-2.jpg 513w, https:\/\/wordpress.callac.online\/wp-content\/uploads\/2008\/07\/jpg_graphe1-2-300x201.jpg 300w\" sizes=\"auto, (max-width: 513px) 100vw, 513px\" \/><\/p>\n<p><span style=\"color: red;\"><br \/>\n<em>NB : le code source correspondant est enregistr\u00e9 dans le fichier : <\/em><\/span><\/p>\n<p><span style=\"color: red;\"><em>nomfichier_grapheprob i.mp, la valeur i \u00e9tant donn\u00e9e en argument.<\/em><br \/>\n<\/span><\/p>\n<h2>pro-tableg<\/h2>\n<hr \/>\n<p>Cet environnement sert \u00e0 construire le code latex de la matrice associ\u00e9e.<\/p>\n<pre class=\"EnlighterJSRAW\" data-enlighter-language=\"latex\">\\begin{pro-tableg}{1}\n[\"M\"],\n[\n[1,2,3],\n[4,5,6],\n[7,8,9]\n]\n\\end{pro-tableg}<\/pre>\n<p>On obtient :<\/p>\n<p><img loading=\"lazy\" decoding=\"async\" class=\" aligncenter size-full wp-image-745\" src=\"http:\/\/wordpress.callac.online\/wp-content\/uploads\/2008\/07\/jpg_tableg.jpg\" alt=\"tableg.jpg\" width=\"178\" height=\"95\" align=\"center\" \/><\/p>\n<p><span style=\"color: red;\"><br \/>\n<em>NB : le code source correspondant est enregistr\u00e9 dans le fichier : <\/em><\/span><\/p>\n<p><span style=\"color: red;\"><em>nomfichier_tableg i.tex, la valeur i \u00e9tant donn\u00e9e en argument.<\/em><br \/>\n<\/span><\/p>\n<h2>pro-tablegp<\/h2>\n<hr \/>\n<p>Cet environnement sert \u00e0 construire le code latex de la matrice associ\u00e9e \u00e9lev\u00e9e \u00e0 la puissance n.<\/p>\n<pre class=\"EnlighterJSRAW\" data-enlighter-language=\"latex\">\\begin{pro-tablegp}{1}\n[\"M\"],\n[\n[1,2,3],\n[4,5,6],\n[7,8,9]\n],\n3\n\\end{pro-tablegp}<\/pre>\n<p>On obtient :<\/p>\n<p><img loading=\"lazy\" decoding=\"async\" class=\" aligncenter size-full wp-image-746\" src=\"http:\/\/wordpress.callac.online\/wp-content\/uploads\/2008\/07\/jpg_tablegp.jpg\" alt=\"tablegp.jpg\" width=\"308\" height=\"117\" align=\"center\" srcset=\"https:\/\/wordpress.callac.online\/wp-content\/uploads\/2008\/07\/jpg_tablegp.jpg 308w, https:\/\/wordpress.callac.online\/wp-content\/uploads\/2008\/07\/jpg_tablegp-300x114.jpg 300w\" sizes=\"auto, (max-width: 308px) 100vw, 308px\" \/><\/p>\n<p><span style=\"color: red;\"><br \/>\n<em>NB : le code source correspondant est enregistr\u00e9 dans le fichier : <\/em><\/span><\/p>\n<p><span style=\"color: red;\"><em>nomfichier_tablegp i.tex, la valeur i \u00e9tant donn\u00e9e en argument.<\/em><br \/>\n<\/span><\/p>\n<h2>pro-graphedessin<\/h2>\n<hr \/>\n<p>Cet environnement sert \u00e0 construire un graphe.<\/p>\n<p>Par d\u00e9faut, le graphe est non orient\u00e9 et non pond\u00e9r\u00e9. On utilise la partie haute de la matrice comme information.<\/p>\n<p>Les ar\u00eates sont dessin\u00e9es par des segments.<\/p>\n<pre class=\"EnlighterJSRAW\" data-enlighter-language=\"generic\">\\begin{pro-graphedessin}{1}\n[\"A\",\"B\",\"C\",\"D\"],\n[\n[0,1,0,1],\n[1,0,1,1],\n[0,1,0,1],\n[1,1,1,0]\n],\n[\n[\"titre-gauche\",\"Graphe par defaut (non oriente, non pondere)\"]\n]\n\\end{pro-graphedessin}<\/pre>\n<p>On obtient :<\/p>\n<p><img loading=\"lazy\" decoding=\"async\" class=\" aligncenter size-full wp-image-747\" src=\"http:\/\/wordpress.callac.online\/wp-content\/uploads\/2008\/07\/jpg_graphe2-2.jpg\" alt=\"graphe2-2.jpg\" width=\"702\" height=\"544\" align=\"center\" srcset=\"https:\/\/wordpress.callac.online\/wp-content\/uploads\/2008\/07\/jpg_graphe2-2.jpg 702w, https:\/\/wordpress.callac.online\/wp-content\/uploads\/2008\/07\/jpg_graphe2-2-300x232.jpg 300w\" sizes=\"auto, (max-width: 702px) 100vw, 702px\" \/><\/p>\n<p><span style=\"color: red;\"><br \/>\n<em>NB : le code source correspondant est enregistr\u00e9 dans le fichier : <\/em><\/span><\/p>\n<p><span style=\"color: red;\"><em>nomfichier_graphedessin i.mp, la valeur i \u00e9tant donn\u00e9e en argument.<\/em><br \/>\n<\/span><\/p>\n<h2>pro-greuler<\/h2>\n<hr \/>\n<p>Cet environnement sert \u00e0 construire le tableau des degr\u00e9s des sommets ainsi que l&rsquo;application des th\u00e9or\u00e8mes d&rsquo;Euler.<\/p>\n<pre class=\"EnlighterJSRAW\" data-enlighter-language=\"latex\">\\begin{pro-greuler}{1}\n[\"A\",\"B\",\"C\",\"D\"],\n[\n[0,1,0,1],\n[1,0,1,1],\n[0,1,0,1],\n[1,1,1,0]\n]\n\\end{pro-greuler}<\/pre>\n<p>On obtient :<\/p>\n<p><img loading=\"lazy\" decoding=\"async\" class=\" aligncenter size-full wp-image-748\" src=\"http:\/\/wordpress.callac.online\/wp-content\/uploads\/2008\/07\/jpg_greuler.jpg\" alt=\"greuler.jpg\" width=\"712\" height=\"175\" align=\"center\" srcset=\"https:\/\/wordpress.callac.online\/wp-content\/uploads\/2008\/07\/jpg_greuler.jpg 712w, https:\/\/wordpress.callac.online\/wp-content\/uploads\/2008\/07\/jpg_greuler-300x74.jpg 300w\" sizes=\"auto, (max-width: 712px) 100vw, 712px\" \/><\/p>\n<p><span style=\"color: red;\"><br \/>\n<em>NB : le code source correspondant est enregistr\u00e9 dans le fichier : <\/em><\/span><\/p>\n<p><span style=\"color: red;\"><em>nomfichier_greuler i.tex, la valeur i \u00e9tant donn\u00e9e en argument.<\/em><br \/>\n<\/span><\/p>\n<h2>Exemple de graphe color\u00e9<\/h2>\n<hr \/>\n<pre class=\"EnlighterJSRAW\" data-enlighter-language=\"latex\">\\begin{pro-graphedessin}{2}\n[\"A\",\"B\",\"C\",\"D\"],\n[\n[0,1,0,1],\n[1,0,1,1],\n[0,1,0,1],\n[1,1,1,0]\n],\n[\n[\"titre-gauche\",\"Graphe colorie\"],\n[\"graphe-colorie\",[\"rouge\",\"jaune\",\"rouge\",\"bleu\"]]\n]\n\\end{pro-graphedessin}<\/pre>\n<p>On obtient :<\/p>\n<p><img loading=\"lazy\" decoding=\"async\" class=\" aligncenter size-full wp-image-749\" src=\"http:\/\/wordpress.callac.online\/wp-content\/uploads\/2008\/07\/jpg_graphe3-2.jpg\" alt=\"graphe3-2.jpg\" width=\"703\" height=\"542\" align=\"center\" srcset=\"https:\/\/wordpress.callac.online\/wp-content\/uploads\/2008\/07\/jpg_graphe3-2.jpg 703w, https:\/\/wordpress.callac.online\/wp-content\/uploads\/2008\/07\/jpg_graphe3-2-300x231.jpg 300w\" sizes=\"auto, (max-width: 703px) 100vw, 703px\" \/><\/p>\n<h2>Exemple de graphe pond\u00e9r\u00e9<\/h2>\n<hr \/>\n<pre class=\"EnlighterJSRAW\" data-enlighter-language=\"latex\">\\begin{pro-graphedessin}{3}\n[\"A\",\"B\",\"C\",\"D\",\"E\",\"G\",\"F\"],\n[\n[0,5,7,0,0,0,0],\n[5,0,0,8,15,6,0],\n[7,0,0,10,15,0,0],\n[0,8,10,0,0,10,20],\n[0,15,15,0,0,0,5],\n[0,6,0,10,0,0,0],\n[0,0,0,20,5,0,0]\n],\n[\n[\"titre-gauche\",\"Graphe pondere\"],\n[\"type-graphe\",[\"pondere\"]]\n]\n\\end{pro-graphedessin}<\/pre>\n<p>On obtient :<\/p>\n<p><img loading=\"lazy\" decoding=\"async\" class=\" aligncenter size-full wp-image-750\" src=\"http:\/\/wordpress.callac.online\/wp-content\/uploads\/2008\/07\/jpg_graphe4-2.jpg\" alt=\"graphe4-2.jpg\" width=\"701\" height=\"530\" align=\"center\" srcset=\"https:\/\/wordpress.callac.online\/wp-content\/uploads\/2008\/07\/jpg_graphe4-2.jpg 701w, https:\/\/wordpress.callac.online\/wp-content\/uploads\/2008\/07\/jpg_graphe4-2-300x227.jpg 300w\" sizes=\"auto, (max-width: 701px) 100vw, 701px\" \/><\/p>\n<h2>pro-dijkstra<\/h2>\n<hr \/>\n<p>Cet environnement sert \u00e0 construire le tableau correspondant \u00e0 l&rsquo;application de l&rsquo;algorithme de Dijkstra.<\/p>\n<pre class=\"EnlighterJSRAW\" data-enlighter-language=\"latex\">\\begin{pro-dijkstra}{1}\n[\"A\",\"B\",\"C\",\"D\",\"E\",\"G\",\"F\"],\n[\n[0,5,7,0,0,0,0],\n[5,0,0,8,15,6,0],\n[7,0,0,10,15,0,0],\n[0,8,10,0,0,10,20],\n[0,15,15,0,0,0,5],\n[0,6,0,10,0,0,0],\n[0,0,0,20,5,0,0]\n]\n\\end{pro-dijkstra}<\/pre>\n<p>On obtient :<\/p>\n<p><img loading=\"lazy\" decoding=\"async\" class=\" aligncenter size-full wp-image-751\" src=\"http:\/\/wordpress.callac.online\/wp-content\/uploads\/2008\/07\/jpg_diljkstra.jpg\" alt=\"diljkstra.jpg\" width=\"625\" height=\"275\" align=\"center\" srcset=\"https:\/\/wordpress.callac.online\/wp-content\/uploads\/2008\/07\/jpg_diljkstra.jpg 625w, https:\/\/wordpress.callac.online\/wp-content\/uploads\/2008\/07\/jpg_diljkstra-300x132.jpg 300w\" sizes=\"auto, (max-width: 625px) 100vw, 625px\" \/><\/p>\n<p><span style=\"color: red;\"><br \/>\n<em>NB : le code source correspondant est enregistr\u00e9 dans le fichier : <\/em><\/span><\/p>\n<p><span style=\"color: red;\"><em>nomfichier_dijkstra i.tex, la valeur i \u00e9tant donn\u00e9e en argument.<\/em><br \/>\n<\/span><\/p>\n<h2>Exemple de graphe orient\u00e9<\/h2>\n<hr \/>\n<pre class=\"EnlighterJSRAW\" data-enlighter-language=\"latex\">\\begin{pro-graphedessin}{4}\n[\"A\",\"B\",\"C\",\"D\",\"E\"],\n[\n[1,1,0,1,0],\n[0,1,1,1,1],\n[0,1,1,0,0],\n[1,1,0,1,1],\n[1,0,0,1,1]\n],\n[\n[\"titre-gauche\",\"Graphe oriente\"],\n[\"type-graphe\",[\"oriente\"]]\n]\n\\end{pro-graphedessin}<\/pre>\n<p>On obtient :<\/p>\n<p><img loading=\"lazy\" decoding=\"async\" class=\" aligncenter size-full wp-image-752\" src=\"http:\/\/wordpress.callac.online\/wp-content\/uploads\/2008\/07\/jpg_graphe5-2.jpg\" alt=\"graphe5-2.jpg\" width=\"708\" height=\"557\" align=\"center\" srcset=\"https:\/\/wordpress.callac.online\/wp-content\/uploads\/2008\/07\/jpg_graphe5-2.jpg 708w, https:\/\/wordpress.callac.online\/wp-content\/uploads\/2008\/07\/jpg_graphe5-2-300x236.jpg 300w\" sizes=\"auto, (max-width: 708px) 100vw, 708px\" \/><\/p>\n<h2>Exemple de graphe orient\u00e9 pond\u00e9r\u00e9<\/h2>\n<hr \/>\n<pre class=\"EnlighterJSRAW\" data-enlighter-language=\"latex\">\\begin{pro-graphedessin}{5}\n[\"A\",\"B\",\"C\",\"D\",\"E\",\"F\"],\n[\n[2,1,0,2,0,3],\n[0,0,0,3,1,0],\n[0,5,0,0,0,1],\n[0,1,0,0,7,0],\n[6,1,0,3,1,0],\n[4,0,0,2,0,0]\n],\n[\n[\"titre-gauche\",\"Graphe oriente pondere\"],\n[\"type-graphe\",[\"oriente\",\"pondere\"]]\n]\n\\end{pro-graphedessin}<\/pre>\n<p>On obtient :<\/p>\n<p><img loading=\"lazy\" decoding=\"async\" class=\" aligncenter size-full wp-image-753\" src=\"http:\/\/wordpress.callac.online\/wp-content\/uploads\/2008\/07\/jpg_graphe6-2.jpg\" alt=\"graphe6-2.jpg\" width=\"699\" height=\"536\" align=\"center\" srcset=\"https:\/\/wordpress.callac.online\/wp-content\/uploads\/2008\/07\/jpg_graphe6-2.jpg 699w, https:\/\/wordpress.callac.online\/wp-content\/uploads\/2008\/07\/jpg_graphe6-2-300x230.jpg 300w\" sizes=\"auto, (max-width: 699px) 100vw, 699px\" \/><\/p>\n<h2>Repositionnement des n\u0153uds<\/h2>\n<hr \/>\n<p>Dans l&rsquo;exemple suivant, les n\u0153uds du graphe sont mal plac\u00e9s :<\/p>\n<pre class=\"EnlighterJSRAW\" data-enlighter-language=\"latex\">\\begin{pro-graphedessin}{6}\n[\"A\",\"B\",\"C\",\"D\",\"E\",\"F\"],\n[\n[0,0,0,0,4,0],\n[2,0,0,0,0,3],\n[0,9,0,2,0,6],\n[9,0,2,0,0,3],\n[0,0,0,4,0,0],\n[6,3,6,0,0,0]\n],\n[\n[\"titre-gauche\",\"Graphe oriente pondere\"],\n[\"type-graphe\",[\"oriente\",\"pondere\"]]\n]\n\\end{pro-graphedessin}<\/pre>\n<p>On obtient :<\/p>\n<p><img loading=\"lazy\" decoding=\"async\" class=\" aligncenter size-full wp-image-754\" src=\"http:\/\/wordpress.callac.online\/wp-content\/uploads\/2008\/07\/jpg_graphe7.jpg\" alt=\"graphe7.jpg\" width=\"705\" height=\"546\" align=\"center\" srcset=\"https:\/\/wordpress.callac.online\/wp-content\/uploads\/2008\/07\/jpg_graphe7.jpg 705w, https:\/\/wordpress.callac.online\/wp-content\/uploads\/2008\/07\/jpg_graphe7-300x232.jpg 300w\" sizes=\"auto, (max-width: 705px) 100vw, 705px\" \/><\/p>\n<p>On peut alors rajouter l&rsquo;option de positionnement pour am\u00e9liorer le dessin :<\/p>\n<pre class=\"EnlighterJSRAW\" data-enlighter-language=\"latex\">\\begin{pro-graphedessin}{7}\n[\"A\",\"B\",\"C\",\"D\",\"E\",\"F\"],\n[\n[0,0,0,0,4,0],\n[2,0,0,0,0,3],\n[0,9,0,2,0,6],\n[9,0,2,0,0,3],\n[0,0,0,4,0,0],\n[6,3,6,0,0,0]\n],\n[\n[\"titre-gauche\",\"Graphe oriente pondere\"],\n[\"type-graphe\",[\"oriente\",\"pondere\"]],\n[\"position-noeuds\",[[-1,2],[4,3],[4,-2],[0,-3],[-3,-1],[2,0]]]\n]\n\\end{pro-graphedessin}<\/pre>\n<p>On obtient :<\/p>\n<p><img loading=\"lazy\" decoding=\"async\" class=\" aligncenter size-full wp-image-755\" src=\"http:\/\/wordpress.callac.online\/wp-content\/uploads\/2008\/07\/jpg_graphe8.jpg\" alt=\"graphe8.jpg\" width=\"710\" height=\"495\" align=\"center\" srcset=\"https:\/\/wordpress.callac.online\/wp-content\/uploads\/2008\/07\/jpg_graphe8.jpg 710w, https:\/\/wordpress.callac.online\/wp-content\/uploads\/2008\/07\/jpg_graphe8-300x209.jpg 300w\" sizes=\"auto, (max-width: 710px) 100vw, 710px\" \/><\/p>\n<h2>Echelle des graphes<\/h2>\n<hr \/>\n<p>On pourra modifier l&rsquo;\u00e9chelle d&rsquo;un graphe en ajoutant l&rsquo;option \u00ab\u00a0echelle\u00a0\u00bb comme dans l&rsquo;exemple suivant :<\/p>\n<p><code>[\"echelle\",0.75]<\/code><\/p>\n","protected":false},"excerpt":{"rendered":"<p>Cet outil a pour but de faciliter la r\u00e9daction de documents sur les graphes. Il permettra de cr\u00e9er : &#8211; des graphes probabilistes ; &#8211; des graphes orient\u00e9s ou non,&hellip;<\/p>\n","protected":false},"author":1,"featured_media":0,"parent":2247,"menu_order":4,"comment_status":"closed","ping_status":"closed","template":"","meta":{"footnotes":""},"class_list":["post-187","page","type-page","status-publish","hentry"],"yoast_head":"<!-- This site is optimized with the Yoast SEO plugin v27.1.1 - https:\/\/yoast.com\/product\/yoast-seo-wordpress\/ -->\n<title>Le paquet pro-graphes - Maths &amp; Num\u00e9rique<\/title>\n<meta name=\"robots\" content=\"index, follow, max-snippet:-1, max-image-preview:large, max-video-preview:-1\" \/>\n<link rel=\"canonical\" href=\"https:\/\/wordpress.callac.online\/index.php\/edition-mathematique\/professor\/les-paquets-de-professor-sty-2\/le-paquet-pro-graphes\/\" \/>\n<meta property=\"og:locale\" content=\"fr_FR\" \/>\n<meta property=\"og:type\" content=\"article\" \/>\n<meta property=\"og:title\" content=\"Le paquet pro-graphes - Maths &amp; Num\u00e9rique\" \/>\n<meta property=\"og:description\" content=\"Cet outil a pour but de faciliter la r\u00e9daction de documents sur les graphes. Il permettra de cr\u00e9er : &#8211; des graphes probabilistes ; &#8211; des graphes orient\u00e9s ou non,&hellip;\" \/>\n<meta property=\"og:url\" content=\"https:\/\/wordpress.callac.online\/index.php\/edition-mathematique\/professor\/les-paquets-de-professor-sty-2\/le-paquet-pro-graphes\/\" \/>\n<meta property=\"og:site_name\" content=\"Maths &amp; Num\u00e9rique\" \/>\n<meta property=\"article:modified_time\" content=\"2023-10-14T18:12:22+00:00\" \/>\n<meta property=\"og:image\" content=\"http:\/\/wordpress.callac.online\/wp-content\/uploads\/2008\/07\/jpg_graphe1-2.jpg\" \/>\n<meta name=\"twitter:card\" content=\"summary_large_image\" \/>\n<meta name=\"twitter:label1\" content=\"Dur\u00e9e de lecture estim\u00e9e\" \/>\n\t<meta name=\"twitter:data1\" content=\"3 minutes\" \/>\n<script type=\"application\/ld+json\" class=\"yoast-schema-graph\">{\"@context\":\"https:\/\/schema.org\",\"@graph\":[{\"@type\":\"WebPage\",\"@id\":\"https:\/\/wordpress.callac.online\/index.php\/edition-mathematique\/professor\/les-paquets-de-professor-sty-2\/le-paquet-pro-graphes\/\",\"url\":\"https:\/\/wordpress.callac.online\/index.php\/edition-mathematique\/professor\/les-paquets-de-professor-sty-2\/le-paquet-pro-graphes\/\",\"name\":\"Le paquet pro-graphes - Maths &amp; Num\u00e9rique\",\"isPartOf\":{\"@id\":\"https:\/\/wordpress.callac.online\/#website\"},\"primaryImageOfPage\":{\"@id\":\"https:\/\/wordpress.callac.online\/index.php\/edition-mathematique\/professor\/les-paquets-de-professor-sty-2\/le-paquet-pro-graphes\/#primaryimage\"},\"image\":{\"@id\":\"https:\/\/wordpress.callac.online\/index.php\/edition-mathematique\/professor\/les-paquets-de-professor-sty-2\/le-paquet-pro-graphes\/#primaryimage\"},\"thumbnailUrl\":\"http:\/\/wordpress.callac.online\/wp-content\/uploads\/2008\/07\/jpg_graphe1-2.jpg\",\"datePublished\":\"2008-07-23T18:47:08+00:00\",\"dateModified\":\"2023-10-14T18:12:22+00:00\",\"breadcrumb\":{\"@id\":\"https:\/\/wordpress.callac.online\/index.php\/edition-mathematique\/professor\/les-paquets-de-professor-sty-2\/le-paquet-pro-graphes\/#breadcrumb\"},\"inLanguage\":\"fr-FR\",\"potentialAction\":[{\"@type\":\"ReadAction\",\"target\":[\"https:\/\/wordpress.callac.online\/index.php\/edition-mathematique\/professor\/les-paquets-de-professor-sty-2\/le-paquet-pro-graphes\/\"]}]},{\"@type\":\"ImageObject\",\"inLanguage\":\"fr-FR\",\"@id\":\"https:\/\/wordpress.callac.online\/index.php\/edition-mathematique\/professor\/les-paquets-de-professor-sty-2\/le-paquet-pro-graphes\/#primaryimage\",\"url\":\"http:\/\/wordpress.callac.online\/wp-content\/uploads\/2008\/07\/jpg_graphe1-2.jpg\",\"contentUrl\":\"http:\/\/wordpress.callac.online\/wp-content\/uploads\/2008\/07\/jpg_graphe1-2.jpg\"},{\"@type\":\"BreadcrumbList\",\"@id\":\"https:\/\/wordpress.callac.online\/index.php\/edition-mathematique\/professor\/les-paquets-de-professor-sty-2\/le-paquet-pro-graphes\/#breadcrumb\",\"itemListElement\":[{\"@type\":\"ListItem\",\"position\":1,\"name\":\"Accueil\",\"item\":\"https:\/\/wordpress.callac.online\/\"},{\"@type\":\"ListItem\",\"position\":2,\"name\":\"\u00c9dition math\u00e9matique\",\"item\":\"https:\/\/wordpress.callac.online\/index.php\/edition-mathematique\/\"},{\"@type\":\"ListItem\",\"position\":3,\"name\":\"Professor\",\"item\":\"https:\/\/wordpress.callac.online\/index.php\/edition-mathematique\/professor\/\"},{\"@type\":\"ListItem\",\"position\":4,\"name\":\"Les paquets de Professor.sty\",\"item\":\"https:\/\/wordpress.callac.online\/index.php\/edition-mathematique\/professor\/les-paquets-de-professor-sty-2\/\"},{\"@type\":\"ListItem\",\"position\":5,\"name\":\"Le paquet pro-graphes\"}]},{\"@type\":\"WebSite\",\"@id\":\"https:\/\/wordpress.callac.online\/#website\",\"url\":\"https:\/\/wordpress.callac.online\/\",\"name\":\"Maths & Num\u00e9rique\",\"description\":\"Des outils pour les enseignants de math\u00e9matiques et de num\u00e9rique\",\"publisher\":{\"@id\":\"https:\/\/wordpress.callac.online\/#\/schema\/person\/04061f1ca2c2c42039142a704be95940\"},\"potentialAction\":[{\"@type\":\"SearchAction\",\"target\":{\"@type\":\"EntryPoint\",\"urlTemplate\":\"https:\/\/wordpress.callac.online\/?s={search_term_string}\"},\"query-input\":{\"@type\":\"PropertyValueSpecification\",\"valueRequired\":true,\"valueName\":\"search_term_string\"}}],\"inLanguage\":\"fr-FR\"},{\"@type\":[\"Person\",\"Organization\"],\"@id\":\"https:\/\/wordpress.callac.online\/#\/schema\/person\/04061f1ca2c2c42039142a704be95940\",\"name\":\"dlefur\",\"image\":{\"@type\":\"ImageObject\",\"inLanguage\":\"fr-FR\",\"@id\":\"https:\/\/wordpress.callac.online\/#\/schema\/person\/image\/\",\"url\":\"https:\/\/secure.gravatar.com\/avatar\/4a9e17be136808c6597f28aa2b6c13126dab066fdc2198ff60090972c9b7fafc?s=96&d=mm&r=g\",\"contentUrl\":\"https:\/\/secure.gravatar.com\/avatar\/4a9e17be136808c6597f28aa2b6c13126dab066fdc2198ff60090972c9b7fafc?s=96&d=mm&r=g\",\"caption\":\"dlefur\"},\"logo\":{\"@id\":\"https:\/\/wordpress.callac.online\/#\/schema\/person\/image\/\"},\"description\":\"Enseignant de math\u00e9matiques Lyc\u00e9e Pasteur S\u00e3o Paulo\",\"sameAs\":[\"http:\/\/wordpress.callac.online\"]}]}<\/script>\n<!-- \/ Yoast SEO plugin. -->","yoast_head_json":{"title":"Le paquet pro-graphes - Maths &amp; Num\u00e9rique","robots":{"index":"index","follow":"follow","max-snippet":"max-snippet:-1","max-image-preview":"max-image-preview:large","max-video-preview":"max-video-preview:-1"},"canonical":"https:\/\/wordpress.callac.online\/index.php\/edition-mathematique\/professor\/les-paquets-de-professor-sty-2\/le-paquet-pro-graphes\/","og_locale":"fr_FR","og_type":"article","og_title":"Le paquet pro-graphes - Maths &amp; Num\u00e9rique","og_description":"Cet outil a pour but de faciliter la r\u00e9daction de documents sur les graphes. Il permettra de cr\u00e9er : &#8211; des graphes probabilistes ; &#8211; des graphes orient\u00e9s ou non,&hellip;","og_url":"https:\/\/wordpress.callac.online\/index.php\/edition-mathematique\/professor\/les-paquets-de-professor-sty-2\/le-paquet-pro-graphes\/","og_site_name":"Maths &amp; Num\u00e9rique","article_modified_time":"2023-10-14T18:12:22+00:00","og_image":[{"url":"http:\/\/wordpress.callac.online\/wp-content\/uploads\/2008\/07\/jpg_graphe1-2.jpg","type":"","width":"","height":""}],"twitter_card":"summary_large_image","twitter_misc":{"Dur\u00e9e de lecture estim\u00e9e":"3 minutes"},"schema":{"@context":"https:\/\/schema.org","@graph":[{"@type":"WebPage","@id":"https:\/\/wordpress.callac.online\/index.php\/edition-mathematique\/professor\/les-paquets-de-professor-sty-2\/le-paquet-pro-graphes\/","url":"https:\/\/wordpress.callac.online\/index.php\/edition-mathematique\/professor\/les-paquets-de-professor-sty-2\/le-paquet-pro-graphes\/","name":"Le paquet pro-graphes - Maths &amp; Num\u00e9rique","isPartOf":{"@id":"https:\/\/wordpress.callac.online\/#website"},"primaryImageOfPage":{"@id":"https:\/\/wordpress.callac.online\/index.php\/edition-mathematique\/professor\/les-paquets-de-professor-sty-2\/le-paquet-pro-graphes\/#primaryimage"},"image":{"@id":"https:\/\/wordpress.callac.online\/index.php\/edition-mathematique\/professor\/les-paquets-de-professor-sty-2\/le-paquet-pro-graphes\/#primaryimage"},"thumbnailUrl":"http:\/\/wordpress.callac.online\/wp-content\/uploads\/2008\/07\/jpg_graphe1-2.jpg","datePublished":"2008-07-23T18:47:08+00:00","dateModified":"2023-10-14T18:12:22+00:00","breadcrumb":{"@id":"https:\/\/wordpress.callac.online\/index.php\/edition-mathematique\/professor\/les-paquets-de-professor-sty-2\/le-paquet-pro-graphes\/#breadcrumb"},"inLanguage":"fr-FR","potentialAction":[{"@type":"ReadAction","target":["https:\/\/wordpress.callac.online\/index.php\/edition-mathematique\/professor\/les-paquets-de-professor-sty-2\/le-paquet-pro-graphes\/"]}]},{"@type":"ImageObject","inLanguage":"fr-FR","@id":"https:\/\/wordpress.callac.online\/index.php\/edition-mathematique\/professor\/les-paquets-de-professor-sty-2\/le-paquet-pro-graphes\/#primaryimage","url":"http:\/\/wordpress.callac.online\/wp-content\/uploads\/2008\/07\/jpg_graphe1-2.jpg","contentUrl":"http:\/\/wordpress.callac.online\/wp-content\/uploads\/2008\/07\/jpg_graphe1-2.jpg"},{"@type":"BreadcrumbList","@id":"https:\/\/wordpress.callac.online\/index.php\/edition-mathematique\/professor\/les-paquets-de-professor-sty-2\/le-paquet-pro-graphes\/#breadcrumb","itemListElement":[{"@type":"ListItem","position":1,"name":"Accueil","item":"https:\/\/wordpress.callac.online\/"},{"@type":"ListItem","position":2,"name":"\u00c9dition math\u00e9matique","item":"https:\/\/wordpress.callac.online\/index.php\/edition-mathematique\/"},{"@type":"ListItem","position":3,"name":"Professor","item":"https:\/\/wordpress.callac.online\/index.php\/edition-mathematique\/professor\/"},{"@type":"ListItem","position":4,"name":"Les paquets de Professor.sty","item":"https:\/\/wordpress.callac.online\/index.php\/edition-mathematique\/professor\/les-paquets-de-professor-sty-2\/"},{"@type":"ListItem","position":5,"name":"Le paquet pro-graphes"}]},{"@type":"WebSite","@id":"https:\/\/wordpress.callac.online\/#website","url":"https:\/\/wordpress.callac.online\/","name":"Maths & Num\u00e9rique","description":"Des outils pour les enseignants de math\u00e9matiques et de num\u00e9rique","publisher":{"@id":"https:\/\/wordpress.callac.online\/#\/schema\/person\/04061f1ca2c2c42039142a704be95940"},"potentialAction":[{"@type":"SearchAction","target":{"@type":"EntryPoint","urlTemplate":"https:\/\/wordpress.callac.online\/?s={search_term_string}"},"query-input":{"@type":"PropertyValueSpecification","valueRequired":true,"valueName":"search_term_string"}}],"inLanguage":"fr-FR"},{"@type":["Person","Organization"],"@id":"https:\/\/wordpress.callac.online\/#\/schema\/person\/04061f1ca2c2c42039142a704be95940","name":"dlefur","image":{"@type":"ImageObject","inLanguage":"fr-FR","@id":"https:\/\/wordpress.callac.online\/#\/schema\/person\/image\/","url":"https:\/\/secure.gravatar.com\/avatar\/4a9e17be136808c6597f28aa2b6c13126dab066fdc2198ff60090972c9b7fafc?s=96&d=mm&r=g","contentUrl":"https:\/\/secure.gravatar.com\/avatar\/4a9e17be136808c6597f28aa2b6c13126dab066fdc2198ff60090972c9b7fafc?s=96&d=mm&r=g","caption":"dlefur"},"logo":{"@id":"https:\/\/wordpress.callac.online\/#\/schema\/person\/image\/"},"description":"Enseignant de math\u00e9matiques Lyc\u00e9e Pasteur S\u00e3o Paulo","sameAs":["http:\/\/wordpress.callac.online"]}]}},"_links":{"self":[{"href":"https:\/\/wordpress.callac.online\/index.php\/wp-json\/wp\/v2\/pages\/187","targetHints":{"allow":["GET"]}}],"collection":[{"href":"https:\/\/wordpress.callac.online\/index.php\/wp-json\/wp\/v2\/pages"}],"about":[{"href":"https:\/\/wordpress.callac.online\/index.php\/wp-json\/wp\/v2\/types\/page"}],"author":[{"embeddable":true,"href":"https:\/\/wordpress.callac.online\/index.php\/wp-json\/wp\/v2\/users\/1"}],"replies":[{"embeddable":true,"href":"https:\/\/wordpress.callac.online\/index.php\/wp-json\/wp\/v2\/comments?post=187"}],"version-history":[{"count":11,"href":"https:\/\/wordpress.callac.online\/index.php\/wp-json\/wp\/v2\/pages\/187\/revisions"}],"predecessor-version":[{"id":2956,"href":"https:\/\/wordpress.callac.online\/index.php\/wp-json\/wp\/v2\/pages\/187\/revisions\/2956"}],"up":[{"embeddable":true,"href":"https:\/\/wordpress.callac.online\/index.php\/wp-json\/wp\/v2\/pages\/2247"}],"wp:attachment":[{"href":"https:\/\/wordpress.callac.online\/index.php\/wp-json\/wp\/v2\/media?parent=187"}],"curies":[{"name":"wp","href":"https:\/\/api.w.org\/{rel}","templated":true}]}}