{"id":192,"date":"2008-09-21T11:34:43","date_gmt":"2008-09-21T09:34:43","guid":{"rendered":"http:\/\/wordpress.callac.online\/index.php\/les-parametres-graphiques-dans-professor\/"},"modified":"2023-10-14T20:12:16","modified_gmt":"2023-10-14T18:12:16","slug":"les-parametres-graphiques-dans-professor","status":"publish","type":"page","link":"https:\/\/wordpress.callac.online\/index.php\/edition-mathematique\/professor\/generalites-sur-professor-sty\/les-parametres-graphiques-dans-professor\/","title":{"rendered":"Les param\u00e8tres graphiques dans Professor"},"content":{"rendered":"<h2>Format de sortie<\/h2>\n<hr \/>\n<p>&#8211; Les fichiers pro-asy-*.sty donnent une sortie graphique en Asymptote.<br \/>\n&#8211; Le fichier pro-glineor.sty a une sorti en Pstricks.<br \/>\n&#8211; Tous les autres ont une sortie en Metapost.<\/p>\n<h2>Les noms de couleurs disponibles<\/h2>\n<hr \/>\n<p>&#8211; blanc<br \/>\n&#8211; noir<br \/>\n&#8211; gris<br \/>\n&#8211; rouge<br \/>\n&#8211; vert<br \/>\n&#8211; bleu<br \/>\n&#8211; jaune<br \/>\n&#8211; orange<br \/>\n&#8211; orangevif<br \/>\n&#8211; violet<br \/>\n&#8211; rose<br \/>\n&#8211; ciel<br \/>\n&#8211; gris_I<br \/>\n&#8211; gris_II<br \/>\n&#8211; gris_III<br \/>\n&#8211; gris_IV<br \/>\n&#8211; gris_V<br \/>\n&#8211; gris_VI<br \/>\n&#8211; gris_VII<br \/>\n&#8211; gris_VIII<br \/>\n&#8211; gris_IX<\/p>\n<p>Si vous d\u00e9sirez utiliser d\u2019autres couleurs, il faudra les d\u00e9finir dans les fichiers <strong>dlf_couleurs.mp<\/strong> et <strong>dlf_tex.mp<\/strong>.<\/p>\n<h2>Pas de \\ dans les environnements<\/h2>\n<hr \/>\n<p>Dans les environnements, on a souvent besoin de rentrer du texte contenant notamment des commandes LATEX comme par exemple \\textbf.<\/p>\n<p>Xcas supportant mal le caract\u00e8re \\ dans les cha\u00eenes de<br \/>\ncaract\u00e8res, on le remplacera alors par @, ce qui donnera @textbf.<\/p>\n<h2>Les options dans les environnements<\/h2>\n<hr \/>\n<p>Tous les environnements sur les graphiques poss\u00e8de un avant-dernier argument servant \u00e0 regrouper les<br \/>\noptions comme par exemple le titre comme sur l\u2019exemple suivant :<\/p>\n<pre class=\"EnlighterJSRAW\" data-enlighter-language=\"latex\">\\ begin{pro - suitefn }\n[\"v\",1], \/\/ nom , indice debut\n[4 ,\" rouge \"], \/\/ nb termes ,couleur , optionel ( noms caches )\n[1\/x,\" bleu \"], \/\/ expression , couleur , optionnel ( intervalle , bornes )\n-1 ,10 , -0.5 ,1.5 , \/\/ xmin ,xmax ,ymin ,ymax ,\n1 ,0.25 ,1 ,0.5 ,0.5 ,0.25 ,\/\/ ux ,uy ,cx ,cy ,gx ,gy ,\n\/\/ ----------------- debut des options\n[\n[\" texte - courbe \" ,0.9 ,\"$({ @cal C}_f)$\" ,\" urt \",\" bleu \"],\n[\" titre - droite \" ,\"$({ @cal C}_f) : y= @dfrac {1}{ x}$\"] ,\n[\" titre - gauche \" ,\"$v_n=f(n)$ \\\u2018a partir de $n =1$\"]\n]\n\/\/ ----------------- fin des options\n\\end{pro - suitefn }<\/pre>\n<p>M\u00eame si on n\u2019utilise aucune option, il est imp\u00e9ratif de laisser les lignes correspondant au d\u00e9but et \u00e0 la fin des options.<\/p>\n<h2>Les param\u00e8tres<\/h2>\n<hr \/>\n<p>Dans la majorit\u00e9 des environnements produisant un graphique, on retrouve deux lignes du type suivant :<\/p>\n<pre class=\"EnlighterJSRAW\" data-enlighter-language=\"latex\">-1,5,-10,10, \/\/ xmin ,xmax ,ymin ,ymax ,\n0.5 ,2 ,1 ,2 ,0.5 ,1 ,\/\/ ux ,uy ,cx ,cy ,gx ,gy ,<\/pre>\n<p>Expliquons leur signification .<br \/>\n&#8211; la premi\u00e8re ligne d\u00e9termine la zone d\u2019affichage avec xmin,ymin,xmax et ymax.<br \/>\n&#8211; La deuxi\u00e8me ligne donne les param\u00e8tres de visualisation :<br \/>\n&#8211; ux, uy : 1 cm correspond \u00e0 ux et uy unit\u00e9s selon les axes ;<br \/>\n&#8211; cx, cy : \u00e9cart entre deux graduations selon les axes ;<br \/>\n&#8211; gx, gy : \u00e9cart entre deux lignes du quadrillage.<\/p>\n<p>On peut visualiser ces diff\u00e9rents param\u00e8tres sur le graphique suivant.<\/p>\n<p><img loading=\"lazy\" decoding=\"async\" class=\" aligncenter size-full wp-image-807\" src=\"http:\/\/wordpress.callac.online\/wp-content\/uploads\/2008\/09\/jpg_graphique1.jpg\" alt=\"graphique1.jpg\" width=\"713\" height=\"621\" align=\"center\" srcset=\"https:\/\/wordpress.callac.online\/wp-content\/uploads\/2008\/09\/jpg_graphique1.jpg 713w, https:\/\/wordpress.callac.online\/wp-content\/uploads\/2008\/09\/jpg_graphique1-300x261.jpg 300w\" sizes=\"auto, (max-width: 713px) 100vw, 713px\" \/><\/p>\n<p>A noter qu&rsquo;un clipping est fait autour de la zone d&rsquo;affichage.<\/p>\n<h2>La position des textes<\/h2>\n<hr \/>\n<p>Dans certaines options, on demande de pr\u00e9ciser la position du texte par rapport aux coordonn\u00e9es fournies.<\/p>\n<p>On utilise les param\u00e8tres utilis\u00e9es classiquement par Metapost.<\/p>\n<p>On a le choix entre les valeurs suivantes :<br \/>\n&#8211; \u00ab\u00a0bot\u00a0\u00bb : bas (bottom)<br \/>\n&#8211; \u00ab\u00a0top\u00a0\u00bb : haut<br \/>\n&#8211; \u00ab\u00a0rt\u00a0\u00bb : droite (right)<br \/>\n&#8211; \u00ab\u00a0lft\u00a0\u00bb : gauche (left)<br \/>\n&#8211; \u00ab\u00a0lrt\u00a0\u00bb : en bas \u00e0 droite (low right)<br \/>\n&#8211; \u00ab\u00a0urt\u00a0\u00bb : en haut \u00e0 droite (up right)<br \/>\n&#8211; \u00ab\u00a0llft\u00a0\u00bb : en bas \u00e0 gauche (low left)<br \/>\n&#8211; \u00ab\u00a0ulft\u00a0\u00bb : en haut \u00e0 gauche (up left)<\/p>\n<p>On peut visualiser ces diff\u00e9rents param\u00e8tres sur le graphique suivant.<\/p>\n<p><img loading=\"lazy\" decoding=\"async\" class=\" aligncenter size-full wp-image-808\" src=\"http:\/\/wordpress.callac.online\/wp-content\/uploads\/2008\/09\/jpg_graphique2.jpg\" alt=\"graphique2.jpg\" width=\"394\" height=\"356\" align=\"center\" srcset=\"https:\/\/wordpress.callac.online\/wp-content\/uploads\/2008\/09\/jpg_graphique2.jpg 394w, https:\/\/wordpress.callac.online\/wp-content\/uploads\/2008\/09\/jpg_graphique2-300x271.jpg 300w\" sizes=\"auto, (max-width: 394px) 100vw, 394px\" \/><\/p>\n","protected":false},"excerpt":{"rendered":"<p>Format de sortie &#8211; Les fichiers pro-asy-*.sty donnent une sortie graphique en Asymptote. &#8211; Le fichier pro-glineor.sty a une sorti en Pstricks. &#8211; Tous les autres ont une sortie en&hellip;<\/p>\n","protected":false},"author":1,"featured_media":0,"parent":2251,"menu_order":1,"comment_status":"closed","ping_status":"closed","template":"","meta":{"footnotes":""},"class_list":["post-192","page","type-page","status-publish","hentry"],"yoast_head":"<!-- This site is optimized with the Yoast SEO plugin v27.1.1 - https:\/\/yoast.com\/product\/yoast-seo-wordpress\/ -->\n<title>Les param\u00e8tres graphiques dans Professor - Maths &amp; Num\u00e9rique<\/title>\n<meta name=\"robots\" content=\"index, follow, max-snippet:-1, max-image-preview:large, max-video-preview:-1\" \/>\n<link rel=\"canonical\" href=\"https:\/\/wordpress.callac.online\/index.php\/edition-mathematique\/professor\/generalites-sur-professor-sty\/les-parametres-graphiques-dans-professor\/\" \/>\n<meta property=\"og:locale\" content=\"fr_FR\" \/>\n<meta property=\"og:type\" content=\"article\" \/>\n<meta property=\"og:title\" content=\"Les param\u00e8tres graphiques dans Professor - Maths &amp; Num\u00e9rique\" \/>\n<meta property=\"og:description\" content=\"Format de sortie &#8211; Les fichiers pro-asy-*.sty donnent une sortie graphique en Asymptote. &#8211; Le fichier pro-glineor.sty a une sorti en Pstricks. &#8211; Tous les autres ont une sortie en&hellip;\" \/>\n<meta property=\"og:url\" content=\"https:\/\/wordpress.callac.online\/index.php\/edition-mathematique\/professor\/generalites-sur-professor-sty\/les-parametres-graphiques-dans-professor\/\" \/>\n<meta property=\"og:site_name\" content=\"Maths &amp; Num\u00e9rique\" \/>\n<meta property=\"article:modified_time\" content=\"2023-10-14T18:12:16+00:00\" \/>\n<meta property=\"og:image\" content=\"http:\/\/wordpress.callac.online\/wp-content\/uploads\/2008\/09\/jpg_graphique1.jpg\" \/>\n<meta name=\"twitter:card\" content=\"summary_large_image\" \/>\n<meta name=\"twitter:label1\" content=\"Dur\u00e9e de lecture estim\u00e9e\" \/>\n\t<meta name=\"twitter:data1\" content=\"2 minutes\" \/>\n<script type=\"application\/ld+json\" class=\"yoast-schema-graph\">{\"@context\":\"https:\/\/schema.org\",\"@graph\":[{\"@type\":\"WebPage\",\"@id\":\"https:\/\/wordpress.callac.online\/index.php\/edition-mathematique\/professor\/generalites-sur-professor-sty\/les-parametres-graphiques-dans-professor\/\",\"url\":\"https:\/\/wordpress.callac.online\/index.php\/edition-mathematique\/professor\/generalites-sur-professor-sty\/les-parametres-graphiques-dans-professor\/\",\"name\":\"Les param\u00e8tres graphiques dans Professor - Maths &amp; Num\u00e9rique\",\"isPartOf\":{\"@id\":\"https:\/\/wordpress.callac.online\/#website\"},\"primaryImageOfPage\":{\"@id\":\"https:\/\/wordpress.callac.online\/index.php\/edition-mathematique\/professor\/generalites-sur-professor-sty\/les-parametres-graphiques-dans-professor\/#primaryimage\"},\"image\":{\"@id\":\"https:\/\/wordpress.callac.online\/index.php\/edition-mathematique\/professor\/generalites-sur-professor-sty\/les-parametres-graphiques-dans-professor\/#primaryimage\"},\"thumbnailUrl\":\"http:\/\/wordpress.callac.online\/wp-content\/uploads\/2008\/09\/jpg_graphique1.jpg\",\"datePublished\":\"2008-09-21T09:34:43+00:00\",\"dateModified\":\"2023-10-14T18:12:16+00:00\",\"breadcrumb\":{\"@id\":\"https:\/\/wordpress.callac.online\/index.php\/edition-mathematique\/professor\/generalites-sur-professor-sty\/les-parametres-graphiques-dans-professor\/#breadcrumb\"},\"inLanguage\":\"fr-FR\",\"potentialAction\":[{\"@type\":\"ReadAction\",\"target\":[\"https:\/\/wordpress.callac.online\/index.php\/edition-mathematique\/professor\/generalites-sur-professor-sty\/les-parametres-graphiques-dans-professor\/\"]}]},{\"@type\":\"ImageObject\",\"inLanguage\":\"fr-FR\",\"@id\":\"https:\/\/wordpress.callac.online\/index.php\/edition-mathematique\/professor\/generalites-sur-professor-sty\/les-parametres-graphiques-dans-professor\/#primaryimage\",\"url\":\"https:\/\/wordpress.callac.online\/wp-content\/uploads\/2008\/09\/jpg_graphique1.jpg\",\"contentUrl\":\"https:\/\/wordpress.callac.online\/wp-content\/uploads\/2008\/09\/jpg_graphique1.jpg\",\"width\":713,\"height\":621,\"caption\":\"graphique1.jpg\"},{\"@type\":\"BreadcrumbList\",\"@id\":\"https:\/\/wordpress.callac.online\/index.php\/edition-mathematique\/professor\/generalites-sur-professor-sty\/les-parametres-graphiques-dans-professor\/#breadcrumb\",\"itemListElement\":[{\"@type\":\"ListItem\",\"position\":1,\"name\":\"Accueil\",\"item\":\"https:\/\/wordpress.callac.online\/\"},{\"@type\":\"ListItem\",\"position\":2,\"name\":\"\u00c9dition math\u00e9matique\",\"item\":\"https:\/\/wordpress.callac.online\/index.php\/edition-mathematique\/\"},{\"@type\":\"ListItem\",\"position\":3,\"name\":\"Professor\",\"item\":\"https:\/\/wordpress.callac.online\/index.php\/edition-mathematique\/professor\/\"},{\"@type\":\"ListItem\",\"position\":4,\"name\":\"G\u00e9n\u00e9ralit\u00e9s sur Professor.sty\",\"item\":\"https:\/\/wordpress.callac.online\/index.php\/edition-mathematique\/professor\/generalites-sur-professor-sty\/\"},{\"@type\":\"ListItem\",\"position\":5,\"name\":\"Les param\u00e8tres graphiques dans Professor\"}]},{\"@type\":\"WebSite\",\"@id\":\"https:\/\/wordpress.callac.online\/#website\",\"url\":\"https:\/\/wordpress.callac.online\/\",\"name\":\"Maths & Num\u00e9rique\",\"description\":\"Des outils pour les enseignants de math\u00e9matiques et de num\u00e9rique\",\"publisher\":{\"@id\":\"https:\/\/wordpress.callac.online\/#\/schema\/person\/04061f1ca2c2c42039142a704be95940\"},\"potentialAction\":[{\"@type\":\"SearchAction\",\"target\":{\"@type\":\"EntryPoint\",\"urlTemplate\":\"https:\/\/wordpress.callac.online\/?s={search_term_string}\"},\"query-input\":{\"@type\":\"PropertyValueSpecification\",\"valueRequired\":true,\"valueName\":\"search_term_string\"}}],\"inLanguage\":\"fr-FR\"},{\"@type\":[\"Person\",\"Organization\"],\"@id\":\"https:\/\/wordpress.callac.online\/#\/schema\/person\/04061f1ca2c2c42039142a704be95940\",\"name\":\"dlefur\",\"image\":{\"@type\":\"ImageObject\",\"inLanguage\":\"fr-FR\",\"@id\":\"https:\/\/wordpress.callac.online\/#\/schema\/person\/image\/\",\"url\":\"https:\/\/secure.gravatar.com\/avatar\/4a9e17be136808c6597f28aa2b6c13126dab066fdc2198ff60090972c9b7fafc?s=96&d=mm&r=g\",\"contentUrl\":\"https:\/\/secure.gravatar.com\/avatar\/4a9e17be136808c6597f28aa2b6c13126dab066fdc2198ff60090972c9b7fafc?s=96&d=mm&r=g\",\"caption\":\"dlefur\"},\"logo\":{\"@id\":\"https:\/\/wordpress.callac.online\/#\/schema\/person\/image\/\"},\"description\":\"Enseignant de math\u00e9matiques Lyc\u00e9e Pasteur S\u00e3o Paulo\",\"sameAs\":[\"http:\/\/wordpress.callac.online\"]}]}<\/script>\n<!-- \/ Yoast SEO plugin. -->","yoast_head_json":{"title":"Les param\u00e8tres graphiques dans Professor - Maths &amp; Num\u00e9rique","robots":{"index":"index","follow":"follow","max-snippet":"max-snippet:-1","max-image-preview":"max-image-preview:large","max-video-preview":"max-video-preview:-1"},"canonical":"https:\/\/wordpress.callac.online\/index.php\/edition-mathematique\/professor\/generalites-sur-professor-sty\/les-parametres-graphiques-dans-professor\/","og_locale":"fr_FR","og_type":"article","og_title":"Les param\u00e8tres graphiques dans Professor - Maths &amp; Num\u00e9rique","og_description":"Format de sortie &#8211; Les fichiers pro-asy-*.sty donnent une sortie graphique en Asymptote. &#8211; Le fichier pro-glineor.sty a une sorti en Pstricks. &#8211; Tous les autres ont une sortie en&hellip;","og_url":"https:\/\/wordpress.callac.online\/index.php\/edition-mathematique\/professor\/generalites-sur-professor-sty\/les-parametres-graphiques-dans-professor\/","og_site_name":"Maths &amp; Num\u00e9rique","article_modified_time":"2023-10-14T18:12:16+00:00","og_image":[{"url":"http:\/\/wordpress.callac.online\/wp-content\/uploads\/2008\/09\/jpg_graphique1.jpg","type":"","width":"","height":""}],"twitter_card":"summary_large_image","twitter_misc":{"Dur\u00e9e de lecture estim\u00e9e":"2 minutes"},"schema":{"@context":"https:\/\/schema.org","@graph":[{"@type":"WebPage","@id":"https:\/\/wordpress.callac.online\/index.php\/edition-mathematique\/professor\/generalites-sur-professor-sty\/les-parametres-graphiques-dans-professor\/","url":"https:\/\/wordpress.callac.online\/index.php\/edition-mathematique\/professor\/generalites-sur-professor-sty\/les-parametres-graphiques-dans-professor\/","name":"Les param\u00e8tres graphiques dans Professor - Maths &amp; Num\u00e9rique","isPartOf":{"@id":"https:\/\/wordpress.callac.online\/#website"},"primaryImageOfPage":{"@id":"https:\/\/wordpress.callac.online\/index.php\/edition-mathematique\/professor\/generalites-sur-professor-sty\/les-parametres-graphiques-dans-professor\/#primaryimage"},"image":{"@id":"https:\/\/wordpress.callac.online\/index.php\/edition-mathematique\/professor\/generalites-sur-professor-sty\/les-parametres-graphiques-dans-professor\/#primaryimage"},"thumbnailUrl":"http:\/\/wordpress.callac.online\/wp-content\/uploads\/2008\/09\/jpg_graphique1.jpg","datePublished":"2008-09-21T09:34:43+00:00","dateModified":"2023-10-14T18:12:16+00:00","breadcrumb":{"@id":"https:\/\/wordpress.callac.online\/index.php\/edition-mathematique\/professor\/generalites-sur-professor-sty\/les-parametres-graphiques-dans-professor\/#breadcrumb"},"inLanguage":"fr-FR","potentialAction":[{"@type":"ReadAction","target":["https:\/\/wordpress.callac.online\/index.php\/edition-mathematique\/professor\/generalites-sur-professor-sty\/les-parametres-graphiques-dans-professor\/"]}]},{"@type":"ImageObject","inLanguage":"fr-FR","@id":"https:\/\/wordpress.callac.online\/index.php\/edition-mathematique\/professor\/generalites-sur-professor-sty\/les-parametres-graphiques-dans-professor\/#primaryimage","url":"https:\/\/wordpress.callac.online\/wp-content\/uploads\/2008\/09\/jpg_graphique1.jpg","contentUrl":"https:\/\/wordpress.callac.online\/wp-content\/uploads\/2008\/09\/jpg_graphique1.jpg","width":713,"height":621,"caption":"graphique1.jpg"},{"@type":"BreadcrumbList","@id":"https:\/\/wordpress.callac.online\/index.php\/edition-mathematique\/professor\/generalites-sur-professor-sty\/les-parametres-graphiques-dans-professor\/#breadcrumb","itemListElement":[{"@type":"ListItem","position":1,"name":"Accueil","item":"https:\/\/wordpress.callac.online\/"},{"@type":"ListItem","position":2,"name":"\u00c9dition math\u00e9matique","item":"https:\/\/wordpress.callac.online\/index.php\/edition-mathematique\/"},{"@type":"ListItem","position":3,"name":"Professor","item":"https:\/\/wordpress.callac.online\/index.php\/edition-mathematique\/professor\/"},{"@type":"ListItem","position":4,"name":"G\u00e9n\u00e9ralit\u00e9s sur Professor.sty","item":"https:\/\/wordpress.callac.online\/index.php\/edition-mathematique\/professor\/generalites-sur-professor-sty\/"},{"@type":"ListItem","position":5,"name":"Les param\u00e8tres graphiques dans Professor"}]},{"@type":"WebSite","@id":"https:\/\/wordpress.callac.online\/#website","url":"https:\/\/wordpress.callac.online\/","name":"Maths & Num\u00e9rique","description":"Des outils pour les enseignants de math\u00e9matiques et de num\u00e9rique","publisher":{"@id":"https:\/\/wordpress.callac.online\/#\/schema\/person\/04061f1ca2c2c42039142a704be95940"},"potentialAction":[{"@type":"SearchAction","target":{"@type":"EntryPoint","urlTemplate":"https:\/\/wordpress.callac.online\/?s={search_term_string}"},"query-input":{"@type":"PropertyValueSpecification","valueRequired":true,"valueName":"search_term_string"}}],"inLanguage":"fr-FR"},{"@type":["Person","Organization"],"@id":"https:\/\/wordpress.callac.online\/#\/schema\/person\/04061f1ca2c2c42039142a704be95940","name":"dlefur","image":{"@type":"ImageObject","inLanguage":"fr-FR","@id":"https:\/\/wordpress.callac.online\/#\/schema\/person\/image\/","url":"https:\/\/secure.gravatar.com\/avatar\/4a9e17be136808c6597f28aa2b6c13126dab066fdc2198ff60090972c9b7fafc?s=96&d=mm&r=g","contentUrl":"https:\/\/secure.gravatar.com\/avatar\/4a9e17be136808c6597f28aa2b6c13126dab066fdc2198ff60090972c9b7fafc?s=96&d=mm&r=g","caption":"dlefur"},"logo":{"@id":"https:\/\/wordpress.callac.online\/#\/schema\/person\/image\/"},"description":"Enseignant de math\u00e9matiques Lyc\u00e9e Pasteur S\u00e3o Paulo","sameAs":["http:\/\/wordpress.callac.online"]}]}},"_links":{"self":[{"href":"https:\/\/wordpress.callac.online\/index.php\/wp-json\/wp\/v2\/pages\/192","targetHints":{"allow":["GET"]}}],"collection":[{"href":"https:\/\/wordpress.callac.online\/index.php\/wp-json\/wp\/v2\/pages"}],"about":[{"href":"https:\/\/wordpress.callac.online\/index.php\/wp-json\/wp\/v2\/types\/page"}],"author":[{"embeddable":true,"href":"https:\/\/wordpress.callac.online\/index.php\/wp-json\/wp\/v2\/users\/1"}],"replies":[{"embeddable":true,"href":"https:\/\/wordpress.callac.online\/index.php\/wp-json\/wp\/v2\/comments?post=192"}],"version-history":[{"count":3,"href":"https:\/\/wordpress.callac.online\/index.php\/wp-json\/wp\/v2\/pages\/192\/revisions"}],"predecessor-version":[{"id":2625,"href":"https:\/\/wordpress.callac.online\/index.php\/wp-json\/wp\/v2\/pages\/192\/revisions\/2625"}],"up":[{"embeddable":true,"href":"https:\/\/wordpress.callac.online\/index.php\/wp-json\/wp\/v2\/pages\/2251"}],"wp:attachment":[{"href":"https:\/\/wordpress.callac.online\/index.php\/wp-json\/wp\/v2\/media?parent=192"}],"curies":[{"name":"wp","href":"https:\/\/api.w.org\/{rel}","templated":true}]}}