{"id":193,"date":"2008-09-27T16:20:44","date_gmt":"2008-09-27T14:20:44","guid":{"rendered":"http:\/\/wordpress.callac.online\/index.php\/des-courbes-realisees-avec-pro-courbefn\/"},"modified":"2023-10-14T20:12:28","modified_gmt":"2023-10-14T18:12:28","slug":"des-courbes-realisees-avec-pro-courbefn","status":"publish","type":"page","link":"https:\/\/wordpress.callac.online\/index.php\/edition-mathematique\/professor\/les-galeries-de-professor-sty\/des-courbes-realisees-avec-pro-courbefn\/","title":{"rendered":"Des courbes r\u00e9alis\u00e9es avec pro-courbefn"},"content":{"rendered":"<h2>Exemple 1<\/h2>\n<hr \/>\n<p>Dans ce premier exemple, on voit appara\u00eetre la structure g\u00e9n\u00e9rale de cet environnement qui comprend :<br \/>\n&#8211; la d\u00e9finition de la fonction ;<br \/>\n&#8211; les param\u00e8tres de visualisation ;<br \/>\n&#8211; les options.<\/p>\n<p><u> Rem 1 :<\/u> m\u00eame si aucune option n&rsquo;est utilis\u00e9e, il est indispensable de conserver les crochets correspondants.<\/p>\n<p><u> Rem 2 :<\/u> dans les codes latex utilis\u00e9s dans les options, il est indispensable de remplacer le caract\u00e8re \u00ab\u00a0\\\u00a0\u00bb par \u00ab\u00a0@\u00a0\u00bb.<\/p>\n<p>Voici la signification des param\u00e8tres de visualisation :<br \/>\n&#8211; ux,uy : 1cm correspond \u00e0 ux ou uy selon l&rsquo;axe ;<br \/>\n&#8211; cx,cy : \u00e9cart entre deux graduations ;<br \/>\n&#8211; gx,gy ; \u00e9cart entre deux lignes du quadrillage.<\/p>\n<p>Voici le code :<\/p>\n<pre class=\"EnlighterJSRAW\" data-enlighter-language=\"latex\">\\begin{pro-courbefn}{1}\n[x^2,\"bleu\",[-2,3,\"ff\"]],  \/\/ expression,couleur,optionnel(intervalle, bornes)\n-5,7,-2,10,       \/\/xmin,xmax,ymin,ymax,\n1,1,1,1,1,1,      \/\/ux,uy,cx,cy,gx,gy,\n\/\/ ----------------- debut des options\n[\n[\"texte-courbe\",-1.5,\"$({@cal C}_f)$\",\"llft\",\"bleu\"],\n[\"titre-droite\",\"$({@cal C}_f) : y=x^2$\"],\n[\"titre-gauche\",\"Exemple de figure\"]\n]\n\/\/ ----------------- fin des options\n\\end{pro-courbefn}<\/pre>\n<p>On obtient :<\/p>\n<p><img loading=\"lazy\" decoding=\"async\" class=\" aligncenter size-full wp-image-809\" src=\"http:\/\/wordpress.callac.online\/wp-content\/uploads\/2008\/09\/jpg_courbefn1.jpg\" alt=\"courbefn1.jpg\" width=\"571\" height=\"620\" align=\"center\" srcset=\"https:\/\/wordpress.callac.online\/wp-content\/uploads\/2008\/09\/jpg_courbefn1.jpg 571w, https:\/\/wordpress.callac.online\/wp-content\/uploads\/2008\/09\/jpg_courbefn1-276x300.jpg 276w\" sizes=\"auto, (max-width: 571px) 100vw, 571px\" \/><\/p>\n<p><span style=\"color: red;\"><br \/>\n<em>NB : le code source correspondant est enregistr\u00e9 dans le fichier : <\/em><\/span><\/p>\n<p><span style=\"color: red;\"><em>nomfichier_courbefn i.mp. , la valeur i \u00e9tant donn\u00e9e en argument.<\/em><br \/>\n<\/span><\/p>\n<h2>Exemple 2<\/h2>\n<hr \/>\n<p>Voici un exemple de fonction rationnelle illustrant les asymptotes.<\/p>\n<p>On signale \u00e0 chaque fois si la droite est asymptote d&rsquo;un ou de deux c\u00f4t\u00e9s.<\/p>\n<pre class=\"EnlighterJSRAW\" data-enlighter-language=\"latex\">\\begin{pro-courbefn}{2}\n[x-3+2\/(x-2),\"bleu\"],  \/\/  expression,couleur,optionnel(intervalle, bornes)\n-7,7,-8,8,       \/\/xmin,xmax,ymin,ymax,\n1,1,1,1,1,1,      \/\/ux,uy,cx,cy,gx,gy,\n\/\/ ----------------- debut des options\n[\n[\"texte-courbe\",6,\"$({@cal C}_f)$\",\"ulft\",\"bleu\"],\n[\"point-libre\",[2,-1],\"$E$\",\"lrt\",\"rouge\"],\n[\"asymp-verti\",2,[-infinity,+infinity],\"rouge\"],\n[\"asymp-obli\",x-3,[-infinity,+infinity],\"rouge\"],\n[\"tangente\",2-sqrt(2),\"$A$\",\"top\",\"vert\",2],\n[\"tangente\",2+sqrt(2),\"$B$\",\"bot\",\"vert\",2],\n[\"titre-droite\",\"$({@cal C}_f) : y=x-3+@dfrac{2}{x-2}$\"],\n[\"titre-gauche\",\"Asymptotes\"] \n]\n\/\/ ----------------- fin des options\n\\end{pro-courbefn}<\/pre>\n<p>On obtient :<\/p>\n<p><img loading=\"lazy\" decoding=\"async\" class=\" aligncenter size-full wp-image-810\" src=\"http:\/\/wordpress.callac.online\/wp-content\/uploads\/2008\/09\/jpg_courbefn2.jpg\" alt=\"courbefn2.jpg\" width=\"661\" height=\"791\" align=\"center\" srcset=\"https:\/\/wordpress.callac.online\/wp-content\/uploads\/2008\/09\/jpg_courbefn2.jpg 661w, https:\/\/wordpress.callac.online\/wp-content\/uploads\/2008\/09\/jpg_courbefn2-251x300.jpg 251w\" sizes=\"auto, (max-width: 661px) 100vw, 661px\" \/><\/p>\n<h2>Exemple 3<\/h2>\n<hr \/>\n<p>Voici un exemple de fonction rationnelle illustrant les asymptotes.<\/p>\n<p>A noter la possibilit\u00e9 de donner un titre qui peut \u00eatre \u00e0 gauche, centr\u00e9 ou \u00e0 droite.<\/p>\n<p>En l&rsquo;absence de cette option, le bandeau est supprim\u00e9.<\/p>\n<pre class=\"EnlighterJSRAW\" data-enlighter-language=\"latex\">\\begin{pro-courbefn}{3}\n[1\/(x+3)+2,\"bleu\"],      \/\/  expression,couleur,optionnel(intervalle, bornes)\n-9,5,-5,8,       \/\/xmin,xmax,ymin,ymax,\n1,1,1,1,1,1,      \/\/ux,uy,cx,cy,gx,gy,\n\/\/ ----------------- debut des options\n[\n[\"texte-courbe\",3,\"$({@cal C}_f)$\",\"urt\",\"bleu\"],\n[\"point-libre\",[-3,2],\"$E$\",\"lrt\",\"rouge\"],\n[\"asymp-verti\",-3,[-infinity,+infinity],\"rouge\"],\n[\"asymp-hori\",2,[-infinity,+infinity],\"rouge\"],\n[\"titre-droite\",\"$({@cal C}_f) : y=@dfrac{1}{x+3}+2$\"],\n[\"titre-gauche\",\"Asymptotes\"]  \n]\n\/\/ ----------------- fin des options\n\\end{pro-courbefn}<\/pre>\n<p>On obtient :<\/p>\n<p><img loading=\"lazy\" decoding=\"async\" class=\" aligncenter size-full wp-image-811\" src=\"http:\/\/wordpress.callac.online\/wp-content\/uploads\/2008\/09\/jpg_courbefn3.jpg\" alt=\"courbefn3.jpg\" width=\"671\" height=\"662\" align=\"center\" srcset=\"https:\/\/wordpress.callac.online\/wp-content\/uploads\/2008\/09\/jpg_courbefn3.jpg 671w, https:\/\/wordpress.callac.online\/wp-content\/uploads\/2008\/09\/jpg_courbefn3-300x296.jpg 300w, https:\/\/wordpress.callac.online\/wp-content\/uploads\/2008\/09\/jpg_courbefn3-100x100.jpg 100w\" sizes=\"auto, (max-width: 671px) 100vw, 671px\" \/><\/p>\n<h2>Exemple 4<\/h2>\n<hr \/>\n<p>Voici un exemple illustrant les tangentes.<\/p>\n<p>Le param\u00e8tre suivant la couleur est le dx pris de part et d&rsquo;autre du point de tangence.<\/p>\n<p>A noter que l&rsquo;on pourra rajouter un dernier param\u00e8tre pour les coordonn\u00e9es fonctionnant comme celui des points expliqu\u00e9s dans le dernier exemple.<\/p>\n<pre class=\"EnlighterJSRAW\" data-enlighter-language=\"latex\">\\begin{pro-courbefn}{4}\n[ln(x),\"bleu\"],      \/\/  expression,couleur,optionnel(intervalle, bornes)\n-2,12,-7,4,       \/\/xmin,xmax,ymin,ymax,\n1,1,1,1,1,1,      \/\/ux,uy,cx,cy,gx,gy,\n\/\/ ----------------- debut des options\n[\n[\"texte-courbe\",8,\"$({@cal C}_f)$\",\"ulft\",\"bleu\"],\n[\"asymp-verti\",0,[-infinity],\"rouge\"], \n[\"tangente\",1,\"$A$\",\"ulft\",\"vert\",2],\n[\"titre-droite\",\"$({@cal C}_f) : y=@ln{x}$\"],\n[\"titre-gauche\",\"Tangente\"]   \n]\n\/\/ ----------------- fin des options\n\\end{pro-courbefn}<\/pre>\n<p>On obtient :<\/p>\n<p><img loading=\"lazy\" decoding=\"async\" class=\" aligncenter size-full wp-image-812\" src=\"http:\/\/wordpress.callac.online\/wp-content\/uploads\/2008\/09\/jpg_courbefn4.jpg\" alt=\"courbefn4.jpg\" width=\"658\" height=\"584\" align=\"center\" srcset=\"https:\/\/wordpress.callac.online\/wp-content\/uploads\/2008\/09\/jpg_courbefn4.jpg 658w, https:\/\/wordpress.callac.online\/wp-content\/uploads\/2008\/09\/jpg_courbefn4-300x266.jpg 300w\" sizes=\"auto, (max-width: 658px) 100vw, 658px\" \/><\/p>\n<h2>Exemple 5<\/h2>\n<hr \/>\n<p>Voici un exemple expliquant comment colorier l&rsquo;aire sous la courbe et comment en donner une valeur approch\u00e9e.<\/p>\n<pre class=\"EnlighterJSRAW\" data-enlighter-language=\"latex\">\\begin{pro-courbefn}{5}\n[sqrt(x),\"bleu\",[0,+infinity,\"fo\"]],  \/\/  expression,couleur,optionnel(intervalle, bornes)\n-2,10,-2,6,       \/\/xmin,xmax,ymin,ymax,\n1,1,1,1,1,1,      \/\/ux,uy,cx,cy,gx,gy,\n\/\/ ----------------- debut des options\n[\n[\"texte-courbe\",8,\"$({@cal C}_f)$\",\"ulft\",\"bleu\"],\n[\"aire-sous-courbe\",2,6,\"orange\"],\n[\"texte-libre\",[4,4],\"${@cal A}=\"+latex(evalf(integrate(sqrt(x),x,2,6)))+\"$\",\"lrt\",\"rouge\"],\n[\"titre-droite\",\"$({@cal C}_f) : y=@sqrt{x}$\"],\n[\"titre-gauche\",\"Aire sous la courbe\"] \n]\n\/\/ ----------------- fin des options\n\\end{pro-courbefn}<\/pre>\n<p>On obtient :<\/p>\n<p><img loading=\"lazy\" decoding=\"async\" class=\" aligncenter size-full wp-image-813\" src=\"http:\/\/wordpress.callac.online\/wp-content\/uploads\/2008\/09\/jpg_courbefn5.jpg\" alt=\"courbefn5.jpg\" width=\"575\" height=\"449\" align=\"center\" srcset=\"https:\/\/wordpress.callac.online\/wp-content\/uploads\/2008\/09\/jpg_courbefn5.jpg 575w, https:\/\/wordpress.callac.online\/wp-content\/uploads\/2008\/09\/jpg_courbefn5-300x234.jpg 300w\" sizes=\"auto, (max-width: 575px) 100vw, 575px\" \/><\/p>\n<h2>Exemple 6<\/h2>\n<hr \/>\n<p>Voici un exemple sur les sommes de Riemann.<\/p>\n<p>On pourra pr\u00e9ciser la valeur prise pour chaque hauteur de rectangle :<br \/>\n&#8211; \u00ab\u00a0min\u00a0\u00bb : minimum des deux bornes ;<br \/>\n&#8211; \u00ab\u00a0max\u00a0\u00bb : maximum des deux bornes ;<br \/>\n&#8211; \u00ab\u00a0centre\u00a0\u00bb : valeur de centre de l&rsquo;intervalle.<\/p>\n<p>On pourra sur un m\u00eame exemple cumuler deux telles options.<\/p>\n<pre class=\"EnlighterJSRAW\" data-enlighter-language=\"latex\">\\begin{pro-courbefn}{6}\n[sqrt(x),\"bleu\",[0,+infinity,\"fo\"]],  \/\/  expression,couleur,optionnel(intervalle, bornes)\n-2,10,-2,8,       \/\/xmin,xmax,ymin,ymax,\n1,1,1,1,1,1,      \/\/ux,uy,cx,cy,gx,gy,\n\/\/ ----------------- debut des options\n[\n[\"texte-courbe\",8,\"$({@cal C}_f)$\",\"ulft\",\"bleu\"],\n[\"riemann\",2,6,10,\"min\",\"jaune\"],\n[\"titre-droite\",\"$({@cal C}_f) : y=@sqrt{x}$\"],\n[\"titre-gauche\",\"Somme de Riemann\"]  \n]\n\/\/ ----------------- fin des options\n\\end{pro-courbefn}<\/pre>\n<p>On obtient :<\/p>\n<p><img loading=\"lazy\" decoding=\"async\" class=\" aligncenter size-full wp-image-814\" src=\"http:\/\/wordpress.callac.online\/wp-content\/uploads\/2008\/09\/jpg_courbefn6.jpg\" alt=\"courbefn6.jpg\" width=\"587\" height=\"545\" align=\"center\" srcset=\"https:\/\/wordpress.callac.online\/wp-content\/uploads\/2008\/09\/jpg_courbefn6.jpg 587w, https:\/\/wordpress.callac.online\/wp-content\/uploads\/2008\/09\/jpg_courbefn6-300x279.jpg 300w\" sizes=\"auto, (max-width: 587px) 100vw, 587px\" \/><\/p>\n<h2>Exemple 7<\/h2>\n<hr \/>\n<p>Voici un exemple illustrant les points.<\/p>\n<p>Le dernier param\u00e8tre (entre crochets) est optionnel. S&rsquo;il est pr\u00e9sent, des pointill\u00e9s et des valeurs sont donn\u00e9es sur un (\u00ab\u00a0x\u00a0\u00bb ou \u00ab\u00a0y\u00a0\u00bb)ou deux axes (\u00ab\u00a0xy\u00a0\u00bb).<\/p>\n<p>On a aussi le choix de pr\u00e9ciser les coordonn\u00e9es \u00e0 afficher (point E) ou de laisser le logiciel s&rsquo;en occuper (point B).<\/p>\n<pre class=\"EnlighterJSRAW\" data-enlighter-language=\"latex\">\\begin{pro-courbefn}{7}\n[x^2,\"bleu\",[-2,3,\"ff\"]],  \/\/  expression,couleur,optionnel(intervalle, bornes)\n-5,7,-2,10,       \/\/xmin,xmax,ymin,ymax,\n1,1,1,1,1,1,      \/\/ux,uy,cx,cy,gx,gy,\n\/\/ ----------------- debut des options\n[\n[\"texte-courbe\",-1.5,\"$({@cal C}_f)$\",\"llft\",\"bleu\"],\n[\"point-courbe\",5\/2,\"$B$\",\"ulft\",\"noir\",[\"x\"]],\n[\"point-libre\",[-sqrt(10),e^2],\"$E$\",\"ulft\",\"noir\",[\"xy\",\"$-@sqrt{10}$\",\"$e^2$\"]],\n[\"titre-droite\",\"$({@cal C}_f) : y=x^2$\"],\n[\"titre-gauche\",\"Test des points\"]\n]\n\/\/ ----------------- fin des options\n\\end{pro-courbefn}<\/pre>\n<p>On obtient :<\/p>\n<p><img loading=\"lazy\" decoding=\"async\" class=\" aligncenter size-full wp-image-815\" src=\"http:\/\/wordpress.callac.online\/wp-content\/uploads\/2008\/09\/jpg_courbefn7.jpg\" alt=\"courbefn7.jpg\" width=\"591\" height=\"621\" align=\"center\" srcset=\"https:\/\/wordpress.callac.online\/wp-content\/uploads\/2008\/09\/jpg_courbefn7.jpg 591w, https:\/\/wordpress.callac.online\/wp-content\/uploads\/2008\/09\/jpg_courbefn7-286x300.jpg 286w\" sizes=\"auto, (max-width: 591px) 100vw, 591px\" \/><\/p>\n","protected":false},"excerpt":{"rendered":"<p>Exemple 1 Dans ce premier exemple, on voit appara\u00eetre la structure g\u00e9n\u00e9rale de cet environnement qui comprend : &#8211; la d\u00e9finition de la fonction ; &#8211; les param\u00e8tres de visualisation&hellip;<\/p>\n","protected":false},"author":1,"featured_media":0,"parent":2254,"menu_order":1,"comment_status":"closed","ping_status":"closed","template":"","meta":{"footnotes":""},"class_list":["post-193","page","type-page","status-publish","hentry"],"yoast_head":"<!-- This site is optimized with the Yoast SEO plugin v27.1.1 - https:\/\/yoast.com\/product\/yoast-seo-wordpress\/ -->\n<title>Des courbes r\u00e9alis\u00e9es avec pro-courbefn - Maths &amp; Num\u00e9rique<\/title>\n<meta name=\"robots\" content=\"index, follow, max-snippet:-1, max-image-preview:large, max-video-preview:-1\" \/>\n<link rel=\"canonical\" href=\"https:\/\/wordpress.callac.online\/index.php\/edition-mathematique\/professor\/les-galeries-de-professor-sty\/des-courbes-realisees-avec-pro-courbefn\/\" \/>\n<meta property=\"og:locale\" content=\"fr_FR\" \/>\n<meta property=\"og:type\" content=\"article\" \/>\n<meta property=\"og:title\" content=\"Des courbes r\u00e9alis\u00e9es avec pro-courbefn - Maths &amp; Num\u00e9rique\" \/>\n<meta property=\"og:description\" content=\"Exemple 1 Dans ce premier exemple, on voit appara\u00eetre la structure g\u00e9n\u00e9rale de cet environnement qui comprend : &#8211; la d\u00e9finition de la fonction ; &#8211; les param\u00e8tres de visualisation&hellip;\" \/>\n<meta property=\"og:url\" content=\"https:\/\/wordpress.callac.online\/index.php\/edition-mathematique\/professor\/les-galeries-de-professor-sty\/des-courbes-realisees-avec-pro-courbefn\/\" \/>\n<meta property=\"og:site_name\" content=\"Maths &amp; Num\u00e9rique\" \/>\n<meta property=\"article:modified_time\" content=\"2023-10-14T18:12:28+00:00\" \/>\n<meta property=\"og:image\" content=\"http:\/\/wordpress.callac.online\/wp-content\/uploads\/2008\/09\/jpg_courbefn1.jpg\" \/>\n<meta name=\"twitter:card\" content=\"summary_large_image\" \/>\n<meta name=\"twitter:label1\" content=\"Dur\u00e9e de lecture estim\u00e9e\" \/>\n\t<meta name=\"twitter:data1\" content=\"4 minutes\" \/>\n<script type=\"application\/ld+json\" class=\"yoast-schema-graph\">{\"@context\":\"https:\/\/schema.org\",\"@graph\":[{\"@type\":\"WebPage\",\"@id\":\"https:\/\/wordpress.callac.online\/index.php\/edition-mathematique\/professor\/les-galeries-de-professor-sty\/des-courbes-realisees-avec-pro-courbefn\/\",\"url\":\"https:\/\/wordpress.callac.online\/index.php\/edition-mathematique\/professor\/les-galeries-de-professor-sty\/des-courbes-realisees-avec-pro-courbefn\/\",\"name\":\"Des courbes r\u00e9alis\u00e9es avec pro-courbefn - Maths &amp; Num\u00e9rique\",\"isPartOf\":{\"@id\":\"https:\/\/wordpress.callac.online\/#website\"},\"primaryImageOfPage\":{\"@id\":\"https:\/\/wordpress.callac.online\/index.php\/edition-mathematique\/professor\/les-galeries-de-professor-sty\/des-courbes-realisees-avec-pro-courbefn\/#primaryimage\"},\"image\":{\"@id\":\"https:\/\/wordpress.callac.online\/index.php\/edition-mathematique\/professor\/les-galeries-de-professor-sty\/des-courbes-realisees-avec-pro-courbefn\/#primaryimage\"},\"thumbnailUrl\":\"http:\/\/wordpress.callac.online\/wp-content\/uploads\/2008\/09\/jpg_courbefn1.jpg\",\"datePublished\":\"2008-09-27T14:20:44+00:00\",\"dateModified\":\"2023-10-14T18:12:28+00:00\",\"breadcrumb\":{\"@id\":\"https:\/\/wordpress.callac.online\/index.php\/edition-mathematique\/professor\/les-galeries-de-professor-sty\/des-courbes-realisees-avec-pro-courbefn\/#breadcrumb\"},\"inLanguage\":\"fr-FR\",\"potentialAction\":[{\"@type\":\"ReadAction\",\"target\":[\"https:\/\/wordpress.callac.online\/index.php\/edition-mathematique\/professor\/les-galeries-de-professor-sty\/des-courbes-realisees-avec-pro-courbefn\/\"]}]},{\"@type\":\"ImageObject\",\"inLanguage\":\"fr-FR\",\"@id\":\"https:\/\/wordpress.callac.online\/index.php\/edition-mathematique\/professor\/les-galeries-de-professor-sty\/des-courbes-realisees-avec-pro-courbefn\/#primaryimage\",\"url\":\"https:\/\/wordpress.callac.online\/wp-content\/uploads\/2008\/09\/jpg_courbefn1.jpg\",\"contentUrl\":\"https:\/\/wordpress.callac.online\/wp-content\/uploads\/2008\/09\/jpg_courbefn1.jpg\",\"width\":571,\"height\":620,\"caption\":\"courbefn1.jpg\"},{\"@type\":\"BreadcrumbList\",\"@id\":\"https:\/\/wordpress.callac.online\/index.php\/edition-mathematique\/professor\/les-galeries-de-professor-sty\/des-courbes-realisees-avec-pro-courbefn\/#breadcrumb\",\"itemListElement\":[{\"@type\":\"ListItem\",\"position\":1,\"name\":\"Accueil\",\"item\":\"https:\/\/wordpress.callac.online\/\"},{\"@type\":\"ListItem\",\"position\":2,\"name\":\"\u00c9dition math\u00e9matique\",\"item\":\"https:\/\/wordpress.callac.online\/index.php\/edition-mathematique\/\"},{\"@type\":\"ListItem\",\"position\":3,\"name\":\"Professor\",\"item\":\"https:\/\/wordpress.callac.online\/index.php\/edition-mathematique\/professor\/\"},{\"@type\":\"ListItem\",\"position\":4,\"name\":\"Les galeries de Professor.sty\",\"item\":\"https:\/\/wordpress.callac.online\/index.php\/edition-mathematique\/professor\/les-galeries-de-professor-sty\/\"},{\"@type\":\"ListItem\",\"position\":5,\"name\":\"Des courbes r\u00e9alis\u00e9es avec pro-courbefn\"}]},{\"@type\":\"WebSite\",\"@id\":\"https:\/\/wordpress.callac.online\/#website\",\"url\":\"https:\/\/wordpress.callac.online\/\",\"name\":\"Maths & Num\u00e9rique\",\"description\":\"Des outils pour les enseignants de math\u00e9matiques et de num\u00e9rique\",\"publisher\":{\"@id\":\"https:\/\/wordpress.callac.online\/#\/schema\/person\/04061f1ca2c2c42039142a704be95940\"},\"potentialAction\":[{\"@type\":\"SearchAction\",\"target\":{\"@type\":\"EntryPoint\",\"urlTemplate\":\"https:\/\/wordpress.callac.online\/?s={search_term_string}\"},\"query-input\":{\"@type\":\"PropertyValueSpecification\",\"valueRequired\":true,\"valueName\":\"search_term_string\"}}],\"inLanguage\":\"fr-FR\"},{\"@type\":[\"Person\",\"Organization\"],\"@id\":\"https:\/\/wordpress.callac.online\/#\/schema\/person\/04061f1ca2c2c42039142a704be95940\",\"name\":\"dlefur\",\"image\":{\"@type\":\"ImageObject\",\"inLanguage\":\"fr-FR\",\"@id\":\"https:\/\/wordpress.callac.online\/#\/schema\/person\/image\/\",\"url\":\"https:\/\/secure.gravatar.com\/avatar\/4a9e17be136808c6597f28aa2b6c13126dab066fdc2198ff60090972c9b7fafc?s=96&d=mm&r=g\",\"contentUrl\":\"https:\/\/secure.gravatar.com\/avatar\/4a9e17be136808c6597f28aa2b6c13126dab066fdc2198ff60090972c9b7fafc?s=96&d=mm&r=g\",\"caption\":\"dlefur\"},\"logo\":{\"@id\":\"https:\/\/wordpress.callac.online\/#\/schema\/person\/image\/\"},\"description\":\"Enseignant de math\u00e9matiques Lyc\u00e9e Pasteur S\u00e3o Paulo\",\"sameAs\":[\"http:\/\/wordpress.callac.online\"]}]}<\/script>\n<!-- \/ Yoast SEO plugin. -->","yoast_head_json":{"title":"Des courbes r\u00e9alis\u00e9es avec pro-courbefn - Maths &amp; Num\u00e9rique","robots":{"index":"index","follow":"follow","max-snippet":"max-snippet:-1","max-image-preview":"max-image-preview:large","max-video-preview":"max-video-preview:-1"},"canonical":"https:\/\/wordpress.callac.online\/index.php\/edition-mathematique\/professor\/les-galeries-de-professor-sty\/des-courbes-realisees-avec-pro-courbefn\/","og_locale":"fr_FR","og_type":"article","og_title":"Des courbes r\u00e9alis\u00e9es avec pro-courbefn - Maths &amp; Num\u00e9rique","og_description":"Exemple 1 Dans ce premier exemple, on voit appara\u00eetre la structure g\u00e9n\u00e9rale de cet environnement qui comprend : &#8211; la d\u00e9finition de la fonction ; &#8211; les param\u00e8tres de visualisation&hellip;","og_url":"https:\/\/wordpress.callac.online\/index.php\/edition-mathematique\/professor\/les-galeries-de-professor-sty\/des-courbes-realisees-avec-pro-courbefn\/","og_site_name":"Maths &amp; Num\u00e9rique","article_modified_time":"2023-10-14T18:12:28+00:00","og_image":[{"url":"http:\/\/wordpress.callac.online\/wp-content\/uploads\/2008\/09\/jpg_courbefn1.jpg","type":"","width":"","height":""}],"twitter_card":"summary_large_image","twitter_misc":{"Dur\u00e9e de lecture estim\u00e9e":"4 minutes"},"schema":{"@context":"https:\/\/schema.org","@graph":[{"@type":"WebPage","@id":"https:\/\/wordpress.callac.online\/index.php\/edition-mathematique\/professor\/les-galeries-de-professor-sty\/des-courbes-realisees-avec-pro-courbefn\/","url":"https:\/\/wordpress.callac.online\/index.php\/edition-mathematique\/professor\/les-galeries-de-professor-sty\/des-courbes-realisees-avec-pro-courbefn\/","name":"Des courbes r\u00e9alis\u00e9es avec pro-courbefn - Maths &amp; Num\u00e9rique","isPartOf":{"@id":"https:\/\/wordpress.callac.online\/#website"},"primaryImageOfPage":{"@id":"https:\/\/wordpress.callac.online\/index.php\/edition-mathematique\/professor\/les-galeries-de-professor-sty\/des-courbes-realisees-avec-pro-courbefn\/#primaryimage"},"image":{"@id":"https:\/\/wordpress.callac.online\/index.php\/edition-mathematique\/professor\/les-galeries-de-professor-sty\/des-courbes-realisees-avec-pro-courbefn\/#primaryimage"},"thumbnailUrl":"http:\/\/wordpress.callac.online\/wp-content\/uploads\/2008\/09\/jpg_courbefn1.jpg","datePublished":"2008-09-27T14:20:44+00:00","dateModified":"2023-10-14T18:12:28+00:00","breadcrumb":{"@id":"https:\/\/wordpress.callac.online\/index.php\/edition-mathematique\/professor\/les-galeries-de-professor-sty\/des-courbes-realisees-avec-pro-courbefn\/#breadcrumb"},"inLanguage":"fr-FR","potentialAction":[{"@type":"ReadAction","target":["https:\/\/wordpress.callac.online\/index.php\/edition-mathematique\/professor\/les-galeries-de-professor-sty\/des-courbes-realisees-avec-pro-courbefn\/"]}]},{"@type":"ImageObject","inLanguage":"fr-FR","@id":"https:\/\/wordpress.callac.online\/index.php\/edition-mathematique\/professor\/les-galeries-de-professor-sty\/des-courbes-realisees-avec-pro-courbefn\/#primaryimage","url":"https:\/\/wordpress.callac.online\/wp-content\/uploads\/2008\/09\/jpg_courbefn1.jpg","contentUrl":"https:\/\/wordpress.callac.online\/wp-content\/uploads\/2008\/09\/jpg_courbefn1.jpg","width":571,"height":620,"caption":"courbefn1.jpg"},{"@type":"BreadcrumbList","@id":"https:\/\/wordpress.callac.online\/index.php\/edition-mathematique\/professor\/les-galeries-de-professor-sty\/des-courbes-realisees-avec-pro-courbefn\/#breadcrumb","itemListElement":[{"@type":"ListItem","position":1,"name":"Accueil","item":"https:\/\/wordpress.callac.online\/"},{"@type":"ListItem","position":2,"name":"\u00c9dition math\u00e9matique","item":"https:\/\/wordpress.callac.online\/index.php\/edition-mathematique\/"},{"@type":"ListItem","position":3,"name":"Professor","item":"https:\/\/wordpress.callac.online\/index.php\/edition-mathematique\/professor\/"},{"@type":"ListItem","position":4,"name":"Les galeries de Professor.sty","item":"https:\/\/wordpress.callac.online\/index.php\/edition-mathematique\/professor\/les-galeries-de-professor-sty\/"},{"@type":"ListItem","position":5,"name":"Des courbes r\u00e9alis\u00e9es avec pro-courbefn"}]},{"@type":"WebSite","@id":"https:\/\/wordpress.callac.online\/#website","url":"https:\/\/wordpress.callac.online\/","name":"Maths & Num\u00e9rique","description":"Des outils pour les enseignants de math\u00e9matiques et de num\u00e9rique","publisher":{"@id":"https:\/\/wordpress.callac.online\/#\/schema\/person\/04061f1ca2c2c42039142a704be95940"},"potentialAction":[{"@type":"SearchAction","target":{"@type":"EntryPoint","urlTemplate":"https:\/\/wordpress.callac.online\/?s={search_term_string}"},"query-input":{"@type":"PropertyValueSpecification","valueRequired":true,"valueName":"search_term_string"}}],"inLanguage":"fr-FR"},{"@type":["Person","Organization"],"@id":"https:\/\/wordpress.callac.online\/#\/schema\/person\/04061f1ca2c2c42039142a704be95940","name":"dlefur","image":{"@type":"ImageObject","inLanguage":"fr-FR","@id":"https:\/\/wordpress.callac.online\/#\/schema\/person\/image\/","url":"https:\/\/secure.gravatar.com\/avatar\/4a9e17be136808c6597f28aa2b6c13126dab066fdc2198ff60090972c9b7fafc?s=96&d=mm&r=g","contentUrl":"https:\/\/secure.gravatar.com\/avatar\/4a9e17be136808c6597f28aa2b6c13126dab066fdc2198ff60090972c9b7fafc?s=96&d=mm&r=g","caption":"dlefur"},"logo":{"@id":"https:\/\/wordpress.callac.online\/#\/schema\/person\/image\/"},"description":"Enseignant de math\u00e9matiques Lyc\u00e9e Pasteur S\u00e3o Paulo","sameAs":["http:\/\/wordpress.callac.online"]}]}},"_links":{"self":[{"href":"https:\/\/wordpress.callac.online\/index.php\/wp-json\/wp\/v2\/pages\/193","targetHints":{"allow":["GET"]}}],"collection":[{"href":"https:\/\/wordpress.callac.online\/index.php\/wp-json\/wp\/v2\/pages"}],"about":[{"href":"https:\/\/wordpress.callac.online\/index.php\/wp-json\/wp\/v2\/types\/page"}],"author":[{"embeddable":true,"href":"https:\/\/wordpress.callac.online\/index.php\/wp-json\/wp\/v2\/users\/1"}],"replies":[{"embeddable":true,"href":"https:\/\/wordpress.callac.online\/index.php\/wp-json\/wp\/v2\/comments?post=193"}],"version-history":[{"count":5,"href":"https:\/\/wordpress.callac.online\/index.php\/wp-json\/wp\/v2\/pages\/193\/revisions"}],"predecessor-version":[{"id":2360,"href":"https:\/\/wordpress.callac.online\/index.php\/wp-json\/wp\/v2\/pages\/193\/revisions\/2360"}],"up":[{"embeddable":true,"href":"https:\/\/wordpress.callac.online\/index.php\/wp-json\/wp\/v2\/pages\/2254"}],"wp:attachment":[{"href":"https:\/\/wordpress.callac.online\/index.php\/wp-json\/wp\/v2\/media?parent=193"}],"curies":[{"name":"wp","href":"https:\/\/api.w.org\/{rel}","templated":true}]}}