{"id":194,"date":"2008-09-27T19:39:28","date_gmt":"2008-09-27T17:39:28","guid":{"rendered":"http:\/\/wordpress.callac.online\/index.php\/des-courbes-realisees-avec-pro-courbemulti\/"},"modified":"2023-10-14T20:12:27","modified_gmt":"2023-10-14T18:12:27","slug":"des-courbes-realisees-avec-pro-courbemulti","status":"publish","type":"page","link":"https:\/\/wordpress.callac.online\/index.php\/edition-mathematique\/professor\/les-galeries-de-professor-sty\/des-courbes-realisees-avec-pro-courbemulti\/","title":{"rendered":"Des courbes r\u00e9alis\u00e9es avec pro-courbemulti"},"content":{"rendered":"<h2>Exemple 1 : aire entre deux courbes<\/h2>\n<hr \/>\n<p>Dans ce premier exemple, on remarquera le dernier param\u00e8tre \u00ab\u00a0hachure\u00a0\u00bb pour l&rsquo;option \u00ab\u00a0aire-sous-courbe\u00a0\u00bb. Cette possibilit\u00e9 pourra \u00eatre utilis\u00e9e pour toutes les surfaces :<br \/>\n&#8211; aire-sous-courbe<br \/>\n&#8211; aire-entre-courbes<br \/>\n&#8211; riemann<\/p>\n<p>Voici le code :<\/p>\n<pre class=\"EnlighterJSRAW\" data-enlighter-language=\"latex\">\\begin{pro-courbemulti}{1}\n[\n[x^2-2,\"rouge\"],\n[-(x-1)^2+3,\"bleu\"],\n[1,\"gris\",[0,1]]\n],\n-2,3,-3,4, \/\/xmin,xmax,ymin,ymax,\n0.5,0.5,1,1,0.5,0.5, \/\/ux,uy,cx,cy,gx,gy,\n\/\/ ----------------- debut des options\n[\n[\"titre-gauche\",\"Aire entre deux courbes\"],\n[\"point-courbe\",1,-1,\"$A$\",\"lft\",\"noir\",[\"x\"]],\n[\"point-courbe\",1,2,\"$B$\",\"rt\",\"noir\",[\"x\"]],\n[\"point-courbe\",2,1,\"$S$\",\"top\",\"noir\"],\n[\"texte-courbe\",1,-1.5,\"$({@cal C}_f)$\",\"urt\",\"rouge\"],\n[\"texte-courbe\",2,-0.5,\"$({@cal C}_g)$\",\"ulft\",\"bleu\"],\n[\"aire-sous-courbe\",3,0,1,\"gris\",\"hachure\"],\n[\"aire-entre-courbes\",1,2,-1,2,\"orange\"],\n[\"valeur-aire-entre-courbes\",1,2,-1,2,[1,-1.5],\"${@cal A} @approx$\",\"rt\",\"orange\"]\n]\n\/\/ ----------------- fin des options\n\\end{pro-courbemulti}<\/pre>\n<p>On obtient :<\/p>\n<p><img loading=\"lazy\" decoding=\"async\" class=\" aligncenter size-full wp-image-816\" src=\"http:\/\/wordpress.callac.online\/wp-content\/uploads\/2008\/09\/jpg_courbemulti1.jpg\" alt=\"courbemulti1.jpg\" width=\"496\" height=\"699\" align=\"center\" srcset=\"https:\/\/wordpress.callac.online\/wp-content\/uploads\/2008\/09\/jpg_courbemulti1.jpg 496w, https:\/\/wordpress.callac.online\/wp-content\/uploads\/2008\/09\/jpg_courbemulti1-213x300.jpg 213w\" sizes=\"auto, (max-width: 496px) 100vw, 496px\" \/><\/p>\n<p><span style=\"color: red;\"><br \/>\n<em>NB : le code source correspondant est enregistr\u00e9 dans le fichier : <\/em><\/span><\/p>\n<p><span style=\"color: red;\"><em>nomfichier_courbemulti_i.mp. , la valeur i \u00e9tant donn\u00e9e en argument.<\/em><br \/>\n<\/span><\/p>\n<h2>Exemple 2 : fonctions d&rsquo;offre et de demande<\/h2>\n<hr \/>\n<p>Voici le code :<\/p>\n<pre class=\"EnlighterJSRAW\" data-enlighter-language=\"latex\">\\begin{pro-courbemulti}{2}\n[\n[(x^2+1)*exp(-x+2),\"rouge\"],\n[5\/2*x,\"vert\"]\n],\n-1,3,-1,10, \/\/xmin,xmax,ymin,ymax,\n0.25,1,1,1,1,1, \/\/ux,uy,cx,cy,gx,gy,\n\/\/ ----------------- debut des options\n[\n[\"titre-gauche\",\"Fonctions d'offre et de demande\"],\n[\"point-courbe\",1,2,\"$Q$\",\"top\",\"noir\",[\"xy\"]],\n[\"texte-courbe\",1,2.5,\"$({@cal C}_f)$\",\"urt\",\"rouge\"],\n[\"texte-courbe\",2,2.5,\"$({@cal C}_g)$\",\"ulft\",\"vert\"],\n[\"aire-entre-courbes\",1,2,0,2,\"orange\"],\n[\"valeur-aire-entre-courbes\",1,2,0,2,[1,6.5],\"${@cal A} @approx$\",\"rt\",\"orange\"]\n]\n\/\/ ----------------- fin des options\n\\end{pro-courbemulti}<\/pre>\n<p>On obtient :<\/p>\n<p><img loading=\"lazy\" decoding=\"async\" class=\" aligncenter size-full wp-image-817\" src=\"http:\/\/wordpress.callac.online\/wp-content\/uploads\/2008\/09\/jpg_courbemulti2.jpg\" alt=\"courbemulti2.jpg\" width=\"778\" height=\"577\" align=\"center\" srcset=\"https:\/\/wordpress.callac.online\/wp-content\/uploads\/2008\/09\/jpg_courbemulti2.jpg 778w, https:\/\/wordpress.callac.online\/wp-content\/uploads\/2008\/09\/jpg_courbemulti2-300x222.jpg 300w, https:\/\/wordpress.callac.online\/wp-content\/uploads\/2008\/09\/jpg_courbemulti2-768x570.jpg 768w\" sizes=\"auto, (max-width: 778px) 100vw, 778px\" \/><\/p>\n<h2>Exemple 3 : courbe de Lorenz et indice de Gini<\/h2>\n<hr \/>\n<p>Voici le code :<\/p>\n<pre class=\"EnlighterJSRAW\" data-enlighter-language=\"latex\">\\begin{pro-courbemulti}{3}\n[\n[x^2,\"noir\",[0,1]],\n[x,\"noir\",[0,1]]\n],\n-0.1,1.1,-0.1,1.1, \/\/xmin,xmax,ymin,ymax,\n0.1,0.1,0.2,0.2,0.1,0.1, \/\/ux,uy,cx,cy,gx,gy,\n\/\/ ----------------- debut des options\n[\n[\"titre-gauche\",\"Courbe de Lorenz et indice de Gini\"],\n[\"point-courbe\",1,1,\"$A$\",\"urt\",\"noir\",[\"xy\"]],\n[\"texte-courbe\",1,0.6,\"$({@cal C}_f)$\",\"lrt\",\"noir\"],\n[\"texte-libre\",[0.1,0.9],\"$@gamma @approx \"+round(evalf(2*integrate(x-x^2,x,0,1)),3)+\"$\",\"lrt\",\"orange\"],\n[\"aire-entre-courbes\",1,2,0,1,\"orange\"]\n]\n\/\/ ----------------- fin des options\n\\end{pro-courbemulti}<\/pre>\n<p>On obtient :<\/p>\n<p><img loading=\"lazy\" decoding=\"async\" class=\" aligncenter size-full wp-image-818\" src=\"http:\/\/wordpress.callac.online\/wp-content\/uploads\/2008\/09\/jpg_courbemulti3.jpg\" alt=\"courbemulti3.jpg\" width=\"594\" height=\"620\" align=\"center\" srcset=\"https:\/\/wordpress.callac.online\/wp-content\/uploads\/2008\/09\/jpg_courbemulti3.jpg 594w, https:\/\/wordpress.callac.online\/wp-content\/uploads\/2008\/09\/jpg_courbemulti3-287x300.jpg 287w\" sizes=\"auto, (max-width: 594px) 100vw, 594px\" \/><\/p>\n<h2>Exemple 4 : croissances compar\u00e9es<\/h2>\n<hr \/>\n<p>Voici le code :<\/p>\n<pre class=\"EnlighterJSRAW\" data-enlighter-language=\"generic\">\\begin{pro-courbemulti}{4}\n[\n[x,\"noir\",[0,10]],\n[x^2,\"bleu\",[0,10]],\n[exp(x),\"rouge\",[0,10]],\n[ln(x),\"violet\"]\n],\n-1,10,-5,10, \/\/xmin,xmax,ymin,ymax,\n1,1,2,2,1,1, \/\/ux,uy,cx,cy,gx,gy,\n\/\/ ----------------- debut des options\n[\n[\"titre-gauche\",\"Croissances compar@'ees\"],\n[\"texte-courbe\",1,5,\"$x$\",\"lrt\",\"noir\"],\n[\"texte-courbe\",2,2,\"$x^2$\",\"lrt\",\"bleu\"],\n[\"texte-courbe\",3,1,\"$e^x$\",\"ulft\",\"rouge\"],\n[\"texte-courbe\",4,5,\"$@ln x$\",\"ulft\",\"violet\"]\n]\n\/\/ ----------------- fin des options\n\\end{pro-courbemulti}<\/pre>\n<p>On obtient :<\/p>\n<p><img loading=\"lazy\" decoding=\"async\" class=\" aligncenter size-full wp-image-819\" src=\"http:\/\/wordpress.callac.online\/wp-content\/uploads\/2008\/09\/jpg_courbemulti4.jpg\" alt=\"courbemulti4.jpg\" width=\"564\" height=\"745\" align=\"center\" srcset=\"https:\/\/wordpress.callac.online\/wp-content\/uploads\/2008\/09\/jpg_courbemulti4.jpg 564w, https:\/\/wordpress.callac.online\/wp-content\/uploads\/2008\/09\/jpg_courbemulti4-227x300.jpg 227w\" sizes=\"auto, (max-width: 564px) 100vw, 564px\" \/><\/p>\n<h2>Exemple 5 : valeur moyenne<\/h2>\n<hr \/>\n<p>Voici le code :<\/p>\n<pre class=\"EnlighterJSRAW\" data-enlighter-language=\"latex\">\\begin{pro-courbemulti}{5}\n[\n[110*(ln(x)-2)\/x,\"rouge\",[10,90]],\n[4.471,\"jaune\",[20,70]]\n],\n0,100,0,6, \/\/xmin,xmax,ymin,ymax,\n10,0.5,10,1,10,1, \/\/ux,uy,cx,cy,gx,gy,\n\/\/ ----------------- debut des options\n[\n[\"titre-gauche\",\"Valeur moyenne\"],\n[\"texte-courbe\",1,30,\"$({@cal C}_f)$\",\"urt\",\"rouge\"],\n[\"aire-sous-courbe\",1,20,70,\"orange\"],\n[\"aire-sous-courbe\",2,20,70,\"vert\",\"hachure\"],\n\/\/[\"valeur-aire-sous-courbe\",1,20,70,[1,4],\"${@cal A} @approx$\",\"rt\",\"orange\"]\n[\"texte-libre\",[60,5],\"$@gamma @approx \"+round(evalf(integrate(110*(ln(x)-2)\/x,x,20,70)\/50),3)+\"$\",\"rt\",\"noir\"]\n]\n\/\/ ----------------- fin des options\n\\end{pro-courbemulti}<\/pre>\n<p>On obtient :<\/p>\n<p><img loading=\"lazy\" decoding=\"async\" class=\" aligncenter size-full wp-image-820\" src=\"http:\/\/wordpress.callac.online\/wp-content\/uploads\/2008\/09\/jpg_courbemulti5.jpg\" alt=\"courbemulti5.jpg\" width=\"532\" height=\"637\" align=\"center\" srcset=\"https:\/\/wordpress.callac.online\/wp-content\/uploads\/2008\/09\/jpg_courbemulti5.jpg 532w, https:\/\/wordpress.callac.online\/wp-content\/uploads\/2008\/09\/jpg_courbemulti5-251x300.jpg 251w\" sizes=\"auto, (max-width: 532px) 100vw, 532px\" \/><\/p>\n<h2>Exemple 6 : somme de Riemann<\/h2>\n<hr \/>\n<p>Voici le code :<\/p>\n<pre class=\"EnlighterJSRAW\" data-enlighter-language=\"latex\">\\begin{pro-courbemulti}{6}\n[\n[110*(ln(x)-2)\/x,\"rouge\",[10,90]]\n],\n0,100,0,6, \/\/xmin,xmax,ymin,ymax,\n10,0.5,10,1,10,1, \/\/ux,uy,cx,cy,gx,gy,\n\/\/ ----------------- debut des options\n[\n[\"titre-gauche\",\"Somme de Riemann\"],\n[\"texte-courbe\",1,30,\"$({@cal C}_f)$\",\"urt\",\"rouge\"],\n[\"riemann\",1,20,70,10,\"min\",\"orange\"]\n]\n\/\/ ----------------- fin des options\n\\end{pro-courbemulti}<\/pre>\n<p>On obtient :<\/p>\n<p><img loading=\"lazy\" decoding=\"async\" class=\" aligncenter size-full wp-image-821\" src=\"http:\/\/wordpress.callac.online\/wp-content\/uploads\/2008\/09\/jpg_courbemulti6.jpg\" alt=\"courbemulti6.jpg\" width=\"496\" height=\"631\" align=\"center\" srcset=\"https:\/\/wordpress.callac.online\/wp-content\/uploads\/2008\/09\/jpg_courbemulti6.jpg 496w, https:\/\/wordpress.callac.online\/wp-content\/uploads\/2008\/09\/jpg_courbemulti6-236x300.jpg 236w\" sizes=\"auto, (max-width: 496px) 100vw, 496px\" \/><\/p>\n<h2>Exemple 7 : somme de Riemann<\/h2>\n<hr \/>\n<p>A noter dans cet exemple l&#8217;emploi d&rsquo;une fonction d\u00e9finie \u00e0 l&rsquo;aide de la fonction \u00ab\u00a0piecewise\u00a0\u00bb de Xcas.<\/p>\n<p>Voici le code :<\/p>\n<pre class=\"EnlighterJSRAW\" data-enlighter-language=\"latex\">\\begin{pro-courbemulti}{7}\n[\n[piecewise(x&lt;0,x\/(exp(x)-1),x==0,1,x\/(exp(x)-1)),\"rouge\",[-4,4]]\n],\n-0.5,3,-0.5,1.5, \/\/xmin,xmax,ymin,ymax,\n0.25,0.2,1,1,0.5,0.5, \/\/ux,uy,cx,cy,gx,gy,\n\/\/ ----------------- debut des options\n[\n[\"titre-gauche\",\"Somme de Riemann\"],\n[\"texte-courbe\",1,0.5,\"$({@cal C}_f)$\",\"urt\",\"rouge\"],\n[\"riemann\",1,ln(3),2*ln(3),3,\"max\",\"jaune\"],\n[\"riemann\",1,ln(3),2*ln(3),3,\"min\",\"orange\",\"hachure\"],\n[\"texte-libre\",[ln(3),0],\"$@ln 3$\",\"bot\",\"noir\"],\n[\"texte-libre\",[2*ln(3),0],\"$2@ln 3$\",\"bot\",\"noir\"]\n]\n\/\/ ----------------- fin des options\n\\end{pro-courbemulti}<\/pre>\n<p>On obtient :<\/p>\n<p><img loading=\"lazy\" decoding=\"async\" class=\" aligncenter size-full wp-image-822\" src=\"http:\/\/wordpress.callac.online\/wp-content\/uploads\/2008\/09\/jpg_courbemulti7.jpg\" alt=\"courbemulti7.jpg\" width=\"673\" height=\"538\" align=\"center\" srcset=\"https:\/\/wordpress.callac.online\/wp-content\/uploads\/2008\/09\/jpg_courbemulti7.jpg 673w, https:\/\/wordpress.callac.online\/wp-content\/uploads\/2008\/09\/jpg_courbemulti7-300x240.jpg 300w\" sizes=\"auto, (max-width: 673px) 100vw, 673px\" \/><\/p>\n","protected":false},"excerpt":{"rendered":"<p>Exemple 1 : aire entre deux courbes Dans ce premier exemple, on remarquera le dernier param\u00e8tre \u00ab\u00a0hachure\u00a0\u00bb pour l&rsquo;option \u00ab\u00a0aire-sous-courbe\u00a0\u00bb. Cette possibilit\u00e9 pourra \u00eatre utilis\u00e9e pour toutes les surfaces :&hellip;<\/p>\n","protected":false},"author":1,"featured_media":0,"parent":2254,"menu_order":0,"comment_status":"closed","ping_status":"closed","template":"","meta":{"footnotes":""},"class_list":["post-194","page","type-page","status-publish","hentry"],"yoast_head":"<!-- This site is optimized with the Yoast SEO plugin v27.1.1 - https:\/\/yoast.com\/product\/yoast-seo-wordpress\/ -->\n<title>Des courbes r\u00e9alis\u00e9es avec pro-courbemulti - Maths &amp; Num\u00e9rique<\/title>\n<meta name=\"robots\" content=\"index, follow, max-snippet:-1, max-image-preview:large, max-video-preview:-1\" \/>\n<link rel=\"canonical\" href=\"https:\/\/wordpress.callac.online\/index.php\/edition-mathematique\/professor\/les-galeries-de-professor-sty\/des-courbes-realisees-avec-pro-courbemulti\/\" \/>\n<meta property=\"og:locale\" content=\"fr_FR\" \/>\n<meta property=\"og:type\" content=\"article\" \/>\n<meta property=\"og:title\" content=\"Des courbes r\u00e9alis\u00e9es avec pro-courbemulti - Maths &amp; Num\u00e9rique\" \/>\n<meta property=\"og:description\" content=\"Exemple 1 : aire entre deux courbes Dans ce premier exemple, on remarquera le dernier param\u00e8tre \u00ab\u00a0hachure\u00a0\u00bb pour l&rsquo;option \u00ab\u00a0aire-sous-courbe\u00a0\u00bb. Cette possibilit\u00e9 pourra \u00eatre utilis\u00e9e pour toutes les surfaces :&hellip;\" \/>\n<meta property=\"og:url\" content=\"https:\/\/wordpress.callac.online\/index.php\/edition-mathematique\/professor\/les-galeries-de-professor-sty\/des-courbes-realisees-avec-pro-courbemulti\/\" \/>\n<meta property=\"og:site_name\" content=\"Maths &amp; Num\u00e9rique\" \/>\n<meta property=\"article:modified_time\" content=\"2023-10-14T18:12:27+00:00\" \/>\n<meta property=\"og:image\" content=\"http:\/\/wordpress.callac.online\/wp-content\/uploads\/2008\/09\/jpg_courbemulti1.jpg\" \/>\n<meta name=\"twitter:card\" content=\"summary_large_image\" \/>\n<meta name=\"twitter:label1\" content=\"Dur\u00e9e de lecture estim\u00e9e\" \/>\n\t<meta name=\"twitter:data1\" content=\"3 minutes\" \/>\n<script type=\"application\/ld+json\" class=\"yoast-schema-graph\">{\"@context\":\"https:\/\/schema.org\",\"@graph\":[{\"@type\":\"WebPage\",\"@id\":\"https:\/\/wordpress.callac.online\/index.php\/edition-mathematique\/professor\/les-galeries-de-professor-sty\/des-courbes-realisees-avec-pro-courbemulti\/\",\"url\":\"https:\/\/wordpress.callac.online\/index.php\/edition-mathematique\/professor\/les-galeries-de-professor-sty\/des-courbes-realisees-avec-pro-courbemulti\/\",\"name\":\"Des courbes r\u00e9alis\u00e9es avec pro-courbemulti - Maths &amp; Num\u00e9rique\",\"isPartOf\":{\"@id\":\"https:\/\/wordpress.callac.online\/#website\"},\"primaryImageOfPage\":{\"@id\":\"https:\/\/wordpress.callac.online\/index.php\/edition-mathematique\/professor\/les-galeries-de-professor-sty\/des-courbes-realisees-avec-pro-courbemulti\/#primaryimage\"},\"image\":{\"@id\":\"https:\/\/wordpress.callac.online\/index.php\/edition-mathematique\/professor\/les-galeries-de-professor-sty\/des-courbes-realisees-avec-pro-courbemulti\/#primaryimage\"},\"thumbnailUrl\":\"http:\/\/wordpress.callac.online\/wp-content\/uploads\/2008\/09\/jpg_courbemulti1.jpg\",\"datePublished\":\"2008-09-27T17:39:28+00:00\",\"dateModified\":\"2023-10-14T18:12:27+00:00\",\"breadcrumb\":{\"@id\":\"https:\/\/wordpress.callac.online\/index.php\/edition-mathematique\/professor\/les-galeries-de-professor-sty\/des-courbes-realisees-avec-pro-courbemulti\/#breadcrumb\"},\"inLanguage\":\"fr-FR\",\"potentialAction\":[{\"@type\":\"ReadAction\",\"target\":[\"https:\/\/wordpress.callac.online\/index.php\/edition-mathematique\/professor\/les-galeries-de-professor-sty\/des-courbes-realisees-avec-pro-courbemulti\/\"]}]},{\"@type\":\"ImageObject\",\"inLanguage\":\"fr-FR\",\"@id\":\"https:\/\/wordpress.callac.online\/index.php\/edition-mathematique\/professor\/les-galeries-de-professor-sty\/des-courbes-realisees-avec-pro-courbemulti\/#primaryimage\",\"url\":\"https:\/\/wordpress.callac.online\/wp-content\/uploads\/2008\/09\/jpg_courbemulti1.jpg\",\"contentUrl\":\"https:\/\/wordpress.callac.online\/wp-content\/uploads\/2008\/09\/jpg_courbemulti1.jpg\",\"width\":496,\"height\":699,\"caption\":\"courbemulti1.jpg\"},{\"@type\":\"BreadcrumbList\",\"@id\":\"https:\/\/wordpress.callac.online\/index.php\/edition-mathematique\/professor\/les-galeries-de-professor-sty\/des-courbes-realisees-avec-pro-courbemulti\/#breadcrumb\",\"itemListElement\":[{\"@type\":\"ListItem\",\"position\":1,\"name\":\"Accueil\",\"item\":\"https:\/\/wordpress.callac.online\/\"},{\"@type\":\"ListItem\",\"position\":2,\"name\":\"\u00c9dition math\u00e9matique\",\"item\":\"https:\/\/wordpress.callac.online\/index.php\/edition-mathematique\/\"},{\"@type\":\"ListItem\",\"position\":3,\"name\":\"Professor\",\"item\":\"https:\/\/wordpress.callac.online\/index.php\/edition-mathematique\/professor\/\"},{\"@type\":\"ListItem\",\"position\":4,\"name\":\"Les galeries de Professor.sty\",\"item\":\"https:\/\/wordpress.callac.online\/index.php\/edition-mathematique\/professor\/les-galeries-de-professor-sty\/\"},{\"@type\":\"ListItem\",\"position\":5,\"name\":\"Des courbes r\u00e9alis\u00e9es avec pro-courbemulti\"}]},{\"@type\":\"WebSite\",\"@id\":\"https:\/\/wordpress.callac.online\/#website\",\"url\":\"https:\/\/wordpress.callac.online\/\",\"name\":\"Maths & Num\u00e9rique\",\"description\":\"Des outils pour les enseignants de math\u00e9matiques et de num\u00e9rique\",\"publisher\":{\"@id\":\"https:\/\/wordpress.callac.online\/#\/schema\/person\/04061f1ca2c2c42039142a704be95940\"},\"potentialAction\":[{\"@type\":\"SearchAction\",\"target\":{\"@type\":\"EntryPoint\",\"urlTemplate\":\"https:\/\/wordpress.callac.online\/?s={search_term_string}\"},\"query-input\":{\"@type\":\"PropertyValueSpecification\",\"valueRequired\":true,\"valueName\":\"search_term_string\"}}],\"inLanguage\":\"fr-FR\"},{\"@type\":[\"Person\",\"Organization\"],\"@id\":\"https:\/\/wordpress.callac.online\/#\/schema\/person\/04061f1ca2c2c42039142a704be95940\",\"name\":\"dlefur\",\"image\":{\"@type\":\"ImageObject\",\"inLanguage\":\"fr-FR\",\"@id\":\"https:\/\/wordpress.callac.online\/#\/schema\/person\/image\/\",\"url\":\"https:\/\/secure.gravatar.com\/avatar\/4a9e17be136808c6597f28aa2b6c13126dab066fdc2198ff60090972c9b7fafc?s=96&d=mm&r=g\",\"contentUrl\":\"https:\/\/secure.gravatar.com\/avatar\/4a9e17be136808c6597f28aa2b6c13126dab066fdc2198ff60090972c9b7fafc?s=96&d=mm&r=g\",\"caption\":\"dlefur\"},\"logo\":{\"@id\":\"https:\/\/wordpress.callac.online\/#\/schema\/person\/image\/\"},\"description\":\"Enseignant de math\u00e9matiques Lyc\u00e9e Pasteur S\u00e3o Paulo\",\"sameAs\":[\"http:\/\/wordpress.callac.online\"]}]}<\/script>\n<!-- \/ Yoast SEO plugin. -->","yoast_head_json":{"title":"Des courbes r\u00e9alis\u00e9es avec pro-courbemulti - Maths &amp; Num\u00e9rique","robots":{"index":"index","follow":"follow","max-snippet":"max-snippet:-1","max-image-preview":"max-image-preview:large","max-video-preview":"max-video-preview:-1"},"canonical":"https:\/\/wordpress.callac.online\/index.php\/edition-mathematique\/professor\/les-galeries-de-professor-sty\/des-courbes-realisees-avec-pro-courbemulti\/","og_locale":"fr_FR","og_type":"article","og_title":"Des courbes r\u00e9alis\u00e9es avec pro-courbemulti - Maths &amp; Num\u00e9rique","og_description":"Exemple 1 : aire entre deux courbes Dans ce premier exemple, on remarquera le dernier param\u00e8tre \u00ab\u00a0hachure\u00a0\u00bb pour l&rsquo;option \u00ab\u00a0aire-sous-courbe\u00a0\u00bb. Cette possibilit\u00e9 pourra \u00eatre utilis\u00e9e pour toutes les surfaces :&hellip;","og_url":"https:\/\/wordpress.callac.online\/index.php\/edition-mathematique\/professor\/les-galeries-de-professor-sty\/des-courbes-realisees-avec-pro-courbemulti\/","og_site_name":"Maths &amp; Num\u00e9rique","article_modified_time":"2023-10-14T18:12:27+00:00","og_image":[{"url":"http:\/\/wordpress.callac.online\/wp-content\/uploads\/2008\/09\/jpg_courbemulti1.jpg","type":"","width":"","height":""}],"twitter_card":"summary_large_image","twitter_misc":{"Dur\u00e9e de lecture estim\u00e9e":"3 minutes"},"schema":{"@context":"https:\/\/schema.org","@graph":[{"@type":"WebPage","@id":"https:\/\/wordpress.callac.online\/index.php\/edition-mathematique\/professor\/les-galeries-de-professor-sty\/des-courbes-realisees-avec-pro-courbemulti\/","url":"https:\/\/wordpress.callac.online\/index.php\/edition-mathematique\/professor\/les-galeries-de-professor-sty\/des-courbes-realisees-avec-pro-courbemulti\/","name":"Des courbes r\u00e9alis\u00e9es avec pro-courbemulti - Maths &amp; Num\u00e9rique","isPartOf":{"@id":"https:\/\/wordpress.callac.online\/#website"},"primaryImageOfPage":{"@id":"https:\/\/wordpress.callac.online\/index.php\/edition-mathematique\/professor\/les-galeries-de-professor-sty\/des-courbes-realisees-avec-pro-courbemulti\/#primaryimage"},"image":{"@id":"https:\/\/wordpress.callac.online\/index.php\/edition-mathematique\/professor\/les-galeries-de-professor-sty\/des-courbes-realisees-avec-pro-courbemulti\/#primaryimage"},"thumbnailUrl":"http:\/\/wordpress.callac.online\/wp-content\/uploads\/2008\/09\/jpg_courbemulti1.jpg","datePublished":"2008-09-27T17:39:28+00:00","dateModified":"2023-10-14T18:12:27+00:00","breadcrumb":{"@id":"https:\/\/wordpress.callac.online\/index.php\/edition-mathematique\/professor\/les-galeries-de-professor-sty\/des-courbes-realisees-avec-pro-courbemulti\/#breadcrumb"},"inLanguage":"fr-FR","potentialAction":[{"@type":"ReadAction","target":["https:\/\/wordpress.callac.online\/index.php\/edition-mathematique\/professor\/les-galeries-de-professor-sty\/des-courbes-realisees-avec-pro-courbemulti\/"]}]},{"@type":"ImageObject","inLanguage":"fr-FR","@id":"https:\/\/wordpress.callac.online\/index.php\/edition-mathematique\/professor\/les-galeries-de-professor-sty\/des-courbes-realisees-avec-pro-courbemulti\/#primaryimage","url":"https:\/\/wordpress.callac.online\/wp-content\/uploads\/2008\/09\/jpg_courbemulti1.jpg","contentUrl":"https:\/\/wordpress.callac.online\/wp-content\/uploads\/2008\/09\/jpg_courbemulti1.jpg","width":496,"height":699,"caption":"courbemulti1.jpg"},{"@type":"BreadcrumbList","@id":"https:\/\/wordpress.callac.online\/index.php\/edition-mathematique\/professor\/les-galeries-de-professor-sty\/des-courbes-realisees-avec-pro-courbemulti\/#breadcrumb","itemListElement":[{"@type":"ListItem","position":1,"name":"Accueil","item":"https:\/\/wordpress.callac.online\/"},{"@type":"ListItem","position":2,"name":"\u00c9dition math\u00e9matique","item":"https:\/\/wordpress.callac.online\/index.php\/edition-mathematique\/"},{"@type":"ListItem","position":3,"name":"Professor","item":"https:\/\/wordpress.callac.online\/index.php\/edition-mathematique\/professor\/"},{"@type":"ListItem","position":4,"name":"Les galeries de Professor.sty","item":"https:\/\/wordpress.callac.online\/index.php\/edition-mathematique\/professor\/les-galeries-de-professor-sty\/"},{"@type":"ListItem","position":5,"name":"Des courbes r\u00e9alis\u00e9es avec pro-courbemulti"}]},{"@type":"WebSite","@id":"https:\/\/wordpress.callac.online\/#website","url":"https:\/\/wordpress.callac.online\/","name":"Maths & Num\u00e9rique","description":"Des outils pour les enseignants de math\u00e9matiques et de num\u00e9rique","publisher":{"@id":"https:\/\/wordpress.callac.online\/#\/schema\/person\/04061f1ca2c2c42039142a704be95940"},"potentialAction":[{"@type":"SearchAction","target":{"@type":"EntryPoint","urlTemplate":"https:\/\/wordpress.callac.online\/?s={search_term_string}"},"query-input":{"@type":"PropertyValueSpecification","valueRequired":true,"valueName":"search_term_string"}}],"inLanguage":"fr-FR"},{"@type":["Person","Organization"],"@id":"https:\/\/wordpress.callac.online\/#\/schema\/person\/04061f1ca2c2c42039142a704be95940","name":"dlefur","image":{"@type":"ImageObject","inLanguage":"fr-FR","@id":"https:\/\/wordpress.callac.online\/#\/schema\/person\/image\/","url":"https:\/\/secure.gravatar.com\/avatar\/4a9e17be136808c6597f28aa2b6c13126dab066fdc2198ff60090972c9b7fafc?s=96&d=mm&r=g","contentUrl":"https:\/\/secure.gravatar.com\/avatar\/4a9e17be136808c6597f28aa2b6c13126dab066fdc2198ff60090972c9b7fafc?s=96&d=mm&r=g","caption":"dlefur"},"logo":{"@id":"https:\/\/wordpress.callac.online\/#\/schema\/person\/image\/"},"description":"Enseignant de math\u00e9matiques Lyc\u00e9e Pasteur S\u00e3o Paulo","sameAs":["http:\/\/wordpress.callac.online"]}]}},"_links":{"self":[{"href":"https:\/\/wordpress.callac.online\/index.php\/wp-json\/wp\/v2\/pages\/194","targetHints":{"allow":["GET"]}}],"collection":[{"href":"https:\/\/wordpress.callac.online\/index.php\/wp-json\/wp\/v2\/pages"}],"about":[{"href":"https:\/\/wordpress.callac.online\/index.php\/wp-json\/wp\/v2\/types\/page"}],"author":[{"embeddable":true,"href":"https:\/\/wordpress.callac.online\/index.php\/wp-json\/wp\/v2\/users\/1"}],"replies":[{"embeddable":true,"href":"https:\/\/wordpress.callac.online\/index.php\/wp-json\/wp\/v2\/comments?post=194"}],"version-history":[{"count":6,"href":"https:\/\/wordpress.callac.online\/index.php\/wp-json\/wp\/v2\/pages\/194\/revisions"}],"predecessor-version":[{"id":2356,"href":"https:\/\/wordpress.callac.online\/index.php\/wp-json\/wp\/v2\/pages\/194\/revisions\/2356"}],"up":[{"embeddable":true,"href":"https:\/\/wordpress.callac.online\/index.php\/wp-json\/wp\/v2\/pages\/2254"}],"wp:attachment":[{"href":"https:\/\/wordpress.callac.online\/index.php\/wp-json\/wp\/v2\/media?parent=194"}],"curies":[{"name":"wp","href":"https:\/\/api.w.org\/{rel}","templated":true}]}}