{"id":195,"date":"2008-09-27T16:10:45","date_gmt":"2008-09-27T14:10:45","guid":{"rendered":"http:\/\/wordpress.callac.online\/index.php\/des-tableaux-de-valeurs-realises-avec-pro-tableval\/"},"modified":"2023-10-14T20:12:29","modified_gmt":"2023-10-14T18:12:29","slug":"des-tableaux-de-valeurs-realises-avec-pro-tableval","status":"publish","type":"page","link":"https:\/\/wordpress.callac.online\/index.php\/edition-mathematique\/professor\/les-galeries-de-professor-sty\/des-tableaux-de-valeurs-realises-avec-pro-tableval\/","title":{"rendered":"Des tableaux de valeurs r\u00e9alis\u00e9s avec pro-tableval"},"content":{"rendered":"<h2>Exemple 1<\/h2>\n<hr \/>\n<p>Dans ce premier exemple, les valeurs sont choisies avec un pas fixe de 2 entre 0 et 10.<\/p>\n<p>Les r\u00e9sultats sont arrondies au milli\u00e8me.<\/p>\n<p>Voici le code :<\/p>\n<pre class=\"EnlighterJSRAW\" data-enlighter-language=\"latex\">\\begin{pro-tableval}{1}\n\"$x$\",\"$f(x)$\", \/\/entete du tableau\n(2x+3)\/(x+4),   \/\/ fonction\n[\"auto\",0,10,2], \/\/ auto ou manuel min,max,pas   ou valeurs\n[\"arrondi\",3]       \/\/ exact , arrondi ou  vide\n\\end{pro-tableval}<\/pre>\n<p>On obtient :<\/p>\n<p><img loading=\"lazy\" decoding=\"async\" class=\" aligncenter size-full wp-image-823\" src=\"http:\/\/wordpress.callac.online\/wp-content\/uploads\/2008\/09\/jpg_tableval1.jpg\" alt=\"tableval1.jpg\" width=\"416\" height=\"107\" align=\"center\" srcset=\"https:\/\/wordpress.callac.online\/wp-content\/uploads\/2008\/09\/jpg_tableval1.jpg 416w, https:\/\/wordpress.callac.online\/wp-content\/uploads\/2008\/09\/jpg_tableval1-300x77.jpg 300w\" sizes=\"auto, (max-width: 416px) 100vw, 416px\" \/><\/p>\n<p><span style=\"color: red;\"><br \/>\n<em>NB : le code source correspondant est enregistr\u00e9 dans le fichier : <\/em><\/span><\/p>\n<p><span style=\"color: red;\"><em>nomfichier_tableval i.tex. , la valeur i \u00e9tant donn\u00e9e en argument.<\/em><br \/>\n<\/span><\/p>\n<h2>Exemple 2<\/h2>\n<hr \/>\n<p>Dans cet exemple, les valeurs sont rentr\u00e9es manuellement.<\/p>\n<p>Les r\u00e9sultats sont arrondies au cent milli\u00e8me.<\/p>\n<p>Voici le code :<\/p>\n<pre class=\"EnlighterJSRAW\" data-enlighter-language=\"latex\">\\begin{pro-tableval}{2}\n\"$x$\",\"$f(x)$\", \/\/ entete du tableau\n(2x+3)\/(x+4),   \/\/ fonction de la variable x\n[\"manuel\",2,\\sqrt(5),2\/7], \/\/ auto ou manuel min,max,pas   ou valeurs\n[\"arrondi\",5]       \/\/ exact , arrondi ou  vide\n\\end{pro-tableval}<\/pre>\n<p>On obtient :<\/p>\n<p><img loading=\"lazy\" decoding=\"async\" class=\" aligncenter size-full wp-image-824\" src=\"http:\/\/wordpress.callac.online\/wp-content\/uploads\/2008\/09\/jpg_tableval2.jpg\" alt=\"tableval2.jpg\" width=\"325\" height=\"102\" align=\"center\" srcset=\"https:\/\/wordpress.callac.online\/wp-content\/uploads\/2008\/09\/jpg_tableval2.jpg 325w, https:\/\/wordpress.callac.online\/wp-content\/uploads\/2008\/09\/jpg_tableval2-300x94.jpg 300w\" sizes=\"auto, (max-width: 325px) 100vw, 325px\" \/><\/p>\n<h2>Exemple 3<\/h2>\n<hr \/>\n<p>Dans cet exemple, les valeurs sont rentr\u00e9es manuellement.<\/p>\n<p>Les r\u00e9sultats sont donn\u00e9s sous forme exacte.<\/p>\n<p>Voici le code :<\/p>\n<pre class=\"EnlighterJSRAW\" data-enlighter-language=\"latex\">\\begin{pro-tableval}{3}\n\"$x$\",\"$f(x)$\", \/\/ entete du tableau\n(2x+3)\/(x+4),   \/\/ fonction de la variable x\n[\"manuel\",2,\\sqrt(5),2\/7], \/\/ auto ou manuel min,max,pas   ou valeurs\n[\"exact\"]       \/\/ exact , arrondi ou  vide\n\\end{pro-tableval}<\/pre>\n<p>On obtient :<\/p>\n<p><img loading=\"lazy\" decoding=\"async\" class=\" aligncenter size-full wp-image-825\" src=\"http:\/\/wordpress.callac.online\/wp-content\/uploads\/2008\/09\/jpg_tableval3.jpg\" alt=\"tableval3.jpg\" width=\"213\" height=\"96\" align=\"center\" \/><\/p>\n<h2>Exemple 4<\/h2>\n<hr \/>\n<p>Dans cet exemple , les valeurs sont rentr\u00e9es manuellement.<\/p>\n<p>Un vide de la taille du mot donn\u00e9 est laiss\u00e9.<\/p>\n<p>Voici le code :<\/p>\n<pre class=\"EnlighterJSRAW\" data-enlighter-language=\"latex\">\\begin{pro-tableval}{4}\n\"$x$\",\"$f(x)$\", \/\/ entete du tableau\n(2x+3)\/(x+4),   \/\/ fonction de la variable x\n[\"manuel\",2,5,7], \/\/ auto ou manuel min,max,pas   ou valeurs\n[\"vide\",\"----------------\"]       \/\/ exact , arrondi ou  vide\n\\end{pro-tableval}<\/pre>\n<p>On obtient :<\/p>\n<p><img loading=\"lazy\" decoding=\"async\" class=\" aligncenter size-full wp-image-826\" src=\"http:\/\/wordpress.callac.online\/wp-content\/uploads\/2008\/09\/jpg_tableval4.jpg\" alt=\"tableval4.jpg\" width=\"433\" height=\"105\" align=\"center\" srcset=\"https:\/\/wordpress.callac.online\/wp-content\/uploads\/2008\/09\/jpg_tableval4.jpg 433w, https:\/\/wordpress.callac.online\/wp-content\/uploads\/2008\/09\/jpg_tableval4-300x73.jpg 300w\" sizes=\"auto, (max-width: 433px) 100vw, 433px\" \/><\/p>\n","protected":false},"excerpt":{"rendered":"<p>Exemple 1 Dans ce premier exemple, les valeurs sont choisies avec un pas fixe de 2 entre 0 et 10. Les r\u00e9sultats sont arrondies au milli\u00e8me. Voici le code :&hellip;<\/p>\n","protected":false},"author":1,"featured_media":0,"parent":2254,"menu_order":3,"comment_status":"closed","ping_status":"closed","template":"","meta":{"footnotes":""},"class_list":["post-195","page","type-page","status-publish","hentry"],"yoast_head":"<!-- This site is optimized with the Yoast SEO plugin v27.1.1 - https:\/\/yoast.com\/product\/yoast-seo-wordpress\/ -->\n<title>Des tableaux de valeurs r\u00e9alis\u00e9s avec pro-tableval - Maths &amp; Num\u00e9rique<\/title>\n<meta name=\"robots\" content=\"index, follow, max-snippet:-1, max-image-preview:large, max-video-preview:-1\" \/>\n<link rel=\"canonical\" href=\"https:\/\/wordpress.callac.online\/index.php\/edition-mathematique\/professor\/les-galeries-de-professor-sty\/des-tableaux-de-valeurs-realises-avec-pro-tableval\/\" \/>\n<meta property=\"og:locale\" content=\"fr_FR\" \/>\n<meta property=\"og:type\" content=\"article\" \/>\n<meta property=\"og:title\" content=\"Des tableaux de valeurs r\u00e9alis\u00e9s avec pro-tableval - Maths &amp; Num\u00e9rique\" \/>\n<meta property=\"og:description\" content=\"Exemple 1 Dans ce premier exemple, les valeurs sont choisies avec un pas fixe de 2 entre 0 et 10. Les r\u00e9sultats sont arrondies au milli\u00e8me. Voici le code :&hellip;\" \/>\n<meta property=\"og:url\" content=\"https:\/\/wordpress.callac.online\/index.php\/edition-mathematique\/professor\/les-galeries-de-professor-sty\/des-tableaux-de-valeurs-realises-avec-pro-tableval\/\" \/>\n<meta property=\"og:site_name\" content=\"Maths &amp; Num\u00e9rique\" \/>\n<meta property=\"article:modified_time\" content=\"2023-10-14T18:12:29+00:00\" \/>\n<meta property=\"og:image\" content=\"http:\/\/wordpress.callac.online\/wp-content\/uploads\/2008\/09\/jpg_tableval1.jpg\" \/>\n<meta name=\"twitter:card\" content=\"summary_large_image\" \/>\n<meta name=\"twitter:label1\" content=\"Dur\u00e9e de lecture estim\u00e9e\" \/>\n\t<meta name=\"twitter:data1\" content=\"1 minute\" \/>\n<script type=\"application\/ld+json\" class=\"yoast-schema-graph\">{\"@context\":\"https:\/\/schema.org\",\"@graph\":[{\"@type\":\"WebPage\",\"@id\":\"https:\/\/wordpress.callac.online\/index.php\/edition-mathematique\/professor\/les-galeries-de-professor-sty\/des-tableaux-de-valeurs-realises-avec-pro-tableval\/\",\"url\":\"https:\/\/wordpress.callac.online\/index.php\/edition-mathematique\/professor\/les-galeries-de-professor-sty\/des-tableaux-de-valeurs-realises-avec-pro-tableval\/\",\"name\":\"Des tableaux de valeurs r\u00e9alis\u00e9s avec pro-tableval - Maths &amp; Num\u00e9rique\",\"isPartOf\":{\"@id\":\"https:\/\/wordpress.callac.online\/#website\"},\"primaryImageOfPage\":{\"@id\":\"https:\/\/wordpress.callac.online\/index.php\/edition-mathematique\/professor\/les-galeries-de-professor-sty\/des-tableaux-de-valeurs-realises-avec-pro-tableval\/#primaryimage\"},\"image\":{\"@id\":\"https:\/\/wordpress.callac.online\/index.php\/edition-mathematique\/professor\/les-galeries-de-professor-sty\/des-tableaux-de-valeurs-realises-avec-pro-tableval\/#primaryimage\"},\"thumbnailUrl\":\"http:\/\/wordpress.callac.online\/wp-content\/uploads\/2008\/09\/jpg_tableval1.jpg\",\"datePublished\":\"2008-09-27T14:10:45+00:00\",\"dateModified\":\"2023-10-14T18:12:29+00:00\",\"breadcrumb\":{\"@id\":\"https:\/\/wordpress.callac.online\/index.php\/edition-mathematique\/professor\/les-galeries-de-professor-sty\/des-tableaux-de-valeurs-realises-avec-pro-tableval\/#breadcrumb\"},\"inLanguage\":\"fr-FR\",\"potentialAction\":[{\"@type\":\"ReadAction\",\"target\":[\"https:\/\/wordpress.callac.online\/index.php\/edition-mathematique\/professor\/les-galeries-de-professor-sty\/des-tableaux-de-valeurs-realises-avec-pro-tableval\/\"]}]},{\"@type\":\"ImageObject\",\"inLanguage\":\"fr-FR\",\"@id\":\"https:\/\/wordpress.callac.online\/index.php\/edition-mathematique\/professor\/les-galeries-de-professor-sty\/des-tableaux-de-valeurs-realises-avec-pro-tableval\/#primaryimage\",\"url\":\"https:\/\/wordpress.callac.online\/wp-content\/uploads\/2008\/09\/jpg_tableval1.jpg\",\"contentUrl\":\"https:\/\/wordpress.callac.online\/wp-content\/uploads\/2008\/09\/jpg_tableval1.jpg\",\"width\":416,\"height\":107,\"caption\":\"tableval1.jpg\"},{\"@type\":\"BreadcrumbList\",\"@id\":\"https:\/\/wordpress.callac.online\/index.php\/edition-mathematique\/professor\/les-galeries-de-professor-sty\/des-tableaux-de-valeurs-realises-avec-pro-tableval\/#breadcrumb\",\"itemListElement\":[{\"@type\":\"ListItem\",\"position\":1,\"name\":\"Accueil\",\"item\":\"https:\/\/wordpress.callac.online\/\"},{\"@type\":\"ListItem\",\"position\":2,\"name\":\"\u00c9dition math\u00e9matique\",\"item\":\"https:\/\/wordpress.callac.online\/index.php\/edition-mathematique\/\"},{\"@type\":\"ListItem\",\"position\":3,\"name\":\"Professor\",\"item\":\"https:\/\/wordpress.callac.online\/index.php\/edition-mathematique\/professor\/\"},{\"@type\":\"ListItem\",\"position\":4,\"name\":\"Les galeries de Professor.sty\",\"item\":\"https:\/\/wordpress.callac.online\/index.php\/edition-mathematique\/professor\/les-galeries-de-professor-sty\/\"},{\"@type\":\"ListItem\",\"position\":5,\"name\":\"Des tableaux de valeurs r\u00e9alis\u00e9s avec pro-tableval\"}]},{\"@type\":\"WebSite\",\"@id\":\"https:\/\/wordpress.callac.online\/#website\",\"url\":\"https:\/\/wordpress.callac.online\/\",\"name\":\"Maths & Num\u00e9rique\",\"description\":\"Des outils pour les enseignants de math\u00e9matiques et de num\u00e9rique\",\"publisher\":{\"@id\":\"https:\/\/wordpress.callac.online\/#\/schema\/person\/04061f1ca2c2c42039142a704be95940\"},\"potentialAction\":[{\"@type\":\"SearchAction\",\"target\":{\"@type\":\"EntryPoint\",\"urlTemplate\":\"https:\/\/wordpress.callac.online\/?s={search_term_string}\"},\"query-input\":{\"@type\":\"PropertyValueSpecification\",\"valueRequired\":true,\"valueName\":\"search_term_string\"}}],\"inLanguage\":\"fr-FR\"},{\"@type\":[\"Person\",\"Organization\"],\"@id\":\"https:\/\/wordpress.callac.online\/#\/schema\/person\/04061f1ca2c2c42039142a704be95940\",\"name\":\"dlefur\",\"image\":{\"@type\":\"ImageObject\",\"inLanguage\":\"fr-FR\",\"@id\":\"https:\/\/wordpress.callac.online\/#\/schema\/person\/image\/\",\"url\":\"https:\/\/secure.gravatar.com\/avatar\/4a9e17be136808c6597f28aa2b6c13126dab066fdc2198ff60090972c9b7fafc?s=96&d=mm&r=g\",\"contentUrl\":\"https:\/\/secure.gravatar.com\/avatar\/4a9e17be136808c6597f28aa2b6c13126dab066fdc2198ff60090972c9b7fafc?s=96&d=mm&r=g\",\"caption\":\"dlefur\"},\"logo\":{\"@id\":\"https:\/\/wordpress.callac.online\/#\/schema\/person\/image\/\"},\"description\":\"Enseignant de math\u00e9matiques Lyc\u00e9e Pasteur S\u00e3o Paulo\",\"sameAs\":[\"http:\/\/wordpress.callac.online\"]}]}<\/script>\n<!-- \/ Yoast SEO plugin. -->","yoast_head_json":{"title":"Des tableaux de valeurs r\u00e9alis\u00e9s avec pro-tableval - Maths &amp; Num\u00e9rique","robots":{"index":"index","follow":"follow","max-snippet":"max-snippet:-1","max-image-preview":"max-image-preview:large","max-video-preview":"max-video-preview:-1"},"canonical":"https:\/\/wordpress.callac.online\/index.php\/edition-mathematique\/professor\/les-galeries-de-professor-sty\/des-tableaux-de-valeurs-realises-avec-pro-tableval\/","og_locale":"fr_FR","og_type":"article","og_title":"Des tableaux de valeurs r\u00e9alis\u00e9s avec pro-tableval - Maths &amp; Num\u00e9rique","og_description":"Exemple 1 Dans ce premier exemple, les valeurs sont choisies avec un pas fixe de 2 entre 0 et 10. Les r\u00e9sultats sont arrondies au milli\u00e8me. Voici le code :&hellip;","og_url":"https:\/\/wordpress.callac.online\/index.php\/edition-mathematique\/professor\/les-galeries-de-professor-sty\/des-tableaux-de-valeurs-realises-avec-pro-tableval\/","og_site_name":"Maths &amp; Num\u00e9rique","article_modified_time":"2023-10-14T18:12:29+00:00","og_image":[{"url":"http:\/\/wordpress.callac.online\/wp-content\/uploads\/2008\/09\/jpg_tableval1.jpg","type":"","width":"","height":""}],"twitter_card":"summary_large_image","twitter_misc":{"Dur\u00e9e de lecture estim\u00e9e":"1 minute"},"schema":{"@context":"https:\/\/schema.org","@graph":[{"@type":"WebPage","@id":"https:\/\/wordpress.callac.online\/index.php\/edition-mathematique\/professor\/les-galeries-de-professor-sty\/des-tableaux-de-valeurs-realises-avec-pro-tableval\/","url":"https:\/\/wordpress.callac.online\/index.php\/edition-mathematique\/professor\/les-galeries-de-professor-sty\/des-tableaux-de-valeurs-realises-avec-pro-tableval\/","name":"Des tableaux de valeurs r\u00e9alis\u00e9s avec pro-tableval - Maths &amp; Num\u00e9rique","isPartOf":{"@id":"https:\/\/wordpress.callac.online\/#website"},"primaryImageOfPage":{"@id":"https:\/\/wordpress.callac.online\/index.php\/edition-mathematique\/professor\/les-galeries-de-professor-sty\/des-tableaux-de-valeurs-realises-avec-pro-tableval\/#primaryimage"},"image":{"@id":"https:\/\/wordpress.callac.online\/index.php\/edition-mathematique\/professor\/les-galeries-de-professor-sty\/des-tableaux-de-valeurs-realises-avec-pro-tableval\/#primaryimage"},"thumbnailUrl":"http:\/\/wordpress.callac.online\/wp-content\/uploads\/2008\/09\/jpg_tableval1.jpg","datePublished":"2008-09-27T14:10:45+00:00","dateModified":"2023-10-14T18:12:29+00:00","breadcrumb":{"@id":"https:\/\/wordpress.callac.online\/index.php\/edition-mathematique\/professor\/les-galeries-de-professor-sty\/des-tableaux-de-valeurs-realises-avec-pro-tableval\/#breadcrumb"},"inLanguage":"fr-FR","potentialAction":[{"@type":"ReadAction","target":["https:\/\/wordpress.callac.online\/index.php\/edition-mathematique\/professor\/les-galeries-de-professor-sty\/des-tableaux-de-valeurs-realises-avec-pro-tableval\/"]}]},{"@type":"ImageObject","inLanguage":"fr-FR","@id":"https:\/\/wordpress.callac.online\/index.php\/edition-mathematique\/professor\/les-galeries-de-professor-sty\/des-tableaux-de-valeurs-realises-avec-pro-tableval\/#primaryimage","url":"https:\/\/wordpress.callac.online\/wp-content\/uploads\/2008\/09\/jpg_tableval1.jpg","contentUrl":"https:\/\/wordpress.callac.online\/wp-content\/uploads\/2008\/09\/jpg_tableval1.jpg","width":416,"height":107,"caption":"tableval1.jpg"},{"@type":"BreadcrumbList","@id":"https:\/\/wordpress.callac.online\/index.php\/edition-mathematique\/professor\/les-galeries-de-professor-sty\/des-tableaux-de-valeurs-realises-avec-pro-tableval\/#breadcrumb","itemListElement":[{"@type":"ListItem","position":1,"name":"Accueil","item":"https:\/\/wordpress.callac.online\/"},{"@type":"ListItem","position":2,"name":"\u00c9dition math\u00e9matique","item":"https:\/\/wordpress.callac.online\/index.php\/edition-mathematique\/"},{"@type":"ListItem","position":3,"name":"Professor","item":"https:\/\/wordpress.callac.online\/index.php\/edition-mathematique\/professor\/"},{"@type":"ListItem","position":4,"name":"Les galeries de Professor.sty","item":"https:\/\/wordpress.callac.online\/index.php\/edition-mathematique\/professor\/les-galeries-de-professor-sty\/"},{"@type":"ListItem","position":5,"name":"Des tableaux de valeurs r\u00e9alis\u00e9s avec pro-tableval"}]},{"@type":"WebSite","@id":"https:\/\/wordpress.callac.online\/#website","url":"https:\/\/wordpress.callac.online\/","name":"Maths & Num\u00e9rique","description":"Des outils pour les enseignants de math\u00e9matiques et de num\u00e9rique","publisher":{"@id":"https:\/\/wordpress.callac.online\/#\/schema\/person\/04061f1ca2c2c42039142a704be95940"},"potentialAction":[{"@type":"SearchAction","target":{"@type":"EntryPoint","urlTemplate":"https:\/\/wordpress.callac.online\/?s={search_term_string}"},"query-input":{"@type":"PropertyValueSpecification","valueRequired":true,"valueName":"search_term_string"}}],"inLanguage":"fr-FR"},{"@type":["Person","Organization"],"@id":"https:\/\/wordpress.callac.online\/#\/schema\/person\/04061f1ca2c2c42039142a704be95940","name":"dlefur","image":{"@type":"ImageObject","inLanguage":"fr-FR","@id":"https:\/\/wordpress.callac.online\/#\/schema\/person\/image\/","url":"https:\/\/secure.gravatar.com\/avatar\/4a9e17be136808c6597f28aa2b6c13126dab066fdc2198ff60090972c9b7fafc?s=96&d=mm&r=g","contentUrl":"https:\/\/secure.gravatar.com\/avatar\/4a9e17be136808c6597f28aa2b6c13126dab066fdc2198ff60090972c9b7fafc?s=96&d=mm&r=g","caption":"dlefur"},"logo":{"@id":"https:\/\/wordpress.callac.online\/#\/schema\/person\/image\/"},"description":"Enseignant de math\u00e9matiques Lyc\u00e9e Pasteur S\u00e3o Paulo","sameAs":["http:\/\/wordpress.callac.online"]}]}},"_links":{"self":[{"href":"https:\/\/wordpress.callac.online\/index.php\/wp-json\/wp\/v2\/pages\/195","targetHints":{"allow":["GET"]}}],"collection":[{"href":"https:\/\/wordpress.callac.online\/index.php\/wp-json\/wp\/v2\/pages"}],"about":[{"href":"https:\/\/wordpress.callac.online\/index.php\/wp-json\/wp\/v2\/types\/page"}],"author":[{"embeddable":true,"href":"https:\/\/wordpress.callac.online\/index.php\/wp-json\/wp\/v2\/users\/1"}],"replies":[{"embeddable":true,"href":"https:\/\/wordpress.callac.online\/index.php\/wp-json\/wp\/v2\/comments?post=195"}],"version-history":[{"count":3,"href":"https:\/\/wordpress.callac.online\/index.php\/wp-json\/wp\/v2\/pages\/195\/revisions"}],"predecessor-version":[{"id":2364,"href":"https:\/\/wordpress.callac.online\/index.php\/wp-json\/wp\/v2\/pages\/195\/revisions\/2364"}],"up":[{"embeddable":true,"href":"https:\/\/wordpress.callac.online\/index.php\/wp-json\/wp\/v2\/pages\/2254"}],"wp:attachment":[{"href":"https:\/\/wordpress.callac.online\/index.php\/wp-json\/wp\/v2\/media?parent=195"}],"curies":[{"name":"wp","href":"https:\/\/api.w.org\/{rel}","templated":true}]}}