{"id":196,"date":"2008-10-07T21:02:46","date_gmt":"2008-10-07T19:02:46","guid":{"rendered":"http:\/\/wordpress.callac.online\/index.php\/des-courbes-realisees-avec-pro-courbesemilog\/"},"modified":"2023-10-14T20:12:28","modified_gmt":"2023-10-14T18:12:28","slug":"des-courbes-realisees-avec-pro-courbesemilog","status":"publish","type":"page","link":"https:\/\/wordpress.callac.online\/index.php\/edition-mathematique\/professor\/les-galeries-de-professor-sty\/des-courbes-realisees-avec-pro-courbesemilog\/","title":{"rendered":"Des courbes r\u00e9alis\u00e9es avec pro-courbesemilog"},"content":{"rendered":"<h2>Exemple 1<\/h2>\n<hr \/>\n<p>On voit ici que c&rsquo;est le choix de ymin et ymax (puissances de 10) qui d\u00e9finit le nombre de modules.<\/p>\n<p>On rentre aussi la hauteur du papier en cm.<\/p>\n<p>Voici le code :<\/p>\n<pre class=\"EnlighterJSRAW\" data-enlighter-language=\"latex\">\\begin{pro-courbesemilog}{1}\n[\n[x^2,\"bleu\"]\n],\n-9,9,0.01,100, \/\/xmin,xmax,ymin,ymax,\n1,1,1, \/\/ux,cx,gx,\n20,  \/\/ hauteur du dessin en cm\n\/\/ ----------------- debut des options\n[\n[\"titre-gauche\",\"Exemple de figure\"],\n[\"texte-courbe\",1,7,\"$x$\",\"ulft\",\"noir\"],\n[\"texte-courbe\",1,7,\"$({@cal C}_f)$\",\"ulft\",\"bleu\"],\n[\"texte-libre\",[-8,0.1],\"$({@cal C}_f):y=x^2$\",\"urt\",\"bleu\"]\n]\n\/\/ ----------------- fin des options\n\\end{pro-courbesemilog}<\/pre>\n<p>On obtient :<\/p>\n<p><img loading=\"lazy\" decoding=\"async\" class=\" aligncenter size-full wp-image-827\" src=\"http:\/\/wordpress.callac.online\/wp-content\/uploads\/2008\/10\/jpg_courbesemilog1-2.jpg\" alt=\"courbesemilog1-2.jpg\" width=\"578\" height=\"666\" align=\"center\" srcset=\"https:\/\/wordpress.callac.online\/wp-content\/uploads\/2008\/10\/jpg_courbesemilog1-2.jpg 578w, https:\/\/wordpress.callac.online\/wp-content\/uploads\/2008\/10\/jpg_courbesemilog1-2-260x300.jpg 260w\" sizes=\"auto, (max-width: 578px) 100vw, 578px\" \/><\/p>\n<h2>Exemple 2<\/h2>\n<hr \/>\n<p>On met ici en \u00e9vidence la possibilit\u00e9 de tracer plusieurs courbes.<\/p>\n<p>Voici le code :<\/p>\n<pre class=\"EnlighterJSRAW\" data-enlighter-language=\"latex\">\\begin{pro-courbesemilog}{2}\n[\n[x,\"noir\"],\n[x^2,\"bleu\"],\n[exp(x),\"rouge\"],\n[ln(x),\"violet\"]\n],\n0,18,0.01,100, \/\/xmin,xmax,ymin,ymax,\n1,1,1, \/\/ux,cx,gx,\n20,  \/\/ hauteur du dessin en cm\n\/\/ ----------------- debut des options\n[\n[\"titre-gauche\",\"Exemple de figure\"],\n[\"texte-courbe\",1,7,\"$x$\",\"ulft\",\"noir\"],\n[\"texte-courbe\",2,7,\"$x^2$\",\"ulft\",\"bleu\"],\n[\"texte-courbe\",3,1,\"$e^x$\",\"ulft\",\"rouge\"],\n[\"texte-courbe\",4,7,\"$@ln x$\",\"ulft\",\"violet\"]\n]\n\/\/ ----------------- fin des options\n\\end{pro-courbesemilog}<\/pre>\n<p>On obtient :<\/p>\n<p><img loading=\"lazy\" decoding=\"async\" class=\" aligncenter size-full wp-image-828\" src=\"http:\/\/wordpress.callac.online\/wp-content\/uploads\/2008\/10\/jpg_courbesemilog2.jpg\" alt=\"courbesemilog2.jpg\" width=\"580\" height=\"673\" align=\"center\" srcset=\"https:\/\/wordpress.callac.online\/wp-content\/uploads\/2008\/10\/jpg_courbesemilog2.jpg 580w, https:\/\/wordpress.callac.online\/wp-content\/uploads\/2008\/10\/jpg_courbesemilog2-259x300.jpg 259w\" sizes=\"auto, (max-width: 580px) 100vw, 580px\" \/><\/p>\n<h2>Exemple 3<\/h2>\n<hr \/>\n<p>On peut placer des points et des textes, de fa\u00e7on analogue \u00e0 l&rsquo;environnement pro-courbemulti.<\/p>\n<p>Voici le code :<\/p>\n<pre class=\"EnlighterJSRAW\" data-enlighter-language=\"latex\">\\begin{pro-courbesemilog}{3}\n[\n[exp(0.6x+2),\"bleu\"]\n],\n0,18,10,10000, \/\/xmin,xmax,ymin,ymax,\n1,1,1, \/\/ux,cx,gx,\n20,  \/\/ hauteur du dessin en cm\n\/\/ ----------------- debut des options\n[\n[\"titre-gauche\",\"Exemple de figure\"],\n[\"point-courbe\",1,9\/2,\"$A$\",\"ulft\",\"noir\",[\"xy\"]],\n[\"point-courbe\",1,19\/2,\"$B$\",\"ulft\",\"noir\",[\"xy\"]]\n]\n\/\/ ----------------- fin des options\n\\end{pro-courbesemilog}<\/pre>\n<p>On obtient :<\/p>\n<p><img loading=\"lazy\" decoding=\"async\" class=\" aligncenter size-full wp-image-829\" src=\"http:\/\/wordpress.callac.online\/wp-content\/uploads\/2008\/10\/jpg_courbesemilog3.jpg\" alt=\"courbesemilog3.jpg\" width=\"597\" height=\"667\" align=\"center\" srcset=\"https:\/\/wordpress.callac.online\/wp-content\/uploads\/2008\/10\/jpg_courbesemilog3.jpg 597w, https:\/\/wordpress.callac.online\/wp-content\/uploads\/2008\/10\/jpg_courbesemilog3-269x300.jpg 269w\" sizes=\"auto, (max-width: 597px) 100vw, 597px\" \/><\/p>\n<h2>Exemple 4 : papier semi-logarithmique<\/h2>\n<hr \/>\n<p>Dans cet exemple, pour obtenir le papier voulu, on ne rentre aucune fonction et en option, on demande de ne pas afficher les l\u00e9gendes.<\/p>\n<p>Il reste alors \u00e0 choisir le nombre de modules (en changeant ymin et ymax) et la largeur du papier en jouant sur xmin et xmax.<\/p>\n<p>Voici le code :<\/p>\n<pre class=\"EnlighterJSRAW\" data-enlighter-language=\"latex\">\\begin{pro-courbesemilog}{4}\n[\n],\n0,18,1,100000, \/\/xmin,xmax,ymin,ymax,\n1,1,1, \/\/ux,cx,gx,\n20,  \/\/ hauteur du dessin en cm\n\/\/ ----------------- debut des options\n[\n[\"sans-legende-x\"],\n[\"sans-legende-y\"]\n]\n\/\/ ----------------- fin des options\n\\end{pro-courbesemilog}<\/pre>\n<p>On obtient :<\/p>\n<p><img loading=\"lazy\" decoding=\"async\" class=\" aligncenter size-full wp-image-830\" src=\"http:\/\/wordpress.callac.online\/wp-content\/uploads\/2008\/10\/jpg_courbesemilog4.jpg\" alt=\"courbesemilog4.jpg\" width=\"581\" height=\"619\" align=\"center\" srcset=\"https:\/\/wordpress.callac.online\/wp-content\/uploads\/2008\/10\/jpg_courbesemilog4.jpg 581w, https:\/\/wordpress.callac.online\/wp-content\/uploads\/2008\/10\/jpg_courbesemilog4-282x300.jpg 282w\" sizes=\"auto, (max-width: 581px) 100vw, 581px\" \/><\/p>\n","protected":false},"excerpt":{"rendered":"<p>Exemple 1 On voit ici que c&rsquo;est le choix de ymin et ymax (puissances de 10) qui d\u00e9finit le nombre de modules. On rentre aussi la hauteur du papier en&hellip;<\/p>\n","protected":false},"author":1,"featured_media":0,"parent":2254,"menu_order":2,"comment_status":"closed","ping_status":"closed","template":"","meta":{"footnotes":""},"class_list":["post-196","page","type-page","status-publish","hentry"],"yoast_head":"<!-- This site is optimized with the Yoast SEO plugin v27.1.1 - https:\/\/yoast.com\/product\/yoast-seo-wordpress\/ -->\n<title>Des courbes r\u00e9alis\u00e9es avec pro-courbesemilog - Maths &amp; Num\u00e9rique<\/title>\n<meta name=\"robots\" content=\"index, follow, max-snippet:-1, max-image-preview:large, max-video-preview:-1\" \/>\n<link rel=\"canonical\" href=\"https:\/\/wordpress.callac.online\/index.php\/edition-mathematique\/professor\/les-galeries-de-professor-sty\/des-courbes-realisees-avec-pro-courbesemilog\/\" \/>\n<meta property=\"og:locale\" content=\"fr_FR\" \/>\n<meta property=\"og:type\" content=\"article\" \/>\n<meta property=\"og:title\" content=\"Des courbes r\u00e9alis\u00e9es avec pro-courbesemilog - Maths &amp; Num\u00e9rique\" \/>\n<meta property=\"og:description\" content=\"Exemple 1 On voit ici que c&rsquo;est le choix de ymin et ymax (puissances de 10) qui d\u00e9finit le nombre de modules. On rentre aussi la hauteur du papier en&hellip;\" \/>\n<meta property=\"og:url\" content=\"https:\/\/wordpress.callac.online\/index.php\/edition-mathematique\/professor\/les-galeries-de-professor-sty\/des-courbes-realisees-avec-pro-courbesemilog\/\" \/>\n<meta property=\"og:site_name\" content=\"Maths &amp; Num\u00e9rique\" \/>\n<meta property=\"article:modified_time\" content=\"2023-10-14T18:12:28+00:00\" \/>\n<meta property=\"og:image\" content=\"http:\/\/wordpress.callac.online\/wp-content\/uploads\/2008\/10\/jpg_courbesemilog1-2.jpg\" \/>\n<meta name=\"twitter:card\" content=\"summary_large_image\" \/>\n<meta name=\"twitter:label1\" content=\"Dur\u00e9e de lecture estim\u00e9e\" \/>\n\t<meta name=\"twitter:data1\" content=\"2 minutes\" \/>\n<script type=\"application\/ld+json\" class=\"yoast-schema-graph\">{\"@context\":\"https:\/\/schema.org\",\"@graph\":[{\"@type\":\"WebPage\",\"@id\":\"https:\/\/wordpress.callac.online\/index.php\/edition-mathematique\/professor\/les-galeries-de-professor-sty\/des-courbes-realisees-avec-pro-courbesemilog\/\",\"url\":\"https:\/\/wordpress.callac.online\/index.php\/edition-mathematique\/professor\/les-galeries-de-professor-sty\/des-courbes-realisees-avec-pro-courbesemilog\/\",\"name\":\"Des courbes r\u00e9alis\u00e9es avec pro-courbesemilog - Maths &amp; Num\u00e9rique\",\"isPartOf\":{\"@id\":\"https:\/\/wordpress.callac.online\/#website\"},\"primaryImageOfPage\":{\"@id\":\"https:\/\/wordpress.callac.online\/index.php\/edition-mathematique\/professor\/les-galeries-de-professor-sty\/des-courbes-realisees-avec-pro-courbesemilog\/#primaryimage\"},\"image\":{\"@id\":\"https:\/\/wordpress.callac.online\/index.php\/edition-mathematique\/professor\/les-galeries-de-professor-sty\/des-courbes-realisees-avec-pro-courbesemilog\/#primaryimage\"},\"thumbnailUrl\":\"http:\/\/wordpress.callac.online\/wp-content\/uploads\/2008\/10\/jpg_courbesemilog1-2.jpg\",\"datePublished\":\"2008-10-07T19:02:46+00:00\",\"dateModified\":\"2023-10-14T18:12:28+00:00\",\"breadcrumb\":{\"@id\":\"https:\/\/wordpress.callac.online\/index.php\/edition-mathematique\/professor\/les-galeries-de-professor-sty\/des-courbes-realisees-avec-pro-courbesemilog\/#breadcrumb\"},\"inLanguage\":\"fr-FR\",\"potentialAction\":[{\"@type\":\"ReadAction\",\"target\":[\"https:\/\/wordpress.callac.online\/index.php\/edition-mathematique\/professor\/les-galeries-de-professor-sty\/des-courbes-realisees-avec-pro-courbesemilog\/\"]}]},{\"@type\":\"ImageObject\",\"inLanguage\":\"fr-FR\",\"@id\":\"https:\/\/wordpress.callac.online\/index.php\/edition-mathematique\/professor\/les-galeries-de-professor-sty\/des-courbes-realisees-avec-pro-courbesemilog\/#primaryimage\",\"url\":\"https:\/\/wordpress.callac.online\/wp-content\/uploads\/2008\/10\/jpg_courbesemilog1-2.jpg\",\"contentUrl\":\"https:\/\/wordpress.callac.online\/wp-content\/uploads\/2008\/10\/jpg_courbesemilog1-2.jpg\",\"width\":578,\"height\":666,\"caption\":\"courbesemilog1-2.jpg\"},{\"@type\":\"BreadcrumbList\",\"@id\":\"https:\/\/wordpress.callac.online\/index.php\/edition-mathematique\/professor\/les-galeries-de-professor-sty\/des-courbes-realisees-avec-pro-courbesemilog\/#breadcrumb\",\"itemListElement\":[{\"@type\":\"ListItem\",\"position\":1,\"name\":\"Accueil\",\"item\":\"https:\/\/wordpress.callac.online\/\"},{\"@type\":\"ListItem\",\"position\":2,\"name\":\"\u00c9dition math\u00e9matique\",\"item\":\"https:\/\/wordpress.callac.online\/index.php\/edition-mathematique\/\"},{\"@type\":\"ListItem\",\"position\":3,\"name\":\"Professor\",\"item\":\"https:\/\/wordpress.callac.online\/index.php\/edition-mathematique\/professor\/\"},{\"@type\":\"ListItem\",\"position\":4,\"name\":\"Les galeries de Professor.sty\",\"item\":\"https:\/\/wordpress.callac.online\/index.php\/edition-mathematique\/professor\/les-galeries-de-professor-sty\/\"},{\"@type\":\"ListItem\",\"position\":5,\"name\":\"Des courbes r\u00e9alis\u00e9es avec pro-courbesemilog\"}]},{\"@type\":\"WebSite\",\"@id\":\"https:\/\/wordpress.callac.online\/#website\",\"url\":\"https:\/\/wordpress.callac.online\/\",\"name\":\"Maths & Num\u00e9rique\",\"description\":\"Des outils pour les enseignants de math\u00e9matiques et de num\u00e9rique\",\"publisher\":{\"@id\":\"https:\/\/wordpress.callac.online\/#\/schema\/person\/04061f1ca2c2c42039142a704be95940\"},\"potentialAction\":[{\"@type\":\"SearchAction\",\"target\":{\"@type\":\"EntryPoint\",\"urlTemplate\":\"https:\/\/wordpress.callac.online\/?s={search_term_string}\"},\"query-input\":{\"@type\":\"PropertyValueSpecification\",\"valueRequired\":true,\"valueName\":\"search_term_string\"}}],\"inLanguage\":\"fr-FR\"},{\"@type\":[\"Person\",\"Organization\"],\"@id\":\"https:\/\/wordpress.callac.online\/#\/schema\/person\/04061f1ca2c2c42039142a704be95940\",\"name\":\"dlefur\",\"image\":{\"@type\":\"ImageObject\",\"inLanguage\":\"fr-FR\",\"@id\":\"https:\/\/wordpress.callac.online\/#\/schema\/person\/image\/\",\"url\":\"https:\/\/secure.gravatar.com\/avatar\/4a9e17be136808c6597f28aa2b6c13126dab066fdc2198ff60090972c9b7fafc?s=96&d=mm&r=g\",\"contentUrl\":\"https:\/\/secure.gravatar.com\/avatar\/4a9e17be136808c6597f28aa2b6c13126dab066fdc2198ff60090972c9b7fafc?s=96&d=mm&r=g\",\"caption\":\"dlefur\"},\"logo\":{\"@id\":\"https:\/\/wordpress.callac.online\/#\/schema\/person\/image\/\"},\"description\":\"Enseignant de math\u00e9matiques Lyc\u00e9e Pasteur S\u00e3o Paulo\",\"sameAs\":[\"http:\/\/wordpress.callac.online\"]}]}<\/script>\n<!-- \/ Yoast SEO plugin. -->","yoast_head_json":{"title":"Des courbes r\u00e9alis\u00e9es avec pro-courbesemilog - Maths &amp; Num\u00e9rique","robots":{"index":"index","follow":"follow","max-snippet":"max-snippet:-1","max-image-preview":"max-image-preview:large","max-video-preview":"max-video-preview:-1"},"canonical":"https:\/\/wordpress.callac.online\/index.php\/edition-mathematique\/professor\/les-galeries-de-professor-sty\/des-courbes-realisees-avec-pro-courbesemilog\/","og_locale":"fr_FR","og_type":"article","og_title":"Des courbes r\u00e9alis\u00e9es avec pro-courbesemilog - Maths &amp; Num\u00e9rique","og_description":"Exemple 1 On voit ici que c&rsquo;est le choix de ymin et ymax (puissances de 10) qui d\u00e9finit le nombre de modules. On rentre aussi la hauteur du papier en&hellip;","og_url":"https:\/\/wordpress.callac.online\/index.php\/edition-mathematique\/professor\/les-galeries-de-professor-sty\/des-courbes-realisees-avec-pro-courbesemilog\/","og_site_name":"Maths &amp; Num\u00e9rique","article_modified_time":"2023-10-14T18:12:28+00:00","og_image":[{"url":"http:\/\/wordpress.callac.online\/wp-content\/uploads\/2008\/10\/jpg_courbesemilog1-2.jpg","type":"","width":"","height":""}],"twitter_card":"summary_large_image","twitter_misc":{"Dur\u00e9e de lecture estim\u00e9e":"2 minutes"},"schema":{"@context":"https:\/\/schema.org","@graph":[{"@type":"WebPage","@id":"https:\/\/wordpress.callac.online\/index.php\/edition-mathematique\/professor\/les-galeries-de-professor-sty\/des-courbes-realisees-avec-pro-courbesemilog\/","url":"https:\/\/wordpress.callac.online\/index.php\/edition-mathematique\/professor\/les-galeries-de-professor-sty\/des-courbes-realisees-avec-pro-courbesemilog\/","name":"Des courbes r\u00e9alis\u00e9es avec pro-courbesemilog - Maths &amp; Num\u00e9rique","isPartOf":{"@id":"https:\/\/wordpress.callac.online\/#website"},"primaryImageOfPage":{"@id":"https:\/\/wordpress.callac.online\/index.php\/edition-mathematique\/professor\/les-galeries-de-professor-sty\/des-courbes-realisees-avec-pro-courbesemilog\/#primaryimage"},"image":{"@id":"https:\/\/wordpress.callac.online\/index.php\/edition-mathematique\/professor\/les-galeries-de-professor-sty\/des-courbes-realisees-avec-pro-courbesemilog\/#primaryimage"},"thumbnailUrl":"http:\/\/wordpress.callac.online\/wp-content\/uploads\/2008\/10\/jpg_courbesemilog1-2.jpg","datePublished":"2008-10-07T19:02:46+00:00","dateModified":"2023-10-14T18:12:28+00:00","breadcrumb":{"@id":"https:\/\/wordpress.callac.online\/index.php\/edition-mathematique\/professor\/les-galeries-de-professor-sty\/des-courbes-realisees-avec-pro-courbesemilog\/#breadcrumb"},"inLanguage":"fr-FR","potentialAction":[{"@type":"ReadAction","target":["https:\/\/wordpress.callac.online\/index.php\/edition-mathematique\/professor\/les-galeries-de-professor-sty\/des-courbes-realisees-avec-pro-courbesemilog\/"]}]},{"@type":"ImageObject","inLanguage":"fr-FR","@id":"https:\/\/wordpress.callac.online\/index.php\/edition-mathematique\/professor\/les-galeries-de-professor-sty\/des-courbes-realisees-avec-pro-courbesemilog\/#primaryimage","url":"https:\/\/wordpress.callac.online\/wp-content\/uploads\/2008\/10\/jpg_courbesemilog1-2.jpg","contentUrl":"https:\/\/wordpress.callac.online\/wp-content\/uploads\/2008\/10\/jpg_courbesemilog1-2.jpg","width":578,"height":666,"caption":"courbesemilog1-2.jpg"},{"@type":"BreadcrumbList","@id":"https:\/\/wordpress.callac.online\/index.php\/edition-mathematique\/professor\/les-galeries-de-professor-sty\/des-courbes-realisees-avec-pro-courbesemilog\/#breadcrumb","itemListElement":[{"@type":"ListItem","position":1,"name":"Accueil","item":"https:\/\/wordpress.callac.online\/"},{"@type":"ListItem","position":2,"name":"\u00c9dition math\u00e9matique","item":"https:\/\/wordpress.callac.online\/index.php\/edition-mathematique\/"},{"@type":"ListItem","position":3,"name":"Professor","item":"https:\/\/wordpress.callac.online\/index.php\/edition-mathematique\/professor\/"},{"@type":"ListItem","position":4,"name":"Les galeries de Professor.sty","item":"https:\/\/wordpress.callac.online\/index.php\/edition-mathematique\/professor\/les-galeries-de-professor-sty\/"},{"@type":"ListItem","position":5,"name":"Des courbes r\u00e9alis\u00e9es avec pro-courbesemilog"}]},{"@type":"WebSite","@id":"https:\/\/wordpress.callac.online\/#website","url":"https:\/\/wordpress.callac.online\/","name":"Maths & Num\u00e9rique","description":"Des outils pour les enseignants de math\u00e9matiques et de num\u00e9rique","publisher":{"@id":"https:\/\/wordpress.callac.online\/#\/schema\/person\/04061f1ca2c2c42039142a704be95940"},"potentialAction":[{"@type":"SearchAction","target":{"@type":"EntryPoint","urlTemplate":"https:\/\/wordpress.callac.online\/?s={search_term_string}"},"query-input":{"@type":"PropertyValueSpecification","valueRequired":true,"valueName":"search_term_string"}}],"inLanguage":"fr-FR"},{"@type":["Person","Organization"],"@id":"https:\/\/wordpress.callac.online\/#\/schema\/person\/04061f1ca2c2c42039142a704be95940","name":"dlefur","image":{"@type":"ImageObject","inLanguage":"fr-FR","@id":"https:\/\/wordpress.callac.online\/#\/schema\/person\/image\/","url":"https:\/\/secure.gravatar.com\/avatar\/4a9e17be136808c6597f28aa2b6c13126dab066fdc2198ff60090972c9b7fafc?s=96&d=mm&r=g","contentUrl":"https:\/\/secure.gravatar.com\/avatar\/4a9e17be136808c6597f28aa2b6c13126dab066fdc2198ff60090972c9b7fafc?s=96&d=mm&r=g","caption":"dlefur"},"logo":{"@id":"https:\/\/wordpress.callac.online\/#\/schema\/person\/image\/"},"description":"Enseignant de math\u00e9matiques Lyc\u00e9e Pasteur S\u00e3o Paulo","sameAs":["http:\/\/wordpress.callac.online"]}]}},"_links":{"self":[{"href":"https:\/\/wordpress.callac.online\/index.php\/wp-json\/wp\/v2\/pages\/196","targetHints":{"allow":["GET"]}}],"collection":[{"href":"https:\/\/wordpress.callac.online\/index.php\/wp-json\/wp\/v2\/pages"}],"about":[{"href":"https:\/\/wordpress.callac.online\/index.php\/wp-json\/wp\/v2\/types\/page"}],"author":[{"embeddable":true,"href":"https:\/\/wordpress.callac.online\/index.php\/wp-json\/wp\/v2\/users\/1"}],"replies":[{"embeddable":true,"href":"https:\/\/wordpress.callac.online\/index.php\/wp-json\/wp\/v2\/comments?post=196"}],"version-history":[{"count":3,"href":"https:\/\/wordpress.callac.online\/index.php\/wp-json\/wp\/v2\/pages\/196\/revisions"}],"predecessor-version":[{"id":2362,"href":"https:\/\/wordpress.callac.online\/index.php\/wp-json\/wp\/v2\/pages\/196\/revisions\/2362"}],"up":[{"embeddable":true,"href":"https:\/\/wordpress.callac.online\/index.php\/wp-json\/wp\/v2\/pages\/2254"}],"wp:attachment":[{"href":"https:\/\/wordpress.callac.online\/index.php\/wp-json\/wp\/v2\/media?parent=196"}],"curies":[{"name":"wp","href":"https:\/\/api.w.org\/{rel}","templated":true}]}}