{"id":214,"date":"2009-05-30T14:30:20","date_gmt":"2009-05-30T12:30:20","guid":{"rendered":"http:\/\/wordpress.callac.online\/index.php\/lignes-trigonometriques\/"},"modified":"2023-10-14T20:13:21","modified_gmt":"2023-10-14T18:13:21","slug":"lignes-trigonometriques","status":"publish","type":"page","link":"https:\/\/wordpress.callac.online\/index.php\/logiciels-mathematiques\/geogebra\/archives-geogebra\/lignes-trigonometriques\/","title":{"rendered":"Lignes trigonom\u00e9triques"},"content":{"rendered":"<p><img loading=\"lazy\" decoding=\"async\" class=\" aligncenter size-full wp-image-859\" src=\"http:\/\/wordpress.callac.online\/wp-content\/uploads\/2009\/05\/jpg_ligne-trigo.jpg\" alt=\"ligne-trigo.jpg\" align=\"center\" width=\"836\" height=\"599\" srcset=\"https:\/\/wordpress.callac.online\/wp-content\/uploads\/2009\/05\/jpg_ligne-trigo.jpg 836w, https:\/\/wordpress.callac.online\/wp-content\/uploads\/2009\/05\/jpg_ligne-trigo-300x215.jpg 300w, https:\/\/wordpress.callac.online\/wp-content\/uploads\/2009\/05\/jpg_ligne-trigo-768x550.jpg 768w\" sizes=\"auto, (max-width: 836px) 100vw, 836px\" \/><\/p>\n<hr \/>\n<p><a href=\"http:\/\/wordpress.callac.online\/wp-content\/uploads\/2009\/05\/zip_ligne-trigo.ggb_.zip\">ligne-trigo.ggb.zip<\/a><\/p>\n","protected":false},"excerpt":{"rendered":"<p>ligne-trigo.ggb.zip<\/p>\n","protected":false},"author":1,"featured_media":859,"parent":2182,"menu_order":4,"comment_status":"closed","ping_status":"closed","template":"","meta":{"footnotes":""},"class_list":["post-214","page","type-page","status-publish","has-post-thumbnail","hentry"],"yoast_head":"<!-- This site is optimized with the Yoast SEO plugin v27.1.1 - https:\/\/yoast.com\/product\/yoast-seo-wordpress\/ -->\n<title>Lignes trigonom\u00e9triques - Maths &amp; Num\u00e9rique<\/title>\n<meta name=\"robots\" content=\"index, follow, max-snippet:-1, max-image-preview:large, max-video-preview:-1\" \/>\n<link rel=\"canonical\" href=\"https:\/\/wordpress.callac.online\/index.php\/logiciels-mathematiques\/geogebra\/archives-geogebra\/lignes-trigonometriques\/\" \/>\n<meta property=\"og:locale\" content=\"fr_FR\" \/>\n<meta property=\"og:type\" content=\"article\" \/>\n<meta property=\"og:title\" content=\"Lignes trigonom\u00e9triques - Maths &amp; Num\u00e9rique\" \/>\n<meta property=\"og:description\" content=\"ligne-trigo.ggb.zip\" \/>\n<meta property=\"og:url\" content=\"https:\/\/wordpress.callac.online\/index.php\/logiciels-mathematiques\/geogebra\/archives-geogebra\/lignes-trigonometriques\/\" \/>\n<meta property=\"og:site_name\" content=\"Maths &amp; Num\u00e9rique\" \/>\n<meta property=\"article:modified_time\" content=\"2023-10-14T18:13:21+00:00\" \/>\n<meta property=\"og:image\" content=\"http:\/\/wordpress.callac.online\/wp-content\/uploads\/2009\/05\/jpg_ligne-trigo.jpg\" \/>\n\t<meta property=\"og:image:width\" content=\"836\" \/>\n\t<meta property=\"og:image:height\" content=\"599\" \/>\n\t<meta property=\"og:image:type\" content=\"image\/jpeg\" \/>\n<meta name=\"twitter:card\" content=\"summary_large_image\" \/>\n<script type=\"application\/ld+json\" class=\"yoast-schema-graph\">{\"@context\":\"https:\/\/schema.org\",\"@graph\":[{\"@type\":\"WebPage\",\"@id\":\"https:\/\/wordpress.callac.online\/index.php\/logiciels-mathematiques\/geogebra\/archives-geogebra\/lignes-trigonometriques\/\",\"url\":\"https:\/\/wordpress.callac.online\/index.php\/logiciels-mathematiques\/geogebra\/archives-geogebra\/lignes-trigonometriques\/\",\"name\":\"Lignes trigonom\u00e9triques - Maths &amp; Num\u00e9rique\",\"isPartOf\":{\"@id\":\"https:\/\/wordpress.callac.online\/#website\"},\"primaryImageOfPage\":{\"@id\":\"https:\/\/wordpress.callac.online\/index.php\/logiciels-mathematiques\/geogebra\/archives-geogebra\/lignes-trigonometriques\/#primaryimage\"},\"image\":{\"@id\":\"https:\/\/wordpress.callac.online\/index.php\/logiciels-mathematiques\/geogebra\/archives-geogebra\/lignes-trigonometriques\/#primaryimage\"},\"thumbnailUrl\":\"https:\/\/wordpress.callac.online\/wp-content\/uploads\/2009\/05\/jpg_ligne-trigo.jpg\",\"datePublished\":\"2009-05-30T12:30:20+00:00\",\"dateModified\":\"2023-10-14T18:13:21+00:00\",\"breadcrumb\":{\"@id\":\"https:\/\/wordpress.callac.online\/index.php\/logiciels-mathematiques\/geogebra\/archives-geogebra\/lignes-trigonometriques\/#breadcrumb\"},\"inLanguage\":\"fr-FR\",\"potentialAction\":[{\"@type\":\"ReadAction\",\"target\":[\"https:\/\/wordpress.callac.online\/index.php\/logiciels-mathematiques\/geogebra\/archives-geogebra\/lignes-trigonometriques\/\"]}]},{\"@type\":\"ImageObject\",\"inLanguage\":\"fr-FR\",\"@id\":\"https:\/\/wordpress.callac.online\/index.php\/logiciels-mathematiques\/geogebra\/archives-geogebra\/lignes-trigonometriques\/#primaryimage\",\"url\":\"https:\/\/wordpress.callac.online\/wp-content\/uploads\/2009\/05\/jpg_ligne-trigo.jpg\",\"contentUrl\":\"https:\/\/wordpress.callac.online\/wp-content\/uploads\/2009\/05\/jpg_ligne-trigo.jpg\",\"width\":836,\"height\":599,\"caption\":\"ligne-trigo.jpg\"},{\"@type\":\"BreadcrumbList\",\"@id\":\"https:\/\/wordpress.callac.online\/index.php\/logiciels-mathematiques\/geogebra\/archives-geogebra\/lignes-trigonometriques\/#breadcrumb\",\"itemListElement\":[{\"@type\":\"ListItem\",\"position\":1,\"name\":\"Accueil\",\"item\":\"https:\/\/wordpress.callac.online\/\"},{\"@type\":\"ListItem\",\"position\":2,\"name\":\"Logiciels math\u00e9matiques\",\"item\":\"https:\/\/wordpress.callac.online\/index.php\/logiciels-mathematiques\/\"},{\"@type\":\"ListItem\",\"position\":3,\"name\":\"Geogebra\",\"item\":\"https:\/\/wordpress.callac.online\/index.php\/logiciels-mathematiques\/geogebra\/\"},{\"@type\":\"ListItem\",\"position\":4,\"name\":\"Archives Geogebra\",\"item\":\"https:\/\/wordpress.callac.online\/index.php\/logiciels-mathematiques\/geogebra\/archives-geogebra\/\"},{\"@type\":\"ListItem\",\"position\":5,\"name\":\"Lignes trigonom\u00e9triques\"}]},{\"@type\":\"WebSite\",\"@id\":\"https:\/\/wordpress.callac.online\/#website\",\"url\":\"https:\/\/wordpress.callac.online\/\",\"name\":\"Maths & Num\u00e9rique\",\"description\":\"Des outils pour les enseignants de math\u00e9matiques et de num\u00e9rique\",\"publisher\":{\"@id\":\"https:\/\/wordpress.callac.online\/#\/schema\/person\/04061f1ca2c2c42039142a704be95940\"},\"potentialAction\":[{\"@type\":\"SearchAction\",\"target\":{\"@type\":\"EntryPoint\",\"urlTemplate\":\"https:\/\/wordpress.callac.online\/?s={search_term_string}\"},\"query-input\":{\"@type\":\"PropertyValueSpecification\",\"valueRequired\":true,\"valueName\":\"search_term_string\"}}],\"inLanguage\":\"fr-FR\"},{\"@type\":[\"Person\",\"Organization\"],\"@id\":\"https:\/\/wordpress.callac.online\/#\/schema\/person\/04061f1ca2c2c42039142a704be95940\",\"name\":\"dlefur\",\"image\":{\"@type\":\"ImageObject\",\"inLanguage\":\"fr-FR\",\"@id\":\"https:\/\/wordpress.callac.online\/#\/schema\/person\/image\/\",\"url\":\"https:\/\/secure.gravatar.com\/avatar\/4a9e17be136808c6597f28aa2b6c13126dab066fdc2198ff60090972c9b7fafc?s=96&d=mm&r=g\",\"contentUrl\":\"https:\/\/secure.gravatar.com\/avatar\/4a9e17be136808c6597f28aa2b6c13126dab066fdc2198ff60090972c9b7fafc?s=96&d=mm&r=g\",\"caption\":\"dlefur\"},\"logo\":{\"@id\":\"https:\/\/wordpress.callac.online\/#\/schema\/person\/image\/\"},\"description\":\"Enseignant de math\u00e9matiques Lyc\u00e9e Pasteur S\u00e3o Paulo\",\"sameAs\":[\"http:\/\/wordpress.callac.online\"]}]}<\/script>\n<!-- \/ Yoast SEO plugin. -->","yoast_head_json":{"title":"Lignes trigonom\u00e9triques - Maths &amp; Num\u00e9rique","robots":{"index":"index","follow":"follow","max-snippet":"max-snippet:-1","max-image-preview":"max-image-preview:large","max-video-preview":"max-video-preview:-1"},"canonical":"https:\/\/wordpress.callac.online\/index.php\/logiciels-mathematiques\/geogebra\/archives-geogebra\/lignes-trigonometriques\/","og_locale":"fr_FR","og_type":"article","og_title":"Lignes trigonom\u00e9triques - Maths &amp; Num\u00e9rique","og_description":"ligne-trigo.ggb.zip","og_url":"https:\/\/wordpress.callac.online\/index.php\/logiciels-mathematiques\/geogebra\/archives-geogebra\/lignes-trigonometriques\/","og_site_name":"Maths &amp; Num\u00e9rique","article_modified_time":"2023-10-14T18:13:21+00:00","og_image":[{"width":836,"height":599,"url":"http:\/\/wordpress.callac.online\/wp-content\/uploads\/2009\/05\/jpg_ligne-trigo.jpg","type":"image\/jpeg"}],"twitter_card":"summary_large_image","schema":{"@context":"https:\/\/schema.org","@graph":[{"@type":"WebPage","@id":"https:\/\/wordpress.callac.online\/index.php\/logiciels-mathematiques\/geogebra\/archives-geogebra\/lignes-trigonometriques\/","url":"https:\/\/wordpress.callac.online\/index.php\/logiciels-mathematiques\/geogebra\/archives-geogebra\/lignes-trigonometriques\/","name":"Lignes trigonom\u00e9triques - Maths &amp; Num\u00e9rique","isPartOf":{"@id":"https:\/\/wordpress.callac.online\/#website"},"primaryImageOfPage":{"@id":"https:\/\/wordpress.callac.online\/index.php\/logiciels-mathematiques\/geogebra\/archives-geogebra\/lignes-trigonometriques\/#primaryimage"},"image":{"@id":"https:\/\/wordpress.callac.online\/index.php\/logiciels-mathematiques\/geogebra\/archives-geogebra\/lignes-trigonometriques\/#primaryimage"},"thumbnailUrl":"https:\/\/wordpress.callac.online\/wp-content\/uploads\/2009\/05\/jpg_ligne-trigo.jpg","datePublished":"2009-05-30T12:30:20+00:00","dateModified":"2023-10-14T18:13:21+00:00","breadcrumb":{"@id":"https:\/\/wordpress.callac.online\/index.php\/logiciels-mathematiques\/geogebra\/archives-geogebra\/lignes-trigonometriques\/#breadcrumb"},"inLanguage":"fr-FR","potentialAction":[{"@type":"ReadAction","target":["https:\/\/wordpress.callac.online\/index.php\/logiciels-mathematiques\/geogebra\/archives-geogebra\/lignes-trigonometriques\/"]}]},{"@type":"ImageObject","inLanguage":"fr-FR","@id":"https:\/\/wordpress.callac.online\/index.php\/logiciels-mathematiques\/geogebra\/archives-geogebra\/lignes-trigonometriques\/#primaryimage","url":"https:\/\/wordpress.callac.online\/wp-content\/uploads\/2009\/05\/jpg_ligne-trigo.jpg","contentUrl":"https:\/\/wordpress.callac.online\/wp-content\/uploads\/2009\/05\/jpg_ligne-trigo.jpg","width":836,"height":599,"caption":"ligne-trigo.jpg"},{"@type":"BreadcrumbList","@id":"https:\/\/wordpress.callac.online\/index.php\/logiciels-mathematiques\/geogebra\/archives-geogebra\/lignes-trigonometriques\/#breadcrumb","itemListElement":[{"@type":"ListItem","position":1,"name":"Accueil","item":"https:\/\/wordpress.callac.online\/"},{"@type":"ListItem","position":2,"name":"Logiciels math\u00e9matiques","item":"https:\/\/wordpress.callac.online\/index.php\/logiciels-mathematiques\/"},{"@type":"ListItem","position":3,"name":"Geogebra","item":"https:\/\/wordpress.callac.online\/index.php\/logiciels-mathematiques\/geogebra\/"},{"@type":"ListItem","position":4,"name":"Archives Geogebra","item":"https:\/\/wordpress.callac.online\/index.php\/logiciels-mathematiques\/geogebra\/archives-geogebra\/"},{"@type":"ListItem","position":5,"name":"Lignes trigonom\u00e9triques"}]},{"@type":"WebSite","@id":"https:\/\/wordpress.callac.online\/#website","url":"https:\/\/wordpress.callac.online\/","name":"Maths & Num\u00e9rique","description":"Des outils pour les enseignants de math\u00e9matiques et de num\u00e9rique","publisher":{"@id":"https:\/\/wordpress.callac.online\/#\/schema\/person\/04061f1ca2c2c42039142a704be95940"},"potentialAction":[{"@type":"SearchAction","target":{"@type":"EntryPoint","urlTemplate":"https:\/\/wordpress.callac.online\/?s={search_term_string}"},"query-input":{"@type":"PropertyValueSpecification","valueRequired":true,"valueName":"search_term_string"}}],"inLanguage":"fr-FR"},{"@type":["Person","Organization"],"@id":"https:\/\/wordpress.callac.online\/#\/schema\/person\/04061f1ca2c2c42039142a704be95940","name":"dlefur","image":{"@type":"ImageObject","inLanguage":"fr-FR","@id":"https:\/\/wordpress.callac.online\/#\/schema\/person\/image\/","url":"https:\/\/secure.gravatar.com\/avatar\/4a9e17be136808c6597f28aa2b6c13126dab066fdc2198ff60090972c9b7fafc?s=96&d=mm&r=g","contentUrl":"https:\/\/secure.gravatar.com\/avatar\/4a9e17be136808c6597f28aa2b6c13126dab066fdc2198ff60090972c9b7fafc?s=96&d=mm&r=g","caption":"dlefur"},"logo":{"@id":"https:\/\/wordpress.callac.online\/#\/schema\/person\/image\/"},"description":"Enseignant de math\u00e9matiques Lyc\u00e9e Pasteur S\u00e3o Paulo","sameAs":["http:\/\/wordpress.callac.online"]}]}},"_links":{"self":[{"href":"https:\/\/wordpress.callac.online\/index.php\/wp-json\/wp\/v2\/pages\/214","targetHints":{"allow":["GET"]}}],"collection":[{"href":"https:\/\/wordpress.callac.online\/index.php\/wp-json\/wp\/v2\/pages"}],"about":[{"href":"https:\/\/wordpress.callac.online\/index.php\/wp-json\/wp\/v2\/types\/page"}],"author":[{"embeddable":true,"href":"https:\/\/wordpress.callac.online\/index.php\/wp-json\/wp\/v2\/users\/1"}],"replies":[{"embeddable":true,"href":"https:\/\/wordpress.callac.online\/index.php\/wp-json\/wp\/v2\/comments?post=214"}],"version-history":[{"count":1,"href":"https:\/\/wordpress.callac.online\/index.php\/wp-json\/wp\/v2\/pages\/214\/revisions"}],"predecessor-version":[{"id":1616,"href":"https:\/\/wordpress.callac.online\/index.php\/wp-json\/wp\/v2\/pages\/214\/revisions\/1616"}],"up":[{"embeddable":true,"href":"https:\/\/wordpress.callac.online\/index.php\/wp-json\/wp\/v2\/pages\/2182"}],"wp:featuredmedia":[{"embeddable":true,"href":"https:\/\/wordpress.callac.online\/index.php\/wp-json\/wp\/v2\/media\/859"}],"wp:attachment":[{"href":"https:\/\/wordpress.callac.online\/index.php\/wp-json\/wp\/v2\/media?parent=214"}],"curies":[{"name":"wp","href":"https:\/\/api.w.org\/{rel}","templated":true}]}}