{"id":215,"date":"2009-07-06T22:27:16","date_gmt":"2009-07-06T20:27:16","guid":{"rendered":"http:\/\/wordpress.callac.online\/index.php\/editer-un-fichier-metapost-sous-gedit\/"},"modified":"2023-10-14T20:12:37","modified_gmt":"2023-10-14T18:12:37","slug":"editer-un-fichier-metapost-sous-gedit","status":"publish","type":"page","link":"https:\/\/wordpress.callac.online\/index.php\/edition-mathematique\/metapost\/gedit-mon-editeur-metapost\/editer-un-fichier-metapost-sous-gedit\/","title":{"rendered":"Editer un fichier Metapost sous Gedit"},"content":{"rendered":"<p>Editer un fichier Metapost se fait facilement en utilisant les extraits de code de Gedit. Je rappelle que j&rsquo;utilise pleinement le fichier <a href=\"http:\/\/melusine.eu.org\/syracuse\/poulecl\/geometriesyr16\/\">geometriesyr16.mp<\/a> de Christophe Poulain.<\/p>\n<h2>L&rsquo;installation<\/h2>\n<hr \/>\n<p>L&rsquo;ensemble de la configuration de Gedit est d\u00e9crite <a href=\"https:\/\/wordpress.callac.online\/index.php\/edition-mathematique\/metapost\/gedit-mon-editeur-metapost\/linstallation-de-mes-outils-pour-metapost-et-latex-avec-gedit\/\">ici<\/a>. Il faut notamment\u00a0 que l&rsquo;extension <strong>mp<\/strong> soit reconnue pour que les snippets soient activ\u00e9s.<\/p>\n<p><a href=\"http:\/\/wordpress.callac.online\/index.php\/edition-mathematique\/metapost\/gedit-mon-editeur-metapost\/mes-fichiers-personnels-metapost\/\">Mes fichiers personnels Metapost<\/a> doivent \u00eatre pr\u00e9sents dans le texmf\/ .<\/p>\n<h2>Cr\u00e9er la base d&rsquo;un fichier mp<\/h2>\n<hr \/>\n<p>Il faut tout d&rsquo;abord cr\u00e9er un fichier (vide) d&rsquo;extension mp. Ceci permettra d&rsquo;activer les extraits de code de Metapost.<\/p>\n<p>J&rsquo;ai cr\u00e9\u00e9 le raccourci \u00ab\u00a0mpfile\u00a0\u00bb dont voici le code :<\/p>\n<pre class=\"EnlighterJSRAW\" data-enlighter-language=\"generic\">input geometriesyr16.mp ;\ninput dlf_texperso.mp;\ninput dlf_couleurs.mp;\n\n%------------------------------------------------------------------------\n% Figure 1\n%------------------------------------------------------------------------\n\nu:=1cm;\nfigure(-8u,-8u,10u,8u);\n\n$1\n\nfin;\n%-----------------------------------------------------------------------\n\n\n\n\n%-----------------------------------------------------------------------\nend;<\/pre>\n<p>Pour l&rsquo;utiliser,<br \/>\n&#8211; je tape dans le fichier vide : <code>mpfile TAB<\/code><br \/>\n&#8211; le code appara\u00eet<br \/>\n&#8211; le curseur se positionne \u00e0 l&rsquo;endroit o\u00f9 l&rsquo;on doit mettre le code de la figure.<\/p>\n<h2>D&rsquo;autres raccourcis<\/h2>\n<p>En tapant sur Ctrl-Space, on acc\u00e8de \u00e0 l&rsquo;ensemble des raccourcis disponibles.<\/p>\n<p>On peut facilement les \u00e9diter, les modifier voire les supprimer en allant dans le menu \u00ab\u00a0<strong>Outils-&gt;G\u00e9rer les extraits de code<\/strong>\u00ab\u00a0.<\/p>\n<p>Un autre raccourci important est \u00ab\u00a0mpfig\u00a0\u00bb qui permet de rajouter le code de base d&rsquo;une figure suppl\u00e9mentaire :<\/p>\n<pre class=\"EnlighterJSRAW\" data-enlighter-language=\"generic\">%-------------------------------------------------------------------------\n% Figure\n%------------------------------------------------------------------------\nu:=1cm;\nfigure (-8u,-8u,8u,8u);\n\n\n\nfin;\n%-----------------------------------------------------------------------<\/pre>\n<h2>Compilation<\/h2>\n<hr \/>\n<p>Pour compiler, on tape sur la touche F12 :<br \/>\n&#8211; s&rsquo;il n&rsquo;y a pas d&rsquo;erreurs de compilation, un fichier pdf s&rsquo;ouvre avec la liste des figures cr\u00e9\u00e9es.<br \/>\n-s&rsquo;il y a une erreur, le fichier log s&rsquo;ouvre sur la ligne du message d&rsquo;erreur. En retapant sur F12, le fichier mp s&rsquo;ouvre sur la ligne d&rsquo;erreur.<\/p>\n<p>Le visualiseur choisi est Evince. Il a l&rsquo;avantage de m\u00e9moriser la derni\u00e8re page ouverte, ce qui facilite la mise au point d&rsquo;un document.<\/p>\n","protected":false},"excerpt":{"rendered":"<p>Editer un fichier Metapost se fait facilement en utilisant les extraits de code de Gedit. Je rappelle que j&rsquo;utilise pleinement le fichier geometriesyr16.mp de Christophe Poulain. L&rsquo;installation L&rsquo;ensemble de la&hellip;<\/p>\n","protected":false},"author":1,"featured_media":0,"parent":2416,"menu_order":2,"comment_status":"closed","ping_status":"closed","template":"","meta":{"footnotes":""},"class_list":["post-215","page","type-page","status-publish","hentry"],"yoast_head":"<!-- This site is optimized with the Yoast SEO plugin v27.1.1 - https:\/\/yoast.com\/product\/yoast-seo-wordpress\/ -->\n<title>Editer un fichier Metapost sous Gedit - Maths &amp; Num\u00e9rique<\/title>\n<meta name=\"robots\" content=\"index, follow, max-snippet:-1, max-image-preview:large, max-video-preview:-1\" \/>\n<link rel=\"canonical\" href=\"https:\/\/wordpress.callac.online\/index.php\/edition-mathematique\/metapost\/gedit-mon-editeur-metapost\/editer-un-fichier-metapost-sous-gedit\/\" \/>\n<meta property=\"og:locale\" content=\"fr_FR\" \/>\n<meta property=\"og:type\" content=\"article\" \/>\n<meta property=\"og:title\" content=\"Editer un fichier Metapost sous Gedit - Maths &amp; Num\u00e9rique\" \/>\n<meta property=\"og:description\" content=\"Editer un fichier Metapost se fait facilement en utilisant les extraits de code de Gedit. Je rappelle que j&rsquo;utilise pleinement le fichier geometriesyr16.mp de Christophe Poulain. L&rsquo;installation L&rsquo;ensemble de la&hellip;\" \/>\n<meta property=\"og:url\" content=\"https:\/\/wordpress.callac.online\/index.php\/edition-mathematique\/metapost\/gedit-mon-editeur-metapost\/editer-un-fichier-metapost-sous-gedit\/\" \/>\n<meta property=\"og:site_name\" content=\"Maths &amp; Num\u00e9rique\" \/>\n<meta property=\"article:modified_time\" content=\"2023-10-14T18:12:37+00:00\" \/>\n<meta name=\"twitter:card\" content=\"summary_large_image\" \/>\n<meta name=\"twitter:label1\" content=\"Dur\u00e9e de lecture estim\u00e9e\" \/>\n\t<meta name=\"twitter:data1\" content=\"2 minutes\" \/>\n<script type=\"application\/ld+json\" class=\"yoast-schema-graph\">{\"@context\":\"https:\/\/schema.org\",\"@graph\":[{\"@type\":\"WebPage\",\"@id\":\"https:\/\/wordpress.callac.online\/index.php\/edition-mathematique\/metapost\/gedit-mon-editeur-metapost\/editer-un-fichier-metapost-sous-gedit\/\",\"url\":\"https:\/\/wordpress.callac.online\/index.php\/edition-mathematique\/metapost\/gedit-mon-editeur-metapost\/editer-un-fichier-metapost-sous-gedit\/\",\"name\":\"Editer un fichier Metapost sous Gedit - Maths &amp; Num\u00e9rique\",\"isPartOf\":{\"@id\":\"https:\/\/wordpress.callac.online\/#website\"},\"datePublished\":\"2009-07-06T20:27:16+00:00\",\"dateModified\":\"2023-10-14T18:12:37+00:00\",\"breadcrumb\":{\"@id\":\"https:\/\/wordpress.callac.online\/index.php\/edition-mathematique\/metapost\/gedit-mon-editeur-metapost\/editer-un-fichier-metapost-sous-gedit\/#breadcrumb\"},\"inLanguage\":\"fr-FR\",\"potentialAction\":[{\"@type\":\"ReadAction\",\"target\":[\"https:\/\/wordpress.callac.online\/index.php\/edition-mathematique\/metapost\/gedit-mon-editeur-metapost\/editer-un-fichier-metapost-sous-gedit\/\"]}]},{\"@type\":\"BreadcrumbList\",\"@id\":\"https:\/\/wordpress.callac.online\/index.php\/edition-mathematique\/metapost\/gedit-mon-editeur-metapost\/editer-un-fichier-metapost-sous-gedit\/#breadcrumb\",\"itemListElement\":[{\"@type\":\"ListItem\",\"position\":1,\"name\":\"Accueil\",\"item\":\"https:\/\/wordpress.callac.online\/\"},{\"@type\":\"ListItem\",\"position\":2,\"name\":\"\u00c9dition math\u00e9matique\",\"item\":\"https:\/\/wordpress.callac.online\/index.php\/edition-mathematique\/\"},{\"@type\":\"ListItem\",\"position\":3,\"name\":\"Metapost\",\"item\":\"https:\/\/wordpress.callac.online\/index.php\/edition-mathematique\/metapost\/\"},{\"@type\":\"ListItem\",\"position\":4,\"name\":\"Gedit : mon \u00e9diteur Metapost\",\"item\":\"https:\/\/wordpress.callac.online\/index.php\/edition-mathematique\/metapost\/gedit-mon-editeur-metapost\/\"},{\"@type\":\"ListItem\",\"position\":5,\"name\":\"Editer un fichier Metapost sous Gedit\"}]},{\"@type\":\"WebSite\",\"@id\":\"https:\/\/wordpress.callac.online\/#website\",\"url\":\"https:\/\/wordpress.callac.online\/\",\"name\":\"Maths & Num\u00e9rique\",\"description\":\"Des outils pour les enseignants de math\u00e9matiques et de num\u00e9rique\",\"publisher\":{\"@id\":\"https:\/\/wordpress.callac.online\/#\/schema\/person\/04061f1ca2c2c42039142a704be95940\"},\"potentialAction\":[{\"@type\":\"SearchAction\",\"target\":{\"@type\":\"EntryPoint\",\"urlTemplate\":\"https:\/\/wordpress.callac.online\/?s={search_term_string}\"},\"query-input\":{\"@type\":\"PropertyValueSpecification\",\"valueRequired\":true,\"valueName\":\"search_term_string\"}}],\"inLanguage\":\"fr-FR\"},{\"@type\":[\"Person\",\"Organization\"],\"@id\":\"https:\/\/wordpress.callac.online\/#\/schema\/person\/04061f1ca2c2c42039142a704be95940\",\"name\":\"dlefur\",\"image\":{\"@type\":\"ImageObject\",\"inLanguage\":\"fr-FR\",\"@id\":\"https:\/\/wordpress.callac.online\/#\/schema\/person\/image\/\",\"url\":\"https:\/\/secure.gravatar.com\/avatar\/4a9e17be136808c6597f28aa2b6c13126dab066fdc2198ff60090972c9b7fafc?s=96&d=mm&r=g\",\"contentUrl\":\"https:\/\/secure.gravatar.com\/avatar\/4a9e17be136808c6597f28aa2b6c13126dab066fdc2198ff60090972c9b7fafc?s=96&d=mm&r=g\",\"caption\":\"dlefur\"},\"logo\":{\"@id\":\"https:\/\/wordpress.callac.online\/#\/schema\/person\/image\/\"},\"description\":\"Enseignant de math\u00e9matiques Lyc\u00e9e Pasteur S\u00e3o Paulo\",\"sameAs\":[\"http:\/\/wordpress.callac.online\"]}]}<\/script>\n<!-- \/ Yoast SEO plugin. -->","yoast_head_json":{"title":"Editer un fichier Metapost sous Gedit - Maths &amp; Num\u00e9rique","robots":{"index":"index","follow":"follow","max-snippet":"max-snippet:-1","max-image-preview":"max-image-preview:large","max-video-preview":"max-video-preview:-1"},"canonical":"https:\/\/wordpress.callac.online\/index.php\/edition-mathematique\/metapost\/gedit-mon-editeur-metapost\/editer-un-fichier-metapost-sous-gedit\/","og_locale":"fr_FR","og_type":"article","og_title":"Editer un fichier Metapost sous Gedit - Maths &amp; Num\u00e9rique","og_description":"Editer un fichier Metapost se fait facilement en utilisant les extraits de code de Gedit. Je rappelle que j&rsquo;utilise pleinement le fichier geometriesyr16.mp de Christophe Poulain. L&rsquo;installation L&rsquo;ensemble de la&hellip;","og_url":"https:\/\/wordpress.callac.online\/index.php\/edition-mathematique\/metapost\/gedit-mon-editeur-metapost\/editer-un-fichier-metapost-sous-gedit\/","og_site_name":"Maths &amp; Num\u00e9rique","article_modified_time":"2023-10-14T18:12:37+00:00","twitter_card":"summary_large_image","twitter_misc":{"Dur\u00e9e de lecture estim\u00e9e":"2 minutes"},"schema":{"@context":"https:\/\/schema.org","@graph":[{"@type":"WebPage","@id":"https:\/\/wordpress.callac.online\/index.php\/edition-mathematique\/metapost\/gedit-mon-editeur-metapost\/editer-un-fichier-metapost-sous-gedit\/","url":"https:\/\/wordpress.callac.online\/index.php\/edition-mathematique\/metapost\/gedit-mon-editeur-metapost\/editer-un-fichier-metapost-sous-gedit\/","name":"Editer un fichier Metapost sous Gedit - Maths &amp; Num\u00e9rique","isPartOf":{"@id":"https:\/\/wordpress.callac.online\/#website"},"datePublished":"2009-07-06T20:27:16+00:00","dateModified":"2023-10-14T18:12:37+00:00","breadcrumb":{"@id":"https:\/\/wordpress.callac.online\/index.php\/edition-mathematique\/metapost\/gedit-mon-editeur-metapost\/editer-un-fichier-metapost-sous-gedit\/#breadcrumb"},"inLanguage":"fr-FR","potentialAction":[{"@type":"ReadAction","target":["https:\/\/wordpress.callac.online\/index.php\/edition-mathematique\/metapost\/gedit-mon-editeur-metapost\/editer-un-fichier-metapost-sous-gedit\/"]}]},{"@type":"BreadcrumbList","@id":"https:\/\/wordpress.callac.online\/index.php\/edition-mathematique\/metapost\/gedit-mon-editeur-metapost\/editer-un-fichier-metapost-sous-gedit\/#breadcrumb","itemListElement":[{"@type":"ListItem","position":1,"name":"Accueil","item":"https:\/\/wordpress.callac.online\/"},{"@type":"ListItem","position":2,"name":"\u00c9dition math\u00e9matique","item":"https:\/\/wordpress.callac.online\/index.php\/edition-mathematique\/"},{"@type":"ListItem","position":3,"name":"Metapost","item":"https:\/\/wordpress.callac.online\/index.php\/edition-mathematique\/metapost\/"},{"@type":"ListItem","position":4,"name":"Gedit : mon \u00e9diteur Metapost","item":"https:\/\/wordpress.callac.online\/index.php\/edition-mathematique\/metapost\/gedit-mon-editeur-metapost\/"},{"@type":"ListItem","position":5,"name":"Editer un fichier Metapost sous Gedit"}]},{"@type":"WebSite","@id":"https:\/\/wordpress.callac.online\/#website","url":"https:\/\/wordpress.callac.online\/","name":"Maths & Num\u00e9rique","description":"Des outils pour les enseignants de math\u00e9matiques et de num\u00e9rique","publisher":{"@id":"https:\/\/wordpress.callac.online\/#\/schema\/person\/04061f1ca2c2c42039142a704be95940"},"potentialAction":[{"@type":"SearchAction","target":{"@type":"EntryPoint","urlTemplate":"https:\/\/wordpress.callac.online\/?s={search_term_string}"},"query-input":{"@type":"PropertyValueSpecification","valueRequired":true,"valueName":"search_term_string"}}],"inLanguage":"fr-FR"},{"@type":["Person","Organization"],"@id":"https:\/\/wordpress.callac.online\/#\/schema\/person\/04061f1ca2c2c42039142a704be95940","name":"dlefur","image":{"@type":"ImageObject","inLanguage":"fr-FR","@id":"https:\/\/wordpress.callac.online\/#\/schema\/person\/image\/","url":"https:\/\/secure.gravatar.com\/avatar\/4a9e17be136808c6597f28aa2b6c13126dab066fdc2198ff60090972c9b7fafc?s=96&d=mm&r=g","contentUrl":"https:\/\/secure.gravatar.com\/avatar\/4a9e17be136808c6597f28aa2b6c13126dab066fdc2198ff60090972c9b7fafc?s=96&d=mm&r=g","caption":"dlefur"},"logo":{"@id":"https:\/\/wordpress.callac.online\/#\/schema\/person\/image\/"},"description":"Enseignant de math\u00e9matiques Lyc\u00e9e Pasteur S\u00e3o Paulo","sameAs":["http:\/\/wordpress.callac.online"]}]}},"_links":{"self":[{"href":"https:\/\/wordpress.callac.online\/index.php\/wp-json\/wp\/v2\/pages\/215","targetHints":{"allow":["GET"]}}],"collection":[{"href":"https:\/\/wordpress.callac.online\/index.php\/wp-json\/wp\/v2\/pages"}],"about":[{"href":"https:\/\/wordpress.callac.online\/index.php\/wp-json\/wp\/v2\/types\/page"}],"author":[{"embeddable":true,"href":"https:\/\/wordpress.callac.online\/index.php\/wp-json\/wp\/v2\/users\/1"}],"replies":[{"embeddable":true,"href":"https:\/\/wordpress.callac.online\/index.php\/wp-json\/wp\/v2\/comments?post=215"}],"version-history":[{"count":3,"href":"https:\/\/wordpress.callac.online\/index.php\/wp-json\/wp\/v2\/pages\/215\/revisions"}],"predecessor-version":[{"id":2615,"href":"https:\/\/wordpress.callac.online\/index.php\/wp-json\/wp\/v2\/pages\/215\/revisions\/2615"}],"up":[{"embeddable":true,"href":"https:\/\/wordpress.callac.online\/index.php\/wp-json\/wp\/v2\/pages\/2416"}],"wp:attachment":[{"href":"https:\/\/wordpress.callac.online\/index.php\/wp-json\/wp\/v2\/media?parent=215"}],"curies":[{"name":"wp","href":"https:\/\/api.w.org\/{rel}","templated":true}]}}