{"id":216,"date":"2009-08-02T20:57:45","date_gmt":"2009-08-02T18:57:45","guid":{"rendered":"http:\/\/wordpress.callac.online\/index.php\/linstallation-de-mes-outils-pour-metapost-et-latex-avec-gedit\/"},"modified":"2023-10-14T20:12:36","modified_gmt":"2023-10-14T18:12:36","slug":"linstallation-de-mes-outils-pour-metapost-et-latex-avec-gedit","status":"publish","type":"page","link":"https:\/\/wordpress.callac.online\/index.php\/edition-mathematique\/metapost\/gedit-mon-editeur-metapost\/linstallation-de-mes-outils-pour-metapost-et-latex-avec-gedit\/","title":{"rendered":"Configuration de Gedit pour Metapost et LaTeX"},"content":{"rendered":"<h2>Pr\u00e9-requis<\/h2>\n<hr \/>\n<p>&#8211; Avoir install\u00e9 les paquets de la texlive. Ne pas h\u00e9siter par installer la texlive-full pour commencer, quitte \u00e0 enlever ensuite quelques paquets inutiles comme les langues.<br \/>\n&#8211; Avoir install\u00e9 le <a href=\"http:\/\/www-fourier.ujf-grenoble.fr\/~parisse\/install_fr#packages\">logiciel Xcas\/Giac<\/a> de bernard Parisse.<br \/>\n&#8211; Si vous n&rsquo;avez pas de texmf perso, en voici un. Il faut suffit de d\u00e9compresser l&rsquo;archive <a href=\"https:\/\/filedn.com\/lpKG7uY9hIHVel5exA5Ik80\/Wordpress\/%C3%89dition%20math%C3%A9matiques\/texmf.zip\" target=\"_blank\" rel=\"noopener noreferrer\">texmf.zip <\/a> dans votre home et de lancer un petit mktexlsr.<\/p>\n<h2>Installation des outils de compilation et d&rsquo;\u00e9dition<\/h2>\n<hr \/>\n<p>&#8211; T\u00e9l\u00e9charger le fichier <a href=\"https:\/\/filedn.com\/lpKG7uY9hIHVel5exA5Ik80\/Wordpress\/%C3%89dition%20math%C3%A9matiques\/Gedit\/gedit.zip\">gedit.zip<\/a>.<br \/>\n&#8211; Extraire cet archive et en v\u00e9rifier le contenu : snippets et extraits de code. Attention : si vous avez vos propres raccourcis, vous devez supprimer la partie <strong>snippets\/<\/strong> pour qu&rsquo;elle n&rsquo;\u00e9crase pas vos propres fichiers.<br \/>\n&#8211; Recopier le dossier <strong>gedit\/<\/strong> dans le dossier <strong>.config\/<\/strong> situ\u00e9 dans son dossier personnel. Si ce dossier n&rsquo;existe pas encore, le cr\u00e9er.<\/p>\n<h2>Activation des greffons n\u00e9cessaires de Gedit<\/h2>\n<hr \/>\n<p>&#8211; Dans Gedit, aller dans \u00ab\u00a0Edition-&gt; Pr\u00e9f\u00e9rences\u00a0\u00bb<br \/>\n&#8211; Choisir l&rsquo;onglet \u00ab\u00a0Greffons\u00a0\u00bb.<br \/>\n&#8211; Cocher les greffons :<\/p>\n<ul>\n<li>Outils externes<\/li>\n<li>Extraits de code<\/li>\n<\/ul>\n<p>A noter que Gedit dispose d&rsquo;un greffon \u00ab\u00a0LatexPlugin\u00a0\u00bb permettant de faciliter l&rsquo;\u00e9dition et la compilation de documents LaTeX. Libre \u00e0 vous de l&rsquo;installer ou nous. Personnellement, il ne me sert pas et encombre la fen\u00eatre Gedit d&rsquo;une barre d&rsquo;outils suppl\u00e9mentaire.<\/p>\n<h2>Personnalisation de l&rsquo;installation<\/h2>\n<hr \/>\n<p>Apr\u00e8s avoir red\u00e9marr\u00e9 Gedit, vous pourrez d\u00e9sormais acc\u00e9der facilement \u00e0 ces outils pour les modifier si besoin.<\/p>\n<p>Dans le menu \u00ab\u00a0Outils\u00a0\u00bb apparaissent les outils de compilation. Vous pourrez les modifier ou en cr\u00e9er d&rsquo;autres en acc\u00e9dant \u00e0 \u00ab\u00a0Outils-&gt;Outils externes\u00a0\u00bb.<\/p>\n<p>De m\u00eame, dans le menu \u00ab\u00a0Outils-&gt;G\u00e9rer les extraits de code\u00a0\u00bb, vous aurez acc\u00e8s \u00e0 tous les raccourcis d\u00e9j\u00e0 pr\u00e9sents.<\/p>\n<h2>Prise en charge du langage Metapost par Gedit<\/h2>\n<hr \/>\n<p>Metapost n&rsquo;est pas un langage initialement reconnu par Gedit. Cependant, on peut simplement le rajouter. Cela permettra notamment de disposer d&rsquo;une coloration syntaxique.<\/p>\n<p>Les fichiers n\u00e9cessaires sont <a href=\"https:\/\/filedn.com\/lpKG7uY9hIHVel5exA5Ik80\/Wordpress\/%C3%89dition%20math%C3%A9matiques\/Metapost\/Metapost-coloration.zip\">ici<\/a>.<\/p>\n<p>&#8211; Copier le fichier metapost.lang dans le r\u00e9pertoire : ~\/.local\/share\/gtksourceview-4\/language-specs . On cr\u00e9era si besoin ce r\u00e9pertoire.<br \/>\n&#8211; Copier metapost.xml dans le r\u00e9pertoire : ~\/.local\/share\/mime\/packages<br \/>\n&#8211; Ouvrir un terminal et lancer les commandes suivantes :<br \/>\n<code><br \/>\ncd .local\/share\/<br \/>\nupdate-mime-database mime<br \/>\n<\/code><\/p>\n","protected":false},"excerpt":{"rendered":"<p>Pr\u00e9-requis &#8211; Avoir install\u00e9 les paquets de la texlive. Ne pas h\u00e9siter par installer la texlive-full pour commencer, quitte \u00e0 enlever ensuite quelques paquets inutiles comme les langues. &#8211; Avoir&hellip;<\/p>\n","protected":false},"author":1,"featured_media":0,"parent":2416,"menu_order":0,"comment_status":"closed","ping_status":"closed","template":"","meta":{"footnotes":""},"class_list":["post-216","page","type-page","status-publish","hentry"],"yoast_head":"<!-- This site is optimized with the Yoast SEO plugin v27.1.1 - https:\/\/yoast.com\/product\/yoast-seo-wordpress\/ -->\n<title>Configuration de Gedit pour Metapost et LaTeX - Maths &amp; Num\u00e9rique<\/title>\n<meta name=\"robots\" content=\"index, follow, max-snippet:-1, max-image-preview:large, max-video-preview:-1\" \/>\n<link rel=\"canonical\" href=\"https:\/\/wordpress.callac.online\/index.php\/edition-mathematique\/metapost\/gedit-mon-editeur-metapost\/linstallation-de-mes-outils-pour-metapost-et-latex-avec-gedit\/\" \/>\n<meta property=\"og:locale\" content=\"fr_FR\" \/>\n<meta property=\"og:type\" content=\"article\" \/>\n<meta property=\"og:title\" content=\"Configuration de Gedit pour Metapost et LaTeX - Maths &amp; Num\u00e9rique\" \/>\n<meta property=\"og:description\" content=\"Pr\u00e9-requis &#8211; Avoir install\u00e9 les paquets de la texlive. Ne pas h\u00e9siter par installer la texlive-full pour commencer, quitte \u00e0 enlever ensuite quelques paquets inutiles comme les langues. &#8211; Avoir&hellip;\" \/>\n<meta property=\"og:url\" content=\"https:\/\/wordpress.callac.online\/index.php\/edition-mathematique\/metapost\/gedit-mon-editeur-metapost\/linstallation-de-mes-outils-pour-metapost-et-latex-avec-gedit\/\" \/>\n<meta property=\"og:site_name\" content=\"Maths &amp; Num\u00e9rique\" \/>\n<meta property=\"article:modified_time\" content=\"2023-10-14T18:12:36+00:00\" \/>\n<meta name=\"twitter:card\" content=\"summary_large_image\" \/>\n<meta name=\"twitter:label1\" content=\"Dur\u00e9e de lecture estim\u00e9e\" \/>\n\t<meta name=\"twitter:data1\" content=\"2 minutes\" \/>\n<script type=\"application\/ld+json\" class=\"yoast-schema-graph\">{\"@context\":\"https:\/\/schema.org\",\"@graph\":[{\"@type\":\"WebPage\",\"@id\":\"https:\/\/wordpress.callac.online\/index.php\/edition-mathematique\/metapost\/gedit-mon-editeur-metapost\/linstallation-de-mes-outils-pour-metapost-et-latex-avec-gedit\/\",\"url\":\"https:\/\/wordpress.callac.online\/index.php\/edition-mathematique\/metapost\/gedit-mon-editeur-metapost\/linstallation-de-mes-outils-pour-metapost-et-latex-avec-gedit\/\",\"name\":\"Configuration de Gedit pour Metapost et LaTeX - Maths &amp; Num\u00e9rique\",\"isPartOf\":{\"@id\":\"https:\/\/wordpress.callac.online\/#website\"},\"datePublished\":\"2009-08-02T18:57:45+00:00\",\"dateModified\":\"2023-10-14T18:12:36+00:00\",\"breadcrumb\":{\"@id\":\"https:\/\/wordpress.callac.online\/index.php\/edition-mathematique\/metapost\/gedit-mon-editeur-metapost\/linstallation-de-mes-outils-pour-metapost-et-latex-avec-gedit\/#breadcrumb\"},\"inLanguage\":\"fr-FR\",\"potentialAction\":[{\"@type\":\"ReadAction\",\"target\":[\"https:\/\/wordpress.callac.online\/index.php\/edition-mathematique\/metapost\/gedit-mon-editeur-metapost\/linstallation-de-mes-outils-pour-metapost-et-latex-avec-gedit\/\"]}]},{\"@type\":\"BreadcrumbList\",\"@id\":\"https:\/\/wordpress.callac.online\/index.php\/edition-mathematique\/metapost\/gedit-mon-editeur-metapost\/linstallation-de-mes-outils-pour-metapost-et-latex-avec-gedit\/#breadcrumb\",\"itemListElement\":[{\"@type\":\"ListItem\",\"position\":1,\"name\":\"Accueil\",\"item\":\"https:\/\/wordpress.callac.online\/\"},{\"@type\":\"ListItem\",\"position\":2,\"name\":\"\u00c9dition math\u00e9matique\",\"item\":\"https:\/\/wordpress.callac.online\/index.php\/edition-mathematique\/\"},{\"@type\":\"ListItem\",\"position\":3,\"name\":\"Metapost\",\"item\":\"https:\/\/wordpress.callac.online\/index.php\/edition-mathematique\/metapost\/\"},{\"@type\":\"ListItem\",\"position\":4,\"name\":\"Gedit : mon \u00e9diteur Metapost\",\"item\":\"https:\/\/wordpress.callac.online\/index.php\/edition-mathematique\/metapost\/gedit-mon-editeur-metapost\/\"},{\"@type\":\"ListItem\",\"position\":5,\"name\":\"Configuration de Gedit pour Metapost et LaTeX\"}]},{\"@type\":\"WebSite\",\"@id\":\"https:\/\/wordpress.callac.online\/#website\",\"url\":\"https:\/\/wordpress.callac.online\/\",\"name\":\"Maths & Num\u00e9rique\",\"description\":\"Des outils pour les enseignants de math\u00e9matiques et de num\u00e9rique\",\"publisher\":{\"@id\":\"https:\/\/wordpress.callac.online\/#\/schema\/person\/04061f1ca2c2c42039142a704be95940\"},\"potentialAction\":[{\"@type\":\"SearchAction\",\"target\":{\"@type\":\"EntryPoint\",\"urlTemplate\":\"https:\/\/wordpress.callac.online\/?s={search_term_string}\"},\"query-input\":{\"@type\":\"PropertyValueSpecification\",\"valueRequired\":true,\"valueName\":\"search_term_string\"}}],\"inLanguage\":\"fr-FR\"},{\"@type\":[\"Person\",\"Organization\"],\"@id\":\"https:\/\/wordpress.callac.online\/#\/schema\/person\/04061f1ca2c2c42039142a704be95940\",\"name\":\"dlefur\",\"image\":{\"@type\":\"ImageObject\",\"inLanguage\":\"fr-FR\",\"@id\":\"https:\/\/wordpress.callac.online\/#\/schema\/person\/image\/\",\"url\":\"https:\/\/secure.gravatar.com\/avatar\/4a9e17be136808c6597f28aa2b6c13126dab066fdc2198ff60090972c9b7fafc?s=96&d=mm&r=g\",\"contentUrl\":\"https:\/\/secure.gravatar.com\/avatar\/4a9e17be136808c6597f28aa2b6c13126dab066fdc2198ff60090972c9b7fafc?s=96&d=mm&r=g\",\"caption\":\"dlefur\"},\"logo\":{\"@id\":\"https:\/\/wordpress.callac.online\/#\/schema\/person\/image\/\"},\"description\":\"Enseignant de math\u00e9matiques Lyc\u00e9e Pasteur S\u00e3o Paulo\",\"sameAs\":[\"http:\/\/wordpress.callac.online\"]}]}<\/script>\n<!-- \/ Yoast SEO plugin. -->","yoast_head_json":{"title":"Configuration de Gedit pour Metapost et LaTeX - Maths &amp; Num\u00e9rique","robots":{"index":"index","follow":"follow","max-snippet":"max-snippet:-1","max-image-preview":"max-image-preview:large","max-video-preview":"max-video-preview:-1"},"canonical":"https:\/\/wordpress.callac.online\/index.php\/edition-mathematique\/metapost\/gedit-mon-editeur-metapost\/linstallation-de-mes-outils-pour-metapost-et-latex-avec-gedit\/","og_locale":"fr_FR","og_type":"article","og_title":"Configuration de Gedit pour Metapost et LaTeX - Maths &amp; Num\u00e9rique","og_description":"Pr\u00e9-requis &#8211; Avoir install\u00e9 les paquets de la texlive. Ne pas h\u00e9siter par installer la texlive-full pour commencer, quitte \u00e0 enlever ensuite quelques paquets inutiles comme les langues. &#8211; Avoir&hellip;","og_url":"https:\/\/wordpress.callac.online\/index.php\/edition-mathematique\/metapost\/gedit-mon-editeur-metapost\/linstallation-de-mes-outils-pour-metapost-et-latex-avec-gedit\/","og_site_name":"Maths &amp; Num\u00e9rique","article_modified_time":"2023-10-14T18:12:36+00:00","twitter_card":"summary_large_image","twitter_misc":{"Dur\u00e9e de lecture estim\u00e9e":"2 minutes"},"schema":{"@context":"https:\/\/schema.org","@graph":[{"@type":"WebPage","@id":"https:\/\/wordpress.callac.online\/index.php\/edition-mathematique\/metapost\/gedit-mon-editeur-metapost\/linstallation-de-mes-outils-pour-metapost-et-latex-avec-gedit\/","url":"https:\/\/wordpress.callac.online\/index.php\/edition-mathematique\/metapost\/gedit-mon-editeur-metapost\/linstallation-de-mes-outils-pour-metapost-et-latex-avec-gedit\/","name":"Configuration de Gedit pour Metapost et LaTeX - Maths &amp; Num\u00e9rique","isPartOf":{"@id":"https:\/\/wordpress.callac.online\/#website"},"datePublished":"2009-08-02T18:57:45+00:00","dateModified":"2023-10-14T18:12:36+00:00","breadcrumb":{"@id":"https:\/\/wordpress.callac.online\/index.php\/edition-mathematique\/metapost\/gedit-mon-editeur-metapost\/linstallation-de-mes-outils-pour-metapost-et-latex-avec-gedit\/#breadcrumb"},"inLanguage":"fr-FR","potentialAction":[{"@type":"ReadAction","target":["https:\/\/wordpress.callac.online\/index.php\/edition-mathematique\/metapost\/gedit-mon-editeur-metapost\/linstallation-de-mes-outils-pour-metapost-et-latex-avec-gedit\/"]}]},{"@type":"BreadcrumbList","@id":"https:\/\/wordpress.callac.online\/index.php\/edition-mathematique\/metapost\/gedit-mon-editeur-metapost\/linstallation-de-mes-outils-pour-metapost-et-latex-avec-gedit\/#breadcrumb","itemListElement":[{"@type":"ListItem","position":1,"name":"Accueil","item":"https:\/\/wordpress.callac.online\/"},{"@type":"ListItem","position":2,"name":"\u00c9dition math\u00e9matique","item":"https:\/\/wordpress.callac.online\/index.php\/edition-mathematique\/"},{"@type":"ListItem","position":3,"name":"Metapost","item":"https:\/\/wordpress.callac.online\/index.php\/edition-mathematique\/metapost\/"},{"@type":"ListItem","position":4,"name":"Gedit : mon \u00e9diteur Metapost","item":"https:\/\/wordpress.callac.online\/index.php\/edition-mathematique\/metapost\/gedit-mon-editeur-metapost\/"},{"@type":"ListItem","position":5,"name":"Configuration de Gedit pour Metapost et LaTeX"}]},{"@type":"WebSite","@id":"https:\/\/wordpress.callac.online\/#website","url":"https:\/\/wordpress.callac.online\/","name":"Maths & Num\u00e9rique","description":"Des outils pour les enseignants de math\u00e9matiques et de num\u00e9rique","publisher":{"@id":"https:\/\/wordpress.callac.online\/#\/schema\/person\/04061f1ca2c2c42039142a704be95940"},"potentialAction":[{"@type":"SearchAction","target":{"@type":"EntryPoint","urlTemplate":"https:\/\/wordpress.callac.online\/?s={search_term_string}"},"query-input":{"@type":"PropertyValueSpecification","valueRequired":true,"valueName":"search_term_string"}}],"inLanguage":"fr-FR"},{"@type":["Person","Organization"],"@id":"https:\/\/wordpress.callac.online\/#\/schema\/person\/04061f1ca2c2c42039142a704be95940","name":"dlefur","image":{"@type":"ImageObject","inLanguage":"fr-FR","@id":"https:\/\/wordpress.callac.online\/#\/schema\/person\/image\/","url":"https:\/\/secure.gravatar.com\/avatar\/4a9e17be136808c6597f28aa2b6c13126dab066fdc2198ff60090972c9b7fafc?s=96&d=mm&r=g","contentUrl":"https:\/\/secure.gravatar.com\/avatar\/4a9e17be136808c6597f28aa2b6c13126dab066fdc2198ff60090972c9b7fafc?s=96&d=mm&r=g","caption":"dlefur"},"logo":{"@id":"https:\/\/wordpress.callac.online\/#\/schema\/person\/image\/"},"description":"Enseignant de math\u00e9matiques Lyc\u00e9e Pasteur S\u00e3o Paulo","sameAs":["http:\/\/wordpress.callac.online"]}]}},"_links":{"self":[{"href":"https:\/\/wordpress.callac.online\/index.php\/wp-json\/wp\/v2\/pages\/216","targetHints":{"allow":["GET"]}}],"collection":[{"href":"https:\/\/wordpress.callac.online\/index.php\/wp-json\/wp\/v2\/pages"}],"about":[{"href":"https:\/\/wordpress.callac.online\/index.php\/wp-json\/wp\/v2\/types\/page"}],"author":[{"embeddable":true,"href":"https:\/\/wordpress.callac.online\/index.php\/wp-json\/wp\/v2\/users\/1"}],"replies":[{"embeddable":true,"href":"https:\/\/wordpress.callac.online\/index.php\/wp-json\/wp\/v2\/comments?post=216"}],"version-history":[{"count":6,"href":"https:\/\/wordpress.callac.online\/index.php\/wp-json\/wp\/v2\/pages\/216\/revisions"}],"predecessor-version":[{"id":2925,"href":"https:\/\/wordpress.callac.online\/index.php\/wp-json\/wp\/v2\/pages\/216\/revisions\/2925"}],"up":[{"embeddable":true,"href":"https:\/\/wordpress.callac.online\/index.php\/wp-json\/wp\/v2\/pages\/2416"}],"wp:attachment":[{"href":"https:\/\/wordpress.callac.online\/index.php\/wp-json\/wp\/v2\/media?parent=216"}],"curies":[{"name":"wp","href":"https:\/\/api.w.org\/{rel}","templated":true}]}}