{"id":217,"date":"2009-10-02T11:36:32","date_gmt":"2009-10-02T09:36:32","guid":{"rendered":"http:\/\/wordpress.callac.online\/index.php\/une-petite-base-de-qcm\/"},"modified":"2023-10-14T20:12:01","modified_gmt":"2023-10-14T18:12:01","slug":"une-petite-base-de-qcm","status":"publish","type":"page","link":"https:\/\/wordpress.callac.online\/index.php\/mes-partages\/pour-le-lycee\/une-petite-base-de-qcm\/","title":{"rendered":"Une petite base de QCM"},"content":{"rendered":"<p>Vous trouverez dans cet article une petite base de QCM portant sur des notions divers du programme de lyc\u00e9e (voire de coll\u00e8ge).<\/p>\n<h2>Des QCM br\u00e9siliens<\/h2>\n<hr \/>\n<p>Ces QCM ne sont pas tir\u00e9s de nos programmes fran\u00e7ais mais des programmes br\u00e9siliens. En effet, les universit\u00e9s br\u00e9siliennes r\u00e9alisent une s\u00e9lection \u00e0 l&rsquo;entr\u00e9e, appel\u00e9e <strong>Vestibular<\/strong>. Celle-ci se passe g\u00e9n\u00e9ralement en deux \u00e9tapes dont une premi\u00e8re de QCM.<\/p>\n<p>C&rsquo;est pourquoi, ces QCM ne sont pas fait pour valider des acquis mais pour s\u00e9lectionner des \u00e9l\u00e8ves !<\/p>\n<p>De plus, contrairement au syst\u00e8me fran\u00e7ais, les calculatrices sont interdites dans tout l&rsquo;enseignement secondaire, ce qui change les types de questions.<\/p>\n<p>Enfin, concernant le contenu des programmes, deux diff\u00e9rences de taille :<br \/>\n&#8211; pas de vecteurs ;<br \/>\n&#8211; pas de d\u00e9rivation \/ int\u00e9gration.<\/p>\n<p>Par contre, les matrices sont au programme.<\/p>\n<h2>Quelques remarques sur cette base<\/h2>\n<hr \/>\n<p>Les QCM proviennent du Vestibular de l&rsquo;Universit\u00e9 de S\u00e3o Paulo. Cet examen est appel\u00e9 la <a href=\"http:\/\/www.fuvest.br\/index.html\">Fuvest<\/a>. Cette universit\u00e9 est g\u00e9n\u00e9raliste, ce qui justifie des QCM d&rsquo;un niveau accessible.<\/p>\n<p>Pour ceux qui seraient int\u00e9ress\u00e9s par des QCM de plus haut niveau de difficult\u00e9, voici ceux de l&rsquo;<a href=\"http:\/\/www.ita.br\/vestibular\/\">institut a\u00e9ronautique<\/a>. La lecture en portugais vous fera le plus grand bien !!!<\/p>\n<p>Le classement a \u00e9t\u00e9 difficile et les titres des fichiers sont plus ou moins explicites. je m&rsquo;en excuse &#8230;<\/p>\n<p>Certains fichiers sont presque vides. Mais c&rsquo;est pour montrer la place des notions dans les concours.<\/p>\n<p>Enfin, si les formulations sont parfois surprenantes, c&rsquo;est que je ne suis pas un traducteur hors pair &#8230;<\/p>\n<h2>Les liens<\/h2>\n<hr \/>\n<p>Voici les fichiers en PDF: <a href=\"http:\/\/download.tuxfamily.org\/mathsp\/Vestibular\/QCM-PDF\/\">http:\/\/download.tuxfamily.org\/mathsp\/Vestibular\/QCM-PDF\/<\/a><\/p>\n<p>Voici les sources : <a href=\"http:\/\/download.tuxfamily.org\/mathsp\/Vestibular\/Vestibular.tar.gz\">http:\/\/download.tuxfamily.org\/mathsp\/Vestibular\/Vestibular.tar.gz<\/a><\/p>\n","protected":false},"excerpt":{"rendered":"<p>Vous trouverez dans cet article une petite base de QCM portant sur des notions divers du programme de lyc\u00e9e (voire de coll\u00e8ge). Des QCM br\u00e9siliens Ces QCM ne sont pas&hellip;<\/p>\n","protected":false},"author":1,"featured_media":0,"parent":2651,"menu_order":3,"comment_status":"closed","ping_status":"closed","template":"","meta":{"footnotes":""},"class_list":["post-217","page","type-page","status-publish","hentry"],"yoast_head":"<!-- This site is optimized with the Yoast SEO plugin v27.1.1 - https:\/\/yoast.com\/product\/yoast-seo-wordpress\/ -->\n<title>Une petite base de QCM - Maths &amp; Num\u00e9rique<\/title>\n<meta name=\"robots\" content=\"index, follow, max-snippet:-1, max-image-preview:large, max-video-preview:-1\" \/>\n<link rel=\"canonical\" href=\"https:\/\/wordpress.callac.online\/index.php\/mes-partages\/pour-le-lycee\/une-petite-base-de-qcm\/\" \/>\n<meta property=\"og:locale\" content=\"fr_FR\" \/>\n<meta property=\"og:type\" content=\"article\" \/>\n<meta property=\"og:title\" content=\"Une petite base de QCM - Maths &amp; Num\u00e9rique\" \/>\n<meta property=\"og:description\" content=\"Vous trouverez dans cet article une petite base de QCM portant sur des notions divers du programme de lyc\u00e9e (voire de coll\u00e8ge). Des QCM br\u00e9siliens Ces QCM ne sont pas&hellip;\" \/>\n<meta property=\"og:url\" content=\"https:\/\/wordpress.callac.online\/index.php\/mes-partages\/pour-le-lycee\/une-petite-base-de-qcm\/\" \/>\n<meta property=\"og:site_name\" content=\"Maths &amp; Num\u00e9rique\" \/>\n<meta property=\"article:modified_time\" content=\"2023-10-14T18:12:01+00:00\" \/>\n<meta name=\"twitter:card\" content=\"summary_large_image\" \/>\n<meta name=\"twitter:label1\" content=\"Dur\u00e9e de lecture estim\u00e9e\" \/>\n\t<meta name=\"twitter:data1\" content=\"1 minute\" \/>\n<script type=\"application\/ld+json\" class=\"yoast-schema-graph\">{\"@context\":\"https:\/\/schema.org\",\"@graph\":[{\"@type\":\"WebPage\",\"@id\":\"https:\/\/wordpress.callac.online\/index.php\/mes-partages\/pour-le-lycee\/une-petite-base-de-qcm\/\",\"url\":\"https:\/\/wordpress.callac.online\/index.php\/mes-partages\/pour-le-lycee\/une-petite-base-de-qcm\/\",\"name\":\"Une petite base de QCM - Maths &amp; Num\u00e9rique\",\"isPartOf\":{\"@id\":\"https:\/\/wordpress.callac.online\/#website\"},\"datePublished\":\"2009-10-02T09:36:32+00:00\",\"dateModified\":\"2023-10-14T18:12:01+00:00\",\"breadcrumb\":{\"@id\":\"https:\/\/wordpress.callac.online\/index.php\/mes-partages\/pour-le-lycee\/une-petite-base-de-qcm\/#breadcrumb\"},\"inLanguage\":\"fr-FR\",\"potentialAction\":[{\"@type\":\"ReadAction\",\"target\":[\"https:\/\/wordpress.callac.online\/index.php\/mes-partages\/pour-le-lycee\/une-petite-base-de-qcm\/\"]}]},{\"@type\":\"BreadcrumbList\",\"@id\":\"https:\/\/wordpress.callac.online\/index.php\/mes-partages\/pour-le-lycee\/une-petite-base-de-qcm\/#breadcrumb\",\"itemListElement\":[{\"@type\":\"ListItem\",\"position\":1,\"name\":\"Accueil\",\"item\":\"https:\/\/wordpress.callac.online\/\"},{\"@type\":\"ListItem\",\"position\":2,\"name\":\"Mes partages\",\"item\":\"https:\/\/wordpress.callac.online\/index.php\/mes-partages\/\"},{\"@type\":\"ListItem\",\"position\":3,\"name\":\"Pour le lyc\u00e9e\",\"item\":\"https:\/\/wordpress.callac.online\/index.php\/mes-partages\/pour-le-lycee\/\"},{\"@type\":\"ListItem\",\"position\":4,\"name\":\"Une petite base de QCM\"}]},{\"@type\":\"WebSite\",\"@id\":\"https:\/\/wordpress.callac.online\/#website\",\"url\":\"https:\/\/wordpress.callac.online\/\",\"name\":\"Maths & Num\u00e9rique\",\"description\":\"Des outils pour les enseignants de math\u00e9matiques et de num\u00e9rique\",\"publisher\":{\"@id\":\"https:\/\/wordpress.callac.online\/#\/schema\/person\/04061f1ca2c2c42039142a704be95940\"},\"potentialAction\":[{\"@type\":\"SearchAction\",\"target\":{\"@type\":\"EntryPoint\",\"urlTemplate\":\"https:\/\/wordpress.callac.online\/?s={search_term_string}\"},\"query-input\":{\"@type\":\"PropertyValueSpecification\",\"valueRequired\":true,\"valueName\":\"search_term_string\"}}],\"inLanguage\":\"fr-FR\"},{\"@type\":[\"Person\",\"Organization\"],\"@id\":\"https:\/\/wordpress.callac.online\/#\/schema\/person\/04061f1ca2c2c42039142a704be95940\",\"name\":\"dlefur\",\"image\":{\"@type\":\"ImageObject\",\"inLanguage\":\"fr-FR\",\"@id\":\"https:\/\/wordpress.callac.online\/#\/schema\/person\/image\/\",\"url\":\"https:\/\/secure.gravatar.com\/avatar\/4a9e17be136808c6597f28aa2b6c13126dab066fdc2198ff60090972c9b7fafc?s=96&d=mm&r=g\",\"contentUrl\":\"https:\/\/secure.gravatar.com\/avatar\/4a9e17be136808c6597f28aa2b6c13126dab066fdc2198ff60090972c9b7fafc?s=96&d=mm&r=g\",\"caption\":\"dlefur\"},\"logo\":{\"@id\":\"https:\/\/wordpress.callac.online\/#\/schema\/person\/image\/\"},\"description\":\"Enseignant de math\u00e9matiques Lyc\u00e9e Pasteur S\u00e3o Paulo\",\"sameAs\":[\"http:\/\/wordpress.callac.online\"]}]}<\/script>\n<!-- \/ Yoast SEO plugin. -->","yoast_head_json":{"title":"Une petite base de QCM - Maths &amp; Num\u00e9rique","robots":{"index":"index","follow":"follow","max-snippet":"max-snippet:-1","max-image-preview":"max-image-preview:large","max-video-preview":"max-video-preview:-1"},"canonical":"https:\/\/wordpress.callac.online\/index.php\/mes-partages\/pour-le-lycee\/une-petite-base-de-qcm\/","og_locale":"fr_FR","og_type":"article","og_title":"Une petite base de QCM - Maths &amp; Num\u00e9rique","og_description":"Vous trouverez dans cet article une petite base de QCM portant sur des notions divers du programme de lyc\u00e9e (voire de coll\u00e8ge). Des QCM br\u00e9siliens Ces QCM ne sont pas&hellip;","og_url":"https:\/\/wordpress.callac.online\/index.php\/mes-partages\/pour-le-lycee\/une-petite-base-de-qcm\/","og_site_name":"Maths &amp; Num\u00e9rique","article_modified_time":"2023-10-14T18:12:01+00:00","twitter_card":"summary_large_image","twitter_misc":{"Dur\u00e9e de lecture estim\u00e9e":"1 minute"},"schema":{"@context":"https:\/\/schema.org","@graph":[{"@type":"WebPage","@id":"https:\/\/wordpress.callac.online\/index.php\/mes-partages\/pour-le-lycee\/une-petite-base-de-qcm\/","url":"https:\/\/wordpress.callac.online\/index.php\/mes-partages\/pour-le-lycee\/une-petite-base-de-qcm\/","name":"Une petite base de QCM - Maths &amp; Num\u00e9rique","isPartOf":{"@id":"https:\/\/wordpress.callac.online\/#website"},"datePublished":"2009-10-02T09:36:32+00:00","dateModified":"2023-10-14T18:12:01+00:00","breadcrumb":{"@id":"https:\/\/wordpress.callac.online\/index.php\/mes-partages\/pour-le-lycee\/une-petite-base-de-qcm\/#breadcrumb"},"inLanguage":"fr-FR","potentialAction":[{"@type":"ReadAction","target":["https:\/\/wordpress.callac.online\/index.php\/mes-partages\/pour-le-lycee\/une-petite-base-de-qcm\/"]}]},{"@type":"BreadcrumbList","@id":"https:\/\/wordpress.callac.online\/index.php\/mes-partages\/pour-le-lycee\/une-petite-base-de-qcm\/#breadcrumb","itemListElement":[{"@type":"ListItem","position":1,"name":"Accueil","item":"https:\/\/wordpress.callac.online\/"},{"@type":"ListItem","position":2,"name":"Mes partages","item":"https:\/\/wordpress.callac.online\/index.php\/mes-partages\/"},{"@type":"ListItem","position":3,"name":"Pour le lyc\u00e9e","item":"https:\/\/wordpress.callac.online\/index.php\/mes-partages\/pour-le-lycee\/"},{"@type":"ListItem","position":4,"name":"Une petite base de QCM"}]},{"@type":"WebSite","@id":"https:\/\/wordpress.callac.online\/#website","url":"https:\/\/wordpress.callac.online\/","name":"Maths & Num\u00e9rique","description":"Des outils pour les enseignants de math\u00e9matiques et de num\u00e9rique","publisher":{"@id":"https:\/\/wordpress.callac.online\/#\/schema\/person\/04061f1ca2c2c42039142a704be95940"},"potentialAction":[{"@type":"SearchAction","target":{"@type":"EntryPoint","urlTemplate":"https:\/\/wordpress.callac.online\/?s={search_term_string}"},"query-input":{"@type":"PropertyValueSpecification","valueRequired":true,"valueName":"search_term_string"}}],"inLanguage":"fr-FR"},{"@type":["Person","Organization"],"@id":"https:\/\/wordpress.callac.online\/#\/schema\/person\/04061f1ca2c2c42039142a704be95940","name":"dlefur","image":{"@type":"ImageObject","inLanguage":"fr-FR","@id":"https:\/\/wordpress.callac.online\/#\/schema\/person\/image\/","url":"https:\/\/secure.gravatar.com\/avatar\/4a9e17be136808c6597f28aa2b6c13126dab066fdc2198ff60090972c9b7fafc?s=96&d=mm&r=g","contentUrl":"https:\/\/secure.gravatar.com\/avatar\/4a9e17be136808c6597f28aa2b6c13126dab066fdc2198ff60090972c9b7fafc?s=96&d=mm&r=g","caption":"dlefur"},"logo":{"@id":"https:\/\/wordpress.callac.online\/#\/schema\/person\/image\/"},"description":"Enseignant de math\u00e9matiques Lyc\u00e9e Pasteur S\u00e3o Paulo","sameAs":["http:\/\/wordpress.callac.online"]}]}},"_links":{"self":[{"href":"https:\/\/wordpress.callac.online\/index.php\/wp-json\/wp\/v2\/pages\/217","targetHints":{"allow":["GET"]}}],"collection":[{"href":"https:\/\/wordpress.callac.online\/index.php\/wp-json\/wp\/v2\/pages"}],"about":[{"href":"https:\/\/wordpress.callac.online\/index.php\/wp-json\/wp\/v2\/types\/page"}],"author":[{"embeddable":true,"href":"https:\/\/wordpress.callac.online\/index.php\/wp-json\/wp\/v2\/users\/1"}],"replies":[{"embeddable":true,"href":"https:\/\/wordpress.callac.online\/index.php\/wp-json\/wp\/v2\/comments?post=217"}],"version-history":[{"count":1,"href":"https:\/\/wordpress.callac.online\/index.php\/wp-json\/wp\/v2\/pages\/217\/revisions"}],"predecessor-version":[{"id":1619,"href":"https:\/\/wordpress.callac.online\/index.php\/wp-json\/wp\/v2\/pages\/217\/revisions\/1619"}],"up":[{"embeddable":true,"href":"https:\/\/wordpress.callac.online\/index.php\/wp-json\/wp\/v2\/pages\/2651"}],"wp:attachment":[{"href":"https:\/\/wordpress.callac.online\/index.php\/wp-json\/wp\/v2\/media?parent=217"}],"curies":[{"name":"wp","href":"https:\/\/api.w.org\/{rel}","templated":true}]}}