{"id":218,"date":"2009-10-28T23:45:39","date_gmt":"2009-10-28T22:45:39","guid":{"rendered":"http:\/\/wordpress.callac.online\/index.php\/professor-et-asymptote\/"},"modified":"2023-10-14T20:12:17","modified_gmt":"2023-10-14T18:12:17","slug":"professor-et-asymptote","status":"publish","type":"page","link":"https:\/\/wordpress.callac.online\/index.php\/edition-mathematique\/professor\/generalites-sur-professor-sty\/professor-et-asymptote\/","title":{"rendered":"Professor et Asymptote"},"content":{"rendered":"<p>Les outils Professor ont \u00e9t\u00e9 con\u00e7us pour produire des graphiques \u00e0 l&rsquo;aide de Metapost.<\/p>\n<p>Cependant, pour \u00e9liminer certains probl\u00e8mes de calculs inh\u00e9rents \u00e0 Metapost , je viens de rajouter une seconde version de certains fichiers utilisant le langage <a href=\"http:\/\/asymptote.sourceforge.net\/\">Asymptote<\/a>.<\/p>\n<p>Voici la liste des fichiers :<br \/>\n&#8211; pro-asy-courbes<br \/>\n&#8211; pro-asy-suites<br \/>\n&#8211; pro-asy-probas<br \/>\n&#8211; pro-asy-graphes<br \/>\n&#8211; pro-asy-1varstat<br \/>\n&#8211; pro-asy-2vartsat<br \/>\n&#8211; pro-asy-statdiv<\/p>\n<p>Les environnements fonctionnent exactement de la m\u00eame fa\u00e7on que les fichiers initiaux.<\/p>\n<p>Ainsi, les positions des labels pourront \u00eatre donn\u00e9es au format Metapost (rt,urt, &#8230;) ou au format Asymptote (E,NE,&#8230;) dans cette seconde version.<\/p>\n<p>Chaque environnement \u00ab\u00a0envi\u00a0\u00bb cr\u00e9e un fichier source <em>nomfichier_envi i.asy<\/em>, puis un fichier image :<br \/>\n&#8211; <em>nomfichier_envi i.pdf<\/em> pour une compilation avec pdflatex ;<br \/>\n&#8211; <em>nomfichier_envi i.eps<\/em> pour une compilation avec latex+dvips ;<\/p>\n<p>A noter que les accents dans les textes doivent \u00eatre pass\u00e9s comme dans l&rsquo;exemple suivant :<br \/>\n<code><br \/>\n[\"titre-centre\",\"D@'eriv@'es\"]<br \/>\n<\/code><\/p>\n<h2>L&rsquo;installation<\/h2>\n<hr \/>\n<p>En plus de <a href=\"http:\/\/wordpress.callac.online\/index.php\/edition-mathematique\/professor\/generalites-sur-professor-sty\/linstallation\/\">l&rsquo;installation habituelle<\/a>, il faut rajouter dans le dossier courant le r\u00e9pertoire .asy le contenu de l&rsquo;archive <a href=\"https:\/\/filedn.com\/lpKG7uY9hIHVel5exA5Ik80\/Wordpress\/%C3%89dition%20math%C3%A9matiques\/Professor\/dlf_asy.zip\">dlf_asy.zip<\/a>.<\/p>\n<p>NB : le code produit est loin d&rsquo;\u00eatre optimal pour Asymptote. Il n&rsquo;utilise pas par exemple les fonctionnalit\u00e9s offertes par Asymptote sur les trac\u00e9s de courbes ou de grilles. C&rsquo;est pour l&rsquo;instant une traduction Asymptote des fichiers Metapost initialement produits.<\/p>\n<hr \/>\n<p>PS : un grand merci \u00e0 <a href=\"http:\/\/www.marris.org\/asymptote\/index.html\">Gaetan Marris<\/a> et <a href=\"http:\/\/www.piprime.fr\/asymptote\/\">Philippe Ivaldi<\/a> pour leurs travaux sur <a href=\"http:\/\/asymptote.sourceforge.net\/\">Asymptote<\/a>.<\/p>\n","protected":false},"excerpt":{"rendered":"<p>Les outils Professor ont \u00e9t\u00e9 con\u00e7us pour produire des graphiques \u00e0 l&rsquo;aide de Metapost. Cependant, pour \u00e9liminer certains probl\u00e8mes de calculs inh\u00e9rents \u00e0 Metapost , je viens de rajouter une&hellip;<\/p>\n","protected":false},"author":1,"featured_media":0,"parent":2251,"menu_order":2,"comment_status":"closed","ping_status":"closed","template":"","meta":{"footnotes":""},"class_list":["post-218","page","type-page","status-publish","hentry"],"yoast_head":"<!-- This site is optimized with the Yoast SEO plugin v27.1.1 - https:\/\/yoast.com\/product\/yoast-seo-wordpress\/ -->\n<title>Professor et Asymptote - Maths &amp; Num\u00e9rique<\/title>\n<meta name=\"robots\" content=\"index, follow, max-snippet:-1, max-image-preview:large, max-video-preview:-1\" \/>\n<link rel=\"canonical\" href=\"https:\/\/wordpress.callac.online\/index.php\/edition-mathematique\/professor\/generalites-sur-professor-sty\/professor-et-asymptote\/\" \/>\n<meta property=\"og:locale\" content=\"fr_FR\" \/>\n<meta property=\"og:type\" content=\"article\" \/>\n<meta property=\"og:title\" content=\"Professor et Asymptote - Maths &amp; Num\u00e9rique\" \/>\n<meta property=\"og:description\" content=\"Les outils Professor ont \u00e9t\u00e9 con\u00e7us pour produire des graphiques \u00e0 l&rsquo;aide de Metapost. Cependant, pour \u00e9liminer certains probl\u00e8mes de calculs inh\u00e9rents \u00e0 Metapost , je viens de rajouter une&hellip;\" \/>\n<meta property=\"og:url\" content=\"https:\/\/wordpress.callac.online\/index.php\/edition-mathematique\/professor\/generalites-sur-professor-sty\/professor-et-asymptote\/\" \/>\n<meta property=\"og:site_name\" content=\"Maths &amp; Num\u00e9rique\" \/>\n<meta property=\"article:modified_time\" content=\"2023-10-14T18:12:17+00:00\" \/>\n<meta name=\"twitter:card\" content=\"summary_large_image\" \/>\n<meta name=\"twitter:label1\" content=\"Dur\u00e9e de lecture estim\u00e9e\" \/>\n\t<meta name=\"twitter:data1\" content=\"1 minute\" \/>\n<script type=\"application\/ld+json\" class=\"yoast-schema-graph\">{\"@context\":\"https:\/\/schema.org\",\"@graph\":[{\"@type\":\"WebPage\",\"@id\":\"https:\/\/wordpress.callac.online\/index.php\/edition-mathematique\/professor\/generalites-sur-professor-sty\/professor-et-asymptote\/\",\"url\":\"https:\/\/wordpress.callac.online\/index.php\/edition-mathematique\/professor\/generalites-sur-professor-sty\/professor-et-asymptote\/\",\"name\":\"Professor et Asymptote - Maths &amp; Num\u00e9rique\",\"isPartOf\":{\"@id\":\"https:\/\/wordpress.callac.online\/#website\"},\"datePublished\":\"2009-10-28T22:45:39+00:00\",\"dateModified\":\"2023-10-14T18:12:17+00:00\",\"breadcrumb\":{\"@id\":\"https:\/\/wordpress.callac.online\/index.php\/edition-mathematique\/professor\/generalites-sur-professor-sty\/professor-et-asymptote\/#breadcrumb\"},\"inLanguage\":\"fr-FR\",\"potentialAction\":[{\"@type\":\"ReadAction\",\"target\":[\"https:\/\/wordpress.callac.online\/index.php\/edition-mathematique\/professor\/generalites-sur-professor-sty\/professor-et-asymptote\/\"]}]},{\"@type\":\"BreadcrumbList\",\"@id\":\"https:\/\/wordpress.callac.online\/index.php\/edition-mathematique\/professor\/generalites-sur-professor-sty\/professor-et-asymptote\/#breadcrumb\",\"itemListElement\":[{\"@type\":\"ListItem\",\"position\":1,\"name\":\"Accueil\",\"item\":\"https:\/\/wordpress.callac.online\/\"},{\"@type\":\"ListItem\",\"position\":2,\"name\":\"\u00c9dition math\u00e9matique\",\"item\":\"https:\/\/wordpress.callac.online\/index.php\/edition-mathematique\/\"},{\"@type\":\"ListItem\",\"position\":3,\"name\":\"Professor\",\"item\":\"https:\/\/wordpress.callac.online\/index.php\/edition-mathematique\/professor\/\"},{\"@type\":\"ListItem\",\"position\":4,\"name\":\"G\u00e9n\u00e9ralit\u00e9s sur Professor.sty\",\"item\":\"https:\/\/wordpress.callac.online\/index.php\/edition-mathematique\/professor\/generalites-sur-professor-sty\/\"},{\"@type\":\"ListItem\",\"position\":5,\"name\":\"Professor et Asymptote\"}]},{\"@type\":\"WebSite\",\"@id\":\"https:\/\/wordpress.callac.online\/#website\",\"url\":\"https:\/\/wordpress.callac.online\/\",\"name\":\"Maths & Num\u00e9rique\",\"description\":\"Des outils pour les enseignants de math\u00e9matiques et de num\u00e9rique\",\"publisher\":{\"@id\":\"https:\/\/wordpress.callac.online\/#\/schema\/person\/04061f1ca2c2c42039142a704be95940\"},\"potentialAction\":[{\"@type\":\"SearchAction\",\"target\":{\"@type\":\"EntryPoint\",\"urlTemplate\":\"https:\/\/wordpress.callac.online\/?s={search_term_string}\"},\"query-input\":{\"@type\":\"PropertyValueSpecification\",\"valueRequired\":true,\"valueName\":\"search_term_string\"}}],\"inLanguage\":\"fr-FR\"},{\"@type\":[\"Person\",\"Organization\"],\"@id\":\"https:\/\/wordpress.callac.online\/#\/schema\/person\/04061f1ca2c2c42039142a704be95940\",\"name\":\"dlefur\",\"image\":{\"@type\":\"ImageObject\",\"inLanguage\":\"fr-FR\",\"@id\":\"https:\/\/wordpress.callac.online\/#\/schema\/person\/image\/\",\"url\":\"https:\/\/secure.gravatar.com\/avatar\/4a9e17be136808c6597f28aa2b6c13126dab066fdc2198ff60090972c9b7fafc?s=96&d=mm&r=g\",\"contentUrl\":\"https:\/\/secure.gravatar.com\/avatar\/4a9e17be136808c6597f28aa2b6c13126dab066fdc2198ff60090972c9b7fafc?s=96&d=mm&r=g\",\"caption\":\"dlefur\"},\"logo\":{\"@id\":\"https:\/\/wordpress.callac.online\/#\/schema\/person\/image\/\"},\"description\":\"Enseignant de math\u00e9matiques Lyc\u00e9e Pasteur S\u00e3o Paulo\",\"sameAs\":[\"http:\/\/wordpress.callac.online\"]}]}<\/script>\n<!-- \/ Yoast SEO plugin. -->","yoast_head_json":{"title":"Professor et Asymptote - Maths &amp; Num\u00e9rique","robots":{"index":"index","follow":"follow","max-snippet":"max-snippet:-1","max-image-preview":"max-image-preview:large","max-video-preview":"max-video-preview:-1"},"canonical":"https:\/\/wordpress.callac.online\/index.php\/edition-mathematique\/professor\/generalites-sur-professor-sty\/professor-et-asymptote\/","og_locale":"fr_FR","og_type":"article","og_title":"Professor et Asymptote - Maths &amp; Num\u00e9rique","og_description":"Les outils Professor ont \u00e9t\u00e9 con\u00e7us pour produire des graphiques \u00e0 l&rsquo;aide de Metapost. Cependant, pour \u00e9liminer certains probl\u00e8mes de calculs inh\u00e9rents \u00e0 Metapost , je viens de rajouter une&hellip;","og_url":"https:\/\/wordpress.callac.online\/index.php\/edition-mathematique\/professor\/generalites-sur-professor-sty\/professor-et-asymptote\/","og_site_name":"Maths &amp; Num\u00e9rique","article_modified_time":"2023-10-14T18:12:17+00:00","twitter_card":"summary_large_image","twitter_misc":{"Dur\u00e9e de lecture estim\u00e9e":"1 minute"},"schema":{"@context":"https:\/\/schema.org","@graph":[{"@type":"WebPage","@id":"https:\/\/wordpress.callac.online\/index.php\/edition-mathematique\/professor\/generalites-sur-professor-sty\/professor-et-asymptote\/","url":"https:\/\/wordpress.callac.online\/index.php\/edition-mathematique\/professor\/generalites-sur-professor-sty\/professor-et-asymptote\/","name":"Professor et Asymptote - Maths &amp; Num\u00e9rique","isPartOf":{"@id":"https:\/\/wordpress.callac.online\/#website"},"datePublished":"2009-10-28T22:45:39+00:00","dateModified":"2023-10-14T18:12:17+00:00","breadcrumb":{"@id":"https:\/\/wordpress.callac.online\/index.php\/edition-mathematique\/professor\/generalites-sur-professor-sty\/professor-et-asymptote\/#breadcrumb"},"inLanguage":"fr-FR","potentialAction":[{"@type":"ReadAction","target":["https:\/\/wordpress.callac.online\/index.php\/edition-mathematique\/professor\/generalites-sur-professor-sty\/professor-et-asymptote\/"]}]},{"@type":"BreadcrumbList","@id":"https:\/\/wordpress.callac.online\/index.php\/edition-mathematique\/professor\/generalites-sur-professor-sty\/professor-et-asymptote\/#breadcrumb","itemListElement":[{"@type":"ListItem","position":1,"name":"Accueil","item":"https:\/\/wordpress.callac.online\/"},{"@type":"ListItem","position":2,"name":"\u00c9dition math\u00e9matique","item":"https:\/\/wordpress.callac.online\/index.php\/edition-mathematique\/"},{"@type":"ListItem","position":3,"name":"Professor","item":"https:\/\/wordpress.callac.online\/index.php\/edition-mathematique\/professor\/"},{"@type":"ListItem","position":4,"name":"G\u00e9n\u00e9ralit\u00e9s sur Professor.sty","item":"https:\/\/wordpress.callac.online\/index.php\/edition-mathematique\/professor\/generalites-sur-professor-sty\/"},{"@type":"ListItem","position":5,"name":"Professor et Asymptote"}]},{"@type":"WebSite","@id":"https:\/\/wordpress.callac.online\/#website","url":"https:\/\/wordpress.callac.online\/","name":"Maths & Num\u00e9rique","description":"Des outils pour les enseignants de math\u00e9matiques et de num\u00e9rique","publisher":{"@id":"https:\/\/wordpress.callac.online\/#\/schema\/person\/04061f1ca2c2c42039142a704be95940"},"potentialAction":[{"@type":"SearchAction","target":{"@type":"EntryPoint","urlTemplate":"https:\/\/wordpress.callac.online\/?s={search_term_string}"},"query-input":{"@type":"PropertyValueSpecification","valueRequired":true,"valueName":"search_term_string"}}],"inLanguage":"fr-FR"},{"@type":["Person","Organization"],"@id":"https:\/\/wordpress.callac.online\/#\/schema\/person\/04061f1ca2c2c42039142a704be95940","name":"dlefur","image":{"@type":"ImageObject","inLanguage":"fr-FR","@id":"https:\/\/wordpress.callac.online\/#\/schema\/person\/image\/","url":"https:\/\/secure.gravatar.com\/avatar\/4a9e17be136808c6597f28aa2b6c13126dab066fdc2198ff60090972c9b7fafc?s=96&d=mm&r=g","contentUrl":"https:\/\/secure.gravatar.com\/avatar\/4a9e17be136808c6597f28aa2b6c13126dab066fdc2198ff60090972c9b7fafc?s=96&d=mm&r=g","caption":"dlefur"},"logo":{"@id":"https:\/\/wordpress.callac.online\/#\/schema\/person\/image\/"},"description":"Enseignant de math\u00e9matiques Lyc\u00e9e Pasteur S\u00e3o Paulo","sameAs":["http:\/\/wordpress.callac.online"]}]}},"_links":{"self":[{"href":"https:\/\/wordpress.callac.online\/index.php\/wp-json\/wp\/v2\/pages\/218","targetHints":{"allow":["GET"]}}],"collection":[{"href":"https:\/\/wordpress.callac.online\/index.php\/wp-json\/wp\/v2\/pages"}],"about":[{"href":"https:\/\/wordpress.callac.online\/index.php\/wp-json\/wp\/v2\/types\/page"}],"author":[{"embeddable":true,"href":"https:\/\/wordpress.callac.online\/index.php\/wp-json\/wp\/v2\/users\/1"}],"replies":[{"embeddable":true,"href":"https:\/\/wordpress.callac.online\/index.php\/wp-json\/wp\/v2\/comments?post=218"}],"version-history":[{"count":2,"href":"https:\/\/wordpress.callac.online\/index.php\/wp-json\/wp\/v2\/pages\/218\/revisions"}],"predecessor-version":[{"id":2626,"href":"https:\/\/wordpress.callac.online\/index.php\/wp-json\/wp\/v2\/pages\/218\/revisions\/2626"}],"up":[{"embeddable":true,"href":"https:\/\/wordpress.callac.online\/index.php\/wp-json\/wp\/v2\/pages\/2251"}],"wp:attachment":[{"href":"https:\/\/wordpress.callac.online\/index.php\/wp-json\/wp\/v2\/media?parent=218"}],"curies":[{"name":"wp","href":"https:\/\/api.w.org\/{rel}","templated":true}]}}