{"id":219,"date":"2010-03-07T22:31:47","date_gmt":"2010-03-07T21:31:47","guid":{"rendered":"http:\/\/wordpress.callac.online\/index.php\/professor-et-texworks\/"},"modified":"2023-10-14T20:12:31","modified_gmt":"2023-10-14T18:12:31","slug":"professor-et-texworks","status":"publish","type":"page","link":"https:\/\/wordpress.callac.online\/index.php\/edition-mathematique\/professor\/professor-et-les-editeurs\/professor-et-texworks\/","title":{"rendered":"Professor et TeXworks"},"content":{"rendered":"<p><a href=\"http:\/\/www.tug.org\/texworks\/\">TeXworks<\/a> est un nouvel \u00e9diteur LaTeX tr\u00e8s prometteur.<\/p>\n<p>Tout d&rsquo;abord, il a le m\u00e9rite de fonctionner sur tout type de syst\u00e8me.<\/p>\n<p>Ensuite, il fournit une synchronisation entre le fichier source, qui s&rsquo;affiche sur la gauche de l&rsquo;\u00e9cran, et le fichier pdf de sortie.<\/p>\n<p>Enfin, il poss\u00e8de de nombreuses possibilit\u00e9s pour l&rsquo;\u00e9dition avec notamment la compl\u00e9tion. Pour en savoir plus, je vous conseille de lire <a href=\"http:\/\/www.leliseron.org\/texworks\/twhtml_fr_357.zip\">ce manuel en fran\u00e7ais<\/a>.<\/p>\n<p>J&rsquo;ai \u00e9crit quelques fichiers contenant les compl\u00e9tions correspondant \u00e0 l&rsquo;outil <a href=\"https:\/\/wordpress.callac.online\/index.php\/edition-mathematique\/professor\/\">Professor<\/a>. Il vous suffit de t\u00e9l\u00e9charger <a href=\"https:\/\/filedn.com\/lpKG7uY9hIHVel5exA5Ik80\/Wordpress\/%C3%89dition%20math%C3%A9matiques\/Texworks\/completion.zip\">cette archive<\/a> et de l&rsquo;extraire dans le r\u00e9pertoire \u00ab\u00a0<strong>.TeXworks\/completion<\/strong>\u00ab\u00a0.<\/p>\n<p>Les noms des raccourcis commencent par \u00ab\u00a0<strong>pro<\/strong>\u00ab\u00a0. Pour avoir la liste, il suffit de regarder les fichiers pro-*.txt inclus dans l&rsquo;archive.<\/p>\n","protected":false},"excerpt":{"rendered":"<p>TeXworks est un nouvel \u00e9diteur LaTeX tr\u00e8s prometteur. Tout d&rsquo;abord, il a le m\u00e9rite de fonctionner sur tout type de syst\u00e8me. Ensuite, il fournit une synchronisation entre le fichier source,&hellip;<\/p>\n","protected":false},"author":1,"featured_media":0,"parent":2256,"menu_order":2,"comment_status":"closed","ping_status":"closed","template":"","meta":{"footnotes":""},"class_list":["post-219","page","type-page","status-publish","hentry"],"yoast_head":"<!-- This site is optimized with the Yoast SEO plugin v27.1.1 - https:\/\/yoast.com\/product\/yoast-seo-wordpress\/ -->\n<title>Professor et TeXworks - Maths &amp; Num\u00e9rique<\/title>\n<meta name=\"robots\" content=\"index, follow, max-snippet:-1, max-image-preview:large, max-video-preview:-1\" \/>\n<link rel=\"canonical\" href=\"https:\/\/wordpress.callac.online\/index.php\/edition-mathematique\/professor\/professor-et-les-editeurs\/professor-et-texworks\/\" \/>\n<meta property=\"og:locale\" content=\"fr_FR\" \/>\n<meta property=\"og:type\" content=\"article\" \/>\n<meta property=\"og:title\" content=\"Professor et TeXworks - Maths &amp; Num\u00e9rique\" \/>\n<meta property=\"og:description\" content=\"TeXworks est un nouvel \u00e9diteur LaTeX tr\u00e8s prometteur. Tout d&rsquo;abord, il a le m\u00e9rite de fonctionner sur tout type de syst\u00e8me. Ensuite, il fournit une synchronisation entre le fichier source,&hellip;\" \/>\n<meta property=\"og:url\" content=\"https:\/\/wordpress.callac.online\/index.php\/edition-mathematique\/professor\/professor-et-les-editeurs\/professor-et-texworks\/\" \/>\n<meta property=\"og:site_name\" content=\"Maths &amp; Num\u00e9rique\" \/>\n<meta property=\"article:modified_time\" content=\"2023-10-14T18:12:31+00:00\" \/>\n<meta name=\"twitter:card\" content=\"summary_large_image\" \/>\n<meta name=\"twitter:label1\" content=\"Dur\u00e9e de lecture estim\u00e9e\" \/>\n\t<meta name=\"twitter:data1\" content=\"1 minute\" \/>\n<script type=\"application\/ld+json\" class=\"yoast-schema-graph\">{\"@context\":\"https:\/\/schema.org\",\"@graph\":[{\"@type\":\"WebPage\",\"@id\":\"https:\/\/wordpress.callac.online\/index.php\/edition-mathematique\/professor\/professor-et-les-editeurs\/professor-et-texworks\/\",\"url\":\"https:\/\/wordpress.callac.online\/index.php\/edition-mathematique\/professor\/professor-et-les-editeurs\/professor-et-texworks\/\",\"name\":\"Professor et TeXworks - Maths &amp; Num\u00e9rique\",\"isPartOf\":{\"@id\":\"https:\/\/wordpress.callac.online\/#website\"},\"datePublished\":\"2010-03-07T21:31:47+00:00\",\"dateModified\":\"2023-10-14T18:12:31+00:00\",\"breadcrumb\":{\"@id\":\"https:\/\/wordpress.callac.online\/index.php\/edition-mathematique\/professor\/professor-et-les-editeurs\/professor-et-texworks\/#breadcrumb\"},\"inLanguage\":\"fr-FR\",\"potentialAction\":[{\"@type\":\"ReadAction\",\"target\":[\"https:\/\/wordpress.callac.online\/index.php\/edition-mathematique\/professor\/professor-et-les-editeurs\/professor-et-texworks\/\"]}]},{\"@type\":\"BreadcrumbList\",\"@id\":\"https:\/\/wordpress.callac.online\/index.php\/edition-mathematique\/professor\/professor-et-les-editeurs\/professor-et-texworks\/#breadcrumb\",\"itemListElement\":[{\"@type\":\"ListItem\",\"position\":1,\"name\":\"Accueil\",\"item\":\"https:\/\/wordpress.callac.online\/\"},{\"@type\":\"ListItem\",\"position\":2,\"name\":\"\u00c9dition math\u00e9matique\",\"item\":\"https:\/\/wordpress.callac.online\/index.php\/edition-mathematique\/\"},{\"@type\":\"ListItem\",\"position\":3,\"name\":\"Professor\",\"item\":\"https:\/\/wordpress.callac.online\/index.php\/edition-mathematique\/professor\/\"},{\"@type\":\"ListItem\",\"position\":4,\"name\":\"Professor et les \u00e9diteurs\",\"item\":\"https:\/\/wordpress.callac.online\/index.php\/edition-mathematique\/professor\/professor-et-les-editeurs\/\"},{\"@type\":\"ListItem\",\"position\":5,\"name\":\"Professor et TeXworks\"}]},{\"@type\":\"WebSite\",\"@id\":\"https:\/\/wordpress.callac.online\/#website\",\"url\":\"https:\/\/wordpress.callac.online\/\",\"name\":\"Maths & Num\u00e9rique\",\"description\":\"Des outils pour les enseignants de math\u00e9matiques et de num\u00e9rique\",\"publisher\":{\"@id\":\"https:\/\/wordpress.callac.online\/#\/schema\/person\/04061f1ca2c2c42039142a704be95940\"},\"potentialAction\":[{\"@type\":\"SearchAction\",\"target\":{\"@type\":\"EntryPoint\",\"urlTemplate\":\"https:\/\/wordpress.callac.online\/?s={search_term_string}\"},\"query-input\":{\"@type\":\"PropertyValueSpecification\",\"valueRequired\":true,\"valueName\":\"search_term_string\"}}],\"inLanguage\":\"fr-FR\"},{\"@type\":[\"Person\",\"Organization\"],\"@id\":\"https:\/\/wordpress.callac.online\/#\/schema\/person\/04061f1ca2c2c42039142a704be95940\",\"name\":\"dlefur\",\"image\":{\"@type\":\"ImageObject\",\"inLanguage\":\"fr-FR\",\"@id\":\"https:\/\/wordpress.callac.online\/#\/schema\/person\/image\/\",\"url\":\"https:\/\/secure.gravatar.com\/avatar\/4a9e17be136808c6597f28aa2b6c13126dab066fdc2198ff60090972c9b7fafc?s=96&d=mm&r=g\",\"contentUrl\":\"https:\/\/secure.gravatar.com\/avatar\/4a9e17be136808c6597f28aa2b6c13126dab066fdc2198ff60090972c9b7fafc?s=96&d=mm&r=g\",\"caption\":\"dlefur\"},\"logo\":{\"@id\":\"https:\/\/wordpress.callac.online\/#\/schema\/person\/image\/\"},\"description\":\"Enseignant de math\u00e9matiques Lyc\u00e9e Pasteur S\u00e3o Paulo\",\"sameAs\":[\"http:\/\/wordpress.callac.online\"]}]}<\/script>\n<!-- \/ Yoast SEO plugin. -->","yoast_head_json":{"title":"Professor et TeXworks - Maths &amp; Num\u00e9rique","robots":{"index":"index","follow":"follow","max-snippet":"max-snippet:-1","max-image-preview":"max-image-preview:large","max-video-preview":"max-video-preview:-1"},"canonical":"https:\/\/wordpress.callac.online\/index.php\/edition-mathematique\/professor\/professor-et-les-editeurs\/professor-et-texworks\/","og_locale":"fr_FR","og_type":"article","og_title":"Professor et TeXworks - Maths &amp; Num\u00e9rique","og_description":"TeXworks est un nouvel \u00e9diteur LaTeX tr\u00e8s prometteur. Tout d&rsquo;abord, il a le m\u00e9rite de fonctionner sur tout type de syst\u00e8me. Ensuite, il fournit une synchronisation entre le fichier source,&hellip;","og_url":"https:\/\/wordpress.callac.online\/index.php\/edition-mathematique\/professor\/professor-et-les-editeurs\/professor-et-texworks\/","og_site_name":"Maths &amp; Num\u00e9rique","article_modified_time":"2023-10-14T18:12:31+00:00","twitter_card":"summary_large_image","twitter_misc":{"Dur\u00e9e de lecture estim\u00e9e":"1 minute"},"schema":{"@context":"https:\/\/schema.org","@graph":[{"@type":"WebPage","@id":"https:\/\/wordpress.callac.online\/index.php\/edition-mathematique\/professor\/professor-et-les-editeurs\/professor-et-texworks\/","url":"https:\/\/wordpress.callac.online\/index.php\/edition-mathematique\/professor\/professor-et-les-editeurs\/professor-et-texworks\/","name":"Professor et TeXworks - Maths &amp; Num\u00e9rique","isPartOf":{"@id":"https:\/\/wordpress.callac.online\/#website"},"datePublished":"2010-03-07T21:31:47+00:00","dateModified":"2023-10-14T18:12:31+00:00","breadcrumb":{"@id":"https:\/\/wordpress.callac.online\/index.php\/edition-mathematique\/professor\/professor-et-les-editeurs\/professor-et-texworks\/#breadcrumb"},"inLanguage":"fr-FR","potentialAction":[{"@type":"ReadAction","target":["https:\/\/wordpress.callac.online\/index.php\/edition-mathematique\/professor\/professor-et-les-editeurs\/professor-et-texworks\/"]}]},{"@type":"BreadcrumbList","@id":"https:\/\/wordpress.callac.online\/index.php\/edition-mathematique\/professor\/professor-et-les-editeurs\/professor-et-texworks\/#breadcrumb","itemListElement":[{"@type":"ListItem","position":1,"name":"Accueil","item":"https:\/\/wordpress.callac.online\/"},{"@type":"ListItem","position":2,"name":"\u00c9dition math\u00e9matique","item":"https:\/\/wordpress.callac.online\/index.php\/edition-mathematique\/"},{"@type":"ListItem","position":3,"name":"Professor","item":"https:\/\/wordpress.callac.online\/index.php\/edition-mathematique\/professor\/"},{"@type":"ListItem","position":4,"name":"Professor et les \u00e9diteurs","item":"https:\/\/wordpress.callac.online\/index.php\/edition-mathematique\/professor\/professor-et-les-editeurs\/"},{"@type":"ListItem","position":5,"name":"Professor et TeXworks"}]},{"@type":"WebSite","@id":"https:\/\/wordpress.callac.online\/#website","url":"https:\/\/wordpress.callac.online\/","name":"Maths & Num\u00e9rique","description":"Des outils pour les enseignants de math\u00e9matiques et de num\u00e9rique","publisher":{"@id":"https:\/\/wordpress.callac.online\/#\/schema\/person\/04061f1ca2c2c42039142a704be95940"},"potentialAction":[{"@type":"SearchAction","target":{"@type":"EntryPoint","urlTemplate":"https:\/\/wordpress.callac.online\/?s={search_term_string}"},"query-input":{"@type":"PropertyValueSpecification","valueRequired":true,"valueName":"search_term_string"}}],"inLanguage":"fr-FR"},{"@type":["Person","Organization"],"@id":"https:\/\/wordpress.callac.online\/#\/schema\/person\/04061f1ca2c2c42039142a704be95940","name":"dlefur","image":{"@type":"ImageObject","inLanguage":"fr-FR","@id":"https:\/\/wordpress.callac.online\/#\/schema\/person\/image\/","url":"https:\/\/secure.gravatar.com\/avatar\/4a9e17be136808c6597f28aa2b6c13126dab066fdc2198ff60090972c9b7fafc?s=96&d=mm&r=g","contentUrl":"https:\/\/secure.gravatar.com\/avatar\/4a9e17be136808c6597f28aa2b6c13126dab066fdc2198ff60090972c9b7fafc?s=96&d=mm&r=g","caption":"dlefur"},"logo":{"@id":"https:\/\/wordpress.callac.online\/#\/schema\/person\/image\/"},"description":"Enseignant de math\u00e9matiques Lyc\u00e9e Pasteur S\u00e3o Paulo","sameAs":["http:\/\/wordpress.callac.online"]}]}},"_links":{"self":[{"href":"https:\/\/wordpress.callac.online\/index.php\/wp-json\/wp\/v2\/pages\/219","targetHints":{"allow":["GET"]}}],"collection":[{"href":"https:\/\/wordpress.callac.online\/index.php\/wp-json\/wp\/v2\/pages"}],"about":[{"href":"https:\/\/wordpress.callac.online\/index.php\/wp-json\/wp\/v2\/types\/page"}],"author":[{"embeddable":true,"href":"https:\/\/wordpress.callac.online\/index.php\/wp-json\/wp\/v2\/users\/1"}],"replies":[{"embeddable":true,"href":"https:\/\/wordpress.callac.online\/index.php\/wp-json\/wp\/v2\/comments?post=219"}],"version-history":[{"count":3,"href":"https:\/\/wordpress.callac.online\/index.php\/wp-json\/wp\/v2\/pages\/219\/revisions"}],"predecessor-version":[{"id":2370,"href":"https:\/\/wordpress.callac.online\/index.php\/wp-json\/wp\/v2\/pages\/219\/revisions\/2370"}],"up":[{"embeddable":true,"href":"https:\/\/wordpress.callac.online\/index.php\/wp-json\/wp\/v2\/pages\/2256"}],"wp:attachment":[{"href":"https:\/\/wordpress.callac.online\/index.php\/wp-json\/wp\/v2\/media?parent=219"}],"curies":[{"name":"wp","href":"https:\/\/api.w.org\/{rel}","templated":true}]}}