{"id":224,"date":"2010-04-24T22:14:00","date_gmt":"2010-04-24T20:14:56","guid":{"rendered":"http:\/\/wordpress.callac.online\/index.php\/des-bases-dexercices-de-maths-pour-le-college-lycee\/"},"modified":"2023-10-14T20:12:00","modified_gmt":"2023-10-14T18:12:00","slug":"des-bases-dexercices-de-maths-pour-le-lycee","status":"publish","type":"page","link":"https:\/\/wordpress.callac.online\/index.php\/mes-partages\/pour-le-lycee\/des-bases-dexercices-de-maths-pour-le-lycee\/","title":{"rendered":"Des bases d&rsquo;exercices de maths pour le lyc\u00e9e"},"content":{"rendered":"<h2>Pourquoi, pour qui ?<\/h2>\n<hr>\n<p>Ces bases sont faites <strong>avant tout pour moi<\/strong>, pour que je puisse travailler plus facilement, en classant petit \u00e0 petit les documents d\u00e9j\u00e0 r\u00e9alis\u00e9s.<\/p>\n<p>Ensuite, j&rsquo;ai voulu la structure la plus simple possible pour que d&rsquo;autre coll\u00e8gues de maths puissent les utiliser.<\/p>\n<p>Enfin, c&rsquo;est un moyen de proposer des exercices aux \u00e9l\u00e8ves. Ils peuvent pour cela consulter les fichiers PDF correspondants aux bases. Cependant, je n&rsquo;ai pas voulu montrer les solutions des exercices corrig\u00e9s. Pour y avoir acc\u00e8s, il faut utiliser directement la base.<\/p>\n<h2>Les outils utilis\u00e9s<\/h2>\n<hr>\n<p>Les exercices fournis dans ces bases sont \u00e9crits en latex.<\/p>\n<p>Les figures g\u00e9om\u00e9triques sont \u00e9crites en Metapost. J&rsquo;utilise les fichiers de macros de Christophe Poulain disponible <a href=\"http:\/\/melusine.eu.org\/syracuse\/poulecl\/geometriesyr16\/\">ici<\/a>.<\/p>\n<p>L&rsquo;essentiel des graphiques (courbes, tableaux de variations, arbres, graphes, diagrammes &#8230;) sont faits \u00e0 l&rsquo;aide du paquet <a href=\"http:\/\/wordpress.callac.online\/index.php\/edition-mathematique\/professor\/\">professor<\/a>. <strong>Une installation de ce paquet est n\u00e9cessaire pour utiliser les bases.<\/strong><\/p>\n<p>Les figures dynamiques de g\u00e9om\u00e9trie plane sont faites avec <a href=\"http:\/\/www.geogebra.org\/\">Geogebra<\/a>.<\/p>\n<h2>Conseils d&rsquo;utilisation<\/h2>\n<p>Tous les fichiers relatifs \u00e0 un exercice sont rang\u00e9s dans un r\u00e9pertoire. Ainsi, \u00e0 l\u2019exercice 5 de geoplane.tex est associ\u00e9 le r\u00e9pertoire Geoplane\/ex005\/ dans lequel on trouvera les fichiers qui lui sont associ\u00e9s, notamment le fichier Geogegra \u00ab\u00a0figure.ggb\u00a0\u00bb.<\/p>\n<p>Chaque archive contient le r\u00e9pertoire <strong>base\/<\/strong> et tous les fichiers utiles.<\/p>\n<p>Je vous conseille de placer ce r\u00e9pertoire dans le r\u00e9pertoire de travail de la classe. Il suffit alors de faire son march\u00e9 dans le r\u00e9pertoire Base\/. Pour plus de facilit\u00e9, je vous conseille de rajouter ce r\u00e9pertoire dans votre PATH \u00e0 l&rsquo;aide par exemple de la commande :<\/p>\n<p><code><code>\\graphicspath{base\/}<\/code><\/code><\/p>\n<p>On ouvre le fichier \u00ab\u00a0tex\u00a0\u00bb que l\u2019on veut. On le compile pour afficher le fichier \u00ab\u00a0pdf\u00a0\u00bb associ\u00e9. Une fois l\u2019exercice rep\u00e9r\u00e9, on revient dans le fichier tex chercher le source.<\/p>\n<p><b>Si l\u2019exercice est corrig\u00e9, une barre jaune appara\u00eet dans le pdf. Dans ce cas, le code du corrig\u00e9 est en commentaire dans le source.<\/b><\/p>\n<p>Mes fichiers d&rsquo;exercices font appel \u00e0 un fichier <a href=\"https:\/\/filedn.com\/lpKG7uY9hIHVel5exA5Ik80\/Wordpress\/Mes%20partages\/Bases\/entete-ds.tex\">entete-ds.tex<\/a> ou <a href=\"https:\/\/filedn.com\/lpKG7uY9hIHVel5exA5Ik80\/Wordpress\/Mes%20partages\/Bases\/entete-old.tex\">entete-old.tex<\/a> que j&rsquo;ai voulu aussi neutre que possible.<\/p>\n<p>Si vous avez des exercices \u00e0 me proposer, des commentaires, n&rsquo;h\u00e9sitez pas \u00e0 <a href=\"http:\/\/wordpress.callac.online\/index.php\/contact\/\">me contacter<\/a>.<\/p>\n\n\n<hr class=\"wp-block-separator\"\/>\n\n\n\n<h2 class=\"wp-block-heading\">Mes bases (depuis la r\u00e9forme 2019)<\/h2>\n\n\n\n<hr class=\"wp-block-separator\"\/>\n\n\n\n<ul>\n<li><a href=\"https:\/\/filedn.com\/lpKG7uY9hIHVel5exA5Ik80\/Wordpress\/Mes%20partages\/Bases\/base-2nde.zip\">Base de 2nde<\/a><\/li>\n<li><a href=\"https:\/\/filedn.com\/lpKG7uY9hIHVel5exA5Ik80\/Wordpress\/Mes%20partages\/Bases\/base-1ere-SpeMaths.zip\">Base de 1\u00e8re Sp\u00e9cialit\u00e9 Maths<\/a><\/li>\n<li><a href=\"https:\/\/filedn.com\/lpKG7uY9hIHVel5exA5Ik80\/Wordpress\/Mes%20partages\/Bases\/base-Tspec.zip\" target=\"_blank\" rel=\"noopener noreferrer\">Base de Terminale Sp\u00e9cialit\u00e9 Maths<\/a><\/li>\n<li><a href=\"https:\/\/filedn.com\/lpKG7uY9hIHVel5exA5Ik80\/Wordpress\/Mes%20partages\/Bases\/base_Tcomp.zip\" target=\"_blank\" rel=\"noopener noreferrer\">Base de Terminale option maths Compl\u00e9mentaires<\/a><\/li>\n<\/ul>\n\n\n\n<hr class=\"wp-block-separator\"\/>\n\n\n\n<h2 class=\"wp-block-heading\">Mes anciennes bases<\/h2>\n\n\n\n<hr class=\"wp-block-separator\"\/>\n\n\n\n<ul>\n<li><a href=\"https:\/\/filedn.com\/lpKG7uY9hIHVel5exA5Ik80\/Wordpress\/Mes%20partages\/Bases\/Bases_Old\/Base-2nde.zip\">Base de 2nde (avant la r\u00e9forme)<\/a><\/li>\n<li><a href=\"https:\/\/filedn.com\/lpKG7uY9hIHVel5exA5Ik80\/Wordpress\/Mes%20partages\/Bases\/Bases_Old\/Base-1ereES.zip\">Base de 1\u00e8re ES<\/a><\/li>\n<li><a href=\"https:\/\/filedn.com\/lpKG7uY9hIHVel5exA5Ik80\/Wordpress\/Mes%20partages\/Bases\/Bases_Old\/Base-1ereS.zip\">Base de 1\u00e8re S<\/a><\/li>\n<li><a href=\"https:\/\/filedn.com\/lpKG7uY9hIHVel5exA5Ik80\/Wordpress\/Mes%20partages\/Bases\/Bases_Old\/Base-TES.zip\">Base de T ES<\/a><\/li>\n<li><a href=\"https:\/\/filedn.com\/lpKG7uY9hIHVel5exA5Ik80\/Wordpress\/Mes%20partages\/Bases\/Bases_Old\/Base-TS.zip\">Base de T S<\/a><\/li>\n<\/ul>\n","protected":false},"excerpt":{"rendered":"<p>Pourquoi, pour qui ? Ces bases sont faites avant tout pour moi, pour que je puisse travailler plus facilement, en classant petit \u00e0 petit les documents d\u00e9j\u00e0 r\u00e9alis\u00e9s. Ensuite, j&rsquo;ai&hellip;<\/p>\n","protected":false},"author":1,"featured_media":0,"parent":2651,"menu_order":1,"comment_status":"closed","ping_status":"closed","template":"","meta":{"footnotes":""},"class_list":["post-224","page","type-page","status-publish","hentry"],"yoast_head":"<!-- This site is optimized with the Yoast SEO plugin v27.1.1 - https:\/\/yoast.com\/product\/yoast-seo-wordpress\/ -->\n<title>Des bases d&#039;exercices de maths pour le lyc\u00e9e - Maths &amp; Num\u00e9rique<\/title>\n<meta name=\"robots\" content=\"index, follow, max-snippet:-1, max-image-preview:large, max-video-preview:-1\" \/>\n<link rel=\"canonical\" href=\"https:\/\/wordpress.callac.online\/index.php\/mes-partages\/pour-le-lycee\/des-bases-dexercices-de-maths-pour-le-lycee\/\" \/>\n<meta property=\"og:locale\" content=\"fr_FR\" \/>\n<meta property=\"og:type\" content=\"article\" \/>\n<meta property=\"og:title\" content=\"Des bases d&#039;exercices de maths pour le lyc\u00e9e - Maths &amp; Num\u00e9rique\" \/>\n<meta property=\"og:description\" content=\"Pourquoi, pour qui ? Ces bases sont faites avant tout pour moi, pour que je puisse travailler plus facilement, en classant petit \u00e0 petit les documents d\u00e9j\u00e0 r\u00e9alis\u00e9s. Ensuite, j&rsquo;ai&hellip;\" \/>\n<meta property=\"og:url\" content=\"https:\/\/wordpress.callac.online\/index.php\/mes-partages\/pour-le-lycee\/des-bases-dexercices-de-maths-pour-le-lycee\/\" \/>\n<meta property=\"og:site_name\" content=\"Maths &amp; Num\u00e9rique\" \/>\n<meta property=\"article:modified_time\" content=\"2023-10-14T18:12:00+00:00\" \/>\n<meta name=\"twitter:card\" content=\"summary_large_image\" \/>\n<meta name=\"twitter:label1\" content=\"Dur\u00e9e de lecture estim\u00e9e\" \/>\n\t<meta name=\"twitter:data1\" content=\"2 minutes\" \/>\n<script type=\"application\/ld+json\" class=\"yoast-schema-graph\">{\"@context\":\"https:\/\/schema.org\",\"@graph\":[{\"@type\":\"WebPage\",\"@id\":\"https:\/\/wordpress.callac.online\/index.php\/mes-partages\/pour-le-lycee\/des-bases-dexercices-de-maths-pour-le-lycee\/\",\"url\":\"https:\/\/wordpress.callac.online\/index.php\/mes-partages\/pour-le-lycee\/des-bases-dexercices-de-maths-pour-le-lycee\/\",\"name\":\"Des bases d'exercices de maths pour le lyc\u00e9e - Maths &amp; Num\u00e9rique\",\"isPartOf\":{\"@id\":\"https:\/\/wordpress.callac.online\/#website\"},\"datePublished\":\"2010-04-24T20:14:56+00:00\",\"dateModified\":\"2023-10-14T18:12:00+00:00\",\"breadcrumb\":{\"@id\":\"https:\/\/wordpress.callac.online\/index.php\/mes-partages\/pour-le-lycee\/des-bases-dexercices-de-maths-pour-le-lycee\/#breadcrumb\"},\"inLanguage\":\"fr-FR\",\"potentialAction\":[{\"@type\":\"ReadAction\",\"target\":[\"https:\/\/wordpress.callac.online\/index.php\/mes-partages\/pour-le-lycee\/des-bases-dexercices-de-maths-pour-le-lycee\/\"]}]},{\"@type\":\"BreadcrumbList\",\"@id\":\"https:\/\/wordpress.callac.online\/index.php\/mes-partages\/pour-le-lycee\/des-bases-dexercices-de-maths-pour-le-lycee\/#breadcrumb\",\"itemListElement\":[{\"@type\":\"ListItem\",\"position\":1,\"name\":\"Accueil\",\"item\":\"https:\/\/wordpress.callac.online\/\"},{\"@type\":\"ListItem\",\"position\":2,\"name\":\"Mes partages\",\"item\":\"https:\/\/wordpress.callac.online\/index.php\/mes-partages\/\"},{\"@type\":\"ListItem\",\"position\":3,\"name\":\"Pour le lyc\u00e9e\",\"item\":\"https:\/\/wordpress.callac.online\/index.php\/mes-partages\/pour-le-lycee\/\"},{\"@type\":\"ListItem\",\"position\":4,\"name\":\"Des bases d&#8217;exercices de maths pour le lyc\u00e9e\"}]},{\"@type\":\"WebSite\",\"@id\":\"https:\/\/wordpress.callac.online\/#website\",\"url\":\"https:\/\/wordpress.callac.online\/\",\"name\":\"Maths & Num\u00e9rique\",\"description\":\"Des outils pour les enseignants de math\u00e9matiques et de num\u00e9rique\",\"publisher\":{\"@id\":\"https:\/\/wordpress.callac.online\/#\/schema\/person\/04061f1ca2c2c42039142a704be95940\"},\"potentialAction\":[{\"@type\":\"SearchAction\",\"target\":{\"@type\":\"EntryPoint\",\"urlTemplate\":\"https:\/\/wordpress.callac.online\/?s={search_term_string}\"},\"query-input\":{\"@type\":\"PropertyValueSpecification\",\"valueRequired\":true,\"valueName\":\"search_term_string\"}}],\"inLanguage\":\"fr-FR\"},{\"@type\":[\"Person\",\"Organization\"],\"@id\":\"https:\/\/wordpress.callac.online\/#\/schema\/person\/04061f1ca2c2c42039142a704be95940\",\"name\":\"dlefur\",\"image\":{\"@type\":\"ImageObject\",\"inLanguage\":\"fr-FR\",\"@id\":\"https:\/\/wordpress.callac.online\/#\/schema\/person\/image\/\",\"url\":\"https:\/\/secure.gravatar.com\/avatar\/4a9e17be136808c6597f28aa2b6c13126dab066fdc2198ff60090972c9b7fafc?s=96&d=mm&r=g\",\"contentUrl\":\"https:\/\/secure.gravatar.com\/avatar\/4a9e17be136808c6597f28aa2b6c13126dab066fdc2198ff60090972c9b7fafc?s=96&d=mm&r=g\",\"caption\":\"dlefur\"},\"logo\":{\"@id\":\"https:\/\/wordpress.callac.online\/#\/schema\/person\/image\/\"},\"description\":\"Enseignant de math\u00e9matiques Lyc\u00e9e Pasteur S\u00e3o Paulo\",\"sameAs\":[\"http:\/\/wordpress.callac.online\"]}]}<\/script>\n<!-- \/ Yoast SEO plugin. -->","yoast_head_json":{"title":"Des bases d'exercices de maths pour le lyc\u00e9e - Maths &amp; Num\u00e9rique","robots":{"index":"index","follow":"follow","max-snippet":"max-snippet:-1","max-image-preview":"max-image-preview:large","max-video-preview":"max-video-preview:-1"},"canonical":"https:\/\/wordpress.callac.online\/index.php\/mes-partages\/pour-le-lycee\/des-bases-dexercices-de-maths-pour-le-lycee\/","og_locale":"fr_FR","og_type":"article","og_title":"Des bases d'exercices de maths pour le lyc\u00e9e - Maths &amp; Num\u00e9rique","og_description":"Pourquoi, pour qui ? Ces bases sont faites avant tout pour moi, pour que je puisse travailler plus facilement, en classant petit \u00e0 petit les documents d\u00e9j\u00e0 r\u00e9alis\u00e9s. Ensuite, j&rsquo;ai&hellip;","og_url":"https:\/\/wordpress.callac.online\/index.php\/mes-partages\/pour-le-lycee\/des-bases-dexercices-de-maths-pour-le-lycee\/","og_site_name":"Maths &amp; Num\u00e9rique","article_modified_time":"2023-10-14T18:12:00+00:00","twitter_card":"summary_large_image","twitter_misc":{"Dur\u00e9e de lecture estim\u00e9e":"2 minutes"},"schema":{"@context":"https:\/\/schema.org","@graph":[{"@type":"WebPage","@id":"https:\/\/wordpress.callac.online\/index.php\/mes-partages\/pour-le-lycee\/des-bases-dexercices-de-maths-pour-le-lycee\/","url":"https:\/\/wordpress.callac.online\/index.php\/mes-partages\/pour-le-lycee\/des-bases-dexercices-de-maths-pour-le-lycee\/","name":"Des bases d'exercices de maths pour le lyc\u00e9e - Maths &amp; Num\u00e9rique","isPartOf":{"@id":"https:\/\/wordpress.callac.online\/#website"},"datePublished":"2010-04-24T20:14:56+00:00","dateModified":"2023-10-14T18:12:00+00:00","breadcrumb":{"@id":"https:\/\/wordpress.callac.online\/index.php\/mes-partages\/pour-le-lycee\/des-bases-dexercices-de-maths-pour-le-lycee\/#breadcrumb"},"inLanguage":"fr-FR","potentialAction":[{"@type":"ReadAction","target":["https:\/\/wordpress.callac.online\/index.php\/mes-partages\/pour-le-lycee\/des-bases-dexercices-de-maths-pour-le-lycee\/"]}]},{"@type":"BreadcrumbList","@id":"https:\/\/wordpress.callac.online\/index.php\/mes-partages\/pour-le-lycee\/des-bases-dexercices-de-maths-pour-le-lycee\/#breadcrumb","itemListElement":[{"@type":"ListItem","position":1,"name":"Accueil","item":"https:\/\/wordpress.callac.online\/"},{"@type":"ListItem","position":2,"name":"Mes partages","item":"https:\/\/wordpress.callac.online\/index.php\/mes-partages\/"},{"@type":"ListItem","position":3,"name":"Pour le lyc\u00e9e","item":"https:\/\/wordpress.callac.online\/index.php\/mes-partages\/pour-le-lycee\/"},{"@type":"ListItem","position":4,"name":"Des bases d&#8217;exercices de maths pour le lyc\u00e9e"}]},{"@type":"WebSite","@id":"https:\/\/wordpress.callac.online\/#website","url":"https:\/\/wordpress.callac.online\/","name":"Maths & Num\u00e9rique","description":"Des outils pour les enseignants de math\u00e9matiques et de num\u00e9rique","publisher":{"@id":"https:\/\/wordpress.callac.online\/#\/schema\/person\/04061f1ca2c2c42039142a704be95940"},"potentialAction":[{"@type":"SearchAction","target":{"@type":"EntryPoint","urlTemplate":"https:\/\/wordpress.callac.online\/?s={search_term_string}"},"query-input":{"@type":"PropertyValueSpecification","valueRequired":true,"valueName":"search_term_string"}}],"inLanguage":"fr-FR"},{"@type":["Person","Organization"],"@id":"https:\/\/wordpress.callac.online\/#\/schema\/person\/04061f1ca2c2c42039142a704be95940","name":"dlefur","image":{"@type":"ImageObject","inLanguage":"fr-FR","@id":"https:\/\/wordpress.callac.online\/#\/schema\/person\/image\/","url":"https:\/\/secure.gravatar.com\/avatar\/4a9e17be136808c6597f28aa2b6c13126dab066fdc2198ff60090972c9b7fafc?s=96&d=mm&r=g","contentUrl":"https:\/\/secure.gravatar.com\/avatar\/4a9e17be136808c6597f28aa2b6c13126dab066fdc2198ff60090972c9b7fafc?s=96&d=mm&r=g","caption":"dlefur"},"logo":{"@id":"https:\/\/wordpress.callac.online\/#\/schema\/person\/image\/"},"description":"Enseignant de math\u00e9matiques Lyc\u00e9e Pasteur S\u00e3o Paulo","sameAs":["http:\/\/wordpress.callac.online"]}]}},"_links":{"self":[{"href":"https:\/\/wordpress.callac.online\/index.php\/wp-json\/wp\/v2\/pages\/224","targetHints":{"allow":["GET"]}}],"collection":[{"href":"https:\/\/wordpress.callac.online\/index.php\/wp-json\/wp\/v2\/pages"}],"about":[{"href":"https:\/\/wordpress.callac.online\/index.php\/wp-json\/wp\/v2\/types\/page"}],"author":[{"embeddable":true,"href":"https:\/\/wordpress.callac.online\/index.php\/wp-json\/wp\/v2\/users\/1"}],"replies":[{"embeddable":true,"href":"https:\/\/wordpress.callac.online\/index.php\/wp-json\/wp\/v2\/comments?post=224"}],"version-history":[{"count":8,"href":"https:\/\/wordpress.callac.online\/index.php\/wp-json\/wp\/v2\/pages\/224\/revisions"}],"predecessor-version":[{"id":2959,"href":"https:\/\/wordpress.callac.online\/index.php\/wp-json\/wp\/v2\/pages\/224\/revisions\/2959"}],"up":[{"embeddable":true,"href":"https:\/\/wordpress.callac.online\/index.php\/wp-json\/wp\/v2\/pages\/2651"}],"wp:attachment":[{"href":"https:\/\/wordpress.callac.online\/index.php\/wp-json\/wp\/v2\/media?parent=224"}],"curies":[{"name":"wp","href":"https:\/\/api.w.org\/{rel}","templated":true}]}}