{"id":226,"date":"2013-07-11T14:59:00","date_gmt":"2013-07-11T12:59:00","guid":{"rendered":"http:\/\/wordpress.callac.online\/index.php\/professorgui-une-interface-pour-professor\/"},"modified":"2023-10-14T20:12:33","modified_gmt":"2023-10-14T18:12:33","slug":"professorgui-une-interface-pour-professor","status":"publish","type":"page","link":"https:\/\/wordpress.callac.online\/index.php\/edition-mathematique\/professor\/professorgui\/professorgui-une-interface-pour-professor\/","title":{"rendered":"ProfessorGui : une interface pour Professor"},"content":{"rendered":"<h2>Pourquoi une interface au dessus de Professor ?<\/h2>\n<hr \/>\n<p>Professor permet de faire de nombreuses choses. Il est difficile de se rappeler de tout. Cette interface donne un moyen qui se veut simple de montrer ses diff\u00e9rentes possibilit\u00e9s et\/ou de mettre au point un graphique.<\/p>\n<p>Pour les d\u00e9butants, cela peut \u00eatre une prise en main en douceur.<\/p>\n<p>Pour les autres, cela permet de faire facilement des tests, des comparaisons entre les sorties Metapost et Asymptote.<\/p>\n<p>Pour chaque graphique, une fen\u00eatre permet de rentrer les param\u00e8tres. On peut alors :<br \/>\n&#8211; compiler le fichier,<br \/>\n&#8211; lire le fichier donnant le code du graphique,<br \/>\n&#8211; afficher le fichier image.<\/p>\n<p>Dans certains cas, un code LaTeX suppl\u00e9mentaire est aussi propos\u00e9.<\/p>\n<p>Enfin, l&rsquo;utilisateur a le choix entre inclure le code LaTeX de l&rsquo;environnement utilis\u00e9, ou inclure l&rsquo;image cr\u00e9\u00e9e.<\/p>\n<table>\n<tbody>\n<tr class=\"row_even\">\n<td>\n<p><figure id=\"attachment_863\" aria-describedby=\"caption-attachment-863\" style=\"width: 810px\" class=\"wp-caption aligncenter\"><img loading=\"lazy\" decoding=\"async\" class=\" aligncenter size-full wp-image-863\" title=\"Fen\u00eatre principale\" src=\"http:\/\/wordpress.callac.online\/wp-content\/uploads\/2013\/07\/jpg_professor.jpg\" alt=\"Fen\u00eatre principale\" width=\"810\" height=\"743\" align=\"center\" srcset=\"https:\/\/wordpress.callac.online\/wp-content\/uploads\/2013\/07\/jpg_professor.jpg 810w, https:\/\/wordpress.callac.online\/wp-content\/uploads\/2013\/07\/jpg_professor-300x275.jpg 300w, https:\/\/wordpress.callac.online\/wp-content\/uploads\/2013\/07\/jpg_professor-768x704.jpg 768w\" sizes=\"auto, (max-width: 810px) 100vw, 810px\" \/><figcaption id=\"caption-attachment-863\" class=\"wp-caption-text\">Fen\u00eatre principale<\/figcaption><\/figure><\/td>\n<td>\n<p><figure id=\"attachment_864\" aria-describedby=\"caption-attachment-864\" style=\"width: 926px\" class=\"wp-caption aligncenter\"><img loading=\"lazy\" decoding=\"async\" class=\" aligncenter size-full wp-image-864\" title=\"Exemple de la bo\u00eete \u00e0 monstaches\" src=\"http:\/\/wordpress.callac.online\/wp-content\/uploads\/2013\/07\/jpg_moustache-2.jpg\" alt=\"Exemple de la bo\u00eete \u00e0 monstaches\" width=\"926\" height=\"899\" align=\"center\" srcset=\"https:\/\/wordpress.callac.online\/wp-content\/uploads\/2013\/07\/jpg_moustache-2.jpg 926w, https:\/\/wordpress.callac.online\/wp-content\/uploads\/2013\/07\/jpg_moustache-2-300x291.jpg 300w, https:\/\/wordpress.callac.online\/wp-content\/uploads\/2013\/07\/jpg_moustache-2-768x746.jpg 768w\" sizes=\"auto, (max-width: 926px) 100vw, 926px\" \/><figcaption id=\"caption-attachment-864\" class=\"wp-caption-text\">Exemple de la bo\u00eete \u00e0 monstaches<\/figcaption><\/figure><\/td>\n<td><a href=\"http:\/\/wordpress.callac.online\/wp-content\/uploads\/2013\/07\/pdf_sortie_mp.pdf\">Exemple de fichier en sortie<\/a><\/td>\n<\/tr>\n<\/tbody>\n<\/table>\n<h2>Une vid\u00e9o de pr\u00e9sentation<\/h2>\n<hr \/>\n<p>Vous trouverez <a href=\"http:\/\/download.tuxfamily.org\/mathsp\/Videos\/professorGUI.ogv\">ici<\/a> la version t\u00e9l\u00e9chargeable d&rsquo;environ 50Mo (9 min).<\/p>\n<h2>Les outils utilis\u00e9s<\/h2>\n<hr \/>\n<p>Cette interface est cr\u00e9\u00e9e en utilisant le concepteur d&rsquo;interfaces Glade, et le langage Pygtk.<\/p>\n<h2>Installation et utilisation<\/h2>\n<hr \/>\n<p>L&rsquo;installation de Professor\u00a0 est d\u00e9crite dans <a href=\"https:\/\/wordpress.callac.online\/index.php\/edition-mathematique\/professor\/generalites-sur-professor-sty\/linstallation\/\">cet article<\/a>.<\/p>\n<p>ProfessorGUI demande l&rsquo;installation d&rsquo;un module Python<\/p>\n<div class=\"spip_code\" dir=\"ltr\"><code>sudo apt-get install python3 python3-gi<\/code><\/div>\n<hr \/>\n<p>Dans votre dossier personnel, venez placer le dossier ProfessorGUI disponible dans <a href=\"https:\/\/filedn.com\/lpKG7uY9hIHVel5exA5Ik80\/Wordpress\/%C3%89dition%20math%C3%A9matiques\/Professor\/ProfessorGui.zip\">cette archive<\/a>.<\/p>\n<p>Pour cr\u00e9er un raccourci vers l\u2019application\u00a0ProfessorGui, commencer par cr\u00e9er un fichier <strong>ProfessorGUI.desktop<\/strong>\u00a0 contenant les lignes suivantes en ajustant les chemins :<\/p>\n<pre class=\"EnlighterJSRAW\" data-enlighter-language=\"generic\">[Desktop Entry]\nComment=ProfessorGui\nTerminal=false\nName=ProfessorGui\nExec=sh \/home\/mondossierperso\/ProfessorGui\/Professor.sh\nType=Application\nIcon=\/home\/mondossierperso\/ProfessorGui\/Images\/iconeprofessor.png<\/pre>\n<p>Placer ce fichier dans le dossier <strong>.\/local\/share\/applications<\/strong>.<\/p>\n<p>N&rsquo;oubliez pas d&rsquo;avoir une version r\u00e9cente de XCAS !<\/p>\n","protected":false},"excerpt":{"rendered":"<p>Pourquoi une interface au dessus de Professor ? Professor permet de faire de nombreuses choses. Il est difficile de se rappeler de tout. Cette interface donne un moyen qui se&hellip;<\/p>\n","protected":false},"author":1,"featured_media":0,"parent":2258,"menu_order":0,"comment_status":"closed","ping_status":"closed","template":"","meta":{"footnotes":""},"class_list":["post-226","page","type-page","status-publish","hentry"],"yoast_head":"<!-- This site is optimized with the Yoast SEO plugin v27.1.1 - https:\/\/yoast.com\/product\/yoast-seo-wordpress\/ -->\n<title>ProfessorGui : une interface pour Professor - Maths &amp; Num\u00e9rique<\/title>\n<meta name=\"robots\" content=\"index, follow, max-snippet:-1, max-image-preview:large, max-video-preview:-1\" \/>\n<link rel=\"canonical\" href=\"https:\/\/wordpress.callac.online\/index.php\/edition-mathematique\/professor\/professorgui\/professorgui-une-interface-pour-professor\/\" \/>\n<meta property=\"og:locale\" content=\"fr_FR\" \/>\n<meta property=\"og:type\" content=\"article\" \/>\n<meta property=\"og:title\" content=\"ProfessorGui : une interface pour Professor - Maths &amp; Num\u00e9rique\" \/>\n<meta property=\"og:description\" content=\"Pourquoi une interface au dessus de Professor ? Professor permet de faire de nombreuses choses. Il est difficile de se rappeler de tout. Cette interface donne un moyen qui se&hellip;\" \/>\n<meta property=\"og:url\" content=\"https:\/\/wordpress.callac.online\/index.php\/edition-mathematique\/professor\/professorgui\/professorgui-une-interface-pour-professor\/\" \/>\n<meta property=\"og:site_name\" content=\"Maths &amp; Num\u00e9rique\" \/>\n<meta property=\"article:modified_time\" content=\"2023-10-14T18:12:33+00:00\" \/>\n<meta property=\"og:image\" content=\"http:\/\/wordpress.callac.online\/wp-content\/uploads\/2013\/07\/jpg_professor.jpg\" \/>\n<meta name=\"twitter:card\" content=\"summary_large_image\" \/>\n<meta name=\"twitter:label1\" content=\"Dur\u00e9e de lecture estim\u00e9e\" \/>\n\t<meta name=\"twitter:data1\" content=\"2 minutes\" \/>\n<script type=\"application\/ld+json\" class=\"yoast-schema-graph\">{\"@context\":\"https:\/\/schema.org\",\"@graph\":[{\"@type\":\"WebPage\",\"@id\":\"https:\/\/wordpress.callac.online\/index.php\/edition-mathematique\/professor\/professorgui\/professorgui-une-interface-pour-professor\/\",\"url\":\"https:\/\/wordpress.callac.online\/index.php\/edition-mathematique\/professor\/professorgui\/professorgui-une-interface-pour-professor\/\",\"name\":\"ProfessorGui : une interface pour Professor - Maths &amp; Num\u00e9rique\",\"isPartOf\":{\"@id\":\"https:\/\/wordpress.callac.online\/#website\"},\"primaryImageOfPage\":{\"@id\":\"https:\/\/wordpress.callac.online\/index.php\/edition-mathematique\/professor\/professorgui\/professorgui-une-interface-pour-professor\/#primaryimage\"},\"image\":{\"@id\":\"https:\/\/wordpress.callac.online\/index.php\/edition-mathematique\/professor\/professorgui\/professorgui-une-interface-pour-professor\/#primaryimage\"},\"thumbnailUrl\":\"http:\/\/wordpress.callac.online\/wp-content\/uploads\/2013\/07\/jpg_professor.jpg\",\"datePublished\":\"2013-07-11T12:59:00+00:00\",\"dateModified\":\"2023-10-14T18:12:33+00:00\",\"breadcrumb\":{\"@id\":\"https:\/\/wordpress.callac.online\/index.php\/edition-mathematique\/professor\/professorgui\/professorgui-une-interface-pour-professor\/#breadcrumb\"},\"inLanguage\":\"fr-FR\",\"potentialAction\":[{\"@type\":\"ReadAction\",\"target\":[\"https:\/\/wordpress.callac.online\/index.php\/edition-mathematique\/professor\/professorgui\/professorgui-une-interface-pour-professor\/\"]}]},{\"@type\":\"ImageObject\",\"inLanguage\":\"fr-FR\",\"@id\":\"https:\/\/wordpress.callac.online\/index.php\/edition-mathematique\/professor\/professorgui\/professorgui-une-interface-pour-professor\/#primaryimage\",\"url\":\"http:\/\/wordpress.callac.online\/wp-content\/uploads\/2013\/07\/jpg_professor.jpg\",\"contentUrl\":\"http:\/\/wordpress.callac.online\/wp-content\/uploads\/2013\/07\/jpg_professor.jpg\"},{\"@type\":\"BreadcrumbList\",\"@id\":\"https:\/\/wordpress.callac.online\/index.php\/edition-mathematique\/professor\/professorgui\/professorgui-une-interface-pour-professor\/#breadcrumb\",\"itemListElement\":[{\"@type\":\"ListItem\",\"position\":1,\"name\":\"Accueil\",\"item\":\"https:\/\/wordpress.callac.online\/\"},{\"@type\":\"ListItem\",\"position\":2,\"name\":\"\u00c9dition math\u00e9matique\",\"item\":\"https:\/\/wordpress.callac.online\/index.php\/edition-mathematique\/\"},{\"@type\":\"ListItem\",\"position\":3,\"name\":\"Professor\",\"item\":\"https:\/\/wordpress.callac.online\/index.php\/edition-mathematique\/professor\/\"},{\"@type\":\"ListItem\",\"position\":4,\"name\":\"ProfessorGUI\",\"item\":\"https:\/\/wordpress.callac.online\/index.php\/edition-mathematique\/professor\/professorgui\/\"},{\"@type\":\"ListItem\",\"position\":5,\"name\":\"ProfessorGui : une interface pour Professor\"}]},{\"@type\":\"WebSite\",\"@id\":\"https:\/\/wordpress.callac.online\/#website\",\"url\":\"https:\/\/wordpress.callac.online\/\",\"name\":\"Maths & Num\u00e9rique\",\"description\":\"Des outils pour les enseignants de math\u00e9matiques et de num\u00e9rique\",\"publisher\":{\"@id\":\"https:\/\/wordpress.callac.online\/#\/schema\/person\/04061f1ca2c2c42039142a704be95940\"},\"potentialAction\":[{\"@type\":\"SearchAction\",\"target\":{\"@type\":\"EntryPoint\",\"urlTemplate\":\"https:\/\/wordpress.callac.online\/?s={search_term_string}\"},\"query-input\":{\"@type\":\"PropertyValueSpecification\",\"valueRequired\":true,\"valueName\":\"search_term_string\"}}],\"inLanguage\":\"fr-FR\"},{\"@type\":[\"Person\",\"Organization\"],\"@id\":\"https:\/\/wordpress.callac.online\/#\/schema\/person\/04061f1ca2c2c42039142a704be95940\",\"name\":\"dlefur\",\"image\":{\"@type\":\"ImageObject\",\"inLanguage\":\"fr-FR\",\"@id\":\"https:\/\/wordpress.callac.online\/#\/schema\/person\/image\/\",\"url\":\"https:\/\/secure.gravatar.com\/avatar\/4a9e17be136808c6597f28aa2b6c13126dab066fdc2198ff60090972c9b7fafc?s=96&d=mm&r=g\",\"contentUrl\":\"https:\/\/secure.gravatar.com\/avatar\/4a9e17be136808c6597f28aa2b6c13126dab066fdc2198ff60090972c9b7fafc?s=96&d=mm&r=g\",\"caption\":\"dlefur\"},\"logo\":{\"@id\":\"https:\/\/wordpress.callac.online\/#\/schema\/person\/image\/\"},\"description\":\"Enseignant de math\u00e9matiques Lyc\u00e9e Pasteur S\u00e3o Paulo\",\"sameAs\":[\"http:\/\/wordpress.callac.online\"]}]}<\/script>\n<!-- \/ Yoast SEO plugin. -->","yoast_head_json":{"title":"ProfessorGui : une interface pour Professor - Maths &amp; Num\u00e9rique","robots":{"index":"index","follow":"follow","max-snippet":"max-snippet:-1","max-image-preview":"max-image-preview:large","max-video-preview":"max-video-preview:-1"},"canonical":"https:\/\/wordpress.callac.online\/index.php\/edition-mathematique\/professor\/professorgui\/professorgui-une-interface-pour-professor\/","og_locale":"fr_FR","og_type":"article","og_title":"ProfessorGui : une interface pour Professor - Maths &amp; Num\u00e9rique","og_description":"Pourquoi une interface au dessus de Professor ? Professor permet de faire de nombreuses choses. Il est difficile de se rappeler de tout. Cette interface donne un moyen qui se&hellip;","og_url":"https:\/\/wordpress.callac.online\/index.php\/edition-mathematique\/professor\/professorgui\/professorgui-une-interface-pour-professor\/","og_site_name":"Maths &amp; Num\u00e9rique","article_modified_time":"2023-10-14T18:12:33+00:00","og_image":[{"url":"http:\/\/wordpress.callac.online\/wp-content\/uploads\/2013\/07\/jpg_professor.jpg","type":"","width":"","height":""}],"twitter_card":"summary_large_image","twitter_misc":{"Dur\u00e9e de lecture estim\u00e9e":"2 minutes"},"schema":{"@context":"https:\/\/schema.org","@graph":[{"@type":"WebPage","@id":"https:\/\/wordpress.callac.online\/index.php\/edition-mathematique\/professor\/professorgui\/professorgui-une-interface-pour-professor\/","url":"https:\/\/wordpress.callac.online\/index.php\/edition-mathematique\/professor\/professorgui\/professorgui-une-interface-pour-professor\/","name":"ProfessorGui : une interface pour Professor - Maths &amp; Num\u00e9rique","isPartOf":{"@id":"https:\/\/wordpress.callac.online\/#website"},"primaryImageOfPage":{"@id":"https:\/\/wordpress.callac.online\/index.php\/edition-mathematique\/professor\/professorgui\/professorgui-une-interface-pour-professor\/#primaryimage"},"image":{"@id":"https:\/\/wordpress.callac.online\/index.php\/edition-mathematique\/professor\/professorgui\/professorgui-une-interface-pour-professor\/#primaryimage"},"thumbnailUrl":"http:\/\/wordpress.callac.online\/wp-content\/uploads\/2013\/07\/jpg_professor.jpg","datePublished":"2013-07-11T12:59:00+00:00","dateModified":"2023-10-14T18:12:33+00:00","breadcrumb":{"@id":"https:\/\/wordpress.callac.online\/index.php\/edition-mathematique\/professor\/professorgui\/professorgui-une-interface-pour-professor\/#breadcrumb"},"inLanguage":"fr-FR","potentialAction":[{"@type":"ReadAction","target":["https:\/\/wordpress.callac.online\/index.php\/edition-mathematique\/professor\/professorgui\/professorgui-une-interface-pour-professor\/"]}]},{"@type":"ImageObject","inLanguage":"fr-FR","@id":"https:\/\/wordpress.callac.online\/index.php\/edition-mathematique\/professor\/professorgui\/professorgui-une-interface-pour-professor\/#primaryimage","url":"http:\/\/wordpress.callac.online\/wp-content\/uploads\/2013\/07\/jpg_professor.jpg","contentUrl":"http:\/\/wordpress.callac.online\/wp-content\/uploads\/2013\/07\/jpg_professor.jpg"},{"@type":"BreadcrumbList","@id":"https:\/\/wordpress.callac.online\/index.php\/edition-mathematique\/professor\/professorgui\/professorgui-une-interface-pour-professor\/#breadcrumb","itemListElement":[{"@type":"ListItem","position":1,"name":"Accueil","item":"https:\/\/wordpress.callac.online\/"},{"@type":"ListItem","position":2,"name":"\u00c9dition math\u00e9matique","item":"https:\/\/wordpress.callac.online\/index.php\/edition-mathematique\/"},{"@type":"ListItem","position":3,"name":"Professor","item":"https:\/\/wordpress.callac.online\/index.php\/edition-mathematique\/professor\/"},{"@type":"ListItem","position":4,"name":"ProfessorGUI","item":"https:\/\/wordpress.callac.online\/index.php\/edition-mathematique\/professor\/professorgui\/"},{"@type":"ListItem","position":5,"name":"ProfessorGui : une interface pour Professor"}]},{"@type":"WebSite","@id":"https:\/\/wordpress.callac.online\/#website","url":"https:\/\/wordpress.callac.online\/","name":"Maths & Num\u00e9rique","description":"Des outils pour les enseignants de math\u00e9matiques et de num\u00e9rique","publisher":{"@id":"https:\/\/wordpress.callac.online\/#\/schema\/person\/04061f1ca2c2c42039142a704be95940"},"potentialAction":[{"@type":"SearchAction","target":{"@type":"EntryPoint","urlTemplate":"https:\/\/wordpress.callac.online\/?s={search_term_string}"},"query-input":{"@type":"PropertyValueSpecification","valueRequired":true,"valueName":"search_term_string"}}],"inLanguage":"fr-FR"},{"@type":["Person","Organization"],"@id":"https:\/\/wordpress.callac.online\/#\/schema\/person\/04061f1ca2c2c42039142a704be95940","name":"dlefur","image":{"@type":"ImageObject","inLanguage":"fr-FR","@id":"https:\/\/wordpress.callac.online\/#\/schema\/person\/image\/","url":"https:\/\/secure.gravatar.com\/avatar\/4a9e17be136808c6597f28aa2b6c13126dab066fdc2198ff60090972c9b7fafc?s=96&d=mm&r=g","contentUrl":"https:\/\/secure.gravatar.com\/avatar\/4a9e17be136808c6597f28aa2b6c13126dab066fdc2198ff60090972c9b7fafc?s=96&d=mm&r=g","caption":"dlefur"},"logo":{"@id":"https:\/\/wordpress.callac.online\/#\/schema\/person\/image\/"},"description":"Enseignant de math\u00e9matiques Lyc\u00e9e Pasteur S\u00e3o Paulo","sameAs":["http:\/\/wordpress.callac.online"]}]}},"_links":{"self":[{"href":"https:\/\/wordpress.callac.online\/index.php\/wp-json\/wp\/v2\/pages\/226","targetHints":{"allow":["GET"]}}],"collection":[{"href":"https:\/\/wordpress.callac.online\/index.php\/wp-json\/wp\/v2\/pages"}],"about":[{"href":"https:\/\/wordpress.callac.online\/index.php\/wp-json\/wp\/v2\/types\/page"}],"author":[{"embeddable":true,"href":"https:\/\/wordpress.callac.online\/index.php\/wp-json\/wp\/v2\/users\/1"}],"replies":[{"embeddable":true,"href":"https:\/\/wordpress.callac.online\/index.php\/wp-json\/wp\/v2\/comments?post=226"}],"version-history":[{"count":8,"href":"https:\/\/wordpress.callac.online\/index.php\/wp-json\/wp\/v2\/pages\/226\/revisions"}],"predecessor-version":[{"id":3342,"href":"https:\/\/wordpress.callac.online\/index.php\/wp-json\/wp\/v2\/pages\/226\/revisions\/3342"}],"up":[{"embeddable":true,"href":"https:\/\/wordpress.callac.online\/index.php\/wp-json\/wp\/v2\/pages\/2258"}],"wp:attachment":[{"href":"https:\/\/wordpress.callac.online\/index.php\/wp-json\/wp\/v2\/media?parent=226"}],"curies":[{"name":"wp","href":"https:\/\/api.w.org\/{rel}","templated":true}]}}