{"id":230,"date":"2010-07-31T12:00:47","date_gmt":"2010-07-31T10:00:47","guid":{"rendered":"http:\/\/wordpress.callac.online\/index.php\/les-instructions-conditionnelles-en-python\/"},"modified":"2022-01-05T22:41:54","modified_gmt":"2022-01-05T21:41:54","slug":"les-instructions-conditionnelles-en-python","status":"publish","type":"page","link":"https:\/\/wordpress.callac.online\/index.php\/python\/generalites-sur-python\/les-instructions-conditionnelles-en-python\/","title":{"rendered":"Les instructions conditionnelles (en Python)"},"content":{"rendered":"<h2>Les sch\u00e9mas classiques<\/h2>\n<hr \/>\n<p>Il existe trois sch\u00e9mas possibles utilisant l&rsquo;instruction <em>if<\/em> pour r\u00e9aliser des tests.<\/p>\n<p><strong>* test simple : si alors<\/strong><\/p>\n<pre class=\"EnlighterJSRAW\" data-enlighter-language=\"generic\">instruction normale\ninstruction normale\ninstruction normale\ninstruction normale\n...\n\nif condition :\n    instruction\n    instruction\n    instruction\n    ...\n\ninstruction normale\ninstruction normale\ninstruction normale\n...<\/pre>\n<p><strong>* test : si alors autrement<\/strong><\/p>\n<pre class=\"EnlighterJSRAW\" data-enlighter-language=\"generic\">instruction normale\ninstruction normale\ninstruction normale\ninstruction normale\n...\n\nif condition :\n    instruction\n    instruction\n    instruction\nelse :\n    instruction\n    instruction\n    instruction\n    ...\n\ninstruction normale\ninstruction normale\ninstruction normale\n...<\/pre>\n<p><strong>* test : si alors sinon &#8230; autrement<\/strong><\/p>\n<pre class=\"EnlighterJSRAW\" data-enlighter-language=\"generic\">instruction normale\ninstruction normale\ninstruction normale\ninstruction normale\n...\n\nif condition :\n    instruction\n    instruction\n    instruction\n    ...\nelif condition :\n    instruction\n    instruction\n    instruction\n    ...\nelif condition :\n    instruction\n    instruction\n    instruction\n    ...\nelse :\n    instruction\n    instruction\n    instruction\n    ...\n\ninstruction normale\ninstruction normale\ninstruction normale\n...<\/pre>\n<h2>Un exemple minimal<\/h2>\n<hr \/>\n<pre class=\"EnlighterJSRAW\" data-enlighter-language=\"generic\"># -*- coding:utf-8 -*-\n\nnombre=int(input(\"Rentrez un nombre :\"))\n\nif nombre ==33:\n    print(\"Vous \u00eates malade !\")\n\nprint(\"Je d\u00e9teste les m\u00e9decins.\")\n\ninput(\"Appuyer sur ENTER pour terminer le programme. \")<\/pre>\n<p><strong>*l.1 \u00e0 l.4 : &#8212;&#8212;- avant le test &#8212;&#8212;-<\/strong><\/p>\n<p>Un peu de travail pour l&rsquo;utilisateur &#8230;<\/p>\n<p>L&rsquo;instruction <em>input<\/em> demande une cha\u00eene de caract\u00e8re.<\/p>\n<p>L&rsquo;instruction <em>int<\/em> convertit cette cha\u00eene en un entier.<\/p>\n<p><strong>*l.5 \u00e0 l.6 : &#8212;&#8212;- le test &#8212;&#8212;-<\/strong><\/p>\n<p>&#8211; <strong>*l.5<\/strong><br \/>&#8211; Si la variable <em>nombre<\/em> est \u00e9gale \u00e0 <em>33<\/em>, on effectue les instructions conditionnelles.<br \/>&#8211; Ne pas oublier le \u00ab\u00a0:\u00a0\u00bb en fin de ligne.<br \/>&#8211; <strong>*l.6 <\/strong> Voici l&rsquo;instruction \u00e0 faire.<br \/>&#8211; Pour diff\u00e9rencier cette instruction de la suite du programme, on a tap\u00e9 au d\u00e9but une tabulation (de plus), cette indentation (ce d\u00e9calage) est indispensable.<\/p>\n<p><strong>*l.7 \u00e0 l.11 : &#8212;&#8212;- apr\u00e8s le test &#8212;&#8212;-<\/strong><\/p>\n<p>La fin de programme &#8230;<\/p>\n<h2>Des variantes<\/h2>\n<hr \/>\n<p><strong>* test : si alors autrement<\/strong><\/p>\n<pre class=\"EnlighterJSRAW\" data-enlighter-language=\"python\"># -*- coding:utf-8 -*-\n\nnombre=int(input(\"Rentrez un nombre :\"))\n\nif nombre ==33:\n    print(\"Bingo !\")\nelse :\n    print(\"Perdu !\")\n    \n    \nprint (\"Je d\u00e9teste les m\u00e9decins.\")\n\ninput(\"Appuyer sur ENTER pour terminer le programme. \")<\/pre>\n<p><strong>* test : si alors sinon autrement<\/strong><\/p>\n<pre class=\"EnlighterJSRAW\" data-enlighter-language=\"python\"># -*- coding:utf-8 -*-\n\nnombre=int(input(\"Rentrez un nombre :\"))\n\nif nombre &lt; 33 :\n    print (\"Un peu juste !\")\nelif nombre &gt; 33 :\n    print (\"Un peu fort !\")\nelse :\n    print (\"Bingo\")\n    \n    \nprint( \"Je d\u00e9teste les m\u00e9decins.\")\n\ninput(\"Appuyer sur ENTER pour terminer le programme. \")<\/pre>\n<h2>Les conditions<\/h2>\n<hr \/>\n<p>Le test fait intervenir une condition qui renvoie un bool\u00e9en :<br \/>&#8211; <em>True<\/em> si la condition est respect\u00e9e,<br \/>&#8211; <em>False<\/em> si la condition n&rsquo;est pas respect\u00e9e.<\/p>\n<p>Voici le tableau des op\u00e9rateurs de comparaison utilisables :<\/p>\n<table>\n<tbody>\n<tr class=\"row_even\">\n<td><em>a == b<\/em><\/td>\n<td><em>a<\/em> \u00e9gal \u00e0 <em>b<\/em><\/td>\n<\/tr>\n<tr class=\"row_odd\">\n<td><em>a != b<\/em><\/td>\n<td><em>a<\/em> diff\u00e9rent de <em>b<\/em><\/td>\n<\/tr>\n<tr class=\"row_even\">\n<td><em>a &lt; b<\/em><\/td>\n<td><em>a<\/em> inf\u00e9rieur \u00e0 <em>b<\/em><\/td>\n<\/tr>\n<tr class=\"row_odd\">\n<td><em>a &lt;= b<\/em><\/td>\n<td><em>a<\/em> inf\u00e9rieur ou \u00e9gal \u00e0 <em>b<\/em><\/td>\n<\/tr>\n<tr class=\"row_even\">\n<td><em>a &gt; b<\/em><\/td>\n<td><em>a<\/em> sup\u00e9rieur \u00e0 <em>b<\/em><\/td>\n<\/tr>\n<tr class=\"row_odd\">\n<td><em>a &gt;= b<\/em><\/td>\n<td><em>a<\/em> sup\u00e9rieur ou \u00e9gal \u00e0 <em>b<\/em><\/td>\n<\/tr>\n<\/tbody>\n<\/table>\n<p>On peut aussi composer les conditions avec les op\u00e9rateurs logiques :<\/p>\n<table>\n<tbody>\n<tr class=\"row_even\">\n<td><em>condition1 <strong>and<\/strong> condition2<\/em><\/td>\n<td><em>condition1<\/em> et <em>condition2<\/em><\/td>\n<\/tr>\n<tr class=\"row_odd\">\n<td><em>condition1 <strong>or<\/strong> condition2<\/em><\/td>\n<td><em>condition1<\/em> ou <em>condition2<\/em><\/td>\n<\/tr>\n<\/tbody>\n<\/table>\n<p>On peut aussi utiliser le mot-cl\u00e9 <em>in<\/em> qui va tester si un \u00e9l\u00e9ment est dans une liste :<\/p>\n<table>\n<tbody>\n<tr class=\"row_even\">\n<td>a <strong>in<\/strong> liste1<\/td>\n<td>a inclus dans liste1<\/td>\n<\/tr>\n<\/tbody>\n<\/table>\n<h2>Un exemple plus complet<\/h2>\n<hr \/>\n<pre class=\"EnlighterJSRAW\" data-enlighter-language=\"python\"># -*- coding:utf-8 -*-\n\nnombre=int(input(\"Rentrez votre \u00e2ge (nombre entier d'ann\u00e9es) : \"))\n\nif nombre &lt; 0 :\n    print(\"N\u00e9gatif !\")\nelif nombre &lt; 5 :\n    print(\"Bravo, vous savez d\u00e9j\u00e0 lire !\")\nelif nombre &lt;= 17 :\n    print(\"Pas encore majeur !\" )   \nelse :\n    if nombre == 33 or nombre &gt;= 100 :\n        print(\"En pleine forme !\")\n    else :\n        print(\"Rien \u00e0 signaler\")\n    \n    \nprint(\"\\n Merci d'avoir participer.\")\n\ninput(\"Appuyer sur ENTER pour terminer le programme. \")<\/pre>\n<p><iframe loading=\"lazy\" src=\"https:\/\/trinket.io\/embed\/python\/928389d1c8?toggleCode=true\" width=\"100%\" height=\"600\" frameborder=\"0\" marginwidth=\"0\" marginheight=\"0\" allowfullscreen=\"allowfullscreen\"><\/iframe><\/p>\n\n\n<hr class=\"wp-block-separator\"\/>\n\n\n\n<p><a href=\"https:\/\/filedn.com\/lpKG7uY9hIHVel5exA5Ik80\/Wordpress\/Python\/Coderunner\/B\/questionsB.pdf\" target=\"_blank\" rel=\"noreferrer noopener\">Des exercices<\/a> faits avec Coderunner<\/p>\n","protected":false},"excerpt":{"rendered":"<p>Les sch\u00e9mas classiques Il existe trois sch\u00e9mas possibles utilisant l&rsquo;instruction if pour r\u00e9aliser des tests. * test simple : si alors instruction normale instruction normale instruction normale instruction normale &#8230;&hellip;<\/p>\n","protected":false},"author":1,"featured_media":0,"parent":1649,"menu_order":2,"comment_status":"closed","ping_status":"closed","template":"","meta":{"footnotes":""},"class_list":["post-230","page","type-page","status-publish","hentry"],"yoast_head":"<!-- This site is optimized with the Yoast SEO plugin v27.1.1 - https:\/\/yoast.com\/product\/yoast-seo-wordpress\/ -->\n<title>Les instructions conditionnelles (en Python) - Maths &amp; Num\u00e9rique<\/title>\n<meta name=\"robots\" content=\"index, follow, max-snippet:-1, max-image-preview:large, max-video-preview:-1\" \/>\n<link rel=\"canonical\" href=\"https:\/\/wordpress.callac.online\/index.php\/python\/generalites-sur-python\/les-instructions-conditionnelles-en-python\/\" \/>\n<meta property=\"og:locale\" content=\"fr_FR\" \/>\n<meta property=\"og:type\" content=\"article\" \/>\n<meta property=\"og:title\" content=\"Les instructions conditionnelles (en Python) - Maths &amp; Num\u00e9rique\" \/>\n<meta property=\"og:description\" content=\"Les sch\u00e9mas classiques Il existe trois sch\u00e9mas possibles utilisant l&rsquo;instruction if pour r\u00e9aliser des tests. * test simple : si alors instruction normale instruction normale instruction normale instruction normale ...&hellip;\" \/>\n<meta property=\"og:url\" content=\"https:\/\/wordpress.callac.online\/index.php\/python\/generalites-sur-python\/les-instructions-conditionnelles-en-python\/\" \/>\n<meta property=\"og:site_name\" content=\"Maths &amp; Num\u00e9rique\" \/>\n<meta property=\"article:modified_time\" content=\"2022-01-05T21:41:54+00:00\" \/>\n<meta name=\"twitter:card\" content=\"summary_large_image\" \/>\n<meta name=\"twitter:label1\" content=\"Dur\u00e9e de lecture estim\u00e9e\" \/>\n\t<meta name=\"twitter:data1\" content=\"3 minutes\" \/>\n<script type=\"application\/ld+json\" class=\"yoast-schema-graph\">{\"@context\":\"https:\/\/schema.org\",\"@graph\":[{\"@type\":\"WebPage\",\"@id\":\"https:\/\/wordpress.callac.online\/index.php\/python\/generalites-sur-python\/les-instructions-conditionnelles-en-python\/\",\"url\":\"https:\/\/wordpress.callac.online\/index.php\/python\/generalites-sur-python\/les-instructions-conditionnelles-en-python\/\",\"name\":\"Les instructions conditionnelles (en Python) - Maths &amp; Num\u00e9rique\",\"isPartOf\":{\"@id\":\"https:\/\/wordpress.callac.online\/#website\"},\"datePublished\":\"2010-07-31T10:00:47+00:00\",\"dateModified\":\"2022-01-05T21:41:54+00:00\",\"breadcrumb\":{\"@id\":\"https:\/\/wordpress.callac.online\/index.php\/python\/generalites-sur-python\/les-instructions-conditionnelles-en-python\/#breadcrumb\"},\"inLanguage\":\"fr-FR\",\"potentialAction\":[{\"@type\":\"ReadAction\",\"target\":[\"https:\/\/wordpress.callac.online\/index.php\/python\/generalites-sur-python\/les-instructions-conditionnelles-en-python\/\"]}]},{\"@type\":\"BreadcrumbList\",\"@id\":\"https:\/\/wordpress.callac.online\/index.php\/python\/generalites-sur-python\/les-instructions-conditionnelles-en-python\/#breadcrumb\",\"itemListElement\":[{\"@type\":\"ListItem\",\"position\":1,\"name\":\"Accueil\",\"item\":\"https:\/\/wordpress.callac.online\/\"},{\"@type\":\"ListItem\",\"position\":2,\"name\":\"Python\",\"item\":\"https:\/\/wordpress.callac.online\/index.php\/python\/\"},{\"@type\":\"ListItem\",\"position\":3,\"name\":\"G\u00e9n\u00e9ralit\u00e9s sur Python\",\"item\":\"https:\/\/wordpress.callac.online\/index.php\/python\/generalites-sur-python\/\"},{\"@type\":\"ListItem\",\"position\":4,\"name\":\"Les instructions conditionnelles (en Python)\"}]},{\"@type\":\"WebSite\",\"@id\":\"https:\/\/wordpress.callac.online\/#website\",\"url\":\"https:\/\/wordpress.callac.online\/\",\"name\":\"Maths & Num\u00e9rique\",\"description\":\"Des outils pour les enseignants de math\u00e9matiques et de num\u00e9rique\",\"publisher\":{\"@id\":\"https:\/\/wordpress.callac.online\/#\/schema\/person\/04061f1ca2c2c42039142a704be95940\"},\"potentialAction\":[{\"@type\":\"SearchAction\",\"target\":{\"@type\":\"EntryPoint\",\"urlTemplate\":\"https:\/\/wordpress.callac.online\/?s={search_term_string}\"},\"query-input\":{\"@type\":\"PropertyValueSpecification\",\"valueRequired\":true,\"valueName\":\"search_term_string\"}}],\"inLanguage\":\"fr-FR\"},{\"@type\":[\"Person\",\"Organization\"],\"@id\":\"https:\/\/wordpress.callac.online\/#\/schema\/person\/04061f1ca2c2c42039142a704be95940\",\"name\":\"dlefur\",\"image\":{\"@type\":\"ImageObject\",\"inLanguage\":\"fr-FR\",\"@id\":\"https:\/\/wordpress.callac.online\/#\/schema\/person\/image\/\",\"url\":\"https:\/\/secure.gravatar.com\/avatar\/4a9e17be136808c6597f28aa2b6c13126dab066fdc2198ff60090972c9b7fafc?s=96&d=mm&r=g\",\"contentUrl\":\"https:\/\/secure.gravatar.com\/avatar\/4a9e17be136808c6597f28aa2b6c13126dab066fdc2198ff60090972c9b7fafc?s=96&d=mm&r=g\",\"caption\":\"dlefur\"},\"logo\":{\"@id\":\"https:\/\/wordpress.callac.online\/#\/schema\/person\/image\/\"},\"description\":\"Enseignant de math\u00e9matiques Lyc\u00e9e Pasteur S\u00e3o Paulo\",\"sameAs\":[\"http:\/\/wordpress.callac.online\"]}]}<\/script>\n<!-- \/ Yoast SEO plugin. -->","yoast_head_json":{"title":"Les instructions conditionnelles (en Python) - Maths &amp; Num\u00e9rique","robots":{"index":"index","follow":"follow","max-snippet":"max-snippet:-1","max-image-preview":"max-image-preview:large","max-video-preview":"max-video-preview:-1"},"canonical":"https:\/\/wordpress.callac.online\/index.php\/python\/generalites-sur-python\/les-instructions-conditionnelles-en-python\/","og_locale":"fr_FR","og_type":"article","og_title":"Les instructions conditionnelles (en Python) - Maths &amp; Num\u00e9rique","og_description":"Les sch\u00e9mas classiques Il existe trois sch\u00e9mas possibles utilisant l&rsquo;instruction if pour r\u00e9aliser des tests. * test simple : si alors instruction normale instruction normale instruction normale instruction normale ...&hellip;","og_url":"https:\/\/wordpress.callac.online\/index.php\/python\/generalites-sur-python\/les-instructions-conditionnelles-en-python\/","og_site_name":"Maths &amp; Num\u00e9rique","article_modified_time":"2022-01-05T21:41:54+00:00","twitter_card":"summary_large_image","twitter_misc":{"Dur\u00e9e de lecture estim\u00e9e":"3 minutes"},"schema":{"@context":"https:\/\/schema.org","@graph":[{"@type":"WebPage","@id":"https:\/\/wordpress.callac.online\/index.php\/python\/generalites-sur-python\/les-instructions-conditionnelles-en-python\/","url":"https:\/\/wordpress.callac.online\/index.php\/python\/generalites-sur-python\/les-instructions-conditionnelles-en-python\/","name":"Les instructions conditionnelles (en Python) - Maths &amp; Num\u00e9rique","isPartOf":{"@id":"https:\/\/wordpress.callac.online\/#website"},"datePublished":"2010-07-31T10:00:47+00:00","dateModified":"2022-01-05T21:41:54+00:00","breadcrumb":{"@id":"https:\/\/wordpress.callac.online\/index.php\/python\/generalites-sur-python\/les-instructions-conditionnelles-en-python\/#breadcrumb"},"inLanguage":"fr-FR","potentialAction":[{"@type":"ReadAction","target":["https:\/\/wordpress.callac.online\/index.php\/python\/generalites-sur-python\/les-instructions-conditionnelles-en-python\/"]}]},{"@type":"BreadcrumbList","@id":"https:\/\/wordpress.callac.online\/index.php\/python\/generalites-sur-python\/les-instructions-conditionnelles-en-python\/#breadcrumb","itemListElement":[{"@type":"ListItem","position":1,"name":"Accueil","item":"https:\/\/wordpress.callac.online\/"},{"@type":"ListItem","position":2,"name":"Python","item":"https:\/\/wordpress.callac.online\/index.php\/python\/"},{"@type":"ListItem","position":3,"name":"G\u00e9n\u00e9ralit\u00e9s sur Python","item":"https:\/\/wordpress.callac.online\/index.php\/python\/generalites-sur-python\/"},{"@type":"ListItem","position":4,"name":"Les instructions conditionnelles (en Python)"}]},{"@type":"WebSite","@id":"https:\/\/wordpress.callac.online\/#website","url":"https:\/\/wordpress.callac.online\/","name":"Maths & Num\u00e9rique","description":"Des outils pour les enseignants de math\u00e9matiques et de num\u00e9rique","publisher":{"@id":"https:\/\/wordpress.callac.online\/#\/schema\/person\/04061f1ca2c2c42039142a704be95940"},"potentialAction":[{"@type":"SearchAction","target":{"@type":"EntryPoint","urlTemplate":"https:\/\/wordpress.callac.online\/?s={search_term_string}"},"query-input":{"@type":"PropertyValueSpecification","valueRequired":true,"valueName":"search_term_string"}}],"inLanguage":"fr-FR"},{"@type":["Person","Organization"],"@id":"https:\/\/wordpress.callac.online\/#\/schema\/person\/04061f1ca2c2c42039142a704be95940","name":"dlefur","image":{"@type":"ImageObject","inLanguage":"fr-FR","@id":"https:\/\/wordpress.callac.online\/#\/schema\/person\/image\/","url":"https:\/\/secure.gravatar.com\/avatar\/4a9e17be136808c6597f28aa2b6c13126dab066fdc2198ff60090972c9b7fafc?s=96&d=mm&r=g","contentUrl":"https:\/\/secure.gravatar.com\/avatar\/4a9e17be136808c6597f28aa2b6c13126dab066fdc2198ff60090972c9b7fafc?s=96&d=mm&r=g","caption":"dlefur"},"logo":{"@id":"https:\/\/wordpress.callac.online\/#\/schema\/person\/image\/"},"description":"Enseignant de math\u00e9matiques Lyc\u00e9e Pasteur S\u00e3o Paulo","sameAs":["http:\/\/wordpress.callac.online"]}]}},"_links":{"self":[{"href":"https:\/\/wordpress.callac.online\/index.php\/wp-json\/wp\/v2\/pages\/230","targetHints":{"allow":["GET"]}}],"collection":[{"href":"https:\/\/wordpress.callac.online\/index.php\/wp-json\/wp\/v2\/pages"}],"about":[{"href":"https:\/\/wordpress.callac.online\/index.php\/wp-json\/wp\/v2\/types\/page"}],"author":[{"embeddable":true,"href":"https:\/\/wordpress.callac.online\/index.php\/wp-json\/wp\/v2\/users\/1"}],"replies":[{"embeddable":true,"href":"https:\/\/wordpress.callac.online\/index.php\/wp-json\/wp\/v2\/comments?post=230"}],"version-history":[{"count":4,"href":"https:\/\/wordpress.callac.online\/index.php\/wp-json\/wp\/v2\/pages\/230\/revisions"}],"predecessor-version":[{"id":2907,"href":"https:\/\/wordpress.callac.online\/index.php\/wp-json\/wp\/v2\/pages\/230\/revisions\/2907"}],"up":[{"embeddable":true,"href":"https:\/\/wordpress.callac.online\/index.php\/wp-json\/wp\/v2\/pages\/1649"}],"wp:attachment":[{"href":"https:\/\/wordpress.callac.online\/index.php\/wp-json\/wp\/v2\/media?parent=230"}],"curies":[{"name":"wp","href":"https:\/\/api.w.org\/{rel}","templated":true}]}}