{"id":233,"date":"2010-08-12T13:49:55","date_gmt":"2010-08-12T11:49:55","guid":{"rendered":"http:\/\/wordpress.callac.online\/index.php\/les-affectations-en-python\/"},"modified":"2022-01-05T22:41:54","modified_gmt":"2022-01-05T21:41:54","slug":"les-affectations-en-python","status":"publish","type":"page","link":"https:\/\/wordpress.callac.online\/index.php\/python\/generalites-sur-python\/les-affectations-en-python\/","title":{"rendered":"Les affectations (en Python)"},"content":{"rendered":"<h2>Les affectations simples<\/h2>\n<hr \/>\n<p>Le symbole d&rsquo;affectation est le signe \u00ab\u00a0=\u00a0\u00bb.<\/p>\n<p>Lors d&rsquo;une affectation, Python cr\u00e9e \u00e0 la fois la valeur et la variable qui pointe vers cette valeur.<\/p>\n<p>Voici quelques exemples :<\/p>\n<pre class=\"EnlighterJSRAW\" data-enlighter-language=\"generic\">&gt;&gt;&gt; a=2\n&gt;&gt;&gt; print(a)\n2\n&gt;&gt;&gt; b=a\n&gt;&gt;&gt; print(b)\n2\n&gt;&gt;&gt; a=\"une framboise\"\n&gt;&gt;&gt; print(a)\nune framboise\n&gt;&gt;&gt; print(b)\n2\n&gt;&gt;&gt; a=2.\n&gt;&gt;&gt; print(a)\n2.0\n&gt;&gt;&gt;<\/pre>\n<p>Dans cet exemple, <em>a=2<\/em> cr\u00e9e le nombre entier <em>2<\/em> et la variable <em>a<\/em> pointant sur <em>2<\/em>.<\/p>\n<p>Ensuite, <em>b=a<\/em> cr\u00e9e une variable <em>b<\/em> qui pointe sur la valeur point\u00e9e <strong>actuellement<\/strong> par <em>a<\/em>, c&rsquo;est-\u00e0-dire <em>2<\/em>.<\/p>\n<p>La commande <em>a=\u00a0\u00bbune framboise\u00a0\u00bb<\/em> cr\u00e9e une cha\u00eene de caract\u00e8re et fait pointer la variable <em>a<\/em> dessus.<\/p>\n<p>On peut alors v\u00e9rifier que la variable <em>b<\/em> est inchang\u00e9e.<\/p>\n<p>Enfin, <em>a=2.<\/em> cr\u00e9e cette fois-ci un flottant <em>2.0<\/em> et fait pointer <em>a<\/em> dessus.<\/p>\n<h2>Affectations simultan\u00e9es<\/h2>\n<hr \/>\n<p>Voici quelques exemples :<\/p>\n<pre class=\"EnlighterJSRAW\" data-enlighter-language=\"generic\">&gt;&gt;&gt; a,b=3,4\n&gt;&gt;&gt; print(a,b)\n3 4\n&gt;&gt;&gt; a,b=b,a\n&gt;&gt;&gt; print(a,b)\n4 3\n&gt;&gt;&gt;<\/pre>\n<p>La commande <em>a,b=3,4<\/em> affecte simultan\u00e9ment la valeur <em>3<\/em> \u00e0 <em>a<\/em> et la valeur <em>4<\/em> \u00e0 <em>b<\/em>.<\/p>\n<p>Dans une cas, on pourrait aussi bien remplacer cette instruction par <em>a=3<\/em> et <em>b=4<\/em>.<\/p>\n<p>Par contre l&rsquo;instruction <em>a,b=b,a<\/em> est plus int\u00e9ressante car elle permet de permuter les valeurs de <em>a<\/em> et <em>b<\/em>, ce qui ne peut se faire autrement qu&rsquo;en utilisant une troisi\u00e8me variable.<\/p>\n<p><iframe loading=\"lazy\" src=\"https:\/\/trinket.io\/embed\/python\/edb010694a?toggleCode=true\" width=\"100%\" height=\"600\" frameborder=\"0\" marginwidth=\"0\" marginheight=\"0\" allowfullscreen=\"allowfullscreen\"><\/iframe><\/p>\n","protected":false},"excerpt":{"rendered":"<p>Les affectations simples Le symbole d&rsquo;affectation est le signe \u00ab\u00a0=\u00a0\u00bb. Lors d&rsquo;une affectation, Python cr\u00e9e \u00e0 la fois la valeur et la variable qui pointe vers cette valeur. Voici quelques&hellip;<\/p>\n","protected":false},"author":1,"featured_media":0,"parent":1649,"menu_order":0,"comment_status":"closed","ping_status":"closed","template":"","meta":{"footnotes":""},"class_list":["post-233","page","type-page","status-publish","hentry"],"yoast_head":"<!-- This site is optimized with the Yoast SEO plugin v27.1.1 - https:\/\/yoast.com\/product\/yoast-seo-wordpress\/ -->\n<title>Les affectations (en Python) - Maths &amp; Num\u00e9rique<\/title>\n<meta name=\"robots\" content=\"index, follow, max-snippet:-1, max-image-preview:large, max-video-preview:-1\" \/>\n<link rel=\"canonical\" href=\"https:\/\/wordpress.callac.online\/index.php\/python\/generalites-sur-python\/les-affectations-en-python\/\" \/>\n<meta property=\"og:locale\" content=\"fr_FR\" \/>\n<meta property=\"og:type\" content=\"article\" \/>\n<meta property=\"og:title\" content=\"Les affectations (en Python) - Maths &amp; Num\u00e9rique\" \/>\n<meta property=\"og:description\" content=\"Les affectations simples Le symbole d&rsquo;affectation est le signe \u00ab\u00a0=\u00a0\u00bb. Lors d&rsquo;une affectation, Python cr\u00e9e \u00e0 la fois la valeur et la variable qui pointe vers cette valeur. Voici quelques&hellip;\" \/>\n<meta property=\"og:url\" content=\"https:\/\/wordpress.callac.online\/index.php\/python\/generalites-sur-python\/les-affectations-en-python\/\" \/>\n<meta property=\"og:site_name\" content=\"Maths &amp; Num\u00e9rique\" \/>\n<meta property=\"article:modified_time\" content=\"2022-01-05T21:41:54+00:00\" \/>\n<meta name=\"twitter:card\" content=\"summary_large_image\" \/>\n<meta name=\"twitter:label1\" content=\"Dur\u00e9e de lecture estim\u00e9e\" \/>\n\t<meta name=\"twitter:data1\" content=\"1 minute\" \/>\n<script type=\"application\/ld+json\" class=\"yoast-schema-graph\">{\"@context\":\"https:\/\/schema.org\",\"@graph\":[{\"@type\":\"WebPage\",\"@id\":\"https:\/\/wordpress.callac.online\/index.php\/python\/generalites-sur-python\/les-affectations-en-python\/\",\"url\":\"https:\/\/wordpress.callac.online\/index.php\/python\/generalites-sur-python\/les-affectations-en-python\/\",\"name\":\"Les affectations (en Python) - Maths &amp; Num\u00e9rique\",\"isPartOf\":{\"@id\":\"https:\/\/wordpress.callac.online\/#website\"},\"datePublished\":\"2010-08-12T11:49:55+00:00\",\"dateModified\":\"2022-01-05T21:41:54+00:00\",\"breadcrumb\":{\"@id\":\"https:\/\/wordpress.callac.online\/index.php\/python\/generalites-sur-python\/les-affectations-en-python\/#breadcrumb\"},\"inLanguage\":\"fr-FR\",\"potentialAction\":[{\"@type\":\"ReadAction\",\"target\":[\"https:\/\/wordpress.callac.online\/index.php\/python\/generalites-sur-python\/les-affectations-en-python\/\"]}]},{\"@type\":\"BreadcrumbList\",\"@id\":\"https:\/\/wordpress.callac.online\/index.php\/python\/generalites-sur-python\/les-affectations-en-python\/#breadcrumb\",\"itemListElement\":[{\"@type\":\"ListItem\",\"position\":1,\"name\":\"Accueil\",\"item\":\"https:\/\/wordpress.callac.online\/\"},{\"@type\":\"ListItem\",\"position\":2,\"name\":\"Python\",\"item\":\"https:\/\/wordpress.callac.online\/index.php\/python\/\"},{\"@type\":\"ListItem\",\"position\":3,\"name\":\"G\u00e9n\u00e9ralit\u00e9s sur Python\",\"item\":\"https:\/\/wordpress.callac.online\/index.php\/python\/generalites-sur-python\/\"},{\"@type\":\"ListItem\",\"position\":4,\"name\":\"Les affectations (en Python)\"}]},{\"@type\":\"WebSite\",\"@id\":\"https:\/\/wordpress.callac.online\/#website\",\"url\":\"https:\/\/wordpress.callac.online\/\",\"name\":\"Maths & Num\u00e9rique\",\"description\":\"Des outils pour les enseignants de math\u00e9matiques et de num\u00e9rique\",\"publisher\":{\"@id\":\"https:\/\/wordpress.callac.online\/#\/schema\/person\/04061f1ca2c2c42039142a704be95940\"},\"potentialAction\":[{\"@type\":\"SearchAction\",\"target\":{\"@type\":\"EntryPoint\",\"urlTemplate\":\"https:\/\/wordpress.callac.online\/?s={search_term_string}\"},\"query-input\":{\"@type\":\"PropertyValueSpecification\",\"valueRequired\":true,\"valueName\":\"search_term_string\"}}],\"inLanguage\":\"fr-FR\"},{\"@type\":[\"Person\",\"Organization\"],\"@id\":\"https:\/\/wordpress.callac.online\/#\/schema\/person\/04061f1ca2c2c42039142a704be95940\",\"name\":\"dlefur\",\"image\":{\"@type\":\"ImageObject\",\"inLanguage\":\"fr-FR\",\"@id\":\"https:\/\/wordpress.callac.online\/#\/schema\/person\/image\/\",\"url\":\"https:\/\/secure.gravatar.com\/avatar\/4a9e17be136808c6597f28aa2b6c13126dab066fdc2198ff60090972c9b7fafc?s=96&d=mm&r=g\",\"contentUrl\":\"https:\/\/secure.gravatar.com\/avatar\/4a9e17be136808c6597f28aa2b6c13126dab066fdc2198ff60090972c9b7fafc?s=96&d=mm&r=g\",\"caption\":\"dlefur\"},\"logo\":{\"@id\":\"https:\/\/wordpress.callac.online\/#\/schema\/person\/image\/\"},\"description\":\"Enseignant de math\u00e9matiques Lyc\u00e9e Pasteur S\u00e3o Paulo\",\"sameAs\":[\"http:\/\/wordpress.callac.online\"]}]}<\/script>\n<!-- \/ Yoast SEO plugin. -->","yoast_head_json":{"title":"Les affectations (en Python) - Maths &amp; Num\u00e9rique","robots":{"index":"index","follow":"follow","max-snippet":"max-snippet:-1","max-image-preview":"max-image-preview:large","max-video-preview":"max-video-preview:-1"},"canonical":"https:\/\/wordpress.callac.online\/index.php\/python\/generalites-sur-python\/les-affectations-en-python\/","og_locale":"fr_FR","og_type":"article","og_title":"Les affectations (en Python) - Maths &amp; Num\u00e9rique","og_description":"Les affectations simples Le symbole d&rsquo;affectation est le signe \u00ab\u00a0=\u00a0\u00bb. Lors d&rsquo;une affectation, Python cr\u00e9e \u00e0 la fois la valeur et la variable qui pointe vers cette valeur. Voici quelques&hellip;","og_url":"https:\/\/wordpress.callac.online\/index.php\/python\/generalites-sur-python\/les-affectations-en-python\/","og_site_name":"Maths &amp; Num\u00e9rique","article_modified_time":"2022-01-05T21:41:54+00:00","twitter_card":"summary_large_image","twitter_misc":{"Dur\u00e9e de lecture estim\u00e9e":"1 minute"},"schema":{"@context":"https:\/\/schema.org","@graph":[{"@type":"WebPage","@id":"https:\/\/wordpress.callac.online\/index.php\/python\/generalites-sur-python\/les-affectations-en-python\/","url":"https:\/\/wordpress.callac.online\/index.php\/python\/generalites-sur-python\/les-affectations-en-python\/","name":"Les affectations (en Python) - Maths &amp; Num\u00e9rique","isPartOf":{"@id":"https:\/\/wordpress.callac.online\/#website"},"datePublished":"2010-08-12T11:49:55+00:00","dateModified":"2022-01-05T21:41:54+00:00","breadcrumb":{"@id":"https:\/\/wordpress.callac.online\/index.php\/python\/generalites-sur-python\/les-affectations-en-python\/#breadcrumb"},"inLanguage":"fr-FR","potentialAction":[{"@type":"ReadAction","target":["https:\/\/wordpress.callac.online\/index.php\/python\/generalites-sur-python\/les-affectations-en-python\/"]}]},{"@type":"BreadcrumbList","@id":"https:\/\/wordpress.callac.online\/index.php\/python\/generalites-sur-python\/les-affectations-en-python\/#breadcrumb","itemListElement":[{"@type":"ListItem","position":1,"name":"Accueil","item":"https:\/\/wordpress.callac.online\/"},{"@type":"ListItem","position":2,"name":"Python","item":"https:\/\/wordpress.callac.online\/index.php\/python\/"},{"@type":"ListItem","position":3,"name":"G\u00e9n\u00e9ralit\u00e9s sur Python","item":"https:\/\/wordpress.callac.online\/index.php\/python\/generalites-sur-python\/"},{"@type":"ListItem","position":4,"name":"Les affectations (en Python)"}]},{"@type":"WebSite","@id":"https:\/\/wordpress.callac.online\/#website","url":"https:\/\/wordpress.callac.online\/","name":"Maths & Num\u00e9rique","description":"Des outils pour les enseignants de math\u00e9matiques et de num\u00e9rique","publisher":{"@id":"https:\/\/wordpress.callac.online\/#\/schema\/person\/04061f1ca2c2c42039142a704be95940"},"potentialAction":[{"@type":"SearchAction","target":{"@type":"EntryPoint","urlTemplate":"https:\/\/wordpress.callac.online\/?s={search_term_string}"},"query-input":{"@type":"PropertyValueSpecification","valueRequired":true,"valueName":"search_term_string"}}],"inLanguage":"fr-FR"},{"@type":["Person","Organization"],"@id":"https:\/\/wordpress.callac.online\/#\/schema\/person\/04061f1ca2c2c42039142a704be95940","name":"dlefur","image":{"@type":"ImageObject","inLanguage":"fr-FR","@id":"https:\/\/wordpress.callac.online\/#\/schema\/person\/image\/","url":"https:\/\/secure.gravatar.com\/avatar\/4a9e17be136808c6597f28aa2b6c13126dab066fdc2198ff60090972c9b7fafc?s=96&d=mm&r=g","contentUrl":"https:\/\/secure.gravatar.com\/avatar\/4a9e17be136808c6597f28aa2b6c13126dab066fdc2198ff60090972c9b7fafc?s=96&d=mm&r=g","caption":"dlefur"},"logo":{"@id":"https:\/\/wordpress.callac.online\/#\/schema\/person\/image\/"},"description":"Enseignant de math\u00e9matiques Lyc\u00e9e Pasteur S\u00e3o Paulo","sameAs":["http:\/\/wordpress.callac.online"]}]}},"_links":{"self":[{"href":"https:\/\/wordpress.callac.online\/index.php\/wp-json\/wp\/v2\/pages\/233","targetHints":{"allow":["GET"]}}],"collection":[{"href":"https:\/\/wordpress.callac.online\/index.php\/wp-json\/wp\/v2\/pages"}],"about":[{"href":"https:\/\/wordpress.callac.online\/index.php\/wp-json\/wp\/v2\/types\/page"}],"author":[{"embeddable":true,"href":"https:\/\/wordpress.callac.online\/index.php\/wp-json\/wp\/v2\/users\/1"}],"replies":[{"embeddable":true,"href":"https:\/\/wordpress.callac.online\/index.php\/wp-json\/wp\/v2\/comments?post=233"}],"version-history":[{"count":3,"href":"https:\/\/wordpress.callac.online\/index.php\/wp-json\/wp\/v2\/pages\/233\/revisions"}],"predecessor-version":[{"id":2897,"href":"https:\/\/wordpress.callac.online\/index.php\/wp-json\/wp\/v2\/pages\/233\/revisions\/2897"}],"up":[{"embeddable":true,"href":"https:\/\/wordpress.callac.online\/index.php\/wp-json\/wp\/v2\/pages\/1649"}],"wp:attachment":[{"href":"https:\/\/wordpress.callac.online\/index.php\/wp-json\/wp\/v2\/media?parent=233"}],"curies":[{"name":"wp","href":"https:\/\/api.w.org\/{rel}","templated":true}]}}