{"id":234,"date":"2010-10-05T11:49:02","date_gmt":"2010-10-05T09:49:02","guid":{"rendered":"http:\/\/wordpress.callac.online\/index.php\/le-code-de-cesar\/"},"modified":"2022-01-05T22:41:54","modified_gmt":"2022-01-05T21:41:54","slug":"le-code-de-cesar","status":"publish","type":"page","link":"https:\/\/wordpress.callac.online\/index.php\/python\/des-exemples-en-python\/le-code-de-cesar\/","title":{"rendered":"Le code de C\u00e9sar"},"content":{"rendered":"<p>mod kbdsmvo x\u2019k aeo zoe n\u2019sxdobod, cs mo x\u2019ocd n\u2019kddsbob vk mebsycsdo noc vomdoebc !<\/p>\n<p>ox oppod, vk mbizdyqbkzrso k ex nopked. ex wocckqo myno ocd dboc fsdo bozobo od zoed nyxm zbocoxdob ex sxdobod. zyeb ofsdob mod sxmyxfoxsoxd, yx zyebbksd kvybc kfysb bomyebc keh domrxsaeoc no cdoqkxyqbkzrso aes nsccswevoxd noc sxpybwkdsyxc combodoc nkxc noc sxpybwkdsyxc lkxkvoc.<\/p>\n<p>nkxc mod ohowzvo ne myno no mockb, yx mrobmro cswzvowoxd k ox owzomrob vk vomdebo swwonskdo. yx xo mrobmro nyxm zkc k boxnbo vo myno sxmkccklvo. mo myno rscdybsaeo k boxne noc cobfsmoc zoxnkxd noc csomvoc. oxmybo ketyebn\u2019res, vo mynkqo byd13 ocd edsvsco nkxc voc pybewc zyeb owzomrob exo vomdebo sww\u00e9nskdo noc mobdksxoc sxpybwkdsyxc (cyvedsyxc no toeh, zkb ohowzvo).<\/p>\n<p>mywwo fyec, to cesc mebsoeh. kvybc, cs fyec kfoj ve mo wocckqo, wobms no w\u2019oxfyiob ex wocckqo myxdoxkxd vo wyd zkvwosbkc k v\u2019knbocco cesfkxdo : nvopeb kd qwksv.myw<\/p>\n","protected":false},"excerpt":{"rendered":"<p>mod kbdsmvo x\u2019k aeo zoe n\u2019sxdobod, cs mo x\u2019ocd n\u2019kddsbob vk mebsycsdo noc vomdoebc ! ox oppod, vk mbizdyqbkzrso k ex nopked. ex wocckqo myno ocd dboc fsdo bozobo od&hellip;<\/p>\n","protected":false},"author":1,"featured_media":0,"parent":1651,"menu_order":3,"comment_status":"closed","ping_status":"closed","template":"","meta":{"footnotes":""},"class_list":["post-234","page","type-page","status-publish","hentry"],"yoast_head":"<!-- This site is optimized with the Yoast SEO plugin v27.5 - https:\/\/yoast.com\/product\/yoast-seo-wordpress\/ -->\n<title>Le code de C\u00e9sar - Maths &amp; Num\u00e9rique<\/title>\n<meta name=\"robots\" content=\"index, follow, max-snippet:-1, max-image-preview:large, max-video-preview:-1\" \/>\n<link rel=\"canonical\" href=\"https:\/\/wordpress.callac.online\/index.php\/python\/des-exemples-en-python\/le-code-de-cesar\/\" \/>\n<meta property=\"og:locale\" content=\"fr_FR\" \/>\n<meta property=\"og:type\" content=\"article\" \/>\n<meta property=\"og:title\" content=\"Le code de C\u00e9sar - Maths &amp; Num\u00e9rique\" \/>\n<meta property=\"og:description\" content=\"mod kbdsmvo x\u2019k aeo zoe n\u2019sxdobod, cs mo x\u2019ocd n\u2019kddsbob vk mebsycsdo noc vomdoebc ! ox oppod, vk mbizdyqbkzrso k ex nopked. ex wocckqo myno ocd dboc fsdo bozobo od&hellip;\" \/>\n<meta property=\"og:url\" content=\"https:\/\/wordpress.callac.online\/index.php\/python\/des-exemples-en-python\/le-code-de-cesar\/\" \/>\n<meta property=\"og:site_name\" content=\"Maths &amp; Num\u00e9rique\" \/>\n<meta property=\"article:modified_time\" content=\"2022-01-05T21:41:54+00:00\" \/>\n<meta name=\"twitter:card\" content=\"summary_large_image\" \/>\n<meta name=\"twitter:label1\" content=\"Dur\u00e9e de lecture estim\u00e9e\" \/>\n\t<meta name=\"twitter:data1\" content=\"1 minute\" \/>\n<script type=\"application\/ld+json\" class=\"yoast-schema-graph\">{\"@context\":\"https:\\\/\\\/schema.org\",\"@graph\":[{\"@type\":\"WebPage\",\"@id\":\"https:\\\/\\\/wordpress.callac.online\\\/index.php\\\/python\\\/des-exemples-en-python\\\/le-code-de-cesar\\\/\",\"url\":\"https:\\\/\\\/wordpress.callac.online\\\/index.php\\\/python\\\/des-exemples-en-python\\\/le-code-de-cesar\\\/\",\"name\":\"Le code de C\u00e9sar - Maths &amp; Num\u00e9rique\",\"isPartOf\":{\"@id\":\"https:\\\/\\\/wordpress.callac.online\\\/#website\"},\"datePublished\":\"2010-10-05T09:49:02+00:00\",\"dateModified\":\"2022-01-05T21:41:54+00:00\",\"breadcrumb\":{\"@id\":\"https:\\\/\\\/wordpress.callac.online\\\/index.php\\\/python\\\/des-exemples-en-python\\\/le-code-de-cesar\\\/#breadcrumb\"},\"inLanguage\":\"fr-FR\",\"potentialAction\":[{\"@type\":\"ReadAction\",\"target\":[\"https:\\\/\\\/wordpress.callac.online\\\/index.php\\\/python\\\/des-exemples-en-python\\\/le-code-de-cesar\\\/\"]}]},{\"@type\":\"BreadcrumbList\",\"@id\":\"https:\\\/\\\/wordpress.callac.online\\\/index.php\\\/python\\\/des-exemples-en-python\\\/le-code-de-cesar\\\/#breadcrumb\",\"itemListElement\":[{\"@type\":\"ListItem\",\"position\":1,\"name\":\"Accueil\",\"item\":\"https:\\\/\\\/wordpress.callac.online\\\/\"},{\"@type\":\"ListItem\",\"position\":2,\"name\":\"Python\",\"item\":\"https:\\\/\\\/wordpress.callac.online\\\/index.php\\\/python\\\/\"},{\"@type\":\"ListItem\",\"position\":3,\"name\":\"Des exemples en Python\",\"item\":\"https:\\\/\\\/wordpress.callac.online\\\/index.php\\\/python\\\/des-exemples-en-python\\\/\"},{\"@type\":\"ListItem\",\"position\":4,\"name\":\"Le code de C\u00e9sar\"}]},{\"@type\":\"WebSite\",\"@id\":\"https:\\\/\\\/wordpress.callac.online\\\/#website\",\"url\":\"https:\\\/\\\/wordpress.callac.online\\\/\",\"name\":\"Maths & Num\u00e9rique\",\"description\":\"Des outils pour les enseignants de math\u00e9matiques et de num\u00e9rique\",\"publisher\":{\"@id\":\"https:\\\/\\\/wordpress.callac.online\\\/#\\\/schema\\\/person\\\/04061f1ca2c2c42039142a704be95940\"},\"potentialAction\":[{\"@type\":\"SearchAction\",\"target\":{\"@type\":\"EntryPoint\",\"urlTemplate\":\"https:\\\/\\\/wordpress.callac.online\\\/?s={search_term_string}\"},\"query-input\":{\"@type\":\"PropertyValueSpecification\",\"valueRequired\":true,\"valueName\":\"search_term_string\"}}],\"inLanguage\":\"fr-FR\"},{\"@type\":[\"Person\",\"Organization\"],\"@id\":\"https:\\\/\\\/wordpress.callac.online\\\/#\\\/schema\\\/person\\\/04061f1ca2c2c42039142a704be95940\",\"name\":\"dlefur\",\"image\":{\"@type\":\"ImageObject\",\"inLanguage\":\"fr-FR\",\"@id\":\"https:\\\/\\\/secure.gravatar.com\\\/avatar\\\/4a9e17be136808c6597f28aa2b6c13126dab066fdc2198ff60090972c9b7fafc?s=96&d=mm&r=g\",\"url\":\"https:\\\/\\\/secure.gravatar.com\\\/avatar\\\/4a9e17be136808c6597f28aa2b6c13126dab066fdc2198ff60090972c9b7fafc?s=96&d=mm&r=g\",\"contentUrl\":\"https:\\\/\\\/secure.gravatar.com\\\/avatar\\\/4a9e17be136808c6597f28aa2b6c13126dab066fdc2198ff60090972c9b7fafc?s=96&d=mm&r=g\",\"caption\":\"dlefur\"},\"logo\":{\"@id\":\"https:\\\/\\\/secure.gravatar.com\\\/avatar\\\/4a9e17be136808c6597f28aa2b6c13126dab066fdc2198ff60090972c9b7fafc?s=96&d=mm&r=g\"},\"description\":\"Enseignant de math\u00e9matiques Lyc\u00e9e Pasteur S\u00e3o Paulo\",\"sameAs\":[\"http:\\\/\\\/wordpress.callac.online\"]}]}<\/script>\n<!-- \/ Yoast SEO plugin. -->","yoast_head_json":{"title":"Le code de C\u00e9sar - Maths &amp; Num\u00e9rique","robots":{"index":"index","follow":"follow","max-snippet":"max-snippet:-1","max-image-preview":"max-image-preview:large","max-video-preview":"max-video-preview:-1"},"canonical":"https:\/\/wordpress.callac.online\/index.php\/python\/des-exemples-en-python\/le-code-de-cesar\/","og_locale":"fr_FR","og_type":"article","og_title":"Le code de C\u00e9sar - Maths &amp; Num\u00e9rique","og_description":"mod kbdsmvo x\u2019k aeo zoe n\u2019sxdobod, cs mo x\u2019ocd n\u2019kddsbob vk mebsycsdo noc vomdoebc ! ox oppod, vk mbizdyqbkzrso k ex nopked. ex wocckqo myno ocd dboc fsdo bozobo od&hellip;","og_url":"https:\/\/wordpress.callac.online\/index.php\/python\/des-exemples-en-python\/le-code-de-cesar\/","og_site_name":"Maths &amp; Num\u00e9rique","article_modified_time":"2022-01-05T21:41:54+00:00","twitter_card":"summary_large_image","twitter_misc":{"Dur\u00e9e de lecture estim\u00e9e":"1 minute"},"schema":{"@context":"https:\/\/schema.org","@graph":[{"@type":"WebPage","@id":"https:\/\/wordpress.callac.online\/index.php\/python\/des-exemples-en-python\/le-code-de-cesar\/","url":"https:\/\/wordpress.callac.online\/index.php\/python\/des-exemples-en-python\/le-code-de-cesar\/","name":"Le code de C\u00e9sar - Maths &amp; Num\u00e9rique","isPartOf":{"@id":"https:\/\/wordpress.callac.online\/#website"},"datePublished":"2010-10-05T09:49:02+00:00","dateModified":"2022-01-05T21:41:54+00:00","breadcrumb":{"@id":"https:\/\/wordpress.callac.online\/index.php\/python\/des-exemples-en-python\/le-code-de-cesar\/#breadcrumb"},"inLanguage":"fr-FR","potentialAction":[{"@type":"ReadAction","target":["https:\/\/wordpress.callac.online\/index.php\/python\/des-exemples-en-python\/le-code-de-cesar\/"]}]},{"@type":"BreadcrumbList","@id":"https:\/\/wordpress.callac.online\/index.php\/python\/des-exemples-en-python\/le-code-de-cesar\/#breadcrumb","itemListElement":[{"@type":"ListItem","position":1,"name":"Accueil","item":"https:\/\/wordpress.callac.online\/"},{"@type":"ListItem","position":2,"name":"Python","item":"https:\/\/wordpress.callac.online\/index.php\/python\/"},{"@type":"ListItem","position":3,"name":"Des exemples en Python","item":"https:\/\/wordpress.callac.online\/index.php\/python\/des-exemples-en-python\/"},{"@type":"ListItem","position":4,"name":"Le code de C\u00e9sar"}]},{"@type":"WebSite","@id":"https:\/\/wordpress.callac.online\/#website","url":"https:\/\/wordpress.callac.online\/","name":"Maths & Num\u00e9rique","description":"Des outils pour les enseignants de math\u00e9matiques et de num\u00e9rique","publisher":{"@id":"https:\/\/wordpress.callac.online\/#\/schema\/person\/04061f1ca2c2c42039142a704be95940"},"potentialAction":[{"@type":"SearchAction","target":{"@type":"EntryPoint","urlTemplate":"https:\/\/wordpress.callac.online\/?s={search_term_string}"},"query-input":{"@type":"PropertyValueSpecification","valueRequired":true,"valueName":"search_term_string"}}],"inLanguage":"fr-FR"},{"@type":["Person","Organization"],"@id":"https:\/\/wordpress.callac.online\/#\/schema\/person\/04061f1ca2c2c42039142a704be95940","name":"dlefur","image":{"@type":"ImageObject","inLanguage":"fr-FR","@id":"https:\/\/secure.gravatar.com\/avatar\/4a9e17be136808c6597f28aa2b6c13126dab066fdc2198ff60090972c9b7fafc?s=96&d=mm&r=g","url":"https:\/\/secure.gravatar.com\/avatar\/4a9e17be136808c6597f28aa2b6c13126dab066fdc2198ff60090972c9b7fafc?s=96&d=mm&r=g","contentUrl":"https:\/\/secure.gravatar.com\/avatar\/4a9e17be136808c6597f28aa2b6c13126dab066fdc2198ff60090972c9b7fafc?s=96&d=mm&r=g","caption":"dlefur"},"logo":{"@id":"https:\/\/secure.gravatar.com\/avatar\/4a9e17be136808c6597f28aa2b6c13126dab066fdc2198ff60090972c9b7fafc?s=96&d=mm&r=g"},"description":"Enseignant de math\u00e9matiques Lyc\u00e9e Pasteur S\u00e3o Paulo","sameAs":["http:\/\/wordpress.callac.online"]}]}},"_links":{"self":[{"href":"https:\/\/wordpress.callac.online\/index.php\/wp-json\/wp\/v2\/pages\/234","targetHints":{"allow":["GET"]}}],"collection":[{"href":"https:\/\/wordpress.callac.online\/index.php\/wp-json\/wp\/v2\/pages"}],"about":[{"href":"https:\/\/wordpress.callac.online\/index.php\/wp-json\/wp\/v2\/types\/page"}],"author":[{"embeddable":true,"href":"https:\/\/wordpress.callac.online\/index.php\/wp-json\/wp\/v2\/users\/1"}],"replies":[{"embeddable":true,"href":"https:\/\/wordpress.callac.online\/index.php\/wp-json\/wp\/v2\/comments?post=234"}],"version-history":[{"count":1,"href":"https:\/\/wordpress.callac.online\/index.php\/wp-json\/wp\/v2\/pages\/234\/revisions"}],"predecessor-version":[{"id":1119,"href":"https:\/\/wordpress.callac.online\/index.php\/wp-json\/wp\/v2\/pages\/234\/revisions\/1119"}],"up":[{"embeddable":true,"href":"https:\/\/wordpress.callac.online\/index.php\/wp-json\/wp\/v2\/pages\/1651"}],"wp:attachment":[{"href":"https:\/\/wordpress.callac.online\/index.php\/wp-json\/wp\/v2\/media?parent=234"}],"curies":[{"name":"wp","href":"https:\/\/api.w.org\/{rel}","templated":true}]}}