{"id":236,"date":"2010-10-05T13:48:49","date_gmt":"2010-10-05T11:48:49","guid":{"rendered":"http:\/\/wordpress.callac.online\/index.php\/le-code-rsa\/"},"modified":"2022-01-05T22:41:54","modified_gmt":"2022-01-05T21:41:54","slug":"le-code-rsa","status":"publish","type":"page","link":"https:\/\/wordpress.callac.online\/index.php\/python\/des-exemples-en-python\/le-code-rsa\/","title":{"rendered":"Le code RSA"},"content":{"rendered":"<p>1375004007771017134801950466138802110900108901140646144809500030000115550624033702110900064700391471080503910977152510171110076101930225150109750572135809461628150101940001152600010935121710580000105800011573000009010079009306460873150112781471080701410582121700010448157315280000053709770030099015010707008604931545015900000040000112330904015915280000016013580624024609630040107205260548039512170001000010170624044500000337121700010160129200001375000010580946162814710818107205261528155509461320019313291217149700650990000010580000090100790093064608731501127814710990034215551505028410720141107211280548076115590282006509770391114401000347115905820000049310721116141005260624044500000364039112920476097600000040000013281217126007710040000010580001124702110159096309771159061314100820150510170391155512170037095007510476052104660362077111281072114315280000115905820624033702110900008615260830022604760894094609000950162801930935053712920001093512170735107201730950064907610194150101940000036403911292047603570548073510720975147116280193073509370040020213601072070702110820161809900946153801930761064610580000139101930569119309771618041501930225111003640030119004761342107208200212078511930173150111280001157300001182019302251110126901930807014107770624022610720900132004091528039501630521<\/p>\n","protected":false},"excerpt":{"rendered":"<p>1375004007771017134801950466138802110900108901140646144809500030000115550624033702110900064700391471080503910977152510171110076101930225150109750572135809461628150101940001152600010935121710580000105800011573000009010079009306460873150112781471080701410582121700010448157315280000053709770030099015010707008604931545015900000040000112330904015915280000016013580624024609630040107205260548039512170001000010170624044500000337121700010160129200001375000010580946162814710818107205261528155509461320019313291217149700650990000010580000090100790093064608731501127814710990034215551505028410720141107211280548076115590282006509770391114401000347115905820000049310721116141005260624044500000364039112920476097600000040000013281217126007710040000010580001124702110159096309771159061314100820150510170391155512170037095007510476052104660362077111281072114315280000115905820624033702110900008615260830022604760894094609000950162801930935053712920001093512170735107201730950064907610194150101940000036403911292047603570548073510720975147116280193073509370040020213601072070702110820161809900946153801930761064610580000139101930569119309771618041501930225111003640030119004761342107208200212078511930173150111280001157300001182019302251110126901930807014107770624022610720900132004091528039501630521<\/p>\n","protected":false},"author":1,"featured_media":0,"parent":1651,"menu_order":5,"comment_status":"closed","ping_status":"closed","template":"","meta":{"footnotes":""},"class_list":["post-236","page","type-page","status-publish","hentry"],"yoast_head":"<!-- This site is optimized with the Yoast SEO plugin v27.1.1 - https:\/\/yoast.com\/product\/yoast-seo-wordpress\/ -->\n<title>Le code RSA - Maths &amp; Num\u00e9rique<\/title>\n<meta name=\"robots\" content=\"index, follow, max-snippet:-1, max-image-preview:large, max-video-preview:-1\" \/>\n<link rel=\"canonical\" href=\"https:\/\/wordpress.callac.online\/index.php\/python\/des-exemples-en-python\/le-code-rsa\/\" \/>\n<meta property=\"og:locale\" content=\"fr_FR\" \/>\n<meta property=\"og:type\" content=\"article\" \/>\n<meta property=\"og:title\" content=\"Le code RSA - Maths &amp; Num\u00e9rique\" \/>\n<meta property=\"og:description\" content=\"1375004007771017134801950466138802110900108901140646144809500030000115550624033702110900064700391471080503910977152510171110076101930225150109750572135809461628150101940001152600010935121710580000105800011573000009010079009306460873150112781471080701410582121700010448157315280000053709770030099015010707008604931545015900000040000112330904015915280000016013580624024609630040107205260548039512170001000010170624044500000337121700010160129200001375000010580946162814710818107205261528155509461320019313291217149700650990000010580000090100790093064608731501127814710990034215551505028410720141107211280548076115590282006509770391114401000347115905820000049310721116141005260624044500000364039112920476097600000040000013281217126007710040000010580001124702110159096309771159061314100820150510170391155512170037095007510476052104660362077111281072114315280000115905820624033702110900008615260830022604760894094609000950162801930935053712920001093512170735107201730950064907610194150101940000036403911292047603570548073510720975147116280193073509370040020213601072070702110820161809900946153801930761064610580000139101930569119309771618041501930225111003640030119004761342107208200212078511930173150111280001157300001182019302251110126901930807014107770624022610720900132004091528039501630521\" \/>\n<meta property=\"og:url\" content=\"https:\/\/wordpress.callac.online\/index.php\/python\/des-exemples-en-python\/le-code-rsa\/\" \/>\n<meta property=\"og:site_name\" content=\"Maths &amp; Num\u00e9rique\" \/>\n<meta property=\"article:modified_time\" content=\"2022-01-05T21:41:54+00:00\" \/>\n<meta name=\"twitter:card\" content=\"summary_large_image\" \/>\n<script type=\"application\/ld+json\" class=\"yoast-schema-graph\">{\"@context\":\"https:\/\/schema.org\",\"@graph\":[{\"@type\":\"WebPage\",\"@id\":\"https:\/\/wordpress.callac.online\/index.php\/python\/des-exemples-en-python\/le-code-rsa\/\",\"url\":\"https:\/\/wordpress.callac.online\/index.php\/python\/des-exemples-en-python\/le-code-rsa\/\",\"name\":\"Le code RSA - Maths &amp; Num\u00e9rique\",\"isPartOf\":{\"@id\":\"https:\/\/wordpress.callac.online\/#website\"},\"datePublished\":\"2010-10-05T11:48:49+00:00\",\"dateModified\":\"2022-01-05T21:41:54+00:00\",\"breadcrumb\":{\"@id\":\"https:\/\/wordpress.callac.online\/index.php\/python\/des-exemples-en-python\/le-code-rsa\/#breadcrumb\"},\"inLanguage\":\"fr-FR\",\"potentialAction\":[{\"@type\":\"ReadAction\",\"target\":[\"https:\/\/wordpress.callac.online\/index.php\/python\/des-exemples-en-python\/le-code-rsa\/\"]}]},{\"@type\":\"BreadcrumbList\",\"@id\":\"https:\/\/wordpress.callac.online\/index.php\/python\/des-exemples-en-python\/le-code-rsa\/#breadcrumb\",\"itemListElement\":[{\"@type\":\"ListItem\",\"position\":1,\"name\":\"Accueil\",\"item\":\"https:\/\/wordpress.callac.online\/\"},{\"@type\":\"ListItem\",\"position\":2,\"name\":\"Python\",\"item\":\"https:\/\/wordpress.callac.online\/index.php\/python\/\"},{\"@type\":\"ListItem\",\"position\":3,\"name\":\"Des exemples en Python\",\"item\":\"https:\/\/wordpress.callac.online\/index.php\/python\/des-exemples-en-python\/\"},{\"@type\":\"ListItem\",\"position\":4,\"name\":\"Le code RSA\"}]},{\"@type\":\"WebSite\",\"@id\":\"https:\/\/wordpress.callac.online\/#website\",\"url\":\"https:\/\/wordpress.callac.online\/\",\"name\":\"Maths & Num\u00e9rique\",\"description\":\"Des outils pour les enseignants de math\u00e9matiques et de num\u00e9rique\",\"publisher\":{\"@id\":\"https:\/\/wordpress.callac.online\/#\/schema\/person\/04061f1ca2c2c42039142a704be95940\"},\"potentialAction\":[{\"@type\":\"SearchAction\",\"target\":{\"@type\":\"EntryPoint\",\"urlTemplate\":\"https:\/\/wordpress.callac.online\/?s={search_term_string}\"},\"query-input\":{\"@type\":\"PropertyValueSpecification\",\"valueRequired\":true,\"valueName\":\"search_term_string\"}}],\"inLanguage\":\"fr-FR\"},{\"@type\":[\"Person\",\"Organization\"],\"@id\":\"https:\/\/wordpress.callac.online\/#\/schema\/person\/04061f1ca2c2c42039142a704be95940\",\"name\":\"dlefur\",\"image\":{\"@type\":\"ImageObject\",\"inLanguage\":\"fr-FR\",\"@id\":\"https:\/\/wordpress.callac.online\/#\/schema\/person\/image\/\",\"url\":\"https:\/\/secure.gravatar.com\/avatar\/4a9e17be136808c6597f28aa2b6c13126dab066fdc2198ff60090972c9b7fafc?s=96&d=mm&r=g\",\"contentUrl\":\"https:\/\/secure.gravatar.com\/avatar\/4a9e17be136808c6597f28aa2b6c13126dab066fdc2198ff60090972c9b7fafc?s=96&d=mm&r=g\",\"caption\":\"dlefur\"},\"logo\":{\"@id\":\"https:\/\/wordpress.callac.online\/#\/schema\/person\/image\/\"},\"description\":\"Enseignant de math\u00e9matiques Lyc\u00e9e Pasteur S\u00e3o Paulo\",\"sameAs\":[\"http:\/\/wordpress.callac.online\"]}]}<\/script>\n<!-- \/ Yoast SEO plugin. -->","yoast_head_json":{"title":"Le code RSA - Maths &amp; Num\u00e9rique","robots":{"index":"index","follow":"follow","max-snippet":"max-snippet:-1","max-image-preview":"max-image-preview:large","max-video-preview":"max-video-preview:-1"},"canonical":"https:\/\/wordpress.callac.online\/index.php\/python\/des-exemples-en-python\/le-code-rsa\/","og_locale":"fr_FR","og_type":"article","og_title":"Le code RSA - Maths &amp; Num\u00e9rique","og_description":"1375004007771017134801950466138802110900108901140646144809500030000115550624033702110900064700391471080503910977152510171110076101930225150109750572135809461628150101940001152600010935121710580000105800011573000009010079009306460873150112781471080701410582121700010448157315280000053709770030099015010707008604931545015900000040000112330904015915280000016013580624024609630040107205260548039512170001000010170624044500000337121700010160129200001375000010580946162814710818107205261528155509461320019313291217149700650990000010580000090100790093064608731501127814710990034215551505028410720141107211280548076115590282006509770391114401000347115905820000049310721116141005260624044500000364039112920476097600000040000013281217126007710040000010580001124702110159096309771159061314100820150510170391155512170037095007510476052104660362077111281072114315280000115905820624033702110900008615260830022604760894094609000950162801930935053712920001093512170735107201730950064907610194150101940000036403911292047603570548073510720975147116280193073509370040020213601072070702110820161809900946153801930761064610580000139101930569119309771618041501930225111003640030119004761342107208200212078511930173150111280001157300001182019302251110126901930807014107770624022610720900132004091528039501630521","og_url":"https:\/\/wordpress.callac.online\/index.php\/python\/des-exemples-en-python\/le-code-rsa\/","og_site_name":"Maths &amp; Num\u00e9rique","article_modified_time":"2022-01-05T21:41:54+00:00","twitter_card":"summary_large_image","schema":{"@context":"https:\/\/schema.org","@graph":[{"@type":"WebPage","@id":"https:\/\/wordpress.callac.online\/index.php\/python\/des-exemples-en-python\/le-code-rsa\/","url":"https:\/\/wordpress.callac.online\/index.php\/python\/des-exemples-en-python\/le-code-rsa\/","name":"Le code RSA - Maths &amp; Num\u00e9rique","isPartOf":{"@id":"https:\/\/wordpress.callac.online\/#website"},"datePublished":"2010-10-05T11:48:49+00:00","dateModified":"2022-01-05T21:41:54+00:00","breadcrumb":{"@id":"https:\/\/wordpress.callac.online\/index.php\/python\/des-exemples-en-python\/le-code-rsa\/#breadcrumb"},"inLanguage":"fr-FR","potentialAction":[{"@type":"ReadAction","target":["https:\/\/wordpress.callac.online\/index.php\/python\/des-exemples-en-python\/le-code-rsa\/"]}]},{"@type":"BreadcrumbList","@id":"https:\/\/wordpress.callac.online\/index.php\/python\/des-exemples-en-python\/le-code-rsa\/#breadcrumb","itemListElement":[{"@type":"ListItem","position":1,"name":"Accueil","item":"https:\/\/wordpress.callac.online\/"},{"@type":"ListItem","position":2,"name":"Python","item":"https:\/\/wordpress.callac.online\/index.php\/python\/"},{"@type":"ListItem","position":3,"name":"Des exemples en Python","item":"https:\/\/wordpress.callac.online\/index.php\/python\/des-exemples-en-python\/"},{"@type":"ListItem","position":4,"name":"Le code RSA"}]},{"@type":"WebSite","@id":"https:\/\/wordpress.callac.online\/#website","url":"https:\/\/wordpress.callac.online\/","name":"Maths & Num\u00e9rique","description":"Des outils pour les enseignants de math\u00e9matiques et de num\u00e9rique","publisher":{"@id":"https:\/\/wordpress.callac.online\/#\/schema\/person\/04061f1ca2c2c42039142a704be95940"},"potentialAction":[{"@type":"SearchAction","target":{"@type":"EntryPoint","urlTemplate":"https:\/\/wordpress.callac.online\/?s={search_term_string}"},"query-input":{"@type":"PropertyValueSpecification","valueRequired":true,"valueName":"search_term_string"}}],"inLanguage":"fr-FR"},{"@type":["Person","Organization"],"@id":"https:\/\/wordpress.callac.online\/#\/schema\/person\/04061f1ca2c2c42039142a704be95940","name":"dlefur","image":{"@type":"ImageObject","inLanguage":"fr-FR","@id":"https:\/\/wordpress.callac.online\/#\/schema\/person\/image\/","url":"https:\/\/secure.gravatar.com\/avatar\/4a9e17be136808c6597f28aa2b6c13126dab066fdc2198ff60090972c9b7fafc?s=96&d=mm&r=g","contentUrl":"https:\/\/secure.gravatar.com\/avatar\/4a9e17be136808c6597f28aa2b6c13126dab066fdc2198ff60090972c9b7fafc?s=96&d=mm&r=g","caption":"dlefur"},"logo":{"@id":"https:\/\/wordpress.callac.online\/#\/schema\/person\/image\/"},"description":"Enseignant de math\u00e9matiques Lyc\u00e9e Pasteur S\u00e3o Paulo","sameAs":["http:\/\/wordpress.callac.online"]}]}},"_links":{"self":[{"href":"https:\/\/wordpress.callac.online\/index.php\/wp-json\/wp\/v2\/pages\/236","targetHints":{"allow":["GET"]}}],"collection":[{"href":"https:\/\/wordpress.callac.online\/index.php\/wp-json\/wp\/v2\/pages"}],"about":[{"href":"https:\/\/wordpress.callac.online\/index.php\/wp-json\/wp\/v2\/types\/page"}],"author":[{"embeddable":true,"href":"https:\/\/wordpress.callac.online\/index.php\/wp-json\/wp\/v2\/users\/1"}],"replies":[{"embeddable":true,"href":"https:\/\/wordpress.callac.online\/index.php\/wp-json\/wp\/v2\/comments?post=236"}],"version-history":[{"count":1,"href":"https:\/\/wordpress.callac.online\/index.php\/wp-json\/wp\/v2\/pages\/236\/revisions"}],"predecessor-version":[{"id":1121,"href":"https:\/\/wordpress.callac.online\/index.php\/wp-json\/wp\/v2\/pages\/236\/revisions\/1121"}],"up":[{"embeddable":true,"href":"https:\/\/wordpress.callac.online\/index.php\/wp-json\/wp\/v2\/pages\/1651"}],"wp:attachment":[{"href":"https:\/\/wordpress.callac.online\/index.php\/wp-json\/wp\/v2\/media?parent=236"}],"curies":[{"name":"wp","href":"https:\/\/api.w.org\/{rel}","templated":true}]}}