{"id":239,"date":"2010-12-07T13:26:32","date_gmt":"2010-12-07T12:26:32","guid":{"rendered":"http:\/\/wordpress.callac.online\/index.php\/un-exemple-pour-debuter-en-python\/"},"modified":"2022-01-05T22:41:54","modified_gmt":"2022-01-05T21:41:54","slug":"un-exemple-pour-debuter-en-python","status":"publish","type":"page","link":"https:\/\/wordpress.callac.online\/index.php\/python\/generalites-sur-python\/un-exemple-pour-debuter-en-python\/","title":{"rendered":"Un exemple pour d\u00e9buter en Python"},"content":{"rendered":"<h2>L&rsquo;objectif du programme<\/h2>\n<hr \/>\n<p>Ce petit programme va nous permettre de voir les principales caract\u00e9ristiques de ce langage.<\/p>\n<p>On veut simuler un programme comme ceux que l&rsquo;on rencontre au coll\u00e8ge :<br \/>\n&#8211; on choisit une valeur ;<br \/>\n&#8211; on ajoute 2 ;<br \/>\n&#8211; on multiplie par 2;<br \/>\n&#8211; on obtient le r\u00e9sultat final.<\/p>\n<h2>Version 1<\/h2>\n<hr \/>\n<p>Pour l&rsquo;instant, on suit pas \u00e0 pas ce que nous demande l&rsquo;exercice pr\u00e9c\u00e9demment d\u00e9crit.<\/p>\n<p>On ouvre le programme Python (IDLE). On \u00e9dite un nouveau programme que l&rsquo;on nomme version1.py. Attention, tous les fichiers python doivent obligatoire avoir comme extension \u00ab\u00a0.py\u00a0\u00bb.<\/p>\n<pre class=\"EnlighterJSRAW\" data-enlighter-language=\"python\">x=13\nresultat=x+2\nresultat=resultat*2\nprint(resultat)\n<\/pre>\n<p>On sauvegarde ce fichier version1.py et on le lance en appuyant sur F5.<\/p>\n<p>On obtient dans la fen\u00eatre d&rsquo;ex\u00e9cution :<code><\/code><\/p>\n<pre class=\"EnlighterJSRAW\" data-enlighter-language=\"generic\">&gt;&gt;&gt;\n30\n&gt;&gt;&gt;<\/pre>\n<p><code><\/code><\/p>\n<p>Pour l&rsquo;instant, rien de tr\u00e8s sensationnel. Les \u00e9l\u00e8ves sont d\u00e9\u00e7us &#8230; Tout \u00e7a pour \u00e7a ?<\/p>\n<p>A ce niveau, on peut juste parler des variables, notamment de qui se passe avec \u00ab\u00a0resultat\u00a0\u00bb.<\/p>\n<h2>Version 2<\/h2>\n<hr \/>\n<p>Tout d&rsquo;abord, on va essayer de soigner la pr\u00e9sentation du r\u00e9sultat :<\/p>\n<pre class=\"EnlighterJSRAW\" data-enlighter-language=\"python\">x=13\nresultat=x+2\nresultat=resultat*2\nprint(\"Quand x vaut \"+repr(x)+\", le r\u00e9sultat vaut \" +repr(resultat)+\" !\")<\/pre>\n<p>On sauvegarde ce fichier version2.py et on le lance en appuyant sur F5.<\/p>\n<p>On obtient dans la fen\u00eatre d&rsquo;ex\u00e9cution :<\/p>\n<p><code><\/code><\/p>\n<pre class=\"EnlighterJSRAW\" data-enlighter-language=\"generic\">&gt;&gt;&gt;\nQuand x vaut 13 , le r\u00e9sultat vaut 30 !\n&gt;&gt;&gt;<\/pre>\n<p><code><\/code><\/p>\n<p>C&rsquo;est d\u00e9j\u00e0 mieux ! Les \u00e9l\u00e8ves s&rsquo;amusent \u00e0 modifier la mise en forme du r\u00e9sultat :<\/p>\n<p><code><\/code><\/p>\n<pre class=\"EnlighterJSRAW\" data-enlighter-language=\"generic\">&gt;&gt;&gt;\nQuand le mage dit 13 , l'\u00e9cho r\u00e9pond 30 !\n&gt;&gt;&gt;<\/pre>\n<p><code><\/code><\/p>\n<p>ou pour les matheux :<\/p>\n<p><code><\/code><\/p>\n<pre class=\"EnlighterJSRAW\" data-enlighter-language=\"generic\">&gt;&gt;&gt;\nf( 13 )=30\n&gt;&gt;&gt;<\/pre>\n<p><code><\/code><\/p>\n<h2>Version 3<\/h2>\n<hr \/>\n<p>Le gros inconv\u00e9nient pour l&rsquo;instant est de devoir choisir la valeur de \u00ab\u00a0x\u00a0\u00bb dans le programme. Tentons d&rsquo;y rem\u00e9dier :<\/p>\n<pre class=\"EnlighterJSRAW\" data-enlighter-language=\"python\">x=int(input(\"Rentrer la valeur de x : \"))\nresultat=x+2\nresultat=resultat*2\nprint(\"Quand x vaut \"+repr(x)+\", le r\u00e9sultat vaut \" +repr(resultat)+\" !\")<\/pre>\n<p>On sauvegarde ce fichier version3.py et on le lance en appuyant sur F5. On me demande de rentrer la valeur de x. je choisis par exemple 7.<\/p>\n<p>On obtient dans la fen\u00eatre d&rsquo;ex\u00e9cution :<\/p>\n<p><code><\/code><\/p>\n<pre class=\"EnlighterJSRAW\" data-enlighter-language=\"generic\">&gt;&gt;&gt;\nRentrer la valeur de x : 7\nQuand x vaut 7 , le r\u00e9sultat vaut 18 !\n&gt;&gt;&gt;<\/pre>\n<p><code><\/code><\/p>\n<p>\u00c7a s&rsquo;am\u00e9liore. Pas vite, mais on progresse &#8230;<\/p>\n<p>Une petite explication : <code>x=int(raw_input(\"Rentrer la valeur de x : \"))<\/code> signifie que l&rsquo;on demande une valeur \u00e0 l&rsquo;utilisateur (raw_input) puis on la convertit en un entier. x est donc un entier.<\/p>\n<h2>Version 4<\/h2>\n<hr \/>\n<p>Cr\u00e9ons maintenant une boucle pour continuer de calculer des r\u00e9sultats pour diff\u00e9rentes valeurs de x.<\/p>\n<pre class=\"EnlighterJSRAW\" data-enlighter-language=\"python\">\"\"\"\nLe programme va vous demander de choisir en bouche des valeurs de x.\nPour sortir, il suffira de choisir la valeur 0.\n\"\"\"\n\nx=3 #il faut une valeur diff\u00e9rente de 0 pour rentrer dans la boucle\nwhile(x!=0):\nx=int(input(\"Rentrer la valeur de x : \"))\nresultat=x+2\nresultat=resultat*2\nprint(\"Quand x vaut \"+repr(x)+\", le r\u00e9sultat vaut \"+repr(resultat)+\" !\\n\")\n\nprint(\"Happy end !\")<\/pre>\n<p>On sauvegarde ce fichier version4.py et on le lance en appuyant sur F5.<\/p>\n<p>On obtient dans la fen\u00eatre d&rsquo;ex\u00e9cution :<\/p>\n<p><code><\/code><\/p>\n<pre class=\"EnlighterJSRAW\" data-enlighter-language=\"generic\">&gt;&gt;&gt;\nLe programme va vous demander de choisir en bouche des valeurs de x.\nPour sortir, il suffira de choisir la valeur 0.\n\nRentrer la valeur de x : 4\nQuand x vaut 4 , le r\u00e9sultat vaut 12 !\n\nRentrer la valeur de x : 3\nQuand x vaut 3 , le r\u00e9sultat vaut 10 !\n\nRentrer la valeur de x : 0\nQuand x vaut 0 , le r\u00e9sultat vaut 4 !\n\nHappy end !\n&gt;&gt;&gt;<\/pre>\n<p><code><\/code><\/p>\n<p>Une boucle ! \u00c7a ressemble enfin \u00e0 un programme.<\/p>\n<p>Il faut vraiment ici insister sur les tabulations qui existent sur les lignes qui suivent le \u00ab\u00a0while\u00a0\u00bb. C&rsquo;est ce d\u00e9calage qui va indique jusqu&rsquo;o\u00f9 le bloc va aller. Ainsi, la ligne finale n&rsquo;est pas d\u00e9cal\u00e9e. Elle est en dehors de la boucle.<\/p>\n<p>Les lignes <code>print \"\\n\"<\/code> servent \u00e0 faire un saut de ligne pour am\u00e9liorer la pr\u00e9sentation.<\/p>\n<h2>Version 5<\/h2>\n<hr \/>\n<p>On peut rajouter des petits tests sur le r\u00e9sultat :<\/p>\n<pre class=\"EnlighterJSRAW\" data-enlighter-language=\"python\">\"\"\"Le programme va vous demander de choisir en bouche des valeurs de x.\nPour sortir, il suffira de choisir la valeur 0.\n\"\"\"\n\nx=3 #il faut une valeur diff\u00e9rente de 0 pour rentrer dans la boucle\nwhile(x!=0):\n    x=int(input(\"Rentrer la valeur de x : \"))\n    resultat=x+2\n    resultat=resultat*2\n    print(\"Quand x vaut \"+repr(x)+\", le r\u00e9sultat vaut \"+repr(resultat)+\" !\\n\")\n    if (resultat &gt;0):\n        print(\"Ce r\u00e9sultat est positif.\")\n    elif (resultat&lt;0):\n        print(\"Ce r\u00e9sultat est n\u00e9gatif.\")\n    else :\n        print(\"Ce r\u00e9sultat est nul.\")\n    print(\"\\n\")\n\nprint(\"Happy end !\")<\/pre>\n<p>On sauvegarde ce fichier version5.py et on le lance en appuyant sur F5.<\/p>\n<p>On obtient dans la fen\u00eatre d&rsquo;ex\u00e9cution :<\/p>\n<p><code><\/code><\/p>\n<pre class=\"EnlighterJSRAW\" data-enlighter-language=\"generic\">&gt;&gt;&gt;\nLe programme va vous demander de choisir en bouche des valeurs de x.\nPour sortir, il suffira de choisir la valeur 0.\n\nRentrer la valeur de x : 10\nQuand x vaut 10 , le r\u00e9sultat vaut 24 !\nCe r\u00e9sultat est positif.\n\nRentrer la valeur de x : -9\nQuand x vaut -9 , le r\u00e9sultat vaut -14 !\nCe r\u00e9sultat est n\u00e9gatif.\n\nRentrer la valeur de x : -2\nQuand x vaut -2 , le r\u00e9sultat vaut 0 !\nCe r\u00e9sultat est nul.\n\nRentrer la valeur de x : 0\nQuand x vaut 0 , le r\u00e9sultat vaut 4 !\nCe r\u00e9sultat est positif.\n\nHappy end !\n&gt;&gt;&gt;<\/pre>\n<p><code><\/code><\/p>\n<p>A noter encore une fois l&rsquo;importance des d\u00e9calages pour d\u00e9limiter les tests.<\/p>\n<h2>Version 6<\/h2>\n<hr \/>\n<p>Enfin, on peut s\u00e9parer la d\u00e9finition de la fonction du reste du programme. ce sera plus simple pour la modifier.<\/p>\n<pre class=\"EnlighterJSRAW\" data-enlighter-language=\"python\">#------------------- on d\u00e9finit la fonction\ndef mafonction(t):\n    \"\"\" Je mets ici le commentaire sur ma fonction.\nC'est une fonction de la variable t.\nElle renvoie son image.\nAinsi, remarquez les points pour signaler que l'on ne travaille pas avec des entiers.\nC'est plus prudent !\"\"\"\n    image=2.*(t+2.)\n    return image\n\n#-------------------- le programme principal\n\"\"\"Le programme va vous demander de choisir en bouche des valeurs de x.\nPour sortir, il suffira de choisir la valeur 0.\n\"\"\"\nx=3 #il faut une valeur diff\u00e9rente de 0 pour rentrer dans la boucle\nwhile(x!=0):\n    x=int(input(\"Rentrer la valeur de x : \"))\n    resultat=mafonction(x)\n    print(\"Quand x vaut \"+repr(x)+\", le r\u00e9sultat vaut \"+repr(resultat)+\" !\\n\")\n    if (resultat &gt;0):\n        print(\"Ce r\u00e9sultat est positif.\")\n    elif (resultat&lt;0):\n        print(\"Ce r\u00e9sultat est n\u00e9gatif.\")\n    else :\n        print(\"Ce r\u00e9sultat est nul.\")\n    print(\"\\n\")\n\nprint(\"Happy end !\")<\/pre>\n<p>On sauvegarde ce fichier version6.py et on le lance en appuyant sur F5.<\/p>\n<p>On obtient dans la fen\u00eatre d&rsquo;ex\u00e9cution :<\/p>\n<p><code><\/code><\/p>\n<pre class=\"EnlighterJSRAW\" data-enlighter-language=\"generic\">&gt;&gt;&gt;\nLe programme va vous demander de choisir en bouche des valeurs de x.\nPour sortir, il suffira de choisir la valeur 0.\n\nRentrer la valeur de x : 3\nQuand x vaut 3.0 , le r\u00e9sultat vaut 10.0 !\nCe r\u00e9sultat est positif.\n\nRentrer la valeur de x : 0\nQuand x vaut 0.0 , le r\u00e9sultat vaut 4.0 !\nCe r\u00e9sultat est positif.\n\nHappy end !\n&gt;&gt;&gt;<\/pre>\n<p><code><\/code><\/p>\n<p>A noter l&rsquo;utilisation d\u00e9sormais du format de nombres \u00ab\u00a0float\u00a0\u00bb au lieu de \u00ab\u00a0int\u00a0\u00bb. C&rsquo;est fortement recommand\u00e9 pour \u00e9viter des soucis. En effet, si on demande \u00e0 Python de faire une op\u00e9rations entre des entiers, il donne un r\u00e9sultat entier comme \u00ab\u00a05\/3\u00a0\u00bb qui donne comme r\u00e9sultat \u00ab\u00a01\u00a0\u00bb. Mieux vaut taper \u00ab\u00a05.\/3.\u00a0\u00bb.<\/p>\n<h2>Version 7<\/h2>\n<hr \/>\n<p>Une derni\u00e8re version pour montrer l&rsquo;utilisation de la librairie.<\/p>\n<pre class=\"EnlighterJSRAW\" data-enlighter-language=\"python\">import math # pour rendre accessible la librairie math\u00e9matique\n\n#------------------- on d\u00e9finit la fonction\ndef f(t):\n    \"\"\" Un exemple de fonction faisant appel la la librairie des fonctions\nmath\u00e9matiques : la fonction racine carr\u00e9e.\"\"\"\n    image=t**2-3*t+2\n    return image\n\n#-------------------- le programme principal\n\"\"\"Le programme va vous demander de choisir en boucle des valeurs de x.\nprint \"Pour sortir, il suffira de choisir la valeur 0.\"\"\"\n\nx=3 #il faut une valeur diff\u00e9rente de 0 pour rentrer dans la boucle\nwhile(x!=0):\n    x=float(input(\"Rentrer la valeur de x : \"))\n    if (x&lt;0):\n        print(\"Il faut une valeur positive ou nulle !\")\n    else :\n        resultat=f(x)\n        print(\"f(\"+repr(x)+ \")=\"+repr(resultat))\n    print(\"\\n\")\n\nprint(\"Happy end !\")<\/pre>\n<p>On sauvegarde ce fichier version7.py et on le lance en appuyant sur F5.<\/p>\n<p>On obtient dans la fen\u00eatre d&rsquo;ex\u00e9cution :<\/p>\n<p><code><\/code><\/p>\n<pre class=\"EnlighterJSRAW\" data-enlighter-language=\"generic\">&gt;&gt;&gt;\nLe programme va vous demander de choisir en bouche des valeurs de x.\nPour sortir, il suffira de choisir la valeur 0.\n\nRentrer la valeur de x : -3\nIl faut une valeur positive ou nulle !\n\nRentrer la valeur de x : 5\nf( 5.0 )= 2.2360679775\n\nRentrer la valeur de x : 0\nf( 0.0 )= 0.0\n\nHappy end !\n&gt;&gt;&gt;<\/pre>\n<p><code><\/code><\/p>\n<p><code><\/code><code><br \/>\n<\/code><\/p>\n","protected":false},"excerpt":{"rendered":"<p>L&rsquo;objectif du programme Ce petit programme va nous permettre de voir les principales caract\u00e9ristiques de ce langage. On veut simuler un programme comme ceux que l&rsquo;on rencontre au coll\u00e8ge :&hellip;<\/p>\n","protected":false},"author":1,"featured_media":0,"parent":1649,"menu_order":8,"comment_status":"closed","ping_status":"closed","template":"","meta":{"footnotes":""},"class_list":["post-239","page","type-page","status-publish","hentry"],"yoast_head":"<!-- This site is optimized with the Yoast SEO plugin v27.1.1 - https:\/\/yoast.com\/product\/yoast-seo-wordpress\/ -->\n<title>Un exemple pour d\u00e9buter en Python - Maths &amp; Num\u00e9rique<\/title>\n<meta name=\"robots\" content=\"index, follow, max-snippet:-1, max-image-preview:large, max-video-preview:-1\" \/>\n<link rel=\"canonical\" href=\"https:\/\/wordpress.callac.online\/index.php\/python\/generalites-sur-python\/un-exemple-pour-debuter-en-python\/\" \/>\n<meta property=\"og:locale\" content=\"fr_FR\" \/>\n<meta property=\"og:type\" content=\"article\" \/>\n<meta property=\"og:title\" content=\"Un exemple pour d\u00e9buter en Python - Maths &amp; Num\u00e9rique\" \/>\n<meta property=\"og:description\" content=\"L&rsquo;objectif du programme Ce petit programme va nous permettre de voir les principales caract\u00e9ristiques de ce langage. On veut simuler un programme comme ceux que l&rsquo;on rencontre au coll\u00e8ge :&hellip;\" \/>\n<meta property=\"og:url\" content=\"https:\/\/wordpress.callac.online\/index.php\/python\/generalites-sur-python\/un-exemple-pour-debuter-en-python\/\" \/>\n<meta property=\"og:site_name\" content=\"Maths &amp; Num\u00e9rique\" \/>\n<meta property=\"article:modified_time\" content=\"2022-01-05T21:41:54+00:00\" \/>\n<meta name=\"twitter:card\" content=\"summary_large_image\" \/>\n<meta name=\"twitter:label1\" content=\"Dur\u00e9e de lecture estim\u00e9e\" \/>\n\t<meta name=\"twitter:data1\" content=\"7 minutes\" \/>\n<script type=\"application\/ld+json\" class=\"yoast-schema-graph\">{\"@context\":\"https:\/\/schema.org\",\"@graph\":[{\"@type\":\"WebPage\",\"@id\":\"https:\/\/wordpress.callac.online\/index.php\/python\/generalites-sur-python\/un-exemple-pour-debuter-en-python\/\",\"url\":\"https:\/\/wordpress.callac.online\/index.php\/python\/generalites-sur-python\/un-exemple-pour-debuter-en-python\/\",\"name\":\"Un exemple pour d\u00e9buter en Python - Maths &amp; Num\u00e9rique\",\"isPartOf\":{\"@id\":\"https:\/\/wordpress.callac.online\/#website\"},\"datePublished\":\"2010-12-07T12:26:32+00:00\",\"dateModified\":\"2022-01-05T21:41:54+00:00\",\"breadcrumb\":{\"@id\":\"https:\/\/wordpress.callac.online\/index.php\/python\/generalites-sur-python\/un-exemple-pour-debuter-en-python\/#breadcrumb\"},\"inLanguage\":\"fr-FR\",\"potentialAction\":[{\"@type\":\"ReadAction\",\"target\":[\"https:\/\/wordpress.callac.online\/index.php\/python\/generalites-sur-python\/un-exemple-pour-debuter-en-python\/\"]}]},{\"@type\":\"BreadcrumbList\",\"@id\":\"https:\/\/wordpress.callac.online\/index.php\/python\/generalites-sur-python\/un-exemple-pour-debuter-en-python\/#breadcrumb\",\"itemListElement\":[{\"@type\":\"ListItem\",\"position\":1,\"name\":\"Accueil\",\"item\":\"https:\/\/wordpress.callac.online\/\"},{\"@type\":\"ListItem\",\"position\":2,\"name\":\"Python\",\"item\":\"https:\/\/wordpress.callac.online\/index.php\/python\/\"},{\"@type\":\"ListItem\",\"position\":3,\"name\":\"G\u00e9n\u00e9ralit\u00e9s sur Python\",\"item\":\"https:\/\/wordpress.callac.online\/index.php\/python\/generalites-sur-python\/\"},{\"@type\":\"ListItem\",\"position\":4,\"name\":\"Un exemple pour d\u00e9buter en Python\"}]},{\"@type\":\"WebSite\",\"@id\":\"https:\/\/wordpress.callac.online\/#website\",\"url\":\"https:\/\/wordpress.callac.online\/\",\"name\":\"Maths & Num\u00e9rique\",\"description\":\"Des outils pour les enseignants de math\u00e9matiques et de num\u00e9rique\",\"publisher\":{\"@id\":\"https:\/\/wordpress.callac.online\/#\/schema\/person\/04061f1ca2c2c42039142a704be95940\"},\"potentialAction\":[{\"@type\":\"SearchAction\",\"target\":{\"@type\":\"EntryPoint\",\"urlTemplate\":\"https:\/\/wordpress.callac.online\/?s={search_term_string}\"},\"query-input\":{\"@type\":\"PropertyValueSpecification\",\"valueRequired\":true,\"valueName\":\"search_term_string\"}}],\"inLanguage\":\"fr-FR\"},{\"@type\":[\"Person\",\"Organization\"],\"@id\":\"https:\/\/wordpress.callac.online\/#\/schema\/person\/04061f1ca2c2c42039142a704be95940\",\"name\":\"dlefur\",\"image\":{\"@type\":\"ImageObject\",\"inLanguage\":\"fr-FR\",\"@id\":\"https:\/\/wordpress.callac.online\/#\/schema\/person\/image\/\",\"url\":\"https:\/\/secure.gravatar.com\/avatar\/4a9e17be136808c6597f28aa2b6c13126dab066fdc2198ff60090972c9b7fafc?s=96&d=mm&r=g\",\"contentUrl\":\"https:\/\/secure.gravatar.com\/avatar\/4a9e17be136808c6597f28aa2b6c13126dab066fdc2198ff60090972c9b7fafc?s=96&d=mm&r=g\",\"caption\":\"dlefur\"},\"logo\":{\"@id\":\"https:\/\/wordpress.callac.online\/#\/schema\/person\/image\/\"},\"description\":\"Enseignant de math\u00e9matiques Lyc\u00e9e Pasteur S\u00e3o Paulo\",\"sameAs\":[\"http:\/\/wordpress.callac.online\"]}]}<\/script>\n<!-- \/ Yoast SEO plugin. -->","yoast_head_json":{"title":"Un exemple pour d\u00e9buter en Python - Maths &amp; Num\u00e9rique","robots":{"index":"index","follow":"follow","max-snippet":"max-snippet:-1","max-image-preview":"max-image-preview:large","max-video-preview":"max-video-preview:-1"},"canonical":"https:\/\/wordpress.callac.online\/index.php\/python\/generalites-sur-python\/un-exemple-pour-debuter-en-python\/","og_locale":"fr_FR","og_type":"article","og_title":"Un exemple pour d\u00e9buter en Python - Maths &amp; Num\u00e9rique","og_description":"L&rsquo;objectif du programme Ce petit programme va nous permettre de voir les principales caract\u00e9ristiques de ce langage. On veut simuler un programme comme ceux que l&rsquo;on rencontre au coll\u00e8ge :&hellip;","og_url":"https:\/\/wordpress.callac.online\/index.php\/python\/generalites-sur-python\/un-exemple-pour-debuter-en-python\/","og_site_name":"Maths &amp; Num\u00e9rique","article_modified_time":"2022-01-05T21:41:54+00:00","twitter_card":"summary_large_image","twitter_misc":{"Dur\u00e9e de lecture estim\u00e9e":"7 minutes"},"schema":{"@context":"https:\/\/schema.org","@graph":[{"@type":"WebPage","@id":"https:\/\/wordpress.callac.online\/index.php\/python\/generalites-sur-python\/un-exemple-pour-debuter-en-python\/","url":"https:\/\/wordpress.callac.online\/index.php\/python\/generalites-sur-python\/un-exemple-pour-debuter-en-python\/","name":"Un exemple pour d\u00e9buter en Python - Maths &amp; Num\u00e9rique","isPartOf":{"@id":"https:\/\/wordpress.callac.online\/#website"},"datePublished":"2010-12-07T12:26:32+00:00","dateModified":"2022-01-05T21:41:54+00:00","breadcrumb":{"@id":"https:\/\/wordpress.callac.online\/index.php\/python\/generalites-sur-python\/un-exemple-pour-debuter-en-python\/#breadcrumb"},"inLanguage":"fr-FR","potentialAction":[{"@type":"ReadAction","target":["https:\/\/wordpress.callac.online\/index.php\/python\/generalites-sur-python\/un-exemple-pour-debuter-en-python\/"]}]},{"@type":"BreadcrumbList","@id":"https:\/\/wordpress.callac.online\/index.php\/python\/generalites-sur-python\/un-exemple-pour-debuter-en-python\/#breadcrumb","itemListElement":[{"@type":"ListItem","position":1,"name":"Accueil","item":"https:\/\/wordpress.callac.online\/"},{"@type":"ListItem","position":2,"name":"Python","item":"https:\/\/wordpress.callac.online\/index.php\/python\/"},{"@type":"ListItem","position":3,"name":"G\u00e9n\u00e9ralit\u00e9s sur Python","item":"https:\/\/wordpress.callac.online\/index.php\/python\/generalites-sur-python\/"},{"@type":"ListItem","position":4,"name":"Un exemple pour d\u00e9buter en Python"}]},{"@type":"WebSite","@id":"https:\/\/wordpress.callac.online\/#website","url":"https:\/\/wordpress.callac.online\/","name":"Maths & Num\u00e9rique","description":"Des outils pour les enseignants de math\u00e9matiques et de num\u00e9rique","publisher":{"@id":"https:\/\/wordpress.callac.online\/#\/schema\/person\/04061f1ca2c2c42039142a704be95940"},"potentialAction":[{"@type":"SearchAction","target":{"@type":"EntryPoint","urlTemplate":"https:\/\/wordpress.callac.online\/?s={search_term_string}"},"query-input":{"@type":"PropertyValueSpecification","valueRequired":true,"valueName":"search_term_string"}}],"inLanguage":"fr-FR"},{"@type":["Person","Organization"],"@id":"https:\/\/wordpress.callac.online\/#\/schema\/person\/04061f1ca2c2c42039142a704be95940","name":"dlefur","image":{"@type":"ImageObject","inLanguage":"fr-FR","@id":"https:\/\/wordpress.callac.online\/#\/schema\/person\/image\/","url":"https:\/\/secure.gravatar.com\/avatar\/4a9e17be136808c6597f28aa2b6c13126dab066fdc2198ff60090972c9b7fafc?s=96&d=mm&r=g","contentUrl":"https:\/\/secure.gravatar.com\/avatar\/4a9e17be136808c6597f28aa2b6c13126dab066fdc2198ff60090972c9b7fafc?s=96&d=mm&r=g","caption":"dlefur"},"logo":{"@id":"https:\/\/wordpress.callac.online\/#\/schema\/person\/image\/"},"description":"Enseignant de math\u00e9matiques Lyc\u00e9e Pasteur S\u00e3o Paulo","sameAs":["http:\/\/wordpress.callac.online"]}]}},"_links":{"self":[{"href":"https:\/\/wordpress.callac.online\/index.php\/wp-json\/wp\/v2\/pages\/239","targetHints":{"allow":["GET"]}}],"collection":[{"href":"https:\/\/wordpress.callac.online\/index.php\/wp-json\/wp\/v2\/pages"}],"about":[{"href":"https:\/\/wordpress.callac.online\/index.php\/wp-json\/wp\/v2\/types\/page"}],"author":[{"embeddable":true,"href":"https:\/\/wordpress.callac.online\/index.php\/wp-json\/wp\/v2\/users\/1"}],"replies":[{"embeddable":true,"href":"https:\/\/wordpress.callac.online\/index.php\/wp-json\/wp\/v2\/comments?post=239"}],"version-history":[{"count":2,"href":"https:\/\/wordpress.callac.online\/index.php\/wp-json\/wp\/v2\/pages\/239\/revisions"}],"predecessor-version":[{"id":2062,"href":"https:\/\/wordpress.callac.online\/index.php\/wp-json\/wp\/v2\/pages\/239\/revisions\/2062"}],"up":[{"embeddable":true,"href":"https:\/\/wordpress.callac.online\/index.php\/wp-json\/wp\/v2\/pages\/1649"}],"wp:attachment":[{"href":"https:\/\/wordpress.callac.online\/index.php\/wp-json\/wp\/v2\/media?parent=239"}],"curies":[{"name":"wp","href":"https:\/\/api.w.org\/{rel}","templated":true}]}}