{"id":241,"date":"2017-07-20T13:42:00","date_gmt":"2017-07-20T11:42:00","guid":{"rendered":"http:\/\/wordpress.callac.online\/index.php\/installation-complete-de-latex-sous-ubuntu\/"},"modified":"2023-10-14T20:12:05","modified_gmt":"2023-10-14T18:12:05","slug":"installation-complete-de-latex-sous-ubuntu","status":"publish","type":"page","link":"https:\/\/wordpress.callac.online\/index.php\/edition-mathematique\/latex\/installation-complete-de-latex-sous-ubuntu\/","title":{"rendered":"Installation compl\u00e8te de LaTeX sous Ubuntu"},"content":{"rendered":"<p>Je vais essayer d&rsquo;expliquer comment installer rapidement et simplement une configuration de travail permettant d&rsquo;\u00e9diter des documents math\u00e9matiques (pour les enseignants).<\/p>\n<p>Je ne cherche pas \u00e0 \u00e9viter au maximum le terminal car je pense que, paradoxalement, c&rsquo;est assez simple.<\/p>\n<h2>Installation de la Texlive<\/h2>\n<hr \/>\n<p>Il faut bien entendu une distribution LaTeX. Sous Ubuntu, on dispose de la Texlive.<br \/>\nDans un terminal, taper :<\/p>\n<p><code><br \/>\nsudo apt-get install texlive-full<br \/>\n<\/code><\/p>\n<p>Cette installation est loin d&rsquo;\u00eatre fine, mais pour d\u00e9buter c&rsquo;est la solution la plus simple. Alors patience durant le t\u00e9l\u00e9chargement.<\/p>\n<h2>Installation de Xcas<\/h2>\n<hr \/>\n<p>Il suffit d&rsquo;installer Xcas depuis la logith\u00e8que depuis Ubuntu 17.04. D&rsquo;autres installations sont disponibles sur le <a href=\"https:\/\/www-fourier.ujf-grenoble.fr\/~parisse\/install_fr\" target=\"_blank\" rel=\"noopener noreferrer\">site officiel<\/a>.<\/p>\n<h2>Installation de mes outils<\/h2>\n<hr \/>\n<p>Avoir une configuration de travail efficace demande du temps. Je vous propose une solution compl\u00e8te, facile \u00e0 installer, bas\u00e9e sur l&rsquo;\u00e9diteur Gedit. Une fois l&rsquo;installation termin\u00e9e, avec un peu d&rsquo;exp\u00e9rience, vous pourrez personnaliser comme vous voulez ces outils.<\/p>\n<p>Commencer par t\u00e9l\u00e9charger l&rsquo;archive <a href=\"https:\/\/filedn.com\/lpKG7uY9hIHVel5exA5Ik80\/Wordpress\/%C3%89dition%20math%C3%A9matiques\/Tempo.zip\" target=\"_blank\" rel=\"noopener noreferrer\">Tempo.zip<\/a> , puis l&rsquo;extraire ou vous voulez. Cela va cr\u00e9er un dossier Tempo\/ . Une fois l&rsquo;installation termin\u00e9e, vous pourrez d\u00e9truire ce dossier.<\/p>\n<p>A l&rsquo;aide du navigateur Nautilus, aller dans ce dossier. Taper Ctrl+H pour afficher les fichiers cach\u00e9s.<br \/>\nSi vous n&rsquo;y connaissez rien, s\u00e9lectionner l&rsquo;ensemble des dossiers et les copier dans votre dossier personnel. Attention, il faut copier les dossiers de Tempo\/, mais pas Tempo\/.<\/p>\n<p>Pour ceux qui s&rsquo;y connaissent voici le d\u00e9tail de ce dossier ;<br \/>\n&#8211; <strong>.asy\/<\/strong> : des fichiers pour utiliser asymptote.<br \/>\n&#8211; <strong>.config\/<\/strong> : les fichiers de configuration de Gedit (snippets et extraits de code). Attention de ne pas \u00e9craser vos propres fichiers si vous en avez.<br \/>\n&#8211; <strong>.local\/<\/strong> : des fichiers pour la prise en charge du langage Metapost dans Gedit et quelques scripts Nautilus.<br \/>\n&#8211; <strong>ProfessorGui\/<\/strong> : une interface graphique permettant de cr\u00e9er facilement des graphiques en tout genre.<br \/>\n&#8211; <strong>texmf\/ <\/strong> : mon texmf personnel qui contient surtout <strong>professor\/<\/strong> . Si vous avez d\u00e9j\u00e0 un texmf, mieux vaut ne pas l&rsquo;installer mais y chercher les fichiers qui vous manquent peut-\u00eatre.<\/p>\n<hr \/>\n<p>Pour que LaTeX prenne en compte le dossier texmf install\u00e9 :<br \/>\n<code><br \/>\nmktexlsr texmf\/<br \/>\n<\/code><\/p>\n<hr \/>\n<p>Pour la prise en charge du langage Metapost :<br \/>\n<code><br \/>\ncd .local\/share\/<br \/>\nupdate-mime-database mime<br \/>\n<\/code><\/p>\n<hr \/>\n<p>Pour cr\u00e9er un raccourci vers l&rsquo;application <a href=\"226\">ProfessorGui<\/a>, commencer par cr\u00e9er un fichier ProfessorGUI avec gedit contenant les lignes suivantes en ajustant les chemins :<\/p>\n<p>[Desktop Entry]<br \/>\nComment=ProfessorGui<br \/>\nTerminal=false<br \/>\nName=ProfessorGui<br \/>\nExec=sh \/home\/mondossierperso\/ProfessorGui\/Professor.sh<br \/>\nType=Application<br \/>\nIcon=\/home\/mondossierperso\/ProfessorGui\/Images\/iconeprofessor.png<\/p>\n<p>Placer ce fichier dans le dossier .\/local\/share\/applications.<\/p>\n<p>Vous trouverez d\u00e9sormais professorGui dans vos applications. Vous pourrez ensuite la rajouter aux favoris.<br \/>\n~<br \/>\n~<br \/>\n~<\/p>\n<p>Encore deux petits programmes utiles au bon fonctionnement de de ProfessorGUI : python-glade2, et libgnome2-0 qui ajoute des fonctionnalit\u00e9s \u00e0 Gnome (gnome-open) :<\/p>\n<p><code><br \/>\nsudo apt-get install python-glade2<br \/>\nsudo apt-get install libgnome2-0<br \/>\n<\/code><\/p>\n<hr \/>\n<p>Il nous reste \u00e0 configurer Gedit.<br \/>\n&#8211; Ouvrir cette application<br \/>\n&#8211; Dans Affichage, cocher toutes les barres et tous les panneaux.<br \/>\n&#8211; Dans Edition\/Pr\u00e9f\u00e9rences,<\/p>\n<ul>\n<li>Dans Affichage : afficher les nommer de lignes.<\/li>\n<li>Dans Editeur : activer l&rsquo;indentation automatique.<\/li>\n<li>Dans Greffons, cocher au moins les extraits de code, les outils externes et le v\u00e9rificateur d&rsquo;orthographe.<\/li>\n<\/ul>\n<p>Ouf ! On y est !!!!!!<\/p>\n<p>En cas de probl\u00e8me, ne pas h\u00e9siter \u00e0 me contacter.<br \/>\nIl ne vous reste plus qu&rsquo;\u00e0 utiliser soit <a href=\"226\">ProfessorGui<\/a>, soit <a href=\"9\">d&rsquo;\u00e9crire vos documents LaTeX<\/a>, soit <a href=\"215\">d&rsquo;\u00e9crire vos fichiers Metapost<\/a>.<\/p>\n<p>Des vid\u00e9os de pr\u00e9sentation sont disponibles <a href=\"http:\/\/download.tuxfamily.org\/mathsp\/Videos\/\">ici<\/a> .<\/p>\n","protected":false},"excerpt":{"rendered":"<p>Je vais essayer d&rsquo;expliquer comment installer rapidement et simplement une configuration de travail permettant d&rsquo;\u00e9diter des documents math\u00e9matiques (pour les enseignants). Je ne cherche pas \u00e0 \u00e9viter au maximum le&hellip;<\/p>\n","protected":false},"author":1,"featured_media":0,"parent":1002,"menu_order":1,"comment_status":"closed","ping_status":"closed","template":"","meta":{"footnotes":""},"class_list":["post-241","page","type-page","status-publish","hentry"],"yoast_head":"<!-- This site is optimized with the Yoast SEO plugin v27.1.1 - https:\/\/yoast.com\/product\/yoast-seo-wordpress\/ -->\n<title>Installation compl\u00e8te de LaTeX sous Ubuntu - Maths &amp; Num\u00e9rique<\/title>\n<meta name=\"robots\" content=\"index, follow, max-snippet:-1, max-image-preview:large, max-video-preview:-1\" \/>\n<link rel=\"canonical\" href=\"https:\/\/wordpress.callac.online\/index.php\/edition-mathematique\/latex\/installation-complete-de-latex-sous-ubuntu\/\" \/>\n<meta property=\"og:locale\" content=\"fr_FR\" \/>\n<meta property=\"og:type\" content=\"article\" \/>\n<meta property=\"og:title\" content=\"Installation compl\u00e8te de LaTeX sous Ubuntu - Maths &amp; Num\u00e9rique\" \/>\n<meta property=\"og:description\" content=\"Je vais essayer d&rsquo;expliquer comment installer rapidement et simplement une configuration de travail permettant d&rsquo;\u00e9diter des documents math\u00e9matiques (pour les enseignants). Je ne cherche pas \u00e0 \u00e9viter au maximum le&hellip;\" \/>\n<meta property=\"og:url\" content=\"https:\/\/wordpress.callac.online\/index.php\/edition-mathematique\/latex\/installation-complete-de-latex-sous-ubuntu\/\" \/>\n<meta property=\"og:site_name\" content=\"Maths &amp; Num\u00e9rique\" \/>\n<meta property=\"article:modified_time\" content=\"2023-10-14T18:12:05+00:00\" \/>\n<meta name=\"twitter:card\" content=\"summary_large_image\" \/>\n<meta name=\"twitter:label1\" content=\"Dur\u00e9e de lecture estim\u00e9e\" \/>\n\t<meta name=\"twitter:data1\" content=\"3 minutes\" \/>\n<script type=\"application\/ld+json\" class=\"yoast-schema-graph\">{\"@context\":\"https:\/\/schema.org\",\"@graph\":[{\"@type\":\"WebPage\",\"@id\":\"https:\/\/wordpress.callac.online\/index.php\/edition-mathematique\/latex\/installation-complete-de-latex-sous-ubuntu\/\",\"url\":\"https:\/\/wordpress.callac.online\/index.php\/edition-mathematique\/latex\/installation-complete-de-latex-sous-ubuntu\/\",\"name\":\"Installation compl\u00e8te de LaTeX sous Ubuntu - Maths &amp; Num\u00e9rique\",\"isPartOf\":{\"@id\":\"https:\/\/wordpress.callac.online\/#website\"},\"datePublished\":\"2017-07-20T11:42:00+00:00\",\"dateModified\":\"2023-10-14T18:12:05+00:00\",\"breadcrumb\":{\"@id\":\"https:\/\/wordpress.callac.online\/index.php\/edition-mathematique\/latex\/installation-complete-de-latex-sous-ubuntu\/#breadcrumb\"},\"inLanguage\":\"fr-FR\",\"potentialAction\":[{\"@type\":\"ReadAction\",\"target\":[\"https:\/\/wordpress.callac.online\/index.php\/edition-mathematique\/latex\/installation-complete-de-latex-sous-ubuntu\/\"]}]},{\"@type\":\"BreadcrumbList\",\"@id\":\"https:\/\/wordpress.callac.online\/index.php\/edition-mathematique\/latex\/installation-complete-de-latex-sous-ubuntu\/#breadcrumb\",\"itemListElement\":[{\"@type\":\"ListItem\",\"position\":1,\"name\":\"Accueil\",\"item\":\"https:\/\/wordpress.callac.online\/\"},{\"@type\":\"ListItem\",\"position\":2,\"name\":\"\u00c9dition math\u00e9matique\",\"item\":\"https:\/\/wordpress.callac.online\/index.php\/edition-mathematique\/\"},{\"@type\":\"ListItem\",\"position\":3,\"name\":\"LaTeX\",\"item\":\"https:\/\/wordpress.callac.online\/index.php\/edition-mathematique\/latex\/\"},{\"@type\":\"ListItem\",\"position\":4,\"name\":\"Installation compl\u00e8te de LaTeX sous Ubuntu\"}]},{\"@type\":\"WebSite\",\"@id\":\"https:\/\/wordpress.callac.online\/#website\",\"url\":\"https:\/\/wordpress.callac.online\/\",\"name\":\"Maths & Num\u00e9rique\",\"description\":\"Des outils pour les enseignants de math\u00e9matiques et de num\u00e9rique\",\"publisher\":{\"@id\":\"https:\/\/wordpress.callac.online\/#\/schema\/person\/04061f1ca2c2c42039142a704be95940\"},\"potentialAction\":[{\"@type\":\"SearchAction\",\"target\":{\"@type\":\"EntryPoint\",\"urlTemplate\":\"https:\/\/wordpress.callac.online\/?s={search_term_string}\"},\"query-input\":{\"@type\":\"PropertyValueSpecification\",\"valueRequired\":true,\"valueName\":\"search_term_string\"}}],\"inLanguage\":\"fr-FR\"},{\"@type\":[\"Person\",\"Organization\"],\"@id\":\"https:\/\/wordpress.callac.online\/#\/schema\/person\/04061f1ca2c2c42039142a704be95940\",\"name\":\"dlefur\",\"image\":{\"@type\":\"ImageObject\",\"inLanguage\":\"fr-FR\",\"@id\":\"https:\/\/wordpress.callac.online\/#\/schema\/person\/image\/\",\"url\":\"https:\/\/secure.gravatar.com\/avatar\/4a9e17be136808c6597f28aa2b6c13126dab066fdc2198ff60090972c9b7fafc?s=96&d=mm&r=g\",\"contentUrl\":\"https:\/\/secure.gravatar.com\/avatar\/4a9e17be136808c6597f28aa2b6c13126dab066fdc2198ff60090972c9b7fafc?s=96&d=mm&r=g\",\"caption\":\"dlefur\"},\"logo\":{\"@id\":\"https:\/\/wordpress.callac.online\/#\/schema\/person\/image\/\"},\"description\":\"Enseignant de math\u00e9matiques Lyc\u00e9e Pasteur S\u00e3o Paulo\",\"sameAs\":[\"http:\/\/wordpress.callac.online\"]}]}<\/script>\n<!-- \/ Yoast SEO plugin. -->","yoast_head_json":{"title":"Installation compl\u00e8te de LaTeX sous Ubuntu - Maths &amp; Num\u00e9rique","robots":{"index":"index","follow":"follow","max-snippet":"max-snippet:-1","max-image-preview":"max-image-preview:large","max-video-preview":"max-video-preview:-1"},"canonical":"https:\/\/wordpress.callac.online\/index.php\/edition-mathematique\/latex\/installation-complete-de-latex-sous-ubuntu\/","og_locale":"fr_FR","og_type":"article","og_title":"Installation compl\u00e8te de LaTeX sous Ubuntu - Maths &amp; Num\u00e9rique","og_description":"Je vais essayer d&rsquo;expliquer comment installer rapidement et simplement une configuration de travail permettant d&rsquo;\u00e9diter des documents math\u00e9matiques (pour les enseignants). Je ne cherche pas \u00e0 \u00e9viter au maximum le&hellip;","og_url":"https:\/\/wordpress.callac.online\/index.php\/edition-mathematique\/latex\/installation-complete-de-latex-sous-ubuntu\/","og_site_name":"Maths &amp; Num\u00e9rique","article_modified_time":"2023-10-14T18:12:05+00:00","twitter_card":"summary_large_image","twitter_misc":{"Dur\u00e9e de lecture estim\u00e9e":"3 minutes"},"schema":{"@context":"https:\/\/schema.org","@graph":[{"@type":"WebPage","@id":"https:\/\/wordpress.callac.online\/index.php\/edition-mathematique\/latex\/installation-complete-de-latex-sous-ubuntu\/","url":"https:\/\/wordpress.callac.online\/index.php\/edition-mathematique\/latex\/installation-complete-de-latex-sous-ubuntu\/","name":"Installation compl\u00e8te de LaTeX sous Ubuntu - Maths &amp; Num\u00e9rique","isPartOf":{"@id":"https:\/\/wordpress.callac.online\/#website"},"datePublished":"2017-07-20T11:42:00+00:00","dateModified":"2023-10-14T18:12:05+00:00","breadcrumb":{"@id":"https:\/\/wordpress.callac.online\/index.php\/edition-mathematique\/latex\/installation-complete-de-latex-sous-ubuntu\/#breadcrumb"},"inLanguage":"fr-FR","potentialAction":[{"@type":"ReadAction","target":["https:\/\/wordpress.callac.online\/index.php\/edition-mathematique\/latex\/installation-complete-de-latex-sous-ubuntu\/"]}]},{"@type":"BreadcrumbList","@id":"https:\/\/wordpress.callac.online\/index.php\/edition-mathematique\/latex\/installation-complete-de-latex-sous-ubuntu\/#breadcrumb","itemListElement":[{"@type":"ListItem","position":1,"name":"Accueil","item":"https:\/\/wordpress.callac.online\/"},{"@type":"ListItem","position":2,"name":"\u00c9dition math\u00e9matique","item":"https:\/\/wordpress.callac.online\/index.php\/edition-mathematique\/"},{"@type":"ListItem","position":3,"name":"LaTeX","item":"https:\/\/wordpress.callac.online\/index.php\/edition-mathematique\/latex\/"},{"@type":"ListItem","position":4,"name":"Installation compl\u00e8te de LaTeX sous Ubuntu"}]},{"@type":"WebSite","@id":"https:\/\/wordpress.callac.online\/#website","url":"https:\/\/wordpress.callac.online\/","name":"Maths & Num\u00e9rique","description":"Des outils pour les enseignants de math\u00e9matiques et de num\u00e9rique","publisher":{"@id":"https:\/\/wordpress.callac.online\/#\/schema\/person\/04061f1ca2c2c42039142a704be95940"},"potentialAction":[{"@type":"SearchAction","target":{"@type":"EntryPoint","urlTemplate":"https:\/\/wordpress.callac.online\/?s={search_term_string}"},"query-input":{"@type":"PropertyValueSpecification","valueRequired":true,"valueName":"search_term_string"}}],"inLanguage":"fr-FR"},{"@type":["Person","Organization"],"@id":"https:\/\/wordpress.callac.online\/#\/schema\/person\/04061f1ca2c2c42039142a704be95940","name":"dlefur","image":{"@type":"ImageObject","inLanguage":"fr-FR","@id":"https:\/\/wordpress.callac.online\/#\/schema\/person\/image\/","url":"https:\/\/secure.gravatar.com\/avatar\/4a9e17be136808c6597f28aa2b6c13126dab066fdc2198ff60090972c9b7fafc?s=96&d=mm&r=g","contentUrl":"https:\/\/secure.gravatar.com\/avatar\/4a9e17be136808c6597f28aa2b6c13126dab066fdc2198ff60090972c9b7fafc?s=96&d=mm&r=g","caption":"dlefur"},"logo":{"@id":"https:\/\/wordpress.callac.online\/#\/schema\/person\/image\/"},"description":"Enseignant de math\u00e9matiques Lyc\u00e9e Pasteur S\u00e3o Paulo","sameAs":["http:\/\/wordpress.callac.online"]}]}},"_links":{"self":[{"href":"https:\/\/wordpress.callac.online\/index.php\/wp-json\/wp\/v2\/pages\/241","targetHints":{"allow":["GET"]}}],"collection":[{"href":"https:\/\/wordpress.callac.online\/index.php\/wp-json\/wp\/v2\/pages"}],"about":[{"href":"https:\/\/wordpress.callac.online\/index.php\/wp-json\/wp\/v2\/types\/page"}],"author":[{"embeddable":true,"href":"https:\/\/wordpress.callac.online\/index.php\/wp-json\/wp\/v2\/users\/1"}],"replies":[{"embeddable":true,"href":"https:\/\/wordpress.callac.online\/index.php\/wp-json\/wp\/v2\/comments?post=241"}],"version-history":[{"count":3,"href":"https:\/\/wordpress.callac.online\/index.php\/wp-json\/wp\/v2\/pages\/241\/revisions"}],"predecessor-version":[{"id":2958,"href":"https:\/\/wordpress.callac.online\/index.php\/wp-json\/wp\/v2\/pages\/241\/revisions\/2958"}],"up":[{"embeddable":true,"href":"https:\/\/wordpress.callac.online\/index.php\/wp-json\/wp\/v2\/pages\/1002"}],"wp:attachment":[{"href":"https:\/\/wordpress.callac.online\/index.php\/wp-json\/wp\/v2\/media?parent=241"}],"curies":[{"name":"wp","href":"https:\/\/api.w.org\/{rel}","templated":true}]}}