{"id":243,"date":"2012-05-24T17:23:00","date_gmt":"2012-05-24T15:23:00","guid":{"rendered":"http:\/\/wordpress.callac.online\/index.php\/initiation-aux-boucles-pour\/"},"modified":"2022-01-05T22:41:58","modified_gmt":"2022-01-05T21:41:58","slug":"initiation-aux-boucles-pour","status":"publish","type":"page","link":"https:\/\/wordpress.callac.online\/index.php\/numerique\/algorithmique\/initiation-aux-boucles-pour\/","title":{"rendered":"Initiation aux boucles \u00ab\u00a0Pour\u00a0\u00bb"},"content":{"rendered":"<hr \/>\n<h2>Exemple 1<\/h2>\n<hr \/>\n<pre class=\"EnlighterJSRAW\" data-enlighter-language=\"generic\">\/*------------------------------\nVariables\na: reel\nn : entier\nk : entier\nres : reel\n\/*------------------------------\nSaisir a\nSaisir n\nres:=1\nPour k de 1 jusqu'a n\n    res:=res*a\nAfficher res\n\/*------------------------------<\/pre>\n<ol>\n<li>V\u00e9rifier que si on choisit $a=5$ et $n=3$, le r\u00e9sultat affich\u00e9 est $125$.<\/li>\n<li>Qu&rsquo;affiche ce programme quand on choisit $a=2$ et $n=5$ ?<\/li>\n<li>Exprimer $res$ en fonction de $a$ et de $n$.<\/li>\n<li>Que fait ce programme ?<\/li>\n<\/ol>\n<hr \/>\n<h2>Exemple 2<\/h2>\n<hr \/>\n<pre class=\"EnlighterJSRAW\" data-enlighter-language=\"generic\">\/*------------------------------\nVariables\nn : entier\nk : entier\nres : reel\n\/*------------------------------\nSaisir n\nres:=1\nPour k de 1 jusqu'a n\n    res:=res*k\nAfficher res\n\/*------------------------------<\/pre>\n<ol>\n<li>V\u00e9rifier que si on choisit $n=3$, le r\u00e9sultat affich\u00e9 est $6$.<\/li>\n<li>Qu&rsquo;affiche ce programme quand on choisit $n=5$ ?<\/li>\n<\/ol>\n<p>NB : Ce programme calcule $factoriel(n)$ souvent not\u00e9 $n!$<\/p>\n<hr \/>\n<h2>Exemple 3<\/h2>\n<hr \/>\n<pre class=\"EnlighterJSRAW\" data-enlighter-language=\"generic\">\/*------------------------------\nVariables\na : reel\nn : entier\nk : entier\nres : reel\n\/*------------------------------\na:=5\nSaisir n\nPour k de 1 jusqu'a n\n    a:=2*a+3\nAfficher res\n\/*------------------------------<\/pre>\n<ol>\n<li>V\u00e9rifier que si on choisit $n=3$, le r\u00e9sultat affich\u00e9 est $29$.<\/li>\n<li>Qu&rsquo;affiche ce programme quand on choisit $n=4$ ?<\/li>\n<li>Derri\u00e8re ce programme se cache une suite $(u_n)$. D\u00e9finir cette suite par son premier terme $u_0$ et par sa relation de r\u00e9currence.<\/li>\n<\/ol>\n","protected":false},"excerpt":{"rendered":"<p>Exemple 1 \/*&#8212;&#8212;&#8212;&#8212;&#8212;&#8212;&#8212;&#8212;&#8212;&#8212; Variables a: reel n : entier k : entier res : reel \/*&#8212;&#8212;&#8212;&#8212;&#8212;&#8212;&#8212;&#8212;&#8212;&#8212; Saisir a Saisir n res:=1 Pour k de 1 jusqu&rsquo;a n res:=res*a Afficher res&hellip;<\/p>\n","protected":false},"author":1,"featured_media":0,"parent":2530,"menu_order":3,"comment_status":"closed","ping_status":"closed","template":"","meta":{"footnotes":""},"class_list":["post-243","page","type-page","status-publish","hentry"],"yoast_head":"<!-- This site is optimized with the Yoast SEO plugin v27.1.1 - https:\/\/yoast.com\/product\/yoast-seo-wordpress\/ -->\n<title>Initiation aux boucles &quot;Pour&quot; - Maths &amp; Num\u00e9rique<\/title>\n<meta name=\"robots\" content=\"index, follow, max-snippet:-1, max-image-preview:large, max-video-preview:-1\" \/>\n<link rel=\"canonical\" href=\"https:\/\/wordpress.callac.online\/index.php\/numerique\/algorithmique\/initiation-aux-boucles-pour\/\" \/>\n<meta property=\"og:locale\" content=\"fr_FR\" \/>\n<meta property=\"og:type\" content=\"article\" \/>\n<meta property=\"og:title\" content=\"Initiation aux boucles &quot;Pour&quot; - Maths &amp; Num\u00e9rique\" \/>\n<meta property=\"og:description\" content=\"Exemple 1 \/*------------------------------ Variables a: reel n : entier k : entier res : reel \/*------------------------------ Saisir a Saisir n res:=1 Pour k de 1 jusqu&#039;a n res:=res*a Afficher res&hellip;\" \/>\n<meta property=\"og:url\" content=\"https:\/\/wordpress.callac.online\/index.php\/numerique\/algorithmique\/initiation-aux-boucles-pour\/\" \/>\n<meta property=\"og:site_name\" content=\"Maths &amp; Num\u00e9rique\" \/>\n<meta property=\"article:modified_time\" content=\"2022-01-05T21:41:58+00:00\" \/>\n<meta name=\"twitter:card\" content=\"summary_large_image\" \/>\n<meta name=\"twitter:label1\" content=\"Dur\u00e9e de lecture estim\u00e9e\" \/>\n\t<meta name=\"twitter:data1\" content=\"1 minute\" \/>\n<script type=\"application\/ld+json\" class=\"yoast-schema-graph\">{\"@context\":\"https:\/\/schema.org\",\"@graph\":[{\"@type\":\"WebPage\",\"@id\":\"https:\/\/wordpress.callac.online\/index.php\/numerique\/algorithmique\/initiation-aux-boucles-pour\/\",\"url\":\"https:\/\/wordpress.callac.online\/index.php\/numerique\/algorithmique\/initiation-aux-boucles-pour\/\",\"name\":\"Initiation aux boucles \\\"Pour\\\" - Maths &amp; Num\u00e9rique\",\"isPartOf\":{\"@id\":\"https:\/\/wordpress.callac.online\/#website\"},\"datePublished\":\"2012-05-24T15:23:00+00:00\",\"dateModified\":\"2022-01-05T21:41:58+00:00\",\"breadcrumb\":{\"@id\":\"https:\/\/wordpress.callac.online\/index.php\/numerique\/algorithmique\/initiation-aux-boucles-pour\/#breadcrumb\"},\"inLanguage\":\"fr-FR\",\"potentialAction\":[{\"@type\":\"ReadAction\",\"target\":[\"https:\/\/wordpress.callac.online\/index.php\/numerique\/algorithmique\/initiation-aux-boucles-pour\/\"]}]},{\"@type\":\"BreadcrumbList\",\"@id\":\"https:\/\/wordpress.callac.online\/index.php\/numerique\/algorithmique\/initiation-aux-boucles-pour\/#breadcrumb\",\"itemListElement\":[{\"@type\":\"ListItem\",\"position\":1,\"name\":\"Accueil\",\"item\":\"https:\/\/wordpress.callac.online\/\"},{\"@type\":\"ListItem\",\"position\":2,\"name\":\"Num\u00e9rique\",\"item\":\"https:\/\/wordpress.callac.online\/index.php\/numerique\/\"},{\"@type\":\"ListItem\",\"position\":3,\"name\":\"Algorithmique\",\"item\":\"https:\/\/wordpress.callac.online\/index.php\/numerique\/algorithmique\/\"},{\"@type\":\"ListItem\",\"position\":4,\"name\":\"Initiation aux boucles &#8220;Pour&#8221;\"}]},{\"@type\":\"WebSite\",\"@id\":\"https:\/\/wordpress.callac.online\/#website\",\"url\":\"https:\/\/wordpress.callac.online\/\",\"name\":\"Maths & Num\u00e9rique\",\"description\":\"Des outils pour les enseignants de math\u00e9matiques et de num\u00e9rique\",\"publisher\":{\"@id\":\"https:\/\/wordpress.callac.online\/#\/schema\/person\/04061f1ca2c2c42039142a704be95940\"},\"potentialAction\":[{\"@type\":\"SearchAction\",\"target\":{\"@type\":\"EntryPoint\",\"urlTemplate\":\"https:\/\/wordpress.callac.online\/?s={search_term_string}\"},\"query-input\":{\"@type\":\"PropertyValueSpecification\",\"valueRequired\":true,\"valueName\":\"search_term_string\"}}],\"inLanguage\":\"fr-FR\"},{\"@type\":[\"Person\",\"Organization\"],\"@id\":\"https:\/\/wordpress.callac.online\/#\/schema\/person\/04061f1ca2c2c42039142a704be95940\",\"name\":\"dlefur\",\"image\":{\"@type\":\"ImageObject\",\"inLanguage\":\"fr-FR\",\"@id\":\"https:\/\/wordpress.callac.online\/#\/schema\/person\/image\/\",\"url\":\"https:\/\/secure.gravatar.com\/avatar\/4a9e17be136808c6597f28aa2b6c13126dab066fdc2198ff60090972c9b7fafc?s=96&d=mm&r=g\",\"contentUrl\":\"https:\/\/secure.gravatar.com\/avatar\/4a9e17be136808c6597f28aa2b6c13126dab066fdc2198ff60090972c9b7fafc?s=96&d=mm&r=g\",\"caption\":\"dlefur\"},\"logo\":{\"@id\":\"https:\/\/wordpress.callac.online\/#\/schema\/person\/image\/\"},\"description\":\"Enseignant de math\u00e9matiques Lyc\u00e9e Pasteur S\u00e3o Paulo\",\"sameAs\":[\"http:\/\/wordpress.callac.online\"]}]}<\/script>\n<!-- \/ Yoast SEO plugin. -->","yoast_head_json":{"title":"Initiation aux boucles \"Pour\" - Maths &amp; Num\u00e9rique","robots":{"index":"index","follow":"follow","max-snippet":"max-snippet:-1","max-image-preview":"max-image-preview:large","max-video-preview":"max-video-preview:-1"},"canonical":"https:\/\/wordpress.callac.online\/index.php\/numerique\/algorithmique\/initiation-aux-boucles-pour\/","og_locale":"fr_FR","og_type":"article","og_title":"Initiation aux boucles \"Pour\" - Maths &amp; Num\u00e9rique","og_description":"Exemple 1 \/*------------------------------ Variables a: reel n : entier k : entier res : reel \/*------------------------------ Saisir a Saisir n res:=1 Pour k de 1 jusqu'a n res:=res*a Afficher res&hellip;","og_url":"https:\/\/wordpress.callac.online\/index.php\/numerique\/algorithmique\/initiation-aux-boucles-pour\/","og_site_name":"Maths &amp; Num\u00e9rique","article_modified_time":"2022-01-05T21:41:58+00:00","twitter_card":"summary_large_image","twitter_misc":{"Dur\u00e9e de lecture estim\u00e9e":"1 minute"},"schema":{"@context":"https:\/\/schema.org","@graph":[{"@type":"WebPage","@id":"https:\/\/wordpress.callac.online\/index.php\/numerique\/algorithmique\/initiation-aux-boucles-pour\/","url":"https:\/\/wordpress.callac.online\/index.php\/numerique\/algorithmique\/initiation-aux-boucles-pour\/","name":"Initiation aux boucles \"Pour\" - Maths &amp; Num\u00e9rique","isPartOf":{"@id":"https:\/\/wordpress.callac.online\/#website"},"datePublished":"2012-05-24T15:23:00+00:00","dateModified":"2022-01-05T21:41:58+00:00","breadcrumb":{"@id":"https:\/\/wordpress.callac.online\/index.php\/numerique\/algorithmique\/initiation-aux-boucles-pour\/#breadcrumb"},"inLanguage":"fr-FR","potentialAction":[{"@type":"ReadAction","target":["https:\/\/wordpress.callac.online\/index.php\/numerique\/algorithmique\/initiation-aux-boucles-pour\/"]}]},{"@type":"BreadcrumbList","@id":"https:\/\/wordpress.callac.online\/index.php\/numerique\/algorithmique\/initiation-aux-boucles-pour\/#breadcrumb","itemListElement":[{"@type":"ListItem","position":1,"name":"Accueil","item":"https:\/\/wordpress.callac.online\/"},{"@type":"ListItem","position":2,"name":"Num\u00e9rique","item":"https:\/\/wordpress.callac.online\/index.php\/numerique\/"},{"@type":"ListItem","position":3,"name":"Algorithmique","item":"https:\/\/wordpress.callac.online\/index.php\/numerique\/algorithmique\/"},{"@type":"ListItem","position":4,"name":"Initiation aux boucles &#8220;Pour&#8221;"}]},{"@type":"WebSite","@id":"https:\/\/wordpress.callac.online\/#website","url":"https:\/\/wordpress.callac.online\/","name":"Maths & Num\u00e9rique","description":"Des outils pour les enseignants de math\u00e9matiques et de num\u00e9rique","publisher":{"@id":"https:\/\/wordpress.callac.online\/#\/schema\/person\/04061f1ca2c2c42039142a704be95940"},"potentialAction":[{"@type":"SearchAction","target":{"@type":"EntryPoint","urlTemplate":"https:\/\/wordpress.callac.online\/?s={search_term_string}"},"query-input":{"@type":"PropertyValueSpecification","valueRequired":true,"valueName":"search_term_string"}}],"inLanguage":"fr-FR"},{"@type":["Person","Organization"],"@id":"https:\/\/wordpress.callac.online\/#\/schema\/person\/04061f1ca2c2c42039142a704be95940","name":"dlefur","image":{"@type":"ImageObject","inLanguage":"fr-FR","@id":"https:\/\/wordpress.callac.online\/#\/schema\/person\/image\/","url":"https:\/\/secure.gravatar.com\/avatar\/4a9e17be136808c6597f28aa2b6c13126dab066fdc2198ff60090972c9b7fafc?s=96&d=mm&r=g","contentUrl":"https:\/\/secure.gravatar.com\/avatar\/4a9e17be136808c6597f28aa2b6c13126dab066fdc2198ff60090972c9b7fafc?s=96&d=mm&r=g","caption":"dlefur"},"logo":{"@id":"https:\/\/wordpress.callac.online\/#\/schema\/person\/image\/"},"description":"Enseignant de math\u00e9matiques Lyc\u00e9e Pasteur S\u00e3o Paulo","sameAs":["http:\/\/wordpress.callac.online"]}]}},"_links":{"self":[{"href":"https:\/\/wordpress.callac.online\/index.php\/wp-json\/wp\/v2\/pages\/243","targetHints":{"allow":["GET"]}}],"collection":[{"href":"https:\/\/wordpress.callac.online\/index.php\/wp-json\/wp\/v2\/pages"}],"about":[{"href":"https:\/\/wordpress.callac.online\/index.php\/wp-json\/wp\/v2\/types\/page"}],"author":[{"embeddable":true,"href":"https:\/\/wordpress.callac.online\/index.php\/wp-json\/wp\/v2\/users\/1"}],"replies":[{"embeddable":true,"href":"https:\/\/wordpress.callac.online\/index.php\/wp-json\/wp\/v2\/comments?post=243"}],"version-history":[{"count":2,"href":"https:\/\/wordpress.callac.online\/index.php\/wp-json\/wp\/v2\/pages\/243\/revisions"}],"predecessor-version":[{"id":2536,"href":"https:\/\/wordpress.callac.online\/index.php\/wp-json\/wp\/v2\/pages\/243\/revisions\/2536"}],"up":[{"embeddable":true,"href":"https:\/\/wordpress.callac.online\/index.php\/wp-json\/wp\/v2\/pages\/2530"}],"wp:attachment":[{"href":"https:\/\/wordpress.callac.online\/index.php\/wp-json\/wp\/v2\/media?parent=243"}],"curies":[{"name":"wp","href":"https:\/\/api.w.org\/{rel}","templated":true}]}}