{"id":245,"date":"2012-05-22T19:12:00","date_gmt":"2012-05-22T17:12:00","guid":{"rendered":"http:\/\/wordpress.callac.online\/index.php\/exemples-divers-dalgorithmes\/"},"modified":"2022-01-05T22:41:58","modified_gmt":"2022-01-05T21:41:58","slug":"exemples-divers-dalgorithmes","status":"publish","type":"page","link":"https:\/\/wordpress.callac.online\/index.php\/numerique\/algorithmique\/exemples-divers-dalgorithmes\/","title":{"rendered":"Exemples divers d&rsquo;algorithmes"},"content":{"rendered":"<hr \/>\n<h2>Exemple 1<\/h2>\n<hr \/>\n<pre class=\"EnlighterJSRAW\" data-enlighter-language=\"generic\">\/*------------------------------\nVariables\na: reel\nm : entier relatif\nk : entier\n\/*------------------------------\nSaisir a\nSaisir m\nres :=1\nSi (m&gt;0)\n    Pour k de 1 jusqu'a m\n        res:=res*a\nSinon Si (m&lt;0)\n    m:=-m\n    Pour k de 1 jusqu'a m\n        res:=res\/a\nSinon \n    res:=1\nAfficher res\n\/*------------------------------<\/pre>\n<ol>\n<li>V\u00e9rifier que si on choisit $a=3$ et $m=4$, le programme affiche $81$.<\/li>\n<li>Qu&rsquo;affiche ce programme quand on choisit $a=10$ et $m=-2$ ?<\/li>\n<li>Que fait ce programme ?<\/li>\n<li>Dans quels cas ce programme ne fonctionne pas ? Apporter des modifications pour \u00e9viter ces erreurs.<\/li>\n<li>Une partie du programme est inutile. Laquelle ?<\/li>\n<\/ol>\n<hr \/>\n<h2>Exemple 2<\/h2>\n<hr \/>\n<pre class=\"EnlighterJSRAW\" data-enlighter-language=\"generic\">\/*------------------------------\nVariables\na : entier\nb : entier\nm : entier\nk : entier\n\/*------------------------------\na:=1\nb:=1\nSaisir m\nPour k de 1 jusqu'a m\n        res:=a+b\n        a:=b\n        b:=res\nAfficher res\n\/*------------------------------<\/pre>\n<ol>\n<li>V\u00e9rifier que si on choisit $m=2$, le programme affiche $3$.<\/li>\n<li>Qu&rsquo;affiche ce programme quand on choisit $m=4$ ?<\/li>\n<li>Ce programme correspond \u00e0 une suite c\u00e9l\u00e8bre. Laquelle ?<\/li>\n<li>Soit $(u_n)$ cette suite de premiers termes $u_0=1$ et $u_1=1$. Donner sa relation de r\u00e9currence.<\/li>\n<li>Que faut-il demander d&rsquo;afficher en fin de programme pour voir s&rsquo;afficher l&rsquo;indice correspondant \u00e0 la valeur calcul\u00e9e ?<\/li>\n<li>Dans quel cas ce programme ne fonctionne pas ? Apporter des modifications pour \u00e9viter cette erreur.<\/li>\n<\/ol>\n","protected":false},"excerpt":{"rendered":"<p>Exemple 1 \/*&#8212;&#8212;&#8212;&#8212;&#8212;&#8212;&#8212;&#8212;&#8212;&#8212; Variables a: reel m : entier relatif k : entier \/*&#8212;&#8212;&#8212;&#8212;&#8212;&#8212;&#8212;&#8212;&#8212;&#8212; Saisir a Saisir m res :=1 Si (m&gt;0) Pour k de 1 jusqu&rsquo;a m res:=res*a Sinon&hellip;<\/p>\n","protected":false},"author":1,"featured_media":0,"parent":2530,"menu_order":4,"comment_status":"closed","ping_status":"closed","template":"","meta":{"footnotes":""},"class_list":["post-245","page","type-page","status-publish","hentry"],"yoast_head":"<!-- This site is optimized with the Yoast SEO plugin v27.1.1 - https:\/\/yoast.com\/product\/yoast-seo-wordpress\/ -->\n<title>Exemples divers d&#039;algorithmes - Maths &amp; Num\u00e9rique<\/title>\n<meta name=\"robots\" content=\"index, follow, max-snippet:-1, max-image-preview:large, max-video-preview:-1\" \/>\n<link rel=\"canonical\" href=\"https:\/\/wordpress.callac.online\/index.php\/numerique\/algorithmique\/exemples-divers-dalgorithmes\/\" \/>\n<meta property=\"og:locale\" content=\"fr_FR\" \/>\n<meta property=\"og:type\" content=\"article\" \/>\n<meta property=\"og:title\" content=\"Exemples divers d&#039;algorithmes - Maths &amp; Num\u00e9rique\" \/>\n<meta property=\"og:description\" content=\"Exemple 1 \/*------------------------------ Variables a: reel m : entier relatif k : entier \/*------------------------------ Saisir a Saisir m res :=1 Si (m&gt;0) Pour k de 1 jusqu&#039;a m res:=res*a Sinon&hellip;\" \/>\n<meta property=\"og:url\" content=\"https:\/\/wordpress.callac.online\/index.php\/numerique\/algorithmique\/exemples-divers-dalgorithmes\/\" \/>\n<meta property=\"og:site_name\" content=\"Maths &amp; Num\u00e9rique\" \/>\n<meta property=\"article:modified_time\" content=\"2022-01-05T21:41:58+00:00\" \/>\n<meta name=\"twitter:card\" content=\"summary_large_image\" \/>\n<meta name=\"twitter:label1\" content=\"Dur\u00e9e de lecture estim\u00e9e\" \/>\n\t<meta name=\"twitter:data1\" content=\"1 minute\" \/>\n<script type=\"application\/ld+json\" class=\"yoast-schema-graph\">{\"@context\":\"https:\/\/schema.org\",\"@graph\":[{\"@type\":\"WebPage\",\"@id\":\"https:\/\/wordpress.callac.online\/index.php\/numerique\/algorithmique\/exemples-divers-dalgorithmes\/\",\"url\":\"https:\/\/wordpress.callac.online\/index.php\/numerique\/algorithmique\/exemples-divers-dalgorithmes\/\",\"name\":\"Exemples divers d'algorithmes - Maths &amp; Num\u00e9rique\",\"isPartOf\":{\"@id\":\"https:\/\/wordpress.callac.online\/#website\"},\"datePublished\":\"2012-05-22T17:12:00+00:00\",\"dateModified\":\"2022-01-05T21:41:58+00:00\",\"breadcrumb\":{\"@id\":\"https:\/\/wordpress.callac.online\/index.php\/numerique\/algorithmique\/exemples-divers-dalgorithmes\/#breadcrumb\"},\"inLanguage\":\"fr-FR\",\"potentialAction\":[{\"@type\":\"ReadAction\",\"target\":[\"https:\/\/wordpress.callac.online\/index.php\/numerique\/algorithmique\/exemples-divers-dalgorithmes\/\"]}]},{\"@type\":\"BreadcrumbList\",\"@id\":\"https:\/\/wordpress.callac.online\/index.php\/numerique\/algorithmique\/exemples-divers-dalgorithmes\/#breadcrumb\",\"itemListElement\":[{\"@type\":\"ListItem\",\"position\":1,\"name\":\"Accueil\",\"item\":\"https:\/\/wordpress.callac.online\/\"},{\"@type\":\"ListItem\",\"position\":2,\"name\":\"Num\u00e9rique\",\"item\":\"https:\/\/wordpress.callac.online\/index.php\/numerique\/\"},{\"@type\":\"ListItem\",\"position\":3,\"name\":\"Algorithmique\",\"item\":\"https:\/\/wordpress.callac.online\/index.php\/numerique\/algorithmique\/\"},{\"@type\":\"ListItem\",\"position\":4,\"name\":\"Exemples divers d&#8217;algorithmes\"}]},{\"@type\":\"WebSite\",\"@id\":\"https:\/\/wordpress.callac.online\/#website\",\"url\":\"https:\/\/wordpress.callac.online\/\",\"name\":\"Maths & Num\u00e9rique\",\"description\":\"Des outils pour les enseignants de math\u00e9matiques et de num\u00e9rique\",\"publisher\":{\"@id\":\"https:\/\/wordpress.callac.online\/#\/schema\/person\/04061f1ca2c2c42039142a704be95940\"},\"potentialAction\":[{\"@type\":\"SearchAction\",\"target\":{\"@type\":\"EntryPoint\",\"urlTemplate\":\"https:\/\/wordpress.callac.online\/?s={search_term_string}\"},\"query-input\":{\"@type\":\"PropertyValueSpecification\",\"valueRequired\":true,\"valueName\":\"search_term_string\"}}],\"inLanguage\":\"fr-FR\"},{\"@type\":[\"Person\",\"Organization\"],\"@id\":\"https:\/\/wordpress.callac.online\/#\/schema\/person\/04061f1ca2c2c42039142a704be95940\",\"name\":\"dlefur\",\"image\":{\"@type\":\"ImageObject\",\"inLanguage\":\"fr-FR\",\"@id\":\"https:\/\/wordpress.callac.online\/#\/schema\/person\/image\/\",\"url\":\"https:\/\/secure.gravatar.com\/avatar\/4a9e17be136808c6597f28aa2b6c13126dab066fdc2198ff60090972c9b7fafc?s=96&d=mm&r=g\",\"contentUrl\":\"https:\/\/secure.gravatar.com\/avatar\/4a9e17be136808c6597f28aa2b6c13126dab066fdc2198ff60090972c9b7fafc?s=96&d=mm&r=g\",\"caption\":\"dlefur\"},\"logo\":{\"@id\":\"https:\/\/wordpress.callac.online\/#\/schema\/person\/image\/\"},\"description\":\"Enseignant de math\u00e9matiques Lyc\u00e9e Pasteur S\u00e3o Paulo\",\"sameAs\":[\"http:\/\/wordpress.callac.online\"]}]}<\/script>\n<!-- \/ Yoast SEO plugin. -->","yoast_head_json":{"title":"Exemples divers d'algorithmes - Maths &amp; Num\u00e9rique","robots":{"index":"index","follow":"follow","max-snippet":"max-snippet:-1","max-image-preview":"max-image-preview:large","max-video-preview":"max-video-preview:-1"},"canonical":"https:\/\/wordpress.callac.online\/index.php\/numerique\/algorithmique\/exemples-divers-dalgorithmes\/","og_locale":"fr_FR","og_type":"article","og_title":"Exemples divers d'algorithmes - Maths &amp; Num\u00e9rique","og_description":"Exemple 1 \/*------------------------------ Variables a: reel m : entier relatif k : entier \/*------------------------------ Saisir a Saisir m res :=1 Si (m&gt;0) Pour k de 1 jusqu'a m res:=res*a Sinon&hellip;","og_url":"https:\/\/wordpress.callac.online\/index.php\/numerique\/algorithmique\/exemples-divers-dalgorithmes\/","og_site_name":"Maths &amp; Num\u00e9rique","article_modified_time":"2022-01-05T21:41:58+00:00","twitter_card":"summary_large_image","twitter_misc":{"Dur\u00e9e de lecture estim\u00e9e":"1 minute"},"schema":{"@context":"https:\/\/schema.org","@graph":[{"@type":"WebPage","@id":"https:\/\/wordpress.callac.online\/index.php\/numerique\/algorithmique\/exemples-divers-dalgorithmes\/","url":"https:\/\/wordpress.callac.online\/index.php\/numerique\/algorithmique\/exemples-divers-dalgorithmes\/","name":"Exemples divers d'algorithmes - Maths &amp; Num\u00e9rique","isPartOf":{"@id":"https:\/\/wordpress.callac.online\/#website"},"datePublished":"2012-05-22T17:12:00+00:00","dateModified":"2022-01-05T21:41:58+00:00","breadcrumb":{"@id":"https:\/\/wordpress.callac.online\/index.php\/numerique\/algorithmique\/exemples-divers-dalgorithmes\/#breadcrumb"},"inLanguage":"fr-FR","potentialAction":[{"@type":"ReadAction","target":["https:\/\/wordpress.callac.online\/index.php\/numerique\/algorithmique\/exemples-divers-dalgorithmes\/"]}]},{"@type":"BreadcrumbList","@id":"https:\/\/wordpress.callac.online\/index.php\/numerique\/algorithmique\/exemples-divers-dalgorithmes\/#breadcrumb","itemListElement":[{"@type":"ListItem","position":1,"name":"Accueil","item":"https:\/\/wordpress.callac.online\/"},{"@type":"ListItem","position":2,"name":"Num\u00e9rique","item":"https:\/\/wordpress.callac.online\/index.php\/numerique\/"},{"@type":"ListItem","position":3,"name":"Algorithmique","item":"https:\/\/wordpress.callac.online\/index.php\/numerique\/algorithmique\/"},{"@type":"ListItem","position":4,"name":"Exemples divers d&#8217;algorithmes"}]},{"@type":"WebSite","@id":"https:\/\/wordpress.callac.online\/#website","url":"https:\/\/wordpress.callac.online\/","name":"Maths & Num\u00e9rique","description":"Des outils pour les enseignants de math\u00e9matiques et de num\u00e9rique","publisher":{"@id":"https:\/\/wordpress.callac.online\/#\/schema\/person\/04061f1ca2c2c42039142a704be95940"},"potentialAction":[{"@type":"SearchAction","target":{"@type":"EntryPoint","urlTemplate":"https:\/\/wordpress.callac.online\/?s={search_term_string}"},"query-input":{"@type":"PropertyValueSpecification","valueRequired":true,"valueName":"search_term_string"}}],"inLanguage":"fr-FR"},{"@type":["Person","Organization"],"@id":"https:\/\/wordpress.callac.online\/#\/schema\/person\/04061f1ca2c2c42039142a704be95940","name":"dlefur","image":{"@type":"ImageObject","inLanguage":"fr-FR","@id":"https:\/\/wordpress.callac.online\/#\/schema\/person\/image\/","url":"https:\/\/secure.gravatar.com\/avatar\/4a9e17be136808c6597f28aa2b6c13126dab066fdc2198ff60090972c9b7fafc?s=96&d=mm&r=g","contentUrl":"https:\/\/secure.gravatar.com\/avatar\/4a9e17be136808c6597f28aa2b6c13126dab066fdc2198ff60090972c9b7fafc?s=96&d=mm&r=g","caption":"dlefur"},"logo":{"@id":"https:\/\/wordpress.callac.online\/#\/schema\/person\/image\/"},"description":"Enseignant de math\u00e9matiques Lyc\u00e9e Pasteur S\u00e3o Paulo","sameAs":["http:\/\/wordpress.callac.online"]}]}},"_links":{"self":[{"href":"https:\/\/wordpress.callac.online\/index.php\/wp-json\/wp\/v2\/pages\/245","targetHints":{"allow":["GET"]}}],"collection":[{"href":"https:\/\/wordpress.callac.online\/index.php\/wp-json\/wp\/v2\/pages"}],"about":[{"href":"https:\/\/wordpress.callac.online\/index.php\/wp-json\/wp\/v2\/types\/page"}],"author":[{"embeddable":true,"href":"https:\/\/wordpress.callac.online\/index.php\/wp-json\/wp\/v2\/users\/1"}],"replies":[{"embeddable":true,"href":"https:\/\/wordpress.callac.online\/index.php\/wp-json\/wp\/v2\/comments?post=245"}],"version-history":[{"count":2,"href":"https:\/\/wordpress.callac.online\/index.php\/wp-json\/wp\/v2\/pages\/245\/revisions"}],"predecessor-version":[{"id":2537,"href":"https:\/\/wordpress.callac.online\/index.php\/wp-json\/wp\/v2\/pages\/245\/revisions\/2537"}],"up":[{"embeddable":true,"href":"https:\/\/wordpress.callac.online\/index.php\/wp-json\/wp\/v2\/pages\/2530"}],"wp:attachment":[{"href":"https:\/\/wordpress.callac.online\/index.php\/wp-json\/wp\/v2\/media?parent=245"}],"curies":[{"name":"wp","href":"https:\/\/api.w.org\/{rel}","templated":true}]}}