{"id":247,"date":"2012-12-17T13:01:03","date_gmt":"2012-12-17T12:01:03","guid":{"rendered":"http:\/\/wordpress.callac.online\/index.php\/pour-debuter-avec-le-module-turtle\/"},"modified":"2022-01-05T22:41:54","modified_gmt":"2022-01-05T21:41:54","slug":"pour-debuter-avec-le-module-turtle","status":"publish","type":"page","link":"https:\/\/wordpress.callac.online\/index.php\/python\/le-module-turtle\/pour-debuter-avec-le-module-turtle\/","title":{"rendered":"Pour d\u00e9buter avec le module Turtle"},"content":{"rendered":"<h2>Tout simple<\/h2>\n<p>Un des gros avantages de ce module est la rapidit\u00e9 avec laquelle on peut impl\u00e9menter un petit algorithme.<\/p>\n<p>Il suffit en d\u00e9but de programme d&rsquo;importer le module Turtle et en fin de programme de sortir par un clic dans la fen\u00eatre graphique. Il est important de<br \/>\nne pas oublier cette \u00e9tape pour que la fen\u00eatre graphique se ferme facilement, au moment voulu.<\/p>\n<h2>Le squelette<\/h2>\n<pre class=\"EnlighterJSRAW\" data-enlighter-language=\"python\">\"\"\"\nDescription du programme\n\"\"\"\n\nimport turtle\nfrom turtle import *  # importation du module turtle\n\n\ninstructions\ninstructions\ninstructions\n\nexitonclick()  #sortie sur clic dans la fen\u00eatre graphique<\/pre>\n<h2>Quelques instructions<\/h2>\n<p>Au d\u00e9but, on peut se contenter de quelques instructions basiques :<\/p>\n<p>&#8211; <strong>forward<\/strong>(<em>longueur<\/em>) : avancer d&rsquo;une <em>longueur<\/em> donn\u00e9e.<br \/>\n&#8211; <strong>left<\/strong>(<em>angle<\/em>) : tourner \u00e0 gauche d&rsquo;un <em>angle<\/em> donn\u00e9.<br \/>\n&#8211; <strong>right<\/strong>(<em>angle<\/em>) : tourner \u00e0 droite d&rsquo;un <em>angle<\/em> donn\u00e9.<\/p>\n<h2>Un exemple<\/h2>\n<pre class=\"EnlighterJSRAW\" data-enlighter-language=\"python\">\"\"\"\nOn dessine un polygone.\nu : unite graphique\n\"\"\"\n\nimport turtle\nfrom turtle import *\n\nu=50\n\nforward(2*u)\nleft(90)\nforward(1*u)\nright(90)\nforward(2*u)\nright(90)\nforward(3*u)\nright(90)\nforward(4*u)\nright(90)\nforward(2*u)\n\n\nexitonclick()<\/pre>\n<p><img loading=\"lazy\" decoding=\"async\" class=\"aligncenter wp-image-867 size-full\" src=\"http:\/\/wordpress.callac.online\/wp-content\/uploads\/2012\/12\/png_polygone.png\" alt=\"polygone.png\" width=\"271\" height=\"213\" align=\"center\"><\/p>\n","protected":false},"excerpt":{"rendered":"<p>Tout simple Un des gros avantages de ce module est la rapidit\u00e9 avec laquelle on peut impl\u00e9menter un petit algorithme. Il suffit en d\u00e9but de programme d&rsquo;importer le module Turtle&hellip;<\/p>\n","protected":false},"author":1,"featured_media":0,"parent":1653,"menu_order":0,"comment_status":"closed","ping_status":"closed","template":"","meta":{"footnotes":""},"class_list":["post-247","page","type-page","status-publish","hentry"],"yoast_head":"<!-- This site is optimized with the Yoast SEO plugin v27.1.1 - https:\/\/yoast.com\/product\/yoast-seo-wordpress\/ -->\n<title>Pour d\u00e9buter avec le module Turtle - Maths &amp; Num\u00e9rique<\/title>\n<meta name=\"robots\" content=\"index, follow, max-snippet:-1, max-image-preview:large, max-video-preview:-1\" \/>\n<link rel=\"canonical\" href=\"https:\/\/wordpress.callac.online\/index.php\/python\/le-module-turtle\/pour-debuter-avec-le-module-turtle\/\" \/>\n<meta property=\"og:locale\" content=\"fr_FR\" \/>\n<meta property=\"og:type\" content=\"article\" \/>\n<meta property=\"og:title\" content=\"Pour d\u00e9buter avec le module Turtle - Maths &amp; Num\u00e9rique\" \/>\n<meta property=\"og:description\" content=\"Tout simple Un des gros avantages de ce module est la rapidit\u00e9 avec laquelle on peut impl\u00e9menter un petit algorithme. Il suffit en d\u00e9but de programme d&rsquo;importer le module Turtle&hellip;\" \/>\n<meta property=\"og:url\" content=\"https:\/\/wordpress.callac.online\/index.php\/python\/le-module-turtle\/pour-debuter-avec-le-module-turtle\/\" \/>\n<meta property=\"og:site_name\" content=\"Maths &amp; Num\u00e9rique\" \/>\n<meta property=\"article:modified_time\" content=\"2022-01-05T21:41:54+00:00\" \/>\n<meta property=\"og:image\" content=\"http:\/\/wordpress.callac.online\/wp-content\/uploads\/2012\/12\/png_polygone.png\" \/>\n<meta name=\"twitter:card\" content=\"summary_large_image\" \/>\n<meta name=\"twitter:label1\" content=\"Dur\u00e9e de lecture estim\u00e9e\" \/>\n\t<meta name=\"twitter:data1\" content=\"1 minute\" \/>\n<script type=\"application\/ld+json\" class=\"yoast-schema-graph\">{\"@context\":\"https:\/\/schema.org\",\"@graph\":[{\"@type\":\"WebPage\",\"@id\":\"https:\/\/wordpress.callac.online\/index.php\/python\/le-module-turtle\/pour-debuter-avec-le-module-turtle\/\",\"url\":\"https:\/\/wordpress.callac.online\/index.php\/python\/le-module-turtle\/pour-debuter-avec-le-module-turtle\/\",\"name\":\"Pour d\u00e9buter avec le module Turtle - Maths &amp; Num\u00e9rique\",\"isPartOf\":{\"@id\":\"https:\/\/wordpress.callac.online\/#website\"},\"primaryImageOfPage\":{\"@id\":\"https:\/\/wordpress.callac.online\/index.php\/python\/le-module-turtle\/pour-debuter-avec-le-module-turtle\/#primaryimage\"},\"image\":{\"@id\":\"https:\/\/wordpress.callac.online\/index.php\/python\/le-module-turtle\/pour-debuter-avec-le-module-turtle\/#primaryimage\"},\"thumbnailUrl\":\"http:\/\/wordpress.callac.online\/wp-content\/uploads\/2012\/12\/png_polygone.png\",\"datePublished\":\"2012-12-17T12:01:03+00:00\",\"dateModified\":\"2022-01-05T21:41:54+00:00\",\"breadcrumb\":{\"@id\":\"https:\/\/wordpress.callac.online\/index.php\/python\/le-module-turtle\/pour-debuter-avec-le-module-turtle\/#breadcrumb\"},\"inLanguage\":\"fr-FR\",\"potentialAction\":[{\"@type\":\"ReadAction\",\"target\":[\"https:\/\/wordpress.callac.online\/index.php\/python\/le-module-turtle\/pour-debuter-avec-le-module-turtle\/\"]}]},{\"@type\":\"ImageObject\",\"inLanguage\":\"fr-FR\",\"@id\":\"https:\/\/wordpress.callac.online\/index.php\/python\/le-module-turtle\/pour-debuter-avec-le-module-turtle\/#primaryimage\",\"url\":\"https:\/\/wordpress.callac.online\/wp-content\/uploads\/2012\/12\/png_polygone.png\",\"contentUrl\":\"https:\/\/wordpress.callac.online\/wp-content\/uploads\/2012\/12\/png_polygone.png\",\"width\":271,\"height\":213,\"caption\":\"polygone.png\"},{\"@type\":\"BreadcrumbList\",\"@id\":\"https:\/\/wordpress.callac.online\/index.php\/python\/le-module-turtle\/pour-debuter-avec-le-module-turtle\/#breadcrumb\",\"itemListElement\":[{\"@type\":\"ListItem\",\"position\":1,\"name\":\"Accueil\",\"item\":\"https:\/\/wordpress.callac.online\/\"},{\"@type\":\"ListItem\",\"position\":2,\"name\":\"Python\",\"item\":\"https:\/\/wordpress.callac.online\/index.php\/python\/\"},{\"@type\":\"ListItem\",\"position\":3,\"name\":\"Le module Turtle\",\"item\":\"https:\/\/wordpress.callac.online\/index.php\/python\/le-module-turtle\/\"},{\"@type\":\"ListItem\",\"position\":4,\"name\":\"Pour d\u00e9buter avec le module Turtle\"}]},{\"@type\":\"WebSite\",\"@id\":\"https:\/\/wordpress.callac.online\/#website\",\"url\":\"https:\/\/wordpress.callac.online\/\",\"name\":\"Maths & Num\u00e9rique\",\"description\":\"Des outils pour les enseignants de math\u00e9matiques et de num\u00e9rique\",\"publisher\":{\"@id\":\"https:\/\/wordpress.callac.online\/#\/schema\/person\/04061f1ca2c2c42039142a704be95940\"},\"potentialAction\":[{\"@type\":\"SearchAction\",\"target\":{\"@type\":\"EntryPoint\",\"urlTemplate\":\"https:\/\/wordpress.callac.online\/?s={search_term_string}\"},\"query-input\":{\"@type\":\"PropertyValueSpecification\",\"valueRequired\":true,\"valueName\":\"search_term_string\"}}],\"inLanguage\":\"fr-FR\"},{\"@type\":[\"Person\",\"Organization\"],\"@id\":\"https:\/\/wordpress.callac.online\/#\/schema\/person\/04061f1ca2c2c42039142a704be95940\",\"name\":\"dlefur\",\"image\":{\"@type\":\"ImageObject\",\"inLanguage\":\"fr-FR\",\"@id\":\"https:\/\/wordpress.callac.online\/#\/schema\/person\/image\/\",\"url\":\"https:\/\/secure.gravatar.com\/avatar\/4a9e17be136808c6597f28aa2b6c13126dab066fdc2198ff60090972c9b7fafc?s=96&d=mm&r=g\",\"contentUrl\":\"https:\/\/secure.gravatar.com\/avatar\/4a9e17be136808c6597f28aa2b6c13126dab066fdc2198ff60090972c9b7fafc?s=96&d=mm&r=g\",\"caption\":\"dlefur\"},\"logo\":{\"@id\":\"https:\/\/wordpress.callac.online\/#\/schema\/person\/image\/\"},\"description\":\"Enseignant de math\u00e9matiques Lyc\u00e9e Pasteur S\u00e3o Paulo\",\"sameAs\":[\"http:\/\/wordpress.callac.online\"]}]}<\/script>\n<!-- \/ Yoast SEO plugin. -->","yoast_head_json":{"title":"Pour d\u00e9buter avec le module Turtle - Maths &amp; Num\u00e9rique","robots":{"index":"index","follow":"follow","max-snippet":"max-snippet:-1","max-image-preview":"max-image-preview:large","max-video-preview":"max-video-preview:-1"},"canonical":"https:\/\/wordpress.callac.online\/index.php\/python\/le-module-turtle\/pour-debuter-avec-le-module-turtle\/","og_locale":"fr_FR","og_type":"article","og_title":"Pour d\u00e9buter avec le module Turtle - Maths &amp; Num\u00e9rique","og_description":"Tout simple Un des gros avantages de ce module est la rapidit\u00e9 avec laquelle on peut impl\u00e9menter un petit algorithme. Il suffit en d\u00e9but de programme d&rsquo;importer le module Turtle&hellip;","og_url":"https:\/\/wordpress.callac.online\/index.php\/python\/le-module-turtle\/pour-debuter-avec-le-module-turtle\/","og_site_name":"Maths &amp; Num\u00e9rique","article_modified_time":"2022-01-05T21:41:54+00:00","og_image":[{"url":"http:\/\/wordpress.callac.online\/wp-content\/uploads\/2012\/12\/png_polygone.png","type":"","width":"","height":""}],"twitter_card":"summary_large_image","twitter_misc":{"Dur\u00e9e de lecture estim\u00e9e":"1 minute"},"schema":{"@context":"https:\/\/schema.org","@graph":[{"@type":"WebPage","@id":"https:\/\/wordpress.callac.online\/index.php\/python\/le-module-turtle\/pour-debuter-avec-le-module-turtle\/","url":"https:\/\/wordpress.callac.online\/index.php\/python\/le-module-turtle\/pour-debuter-avec-le-module-turtle\/","name":"Pour d\u00e9buter avec le module Turtle - Maths &amp; Num\u00e9rique","isPartOf":{"@id":"https:\/\/wordpress.callac.online\/#website"},"primaryImageOfPage":{"@id":"https:\/\/wordpress.callac.online\/index.php\/python\/le-module-turtle\/pour-debuter-avec-le-module-turtle\/#primaryimage"},"image":{"@id":"https:\/\/wordpress.callac.online\/index.php\/python\/le-module-turtle\/pour-debuter-avec-le-module-turtle\/#primaryimage"},"thumbnailUrl":"http:\/\/wordpress.callac.online\/wp-content\/uploads\/2012\/12\/png_polygone.png","datePublished":"2012-12-17T12:01:03+00:00","dateModified":"2022-01-05T21:41:54+00:00","breadcrumb":{"@id":"https:\/\/wordpress.callac.online\/index.php\/python\/le-module-turtle\/pour-debuter-avec-le-module-turtle\/#breadcrumb"},"inLanguage":"fr-FR","potentialAction":[{"@type":"ReadAction","target":["https:\/\/wordpress.callac.online\/index.php\/python\/le-module-turtle\/pour-debuter-avec-le-module-turtle\/"]}]},{"@type":"ImageObject","inLanguage":"fr-FR","@id":"https:\/\/wordpress.callac.online\/index.php\/python\/le-module-turtle\/pour-debuter-avec-le-module-turtle\/#primaryimage","url":"https:\/\/wordpress.callac.online\/wp-content\/uploads\/2012\/12\/png_polygone.png","contentUrl":"https:\/\/wordpress.callac.online\/wp-content\/uploads\/2012\/12\/png_polygone.png","width":271,"height":213,"caption":"polygone.png"},{"@type":"BreadcrumbList","@id":"https:\/\/wordpress.callac.online\/index.php\/python\/le-module-turtle\/pour-debuter-avec-le-module-turtle\/#breadcrumb","itemListElement":[{"@type":"ListItem","position":1,"name":"Accueil","item":"https:\/\/wordpress.callac.online\/"},{"@type":"ListItem","position":2,"name":"Python","item":"https:\/\/wordpress.callac.online\/index.php\/python\/"},{"@type":"ListItem","position":3,"name":"Le module Turtle","item":"https:\/\/wordpress.callac.online\/index.php\/python\/le-module-turtle\/"},{"@type":"ListItem","position":4,"name":"Pour d\u00e9buter avec le module Turtle"}]},{"@type":"WebSite","@id":"https:\/\/wordpress.callac.online\/#website","url":"https:\/\/wordpress.callac.online\/","name":"Maths & Num\u00e9rique","description":"Des outils pour les enseignants de math\u00e9matiques et de num\u00e9rique","publisher":{"@id":"https:\/\/wordpress.callac.online\/#\/schema\/person\/04061f1ca2c2c42039142a704be95940"},"potentialAction":[{"@type":"SearchAction","target":{"@type":"EntryPoint","urlTemplate":"https:\/\/wordpress.callac.online\/?s={search_term_string}"},"query-input":{"@type":"PropertyValueSpecification","valueRequired":true,"valueName":"search_term_string"}}],"inLanguage":"fr-FR"},{"@type":["Person","Organization"],"@id":"https:\/\/wordpress.callac.online\/#\/schema\/person\/04061f1ca2c2c42039142a704be95940","name":"dlefur","image":{"@type":"ImageObject","inLanguage":"fr-FR","@id":"https:\/\/wordpress.callac.online\/#\/schema\/person\/image\/","url":"https:\/\/secure.gravatar.com\/avatar\/4a9e17be136808c6597f28aa2b6c13126dab066fdc2198ff60090972c9b7fafc?s=96&d=mm&r=g","contentUrl":"https:\/\/secure.gravatar.com\/avatar\/4a9e17be136808c6597f28aa2b6c13126dab066fdc2198ff60090972c9b7fafc?s=96&d=mm&r=g","caption":"dlefur"},"logo":{"@id":"https:\/\/wordpress.callac.online\/#\/schema\/person\/image\/"},"description":"Enseignant de math\u00e9matiques Lyc\u00e9e Pasteur S\u00e3o Paulo","sameAs":["http:\/\/wordpress.callac.online"]}]}},"_links":{"self":[{"href":"https:\/\/wordpress.callac.online\/index.php\/wp-json\/wp\/v2\/pages\/247","targetHints":{"allow":["GET"]}}],"collection":[{"href":"https:\/\/wordpress.callac.online\/index.php\/wp-json\/wp\/v2\/pages"}],"about":[{"href":"https:\/\/wordpress.callac.online\/index.php\/wp-json\/wp\/v2\/types\/page"}],"author":[{"embeddable":true,"href":"https:\/\/wordpress.callac.online\/index.php\/wp-json\/wp\/v2\/users\/1"}],"replies":[{"embeddable":true,"href":"https:\/\/wordpress.callac.online\/index.php\/wp-json\/wp\/v2\/comments?post=247"}],"version-history":[{"count":4,"href":"https:\/\/wordpress.callac.online\/index.php\/wp-json\/wp\/v2\/pages\/247\/revisions"}],"predecessor-version":[{"id":1677,"href":"https:\/\/wordpress.callac.online\/index.php\/wp-json\/wp\/v2\/pages\/247\/revisions\/1677"}],"up":[{"embeddable":true,"href":"https:\/\/wordpress.callac.online\/index.php\/wp-json\/wp\/v2\/pages\/1653"}],"wp:attachment":[{"href":"https:\/\/wordpress.callac.online\/index.php\/wp-json\/wp\/v2\/media?parent=247"}],"curies":[{"name":"wp","href":"https:\/\/api.w.org\/{rel}","templated":true}]}}