{"id":249,"date":"2015-12-25T15:36:00","date_gmt":"2015-12-25T14:36:00","guid":{"rendered":"http:\/\/wordpress.callac.online\/index.php\/des-videos-de-presentation-de-professorgui-et-gedit\/"},"modified":"2023-10-14T20:12:34","modified_gmt":"2023-10-14T18:12:34","slug":"des-videos-de-presentation-de-professorgui-et-gedit","status":"publish","type":"page","link":"https:\/\/wordpress.callac.online\/index.php\/edition-mathematique\/professor\/professorgui\/des-videos-de-presentation-de-professorgui-et-gedit\/","title":{"rendered":"Des vid\u00e9os de pr\u00e9sentation de ProfessorGUI et Gedit"},"content":{"rendered":"<p>Regarder une vid\u00e9o \u00e9tant plus agr\u00e9able que lire une longue documentation, je vous propose deux vid\u00e9os pr\u00e9sentant :<\/p>\n<ul>\n<li> ProfessorGUI<\/li>\n<\/ul>\n<p><iframe loading=\"lazy\" width=\"420\" height=\"315\" src=\"https:\/\/www.youtube.com\/embed\/X_6q1b3LWSE\" frameborder=\"0\" allowfullscreen><\/iframe><\/p>\n<ul>\n<li> L&rsquo;utilisation de Gedit comme \u00e9diteur LaTeX<\/li>\n<\/ul>\n<p><iframe loading=\"lazy\" width=\"420\" height=\"315\" src=\"https:\/\/www.youtube.com\/embed\/QtJdLaP6ddg\" frameborder=\"0\" allowfullscreen><\/iframe><\/p>\n<p>Les vid\u00e9os t\u00e9l\u00e9chargeables sont disponibles <a href=\"http:\/\/download.tuxfamily.org\/mathsp\/Videos\/\">ici<\/a> .<\/p>\n<p>Elles sont de quelques dizaines de m\u00e9gaoctets ! Mais au moins, elles sont bien lisibles.<\/p>\n","protected":false},"excerpt":{"rendered":"<p>Regarder une vid\u00e9o \u00e9tant plus agr\u00e9able que lire une longue documentation, je vous propose deux vid\u00e9os pr\u00e9sentant : ProfessorGUI L&rsquo;utilisation de Gedit comme \u00e9diteur LaTeX Les vid\u00e9os t\u00e9l\u00e9chargeables sont disponibles&hellip;<\/p>\n","protected":false},"author":1,"featured_media":0,"parent":2258,"menu_order":1,"comment_status":"closed","ping_status":"closed","template":"","meta":{"footnotes":""},"class_list":["post-249","page","type-page","status-publish","hentry"],"yoast_head":"<!-- This site is optimized with the Yoast SEO plugin v27.1.1 - https:\/\/yoast.com\/product\/yoast-seo-wordpress\/ -->\n<title>Des vid\u00e9os de pr\u00e9sentation de ProfessorGUI et Gedit - Maths &amp; Num\u00e9rique<\/title>\n<meta name=\"robots\" content=\"index, follow, max-snippet:-1, max-image-preview:large, max-video-preview:-1\" \/>\n<link rel=\"canonical\" href=\"https:\/\/wordpress.callac.online\/index.php\/edition-mathematique\/professor\/professorgui\/des-videos-de-presentation-de-professorgui-et-gedit\/\" \/>\n<meta property=\"og:locale\" content=\"fr_FR\" \/>\n<meta property=\"og:type\" content=\"article\" \/>\n<meta property=\"og:title\" content=\"Des vid\u00e9os de pr\u00e9sentation de ProfessorGUI et Gedit - Maths &amp; Num\u00e9rique\" \/>\n<meta property=\"og:description\" content=\"Regarder une vid\u00e9o \u00e9tant plus agr\u00e9able que lire une longue documentation, je vous propose deux vid\u00e9os pr\u00e9sentant : ProfessorGUI L&rsquo;utilisation de Gedit comme \u00e9diteur LaTeX Les vid\u00e9os t\u00e9l\u00e9chargeables sont disponibles&hellip;\" \/>\n<meta property=\"og:url\" content=\"https:\/\/wordpress.callac.online\/index.php\/edition-mathematique\/professor\/professorgui\/des-videos-de-presentation-de-professorgui-et-gedit\/\" \/>\n<meta property=\"og:site_name\" content=\"Maths &amp; Num\u00e9rique\" \/>\n<meta property=\"article:modified_time\" content=\"2023-10-14T18:12:34+00:00\" \/>\n<meta name=\"twitter:card\" content=\"summary_large_image\" \/>\n<script type=\"application\/ld+json\" class=\"yoast-schema-graph\">{\"@context\":\"https:\/\/schema.org\",\"@graph\":[{\"@type\":\"WebPage\",\"@id\":\"https:\/\/wordpress.callac.online\/index.php\/edition-mathematique\/professor\/professorgui\/des-videos-de-presentation-de-professorgui-et-gedit\/\",\"url\":\"https:\/\/wordpress.callac.online\/index.php\/edition-mathematique\/professor\/professorgui\/des-videos-de-presentation-de-professorgui-et-gedit\/\",\"name\":\"Des vid\u00e9os de pr\u00e9sentation de ProfessorGUI et Gedit - Maths &amp; Num\u00e9rique\",\"isPartOf\":{\"@id\":\"https:\/\/wordpress.callac.online\/#website\"},\"datePublished\":\"2015-12-25T14:36:00+00:00\",\"dateModified\":\"2023-10-14T18:12:34+00:00\",\"breadcrumb\":{\"@id\":\"https:\/\/wordpress.callac.online\/index.php\/edition-mathematique\/professor\/professorgui\/des-videos-de-presentation-de-professorgui-et-gedit\/#breadcrumb\"},\"inLanguage\":\"fr-FR\",\"potentialAction\":[{\"@type\":\"ReadAction\",\"target\":[\"https:\/\/wordpress.callac.online\/index.php\/edition-mathematique\/professor\/professorgui\/des-videos-de-presentation-de-professorgui-et-gedit\/\"]}]},{\"@type\":\"BreadcrumbList\",\"@id\":\"https:\/\/wordpress.callac.online\/index.php\/edition-mathematique\/professor\/professorgui\/des-videos-de-presentation-de-professorgui-et-gedit\/#breadcrumb\",\"itemListElement\":[{\"@type\":\"ListItem\",\"position\":1,\"name\":\"Accueil\",\"item\":\"https:\/\/wordpress.callac.online\/\"},{\"@type\":\"ListItem\",\"position\":2,\"name\":\"\u00c9dition math\u00e9matique\",\"item\":\"https:\/\/wordpress.callac.online\/index.php\/edition-mathematique\/\"},{\"@type\":\"ListItem\",\"position\":3,\"name\":\"Professor\",\"item\":\"https:\/\/wordpress.callac.online\/index.php\/edition-mathematique\/professor\/\"},{\"@type\":\"ListItem\",\"position\":4,\"name\":\"ProfessorGUI\",\"item\":\"https:\/\/wordpress.callac.online\/index.php\/edition-mathematique\/professor\/professorgui\/\"},{\"@type\":\"ListItem\",\"position\":5,\"name\":\"Des vid\u00e9os de pr\u00e9sentation de ProfessorGUI et Gedit\"}]},{\"@type\":\"WebSite\",\"@id\":\"https:\/\/wordpress.callac.online\/#website\",\"url\":\"https:\/\/wordpress.callac.online\/\",\"name\":\"Maths & Num\u00e9rique\",\"description\":\"Des outils pour les enseignants de math\u00e9matiques et de num\u00e9rique\",\"publisher\":{\"@id\":\"https:\/\/wordpress.callac.online\/#\/schema\/person\/04061f1ca2c2c42039142a704be95940\"},\"potentialAction\":[{\"@type\":\"SearchAction\",\"target\":{\"@type\":\"EntryPoint\",\"urlTemplate\":\"https:\/\/wordpress.callac.online\/?s={search_term_string}\"},\"query-input\":{\"@type\":\"PropertyValueSpecification\",\"valueRequired\":true,\"valueName\":\"search_term_string\"}}],\"inLanguage\":\"fr-FR\"},{\"@type\":[\"Person\",\"Organization\"],\"@id\":\"https:\/\/wordpress.callac.online\/#\/schema\/person\/04061f1ca2c2c42039142a704be95940\",\"name\":\"dlefur\",\"image\":{\"@type\":\"ImageObject\",\"inLanguage\":\"fr-FR\",\"@id\":\"https:\/\/wordpress.callac.online\/#\/schema\/person\/image\/\",\"url\":\"https:\/\/secure.gravatar.com\/avatar\/4a9e17be136808c6597f28aa2b6c13126dab066fdc2198ff60090972c9b7fafc?s=96&d=mm&r=g\",\"contentUrl\":\"https:\/\/secure.gravatar.com\/avatar\/4a9e17be136808c6597f28aa2b6c13126dab066fdc2198ff60090972c9b7fafc?s=96&d=mm&r=g\",\"caption\":\"dlefur\"},\"logo\":{\"@id\":\"https:\/\/wordpress.callac.online\/#\/schema\/person\/image\/\"},\"description\":\"Enseignant de math\u00e9matiques Lyc\u00e9e Pasteur S\u00e3o Paulo\",\"sameAs\":[\"http:\/\/wordpress.callac.online\"]}]}<\/script>\n<!-- \/ Yoast SEO plugin. -->","yoast_head_json":{"title":"Des vid\u00e9os de pr\u00e9sentation de ProfessorGUI et Gedit - Maths &amp; Num\u00e9rique","robots":{"index":"index","follow":"follow","max-snippet":"max-snippet:-1","max-image-preview":"max-image-preview:large","max-video-preview":"max-video-preview:-1"},"canonical":"https:\/\/wordpress.callac.online\/index.php\/edition-mathematique\/professor\/professorgui\/des-videos-de-presentation-de-professorgui-et-gedit\/","og_locale":"fr_FR","og_type":"article","og_title":"Des vid\u00e9os de pr\u00e9sentation de ProfessorGUI et Gedit - Maths &amp; Num\u00e9rique","og_description":"Regarder une vid\u00e9o \u00e9tant plus agr\u00e9able que lire une longue documentation, je vous propose deux vid\u00e9os pr\u00e9sentant : ProfessorGUI L&rsquo;utilisation de Gedit comme \u00e9diteur LaTeX Les vid\u00e9os t\u00e9l\u00e9chargeables sont disponibles&hellip;","og_url":"https:\/\/wordpress.callac.online\/index.php\/edition-mathematique\/professor\/professorgui\/des-videos-de-presentation-de-professorgui-et-gedit\/","og_site_name":"Maths &amp; Num\u00e9rique","article_modified_time":"2023-10-14T18:12:34+00:00","twitter_card":"summary_large_image","schema":{"@context":"https:\/\/schema.org","@graph":[{"@type":"WebPage","@id":"https:\/\/wordpress.callac.online\/index.php\/edition-mathematique\/professor\/professorgui\/des-videos-de-presentation-de-professorgui-et-gedit\/","url":"https:\/\/wordpress.callac.online\/index.php\/edition-mathematique\/professor\/professorgui\/des-videos-de-presentation-de-professorgui-et-gedit\/","name":"Des vid\u00e9os de pr\u00e9sentation de ProfessorGUI et Gedit - Maths &amp; Num\u00e9rique","isPartOf":{"@id":"https:\/\/wordpress.callac.online\/#website"},"datePublished":"2015-12-25T14:36:00+00:00","dateModified":"2023-10-14T18:12:34+00:00","breadcrumb":{"@id":"https:\/\/wordpress.callac.online\/index.php\/edition-mathematique\/professor\/professorgui\/des-videos-de-presentation-de-professorgui-et-gedit\/#breadcrumb"},"inLanguage":"fr-FR","potentialAction":[{"@type":"ReadAction","target":["https:\/\/wordpress.callac.online\/index.php\/edition-mathematique\/professor\/professorgui\/des-videos-de-presentation-de-professorgui-et-gedit\/"]}]},{"@type":"BreadcrumbList","@id":"https:\/\/wordpress.callac.online\/index.php\/edition-mathematique\/professor\/professorgui\/des-videos-de-presentation-de-professorgui-et-gedit\/#breadcrumb","itemListElement":[{"@type":"ListItem","position":1,"name":"Accueil","item":"https:\/\/wordpress.callac.online\/"},{"@type":"ListItem","position":2,"name":"\u00c9dition math\u00e9matique","item":"https:\/\/wordpress.callac.online\/index.php\/edition-mathematique\/"},{"@type":"ListItem","position":3,"name":"Professor","item":"https:\/\/wordpress.callac.online\/index.php\/edition-mathematique\/professor\/"},{"@type":"ListItem","position":4,"name":"ProfessorGUI","item":"https:\/\/wordpress.callac.online\/index.php\/edition-mathematique\/professor\/professorgui\/"},{"@type":"ListItem","position":5,"name":"Des vid\u00e9os de pr\u00e9sentation de ProfessorGUI et Gedit"}]},{"@type":"WebSite","@id":"https:\/\/wordpress.callac.online\/#website","url":"https:\/\/wordpress.callac.online\/","name":"Maths & Num\u00e9rique","description":"Des outils pour les enseignants de math\u00e9matiques et de num\u00e9rique","publisher":{"@id":"https:\/\/wordpress.callac.online\/#\/schema\/person\/04061f1ca2c2c42039142a704be95940"},"potentialAction":[{"@type":"SearchAction","target":{"@type":"EntryPoint","urlTemplate":"https:\/\/wordpress.callac.online\/?s={search_term_string}"},"query-input":{"@type":"PropertyValueSpecification","valueRequired":true,"valueName":"search_term_string"}}],"inLanguage":"fr-FR"},{"@type":["Person","Organization"],"@id":"https:\/\/wordpress.callac.online\/#\/schema\/person\/04061f1ca2c2c42039142a704be95940","name":"dlefur","image":{"@type":"ImageObject","inLanguage":"fr-FR","@id":"https:\/\/wordpress.callac.online\/#\/schema\/person\/image\/","url":"https:\/\/secure.gravatar.com\/avatar\/4a9e17be136808c6597f28aa2b6c13126dab066fdc2198ff60090972c9b7fafc?s=96&d=mm&r=g","contentUrl":"https:\/\/secure.gravatar.com\/avatar\/4a9e17be136808c6597f28aa2b6c13126dab066fdc2198ff60090972c9b7fafc?s=96&d=mm&r=g","caption":"dlefur"},"logo":{"@id":"https:\/\/wordpress.callac.online\/#\/schema\/person\/image\/"},"description":"Enseignant de math\u00e9matiques Lyc\u00e9e Pasteur S\u00e3o Paulo","sameAs":["http:\/\/wordpress.callac.online"]}]}},"_links":{"self":[{"href":"https:\/\/wordpress.callac.online\/index.php\/wp-json\/wp\/v2\/pages\/249","targetHints":{"allow":["GET"]}}],"collection":[{"href":"https:\/\/wordpress.callac.online\/index.php\/wp-json\/wp\/v2\/pages"}],"about":[{"href":"https:\/\/wordpress.callac.online\/index.php\/wp-json\/wp\/v2\/types\/page"}],"author":[{"embeddable":true,"href":"https:\/\/wordpress.callac.online\/index.php\/wp-json\/wp\/v2\/users\/1"}],"replies":[{"embeddable":true,"href":"https:\/\/wordpress.callac.online\/index.php\/wp-json\/wp\/v2\/comments?post=249"}],"version-history":[{"count":1,"href":"https:\/\/wordpress.callac.online\/index.php\/wp-json\/wp\/v2\/pages\/249\/revisions"}],"predecessor-version":[{"id":1628,"href":"https:\/\/wordpress.callac.online\/index.php\/wp-json\/wp\/v2\/pages\/249\/revisions\/1628"}],"up":[{"embeddable":true,"href":"https:\/\/wordpress.callac.online\/index.php\/wp-json\/wp\/v2\/pages\/2258"}],"wp:attachment":[{"href":"https:\/\/wordpress.callac.online\/index.php\/wp-json\/wp\/v2\/media?parent=249"}],"curies":[{"name":"wp","href":"https:\/\/api.w.org\/{rel}","templated":true}]}}