{"id":2579,"date":"2020-07-29T14:20:38","date_gmt":"2020-07-29T12:20:38","guid":{"rendered":"http:\/\/wordpress.callac.online\/index.php\/edition-mathematique\/mes-choix-pour-ledition-mathematiques\/"},"modified":"2023-10-14T20:12:04","modified_gmt":"2023-10-14T18:12:04","slug":"mes-choix-pour-ledition-mathematiques","status":"publish","type":"page","link":"https:\/\/wordpress.callac.online\/index.php\/edition-mathematique\/mes-choix-pour-ledition-mathematiques\/","title":{"rendered":"Mes choix pour l&rsquo;\u00e9dition math\u00e9matique"},"content":{"rendered":"\n<h4 class=\"wp-block-heading\">Mon environnement : Ubuntu<\/h4>\n\n\n\n<p>Je travaille exclusivement sous Ubuntu.<\/p>\n<p>Ainsi, <span style=\"color: #ff0000;\"><strong>beaucoup de mes outils d&rsquo;\u00e9ditions ne fonctionneront que sous Linux<\/strong><\/span>.<\/p>\n<p>Ainsi, ma distribution LateX est <strong>TeXLive<\/strong>.<\/p>\n\n\n\n<hr class=\"wp-block-separator\"\/>\n\n\n\n<h4 class=\"wp-block-heading\">Mon \u00e9diteur LaTeX : Sublime Text3<\/h4>\n\n\n\n<p>\u00c9tant un adepte de LaTeX depuis de longues ann\u00e9es, j&rsquo;ai plusieurs fois chang\u00e9 d&rsquo;\u00e9diteurs (Kile, Emacs, Gedit, Sublime Text).<\/p>\n<p>Dans ce site, vous trouverez mon ancienne configuration compl\u00e8te pour Gedit sous Ubuntu. Cette configuration est tr\u00e8s efficace et assez simple \u00e0 installer.<\/p>\n<p>Actuellement, je travaille avec <a href=\"https:\/\/www.sublimetext.com\/\" target=\"_blank\" rel=\"noopener noreferrer\">Sublime Text<\/a> car il m&rsquo;a paru int\u00e9ressant dans d&rsquo;autres langages, tout en gardant une configuration accessible. Je mets \u00e0 votre disposition <a href=\"http:\/\/wordpress.callac.online\/index.php\/edition-mathematique\/latex\/ma-configuration-de-sublime-text\/\">mes fichiers de configurations de Sublime Text<\/a>.<\/p>\n\n\n\n<hr class=\"wp-block-separator\"\/>\n\n\n\n<h4 class=\"wp-block-heading\">Metapost : pour les figures<\/h4>\n\n\n\n<p>Depuis, le d\u00e9but, j&rsquo;ai choisi le langage Metapost pour les figures. En effet, les outils de Christophe Poulain m&rsquo;ont vite plu, surtout pour les trac\u00e9s de figures g\u00e9om\u00e9triques.<\/p>\n<p>Pour l&rsquo;\u00e9dition, m\u00eame si j&rsquo;ai configur\u00e9 Sublime Text pour ce langage, je pr\u00e9f\u00e8re encore utiliser Gedit.<\/p>\n<p>Toutes les informations sont&nbsp; dans la <a href=\"https:\/\/wordpress.callac.online\/index.php\/edition-mathematique\/metapost\/\">rubrique Metapost<\/a>.<\/p>\n\n\n\n<hr class=\"wp-block-separator\"\/>\n\n\n\n<h4 class=\"wp-block-heading\">Mon outil de cr\u00e9ations d&rsquo;illustrations : Professor.sty<\/h4>\n\n\n\n<p>Pour faciliter la cr\u00e9ation d&rsquo;illustrations (courbes, graphes, arbres, tableaux, &#8230;), avec l&rsquo;aide de Guillaume Connan pour les tableaux, j&rsquo;ai cr\u00e9\u00e9 le paquet <a href=\"https:\/\/wordpress.callac.online\/index.php\/edition-mathematique\/professor\/\">Professor.sty<\/a> ne fonctionnant que sous Linux.<\/p>\n<p>En effet, celui-ci fait des appels au logiciel de calcul formel <a href=\"https:\/\/www-fourier.ujf-grenoble.fr\/~parisse\/giac_fr.html\" target=\"_blank\" rel=\"noopener noreferrer\">Xcas<\/a> mal tol\u00e9r\u00e9s par Windows et ses diff\u00e9rentes versions.<\/p>\n<p>Je n&rsquo;ai aucune connaissance de l&rsquo;environnement \u00e0 la pomme mais je pense que son adaptation est possible.<\/p>\n<p>Enfin, il y a m\u00eame une interface graphique \u00e0 ce paquet : <a href=\"http:\/\/wordpress.callac.online\/index.php\/edition-mathematique\/professor\/professorgui\/\">professorGUI<\/a>.<\/p>\n\n\n\n<hr class=\"wp-block-separator\"\/>\n\n\n\n<h4 class=\"wp-block-heading\">Une plateforme : Moodle<\/h4>\n\n\n\n<p><a href=\"https:\/\/wordpress.callac.online\/index.php\/edition-mathematique\/moodle\/\">Moodle<\/a> est un outil bien adapt\u00e9 \u00e0 la diffusion de documents math\u00e9matiques. En effet, son \u00e9diteur int\u00e9gr\u00e9 permet facilement d&rsquo;utiliser des quiz au format LaTeX.<\/p>\n\n\n\n<p><\/p>\n","protected":false},"excerpt":{"rendered":"<p>Mon environnement : Ubuntu Je travaille exclusivement sous Ubuntu. Ainsi, beaucoup de mes outils d&rsquo;\u00e9ditions ne fonctionneront que sous Linux. Ainsi, ma distribution LateX est TeXLive. Mon \u00e9diteur LaTeX :&hellip;<\/p>\n","protected":false},"author":1,"featured_media":0,"parent":972,"menu_order":1,"comment_status":"closed","ping_status":"closed","template":"","meta":{"footnotes":""},"class_list":["post-2579","page","type-page","status-publish","hentry"],"yoast_head":"<!-- This site is optimized with the Yoast SEO plugin v27.1.1 - https:\/\/yoast.com\/product\/yoast-seo-wordpress\/ -->\n<title>Mes choix pour l&#039;\u00e9dition math\u00e9matique - Maths &amp; Num\u00e9rique<\/title>\n<meta name=\"robots\" content=\"index, follow, max-snippet:-1, max-image-preview:large, max-video-preview:-1\" \/>\n<link rel=\"canonical\" href=\"https:\/\/wordpress.callac.online\/index.php\/edition-mathematique\/mes-choix-pour-ledition-mathematiques\/\" \/>\n<meta property=\"og:locale\" content=\"fr_FR\" \/>\n<meta property=\"og:type\" content=\"article\" \/>\n<meta property=\"og:title\" content=\"Mes choix pour l&#039;\u00e9dition math\u00e9matique - Maths &amp; Num\u00e9rique\" \/>\n<meta property=\"og:description\" content=\"Mon environnement : Ubuntu Je travaille exclusivement sous Ubuntu. Ainsi, beaucoup de mes outils d&rsquo;\u00e9ditions ne fonctionneront que sous Linux. Ainsi, ma distribution LateX est TeXLive. Mon \u00e9diteur LaTeX :&hellip;\" \/>\n<meta property=\"og:url\" content=\"https:\/\/wordpress.callac.online\/index.php\/edition-mathematique\/mes-choix-pour-ledition-mathematiques\/\" \/>\n<meta property=\"og:site_name\" content=\"Maths &amp; Num\u00e9rique\" \/>\n<meta property=\"article:modified_time\" content=\"2023-10-14T18:12:04+00:00\" \/>\n<meta name=\"twitter:card\" content=\"summary_large_image\" \/>\n<meta name=\"twitter:label1\" content=\"Dur\u00e9e de lecture estim\u00e9e\" \/>\n\t<meta name=\"twitter:data1\" content=\"1 minute\" \/>\n<script type=\"application\/ld+json\" class=\"yoast-schema-graph\">{\"@context\":\"https:\/\/schema.org\",\"@graph\":[{\"@type\":\"WebPage\",\"@id\":\"https:\/\/wordpress.callac.online\/index.php\/edition-mathematique\/mes-choix-pour-ledition-mathematiques\/\",\"url\":\"https:\/\/wordpress.callac.online\/index.php\/edition-mathematique\/mes-choix-pour-ledition-mathematiques\/\",\"name\":\"Mes choix pour l'\u00e9dition math\u00e9matique - Maths &amp; Num\u00e9rique\",\"isPartOf\":{\"@id\":\"https:\/\/wordpress.callac.online\/#website\"},\"datePublished\":\"2020-07-29T12:20:38+00:00\",\"dateModified\":\"2023-10-14T18:12:04+00:00\",\"breadcrumb\":{\"@id\":\"https:\/\/wordpress.callac.online\/index.php\/edition-mathematique\/mes-choix-pour-ledition-mathematiques\/#breadcrumb\"},\"inLanguage\":\"fr-FR\",\"potentialAction\":[{\"@type\":\"ReadAction\",\"target\":[\"https:\/\/wordpress.callac.online\/index.php\/edition-mathematique\/mes-choix-pour-ledition-mathematiques\/\"]}]},{\"@type\":\"BreadcrumbList\",\"@id\":\"https:\/\/wordpress.callac.online\/index.php\/edition-mathematique\/mes-choix-pour-ledition-mathematiques\/#breadcrumb\",\"itemListElement\":[{\"@type\":\"ListItem\",\"position\":1,\"name\":\"Accueil\",\"item\":\"https:\/\/wordpress.callac.online\/\"},{\"@type\":\"ListItem\",\"position\":2,\"name\":\"\u00c9dition math\u00e9matique\",\"item\":\"https:\/\/wordpress.callac.online\/index.php\/edition-mathematique\/\"},{\"@type\":\"ListItem\",\"position\":3,\"name\":\"Mes choix pour l&#8217;\u00e9dition math\u00e9matique\"}]},{\"@type\":\"WebSite\",\"@id\":\"https:\/\/wordpress.callac.online\/#website\",\"url\":\"https:\/\/wordpress.callac.online\/\",\"name\":\"Maths & Num\u00e9rique\",\"description\":\"Des outils pour les enseignants de math\u00e9matiques et de num\u00e9rique\",\"publisher\":{\"@id\":\"https:\/\/wordpress.callac.online\/#\/schema\/person\/04061f1ca2c2c42039142a704be95940\"},\"potentialAction\":[{\"@type\":\"SearchAction\",\"target\":{\"@type\":\"EntryPoint\",\"urlTemplate\":\"https:\/\/wordpress.callac.online\/?s={search_term_string}\"},\"query-input\":{\"@type\":\"PropertyValueSpecification\",\"valueRequired\":true,\"valueName\":\"search_term_string\"}}],\"inLanguage\":\"fr-FR\"},{\"@type\":[\"Person\",\"Organization\"],\"@id\":\"https:\/\/wordpress.callac.online\/#\/schema\/person\/04061f1ca2c2c42039142a704be95940\",\"name\":\"dlefur\",\"image\":{\"@type\":\"ImageObject\",\"inLanguage\":\"fr-FR\",\"@id\":\"https:\/\/wordpress.callac.online\/#\/schema\/person\/image\/\",\"url\":\"https:\/\/secure.gravatar.com\/avatar\/4a9e17be136808c6597f28aa2b6c13126dab066fdc2198ff60090972c9b7fafc?s=96&d=mm&r=g\",\"contentUrl\":\"https:\/\/secure.gravatar.com\/avatar\/4a9e17be136808c6597f28aa2b6c13126dab066fdc2198ff60090972c9b7fafc?s=96&d=mm&r=g\",\"caption\":\"dlefur\"},\"logo\":{\"@id\":\"https:\/\/wordpress.callac.online\/#\/schema\/person\/image\/\"},\"description\":\"Enseignant de math\u00e9matiques Lyc\u00e9e Pasteur S\u00e3o Paulo\",\"sameAs\":[\"http:\/\/wordpress.callac.online\"]}]}<\/script>\n<!-- \/ Yoast SEO plugin. -->","yoast_head_json":{"title":"Mes choix pour l'\u00e9dition math\u00e9matique - Maths &amp; Num\u00e9rique","robots":{"index":"index","follow":"follow","max-snippet":"max-snippet:-1","max-image-preview":"max-image-preview:large","max-video-preview":"max-video-preview:-1"},"canonical":"https:\/\/wordpress.callac.online\/index.php\/edition-mathematique\/mes-choix-pour-ledition-mathematiques\/","og_locale":"fr_FR","og_type":"article","og_title":"Mes choix pour l'\u00e9dition math\u00e9matique - Maths &amp; Num\u00e9rique","og_description":"Mon environnement : Ubuntu Je travaille exclusivement sous Ubuntu. Ainsi, beaucoup de mes outils d&rsquo;\u00e9ditions ne fonctionneront que sous Linux. Ainsi, ma distribution LateX est TeXLive. Mon \u00e9diteur LaTeX :&hellip;","og_url":"https:\/\/wordpress.callac.online\/index.php\/edition-mathematique\/mes-choix-pour-ledition-mathematiques\/","og_site_name":"Maths &amp; Num\u00e9rique","article_modified_time":"2023-10-14T18:12:04+00:00","twitter_card":"summary_large_image","twitter_misc":{"Dur\u00e9e de lecture estim\u00e9e":"1 minute"},"schema":{"@context":"https:\/\/schema.org","@graph":[{"@type":"WebPage","@id":"https:\/\/wordpress.callac.online\/index.php\/edition-mathematique\/mes-choix-pour-ledition-mathematiques\/","url":"https:\/\/wordpress.callac.online\/index.php\/edition-mathematique\/mes-choix-pour-ledition-mathematiques\/","name":"Mes choix pour l'\u00e9dition math\u00e9matique - Maths &amp; Num\u00e9rique","isPartOf":{"@id":"https:\/\/wordpress.callac.online\/#website"},"datePublished":"2020-07-29T12:20:38+00:00","dateModified":"2023-10-14T18:12:04+00:00","breadcrumb":{"@id":"https:\/\/wordpress.callac.online\/index.php\/edition-mathematique\/mes-choix-pour-ledition-mathematiques\/#breadcrumb"},"inLanguage":"fr-FR","potentialAction":[{"@type":"ReadAction","target":["https:\/\/wordpress.callac.online\/index.php\/edition-mathematique\/mes-choix-pour-ledition-mathematiques\/"]}]},{"@type":"BreadcrumbList","@id":"https:\/\/wordpress.callac.online\/index.php\/edition-mathematique\/mes-choix-pour-ledition-mathematiques\/#breadcrumb","itemListElement":[{"@type":"ListItem","position":1,"name":"Accueil","item":"https:\/\/wordpress.callac.online\/"},{"@type":"ListItem","position":2,"name":"\u00c9dition math\u00e9matique","item":"https:\/\/wordpress.callac.online\/index.php\/edition-mathematique\/"},{"@type":"ListItem","position":3,"name":"Mes choix pour l&#8217;\u00e9dition math\u00e9matique"}]},{"@type":"WebSite","@id":"https:\/\/wordpress.callac.online\/#website","url":"https:\/\/wordpress.callac.online\/","name":"Maths & Num\u00e9rique","description":"Des outils pour les enseignants de math\u00e9matiques et de num\u00e9rique","publisher":{"@id":"https:\/\/wordpress.callac.online\/#\/schema\/person\/04061f1ca2c2c42039142a704be95940"},"potentialAction":[{"@type":"SearchAction","target":{"@type":"EntryPoint","urlTemplate":"https:\/\/wordpress.callac.online\/?s={search_term_string}"},"query-input":{"@type":"PropertyValueSpecification","valueRequired":true,"valueName":"search_term_string"}}],"inLanguage":"fr-FR"},{"@type":["Person","Organization"],"@id":"https:\/\/wordpress.callac.online\/#\/schema\/person\/04061f1ca2c2c42039142a704be95940","name":"dlefur","image":{"@type":"ImageObject","inLanguage":"fr-FR","@id":"https:\/\/wordpress.callac.online\/#\/schema\/person\/image\/","url":"https:\/\/secure.gravatar.com\/avatar\/4a9e17be136808c6597f28aa2b6c13126dab066fdc2198ff60090972c9b7fafc?s=96&d=mm&r=g","contentUrl":"https:\/\/secure.gravatar.com\/avatar\/4a9e17be136808c6597f28aa2b6c13126dab066fdc2198ff60090972c9b7fafc?s=96&d=mm&r=g","caption":"dlefur"},"logo":{"@id":"https:\/\/wordpress.callac.online\/#\/schema\/person\/image\/"},"description":"Enseignant de math\u00e9matiques Lyc\u00e9e Pasteur S\u00e3o Paulo","sameAs":["http:\/\/wordpress.callac.online"]}]}},"_links":{"self":[{"href":"https:\/\/wordpress.callac.online\/index.php\/wp-json\/wp\/v2\/pages\/2579","targetHints":{"allow":["GET"]}}],"collection":[{"href":"https:\/\/wordpress.callac.online\/index.php\/wp-json\/wp\/v2\/pages"}],"about":[{"href":"https:\/\/wordpress.callac.online\/index.php\/wp-json\/wp\/v2\/types\/page"}],"author":[{"embeddable":true,"href":"https:\/\/wordpress.callac.online\/index.php\/wp-json\/wp\/v2\/users\/1"}],"replies":[{"embeddable":true,"href":"https:\/\/wordpress.callac.online\/index.php\/wp-json\/wp\/v2\/comments?post=2579"}],"version-history":[{"count":8,"href":"https:\/\/wordpress.callac.online\/index.php\/wp-json\/wp\/v2\/pages\/2579\/revisions"}],"predecessor-version":[{"id":2683,"href":"https:\/\/wordpress.callac.online\/index.php\/wp-json\/wp\/v2\/pages\/2579\/revisions\/2683"}],"up":[{"embeddable":true,"href":"https:\/\/wordpress.callac.online\/index.php\/wp-json\/wp\/v2\/pages\/972"}],"wp:attachment":[{"href":"https:\/\/wordpress.callac.online\/index.php\/wp-json\/wp\/v2\/media?parent=2579"}],"curies":[{"name":"wp","href":"https:\/\/api.w.org\/{rel}","templated":true}]}}