{"id":2585,"date":"2020-07-29T16:26:10","date_gmt":"2020-07-29T14:26:10","guid":{"rendered":"http:\/\/wordpress.callac.online\/index.php\/edition-mathematique\/latex\/ma-configuration-de-sublime-text\/"},"modified":"2023-10-14T20:12:07","modified_gmt":"2023-10-14T18:12:07","slug":"ma-configuration-de-sublime-text","status":"publish","type":"page","link":"https:\/\/wordpress.callac.online\/index.php\/edition-mathematique\/latex\/ma-configuration-de-sublime-text\/","title":{"rendered":"Ma configuration de Sublime Text"},"content":{"rendered":"\n<h4 class=\"wp-block-heading\">Les principaux paquets que j&rsquo;utilise<\/h4>\n\n\n\n<hr \/>\n<h6>LaTeXTools<\/h6>\n<p>Ce paquet g\u00e8re l&rsquo;essentiel de la configuration n\u00e9cessaire pour \u00e9diter des documents LaTeX<\/p>\n<h6>Language-French-Fran\u00e7ais<\/h6>\n<p>Pour la correction orthographique<\/p>\n<h6>BracketHighlighter<\/h6>\n<p>Pour une meilleure prise en compte des blocs (crochets, parenth\u00e8ses, accolades, &#8230;)<\/p>\n<hr \/>\n<p>\u00a0<\/p>\n\n\n\n<h4 class=\"wp-block-heading\">Mes fichiers de configurations<\/h4>\n\n\n\n<hr \/>\n<h6>Le lien<\/h6>\n<p><a href=\"https:\/\/u.pcloud.link\/publink\/show?code=kZaecNkZKfphjAeIozp9VlIgcMOW5fph0U1k\" target=\"_blank\" rel=\"noopener noreferrer\">https:\/\/u.pcloud.link\/publink\/show?code=kZaecNkZKfphjAeIozp9VlIgcMOW5fph0U1k<\/a><\/p>\n<h6>Le contenu<\/h6>\n<p>Il s&rsquo;agit du contenu de mon dossier courant <strong>.config\/sublime-text-3\/<\/strong> .<\/p>\n<p>La plupart des fichiers sont inutiles mais toute la configuration y est !<\/p>\n<p>Vous y retrouverez\u00a0 si besoin mes fichiers de configuration de LaTeXTools mais surtout dans le dossier <strong>Packages\/User\/<\/strong> , mes snippets personnels, ceux notamment correspondant \u00e0 <a href=\"https:\/\/wordpress.callac.online\/index.php\/edition-mathematique\/professor\/\">Professor.sty<\/a>.<\/p>\n<hr \/>\n<h4>Important !<\/h4>\n<p>Pour l&rsquo;utilisation de Professor, il faut l&rsquo;option shell-escape dans les compilations. Voir pour cela\u00a0 mon fichier <strong>Packages\/User\/LaTeXTools.sublime-settings.<\/strong><\/p>\n<hr \/>\n<p>Je suis loin d&rsquo;\u00eatre un sp\u00e9cialiste de Sublime Text donc soyez indulgent. Et si vous avez une meilleure configuration \u00e0 partager, je suis preneur !<\/p>\n","protected":false},"excerpt":{"rendered":"<p>Les principaux paquets que j&rsquo;utilise LaTeXTools Ce paquet g\u00e8re l&rsquo;essentiel de la configuration n\u00e9cessaire pour \u00e9diter des documents LaTeX Language-French-Fran\u00e7ais Pour la correction orthographique BracketHighlighter Pour une meilleure prise en&hellip;<\/p>\n","protected":false},"author":1,"featured_media":0,"parent":1002,"menu_order":3,"comment_status":"closed","ping_status":"closed","template":"","meta":{"footnotes":""},"class_list":["post-2585","page","type-page","status-publish","hentry"],"yoast_head":"<!-- This site is optimized with the Yoast SEO plugin v27.1.1 - https:\/\/yoast.com\/product\/yoast-seo-wordpress\/ -->\n<title>Ma configuration de Sublime Text - Maths &amp; Num\u00e9rique<\/title>\n<meta name=\"robots\" content=\"index, follow, max-snippet:-1, max-image-preview:large, max-video-preview:-1\" \/>\n<link rel=\"canonical\" href=\"https:\/\/wordpress.callac.online\/index.php\/edition-mathematique\/latex\/ma-configuration-de-sublime-text\/\" \/>\n<meta property=\"og:locale\" content=\"fr_FR\" \/>\n<meta property=\"og:type\" content=\"article\" \/>\n<meta property=\"og:title\" content=\"Ma configuration de Sublime Text - Maths &amp; Num\u00e9rique\" \/>\n<meta property=\"og:description\" content=\"Les principaux paquets que j&rsquo;utilise LaTeXTools Ce paquet g\u00e8re l&rsquo;essentiel de la configuration n\u00e9cessaire pour \u00e9diter des documents LaTeX Language-French-Fran\u00e7ais Pour la correction orthographique BracketHighlighter Pour une meilleure prise en&hellip;\" \/>\n<meta property=\"og:url\" content=\"https:\/\/wordpress.callac.online\/index.php\/edition-mathematique\/latex\/ma-configuration-de-sublime-text\/\" \/>\n<meta property=\"og:site_name\" content=\"Maths &amp; Num\u00e9rique\" \/>\n<meta property=\"article:modified_time\" content=\"2023-10-14T18:12:07+00:00\" \/>\n<meta name=\"twitter:card\" content=\"summary_large_image\" \/>\n<meta name=\"twitter:label1\" content=\"Dur\u00e9e de lecture estim\u00e9e\" \/>\n\t<meta name=\"twitter:data1\" content=\"1 minute\" \/>\n<script type=\"application\/ld+json\" class=\"yoast-schema-graph\">{\"@context\":\"https:\/\/schema.org\",\"@graph\":[{\"@type\":\"WebPage\",\"@id\":\"https:\/\/wordpress.callac.online\/index.php\/edition-mathematique\/latex\/ma-configuration-de-sublime-text\/\",\"url\":\"https:\/\/wordpress.callac.online\/index.php\/edition-mathematique\/latex\/ma-configuration-de-sublime-text\/\",\"name\":\"Ma configuration de Sublime Text - Maths &amp; Num\u00e9rique\",\"isPartOf\":{\"@id\":\"https:\/\/wordpress.callac.online\/#website\"},\"datePublished\":\"2020-07-29T14:26:10+00:00\",\"dateModified\":\"2023-10-14T18:12:07+00:00\",\"breadcrumb\":{\"@id\":\"https:\/\/wordpress.callac.online\/index.php\/edition-mathematique\/latex\/ma-configuration-de-sublime-text\/#breadcrumb\"},\"inLanguage\":\"fr-FR\",\"potentialAction\":[{\"@type\":\"ReadAction\",\"target\":[\"https:\/\/wordpress.callac.online\/index.php\/edition-mathematique\/latex\/ma-configuration-de-sublime-text\/\"]}]},{\"@type\":\"BreadcrumbList\",\"@id\":\"https:\/\/wordpress.callac.online\/index.php\/edition-mathematique\/latex\/ma-configuration-de-sublime-text\/#breadcrumb\",\"itemListElement\":[{\"@type\":\"ListItem\",\"position\":1,\"name\":\"Accueil\",\"item\":\"https:\/\/wordpress.callac.online\/\"},{\"@type\":\"ListItem\",\"position\":2,\"name\":\"\u00c9dition math\u00e9matique\",\"item\":\"https:\/\/wordpress.callac.online\/index.php\/edition-mathematique\/\"},{\"@type\":\"ListItem\",\"position\":3,\"name\":\"LaTeX\",\"item\":\"https:\/\/wordpress.callac.online\/index.php\/edition-mathematique\/latex\/\"},{\"@type\":\"ListItem\",\"position\":4,\"name\":\"Ma configuration de Sublime Text\"}]},{\"@type\":\"WebSite\",\"@id\":\"https:\/\/wordpress.callac.online\/#website\",\"url\":\"https:\/\/wordpress.callac.online\/\",\"name\":\"Maths & Num\u00e9rique\",\"description\":\"Des outils pour les enseignants de math\u00e9matiques et de num\u00e9rique\",\"publisher\":{\"@id\":\"https:\/\/wordpress.callac.online\/#\/schema\/person\/04061f1ca2c2c42039142a704be95940\"},\"potentialAction\":[{\"@type\":\"SearchAction\",\"target\":{\"@type\":\"EntryPoint\",\"urlTemplate\":\"https:\/\/wordpress.callac.online\/?s={search_term_string}\"},\"query-input\":{\"@type\":\"PropertyValueSpecification\",\"valueRequired\":true,\"valueName\":\"search_term_string\"}}],\"inLanguage\":\"fr-FR\"},{\"@type\":[\"Person\",\"Organization\"],\"@id\":\"https:\/\/wordpress.callac.online\/#\/schema\/person\/04061f1ca2c2c42039142a704be95940\",\"name\":\"dlefur\",\"image\":{\"@type\":\"ImageObject\",\"inLanguage\":\"fr-FR\",\"@id\":\"https:\/\/wordpress.callac.online\/#\/schema\/person\/image\/\",\"url\":\"https:\/\/secure.gravatar.com\/avatar\/4a9e17be136808c6597f28aa2b6c13126dab066fdc2198ff60090972c9b7fafc?s=96&d=mm&r=g\",\"contentUrl\":\"https:\/\/secure.gravatar.com\/avatar\/4a9e17be136808c6597f28aa2b6c13126dab066fdc2198ff60090972c9b7fafc?s=96&d=mm&r=g\",\"caption\":\"dlefur\"},\"logo\":{\"@id\":\"https:\/\/wordpress.callac.online\/#\/schema\/person\/image\/\"},\"description\":\"Enseignant de math\u00e9matiques Lyc\u00e9e Pasteur S\u00e3o Paulo\",\"sameAs\":[\"http:\/\/wordpress.callac.online\"]}]}<\/script>\n<!-- \/ Yoast SEO plugin. -->","yoast_head_json":{"title":"Ma configuration de Sublime Text - Maths &amp; Num\u00e9rique","robots":{"index":"index","follow":"follow","max-snippet":"max-snippet:-1","max-image-preview":"max-image-preview:large","max-video-preview":"max-video-preview:-1"},"canonical":"https:\/\/wordpress.callac.online\/index.php\/edition-mathematique\/latex\/ma-configuration-de-sublime-text\/","og_locale":"fr_FR","og_type":"article","og_title":"Ma configuration de Sublime Text - Maths &amp; Num\u00e9rique","og_description":"Les principaux paquets que j&rsquo;utilise LaTeXTools Ce paquet g\u00e8re l&rsquo;essentiel de la configuration n\u00e9cessaire pour \u00e9diter des documents LaTeX Language-French-Fran\u00e7ais Pour la correction orthographique BracketHighlighter Pour une meilleure prise en&hellip;","og_url":"https:\/\/wordpress.callac.online\/index.php\/edition-mathematique\/latex\/ma-configuration-de-sublime-text\/","og_site_name":"Maths &amp; Num\u00e9rique","article_modified_time":"2023-10-14T18:12:07+00:00","twitter_card":"summary_large_image","twitter_misc":{"Dur\u00e9e de lecture estim\u00e9e":"1 minute"},"schema":{"@context":"https:\/\/schema.org","@graph":[{"@type":"WebPage","@id":"https:\/\/wordpress.callac.online\/index.php\/edition-mathematique\/latex\/ma-configuration-de-sublime-text\/","url":"https:\/\/wordpress.callac.online\/index.php\/edition-mathematique\/latex\/ma-configuration-de-sublime-text\/","name":"Ma configuration de Sublime Text - Maths &amp; Num\u00e9rique","isPartOf":{"@id":"https:\/\/wordpress.callac.online\/#website"},"datePublished":"2020-07-29T14:26:10+00:00","dateModified":"2023-10-14T18:12:07+00:00","breadcrumb":{"@id":"https:\/\/wordpress.callac.online\/index.php\/edition-mathematique\/latex\/ma-configuration-de-sublime-text\/#breadcrumb"},"inLanguage":"fr-FR","potentialAction":[{"@type":"ReadAction","target":["https:\/\/wordpress.callac.online\/index.php\/edition-mathematique\/latex\/ma-configuration-de-sublime-text\/"]}]},{"@type":"BreadcrumbList","@id":"https:\/\/wordpress.callac.online\/index.php\/edition-mathematique\/latex\/ma-configuration-de-sublime-text\/#breadcrumb","itemListElement":[{"@type":"ListItem","position":1,"name":"Accueil","item":"https:\/\/wordpress.callac.online\/"},{"@type":"ListItem","position":2,"name":"\u00c9dition math\u00e9matique","item":"https:\/\/wordpress.callac.online\/index.php\/edition-mathematique\/"},{"@type":"ListItem","position":3,"name":"LaTeX","item":"https:\/\/wordpress.callac.online\/index.php\/edition-mathematique\/latex\/"},{"@type":"ListItem","position":4,"name":"Ma configuration de Sublime Text"}]},{"@type":"WebSite","@id":"https:\/\/wordpress.callac.online\/#website","url":"https:\/\/wordpress.callac.online\/","name":"Maths & Num\u00e9rique","description":"Des outils pour les enseignants de math\u00e9matiques et de num\u00e9rique","publisher":{"@id":"https:\/\/wordpress.callac.online\/#\/schema\/person\/04061f1ca2c2c42039142a704be95940"},"potentialAction":[{"@type":"SearchAction","target":{"@type":"EntryPoint","urlTemplate":"https:\/\/wordpress.callac.online\/?s={search_term_string}"},"query-input":{"@type":"PropertyValueSpecification","valueRequired":true,"valueName":"search_term_string"}}],"inLanguage":"fr-FR"},{"@type":["Person","Organization"],"@id":"https:\/\/wordpress.callac.online\/#\/schema\/person\/04061f1ca2c2c42039142a704be95940","name":"dlefur","image":{"@type":"ImageObject","inLanguage":"fr-FR","@id":"https:\/\/wordpress.callac.online\/#\/schema\/person\/image\/","url":"https:\/\/secure.gravatar.com\/avatar\/4a9e17be136808c6597f28aa2b6c13126dab066fdc2198ff60090972c9b7fafc?s=96&d=mm&r=g","contentUrl":"https:\/\/secure.gravatar.com\/avatar\/4a9e17be136808c6597f28aa2b6c13126dab066fdc2198ff60090972c9b7fafc?s=96&d=mm&r=g","caption":"dlefur"},"logo":{"@id":"https:\/\/wordpress.callac.online\/#\/schema\/person\/image\/"},"description":"Enseignant de math\u00e9matiques Lyc\u00e9e Pasteur S\u00e3o Paulo","sameAs":["http:\/\/wordpress.callac.online"]}]}},"_links":{"self":[{"href":"https:\/\/wordpress.callac.online\/index.php\/wp-json\/wp\/v2\/pages\/2585","targetHints":{"allow":["GET"]}}],"collection":[{"href":"https:\/\/wordpress.callac.online\/index.php\/wp-json\/wp\/v2\/pages"}],"about":[{"href":"https:\/\/wordpress.callac.online\/index.php\/wp-json\/wp\/v2\/types\/page"}],"author":[{"embeddable":true,"href":"https:\/\/wordpress.callac.online\/index.php\/wp-json\/wp\/v2\/users\/1"}],"replies":[{"embeddable":true,"href":"https:\/\/wordpress.callac.online\/index.php\/wp-json\/wp\/v2\/comments?post=2585"}],"version-history":[{"count":6,"href":"https:\/\/wordpress.callac.online\/index.php\/wp-json\/wp\/v2\/pages\/2585\/revisions"}],"predecessor-version":[{"id":2623,"href":"https:\/\/wordpress.callac.online\/index.php\/wp-json\/wp\/v2\/pages\/2585\/revisions\/2623"}],"up":[{"embeddable":true,"href":"https:\/\/wordpress.callac.online\/index.php\/wp-json\/wp\/v2\/pages\/1002"}],"wp:attachment":[{"href":"https:\/\/wordpress.callac.online\/index.php\/wp-json\/wp\/v2\/media?parent=2585"}],"curies":[{"name":"wp","href":"https:\/\/api.w.org\/{rel}","templated":true}]}}