{"id":263,"date":"2013-11-09T12:09:51","date_gmt":"2013-11-09T11:09:51","guid":{"rendered":"http:\/\/wordpress.callac.online\/index.php\/utilisation-dune-telecommande\/"},"modified":"2022-01-05T22:41:57","modified_gmt":"2022-01-05T21:41:57","slug":"utilisation-dune-telecommande","status":"publish","type":"page","link":"https:\/\/wordpress.callac.online\/index.php\/numerique\/arduino\/la-communication-infrarouge\/utilisation-dune-telecommande\/","title":{"rendered":"Utilisation d&rsquo;une t\u00e9l\u00e9commande"},"content":{"rendered":"<h2>Principe de fonctionnement<\/h2>\n<p>On branche le r\u00e9cepteur infrarouge sur Arduino et on se sert de la librairie IRRemote pour la d\u00e9tection des signaux hexad\u00e9cimaux.<\/p>\n<p>Chaque type de t\u00e9l\u00e9commande fournira des valeurs diff\u00e9rentes.<\/p>\n<p>Pour les conna\u00eetre, il suffit d&rsquo;afficher la valeur d\u00e9tect\u00e9e !<\/p>\n<p>Par la suite, dans cet article, on d\u00e9taillera l&rsquo;utilisation d&rsquo;une t\u00e9l\u00e9commande PANASONIC.<\/p>\n<figure id=\"attachment_880\" aria-describedby=\"caption-attachment-880\" style=\"width: 527px\" class=\"wp-caption alignnone\"><img loading=\"lazy\" decoding=\"async\" class=\" size-full wp-image-880\" title=\"kit IR\" src=\"http:\/\/wordpress.callac.online\/wp-content\/uploads\/2013\/11\/png_kit_IR.png\" alt=\"kit IR\" width=\"527\" height=\"600\" srcset=\"https:\/\/wordpress.callac.online\/wp-content\/uploads\/2013\/11\/png_kit_IR.png 527w, https:\/\/wordpress.callac.online\/wp-content\/uploads\/2013\/11\/png_kit_IR-264x300.png 264w\" sizes=\"auto, (max-width: 527px) 100vw, 527px\" \/><figcaption id=\"caption-attachment-880\" class=\"wp-caption-text\">kit IR<\/figcaption><\/figure>\n<h2>Tableau des valeurs pour une t\u00e9l\u00e9commande PANASONIC<\/h2>\n<table>\n<tbody>\n<tr class=\"row_even\">\n<td><strong>Touche<\/strong><\/td>\n<td><strong>Valeur<\/strong><\/td>\n<\/tr>\n<tr class=\"row_odd\">\n<td>0<\/td>\n<td>0xE12430CF<\/td>\n<\/tr>\n<tr class=\"row_even\">\n<td>1<\/td>\n<td>0xE12440BF<\/td>\n<\/tr>\n<tr class=\"row_odd\">\n<td>2<\/td>\n<td>0xE12428D7<\/td>\n<\/tr>\n<tr class=\"row_even\">\n<td>3<\/td>\n<td>0xE1246897<\/td>\n<\/tr>\n<tr class=\"row_odd\">\n<td>4<\/td>\n<td>0xE124B847<\/td>\n<\/tr>\n<tr class=\"row_even\">\n<td>5<\/td>\n<td>0xE124F00F<\/td>\n<\/tr>\n<tr class=\"row_odd\">\n<td>6<\/td>\n<td>0xE1249867<\/td>\n<\/tr>\n<tr class=\"row_even\">\n<td>7<\/td>\n<td>0xE1247887<\/td>\n<\/tr>\n<tr class=\"row_odd\">\n<td>8<\/td>\n<td>0xE124B04F<\/td>\n<\/tr>\n<tr class=\"row_even\">\n<td>9<\/td>\n<td>0xE124F807<\/td>\n<\/tr>\n<tr class=\"row_odd\">\n<td>Volume UP<\/td>\n<td>0xE12458A7<\/td>\n<\/tr>\n<tr class=\"row_even\">\n<td>Volume DOWN<\/td>\n<td>0xE124A05F<\/td>\n<\/tr>\n<tr class=\"row_odd\">\n<td>#<\/td>\n<td>0xE124E817<\/td>\n<\/tr>\n<tr class=\"row_even\">\n<td>BAND<\/td>\n<td>0xE124D827<\/td>\n<\/tr>\n<tr class=\"row_odd\">\n<td>DISP<\/td>\n<td>0xE124C837<\/td>\n<\/tr>\n<tr class=\"row_even\">\n<td>MUTE<\/td>\n<td>0xE124609F<\/td>\n<\/tr>\n<tr class=\"row_odd\">\n<td>Source<\/td>\n<td>0xE12448B7<\/td>\n<\/tr>\n<tr class=\"row_even\">\n<td>SEL<\/td>\n<td>0xE12418E7<\/td>\n<\/tr>\n<\/tbody>\n<\/table>\n<h2>Montage<\/h2>\n<p>C&rsquo;est tr\u00e8s simple, le r\u00e9cepteur IR ne poss\u00e9dant que 3 branchements :<br \/>&#8211; GND : la masse ;<br \/>&#8211; 5V : l&rsquo;alimentation ;<br \/>&#8211; Out : le signal \u00e0 brancher sur une broche Arduino.<\/p>\n<h2>Exemple de code Arduino<\/h2>\n<p>Ce code utilise la librairie <a href=\"https:\/\/github.com\/shirriff\/Arduino-IRremote\/archive\/master.zip\">IRRemote<\/a> qui devra \u00eatre t\u00e9l\u00e9charg\u00e9e et install\u00e9e dans le dossier \u00ab\u00a0libraries\u00a0\u00bb su dossier \u00ab\u00a0sketchbook\u00a0\u00bb.<\/p>\n<p>Ce code montre une utilisation basique de la t\u00e9l\u00e9commande. Dans la boucle loop(), on lit les touches appuy\u00e9es et on ex\u00e9cute la commande associ\u00e9e. Celles-ci sont juste illustrative dans l&rsquo;exemple :<br \/>&#8211; allumer une diode ;<br \/>&#8211; afficher la touche utilis\u00e9e.<\/p>\n<p>\u00a0<\/p>\n<h2>Sources<\/h2>\n<p>&#8211; <a href=\"https:\/\/github.com\/shirriff\/Arduino-IRremote\">Github<\/a><br \/>&#8211; <a href=\"http:\/\/itechnofrance.wordpress.com\/2013\/04\/19\/librairie-irremote-pour-arduino\/\">http:\/\/itechnofrance.wordpress.com<\/a><br \/>&#8211; <a href=\"http:\/\/www.robocore.net\/modules.php?name=GR_LojaVirtual&amp;prod=199\">Robocore.net<\/a><\/p>\n\n\n<p><\/p>\n","protected":false},"excerpt":{"rendered":"<p>Principe de fonctionnement On branche le r\u00e9cepteur infrarouge sur Arduino et on se sert de la librairie IRRemote pour la d\u00e9tection des signaux hexad\u00e9cimaux. Chaque type de t\u00e9l\u00e9commande fournira des&hellip;<\/p>\n","protected":false},"author":1,"featured_media":0,"parent":2548,"menu_order":0,"comment_status":"closed","ping_status":"closed","template":"","meta":{"footnotes":""},"class_list":["post-263","page","type-page","status-publish","hentry"],"yoast_head":"<!-- This site is optimized with the Yoast SEO plugin v27.1.1 - https:\/\/yoast.com\/product\/yoast-seo-wordpress\/ -->\n<title>Utilisation d&#039;une t\u00e9l\u00e9commande - Maths &amp; Num\u00e9rique<\/title>\n<meta name=\"robots\" content=\"index, follow, max-snippet:-1, max-image-preview:large, max-video-preview:-1\" \/>\n<link rel=\"canonical\" href=\"https:\/\/wordpress.callac.online\/index.php\/numerique\/arduino\/la-communication-infrarouge\/utilisation-dune-telecommande\/\" \/>\n<meta property=\"og:locale\" content=\"fr_FR\" \/>\n<meta property=\"og:type\" content=\"article\" \/>\n<meta property=\"og:title\" content=\"Utilisation d&#039;une t\u00e9l\u00e9commande - Maths &amp; Num\u00e9rique\" \/>\n<meta property=\"og:description\" content=\"Principe de fonctionnement On branche le r\u00e9cepteur infrarouge sur Arduino et on se sert de la librairie IRRemote pour la d\u00e9tection des signaux hexad\u00e9cimaux. Chaque type de t\u00e9l\u00e9commande fournira des&hellip;\" \/>\n<meta property=\"og:url\" content=\"https:\/\/wordpress.callac.online\/index.php\/numerique\/arduino\/la-communication-infrarouge\/utilisation-dune-telecommande\/\" \/>\n<meta property=\"og:site_name\" content=\"Maths &amp; Num\u00e9rique\" \/>\n<meta property=\"article:modified_time\" content=\"2022-01-05T21:41:57+00:00\" \/>\n<meta property=\"og:image\" content=\"http:\/\/wordpress.callac.online\/wp-content\/uploads\/2013\/11\/png_kit_IR.png\" \/>\n<meta name=\"twitter:card\" content=\"summary_large_image\" \/>\n<meta name=\"twitter:label1\" content=\"Dur\u00e9e de lecture estim\u00e9e\" \/>\n\t<meta name=\"twitter:data1\" content=\"1 minute\" \/>\n<script type=\"application\/ld+json\" class=\"yoast-schema-graph\">{\"@context\":\"https:\/\/schema.org\",\"@graph\":[{\"@type\":\"WebPage\",\"@id\":\"https:\/\/wordpress.callac.online\/index.php\/numerique\/arduino\/la-communication-infrarouge\/utilisation-dune-telecommande\/\",\"url\":\"https:\/\/wordpress.callac.online\/index.php\/numerique\/arduino\/la-communication-infrarouge\/utilisation-dune-telecommande\/\",\"name\":\"Utilisation d'une t\u00e9l\u00e9commande - Maths &amp; Num\u00e9rique\",\"isPartOf\":{\"@id\":\"https:\/\/wordpress.callac.online\/#website\"},\"primaryImageOfPage\":{\"@id\":\"https:\/\/wordpress.callac.online\/index.php\/numerique\/arduino\/la-communication-infrarouge\/utilisation-dune-telecommande\/#primaryimage\"},\"image\":{\"@id\":\"https:\/\/wordpress.callac.online\/index.php\/numerique\/arduino\/la-communication-infrarouge\/utilisation-dune-telecommande\/#primaryimage\"},\"thumbnailUrl\":\"http:\/\/wordpress.callac.online\/wp-content\/uploads\/2013\/11\/png_kit_IR.png\",\"datePublished\":\"2013-11-09T11:09:51+00:00\",\"dateModified\":\"2022-01-05T21:41:57+00:00\",\"breadcrumb\":{\"@id\":\"https:\/\/wordpress.callac.online\/index.php\/numerique\/arduino\/la-communication-infrarouge\/utilisation-dune-telecommande\/#breadcrumb\"},\"inLanguage\":\"fr-FR\",\"potentialAction\":[{\"@type\":\"ReadAction\",\"target\":[\"https:\/\/wordpress.callac.online\/index.php\/numerique\/arduino\/la-communication-infrarouge\/utilisation-dune-telecommande\/\"]}]},{\"@type\":\"ImageObject\",\"inLanguage\":\"fr-FR\",\"@id\":\"https:\/\/wordpress.callac.online\/index.php\/numerique\/arduino\/la-communication-infrarouge\/utilisation-dune-telecommande\/#primaryimage\",\"url\":\"https:\/\/wordpress.callac.online\/wp-content\/uploads\/2013\/11\/png_kit_IR.png\",\"contentUrl\":\"https:\/\/wordpress.callac.online\/wp-content\/uploads\/2013\/11\/png_kit_IR.png\",\"width\":527,\"height\":600,\"caption\":\"kit IR\"},{\"@type\":\"BreadcrumbList\",\"@id\":\"https:\/\/wordpress.callac.online\/index.php\/numerique\/arduino\/la-communication-infrarouge\/utilisation-dune-telecommande\/#breadcrumb\",\"itemListElement\":[{\"@type\":\"ListItem\",\"position\":1,\"name\":\"Accueil\",\"item\":\"https:\/\/wordpress.callac.online\/\"},{\"@type\":\"ListItem\",\"position\":2,\"name\":\"Num\u00e9rique\",\"item\":\"https:\/\/wordpress.callac.online\/index.php\/numerique\/\"},{\"@type\":\"ListItem\",\"position\":3,\"name\":\"Arduino\",\"item\":\"https:\/\/wordpress.callac.online\/index.php\/numerique\/arduino\/\"},{\"@type\":\"ListItem\",\"position\":4,\"name\":\"La communication infrarouge\",\"item\":\"https:\/\/wordpress.callac.online\/index.php\/numerique\/arduino\/la-communication-infrarouge\/\"},{\"@type\":\"ListItem\",\"position\":5,\"name\":\"Utilisation d&#8217;une t\u00e9l\u00e9commande\"}]},{\"@type\":\"WebSite\",\"@id\":\"https:\/\/wordpress.callac.online\/#website\",\"url\":\"https:\/\/wordpress.callac.online\/\",\"name\":\"Maths & Num\u00e9rique\",\"description\":\"Des outils pour les enseignants de math\u00e9matiques et de num\u00e9rique\",\"publisher\":{\"@id\":\"https:\/\/wordpress.callac.online\/#\/schema\/person\/04061f1ca2c2c42039142a704be95940\"},\"potentialAction\":[{\"@type\":\"SearchAction\",\"target\":{\"@type\":\"EntryPoint\",\"urlTemplate\":\"https:\/\/wordpress.callac.online\/?s={search_term_string}\"},\"query-input\":{\"@type\":\"PropertyValueSpecification\",\"valueRequired\":true,\"valueName\":\"search_term_string\"}}],\"inLanguage\":\"fr-FR\"},{\"@type\":[\"Person\",\"Organization\"],\"@id\":\"https:\/\/wordpress.callac.online\/#\/schema\/person\/04061f1ca2c2c42039142a704be95940\",\"name\":\"dlefur\",\"image\":{\"@type\":\"ImageObject\",\"inLanguage\":\"fr-FR\",\"@id\":\"https:\/\/wordpress.callac.online\/#\/schema\/person\/image\/\",\"url\":\"https:\/\/secure.gravatar.com\/avatar\/4a9e17be136808c6597f28aa2b6c13126dab066fdc2198ff60090972c9b7fafc?s=96&d=mm&r=g\",\"contentUrl\":\"https:\/\/secure.gravatar.com\/avatar\/4a9e17be136808c6597f28aa2b6c13126dab066fdc2198ff60090972c9b7fafc?s=96&d=mm&r=g\",\"caption\":\"dlefur\"},\"logo\":{\"@id\":\"https:\/\/wordpress.callac.online\/#\/schema\/person\/image\/\"},\"description\":\"Enseignant de math\u00e9matiques Lyc\u00e9e Pasteur S\u00e3o Paulo\",\"sameAs\":[\"http:\/\/wordpress.callac.online\"]}]}<\/script>\n<!-- \/ Yoast SEO plugin. -->","yoast_head_json":{"title":"Utilisation d'une t\u00e9l\u00e9commande - Maths &amp; Num\u00e9rique","robots":{"index":"index","follow":"follow","max-snippet":"max-snippet:-1","max-image-preview":"max-image-preview:large","max-video-preview":"max-video-preview:-1"},"canonical":"https:\/\/wordpress.callac.online\/index.php\/numerique\/arduino\/la-communication-infrarouge\/utilisation-dune-telecommande\/","og_locale":"fr_FR","og_type":"article","og_title":"Utilisation d'une t\u00e9l\u00e9commande - Maths &amp; Num\u00e9rique","og_description":"Principe de fonctionnement On branche le r\u00e9cepteur infrarouge sur Arduino et on se sert de la librairie IRRemote pour la d\u00e9tection des signaux hexad\u00e9cimaux. Chaque type de t\u00e9l\u00e9commande fournira des&hellip;","og_url":"https:\/\/wordpress.callac.online\/index.php\/numerique\/arduino\/la-communication-infrarouge\/utilisation-dune-telecommande\/","og_site_name":"Maths &amp; Num\u00e9rique","article_modified_time":"2022-01-05T21:41:57+00:00","og_image":[{"url":"http:\/\/wordpress.callac.online\/wp-content\/uploads\/2013\/11\/png_kit_IR.png","type":"","width":"","height":""}],"twitter_card":"summary_large_image","twitter_misc":{"Dur\u00e9e de lecture estim\u00e9e":"1 minute"},"schema":{"@context":"https:\/\/schema.org","@graph":[{"@type":"WebPage","@id":"https:\/\/wordpress.callac.online\/index.php\/numerique\/arduino\/la-communication-infrarouge\/utilisation-dune-telecommande\/","url":"https:\/\/wordpress.callac.online\/index.php\/numerique\/arduino\/la-communication-infrarouge\/utilisation-dune-telecommande\/","name":"Utilisation d'une t\u00e9l\u00e9commande - Maths &amp; Num\u00e9rique","isPartOf":{"@id":"https:\/\/wordpress.callac.online\/#website"},"primaryImageOfPage":{"@id":"https:\/\/wordpress.callac.online\/index.php\/numerique\/arduino\/la-communication-infrarouge\/utilisation-dune-telecommande\/#primaryimage"},"image":{"@id":"https:\/\/wordpress.callac.online\/index.php\/numerique\/arduino\/la-communication-infrarouge\/utilisation-dune-telecommande\/#primaryimage"},"thumbnailUrl":"http:\/\/wordpress.callac.online\/wp-content\/uploads\/2013\/11\/png_kit_IR.png","datePublished":"2013-11-09T11:09:51+00:00","dateModified":"2022-01-05T21:41:57+00:00","breadcrumb":{"@id":"https:\/\/wordpress.callac.online\/index.php\/numerique\/arduino\/la-communication-infrarouge\/utilisation-dune-telecommande\/#breadcrumb"},"inLanguage":"fr-FR","potentialAction":[{"@type":"ReadAction","target":["https:\/\/wordpress.callac.online\/index.php\/numerique\/arduino\/la-communication-infrarouge\/utilisation-dune-telecommande\/"]}]},{"@type":"ImageObject","inLanguage":"fr-FR","@id":"https:\/\/wordpress.callac.online\/index.php\/numerique\/arduino\/la-communication-infrarouge\/utilisation-dune-telecommande\/#primaryimage","url":"https:\/\/wordpress.callac.online\/wp-content\/uploads\/2013\/11\/png_kit_IR.png","contentUrl":"https:\/\/wordpress.callac.online\/wp-content\/uploads\/2013\/11\/png_kit_IR.png","width":527,"height":600,"caption":"kit IR"},{"@type":"BreadcrumbList","@id":"https:\/\/wordpress.callac.online\/index.php\/numerique\/arduino\/la-communication-infrarouge\/utilisation-dune-telecommande\/#breadcrumb","itemListElement":[{"@type":"ListItem","position":1,"name":"Accueil","item":"https:\/\/wordpress.callac.online\/"},{"@type":"ListItem","position":2,"name":"Num\u00e9rique","item":"https:\/\/wordpress.callac.online\/index.php\/numerique\/"},{"@type":"ListItem","position":3,"name":"Arduino","item":"https:\/\/wordpress.callac.online\/index.php\/numerique\/arduino\/"},{"@type":"ListItem","position":4,"name":"La communication infrarouge","item":"https:\/\/wordpress.callac.online\/index.php\/numerique\/arduino\/la-communication-infrarouge\/"},{"@type":"ListItem","position":5,"name":"Utilisation d&#8217;une t\u00e9l\u00e9commande"}]},{"@type":"WebSite","@id":"https:\/\/wordpress.callac.online\/#website","url":"https:\/\/wordpress.callac.online\/","name":"Maths & Num\u00e9rique","description":"Des outils pour les enseignants de math\u00e9matiques et de num\u00e9rique","publisher":{"@id":"https:\/\/wordpress.callac.online\/#\/schema\/person\/04061f1ca2c2c42039142a704be95940"},"potentialAction":[{"@type":"SearchAction","target":{"@type":"EntryPoint","urlTemplate":"https:\/\/wordpress.callac.online\/?s={search_term_string}"},"query-input":{"@type":"PropertyValueSpecification","valueRequired":true,"valueName":"search_term_string"}}],"inLanguage":"fr-FR"},{"@type":["Person","Organization"],"@id":"https:\/\/wordpress.callac.online\/#\/schema\/person\/04061f1ca2c2c42039142a704be95940","name":"dlefur","image":{"@type":"ImageObject","inLanguage":"fr-FR","@id":"https:\/\/wordpress.callac.online\/#\/schema\/person\/image\/","url":"https:\/\/secure.gravatar.com\/avatar\/4a9e17be136808c6597f28aa2b6c13126dab066fdc2198ff60090972c9b7fafc?s=96&d=mm&r=g","contentUrl":"https:\/\/secure.gravatar.com\/avatar\/4a9e17be136808c6597f28aa2b6c13126dab066fdc2198ff60090972c9b7fafc?s=96&d=mm&r=g","caption":"dlefur"},"logo":{"@id":"https:\/\/wordpress.callac.online\/#\/schema\/person\/image\/"},"description":"Enseignant de math\u00e9matiques Lyc\u00e9e Pasteur S\u00e3o Paulo","sameAs":["http:\/\/wordpress.callac.online"]}]}},"_links":{"self":[{"href":"https:\/\/wordpress.callac.online\/index.php\/wp-json\/wp\/v2\/pages\/263","targetHints":{"allow":["GET"]}}],"collection":[{"href":"https:\/\/wordpress.callac.online\/index.php\/wp-json\/wp\/v2\/pages"}],"about":[{"href":"https:\/\/wordpress.callac.online\/index.php\/wp-json\/wp\/v2\/types\/page"}],"author":[{"embeddable":true,"href":"https:\/\/wordpress.callac.online\/index.php\/wp-json\/wp\/v2\/users\/1"}],"replies":[{"embeddable":true,"href":"https:\/\/wordpress.callac.online\/index.php\/wp-json\/wp\/v2\/comments?post=263"}],"version-history":[{"count":3,"href":"https:\/\/wordpress.callac.online\/index.php\/wp-json\/wp\/v2\/pages\/263\/revisions"}],"predecessor-version":[{"id":2872,"href":"https:\/\/wordpress.callac.online\/index.php\/wp-json\/wp\/v2\/pages\/263\/revisions\/2872"}],"up":[{"embeddable":true,"href":"https:\/\/wordpress.callac.online\/index.php\/wp-json\/wp\/v2\/pages\/2548"}],"wp:attachment":[{"href":"https:\/\/wordpress.callac.online\/index.php\/wp-json\/wp\/v2\/media?parent=263"}],"curies":[{"name":"wp","href":"https:\/\/api.w.org\/{rel}","templated":true}]}}