{"id":2636,"date":"2020-07-30T14:58:02","date_gmt":"2020-07-30T12:58:02","guid":{"rendered":"http:\/\/wordpress.callac.online\/index.php\/python\/des-videos-sur-les-programmes-python-en-seconde\/"},"modified":"2022-01-05T22:41:54","modified_gmt":"2022-01-05T21:41:54","slug":"des-videos-sur-les-programmes-python-en-seconde","status":"publish","type":"page","link":"https:\/\/wordpress.callac.online\/index.php\/python\/des-ressources-python-pour-les-classes\/des-videos-sur-les-programmes-python-en-seconde\/","title":{"rendered":"Des vid\u00e9os sur les programmes Python en seconde"},"content":{"rendered":"\n<p>L\u2019essentiel des choses \u00e0 savoir sur Python au lyc\u00e9e est r\u00e9sum\u00e9\u00a0<a class=\"spip_out\" href=\"https:\/\/filedn.com\/lpKG7uY9hIHVel5exA5Ik80\/Bases_Python\/\" rel=\"external\">dans ce site<\/a>.<\/p>\n<p>Les vid\u00e9os ci-dessous, mis \u00e0 part les g\u00e9n\u00e9ralit\u00e9s, reprennent les programmes \u00e0 \u00e9tudier en classe de seconde.<\/p>\n<p><strong>G\u00e9n\u00e9ralit\u00e9s<\/strong><\/p>\n<ul class=\"spip\">\n<li><a href=\"https:\/\/filedn.com\/lpKG7uY9hIHVel5exA5Ik80\/1ere\/Vid%C3%A9os%20de%201ere\/Ch00%20%3A%20Python\/I)%20Pr%C3%A9sentation%20du%20site.mp4\">Pr\u00e9sentation du site<\/a><\/li>\n<li><a href=\"https:\/\/filedn.com\/lpKG7uY9hIHVel5exA5Ik80\/1ere\/Vid%C3%A9os%20de%201ere\/Ch00%20%3A%20Python\/II)%20L'arri%C3%A8re%20du%20d%C3%A9cor.mp4\">L\u2019arri\u00e8re du d\u00e9cor<\/a><\/li>\n<li><a href=\"https:\/\/filedn.com\/lpKG7uY9hIHVel5exA5Ik80\/1ere\/Vid%C3%A9os%20de%201ere\/Ch00%20%3A%20Python\/III)%20Boucle%20For.mp4\">La boucle For<\/a><\/li>\n<li><a href=\"https:\/\/filedn.com\/lpKG7uY9hIHVel5exA5Ik80\/1ere\/Vid%C3%A9os%20de%201ere\/Ch00%20%3A%20Python\/IV)%20Boucle%20While.mp4\">La boucle While<\/a><\/li>\n<\/ul>\n<p><strong>Arithm\u00e9tique<\/strong><\/p>\n<ul class=\"spip\">\n<li><a href=\"https:\/\/filedn.com\/lpKG7uY9hIHVel5exA5Ik80\/2nde\/Vid%C3%A9os%20de%202nde\/Ch01%20%3A%20Les%20nombres\/python_multiple.mp4\">Tester si a est un multiple de b<\/a><\/li>\n<li><a href=\"https:\/\/filedn.com\/lpKG7uY9hIHVel5exA5Ik80\/2nde\/Vid%C3%A9os%20de%202nde\/Ch03%20%3A%20Notion%20de%20vecteur\/python_premier.mp4\">Tester si un nombre a est premier<\/a><\/li>\n<li><a href=\"https:\/\/filedn.com\/lpKG7uY9hIHVel5exA5Ik80\/2nde\/Vid%C3%A9os%20de%202nde\/Ch04%20%3A%20%C3%89tude%20de%20fonctions\/python_multiple.mp4\">Plus petit multiple de a sup\u00e9rieur \u00e0 un nombre<\/a><\/li>\n<li><a href=\"https:\/\/filedn.com\/lpKG7uY9hIHVel5exA5Ik80\/2nde\/Vid%C3%A9os%20de%202nde\/Ch05%20%3A%20Proportions%2C%20%C3%A9volutions\/python_puissance.mp4\">D\u00e9terminer la premi\u00e8re puissance de a sup\u00e9rieure \u00e0 un nombre<\/a><\/li>\n<\/ul>\n<p><strong>Fonctions<\/strong><\/p>\n<ul class=\"spip\">\n<li><a href=\"https:\/\/filedn.com\/lpKG7uY9hIHVel5exA5Ik80\/2nde\/Vid%C3%A9os%20de%202nde\/Ch02%20%3A%20Notion%20de%20fonction\/python_images%2Ccourbe.mp4\">Calculs d\u2019images et courbe repr\u00e9sentative<\/a><\/li>\n<li><a href=\"https:\/\/filedn.com\/lpKG7uY9hIHVel5exA5Ik80\/2nde\/Vid%C3%A9os%20de%202nde\/Ch07%20%3A%20Fonctions%20affines\/python_morceaux.mp4\">Fonction d\u00e9finie par morceaux<\/a><\/li>\n<li><a href=\"https:\/\/filedn.com\/lpKG7uY9hIHVel5exA5Ik80\/2nde\/Vid%C3%A9os%20de%202nde\/Ch10%20%3A%20Fonctions%20carr%C3%A9e%20et%20racine%20carr%C3%A9e\/python_racine2.mp4\">Encadrement de racine de 2<\/a><\/li>\n<\/ul>\n<p><strong>Probabilit\u00e9s, statistiques, pourcentages<\/strong><\/p>\n<ul class=\"spip\">\n<li><a href=\"https:\/\/filedn.com\/lpKG7uY9hIHVel5exA5Ik80\/2nde\/Vid%C3%A9os%20de%202nde\/Ch05%20%3A%20Proportions%2C%20%C3%A9volutions\/python_evolution.mp4\">\u00c9volutions, CM<\/a><\/li>\n<li><a href=\"https:\/\/filedn.com\/lpKG7uY9hIHVel5exA5Ik80\/2nde\/Vid%C3%A9os%20de%202nde\/Ch08%20%3A%20Statistiques\/python_listes.mp4\">Utilisation des listes<\/a><\/li>\n<li><a href=\"https:\/\/filedn.com\/lpKG7uY9hIHVel5exA5Ik80\/2nde\/Vid%C3%A9os%20de%202nde\/Ch08%20%3A%20Statistiques\/python_moyenne_ecart-type.mp4\">Moyenne et \u00e9cart type<\/a><\/li>\n<li><a href=\"https:\/\/filedn.com\/lpKG7uY9hIHVel5exA5Ik80\/2nde\/Vid%C3%A9os%20de%202nde\/Ch08%20%3A%20Statistiques\/python_m%C3%A9diane_quartiles.mp4\">M\u00e9diane et quartiles<\/a><\/li>\n<li><a href=\"https:\/\/filedn.com\/lpKG7uY9hIHVel5exA5Ik80\/2nde\/Vid%C3%A9os%20de%202nde\/Ch11%20%3A%20Probabilit%C3%A9s\/python_randint_random.mp4\">Fonctions randint et random<\/a><\/li>\n<li><a href=\"https:\/\/filedn.com\/lpKG7uY9hIHVel5exA5Ik80\/2nde\/Vid%C3%A9os%20de%202nde\/Ch11%20%3A%20Probabilit%C3%A9s\/python_choice.mp4\">Fonction choice<\/a><\/li>\n<li><a href=\"https:\/\/filedn.com\/lpKG7uY9hIHVel5exA5Ik80\/2nde\/Vid%C3%A9os%20de%202nde\/Ch13%20%3A%20%C3%89chantillonnage\/python_de.mp4\">Simulation du jeu de d\u00e9<\/a><\/li>\n<li><a href=\"https:\/\/filedn.com\/lpKG7uY9hIHVel5exA5Ik80\/2nde\/Vid%C3%A9os%20de%202nde\/Ch13%20%3A%20%C3%89chantillonnage\/python_pile_face.mp4\">Simulation du pile ou face<\/a><\/li>\n<li><a href=\"https:\/\/filedn.com\/lpKG7uY9hIHVel5exA5Ik80\/2nde\/Vid%C3%A9os%20de%202nde\/Ch13%20%3A%20%C3%89chantillonnage\/python_urne.mp4\">Simulation du tirage dans une urne<\/a><\/li>\n<\/ul>\n<p><strong>G\u00e9om\u00e9trie rep\u00e9r\u00e9e<\/strong><\/p>\n<ul class=\"spip\">\n<li><a href=\"https:\/\/filedn.com\/lpKG7uY9hIHVel5exA5Ik80\/2nde\/Vid%C3%A9os%20de%202nde\/Ch06%20%3A%20Rep%C3%A9rage%2C%20configurations%20planes\/python_distance_milieu_vecteur.mp4\">Distance, milieu, vecteur<\/a><\/li>\n<li><a href=\"https:\/\/filedn.com\/lpKG7uY9hIHVel5exA5Ik80\/2nde\/Vid%C3%A9os%20de%202nde\/Ch09%20%3A%20Colin%C3%A9arit%C3%A9\/python_determinant.mp4\">D\u00e9terminant, colin\u00e9arit\u00e9<\/a><\/li>\n<li><a href=\"https:\/\/filedn.com\/lpKG7uY9hIHVel5exA5Ik80\/2nde\/Vid%C3%A9os%20de%202nde\/Ch12%20%3A%20Droites\/python_alignement.mp4\">Tester l\u2019alignement de 3 points<\/a><\/li>\n<li><a href=\"https:\/\/filedn.com\/lpKG7uY9hIHVel5exA5Ik80\/2nde\/Vid%C3%A9os%20de%202nde\/Ch12%20%3A%20Droites\/python_equation.mp4\">\u00c9quation r\u00e9duite d\u2019une droite<\/a><\/li>\n<\/ul>\n","protected":false},"excerpt":{"rendered":"<p>L\u2019essentiel des choses \u00e0 savoir sur Python au lyc\u00e9e est r\u00e9sum\u00e9\u00a0dans ce site. Les vid\u00e9os ci-dessous, mis \u00e0 part les g\u00e9n\u00e9ralit\u00e9s, reprennent les programmes \u00e0 \u00e9tudier en classe de seconde.&hellip;<\/p>\n","protected":false},"author":1,"featured_media":0,"parent":2642,"menu_order":1,"comment_status":"closed","ping_status":"closed","template":"","meta":{"footnotes":""},"class_list":["post-2636","page","type-page","status-publish","hentry"],"yoast_head":"<!-- This site is optimized with the Yoast SEO plugin v27.1.1 - https:\/\/yoast.com\/product\/yoast-seo-wordpress\/ -->\n<title>Des vid\u00e9os sur les programmes Python en seconde - Maths &amp; Num\u00e9rique<\/title>\n<meta name=\"robots\" content=\"index, follow, max-snippet:-1, max-image-preview:large, max-video-preview:-1\" \/>\n<link rel=\"canonical\" href=\"https:\/\/wordpress.callac.online\/index.php\/python\/des-ressources-python-pour-les-classes\/des-videos-sur-les-programmes-python-en-seconde\/\" \/>\n<meta property=\"og:locale\" content=\"fr_FR\" \/>\n<meta property=\"og:type\" content=\"article\" \/>\n<meta property=\"og:title\" content=\"Des vid\u00e9os sur les programmes Python en seconde - Maths &amp; Num\u00e9rique\" \/>\n<meta property=\"og:description\" content=\"L\u2019essentiel des choses \u00e0 savoir sur Python au lyc\u00e9e est r\u00e9sum\u00e9\u00a0dans ce site. Les vid\u00e9os ci-dessous, mis \u00e0 part les g\u00e9n\u00e9ralit\u00e9s, reprennent les programmes \u00e0 \u00e9tudier en classe de seconde.&hellip;\" \/>\n<meta property=\"og:url\" content=\"https:\/\/wordpress.callac.online\/index.php\/python\/des-ressources-python-pour-les-classes\/des-videos-sur-les-programmes-python-en-seconde\/\" \/>\n<meta property=\"og:site_name\" content=\"Maths &amp; Num\u00e9rique\" \/>\n<meta property=\"article:modified_time\" content=\"2022-01-05T21:41:54+00:00\" \/>\n<meta name=\"twitter:card\" content=\"summary_large_image\" \/>\n<meta name=\"twitter:label1\" content=\"Dur\u00e9e de lecture estim\u00e9e\" \/>\n\t<meta name=\"twitter:data1\" content=\"1 minute\" \/>\n<script type=\"application\/ld+json\" class=\"yoast-schema-graph\">{\"@context\":\"https:\/\/schema.org\",\"@graph\":[{\"@type\":\"WebPage\",\"@id\":\"https:\/\/wordpress.callac.online\/index.php\/python\/des-ressources-python-pour-les-classes\/des-videos-sur-les-programmes-python-en-seconde\/\",\"url\":\"https:\/\/wordpress.callac.online\/index.php\/python\/des-ressources-python-pour-les-classes\/des-videos-sur-les-programmes-python-en-seconde\/\",\"name\":\"Des vid\u00e9os sur les programmes Python en seconde - Maths &amp; Num\u00e9rique\",\"isPartOf\":{\"@id\":\"https:\/\/wordpress.callac.online\/#website\"},\"datePublished\":\"2020-07-30T12:58:02+00:00\",\"dateModified\":\"2022-01-05T21:41:54+00:00\",\"breadcrumb\":{\"@id\":\"https:\/\/wordpress.callac.online\/index.php\/python\/des-ressources-python-pour-les-classes\/des-videos-sur-les-programmes-python-en-seconde\/#breadcrumb\"},\"inLanguage\":\"fr-FR\",\"potentialAction\":[{\"@type\":\"ReadAction\",\"target\":[\"https:\/\/wordpress.callac.online\/index.php\/python\/des-ressources-python-pour-les-classes\/des-videos-sur-les-programmes-python-en-seconde\/\"]}]},{\"@type\":\"BreadcrumbList\",\"@id\":\"https:\/\/wordpress.callac.online\/index.php\/python\/des-ressources-python-pour-les-classes\/des-videos-sur-les-programmes-python-en-seconde\/#breadcrumb\",\"itemListElement\":[{\"@type\":\"ListItem\",\"position\":1,\"name\":\"Accueil\",\"item\":\"https:\/\/wordpress.callac.online\/\"},{\"@type\":\"ListItem\",\"position\":2,\"name\":\"Python\",\"item\":\"https:\/\/wordpress.callac.online\/index.php\/python\/\"},{\"@type\":\"ListItem\",\"position\":3,\"name\":\"Des ressources Python pour les classes\",\"item\":\"https:\/\/wordpress.callac.online\/index.php\/python\/des-ressources-python-pour-les-classes\/\"},{\"@type\":\"ListItem\",\"position\":4,\"name\":\"Des vid\u00e9os sur les programmes Python en seconde\"}]},{\"@type\":\"WebSite\",\"@id\":\"https:\/\/wordpress.callac.online\/#website\",\"url\":\"https:\/\/wordpress.callac.online\/\",\"name\":\"Maths & Num\u00e9rique\",\"description\":\"Des outils pour les enseignants de math\u00e9matiques et de num\u00e9rique\",\"publisher\":{\"@id\":\"https:\/\/wordpress.callac.online\/#\/schema\/person\/04061f1ca2c2c42039142a704be95940\"},\"potentialAction\":[{\"@type\":\"SearchAction\",\"target\":{\"@type\":\"EntryPoint\",\"urlTemplate\":\"https:\/\/wordpress.callac.online\/?s={search_term_string}\"},\"query-input\":{\"@type\":\"PropertyValueSpecification\",\"valueRequired\":true,\"valueName\":\"search_term_string\"}}],\"inLanguage\":\"fr-FR\"},{\"@type\":[\"Person\",\"Organization\"],\"@id\":\"https:\/\/wordpress.callac.online\/#\/schema\/person\/04061f1ca2c2c42039142a704be95940\",\"name\":\"dlefur\",\"image\":{\"@type\":\"ImageObject\",\"inLanguage\":\"fr-FR\",\"@id\":\"https:\/\/wordpress.callac.online\/#\/schema\/person\/image\/\",\"url\":\"https:\/\/secure.gravatar.com\/avatar\/4a9e17be136808c6597f28aa2b6c13126dab066fdc2198ff60090972c9b7fafc?s=96&d=mm&r=g\",\"contentUrl\":\"https:\/\/secure.gravatar.com\/avatar\/4a9e17be136808c6597f28aa2b6c13126dab066fdc2198ff60090972c9b7fafc?s=96&d=mm&r=g\",\"caption\":\"dlefur\"},\"logo\":{\"@id\":\"https:\/\/wordpress.callac.online\/#\/schema\/person\/image\/\"},\"description\":\"Enseignant de math\u00e9matiques Lyc\u00e9e Pasteur S\u00e3o Paulo\",\"sameAs\":[\"http:\/\/wordpress.callac.online\"]}]}<\/script>\n<!-- \/ Yoast SEO plugin. -->","yoast_head_json":{"title":"Des vid\u00e9os sur les programmes Python en seconde - Maths &amp; Num\u00e9rique","robots":{"index":"index","follow":"follow","max-snippet":"max-snippet:-1","max-image-preview":"max-image-preview:large","max-video-preview":"max-video-preview:-1"},"canonical":"https:\/\/wordpress.callac.online\/index.php\/python\/des-ressources-python-pour-les-classes\/des-videos-sur-les-programmes-python-en-seconde\/","og_locale":"fr_FR","og_type":"article","og_title":"Des vid\u00e9os sur les programmes Python en seconde - Maths &amp; Num\u00e9rique","og_description":"L\u2019essentiel des choses \u00e0 savoir sur Python au lyc\u00e9e est r\u00e9sum\u00e9\u00a0dans ce site. Les vid\u00e9os ci-dessous, mis \u00e0 part les g\u00e9n\u00e9ralit\u00e9s, reprennent les programmes \u00e0 \u00e9tudier en classe de seconde.&hellip;","og_url":"https:\/\/wordpress.callac.online\/index.php\/python\/des-ressources-python-pour-les-classes\/des-videos-sur-les-programmes-python-en-seconde\/","og_site_name":"Maths &amp; Num\u00e9rique","article_modified_time":"2022-01-05T21:41:54+00:00","twitter_card":"summary_large_image","twitter_misc":{"Dur\u00e9e de lecture estim\u00e9e":"1 minute"},"schema":{"@context":"https:\/\/schema.org","@graph":[{"@type":"WebPage","@id":"https:\/\/wordpress.callac.online\/index.php\/python\/des-ressources-python-pour-les-classes\/des-videos-sur-les-programmes-python-en-seconde\/","url":"https:\/\/wordpress.callac.online\/index.php\/python\/des-ressources-python-pour-les-classes\/des-videos-sur-les-programmes-python-en-seconde\/","name":"Des vid\u00e9os sur les programmes Python en seconde - Maths &amp; Num\u00e9rique","isPartOf":{"@id":"https:\/\/wordpress.callac.online\/#website"},"datePublished":"2020-07-30T12:58:02+00:00","dateModified":"2022-01-05T21:41:54+00:00","breadcrumb":{"@id":"https:\/\/wordpress.callac.online\/index.php\/python\/des-ressources-python-pour-les-classes\/des-videos-sur-les-programmes-python-en-seconde\/#breadcrumb"},"inLanguage":"fr-FR","potentialAction":[{"@type":"ReadAction","target":["https:\/\/wordpress.callac.online\/index.php\/python\/des-ressources-python-pour-les-classes\/des-videos-sur-les-programmes-python-en-seconde\/"]}]},{"@type":"BreadcrumbList","@id":"https:\/\/wordpress.callac.online\/index.php\/python\/des-ressources-python-pour-les-classes\/des-videos-sur-les-programmes-python-en-seconde\/#breadcrumb","itemListElement":[{"@type":"ListItem","position":1,"name":"Accueil","item":"https:\/\/wordpress.callac.online\/"},{"@type":"ListItem","position":2,"name":"Python","item":"https:\/\/wordpress.callac.online\/index.php\/python\/"},{"@type":"ListItem","position":3,"name":"Des ressources Python pour les classes","item":"https:\/\/wordpress.callac.online\/index.php\/python\/des-ressources-python-pour-les-classes\/"},{"@type":"ListItem","position":4,"name":"Des vid\u00e9os sur les programmes Python en seconde"}]},{"@type":"WebSite","@id":"https:\/\/wordpress.callac.online\/#website","url":"https:\/\/wordpress.callac.online\/","name":"Maths & Num\u00e9rique","description":"Des outils pour les enseignants de math\u00e9matiques et de num\u00e9rique","publisher":{"@id":"https:\/\/wordpress.callac.online\/#\/schema\/person\/04061f1ca2c2c42039142a704be95940"},"potentialAction":[{"@type":"SearchAction","target":{"@type":"EntryPoint","urlTemplate":"https:\/\/wordpress.callac.online\/?s={search_term_string}"},"query-input":{"@type":"PropertyValueSpecification","valueRequired":true,"valueName":"search_term_string"}}],"inLanguage":"fr-FR"},{"@type":["Person","Organization"],"@id":"https:\/\/wordpress.callac.online\/#\/schema\/person\/04061f1ca2c2c42039142a704be95940","name":"dlefur","image":{"@type":"ImageObject","inLanguage":"fr-FR","@id":"https:\/\/wordpress.callac.online\/#\/schema\/person\/image\/","url":"https:\/\/secure.gravatar.com\/avatar\/4a9e17be136808c6597f28aa2b6c13126dab066fdc2198ff60090972c9b7fafc?s=96&d=mm&r=g","contentUrl":"https:\/\/secure.gravatar.com\/avatar\/4a9e17be136808c6597f28aa2b6c13126dab066fdc2198ff60090972c9b7fafc?s=96&d=mm&r=g","caption":"dlefur"},"logo":{"@id":"https:\/\/wordpress.callac.online\/#\/schema\/person\/image\/"},"description":"Enseignant de math\u00e9matiques Lyc\u00e9e Pasteur S\u00e3o Paulo","sameAs":["http:\/\/wordpress.callac.online"]}]}},"_links":{"self":[{"href":"https:\/\/wordpress.callac.online\/index.php\/wp-json\/wp\/v2\/pages\/2636","targetHints":{"allow":["GET"]}}],"collection":[{"href":"https:\/\/wordpress.callac.online\/index.php\/wp-json\/wp\/v2\/pages"}],"about":[{"href":"https:\/\/wordpress.callac.online\/index.php\/wp-json\/wp\/v2\/types\/page"}],"author":[{"embeddable":true,"href":"https:\/\/wordpress.callac.online\/index.php\/wp-json\/wp\/v2\/users\/1"}],"replies":[{"embeddable":true,"href":"https:\/\/wordpress.callac.online\/index.php\/wp-json\/wp\/v2\/comments?post=2636"}],"version-history":[{"count":1,"href":"https:\/\/wordpress.callac.online\/index.php\/wp-json\/wp\/v2\/pages\/2636\/revisions"}],"predecessor-version":[{"id":2638,"href":"https:\/\/wordpress.callac.online\/index.php\/wp-json\/wp\/v2\/pages\/2636\/revisions\/2638"}],"up":[{"embeddable":true,"href":"https:\/\/wordpress.callac.online\/index.php\/wp-json\/wp\/v2\/pages\/2642"}],"wp:attachment":[{"href":"https:\/\/wordpress.callac.online\/index.php\/wp-json\/wp\/v2\/media?parent=2636"}],"curies":[{"name":"wp","href":"https:\/\/api.w.org\/{rel}","templated":true}]}}