{"id":2639,"date":"2020-07-30T15:00:45","date_gmt":"2020-07-30T13:00:45","guid":{"rendered":"http:\/\/wordpress.callac.online\/index.php\/python\/des-vides-sur-les-programme-python-en-premiere-specialite-maths\/"},"modified":"2022-01-05T22:41:54","modified_gmt":"2022-01-05T21:41:54","slug":"des-vides-sur-les-programme-python-en-premiere-specialite-maths","status":"publish","type":"page","link":"https:\/\/wordpress.callac.online\/index.php\/python\/des-ressources-python-pour-les-classes\/des-vides-sur-les-programme-python-en-premiere-specialite-maths\/","title":{"rendered":"Des vid\u00e9os sur les programme Python en premi\u00e8re Sp\u00e9cialit\u00e9 maths"},"content":{"rendered":"\n<p>L\u2019essentiel des choses \u00e0 savoir sur Python au lyc\u00e9e est r\u00e9sum\u00e9\u00a0<a class=\"spip_out\" href=\"https:\/\/filedn.com\/lpKG7uY9hIHVel5exA5Ik80\/Bases_Python\/\" rel=\"external\">dans ce site<\/a>.<\/p>\n<p>Les vid\u00e9os ci-dessous, mis \u00e0 part les g\u00e9n\u00e9ralit\u00e9s, reprennent les programmes \u00e0 \u00e9tudier en classe de premi\u00e8re, sp\u00e9cialit\u00e9 maths.<\/p>\n<p><strong>G\u00e9n\u00e9ralit\u00e9s<\/strong><\/p>\n<ul class=\"spip\">\n<li><a href=\"https:\/\/filedn.com\/lpKG7uY9hIHVel5exA5Ik80\/1ere\/Vid%C3%A9os%20de%201ere\/Ch00%20%3A%20Python\/I)%20Pr%C3%A9sentation%20du%20site.mp4\">Pr\u00e9sentation du site<\/a><\/li>\n<li><a href=\"https:\/\/filedn.com\/lpKG7uY9hIHVel5exA5Ik80\/1ere\/Vid%C3%A9os%20de%201ere\/Ch00%20%3A%20Python\/II)%20L'arri%C3%A8re%20du%20d%C3%A9cor.mp4\">L\u2019arri\u00e8re du d\u00e9cor<\/a><\/li>\n<li><a href=\"https:\/\/filedn.com\/lpKG7uY9hIHVel5exA5Ik80\/1ere\/Vid%C3%A9os%20de%201ere\/Ch00%20%3A%20Python\/III)%20Boucle%20For.mp4\">La boucle For<\/a><\/li>\n<li><a href=\"https:\/\/filedn.com\/lpKG7uY9hIHVel5exA5Ik80\/1ere\/Vid%C3%A9os%20de%201ere\/Ch00%20%3A%20Python\/IV)%20Boucle%20While.mp4\">La boucle While<\/a><\/li>\n<\/ul>\n<p><strong>Les suites<\/strong><\/p>\n<ul class=\"spip\">\n<li><a href=\"https:\/\/filedn.com\/lpKG7uY9hIHVel5exA5Ik80\/1ere\/Vid%C3%A9os%20de%201ere\/Ch03%20%3A%20les%20suites%20num%C3%A9riques\/Python%20%3A%20terme%20g%C3%A9n%C3%A9ral.mp4\">Suite d\u00e9finie par son terme g\u00e9n\u00e9ral<\/a><\/li>\n<li><a href=\"https:\/\/filedn.com\/lpKG7uY9hIHVel5exA5Ik80\/1ere\/Vid%C3%A9os%20de%201ere\/Ch03%20%3A%20les%20suites%20num%C3%A9riques\/Python%20%3A%20r%C3%A9currence.mp4\">Suite d\u00e9finie par r\u00e9currence<\/a><\/li>\n<li><a href=\"https:\/\/filedn.com\/lpKG7uY9hIHVel5exA5Ik80\/1ere\/Vid%C3%A9os%20de%201ere\/Ch03%20%3A%20les%20suites%20num%C3%A9riques\/Python%20%3A%20condition.mp4\">Les suites et les conditions<\/a><\/li>\n<li><a href=\"https:\/\/filedn.com\/lpKG7uY9hIHVel5exA5Ik80\/1ere\/Vid%C3%A9os%20de%201ere\/Ch03%20%3A%20les%20suites%20num%C3%A9riques\/Python%20%3A%20r%C3%A9cursivit%C3%A9.mp4\">La r\u00e9cursivit\u00e9<\/a><\/li>\n<li><a href=\"https:\/\/filedn.com\/lpKG7uY9hIHVel5exA5Ik80\/1ere\/Vid%C3%A9os%20de%201ere\/Ch04%20%3A%20Trigonom%C3%A9trie\/python_factoriel.mp4\">La fonction factoriel<\/a><\/li>\n<li><a href=\"https:\/\/filedn.com\/lpKG7uY9hIHVel5exA5Ik80\/1ere\/Vid%C3%A9os%20de%201ere\/Ch12%20%3A%20Fonctions%20trigonom%C3%A9triques\/python_fibonacci.mp4\">La suite de Fibonacci<\/a><\/li>\n<li><a href=\"https:\/\/filedn.com\/lpKG7uY9hIHVel5exA5Ik80\/1ere\/Vid%C3%A9os%20de%201ere\/Ch12%20%3A%20Fonctions%20trigonom%C3%A9triques\/python_syracuse.mp4\">La suite de Syracuse<\/a><\/li>\n<\/ul>\n<p><strong>Fonctions<\/strong><\/p>\n<ul class=\"spip\">\n<li><a href=\"https:\/\/filedn.com\/lpKG7uY9hIHVel5exA5Ik80\/1ere\/Vid%C3%A9os%20de%201ere\/Ch01%20%3A%20Fonctions\/python_images%2Ccourbe.mp4\">Calcul d\u2019images, courbe repr\u00e9sentative<\/a><\/li>\n<li><a href=\"https:\/\/filedn.com\/lpKG7uY9hIHVel5exA5Ik80\/1ere\/Vid%C3%A9os%20de%201ere\/Ch02%20%3A%20%C3%89quations%2C%20in%C3%A9quations\/python_ax2%2Bbx%2Bb%3D0.mp4\">R\u00e9solution d\u2019une \u00e9quation du second degr\u00e9<\/a><\/li>\n<li><a href=\"https:\/\/filedn.com\/lpKG7uY9hIHVel5exA5Ik80\/1ere\/Vid%C3%A9os%20de%201ere\/Ch06%20%3A%20Introduction%20%C3%A0%20la%20d%C3%A9rivation\/python_coef_dir.mp4\">Liste des coefficients directeurs de la droite (AM)<\/a><\/li>\n<li><a href=\"https:\/\/filedn.com\/lpKG7uY9hIHVel5exA5Ik80\/1ere\/Vid%C3%A9os%20de%201ere\/Ch08%20%3A%20Application%20de%20la%20d%C3%A9rivation\/M%C3%A9thode%20de%20Newton.mp4\">Pr\u00e9sentation de la m\u00e9thode de Newton<\/a><\/li>\n<li><a href=\"https:\/\/filedn.com\/lpKG7uY9hIHVel5exA5Ik80\/1ere\/Vid%C3%A9os%20de%201ere\/Ch08%20%3A%20Application%20de%20la%20d%C3%A9rivation\/Python_newton.mp4\">M\u00e9thode de Newton<\/a><\/li>\n<li><a href=\"https:\/\/filedn.com\/lpKG7uY9hIHVel5exA5Ik80\/1ere\/Vid%C3%A9os%20de%201ere\/Ch10%20%3A%20Fonction%20exponentielle\/python_approximation.mp4\">Approximation de e<\/a><\/li>\n<li><a href=\"https:\/\/filedn.com\/lpKG7uY9hIHVel5exA5Ik80\/1ere\/Vid%C3%A9os%20de%201ere\/Ch10%20%3A%20Fonction%20exponentielle\/python_euler.mp4\">M\u00e9thode d\u2019Euler<\/a><\/li>\n<\/ul>\n<p><strong>Approximations de Pi<\/strong><\/p>\n<ul class=\"spip\">\n<li><a href=\"https:\/\/filedn.com\/lpKG7uY9hIHVel5exA5Ik80\/1ere\/Vid%C3%A9os%20de%201ere\/Ch07%20%3A%20Produit%20scalaire\/pi_archim%C3%A8de.mp4\">Pr\u00e9sentation de la m\u00e9thode d\u2019Archim\u00e8de<\/a><\/li>\n<li><a href=\"https:\/\/filedn.com\/lpKG7uY9hIHVel5exA5Ik80\/1ere\/Vid%C3%A9os%20de%201ere\/Ch07%20%3A%20Produit%20scalaire\/python_archim%C3%A8de.mp4\">M\u00e9thode d\u2019Archim\u00e8de<\/a><\/li>\n<li><a href=\"https:\/\/filedn.com\/lpKG7uY9hIHVel5exA5Ik80\/1ere\/Vid%C3%A9os%20de%201ere\/Ch07%20%3A%20Produit%20scalaire\/pi_montecarlo.mp4\">Pr\u00e9sentation de la m\u00e9thode de Monte Carlo<\/a><\/li>\n<li><a href=\"https:\/\/filedn.com\/lpKG7uY9hIHVel5exA5Ik80\/1ere\/Vid%C3%A9os%20de%201ere\/Ch07%20%3A%20Produit%20scalaire\/python_montecarlo.mp4\">M\u00e9thode de Monte Carlo<\/a><\/li>\n<\/ul>\n<p><strong>G\u00e9om\u00e9trie rep\u00e9r\u00e9e<\/strong><\/p>\n<ul class=\"spip\">\n<li><a href=\"https:\/\/filedn.com\/lpKG7uY9hIHVel5exA5Ik80\/1ere\/Vid%C3%A9os%20de%201ere\/Ch07%20%3A%20Produit%20scalaire\/python_repere.mp4\">Distance, milieu, vecteur, produit scalaire<\/a><\/li>\n<\/ul>\n<p><strong>Probabilit\u00e9s, statistiques<\/strong><\/p>\n<ul class=\"spip\">\n<li><a href=\"https:\/\/filedn.com\/lpKG7uY9hIHVel5exA5Ik80\/1ere\/Vid%C3%A9os%20de%201ere\/Ch05%20%3A%20Probabilit%C3%A9s%20conditionnelles\/python_montecarlo1.mp4\">Aire sous la courbe par la m\u00e9thode de Monte Carlo (sans graphique)<\/a><\/li>\n<li><a href=\"https:\/\/filedn.com\/lpKG7uY9hIHVel5exA5Ik80\/1ere\/Vid%C3%A9os%20de%201ere\/Ch05%20%3A%20Probabilit%C3%A9s%20conditionnelles\/python_montecarlo2.mp4\">Aire sous la courbe par la m\u00e9thode de Monte Carlo (avec graphique)<\/a><\/li>\n<li><a href=\"https:\/\/filedn.com\/lpKG7uY9hIHVel5exA5Ik80\/1ere\/Vid%C3%A9os%20de%201ere\/Ch09%20%3A%20Variables%20al%C3%A9atoires\/python_esperance.mp4\">Esp\u00e9rance, variance et \u00e9cart-type<\/a><\/li>\n<li><a href=\"https:\/\/filedn.com\/lpKG7uY9hIHVel5exA5Ik80\/1ere\/Vid%C3%A9os%20de%201ere\/Ch11%20%3A%20G%C3%A9om%C3%A9trie%20rep%C3%A9r%C3%A9e\/python_frequence.mp4\">Fr\u00e9quence d\u2019apparition d\u2019une lettre dans un texte<\/a><\/li>\n<\/ul>\n","protected":false},"excerpt":{"rendered":"<p>L\u2019essentiel des choses \u00e0 savoir sur Python au lyc\u00e9e est r\u00e9sum\u00e9\u00a0dans ce site. Les vid\u00e9os ci-dessous, mis \u00e0 part les g\u00e9n\u00e9ralit\u00e9s, reprennent les programmes \u00e0 \u00e9tudier en classe de premi\u00e8re,&hellip;<\/p>\n","protected":false},"author":1,"featured_media":0,"parent":2642,"menu_order":2,"comment_status":"closed","ping_status":"closed","template":"","meta":{"footnotes":""},"class_list":["post-2639","page","type-page","status-publish","hentry"],"yoast_head":"<!-- This site is optimized with the Yoast SEO plugin v27.1.1 - https:\/\/yoast.com\/product\/yoast-seo-wordpress\/ -->\n<title>Des vid\u00e9os sur les programme Python en premi\u00e8re Sp\u00e9cialit\u00e9 maths - Maths &amp; Num\u00e9rique<\/title>\n<meta name=\"robots\" content=\"index, follow, max-snippet:-1, max-image-preview:large, max-video-preview:-1\" \/>\n<link rel=\"canonical\" href=\"https:\/\/wordpress.callac.online\/index.php\/python\/des-ressources-python-pour-les-classes\/des-vides-sur-les-programme-python-en-premiere-specialite-maths\/\" \/>\n<meta property=\"og:locale\" content=\"fr_FR\" \/>\n<meta property=\"og:type\" content=\"article\" \/>\n<meta property=\"og:title\" content=\"Des vid\u00e9os sur les programme Python en premi\u00e8re Sp\u00e9cialit\u00e9 maths - Maths &amp; Num\u00e9rique\" \/>\n<meta property=\"og:description\" content=\"L\u2019essentiel des choses \u00e0 savoir sur Python au lyc\u00e9e est r\u00e9sum\u00e9\u00a0dans ce site. Les vid\u00e9os ci-dessous, mis \u00e0 part les g\u00e9n\u00e9ralit\u00e9s, reprennent les programmes \u00e0 \u00e9tudier en classe de premi\u00e8re,&hellip;\" \/>\n<meta property=\"og:url\" content=\"https:\/\/wordpress.callac.online\/index.php\/python\/des-ressources-python-pour-les-classes\/des-vides-sur-les-programme-python-en-premiere-specialite-maths\/\" \/>\n<meta property=\"og:site_name\" content=\"Maths &amp; Num\u00e9rique\" \/>\n<meta property=\"article:modified_time\" content=\"2022-01-05T21:41:54+00:00\" \/>\n<meta name=\"twitter:card\" content=\"summary_large_image\" \/>\n<meta name=\"twitter:label1\" content=\"Dur\u00e9e de lecture estim\u00e9e\" \/>\n\t<meta name=\"twitter:data1\" content=\"1 minute\" \/>\n<script type=\"application\/ld+json\" class=\"yoast-schema-graph\">{\"@context\":\"https:\/\/schema.org\",\"@graph\":[{\"@type\":\"WebPage\",\"@id\":\"https:\/\/wordpress.callac.online\/index.php\/python\/des-ressources-python-pour-les-classes\/des-vides-sur-les-programme-python-en-premiere-specialite-maths\/\",\"url\":\"https:\/\/wordpress.callac.online\/index.php\/python\/des-ressources-python-pour-les-classes\/des-vides-sur-les-programme-python-en-premiere-specialite-maths\/\",\"name\":\"Des vid\u00e9os sur les programme Python en premi\u00e8re Sp\u00e9cialit\u00e9 maths - Maths &amp; Num\u00e9rique\",\"isPartOf\":{\"@id\":\"https:\/\/wordpress.callac.online\/#website\"},\"datePublished\":\"2020-07-30T13:00:45+00:00\",\"dateModified\":\"2022-01-05T21:41:54+00:00\",\"breadcrumb\":{\"@id\":\"https:\/\/wordpress.callac.online\/index.php\/python\/des-ressources-python-pour-les-classes\/des-vides-sur-les-programme-python-en-premiere-specialite-maths\/#breadcrumb\"},\"inLanguage\":\"fr-FR\",\"potentialAction\":[{\"@type\":\"ReadAction\",\"target\":[\"https:\/\/wordpress.callac.online\/index.php\/python\/des-ressources-python-pour-les-classes\/des-vides-sur-les-programme-python-en-premiere-specialite-maths\/\"]}]},{\"@type\":\"BreadcrumbList\",\"@id\":\"https:\/\/wordpress.callac.online\/index.php\/python\/des-ressources-python-pour-les-classes\/des-vides-sur-les-programme-python-en-premiere-specialite-maths\/#breadcrumb\",\"itemListElement\":[{\"@type\":\"ListItem\",\"position\":1,\"name\":\"Accueil\",\"item\":\"https:\/\/wordpress.callac.online\/\"},{\"@type\":\"ListItem\",\"position\":2,\"name\":\"Python\",\"item\":\"https:\/\/wordpress.callac.online\/index.php\/python\/\"},{\"@type\":\"ListItem\",\"position\":3,\"name\":\"Des ressources Python pour les classes\",\"item\":\"https:\/\/wordpress.callac.online\/index.php\/python\/des-ressources-python-pour-les-classes\/\"},{\"@type\":\"ListItem\",\"position\":4,\"name\":\"Des vid\u00e9os sur les programme Python en premi\u00e8re Sp\u00e9cialit\u00e9 maths\"}]},{\"@type\":\"WebSite\",\"@id\":\"https:\/\/wordpress.callac.online\/#website\",\"url\":\"https:\/\/wordpress.callac.online\/\",\"name\":\"Maths & Num\u00e9rique\",\"description\":\"Des outils pour les enseignants de math\u00e9matiques et de num\u00e9rique\",\"publisher\":{\"@id\":\"https:\/\/wordpress.callac.online\/#\/schema\/person\/04061f1ca2c2c42039142a704be95940\"},\"potentialAction\":[{\"@type\":\"SearchAction\",\"target\":{\"@type\":\"EntryPoint\",\"urlTemplate\":\"https:\/\/wordpress.callac.online\/?s={search_term_string}\"},\"query-input\":{\"@type\":\"PropertyValueSpecification\",\"valueRequired\":true,\"valueName\":\"search_term_string\"}}],\"inLanguage\":\"fr-FR\"},{\"@type\":[\"Person\",\"Organization\"],\"@id\":\"https:\/\/wordpress.callac.online\/#\/schema\/person\/04061f1ca2c2c42039142a704be95940\",\"name\":\"dlefur\",\"image\":{\"@type\":\"ImageObject\",\"inLanguage\":\"fr-FR\",\"@id\":\"https:\/\/wordpress.callac.online\/#\/schema\/person\/image\/\",\"url\":\"https:\/\/secure.gravatar.com\/avatar\/4a9e17be136808c6597f28aa2b6c13126dab066fdc2198ff60090972c9b7fafc?s=96&d=mm&r=g\",\"contentUrl\":\"https:\/\/secure.gravatar.com\/avatar\/4a9e17be136808c6597f28aa2b6c13126dab066fdc2198ff60090972c9b7fafc?s=96&d=mm&r=g\",\"caption\":\"dlefur\"},\"logo\":{\"@id\":\"https:\/\/wordpress.callac.online\/#\/schema\/person\/image\/\"},\"description\":\"Enseignant de math\u00e9matiques Lyc\u00e9e Pasteur S\u00e3o Paulo\",\"sameAs\":[\"http:\/\/wordpress.callac.online\"]}]}<\/script>\n<!-- \/ Yoast SEO plugin. -->","yoast_head_json":{"title":"Des vid\u00e9os sur les programme Python en premi\u00e8re Sp\u00e9cialit\u00e9 maths - Maths &amp; Num\u00e9rique","robots":{"index":"index","follow":"follow","max-snippet":"max-snippet:-1","max-image-preview":"max-image-preview:large","max-video-preview":"max-video-preview:-1"},"canonical":"https:\/\/wordpress.callac.online\/index.php\/python\/des-ressources-python-pour-les-classes\/des-vides-sur-les-programme-python-en-premiere-specialite-maths\/","og_locale":"fr_FR","og_type":"article","og_title":"Des vid\u00e9os sur les programme Python en premi\u00e8re Sp\u00e9cialit\u00e9 maths - Maths &amp; Num\u00e9rique","og_description":"L\u2019essentiel des choses \u00e0 savoir sur Python au lyc\u00e9e est r\u00e9sum\u00e9\u00a0dans ce site. Les vid\u00e9os ci-dessous, mis \u00e0 part les g\u00e9n\u00e9ralit\u00e9s, reprennent les programmes \u00e0 \u00e9tudier en classe de premi\u00e8re,&hellip;","og_url":"https:\/\/wordpress.callac.online\/index.php\/python\/des-ressources-python-pour-les-classes\/des-vides-sur-les-programme-python-en-premiere-specialite-maths\/","og_site_name":"Maths &amp; Num\u00e9rique","article_modified_time":"2022-01-05T21:41:54+00:00","twitter_card":"summary_large_image","twitter_misc":{"Dur\u00e9e de lecture estim\u00e9e":"1 minute"},"schema":{"@context":"https:\/\/schema.org","@graph":[{"@type":"WebPage","@id":"https:\/\/wordpress.callac.online\/index.php\/python\/des-ressources-python-pour-les-classes\/des-vides-sur-les-programme-python-en-premiere-specialite-maths\/","url":"https:\/\/wordpress.callac.online\/index.php\/python\/des-ressources-python-pour-les-classes\/des-vides-sur-les-programme-python-en-premiere-specialite-maths\/","name":"Des vid\u00e9os sur les programme Python en premi\u00e8re Sp\u00e9cialit\u00e9 maths - Maths &amp; Num\u00e9rique","isPartOf":{"@id":"https:\/\/wordpress.callac.online\/#website"},"datePublished":"2020-07-30T13:00:45+00:00","dateModified":"2022-01-05T21:41:54+00:00","breadcrumb":{"@id":"https:\/\/wordpress.callac.online\/index.php\/python\/des-ressources-python-pour-les-classes\/des-vides-sur-les-programme-python-en-premiere-specialite-maths\/#breadcrumb"},"inLanguage":"fr-FR","potentialAction":[{"@type":"ReadAction","target":["https:\/\/wordpress.callac.online\/index.php\/python\/des-ressources-python-pour-les-classes\/des-vides-sur-les-programme-python-en-premiere-specialite-maths\/"]}]},{"@type":"BreadcrumbList","@id":"https:\/\/wordpress.callac.online\/index.php\/python\/des-ressources-python-pour-les-classes\/des-vides-sur-les-programme-python-en-premiere-specialite-maths\/#breadcrumb","itemListElement":[{"@type":"ListItem","position":1,"name":"Accueil","item":"https:\/\/wordpress.callac.online\/"},{"@type":"ListItem","position":2,"name":"Python","item":"https:\/\/wordpress.callac.online\/index.php\/python\/"},{"@type":"ListItem","position":3,"name":"Des ressources Python pour les classes","item":"https:\/\/wordpress.callac.online\/index.php\/python\/des-ressources-python-pour-les-classes\/"},{"@type":"ListItem","position":4,"name":"Des vid\u00e9os sur les programme Python en premi\u00e8re Sp\u00e9cialit\u00e9 maths"}]},{"@type":"WebSite","@id":"https:\/\/wordpress.callac.online\/#website","url":"https:\/\/wordpress.callac.online\/","name":"Maths & Num\u00e9rique","description":"Des outils pour les enseignants de math\u00e9matiques et de num\u00e9rique","publisher":{"@id":"https:\/\/wordpress.callac.online\/#\/schema\/person\/04061f1ca2c2c42039142a704be95940"},"potentialAction":[{"@type":"SearchAction","target":{"@type":"EntryPoint","urlTemplate":"https:\/\/wordpress.callac.online\/?s={search_term_string}"},"query-input":{"@type":"PropertyValueSpecification","valueRequired":true,"valueName":"search_term_string"}}],"inLanguage":"fr-FR"},{"@type":["Person","Organization"],"@id":"https:\/\/wordpress.callac.online\/#\/schema\/person\/04061f1ca2c2c42039142a704be95940","name":"dlefur","image":{"@type":"ImageObject","inLanguage":"fr-FR","@id":"https:\/\/wordpress.callac.online\/#\/schema\/person\/image\/","url":"https:\/\/secure.gravatar.com\/avatar\/4a9e17be136808c6597f28aa2b6c13126dab066fdc2198ff60090972c9b7fafc?s=96&d=mm&r=g","contentUrl":"https:\/\/secure.gravatar.com\/avatar\/4a9e17be136808c6597f28aa2b6c13126dab066fdc2198ff60090972c9b7fafc?s=96&d=mm&r=g","caption":"dlefur"},"logo":{"@id":"https:\/\/wordpress.callac.online\/#\/schema\/person\/image\/"},"description":"Enseignant de math\u00e9matiques Lyc\u00e9e Pasteur S\u00e3o Paulo","sameAs":["http:\/\/wordpress.callac.online"]}]}},"_links":{"self":[{"href":"https:\/\/wordpress.callac.online\/index.php\/wp-json\/wp\/v2\/pages\/2639","targetHints":{"allow":["GET"]}}],"collection":[{"href":"https:\/\/wordpress.callac.online\/index.php\/wp-json\/wp\/v2\/pages"}],"about":[{"href":"https:\/\/wordpress.callac.online\/index.php\/wp-json\/wp\/v2\/types\/page"}],"author":[{"embeddable":true,"href":"https:\/\/wordpress.callac.online\/index.php\/wp-json\/wp\/v2\/users\/1"}],"replies":[{"embeddable":true,"href":"https:\/\/wordpress.callac.online\/index.php\/wp-json\/wp\/v2\/comments?post=2639"}],"version-history":[{"count":2,"href":"https:\/\/wordpress.callac.online\/index.php\/wp-json\/wp\/v2\/pages\/2639\/revisions"}],"predecessor-version":[{"id":3134,"href":"https:\/\/wordpress.callac.online\/index.php\/wp-json\/wp\/v2\/pages\/2639\/revisions\/3134"}],"up":[{"embeddable":true,"href":"https:\/\/wordpress.callac.online\/index.php\/wp-json\/wp\/v2\/pages\/2642"}],"wp:attachment":[{"href":"https:\/\/wordpress.callac.online\/index.php\/wp-json\/wp\/v2\/media?parent=2639"}],"curies":[{"name":"wp","href":"https:\/\/api.w.org\/{rel}","templated":true}]}}