{"id":2659,"date":"2020-07-30T16:18:00","date_gmt":"2020-07-30T14:18:12","guid":{"rendered":"http:\/\/wordpress.callac.online\/index.php\/mes-partages\/des-jeux-de-quiz-de-maths-pour-moodle-2\/"},"modified":"2023-10-14T20:12:00","modified_gmt":"2023-10-14T18:12:00","slug":"des-bases-de-quiz-de-maths-pour-moodle-lycee","status":"publish","type":"page","link":"https:\/\/wordpress.callac.online\/index.php\/mes-partages\/pour-le-lycee\/des-bases-de-quiz-de-maths-pour-moodle-lycee\/","title":{"rendered":"Des bases de quiz de maths pour Moodle au lyc\u00e9e"},"content":{"rendered":"<p>Voici des bases de quiz de maths (tests, questions rapides) utilisables directement avec Moodle par importation. ces bases sont organis\u00e9es par chapitre et ont \u00e9t\u00e9 cr\u00e9\u00e9 par le module <a href=\"https:\/\/cran.r-project.org\/web\/packages\/SARP.moodle\/index.html\" target=\"_blank\" rel=\"noopener\">SARP.Moodle<\/a> d&rsquo;Emmanuel Curis.<\/p>\n<p>L&rsquo;objectif est de fournir des milliers de questions qui permettent de laisser les \u00e9l\u00e8ves s&rsquo;entra\u00eener, en faisant et refaisant les m\u00eames types de questions.<\/p>\n<ul>\n<li><a href=\"https:\/\/filedn.com\/lpKG7uY9hIHVel5exA5Ik80\/Bases\/2nde\/\" target=\"_blank\" rel=\"noopener\">Niveau 2nde<\/a><\/li>\n<li><a href=\"https:\/\/filedn.com\/lpKG7uY9hIHVel5exA5Ik80\/Bases\/1ere\/\" target=\"_blank\" rel=\"noopener\">Niveau 1\u00e8re<\/a><\/li>\n<li><a href=\"https:\/\/filedn.com\/lpKG7uY9hIHVel5exA5Ik80\/Bases\/tmc\/\" target=\"_blank\" rel=\"noopener\">Niveau Maths compl\u00e9mentaires<\/a><\/li>\n<\/ul>\n\n\n<p><\/p>\n","protected":false},"excerpt":{"rendered":"<p>Voici des bases de quiz de maths (tests, questions rapides) utilisables directement avec Moodle par importation. ces bases sont organis\u00e9es par chapitre et ont \u00e9t\u00e9 cr\u00e9\u00e9 par le module SARP.Moodle&hellip;<\/p>\n","protected":false},"author":1,"featured_media":0,"parent":2651,"menu_order":2,"comment_status":"closed","ping_status":"closed","template":"","meta":{"footnotes":""},"class_list":["post-2659","page","type-page","status-publish","hentry"],"yoast_head":"<!-- This site is optimized with the Yoast SEO plugin v27.1.1 - https:\/\/yoast.com\/product\/yoast-seo-wordpress\/ -->\n<title>Des bases de quiz de maths pour Moodle au lyc\u00e9e - Maths &amp; Num\u00e9rique<\/title>\n<meta name=\"description\" content=\"Des bases de quiz de maths pour le lyc\u00e9e au format Moodle pour les 2nde, 1\u00e8re, Maths Compl\u00e9mentaires. Des milliers de questions.\" \/>\n<meta name=\"robots\" content=\"index, follow, max-snippet:-1, max-image-preview:large, max-video-preview:-1\" \/>\n<link rel=\"canonical\" href=\"https:\/\/wordpress.callac.online\/index.php\/mes-partages\/pour-le-lycee\/des-bases-de-quiz-de-maths-pour-moodle-lycee\/\" \/>\n<meta property=\"og:locale\" content=\"fr_FR\" \/>\n<meta property=\"og:type\" content=\"article\" \/>\n<meta property=\"og:title\" content=\"Des bases de quiz de maths pour Moodle au lyc\u00e9e - Maths &amp; Num\u00e9rique\" \/>\n<meta property=\"og:description\" content=\"Des bases de quiz de maths pour le lyc\u00e9e au format Moodle pour les 2nde, 1\u00e8re, Maths Compl\u00e9mentaires. Des milliers de questions.\" \/>\n<meta property=\"og:url\" content=\"https:\/\/wordpress.callac.online\/index.php\/mes-partages\/pour-le-lycee\/des-bases-de-quiz-de-maths-pour-moodle-lycee\/\" \/>\n<meta property=\"og:site_name\" content=\"Maths &amp; Num\u00e9rique\" \/>\n<meta property=\"article:modified_time\" content=\"2023-10-14T18:12:00+00:00\" \/>\n<meta name=\"twitter:card\" content=\"summary_large_image\" \/>\n<meta name=\"twitter:label1\" content=\"Dur\u00e9e de lecture estim\u00e9e\" \/>\n\t<meta name=\"twitter:data1\" content=\"1 minute\" \/>\n<script type=\"application\/ld+json\" class=\"yoast-schema-graph\">{\"@context\":\"https:\/\/schema.org\",\"@graph\":[{\"@type\":\"WebPage\",\"@id\":\"https:\/\/wordpress.callac.online\/index.php\/mes-partages\/pour-le-lycee\/des-bases-de-quiz-de-maths-pour-moodle-lycee\/\",\"url\":\"https:\/\/wordpress.callac.online\/index.php\/mes-partages\/pour-le-lycee\/des-bases-de-quiz-de-maths-pour-moodle-lycee\/\",\"name\":\"Des bases de quiz de maths pour Moodle au lyc\u00e9e - Maths &amp; Num\u00e9rique\",\"isPartOf\":{\"@id\":\"https:\/\/wordpress.callac.online\/#website\"},\"datePublished\":\"2020-07-30T14:18:12+00:00\",\"dateModified\":\"2023-10-14T18:12:00+00:00\",\"description\":\"Des bases de quiz de maths pour le lyc\u00e9e au format Moodle pour les 2nde, 1\u00e8re, Maths Compl\u00e9mentaires. Des milliers de questions.\",\"breadcrumb\":{\"@id\":\"https:\/\/wordpress.callac.online\/index.php\/mes-partages\/pour-le-lycee\/des-bases-de-quiz-de-maths-pour-moodle-lycee\/#breadcrumb\"},\"inLanguage\":\"fr-FR\",\"potentialAction\":[{\"@type\":\"ReadAction\",\"target\":[\"https:\/\/wordpress.callac.online\/index.php\/mes-partages\/pour-le-lycee\/des-bases-de-quiz-de-maths-pour-moodle-lycee\/\"]}]},{\"@type\":\"BreadcrumbList\",\"@id\":\"https:\/\/wordpress.callac.online\/index.php\/mes-partages\/pour-le-lycee\/des-bases-de-quiz-de-maths-pour-moodle-lycee\/#breadcrumb\",\"itemListElement\":[{\"@type\":\"ListItem\",\"position\":1,\"name\":\"Accueil\",\"item\":\"https:\/\/wordpress.callac.online\/\"},{\"@type\":\"ListItem\",\"position\":2,\"name\":\"Mes partages\",\"item\":\"https:\/\/wordpress.callac.online\/index.php\/mes-partages\/\"},{\"@type\":\"ListItem\",\"position\":3,\"name\":\"Pour le lyc\u00e9e\",\"item\":\"https:\/\/wordpress.callac.online\/index.php\/mes-partages\/pour-le-lycee\/\"},{\"@type\":\"ListItem\",\"position\":4,\"name\":\"Des bases de quiz de maths pour Moodle au lyc\u00e9e\"}]},{\"@type\":\"WebSite\",\"@id\":\"https:\/\/wordpress.callac.online\/#website\",\"url\":\"https:\/\/wordpress.callac.online\/\",\"name\":\"Maths & Num\u00e9rique\",\"description\":\"Des outils pour les enseignants de math\u00e9matiques et de num\u00e9rique\",\"publisher\":{\"@id\":\"https:\/\/wordpress.callac.online\/#\/schema\/person\/04061f1ca2c2c42039142a704be95940\"},\"potentialAction\":[{\"@type\":\"SearchAction\",\"target\":{\"@type\":\"EntryPoint\",\"urlTemplate\":\"https:\/\/wordpress.callac.online\/?s={search_term_string}\"},\"query-input\":{\"@type\":\"PropertyValueSpecification\",\"valueRequired\":true,\"valueName\":\"search_term_string\"}}],\"inLanguage\":\"fr-FR\"},{\"@type\":[\"Person\",\"Organization\"],\"@id\":\"https:\/\/wordpress.callac.online\/#\/schema\/person\/04061f1ca2c2c42039142a704be95940\",\"name\":\"dlefur\",\"image\":{\"@type\":\"ImageObject\",\"inLanguage\":\"fr-FR\",\"@id\":\"https:\/\/wordpress.callac.online\/#\/schema\/person\/image\/\",\"url\":\"https:\/\/secure.gravatar.com\/avatar\/4a9e17be136808c6597f28aa2b6c13126dab066fdc2198ff60090972c9b7fafc?s=96&d=mm&r=g\",\"contentUrl\":\"https:\/\/secure.gravatar.com\/avatar\/4a9e17be136808c6597f28aa2b6c13126dab066fdc2198ff60090972c9b7fafc?s=96&d=mm&r=g\",\"caption\":\"dlefur\"},\"logo\":{\"@id\":\"https:\/\/wordpress.callac.online\/#\/schema\/person\/image\/\"},\"description\":\"Enseignant de math\u00e9matiques Lyc\u00e9e Pasteur S\u00e3o Paulo\",\"sameAs\":[\"http:\/\/wordpress.callac.online\"]}]}<\/script>\n<!-- \/ Yoast SEO plugin. -->","yoast_head_json":{"title":"Des bases de quiz de maths pour Moodle au lyc\u00e9e - Maths &amp; Num\u00e9rique","description":"Des bases de quiz de maths pour le lyc\u00e9e au format Moodle pour les 2nde, 1\u00e8re, Maths Compl\u00e9mentaires. Des milliers de questions.","robots":{"index":"index","follow":"follow","max-snippet":"max-snippet:-1","max-image-preview":"max-image-preview:large","max-video-preview":"max-video-preview:-1"},"canonical":"https:\/\/wordpress.callac.online\/index.php\/mes-partages\/pour-le-lycee\/des-bases-de-quiz-de-maths-pour-moodle-lycee\/","og_locale":"fr_FR","og_type":"article","og_title":"Des bases de quiz de maths pour Moodle au lyc\u00e9e - Maths &amp; Num\u00e9rique","og_description":"Des bases de quiz de maths pour le lyc\u00e9e au format Moodle pour les 2nde, 1\u00e8re, Maths Compl\u00e9mentaires. Des milliers de questions.","og_url":"https:\/\/wordpress.callac.online\/index.php\/mes-partages\/pour-le-lycee\/des-bases-de-quiz-de-maths-pour-moodle-lycee\/","og_site_name":"Maths &amp; Num\u00e9rique","article_modified_time":"2023-10-14T18:12:00+00:00","twitter_card":"summary_large_image","twitter_misc":{"Dur\u00e9e de lecture estim\u00e9e":"1 minute"},"schema":{"@context":"https:\/\/schema.org","@graph":[{"@type":"WebPage","@id":"https:\/\/wordpress.callac.online\/index.php\/mes-partages\/pour-le-lycee\/des-bases-de-quiz-de-maths-pour-moodle-lycee\/","url":"https:\/\/wordpress.callac.online\/index.php\/mes-partages\/pour-le-lycee\/des-bases-de-quiz-de-maths-pour-moodle-lycee\/","name":"Des bases de quiz de maths pour Moodle au lyc\u00e9e - Maths &amp; Num\u00e9rique","isPartOf":{"@id":"https:\/\/wordpress.callac.online\/#website"},"datePublished":"2020-07-30T14:18:12+00:00","dateModified":"2023-10-14T18:12:00+00:00","description":"Des bases de quiz de maths pour le lyc\u00e9e au format Moodle pour les 2nde, 1\u00e8re, Maths Compl\u00e9mentaires. Des milliers de questions.","breadcrumb":{"@id":"https:\/\/wordpress.callac.online\/index.php\/mes-partages\/pour-le-lycee\/des-bases-de-quiz-de-maths-pour-moodle-lycee\/#breadcrumb"},"inLanguage":"fr-FR","potentialAction":[{"@type":"ReadAction","target":["https:\/\/wordpress.callac.online\/index.php\/mes-partages\/pour-le-lycee\/des-bases-de-quiz-de-maths-pour-moodle-lycee\/"]}]},{"@type":"BreadcrumbList","@id":"https:\/\/wordpress.callac.online\/index.php\/mes-partages\/pour-le-lycee\/des-bases-de-quiz-de-maths-pour-moodle-lycee\/#breadcrumb","itemListElement":[{"@type":"ListItem","position":1,"name":"Accueil","item":"https:\/\/wordpress.callac.online\/"},{"@type":"ListItem","position":2,"name":"Mes partages","item":"https:\/\/wordpress.callac.online\/index.php\/mes-partages\/"},{"@type":"ListItem","position":3,"name":"Pour le lyc\u00e9e","item":"https:\/\/wordpress.callac.online\/index.php\/mes-partages\/pour-le-lycee\/"},{"@type":"ListItem","position":4,"name":"Des bases de quiz de maths pour Moodle au lyc\u00e9e"}]},{"@type":"WebSite","@id":"https:\/\/wordpress.callac.online\/#website","url":"https:\/\/wordpress.callac.online\/","name":"Maths & Num\u00e9rique","description":"Des outils pour les enseignants de math\u00e9matiques et de num\u00e9rique","publisher":{"@id":"https:\/\/wordpress.callac.online\/#\/schema\/person\/04061f1ca2c2c42039142a704be95940"},"potentialAction":[{"@type":"SearchAction","target":{"@type":"EntryPoint","urlTemplate":"https:\/\/wordpress.callac.online\/?s={search_term_string}"},"query-input":{"@type":"PropertyValueSpecification","valueRequired":true,"valueName":"search_term_string"}}],"inLanguage":"fr-FR"},{"@type":["Person","Organization"],"@id":"https:\/\/wordpress.callac.online\/#\/schema\/person\/04061f1ca2c2c42039142a704be95940","name":"dlefur","image":{"@type":"ImageObject","inLanguage":"fr-FR","@id":"https:\/\/wordpress.callac.online\/#\/schema\/person\/image\/","url":"https:\/\/secure.gravatar.com\/avatar\/4a9e17be136808c6597f28aa2b6c13126dab066fdc2198ff60090972c9b7fafc?s=96&d=mm&r=g","contentUrl":"https:\/\/secure.gravatar.com\/avatar\/4a9e17be136808c6597f28aa2b6c13126dab066fdc2198ff60090972c9b7fafc?s=96&d=mm&r=g","caption":"dlefur"},"logo":{"@id":"https:\/\/wordpress.callac.online\/#\/schema\/person\/image\/"},"description":"Enseignant de math\u00e9matiques Lyc\u00e9e Pasteur S\u00e3o Paulo","sameAs":["http:\/\/wordpress.callac.online"]}]}},"_links":{"self":[{"href":"https:\/\/wordpress.callac.online\/index.php\/wp-json\/wp\/v2\/pages\/2659","targetHints":{"allow":["GET"]}}],"collection":[{"href":"https:\/\/wordpress.callac.online\/index.php\/wp-json\/wp\/v2\/pages"}],"about":[{"href":"https:\/\/wordpress.callac.online\/index.php\/wp-json\/wp\/v2\/types\/page"}],"author":[{"embeddable":true,"href":"https:\/\/wordpress.callac.online\/index.php\/wp-json\/wp\/v2\/users\/1"}],"replies":[{"embeddable":true,"href":"https:\/\/wordpress.callac.online\/index.php\/wp-json\/wp\/v2\/comments?post=2659"}],"version-history":[{"count":3,"href":"https:\/\/wordpress.callac.online\/index.php\/wp-json\/wp\/v2\/pages\/2659\/revisions"}],"predecessor-version":[{"id":3042,"href":"https:\/\/wordpress.callac.online\/index.php\/wp-json\/wp\/v2\/pages\/2659\/revisions\/3042"}],"up":[{"embeddable":true,"href":"https:\/\/wordpress.callac.online\/index.php\/wp-json\/wp\/v2\/pages\/2651"}],"wp:attachment":[{"href":"https:\/\/wordpress.callac.online\/index.php\/wp-json\/wp\/v2\/media?parent=2659"}],"curies":[{"name":"wp","href":"https:\/\/api.w.org\/{rel}","templated":true}]}}